{"id":5137,"date":"2022-06-28T21:43:59","date_gmt":"2022-06-28T14:43:59","guid":{"rendered":"https:\/\/pushclimbing.vn\/?post_type=product&#038;p=5137"},"modified":"2025-03-19T09:59:53","modified_gmt":"2025-03-19T02:59:53","slug":"trublue-speed-12-5m","status":"publish","type":"product","link":"https:\/\/pushclimbing.vn\/vi\/san-pham\/trublue-speed-12-5m\/","title":{"rendered":"TRUBLUE SPEED Auto Belay"},"content":{"rendered":"<div class=\"fusion-fullwidth fullwidth-box fusion-builder-row-1 fusion-flex-container nonhundred-percent-fullwidth non-hundred-percent-height-scrolling\" style=\"--awb-border-radius-top-left:0px;--awb-border-radius-top-right:0px;--awb-border-radius-bottom-right:0px;--awb-border-radius-bottom-left:0px;--awb-flex-wrap:wrap;\" ><div class=\"fusion-builder-row fusion-row fusion-flex-align-items-flex-start fusion-flex-content-wrap\" style=\"max-width:1216.8px;margin-left: calc(-4% \/ 2 );margin-right: calc(-4% \/ 2 );\"><div class=\"fusion-layout-column fusion_builder_column fusion-builder-column-0 fusion_builder_column_1_1 1_1 fusion-flex-column\" style=\"--awb-bg-size:cover;--awb-width-large:100%;--awb-margin-top-large:0px;--awb-spacing-right-large:1.92%;--awb-margin-bottom-large:0px;--awb-spacing-left-large:1.92%;--awb-width-medium:100%;--awb-spacing-right-medium:1.92%;--awb-spacing-left-medium:1.92%;--awb-width-small:100%;--awb-spacing-right-small:1.92%;--awb-spacing-left-small:1.92%;\"><div class=\"fusion-column-wrapper fusion-flex-justify-content-flex-start fusion-content-layout-column\"><div class=\"fusion-text fusion-text-1\"><div class=\"video-shortcode\"><iframe title=\"Our Eddy Current Magnetic Braking Technology\" width=\"1170\" height=\"658\" src=\"https:\/\/www.youtube.com\/embed\/2tsVuf9pLOE?list=PLOj0_5jSPUteCjhk5zT-mWSrd81u9Qv8E\" frameborder=\"0\" allow=\"accelerometer; autoplay; clipboard-write; encrypted-media; gyroscope; picture-in-picture; web-share\" referrerpolicy=\"strict-origin-when-cross-origin\" allowfullscreen><\/iframe><\/div>\n<p><strong>Nh\u1eefng l\u1ee3i \u00edch<\/strong><\/p>\n<ul>\n<li>C\u00f9ng H\u1ec7 Th\u1ed1ng Phanh T\u1eeb Tr\u01b0\u1eddng: \u0110\u00f3 l\u00e0 c\u00f9ng m\u1ed9t c\u00f4ng ngh\u1ec7 \u0111\u00e3 \u0111\u01b0\u1ee3c c\u1ea5p b\u1eb1ng s\u00e1ng ch\u1ebf.\u00a0<a href=\"https:\/\/headrushtech.co.uk\/about\/our-technology\/?__hstc=32419489.6ab2200570283a223d5f776ca8e3d7a7.1691730560251.1691818140405.1691820735287.7&amp;__hssc=32419489.2.1691820735287&amp;__hsfp=3540939822\">Phanh T\u1eeb Tr\u01b0\u1eddng<\/a>\u00a0m\u00e0 ng\u01b0\u1eddi leo n\u00fai y\u00eau th\u00edch v\u00ec s\u1ef1 h\u1ea1 xu\u1ed1ng nh\u1eb9 nh\u00e0ng.<\/li>\n<li>S\u1ef1 \u0111\u00e1ng tin c\u1eady kh\u00f4ng thay \u0111\u1ed5i v\u00e0 vi\u1ec7c b\u1ea3o d\u01b0\u1ee1ng \u00edt: H\u1ec7 th\u1ed1ng phanh t\u1eeb tr\u01b0\u1eddng d\u00f2ng xoay Eddy ho\u00e0n to\u00e0n kh\u00f4ng ma s\u00e1t v\u00e0 kh\u00f4ng c\u00f3 b\u1ea5t k\u1ef3 b\u1ed9 ph\u1eadn m\u00f2n n\u00e0o trong h\u1ec7 th\u1ed1ng phanh, v\u00ec v\u1eady thi\u1ebft b\u1ecb c\u1ee7a ch\u00fang t\u00f4i \u0111\u00e1ng tin c\u1eady v\u00e0 y\u00eau c\u1ea7u \u00edt c\u00f4ng b\u1ea3o d\u01b0\u1ee1ng.<\/li>\n<li>T\u1ed1c \u0111\u1ed9 thu l\u1ea1i: TRUBLUE SPEED Auto Belay thu l\u1ea1i trong 2,7 gi\u00e2y cho t\u01b0\u1eddng cao 10 m\u00e9t v\u00e0 3,5 gi\u00e2y cho t\u01b0\u1eddng cao 15 m\u00e9t, v\u01b0\u1ee3t qu\u00e1 ti\u00eau chu\u1ea9n IFSC v\u00e0 \u0111\u1ee7 nhanh cho c\u00e1c k\u1ef7 l\u1ee5c th\u1ebf gi\u1edbi hi\u1ec7n t\u1ea1i v\u00e0 t\u01b0\u01a1ng lai.<\/li>\n<li>L\u1ef1c k\u00e9o: Theo ti\u00eau chu\u1ea9n IFSC, TRUBLUE Speed Auto Belay t\u1ea1o ra l\u1ef1c k\u00e9o t\u1ed1i thi\u1ec3u l\u00ean ng\u01b0\u1eddi leo n\u00fai, v\u00ec v\u1eady k\u1ebft qu\u1ea3 l\u00e0 c\u1ee7a ri\u00eang b\u1ea1n.<\/li>\n<\/ul>\n<h4>TH\u00d4NG S\u1ed0 K\u1ef8 THU\u1eacT<\/h4>\n<ul class=\"hrt-specs\">\n<li>Kh\u1ea3 n\u0103ng t\u1ea3i tr\u1ecdng \u0111\u1ecbnh m\u1ee9c: T\u1eeb 10 \u0111\u1ebfn 136 kg (22 \u0111\u1ebfn 300 lbs).<\/li>\n<li>Tr\u1ecdng L\u01b0\u1ee3ng Thi\u1ebft B\u1ecb: 18.5 kg (41 lbs)<\/li>\n<li>Chi\u1ec1u Cao G\u1eafn L\u1eafp T\u1ed1i \u0110a: 16 m (52.8 ft)<\/li>\n<li>Chi\u1ec1u cao g\u1eafn l\u1eafp t\u1ed1i thi\u1ec3u: 7.5 m (24.6 ft)<\/li>\n<li>T\u1ed1c \u0111\u1ed9 \u0111\u00e1p xu\u1ed1ng t\u1ed1i \u0111a: 2.0 m\/s (6.6 ft\/s)<\/li>\n<li>Ph\u1ea1m vi nhi\u1ec7t \u0111\u1ed9:\n<ul>\n<li>Operating: -4\u00b0C to 60\u00b0C (25\u00b0F to 140\u00b0F)<\/li>\n<li>Operating (Dry): -10\u00b0C to 60\u00b0C (14\u00b0F to 140\u00b0F)<\/li>\n<\/ul>\n<\/li>\n<\/ul>\n<h4>TI\u00caU CHU\u1ea8N AN TO\u00c0N<\/h4>\n<p>C\u00e1c lo\u1ea1i TRUBLUE, TRUBLUE XL v\u00e0 TRUBLUE SPEED Auto Belays tu\u00e2n th\u1ee7 quy \u0111\u1ecbnh (EU) 2016\/425 v\u00e0 tu\u00e2n th\u1ee7 c\u00e1c quy \u0111\u1ecbnh an to\u00e0n hi\u1ec7n h\u00e0nh sau:<\/p>\n<ul>\n<li><strong>AS\/NZS 1891:<\/strong>\u00a0H\u1ec7 th\u1ed1ng v\u00e0 thi\u1ebft b\u1ecb ng\u0103n ng\u00e3 c\u00f4ng nghi\u1ec7p \u2013 Ph\u1ea7n 3: Thi\u1ebft b\u1ecb ng\u0103n ng\u00e3 r\u01a1i<\/li>\n<li><strong>CSA Z259.2.3-99:<\/strong>\u00a0Thi\u1ebft b\u1ecb Ki\u1ec3m so\u00e1t Th\u1ea3m Xu\u1ed1ng<\/li>\n<li><strong>EN 341: 2011 Class 1A:<\/strong>\u00a0Personal protective equipment against falls from a height \u2013 Descender devices<\/li>\n<li><strong>ANSI\/ASSE Z359.4:<\/strong>\u00a0Y\u00eau c\u1ea7u An to\u00e0n cho H\u1ec7 th\u1ed1ng C\u1ee9u h\u1ed9 v\u00e0 T\u1ef1 c\u1ee9u, C\u00e1c h\u1ec7 th\u1ed1ng con v\u00e0 c\u00e1c b\u1ed9 ph\u1eadn<\/li>\n<li><strong>EN 360:2002:<\/strong>\u00a0Thi\u1ebft b\u1ecb b\u1ea3o h\u1ed9 c\u00e1 nh\u00e2n ch\u1ed1ng ng\u00e3 t\u1eeb \u0111\u1ed9 cao \u2013 Lo\u1ea1i gi\u1eef d\u00e2y r\u00fat\n<ul>\n<li>Ph\u1ea7n 4.5: L\u1ef1c t\u1ed1i \u0111a &lt; 6kN cho kh\u1ea3 n\u0103ng ch\u1ee9a 150kg.<\/li>\n<\/ul>\n<\/li>\n<\/ul>\n<hr \/>\n<\/div><\/div><\/div><\/div><\/div>","protected":false},"excerpt":{"rendered":"<p>https:\/\/www.youtube.com\/watch?v=9hCwLhcX_x8<\/p>\n<p><strong>CONTACT US TO GET IT NOW!\u00a0<\/strong><\/p>\n<p><a href=\"https:\/\/www.youtube.com\/watch?v=NjNyabnDlwg&amp;t=5s\">Ch\u1ea1m \u0111\u1ec3 xem: T\u1ea1i sao TRUBLUE l\u00e0 l\u1ef1a ch\u1ecdn \u0111\u01b0\u1ee3c ki\u1ec3m tra nhi\u1ec1u nh\u1ea5t, tin c\u1eady nh\u1ea5t v\u00e0 \u0111\u00e1ng tin c\u1eady nh\u1ea5t?<\/a><\/p>\n<p>&nbsp;<\/p>\n<p>Thi\u1ebft b\u1ecb c\u00e0i d\u00e2y an to\u00e0n t\u1ef1 \u0111\u1ed9ng TRUBLUE SPEED c\u00f3 \u0111\u1ed9 tin c\u1eady v\u00e0 uy t\u00edn ch\u1ea5t l\u01b0\u1ee3ng t\u01b0\u01a1ng t\u1ef1 nh\u01b0 TRUBLUE nh\u01b0ng cung c\u1ea5p t\u1ed1c \u0111\u1ed9 thu d\u00e2y nhanh \u0111\u1eb7c bi\u1ec7t cho c\u00e1c cu\u1ed9c thi leo nhanh v\u00e0 hu\u1ea5n luy\u1ec7n.<\/p>\n<p>The TRUBLUE SPEED Auto Belay is based on our TRUBLUE, the most widely used and trusted auto belay in the world. Retraction speed is fast enough to outrun even the world\u2019s elite speed climbers, and our magnetic braking provides the familiar, gentle descent of a TRUBLUE.<\/p>\n<p>&nbsp;<\/p>\n<p><img decoding=\"async\" class=\"alignnone size-medium wp-image-27781\" src=\"https:\/\/pushclimbing.vn\/wp-content\/uploads\/2022\/06\/tbsd_16_11246-300x240.jpg\" alt=\"\" width=\"300\" height=\"240\" srcset=\"https:\/\/pushclimbing.vn\/wp-content\/uploads\/2022\/06\/tbsd_16_11246-15x12.jpg 15w, https:\/\/pushclimbing.vn\/wp-content\/uploads\/2022\/06\/tbsd_16_11246-177x142.jpg 177w, https:\/\/pushclimbing.vn\/wp-content\/uploads\/2022\/06\/tbsd_16_11246-200x160.jpg 200w, https:\/\/pushclimbing.vn\/wp-content\/uploads\/2022\/06\/tbsd_16_11246-300x240.jpg 300w, https:\/\/pushclimbing.vn\/wp-content\/uploads\/2022\/06\/tbsd_16_11246-400x320.jpg 400w, https:\/\/pushclimbing.vn\/wp-content\/uploads\/2022\/06\/tbsd_16_11246-600x480.jpg 600w, https:\/\/pushclimbing.vn\/wp-content\/uploads\/2022\/06\/tbsd_16_11246-700x560.jpg 700w, https:\/\/pushclimbing.vn\/wp-content\/uploads\/2022\/06\/tbsd_16_11246-768x614.jpg 768w, https:\/\/pushclimbing.vn\/wp-content\/uploads\/2022\/06\/tbsd_16_11246-800x640.jpg 800w, https:\/\/pushclimbing.vn\/wp-content\/uploads\/2022\/06\/tbsd_16_11246-1024x819.jpg 1024w, https:\/\/pushclimbing.vn\/wp-content\/uploads\/2022\/06\/tbsd_16_11246-1200x960.jpg 1200w, https:\/\/pushclimbing.vn\/wp-content\/uploads\/2022\/06\/tbsd_16_11246.jpg 1250w\" sizes=\"(max-width: 300px) 100vw, 300px\" \/><\/p>\n<p>*<a href=\"https:\/\/pushclimbing.vn\/wp-content\/uploads\/2022\/06\/trublue-speed-operation-manual.pdf\">trublue-speed-operation-manual.<\/a><\/p>\n<p>&nbsp;<\/p>","protected":false},"featured_media":27781,"comment_status":"closed","ping_status":"closed","template":"","meta":{"_acf_changed":false},"product_brand":[1012],"product_cat":[966],"product_tag":[705,717,653,724],"class_list":{"0":"post-5137","1":"product","2":"type-product","3":"status-publish","4":"has-post-thumbnail","6":"product_brand-headrush","7":"product_cat-new-arrivals","8":"product_tag-headrush","9":"product_tag-headrush-technologies","10":"product_tag-speed","11":"product_tag-speed-auto-belay","13":"first","14":"onbackorder","15":"taxable","16":"shipping-taxable","17":"product-type-variable"},"acf":[],"yoast_head":"<!-- This site is optimized with the Yoast SEO plugin v27.3 - https:\/\/yoast.com\/product\/yoast-seo-wordpress\/ -->\n<title>TRUBLUE SPEED Auto Belay - Push Climbing<\/title>\n<meta name=\"robots\" content=\"index, follow, max-snippet:-1, max-image-preview:large, max-video-preview:-1\" \/>\n<link rel=\"canonical\" href=\"https:\/\/pushclimbing.vn\/vi\/san-pham\/trublue-speed-12-5m\/\" \/>\n<meta property=\"og:locale\" content=\"vi_VN\" \/>\n<meta property=\"og:type\" content=\"article\" \/>\n<meta property=\"og:title\" content=\"TRUBLUE SPEED Auto Belay - Push Climbing\" \/>\n<meta property=\"og:description\" content=\"https:\/\/www.youtube.com\/watch?v=9hCwLhcX_x8  CONTACT US TO GET IT NOW!\u00a0  *Tap to see: Why is TRUBLUE The Most Tested, Most Trusted, and Most TRU?  &nbsp;  The TRUBLUE SPEED Auto Belay has the same reliability and quality reputation as the TRUBLUE but offers fast retraction specifically for speed climbing competitions and training.  The TRUBLUE SPEED Auto Belay is based on our TRUBLUE, the most widely used and trusted auto belay in the world. Retraction speed is fast enough to outrun even the world\u2019s elite speed climbers, and our magnetic braking provides the familiar, gentle descent of a TRUBLUE.  &nbsp;    *trublue-speed-operation-manual.  &nbsp;\" \/>\n<meta property=\"og:url\" content=\"https:\/\/pushclimbing.vn\/vi\/san-pham\/trublue-speed-12-5m\/\" \/>\n<meta property=\"og:site_name\" content=\"Push Climbing\" \/>\n<meta property=\"article:publisher\" content=\"https:\/\/www.facebook.com\/pushrockclimbing\" \/>\n<meta property=\"article:modified_time\" content=\"2025-03-19T02:59:53+00:00\" \/>\n<meta property=\"og:image\" content=\"https:\/\/pushclimbing.vn\/wp-content\/uploads\/2022\/06\/tbsd_16_11246.jpg\" \/>\n\t<meta property=\"og:image:width\" content=\"1250\" \/>\n\t<meta property=\"og:image:height\" content=\"1000\" \/>\n\t<meta property=\"og:image:type\" content=\"image\/jpeg\" \/>\n<meta name=\"twitter:card\" content=\"summary_large_image\" \/>\n<meta name=\"twitter:label1\" content=\"\u01af\u1edbc t\u00ednh th\u1eddi gian \u0111\u1ecdc\" \/>\n\t<meta name=\"twitter:data1\" content=\"2 ph\u00fat\" \/>\n<script type=\"application\/ld+json\" class=\"yoast-schema-graph\">{\"@context\":\"https:\\\/\\\/schema.org\",\"@graph\":[{\"@type\":\"WebPage\",\"@id\":\"https:\\\/\\\/pushclimbing.vn\\\/product\\\/trublue-speed-12-5m\\\/\",\"url\":\"https:\\\/\\\/pushclimbing.vn\\\/product\\\/trublue-speed-12-5m\\\/\",\"name\":\"TRUBLUE SPEED Auto Belay - Push Climbing\",\"isPartOf\":{\"@id\":\"https:\\\/\\\/pushclimbing.vn\\\/#website\"},\"primaryImageOfPage\":{\"@id\":\"https:\\\/\\\/pushclimbing.vn\\\/product\\\/trublue-speed-12-5m\\\/#primaryimage\"},\"image\":{\"@id\":\"https:\\\/\\\/pushclimbing.vn\\\/product\\\/trublue-speed-12-5m\\\/#primaryimage\"},\"thumbnailUrl\":\"https:\\\/\\\/pushclimbing.vn\\\/wp-content\\\/uploads\\\/2022\\\/06\\\/tbsd_16_11246.jpg\",\"datePublished\":\"2022-06-28T14:43:59+00:00\",\"dateModified\":\"2025-03-19T02:59:53+00:00\",\"breadcrumb\":{\"@id\":\"https:\\\/\\\/pushclimbing.vn\\\/product\\\/trublue-speed-12-5m\\\/#breadcrumb\"},\"inLanguage\":\"vi\",\"potentialAction\":[{\"@type\":\"ReadAction\",\"target\":[\"https:\\\/\\\/pushclimbing.vn\\\/product\\\/trublue-speed-12-5m\\\/\"]}]},{\"@type\":\"ImageObject\",\"inLanguage\":\"vi\",\"@id\":\"https:\\\/\\\/pushclimbing.vn\\\/product\\\/trublue-speed-12-5m\\\/#primaryimage\",\"url\":\"https:\\\/\\\/pushclimbing.vn\\\/wp-content\\\/uploads\\\/2022\\\/06\\\/tbsd_16_11246.jpg\",\"contentUrl\":\"https:\\\/\\\/pushclimbing.vn\\\/wp-content\\\/uploads\\\/2022\\\/06\\\/tbsd_16_11246.jpg\",\"width\":1250,\"height\":1000},{\"@type\":\"BreadcrumbList\",\"@id\":\"https:\\\/\\\/pushclimbing.vn\\\/product\\\/trublue-speed-12-5m\\\/#breadcrumb\",\"itemListElement\":[{\"@type\":\"ListItem\",\"position\":1,\"name\":\"Home\",\"item\":\"https:\\\/\\\/pushclimbing.vn\\\/\"},{\"@type\":\"ListItem\",\"position\":2,\"name\":\"Shop\",\"item\":\"https:\\\/\\\/pushclimbing.vn\\\/shop\\\/\"},{\"@type\":\"ListItem\",\"position\":3,\"name\":\"TRUBLUE SPEED Auto Belay\"}]},{\"@type\":\"WebSite\",\"@id\":\"https:\\\/\\\/pushclimbing.vn\\\/#website\",\"url\":\"https:\\\/\\\/pushclimbing.vn\\\/\",\"name\":\"Push Climbing\",\"description\":\"Conquer Your Mountain\",\"publisher\":{\"@id\":\"https:\\\/\\\/pushclimbing.vn\\\/#organization\"},\"potentialAction\":[{\"@type\":\"SearchAction\",\"target\":{\"@type\":\"EntryPoint\",\"urlTemplate\":\"https:\\\/\\\/pushclimbing.vn\\\/?s={search_term_string}\"},\"query-input\":{\"@type\":\"PropertyValueSpecification\",\"valueRequired\":true,\"valueName\":\"search_term_string\"}}],\"inLanguage\":\"vi\"},{\"@type\":\"Organization\",\"@id\":\"https:\\\/\\\/pushclimbing.vn\\\/#organization\",\"name\":\"Push Climbing\",\"url\":\"https:\\\/\\\/pushclimbing.vn\\\/\",\"logo\":{\"@type\":\"ImageObject\",\"inLanguage\":\"vi\",\"@id\":\"https:\\\/\\\/pushclimbing.vn\\\/#\\\/schema\\\/logo\\\/image\\\/\",\"url\":\"https:\\\/\\\/pushclimbing.vn\\\/wp-content\\\/uploads\\\/2022\\\/07\\\/push-logo-canvas.png\",\"contentUrl\":\"https:\\\/\\\/pushclimbing.vn\\\/wp-content\\\/uploads\\\/2022\\\/07\\\/push-logo-canvas.png\",\"width\":400,\"height\":400,\"caption\":\"Push Climbing\"},\"image\":{\"@id\":\"https:\\\/\\\/pushclimbing.vn\\\/#\\\/schema\\\/logo\\\/image\\\/\"},\"sameAs\":[\"https:\\\/\\\/www.facebook.com\\\/pushrockclimbing\"]}]}<\/script>\n<!-- \/ Yoast SEO plugin. -->","yoast_head_json":{"title":"TRUBLUE SPEED Auto Belay - Push Climbing","robots":{"index":"index","follow":"follow","max-snippet":"max-snippet:-1","max-image-preview":"max-image-preview:large","max-video-preview":"max-video-preview:-1"},"canonical":"https:\/\/pushclimbing.vn\/vi\/san-pham\/trublue-speed-12-5m\/","og_locale":"vi_VN","og_type":"article","og_title":"TRUBLUE SPEED Auto Belay - Push Climbing","og_description":"https:\/\/www.youtube.com\/watch?v=9hCwLhcX_x8  CONTACT US TO GET IT NOW!\u00a0  *Tap to see: Why is TRUBLUE The Most Tested, Most Trusted, and Most TRU?  &nbsp;  The TRUBLUE SPEED Auto Belay has the same reliability and quality reputation as the TRUBLUE but offers fast retraction specifically for speed climbing competitions and training.  The TRUBLUE SPEED Auto Belay is based on our TRUBLUE, the most widely used and trusted auto belay in the world. Retraction speed is fast enough to outrun even the world\u2019s elite speed climbers, and our magnetic braking provides the familiar, gentle descent of a TRUBLUE.  &nbsp;    *trublue-speed-operation-manual.  &nbsp;","og_url":"https:\/\/pushclimbing.vn\/vi\/san-pham\/trublue-speed-12-5m\/","og_site_name":"Push Climbing","article_publisher":"https:\/\/www.facebook.com\/pushrockclimbing","article_modified_time":"2025-03-19T02:59:53+00:00","og_image":[{"width":1250,"height":1000,"url":"https:\/\/pushclimbing.vn\/wp-content\/uploads\/2022\/06\/tbsd_16_11246.jpg","type":"image\/jpeg"}],"twitter_card":"summary_large_image","twitter_misc":{"\u01af\u1edbc t\u00ednh th\u1eddi gian \u0111\u1ecdc":"2 ph\u00fat"},"schema":{"@context":"https:\/\/schema.org","@graph":[{"@type":"WebPage","@id":"https:\/\/pushclimbing.vn\/product\/trublue-speed-12-5m\/","url":"https:\/\/pushclimbing.vn\/product\/trublue-speed-12-5m\/","name":"TRUBLUE SPEED Auto Belay - Push Climbing","isPartOf":{"@id":"https:\/\/pushclimbing.vn\/#website"},"primaryImageOfPage":{"@id":"https:\/\/pushclimbing.vn\/product\/trublue-speed-12-5m\/#primaryimage"},"image":{"@id":"https:\/\/pushclimbing.vn\/product\/trublue-speed-12-5m\/#primaryimage"},"thumbnailUrl":"https:\/\/pushclimbing.vn\/wp-content\/uploads\/2022\/06\/tbsd_16_11246.jpg","datePublished":"2022-06-28T14:43:59+00:00","dateModified":"2025-03-19T02:59:53+00:00","breadcrumb":{"@id":"https:\/\/pushclimbing.vn\/product\/trublue-speed-12-5m\/#breadcrumb"},"inLanguage":"vi","potentialAction":[{"@type":"ReadAction","target":["https:\/\/pushclimbing.vn\/product\/trublue-speed-12-5m\/"]}]},{"@type":"ImageObject","inLanguage":"vi","@id":"https:\/\/pushclimbing.vn\/product\/trublue-speed-12-5m\/#primaryimage","url":"https:\/\/pushclimbing.vn\/wp-content\/uploads\/2022\/06\/tbsd_16_11246.jpg","contentUrl":"https:\/\/pushclimbing.vn\/wp-content\/uploads\/2022\/06\/tbsd_16_11246.jpg","width":1250,"height":1000},{"@type":"BreadcrumbList","@id":"https:\/\/pushclimbing.vn\/product\/trublue-speed-12-5m\/#breadcrumb","itemListElement":[{"@type":"ListItem","position":1,"name":"Home","item":"https:\/\/pushclimbing.vn\/"},{"@type":"ListItem","position":2,"name":"Shop","item":"https:\/\/pushclimbing.vn\/shop\/"},{"@type":"ListItem","position":3,"name":"TRUBLUE SPEED Auto Belay"}]},{"@type":"WebSite","@id":"https:\/\/pushclimbing.vn\/#website","url":"https:\/\/pushclimbing.vn\/","name":"Push Climbing","description":"Conquer Your Mountain","publisher":{"@id":"https:\/\/pushclimbing.vn\/#organization"},"potentialAction":[{"@type":"SearchAction","target":{"@type":"EntryPoint","urlTemplate":"https:\/\/pushclimbing.vn\/?s={search_term_string}"},"query-input":{"@type":"PropertyValueSpecification","valueRequired":true,"valueName":"search_term_string"}}],"inLanguage":"vi"},{"@type":"Organization","@id":"https:\/\/pushclimbing.vn\/#organization","name":"Push Climbing","url":"https:\/\/pushclimbing.vn\/","logo":{"@type":"ImageObject","inLanguage":"vi","@id":"https:\/\/pushclimbing.vn\/#\/schema\/logo\/image\/","url":"https:\/\/pushclimbing.vn\/wp-content\/uploads\/2022\/07\/push-logo-canvas.png","contentUrl":"https:\/\/pushclimbing.vn\/wp-content\/uploads\/2022\/07\/push-logo-canvas.png","width":400,"height":400,"caption":"Push Climbing"},"image":{"@id":"https:\/\/pushclimbing.vn\/#\/schema\/logo\/image\/"},"sameAs":["https:\/\/www.facebook.com\/pushrockclimbing"]}]}},"_links":{"self":[{"href":"https:\/\/pushclimbing.vn\/vi\/wp-json\/wp\/v2\/product\/5137","targetHints":{"allow":["GET"]}}],"collection":[{"href":"https:\/\/pushclimbing.vn\/vi\/wp-json\/wp\/v2\/product"}],"about":[{"href":"https:\/\/pushclimbing.vn\/vi\/wp-json\/wp\/v2\/types\/product"}],"replies":[{"embeddable":true,"href":"https:\/\/pushclimbing.vn\/vi\/wp-json\/wp\/v2\/comments?post=5137"}],"wp:featuredmedia":[{"embeddable":true,"href":"https:\/\/pushclimbing.vn\/vi\/wp-json\/wp\/v2\/media\/27781"}],"wp:attachment":[{"href":"https:\/\/pushclimbing.vn\/vi\/wp-json\/wp\/v2\/media?parent=5137"}],"wp:term":[{"taxonomy":"product_brand","embeddable":true,"href":"https:\/\/pushclimbing.vn\/vi\/wp-json\/wp\/v2\/product_brand?post=5137"},{"taxonomy":"product_cat","embeddable":true,"href":"https:\/\/pushclimbing.vn\/vi\/wp-json\/wp\/v2\/product_cat?post=5137"},{"taxonomy":"product_tag","embeddable":true,"href":"https:\/\/pushclimbing.vn\/vi\/wp-json\/wp\/v2\/product_tag?post=5137"}],"curies":[{"name":"wp","href":"https:\/\/api.w.org\/{rel}","templated":true}]}}