{"id":5085,"date":"2022-06-28T21:43:37","date_gmt":"2022-06-28T14:43:37","guid":{"rendered":"https:\/\/pushclimbing.vn\/?post_type=product&#038;p=5085"},"modified":"2025-03-19T10:00:01","modified_gmt":"2025-03-19T03:00:01","slug":"mad-rock-duo-pad","status":"publish","type":"product","link":"https:\/\/pushclimbing.vn\/vi\/san-pham\/mad-rock-duo-pad\/","title":{"rendered":"Mad Rock Duo Pad"},"content":{"rendered":"<div class=\"fusion-fullwidth fullwidth-box fusion-builder-row-1 fusion-flex-container nonhundred-percent-fullwidth non-hundred-percent-height-scrolling\" style=\"--awb-border-radius-top-left:0px;--awb-border-radius-top-right:0px;--awb-border-radius-bottom-right:0px;--awb-border-radius-bottom-left:0px;--awb-flex-wrap:wrap;\" ><div class=\"fusion-builder-row fusion-row fusion-flex-align-items-flex-start fusion-flex-content-wrap\" style=\"max-width:1216.8px;margin-left: calc(-4% \/ 2 );margin-right: calc(-4% \/ 2 );\"><div class=\"fusion-layout-column fusion_builder_column fusion-builder-column-0 fusion_builder_column_1_1 1_1 fusion-flex-column\" style=\"--awb-bg-size:cover;--awb-width-large:100%;--awb-margin-top-large:0px;--awb-spacing-right-large:1.92%;--awb-margin-bottom-large:0px;--awb-spacing-left-large:1.92%;--awb-width-medium:100%;--awb-spacing-right-medium:1.92%;--awb-spacing-left-medium:1.92%;--awb-width-small:100%;--awb-spacing-right-small:1.92%;--awb-spacing-left-small:1.92%;\"><div class=\"fusion-column-wrapper fusion-flex-justify-content-flex-start fusion-content-layout-column\"><div class=\"fusion-text fusion-text-1\"><div>\n<p><strong>Mad Rock Duo Pad &#8211;\u00a0<\/strong><strong>M\u00f4 T\u1ea3 K\u1ef9 Thu\u1eadt<\/strong><\/p>\n<p>K\u00edch th\u01b0\u1edbc M\u1edf: 56\u2033 x 42\u2033 x 5\u2033<\/p>\n<p>Tr\u1ecdng l\u01b0\u1ee3ng: 17 lbs<\/p>\n<p><a href=\"https:\/\/www.outdoorgearlab.com\/reviews\/climbing\/bouldering-crash-pad\/mad-rock-duo\" target=\"_blank\" rel=\"noopener noreferrer\"><img class=\"lazyload\" decoding=\"async\" src=\"data:image\/gif;base64,R0lGODlhAQABAAAAACH5BAEKAAEALAAAAAABAAEAAAICTAEAOw==\" data-orig-src=\"https:\/\/cdn.shopify.com\/s\/files\/1\/0272\/5951\/files\/editors-choice_46x107_bd00c403-bed6-4239-aacd-381dd68fb86c_large.png?v=1563830011\" alt=\"\" \/><\/a><\/p>\n<p><strong>**\u0110\u1ec7m kh\u00f4ng \u00e1p d\u1ee5ng cho vi\u1ec7c v\u1eadn chuy\u1ec3n qua \u0111\u00eam. \u0110\u1ec3 \u0111\u1ea3m b\u1ea3o kh\u1ea3 n\u0103ng cung c\u1ea5p gi\u00e1 v\u1eadn chuy\u1ec3n c\u1ed1 \u0111\u1ecbnh, ch\u00fang t\u00f4i kh\u00f4ng ch\u1ea5p nh\u1eadn \u0111\u1ed5i tr\u1ea3 h\u00e0ng.**<\/strong><\/p>\n<\/div>\n<\/div><\/div><\/div><\/div><\/div>","protected":false},"excerpt":{"rendered":"<p>https:\/\/www.youtube.com\/watch?v=lJSlrJ27V_M<\/p>\n<p><strong>B\u1ed9 \u0111eo cao c\u1ea5p<\/strong><\/p>\n<p>Lo\u1ea1i b\u1ecf nh\u1eefng d\u00e2y \u0111eo v\u00e0 d\u00e2y th\u1eebng c\u1ed3ng k\u1ec1nh \u0111\u1ec3 g\u1eafn th\u00eam m\u1ed9t t\u1ea5m \u0111\u1ec7m kh\u00e1c \u0111\u1ec3 mang theo. L\u1edbp bao ph\u00eda sau \u0111\u01b0\u1ee3c t\u00edch h\u1ee3p d\u1ec5 d\u00e0ng mang theo m\u1ed9t t\u1ea5m \u0111\u1ec7m kh\u00e1c ph\u00eda sau v\u00e0 tr\u1edf th\u00e0nh l\u1edbp b\u1ea3o v\u1ec7 khi t\u1ea5m \u0111\u1ec7m \u0111\u01b0\u1ee3c s\u1eed d\u1ee5ng. \u0110\u1ec3 \u0111\u1ed1i ph\u00f3 v\u1edbi tr\u1ecdng l\u01b0\u1ee3ng th\u00eam v\u00e0o h\u1ec7 th\u1ed1ng, ch\u00fang t\u00f4i \u0111\u00e3 x\u00e2y d\u1ef1ng t\u1ea5m \u0111\u1ec7m v\u1edbi h\u1ec7 th\u1ed1ng treo m\u1ea1nh m\u1ebd c\u00f3 l\u1edbp EVA \u0111\u00fac m\u1ec1m. \u0110\u01b0\u1ee3c trang b\u1ecb nh\u1eefng t\u00ednh n\u0103ng cao c\u1ea5p kh\u00e1c nh\u01b0 m\u1ed9t \u201cwelcome mat\u201d, ng\u0103n \u0111\u1ef1ng chai n\u01b0\u1edbc, d\u00e2y k\u00e9o n\u00e2ng t\u1ea3i v\u00e0 t\u00fai \u0111\u1ef1ng d\u00e2y th\u1eebng d\u01b0 th\u1eeba.<\/p>\n<p>&nbsp;<\/p>","protected":false},"featured_media":27658,"comment_status":"open","ping_status":"closed","template":"","meta":{"_acf_changed":false},"product_brand":[1007],"product_cat":[966],"product_tag":[34,22],"class_list":{"0":"post-5085","1":"product","2":"type-product","3":"status-publish","4":"has-post-thumbnail","6":"product_brand-madrock","7":"product_cat-new-arrivals","8":"product_tag-crash-pad","9":"product_tag-mad-rock","11":"first","12":"onbackorder","13":"taxable","14":"shipping-taxable","15":"product-type-simple"},"acf":[],"yoast_head":"<!-- This site is optimized with the Yoast SEO plugin v27.3 - https:\/\/yoast.com\/product\/yoast-seo-wordpress\/ -->\n<title>Mad Rock Duo Pad - Push Climbing<\/title>\n<meta name=\"robots\" content=\"index, follow, max-snippet:-1, max-image-preview:large, max-video-preview:-1\" \/>\n<link rel=\"canonical\" href=\"https:\/\/pushclimbing.vn\/vi\/san-pham\/mad-rock-duo-pad\/\" \/>\n<meta property=\"og:locale\" content=\"vi_VN\" \/>\n<meta property=\"og:type\" content=\"article\" \/>\n<meta property=\"og:title\" content=\"Mad Rock Duo Pad - Push Climbing\" \/>\n<meta property=\"og:description\" content=\"https:\/\/www.youtube.com\/watch?v=lJSlrJ27V_M  Premium Carrier  Do away with those clunky straps and ropes to attach another pad for carrying. The built in carrier flap easily carries another pad behind it and becomes the protector flap when the pad is in use. In anticipation of the added weight to the system, we\u2019ve constructed the pad with a robust suspension system that boasts soft molded EVA. Comes with other premium features such as a welcome mat, water bottle holder, load lifters and the excess strap pouch.  &nbsp;\" \/>\n<meta property=\"og:url\" content=\"https:\/\/pushclimbing.vn\/vi\/san-pham\/mad-rock-duo-pad\/\" \/>\n<meta property=\"og:site_name\" content=\"Push Climbing\" \/>\n<meta property=\"article:publisher\" content=\"https:\/\/www.facebook.com\/pushrockclimbing\" \/>\n<meta property=\"article:modified_time\" content=\"2025-03-19T03:00:01+00:00\" \/>\n<meta property=\"og:image\" content=\"https:\/\/pushclimbing.vn\/wp-content\/uploads\/2022\/06\/duo-1.jpg\" \/>\n\t<meta property=\"og:image:width\" content=\"540\" \/>\n\t<meta property=\"og:image:height\" content=\"540\" \/>\n\t<meta property=\"og:image:type\" content=\"image\/jpeg\" \/>\n<meta name=\"twitter:card\" content=\"summary_large_image\" \/>\n<meta name=\"twitter:label1\" content=\"\u01af\u1edbc t\u00ednh th\u1eddi gian \u0111\u1ecdc\" \/>\n\t<meta name=\"twitter:data1\" content=\"1 ph\u00fat\" \/>\n<script type=\"application\/ld+json\" class=\"yoast-schema-graph\">{\"@context\":\"https:\\\/\\\/schema.org\",\"@graph\":[{\"@type\":\"WebPage\",\"@id\":\"https:\\\/\\\/pushclimbing.vn\\\/product\\\/mad-rock-duo-pad\\\/\",\"url\":\"https:\\\/\\\/pushclimbing.vn\\\/product\\\/mad-rock-duo-pad\\\/\",\"name\":\"Mad Rock Duo Pad - Push Climbing\",\"isPartOf\":{\"@id\":\"https:\\\/\\\/pushclimbing.vn\\\/#website\"},\"primaryImageOfPage\":{\"@id\":\"https:\\\/\\\/pushclimbing.vn\\\/product\\\/mad-rock-duo-pad\\\/#primaryimage\"},\"image\":{\"@id\":\"https:\\\/\\\/pushclimbing.vn\\\/product\\\/mad-rock-duo-pad\\\/#primaryimage\"},\"thumbnailUrl\":\"https:\\\/\\\/pushclimbing.vn\\\/wp-content\\\/uploads\\\/2022\\\/06\\\/duo-1.jpg\",\"datePublished\":\"2022-06-28T14:43:37+00:00\",\"dateModified\":\"2025-03-19T03:00:01+00:00\",\"breadcrumb\":{\"@id\":\"https:\\\/\\\/pushclimbing.vn\\\/product\\\/mad-rock-duo-pad\\\/#breadcrumb\"},\"inLanguage\":\"vi\",\"potentialAction\":[{\"@type\":\"ReadAction\",\"target\":[\"https:\\\/\\\/pushclimbing.vn\\\/product\\\/mad-rock-duo-pad\\\/\"]}]},{\"@type\":\"ImageObject\",\"inLanguage\":\"vi\",\"@id\":\"https:\\\/\\\/pushclimbing.vn\\\/product\\\/mad-rock-duo-pad\\\/#primaryimage\",\"url\":\"https:\\\/\\\/pushclimbing.vn\\\/wp-content\\\/uploads\\\/2022\\\/06\\\/duo-1.jpg\",\"contentUrl\":\"https:\\\/\\\/pushclimbing.vn\\\/wp-content\\\/uploads\\\/2022\\\/06\\\/duo-1.jpg\",\"width\":540,\"height\":540},{\"@type\":\"BreadcrumbList\",\"@id\":\"https:\\\/\\\/pushclimbing.vn\\\/product\\\/mad-rock-duo-pad\\\/#breadcrumb\",\"itemListElement\":[{\"@type\":\"ListItem\",\"position\":1,\"name\":\"Home\",\"item\":\"https:\\\/\\\/pushclimbing.vn\\\/\"},{\"@type\":\"ListItem\",\"position\":2,\"name\":\"Shop\",\"item\":\"https:\\\/\\\/pushclimbing.vn\\\/shop\\\/\"},{\"@type\":\"ListItem\",\"position\":3,\"name\":\"Mad Rock Duo Pad\"}]},{\"@type\":\"WebSite\",\"@id\":\"https:\\\/\\\/pushclimbing.vn\\\/#website\",\"url\":\"https:\\\/\\\/pushclimbing.vn\\\/\",\"name\":\"Push Climbing\",\"description\":\"Conquer Your Mountain\",\"publisher\":{\"@id\":\"https:\\\/\\\/pushclimbing.vn\\\/#organization\"},\"potentialAction\":[{\"@type\":\"SearchAction\",\"target\":{\"@type\":\"EntryPoint\",\"urlTemplate\":\"https:\\\/\\\/pushclimbing.vn\\\/?s={search_term_string}\"},\"query-input\":{\"@type\":\"PropertyValueSpecification\",\"valueRequired\":true,\"valueName\":\"search_term_string\"}}],\"inLanguage\":\"vi\"},{\"@type\":\"Organization\",\"@id\":\"https:\\\/\\\/pushclimbing.vn\\\/#organization\",\"name\":\"Push Climbing\",\"url\":\"https:\\\/\\\/pushclimbing.vn\\\/\",\"logo\":{\"@type\":\"ImageObject\",\"inLanguage\":\"vi\",\"@id\":\"https:\\\/\\\/pushclimbing.vn\\\/#\\\/schema\\\/logo\\\/image\\\/\",\"url\":\"https:\\\/\\\/pushclimbing.vn\\\/wp-content\\\/uploads\\\/2022\\\/07\\\/push-logo-canvas.png\",\"contentUrl\":\"https:\\\/\\\/pushclimbing.vn\\\/wp-content\\\/uploads\\\/2022\\\/07\\\/push-logo-canvas.png\",\"width\":400,\"height\":400,\"caption\":\"Push Climbing\"},\"image\":{\"@id\":\"https:\\\/\\\/pushclimbing.vn\\\/#\\\/schema\\\/logo\\\/image\\\/\"},\"sameAs\":[\"https:\\\/\\\/www.facebook.com\\\/pushrockclimbing\"]}]}<\/script>\n<!-- \/ Yoast SEO plugin. -->","yoast_head_json":{"title":"Mad Rock Duo Pad - Push Climbing","robots":{"index":"index","follow":"follow","max-snippet":"max-snippet:-1","max-image-preview":"max-image-preview:large","max-video-preview":"max-video-preview:-1"},"canonical":"https:\/\/pushclimbing.vn\/vi\/san-pham\/mad-rock-duo-pad\/","og_locale":"vi_VN","og_type":"article","og_title":"Mad Rock Duo Pad - Push Climbing","og_description":"https:\/\/www.youtube.com\/watch?v=lJSlrJ27V_M  Premium Carrier  Do away with those clunky straps and ropes to attach another pad for carrying. The built in carrier flap easily carries another pad behind it and becomes the protector flap when the pad is in use. In anticipation of the added weight to the system, we\u2019ve constructed the pad with a robust suspension system that boasts soft molded EVA. Comes with other premium features such as a welcome mat, water bottle holder, load lifters and the excess strap pouch.  &nbsp;","og_url":"https:\/\/pushclimbing.vn\/vi\/san-pham\/mad-rock-duo-pad\/","og_site_name":"Push Climbing","article_publisher":"https:\/\/www.facebook.com\/pushrockclimbing","article_modified_time":"2025-03-19T03:00:01+00:00","og_image":[{"width":540,"height":540,"url":"https:\/\/pushclimbing.vn\/wp-content\/uploads\/2022\/06\/duo-1.jpg","type":"image\/jpeg"}],"twitter_card":"summary_large_image","twitter_misc":{"\u01af\u1edbc t\u00ednh th\u1eddi gian \u0111\u1ecdc":"1 ph\u00fat"},"schema":{"@context":"https:\/\/schema.org","@graph":[{"@type":"WebPage","@id":"https:\/\/pushclimbing.vn\/product\/mad-rock-duo-pad\/","url":"https:\/\/pushclimbing.vn\/product\/mad-rock-duo-pad\/","name":"Mad Rock Duo Pad - Push Climbing","isPartOf":{"@id":"https:\/\/pushclimbing.vn\/#website"},"primaryImageOfPage":{"@id":"https:\/\/pushclimbing.vn\/product\/mad-rock-duo-pad\/#primaryimage"},"image":{"@id":"https:\/\/pushclimbing.vn\/product\/mad-rock-duo-pad\/#primaryimage"},"thumbnailUrl":"https:\/\/pushclimbing.vn\/wp-content\/uploads\/2022\/06\/duo-1.jpg","datePublished":"2022-06-28T14:43:37+00:00","dateModified":"2025-03-19T03:00:01+00:00","breadcrumb":{"@id":"https:\/\/pushclimbing.vn\/product\/mad-rock-duo-pad\/#breadcrumb"},"inLanguage":"vi","potentialAction":[{"@type":"ReadAction","target":["https:\/\/pushclimbing.vn\/product\/mad-rock-duo-pad\/"]}]},{"@type":"ImageObject","inLanguage":"vi","@id":"https:\/\/pushclimbing.vn\/product\/mad-rock-duo-pad\/#primaryimage","url":"https:\/\/pushclimbing.vn\/wp-content\/uploads\/2022\/06\/duo-1.jpg","contentUrl":"https:\/\/pushclimbing.vn\/wp-content\/uploads\/2022\/06\/duo-1.jpg","width":540,"height":540},{"@type":"BreadcrumbList","@id":"https:\/\/pushclimbing.vn\/product\/mad-rock-duo-pad\/#breadcrumb","itemListElement":[{"@type":"ListItem","position":1,"name":"Home","item":"https:\/\/pushclimbing.vn\/"},{"@type":"ListItem","position":2,"name":"Shop","item":"https:\/\/pushclimbing.vn\/shop\/"},{"@type":"ListItem","position":3,"name":"Mad Rock Duo Pad"}]},{"@type":"WebSite","@id":"https:\/\/pushclimbing.vn\/#website","url":"https:\/\/pushclimbing.vn\/","name":"Push Climbing","description":"Conquer Your Mountain","publisher":{"@id":"https:\/\/pushclimbing.vn\/#organization"},"potentialAction":[{"@type":"SearchAction","target":{"@type":"EntryPoint","urlTemplate":"https:\/\/pushclimbing.vn\/?s={search_term_string}"},"query-input":{"@type":"PropertyValueSpecification","valueRequired":true,"valueName":"search_term_string"}}],"inLanguage":"vi"},{"@type":"Organization","@id":"https:\/\/pushclimbing.vn\/#organization","name":"Push Climbing","url":"https:\/\/pushclimbing.vn\/","logo":{"@type":"ImageObject","inLanguage":"vi","@id":"https:\/\/pushclimbing.vn\/#\/schema\/logo\/image\/","url":"https:\/\/pushclimbing.vn\/wp-content\/uploads\/2022\/07\/push-logo-canvas.png","contentUrl":"https:\/\/pushclimbing.vn\/wp-content\/uploads\/2022\/07\/push-logo-canvas.png","width":400,"height":400,"caption":"Push Climbing"},"image":{"@id":"https:\/\/pushclimbing.vn\/#\/schema\/logo\/image\/"},"sameAs":["https:\/\/www.facebook.com\/pushrockclimbing"]}]}},"_links":{"self":[{"href":"https:\/\/pushclimbing.vn\/vi\/wp-json\/wp\/v2\/product\/5085","targetHints":{"allow":["GET"]}}],"collection":[{"href":"https:\/\/pushclimbing.vn\/vi\/wp-json\/wp\/v2\/product"}],"about":[{"href":"https:\/\/pushclimbing.vn\/vi\/wp-json\/wp\/v2\/types\/product"}],"replies":[{"embeddable":true,"href":"https:\/\/pushclimbing.vn\/vi\/wp-json\/wp\/v2\/comments?post=5085"}],"wp:featuredmedia":[{"embeddable":true,"href":"https:\/\/pushclimbing.vn\/vi\/wp-json\/wp\/v2\/media\/27658"}],"wp:attachment":[{"href":"https:\/\/pushclimbing.vn\/vi\/wp-json\/wp\/v2\/media?parent=5085"}],"wp:term":[{"taxonomy":"product_brand","embeddable":true,"href":"https:\/\/pushclimbing.vn\/vi\/wp-json\/wp\/v2\/product_brand?post=5085"},{"taxonomy":"product_cat","embeddable":true,"href":"https:\/\/pushclimbing.vn\/vi\/wp-json\/wp\/v2\/product_cat?post=5085"},{"taxonomy":"product_tag","embeddable":true,"href":"https:\/\/pushclimbing.vn\/vi\/wp-json\/wp\/v2\/product_tag?post=5085"}],"curies":[{"name":"wp","href":"https:\/\/api.w.org\/{rel}","templated":true}]}}