{"id":4963,"date":"2022-06-28T21:42:30","date_gmt":"2022-06-28T14:42:30","guid":{"rendered":"https:\/\/pushclimbing.vn\/?post_type=product&#038;p=4963"},"modified":"2025-03-20T10:36:21","modified_gmt":"2025-03-20T03:36:21","slug":"mad-rock-redline-strap","status":"publish","type":"product","link":"https:\/\/pushclimbing.vn\/vi\/san-pham\/mad-rock-redline-strap\/","title":{"rendered":"Mad Rock RedLine Strap"},"content":{"rendered":"<div class=\"fusion-fullwidth fullwidth-box fusion-builder-row-1 fusion-flex-container nonhundred-percent-fullwidth non-hundred-percent-height-scrolling\" style=\"--awb-border-radius-top-left:0px;--awb-border-radius-top-right:0px;--awb-border-radius-bottom-right:0px;--awb-border-radius-bottom-left:0px;--awb-flex-wrap:wrap;\" ><div class=\"fusion-builder-row fusion-row fusion-flex-align-items-flex-start fusion-flex-content-wrap\" style=\"max-width:1216.8px;margin-left: calc(-4% \/ 2 );margin-right: calc(-4% \/ 2 );\"><div class=\"fusion-layout-column fusion_builder_column fusion-builder-column-0 fusion_builder_column_1_1 1_1 fusion-flex-column\" style=\"--awb-bg-size:cover;--awb-width-large:100%;--awb-margin-top-large:0px;--awb-spacing-right-large:1.92%;--awb-margin-bottom-large:0px;--awb-spacing-left-large:1.92%;--awb-width-medium:100%;--awb-spacing-right-medium:1.92%;--awb-spacing-left-medium:1.92%;--awb-width-small:100%;--awb-spacing-right-small:1.92%;--awb-spacing-left-small:1.92%;\"><div class=\"fusion-column-wrapper fusion-flex-justify-content-flex-start fusion-content-layout-column\"><div class=\"fusion-text fusion-text-1\"><div class=\"video-shortcode\"><iframe title=\"RedLine Strap with Wes Miraglio\" width=\"1170\" height=\"658\" src=\"https:\/\/www.youtube.com\/embed\/nBckQPSmt3o?feature=oembed\" frameborder=\"0\" allow=\"accelerometer; autoplay; clipboard-write; encrypted-media; gyroscope; picture-in-picture; web-share\" referrerpolicy=\"strict-origin-when-cross-origin\" allowfullscreen><\/iframe><\/div>\n<p><strong>Description<\/strong><\/p>\n<div id=\"ui-accordion-accordion-parent-panel-0\" class=\"product-details-accordion__container qa-buybox-details-section ui-accordion-content ui-helper-reset ui-widget-content ui-corner-bottom ui-accordion-content-active\" role=\"tabpanel\" aria-labelledby=\"ui-accordion-accordion-parent-header-0\" aria-hidden=\"false\">\n<div id=\"js-bulletpoints-section\">\n<div id=\"ui-accordion-accordion-parent-panel-1\" class=\"product-details-accordion__container ui-accordion-content ui-helper-reset ui-widget-content ui-corner-bottom ui-accordion-content-active\" role=\"tabpanel\" aria-labelledby=\"ui-accordion-accordion-parent-header-1\" aria-hidden=\"false\">\n<div class=\"table product-details-accordion__techspecs-container\">\n<div class=\"tr js-techspec-row\">\n<ul>\n<li>Downturned and twisted profile for power and precision<\/li>\n<li>Stretchy and breathable tongue<\/li>\n<li>Clutch Heel strap to control heel tension<\/li>\n<li>Molded Power Upper with negative texture for durability and friction<\/li>\n<li>Science Friction 3.0 rubber sole<\/li>\n<li>Vegan-Friendly<\/li>\n<\/ul>\n<p><strong>Technical Details<\/strong><\/p>\n<ul>\n<li>Stiffness: Soft<\/li>\n<li>Upper Material: Tek Flex<\/li>\n<li>Closure: Hook-and-loop<\/li>\n<li>Rubber: Science Friction 3.0, [rand] Science Friction R2<\/li>\n<li>Midsole: None<\/li>\n<li>Profile: Aggressive<\/li>\n<li>Asymmetrical Curvature: Significant<\/li>\n<\/ul>\n<\/div>\n<\/div>\n<\/div>\n<\/div>\n<\/div>\n<\/div><\/div><\/div><\/div><\/div>\n","protected":false},"excerpt":{"rendered":"<p><em>*Th\u1eddi Gian Giao H\u00e0ng: 10-12 ng\u00e0y<\/em><\/p>\n<p><strong>S\u1ef0 \u0110\u1ed4I M\u1edaI! REDLINE TR\u1ede L\u1ea0I, CHI\u1ebeM L\u1ea0I V\u1eca TR\u00cd QUY\u1ec0N L\u1ef0C!<\/strong><br \/>\n\u0110\u01b0\u1ee3c ph\u00e1t tri\u1ec3n d\u00e0nh ri\u00eang cho nh\u1eefng ng\u01b0\u1eddi lu\u00f4n c\u1ed1ng hi\u1ebfn v\u00e0 ch\u0103m ch\u1ec9 \u0111\u1ec3 tr\u1edf th\u00e0nh t\u1ed1t nh\u1ea5t, phi\u00ean b\u1ea3n m\u1edbi c\u1ee7a gi\u00e0y RedLine ti\u1ebfp t\u1ee5c mang d\u1ea5u \u1ea5n v\u1edbi ch\u1ea5t li\u1ec7u h\u00e0ng \u0111\u1ea7u v\u00e0 thi\u1ebft k\u1ebf hi\u1ec7n \u0111\u1ea1i. Thi\u1ebft k\u1ebf g\u00f3t gi\u00e0y clutch \u0111\u1ea9y ch\u00e2n th\u1eb3ng v\u00e0o h\u1ed9p ng\u00f3n ch\u00e2n v\u00e0 ki\u1ec3u d\u00e1ng last xo\u1eafn gi\u1eef v\u1ecb tr\u00ed ch\u00e2n trong t\u01b0 th\u1ebf m\u1ea1nh m\u1ebd. Ph\u1ea7n tr\u00ean c\u00f4ng ngh\u1ec7 m\u1edbi c\u1ee7a ch\u00fang t\u00f4i c\u00f3 \u0111\u1ed9 nh\u00e1m \u00e2m gi\u00fap gi\u1eef v\u1eefng b\u00e1m tr\u00ean \u0111\u1ecba h\u00ecnh k\u1ef9 thu\u1eadt. S\u1ef1 thi\u1ebfu l\u1edbp l\u00f3t gi\u1eefa gi\u00e0y cho ph\u00e9p ch\u00e2n linh ho\u1ea1t khi b\u1ea1n c\u1ea1nh tranh v\u1edbi \u0111\u1ed1i th\u1ee7.<\/p>\n<p>\u201cTi\u1ebfp t\u1ee5c th\u00fac \u0111\u1ea9y nh\u1eefng thi\u1ebft k\u1ebf s\u1ebd ti\u1ebfp t\u1ee5c th\u00e1ch th\u1ee9c, \u0111\u1ed9ng vi\u00ean v\u00e0 truy\u1ec1n c\u1ea3m h\u1ee9ng cho c\u1ed9ng \u0111\u1ed3ng c\u1ee7a ch\u00fang ta\u201d \u2013 Obe Carrion<\/p>\n<p><img decoding=\"async\" class=\"alignnone size-full wp-image-27188\" src=\"https:\/\/pushclimbing.vn\/wp-content\/uploads\/2022\/06\/maddis1.png\" alt=\"\" width=\"899\" height=\"150\" srcset=\"https:\/\/pushclimbing.vn\/wp-content\/uploads\/2022\/06\/maddis1-18x3.png 18w, https:\/\/pushclimbing.vn\/wp-content\/uploads\/2022\/06\/maddis1-200x33.png 200w, https:\/\/pushclimbing.vn\/wp-content\/uploads\/2022\/06\/maddis1-300x50.png 300w, https:\/\/pushclimbing.vn\/wp-content\/uploads\/2022\/06\/maddis1-400x67.png 400w, https:\/\/pushclimbing.vn\/wp-content\/uploads\/2022\/06\/maddis1-600x100.png 600w, https:\/\/pushclimbing.vn\/wp-content\/uploads\/2022\/06\/maddis1-700x117.png 700w, https:\/\/pushclimbing.vn\/wp-content\/uploads\/2022\/06\/maddis1-768x128.png 768w, https:\/\/pushclimbing.vn\/wp-content\/uploads\/2022\/06\/maddis1-800x133.png 800w, https:\/\/pushclimbing.vn\/wp-content\/uploads\/2022\/06\/maddis1.png 899w\" sizes=\"(max-width: 899px) 100vw, 899px\" \/><\/p>","protected":false},"featured_media":25663,"comment_status":"open","ping_status":"closed","template":"","meta":{"_acf_changed":false},"product_brand":[1007],"product_cat":[1023,1024],"product_tag":[21,51,22,683,682],"class_list":{"0":"post-4963","1":"product","2":"type-product","3":"status-publish","4":"has-post-thumbnail","6":"product_brand-madrock","7":"product_cat-climbing","8":"product_cat-shoes","9":"product_tag-climbing-shoes","10":"product_tag-giay-leo-nui","11":"product_tag-mad-rock","12":"product_tag-redline","13":"product_tag-redline-strap","15":"first","16":"instock","17":"taxable","18":"shipping-taxable","19":"product-type-variable"},"acf":[],"yoast_head":"<!-- This site is optimized with the Yoast SEO plugin v27.3 - https:\/\/yoast.com\/product\/yoast-seo-wordpress\/ -->\n<title>Mad Rock RedLine Strap - Push Climbing<\/title>\n<meta name=\"robots\" content=\"index, follow, max-snippet:-1, max-image-preview:large, max-video-preview:-1\" \/>\n<link rel=\"canonical\" href=\"https:\/\/pushclimbing.vn\/vi\/san-pham\/mad-rock-redline-strap\/\" \/>\n<meta property=\"og:locale\" content=\"vi_VN\" \/>\n<meta property=\"og:type\" content=\"article\" \/>\n<meta property=\"og:title\" content=\"Mad Rock RedLine Strap - Push Climbing\" \/>\n<meta property=\"og:description\" content=\"*Delivery Time: 10-12 days  REDLINE RETURNS TO RECLAIM THE THRONE! Developed for those who put in the daily grind to be nothing but the very best, the updated RedLine continues the legacy with top of line materials and cutting-edge design. The clutch heel cup design drives the foot forward into the toe box and a spiral last holds the foot&#039;s position in an aggressive stance. Our next-generation power upper features a negative texture for a beasty grip on technical terrain. A lack of midsole allows the foot to flex when you&#039;re flexing on the competition.  &quot;Pushing designs that will continue to challenge, motivate and inspire our community&quot; - Obe Carrion\" \/>\n<meta property=\"og:url\" content=\"https:\/\/pushclimbing.vn\/vi\/san-pham\/mad-rock-redline-strap\/\" \/>\n<meta property=\"og:site_name\" content=\"Push Climbing\" \/>\n<meta property=\"article:publisher\" content=\"https:\/\/www.facebook.com\/pushrockclimbing\" \/>\n<meta property=\"article:modified_time\" content=\"2025-03-20T03:36:21+00:00\" \/>\n<meta property=\"og:image\" content=\"https:\/\/pushclimbing.vn\/wp-content\/uploads\/2022\/06\/re1.jpg\" \/>\n\t<meta property=\"og:image:width\" content=\"540\" \/>\n\t<meta property=\"og:image:height\" content=\"540\" \/>\n\t<meta property=\"og:image:type\" content=\"image\/jpeg\" \/>\n<meta name=\"twitter:card\" content=\"summary_large_image\" \/>\n<meta name=\"twitter:label1\" content=\"\u01af\u1edbc t\u00ednh th\u1eddi gian \u0111\u1ecdc\" \/>\n\t<meta name=\"twitter:data1\" content=\"1 ph\u00fat\" \/>\n<script type=\"application\/ld+json\" class=\"yoast-schema-graph\">{\"@context\":\"https:\\\/\\\/schema.org\",\"@graph\":[{\"@type\":\"WebPage\",\"@id\":\"https:\\\/\\\/pushclimbing.vn\\\/product\\\/mad-rock-redline-strap\\\/\",\"url\":\"https:\\\/\\\/pushclimbing.vn\\\/product\\\/mad-rock-redline-strap\\\/\",\"name\":\"Mad Rock RedLine Strap - Push Climbing\",\"isPartOf\":{\"@id\":\"https:\\\/\\\/pushclimbing.vn\\\/#website\"},\"primaryImageOfPage\":{\"@id\":\"https:\\\/\\\/pushclimbing.vn\\\/product\\\/mad-rock-redline-strap\\\/#primaryimage\"},\"image\":{\"@id\":\"https:\\\/\\\/pushclimbing.vn\\\/product\\\/mad-rock-redline-strap\\\/#primaryimage\"},\"thumbnailUrl\":\"https:\\\/\\\/pushclimbing.vn\\\/wp-content\\\/uploads\\\/2022\\\/06\\\/re1.jpg\",\"datePublished\":\"2022-06-28T14:42:30+00:00\",\"dateModified\":\"2025-03-20T03:36:21+00:00\",\"breadcrumb\":{\"@id\":\"https:\\\/\\\/pushclimbing.vn\\\/product\\\/mad-rock-redline-strap\\\/#breadcrumb\"},\"inLanguage\":\"vi\",\"potentialAction\":[{\"@type\":\"ReadAction\",\"target\":[\"https:\\\/\\\/pushclimbing.vn\\\/product\\\/mad-rock-redline-strap\\\/\"]}]},{\"@type\":\"ImageObject\",\"inLanguage\":\"vi\",\"@id\":\"https:\\\/\\\/pushclimbing.vn\\\/product\\\/mad-rock-redline-strap\\\/#primaryimage\",\"url\":\"https:\\\/\\\/pushclimbing.vn\\\/wp-content\\\/uploads\\\/2022\\\/06\\\/re1.jpg\",\"contentUrl\":\"https:\\\/\\\/pushclimbing.vn\\\/wp-content\\\/uploads\\\/2022\\\/06\\\/re1.jpg\",\"width\":540,\"height\":540},{\"@type\":\"BreadcrumbList\",\"@id\":\"https:\\\/\\\/pushclimbing.vn\\\/product\\\/mad-rock-redline-strap\\\/#breadcrumb\",\"itemListElement\":[{\"@type\":\"ListItem\",\"position\":1,\"name\":\"Home\",\"item\":\"https:\\\/\\\/pushclimbing.vn\\\/\"},{\"@type\":\"ListItem\",\"position\":2,\"name\":\"Shop\",\"item\":\"https:\\\/\\\/pushclimbing.vn\\\/shop\\\/\"},{\"@type\":\"ListItem\",\"position\":3,\"name\":\"Mad Rock RedLine Strap\"}]},{\"@type\":\"WebSite\",\"@id\":\"https:\\\/\\\/pushclimbing.vn\\\/#website\",\"url\":\"https:\\\/\\\/pushclimbing.vn\\\/\",\"name\":\"Push Climbing\",\"description\":\"Conquer Your Mountain\",\"publisher\":{\"@id\":\"https:\\\/\\\/pushclimbing.vn\\\/#organization\"},\"potentialAction\":[{\"@type\":\"SearchAction\",\"target\":{\"@type\":\"EntryPoint\",\"urlTemplate\":\"https:\\\/\\\/pushclimbing.vn\\\/?s={search_term_string}\"},\"query-input\":{\"@type\":\"PropertyValueSpecification\",\"valueRequired\":true,\"valueName\":\"search_term_string\"}}],\"inLanguage\":\"vi\"},{\"@type\":\"Organization\",\"@id\":\"https:\\\/\\\/pushclimbing.vn\\\/#organization\",\"name\":\"Push Climbing\",\"url\":\"https:\\\/\\\/pushclimbing.vn\\\/\",\"logo\":{\"@type\":\"ImageObject\",\"inLanguage\":\"vi\",\"@id\":\"https:\\\/\\\/pushclimbing.vn\\\/#\\\/schema\\\/logo\\\/image\\\/\",\"url\":\"https:\\\/\\\/pushclimbing.vn\\\/wp-content\\\/uploads\\\/2022\\\/07\\\/push-logo-canvas.png\",\"contentUrl\":\"https:\\\/\\\/pushclimbing.vn\\\/wp-content\\\/uploads\\\/2022\\\/07\\\/push-logo-canvas.png\",\"width\":400,\"height\":400,\"caption\":\"Push Climbing\"},\"image\":{\"@id\":\"https:\\\/\\\/pushclimbing.vn\\\/#\\\/schema\\\/logo\\\/image\\\/\"},\"sameAs\":[\"https:\\\/\\\/www.facebook.com\\\/pushrockclimbing\"]}]}<\/script>\n<!-- \/ Yoast SEO plugin. -->","yoast_head_json":{"title":"Mad Rock RedLine Strap - Push Climbing","robots":{"index":"index","follow":"follow","max-snippet":"max-snippet:-1","max-image-preview":"max-image-preview:large","max-video-preview":"max-video-preview:-1"},"canonical":"https:\/\/pushclimbing.vn\/vi\/san-pham\/mad-rock-redline-strap\/","og_locale":"vi_VN","og_type":"article","og_title":"Mad Rock RedLine Strap - Push Climbing","og_description":"*Delivery Time: 10-12 days  REDLINE RETURNS TO RECLAIM THE THRONE! Developed for those who put in the daily grind to be nothing but the very best, the updated RedLine continues the legacy with top of line materials and cutting-edge design. The clutch heel cup design drives the foot forward into the toe box and a spiral last holds the foot's position in an aggressive stance. Our next-generation power upper features a negative texture for a beasty grip on technical terrain. A lack of midsole allows the foot to flex when you're flexing on the competition.  \"Pushing designs that will continue to challenge, motivate and inspire our community\" - Obe Carrion","og_url":"https:\/\/pushclimbing.vn\/vi\/san-pham\/mad-rock-redline-strap\/","og_site_name":"Push Climbing","article_publisher":"https:\/\/www.facebook.com\/pushrockclimbing","article_modified_time":"2025-03-20T03:36:21+00:00","og_image":[{"width":540,"height":540,"url":"https:\/\/pushclimbing.vn\/wp-content\/uploads\/2022\/06\/re1.jpg","type":"image\/jpeg"}],"twitter_card":"summary_large_image","twitter_misc":{"\u01af\u1edbc t\u00ednh th\u1eddi gian \u0111\u1ecdc":"1 ph\u00fat"},"schema":{"@context":"https:\/\/schema.org","@graph":[{"@type":"WebPage","@id":"https:\/\/pushclimbing.vn\/product\/mad-rock-redline-strap\/","url":"https:\/\/pushclimbing.vn\/product\/mad-rock-redline-strap\/","name":"Mad Rock RedLine Strap - Push Climbing","isPartOf":{"@id":"https:\/\/pushclimbing.vn\/#website"},"primaryImageOfPage":{"@id":"https:\/\/pushclimbing.vn\/product\/mad-rock-redline-strap\/#primaryimage"},"image":{"@id":"https:\/\/pushclimbing.vn\/product\/mad-rock-redline-strap\/#primaryimage"},"thumbnailUrl":"https:\/\/pushclimbing.vn\/wp-content\/uploads\/2022\/06\/re1.jpg","datePublished":"2022-06-28T14:42:30+00:00","dateModified":"2025-03-20T03:36:21+00:00","breadcrumb":{"@id":"https:\/\/pushclimbing.vn\/product\/mad-rock-redline-strap\/#breadcrumb"},"inLanguage":"vi","potentialAction":[{"@type":"ReadAction","target":["https:\/\/pushclimbing.vn\/product\/mad-rock-redline-strap\/"]}]},{"@type":"ImageObject","inLanguage":"vi","@id":"https:\/\/pushclimbing.vn\/product\/mad-rock-redline-strap\/#primaryimage","url":"https:\/\/pushclimbing.vn\/wp-content\/uploads\/2022\/06\/re1.jpg","contentUrl":"https:\/\/pushclimbing.vn\/wp-content\/uploads\/2022\/06\/re1.jpg","width":540,"height":540},{"@type":"BreadcrumbList","@id":"https:\/\/pushclimbing.vn\/product\/mad-rock-redline-strap\/#breadcrumb","itemListElement":[{"@type":"ListItem","position":1,"name":"Home","item":"https:\/\/pushclimbing.vn\/"},{"@type":"ListItem","position":2,"name":"Shop","item":"https:\/\/pushclimbing.vn\/shop\/"},{"@type":"ListItem","position":3,"name":"Mad Rock RedLine Strap"}]},{"@type":"WebSite","@id":"https:\/\/pushclimbing.vn\/#website","url":"https:\/\/pushclimbing.vn\/","name":"Push Climbing","description":"Conquer Your Mountain","publisher":{"@id":"https:\/\/pushclimbing.vn\/#organization"},"potentialAction":[{"@type":"SearchAction","target":{"@type":"EntryPoint","urlTemplate":"https:\/\/pushclimbing.vn\/?s={search_term_string}"},"query-input":{"@type":"PropertyValueSpecification","valueRequired":true,"valueName":"search_term_string"}}],"inLanguage":"vi"},{"@type":"Organization","@id":"https:\/\/pushclimbing.vn\/#organization","name":"Push Climbing","url":"https:\/\/pushclimbing.vn\/","logo":{"@type":"ImageObject","inLanguage":"vi","@id":"https:\/\/pushclimbing.vn\/#\/schema\/logo\/image\/","url":"https:\/\/pushclimbing.vn\/wp-content\/uploads\/2022\/07\/push-logo-canvas.png","contentUrl":"https:\/\/pushclimbing.vn\/wp-content\/uploads\/2022\/07\/push-logo-canvas.png","width":400,"height":400,"caption":"Push Climbing"},"image":{"@id":"https:\/\/pushclimbing.vn\/#\/schema\/logo\/image\/"},"sameAs":["https:\/\/www.facebook.com\/pushrockclimbing"]}]}},"_links":{"self":[{"href":"https:\/\/pushclimbing.vn\/vi\/wp-json\/wp\/v2\/product\/4963","targetHints":{"allow":["GET"]}}],"collection":[{"href":"https:\/\/pushclimbing.vn\/vi\/wp-json\/wp\/v2\/product"}],"about":[{"href":"https:\/\/pushclimbing.vn\/vi\/wp-json\/wp\/v2\/types\/product"}],"replies":[{"embeddable":true,"href":"https:\/\/pushclimbing.vn\/vi\/wp-json\/wp\/v2\/comments?post=4963"}],"wp:featuredmedia":[{"embeddable":true,"href":"https:\/\/pushclimbing.vn\/vi\/wp-json\/wp\/v2\/media\/25663"}],"wp:attachment":[{"href":"https:\/\/pushclimbing.vn\/vi\/wp-json\/wp\/v2\/media?parent=4963"}],"wp:term":[{"taxonomy":"product_brand","embeddable":true,"href":"https:\/\/pushclimbing.vn\/vi\/wp-json\/wp\/v2\/product_brand?post=4963"},{"taxonomy":"product_cat","embeddable":true,"href":"https:\/\/pushclimbing.vn\/vi\/wp-json\/wp\/v2\/product_cat?post=4963"},{"taxonomy":"product_tag","embeddable":true,"href":"https:\/\/pushclimbing.vn\/vi\/wp-json\/wp\/v2\/product_tag?post=4963"}],"curies":[{"name":"wp","href":"https:\/\/api.w.org\/{rel}","templated":true}]}}