{"id":33724,"date":"2025-03-24T14:32:41","date_gmt":"2025-03-24T07:32:41","guid":{"rendered":"https:\/\/pushclimbing.vn\/?post_type=product&#038;p=33724"},"modified":"2025-04-25T10:26:25","modified_gmt":"2025-04-25T03:26:25","slug":"lynx-dynamic-climbing-rope","status":"publish","type":"product","link":"https:\/\/pushclimbing.vn\/vi\/san-pham\/lynx-dynamic-climbing-rope\/","title":{"rendered":"Lynx Dynamic Climbing Rope 8.4 -10.5mm"},"content":{"rendered":"<p>C\u00e1c <strong data-start=\"76\" data-end=\"118\">Namah Lynx Dynamic Climbing Rope<\/strong> delivers the perfect balance of lightweight performance and durability for sport, trad, and alpine climbing. With options from 8.4 to 10.5 mm diameter, it offers smooth handling, easy clipping, and excellent fall absorption. Whether you&#8217;re pushing your limits on lead or tackling multi-pitch adventures, this rope ensures reliability and confidence. UIAA-Certified and designed for high-performance climbers, the Lynx is your go-to choice for both indoor and outdoor routes.<\/p>\n<p>Bulk Order Discounts : b2b@pushclimbing.vn<\/p>","protected":false},"excerpt":{"rendered":"<table style=\"height: 268px;\" width=\"586\">\n<tbody>\n<tr>\n<td><b>Specification<\/b><\/td>\n<td><b>LYNX 9 mm<\/b><\/td>\n<td><b>LYNX 9,5 mm<\/b><\/td>\n<td><b>LYNX 10 mm<\/b><\/td>\n<\/tr>\n<tr>\n<td>Construction<\/td>\n<td>Kernmantle<\/td>\n<td>Kernmantle<\/td>\n<td>Kernmantle<\/td>\n<\/tr>\n<tr>\n<td>Material (Sheath\/Core)<\/td>\n<td>Polyamide<\/td>\n<td>Polyamide<\/td>\n<td>Polyamide<\/td>\n<\/tr>\n<tr>\n<td>Rope Type<\/td>\n<td>Single<\/td>\n<td>Single<\/td>\n<td>Single<\/td>\n<\/tr>\n<tr>\n<td>Tr\u1ecdng l\u01b0\u1ee3ng<\/td>\n<td>48 grams<\/td>\n<td>52 grams<\/td>\n<td>60 grams<\/td>\n<\/tr>\n<tr>\n<td>\u0110\u1ed9 gi\u00e3n d\u00e0i \u0111\u1ed9ng<\/td>\n<td>32 %<\/td>\n<td>32 %<\/td>\n<td>34 %<\/td>\n<\/tr>\n<tr>\n<td>No. of Standard Falls<\/td>\n<td>&gt; 5<\/td>\n<td>&gt; 5<\/td>\n<td>&gt; 5<\/td>\n<\/tr>\n<tr>\n<td>L\u1ef1c t\u00e1c \u0111\u1ed9ng<\/td>\n<td>8.5 kN<\/td>\n<td>9 kN<\/td>\n<td>8.5 kN<\/td>\n<\/tr>\n<tr>\n<td>Braid<\/td>\n<td>48<\/td>\n<td>48<\/td>\n<td>48<\/td>\n<\/tr>\n<\/tbody>\n<\/table>","protected":false},"featured_media":34416,"comment_status":"open","ping_status":"closed","template":"","meta":{"_acf_changed":false},"product_brand":[1010],"product_cat":[1023,1026],"product_tag":[664,666,1062,667],"class_list":{"0":"post-33724","1":"product","2":"type-product","3":"status-publish","4":"has-post-thumbnail","6":"product_brand-namah","7":"product_cat-climbing","8":"product_cat-ropes","9":"product_tag-climbing-rope","10":"product_tag-dynamic-rope","11":"product_tag-namah","12":"product_tag-single-rope","14":"first","15":"instock","16":"product-type-variable","17":"has-default-attributes"},"acf":[],"yoast_head":"<!-- This site is optimized with the Yoast SEO plugin v27.3 - https:\/\/yoast.com\/product\/yoast-seo-wordpress\/ -->\n<title>Lynx Dynamic Climbing Rope 8.4 -10.5mm - Push Climbing<\/title>\n<meta name=\"description\" content=\"Lightweight and durable, the Namah Lynx dynamic climbing rope offers smooth handling, superior fall absorption, and UIAA-certified performance for sport, trad, and alpine climbing.\" \/>\n<meta name=\"robots\" content=\"index, follow, max-snippet:-1, max-image-preview:large, max-video-preview:-1\" \/>\n<link rel=\"canonical\" href=\"https:\/\/pushclimbing.vn\/vi\/san-pham\/lynx-dynamic-climbing-rope\/\" \/>\n<meta property=\"og:locale\" content=\"vi_VN\" \/>\n<meta property=\"og:type\" content=\"article\" \/>\n<meta property=\"og:title\" content=\"Lynx Dynamic Climbing Rope 8.4 -10.5mm - Push Climbing\" \/>\n<meta property=\"og:description\" content=\"Lightweight and durable, the Namah Lynx dynamic climbing rope offers smooth handling, superior fall absorption, and UIAA-certified performance for sport, trad, and alpine climbing.\" \/>\n<meta property=\"og:url\" content=\"https:\/\/pushclimbing.vn\/vi\/san-pham\/lynx-dynamic-climbing-rope\/\" \/>\n<meta property=\"og:site_name\" content=\"Push Climbing\" \/>\n<meta property=\"article:publisher\" content=\"https:\/\/www.facebook.com\/pushrockclimbing\" \/>\n<meta property=\"article:modified_time\" content=\"2025-04-25T03:26:25+00:00\" \/>\n<meta property=\"og:image\" content=\"https:\/\/pushclimbing.vn\/wp-content\/uploads\/2025\/03\/WhatsApp-Image-2025-04-04-at-17.07.41_0b94120c.jpg\" \/>\n\t<meta property=\"og:image:width\" content=\"1280\" \/>\n\t<meta property=\"og:image:height\" content=\"1280\" \/>\n\t<meta property=\"og:image:type\" content=\"image\/jpeg\" \/>\n<meta name=\"twitter:card\" content=\"summary_large_image\" \/>\n<meta name=\"twitter:label1\" content=\"\u01af\u1edbc t\u00ednh th\u1eddi gian \u0111\u1ecdc\" \/>\n\t<meta name=\"twitter:data1\" content=\"1 ph\u00fat\" \/>\n<script type=\"application\/ld+json\" class=\"yoast-schema-graph\">{\"@context\":\"https:\\\/\\\/schema.org\",\"@graph\":[{\"@type\":\"WebPage\",\"@id\":\"https:\\\/\\\/pushclimbing.vn\\\/product\\\/lynx-dynamic-climbing-rope\\\/\",\"url\":\"https:\\\/\\\/pushclimbing.vn\\\/product\\\/lynx-dynamic-climbing-rope\\\/\",\"name\":\"Lynx Dynamic Climbing Rope 8.4 -10.5mm - Push Climbing\",\"isPartOf\":{\"@id\":\"https:\\\/\\\/pushclimbing.vn\\\/#website\"},\"primaryImageOfPage\":{\"@id\":\"https:\\\/\\\/pushclimbing.vn\\\/product\\\/lynx-dynamic-climbing-rope\\\/#primaryimage\"},\"image\":{\"@id\":\"https:\\\/\\\/pushclimbing.vn\\\/product\\\/lynx-dynamic-climbing-rope\\\/#primaryimage\"},\"thumbnailUrl\":\"https:\\\/\\\/pushclimbing.vn\\\/wp-content\\\/uploads\\\/2025\\\/03\\\/WhatsApp-Image-2025-04-04-at-17.07.41_0b94120c.jpg\",\"datePublished\":\"2025-03-24T07:32:41+00:00\",\"dateModified\":\"2025-04-25T03:26:25+00:00\",\"description\":\"Lightweight and durable, the Namah Lynx dynamic climbing rope offers smooth handling, superior fall absorption, and UIAA-certified performance for sport, trad, and alpine climbing.\",\"breadcrumb\":{\"@id\":\"https:\\\/\\\/pushclimbing.vn\\\/product\\\/lynx-dynamic-climbing-rope\\\/#breadcrumb\"},\"inLanguage\":\"vi\",\"potentialAction\":[{\"@type\":\"ReadAction\",\"target\":[\"https:\\\/\\\/pushclimbing.vn\\\/product\\\/lynx-dynamic-climbing-rope\\\/\"]}]},{\"@type\":\"ImageObject\",\"inLanguage\":\"vi\",\"@id\":\"https:\\\/\\\/pushclimbing.vn\\\/product\\\/lynx-dynamic-climbing-rope\\\/#primaryimage\",\"url\":\"https:\\\/\\\/pushclimbing.vn\\\/wp-content\\\/uploads\\\/2025\\\/03\\\/WhatsApp-Image-2025-04-04-at-17.07.41_0b94120c.jpg\",\"contentUrl\":\"https:\\\/\\\/pushclimbing.vn\\\/wp-content\\\/uploads\\\/2025\\\/03\\\/WhatsApp-Image-2025-04-04-at-17.07.41_0b94120c.jpg\",\"width\":1280,\"height\":1280},{\"@type\":\"BreadcrumbList\",\"@id\":\"https:\\\/\\\/pushclimbing.vn\\\/product\\\/lynx-dynamic-climbing-rope\\\/#breadcrumb\",\"itemListElement\":[{\"@type\":\"ListItem\",\"position\":1,\"name\":\"Home\",\"item\":\"https:\\\/\\\/pushclimbing.vn\\\/\"},{\"@type\":\"ListItem\",\"position\":2,\"name\":\"Shop\",\"item\":\"https:\\\/\\\/pushclimbing.vn\\\/shop\\\/\"},{\"@type\":\"ListItem\",\"position\":3,\"name\":\"Lynx Dynamic Climbing Rope 8.4 -10.5mm\"}]},{\"@type\":\"WebSite\",\"@id\":\"https:\\\/\\\/pushclimbing.vn\\\/#website\",\"url\":\"https:\\\/\\\/pushclimbing.vn\\\/\",\"name\":\"Push Climbing\",\"description\":\"Conquer Your Mountain\",\"publisher\":{\"@id\":\"https:\\\/\\\/pushclimbing.vn\\\/#organization\"},\"potentialAction\":[{\"@type\":\"SearchAction\",\"target\":{\"@type\":\"EntryPoint\",\"urlTemplate\":\"https:\\\/\\\/pushclimbing.vn\\\/?s={search_term_string}\"},\"query-input\":{\"@type\":\"PropertyValueSpecification\",\"valueRequired\":true,\"valueName\":\"search_term_string\"}}],\"inLanguage\":\"vi\"},{\"@type\":\"Organization\",\"@id\":\"https:\\\/\\\/pushclimbing.vn\\\/#organization\",\"name\":\"Push Climbing\",\"url\":\"https:\\\/\\\/pushclimbing.vn\\\/\",\"logo\":{\"@type\":\"ImageObject\",\"inLanguage\":\"vi\",\"@id\":\"https:\\\/\\\/pushclimbing.vn\\\/#\\\/schema\\\/logo\\\/image\\\/\",\"url\":\"https:\\\/\\\/pushclimbing.vn\\\/wp-content\\\/uploads\\\/2022\\\/07\\\/push-logo-canvas.png\",\"contentUrl\":\"https:\\\/\\\/pushclimbing.vn\\\/wp-content\\\/uploads\\\/2022\\\/07\\\/push-logo-canvas.png\",\"width\":400,\"height\":400,\"caption\":\"Push Climbing\"},\"image\":{\"@id\":\"https:\\\/\\\/pushclimbing.vn\\\/#\\\/schema\\\/logo\\\/image\\\/\"},\"sameAs\":[\"https:\\\/\\\/www.facebook.com\\\/pushrockclimbing\"]}]}<\/script>\n<!-- \/ Yoast SEO plugin. -->","yoast_head_json":{"title":"Lynx Dynamic Climbing Rope 8.4 -10.5mm - Push Climbing","description":"Lightweight and durable, the Namah Lynx dynamic climbing rope offers smooth handling, superior fall absorption, and UIAA-certified performance for sport, trad, and alpine climbing.","robots":{"index":"index","follow":"follow","max-snippet":"max-snippet:-1","max-image-preview":"max-image-preview:large","max-video-preview":"max-video-preview:-1"},"canonical":"https:\/\/pushclimbing.vn\/vi\/san-pham\/lynx-dynamic-climbing-rope\/","og_locale":"vi_VN","og_type":"article","og_title":"Lynx Dynamic Climbing Rope 8.4 -10.5mm - Push Climbing","og_description":"Lightweight and durable, the Namah Lynx dynamic climbing rope offers smooth handling, superior fall absorption, and UIAA-certified performance for sport, trad, and alpine climbing.","og_url":"https:\/\/pushclimbing.vn\/vi\/san-pham\/lynx-dynamic-climbing-rope\/","og_site_name":"Push Climbing","article_publisher":"https:\/\/www.facebook.com\/pushrockclimbing","article_modified_time":"2025-04-25T03:26:25+00:00","og_image":[{"width":1280,"height":1280,"url":"https:\/\/pushclimbing.vn\/wp-content\/uploads\/2025\/03\/WhatsApp-Image-2025-04-04-at-17.07.41_0b94120c.jpg","type":"image\/jpeg"}],"twitter_card":"summary_large_image","twitter_misc":{"\u01af\u1edbc t\u00ednh th\u1eddi gian \u0111\u1ecdc":"1 ph\u00fat"},"schema":{"@context":"https:\/\/schema.org","@graph":[{"@type":"WebPage","@id":"https:\/\/pushclimbing.vn\/product\/lynx-dynamic-climbing-rope\/","url":"https:\/\/pushclimbing.vn\/product\/lynx-dynamic-climbing-rope\/","name":"Lynx Dynamic Climbing Rope 8.4 -10.5mm - Push Climbing","isPartOf":{"@id":"https:\/\/pushclimbing.vn\/#website"},"primaryImageOfPage":{"@id":"https:\/\/pushclimbing.vn\/product\/lynx-dynamic-climbing-rope\/#primaryimage"},"image":{"@id":"https:\/\/pushclimbing.vn\/product\/lynx-dynamic-climbing-rope\/#primaryimage"},"thumbnailUrl":"https:\/\/pushclimbing.vn\/wp-content\/uploads\/2025\/03\/WhatsApp-Image-2025-04-04-at-17.07.41_0b94120c.jpg","datePublished":"2025-03-24T07:32:41+00:00","dateModified":"2025-04-25T03:26:25+00:00","description":"Lightweight and durable, the Namah Lynx dynamic climbing rope offers smooth handling, superior fall absorption, and UIAA-certified performance for sport, trad, and alpine climbing.","breadcrumb":{"@id":"https:\/\/pushclimbing.vn\/product\/lynx-dynamic-climbing-rope\/#breadcrumb"},"inLanguage":"vi","potentialAction":[{"@type":"ReadAction","target":["https:\/\/pushclimbing.vn\/product\/lynx-dynamic-climbing-rope\/"]}]},{"@type":"ImageObject","inLanguage":"vi","@id":"https:\/\/pushclimbing.vn\/product\/lynx-dynamic-climbing-rope\/#primaryimage","url":"https:\/\/pushclimbing.vn\/wp-content\/uploads\/2025\/03\/WhatsApp-Image-2025-04-04-at-17.07.41_0b94120c.jpg","contentUrl":"https:\/\/pushclimbing.vn\/wp-content\/uploads\/2025\/03\/WhatsApp-Image-2025-04-04-at-17.07.41_0b94120c.jpg","width":1280,"height":1280},{"@type":"BreadcrumbList","@id":"https:\/\/pushclimbing.vn\/product\/lynx-dynamic-climbing-rope\/#breadcrumb","itemListElement":[{"@type":"ListItem","position":1,"name":"Home","item":"https:\/\/pushclimbing.vn\/"},{"@type":"ListItem","position":2,"name":"Shop","item":"https:\/\/pushclimbing.vn\/shop\/"},{"@type":"ListItem","position":3,"name":"Lynx Dynamic Climbing Rope 8.4 -10.5mm"}]},{"@type":"WebSite","@id":"https:\/\/pushclimbing.vn\/#website","url":"https:\/\/pushclimbing.vn\/","name":"Push Climbing","description":"Conquer Your Mountain","publisher":{"@id":"https:\/\/pushclimbing.vn\/#organization"},"potentialAction":[{"@type":"SearchAction","target":{"@type":"EntryPoint","urlTemplate":"https:\/\/pushclimbing.vn\/?s={search_term_string}"},"query-input":{"@type":"PropertyValueSpecification","valueRequired":true,"valueName":"search_term_string"}}],"inLanguage":"vi"},{"@type":"Organization","@id":"https:\/\/pushclimbing.vn\/#organization","name":"Push Climbing","url":"https:\/\/pushclimbing.vn\/","logo":{"@type":"ImageObject","inLanguage":"vi","@id":"https:\/\/pushclimbing.vn\/#\/schema\/logo\/image\/","url":"https:\/\/pushclimbing.vn\/wp-content\/uploads\/2022\/07\/push-logo-canvas.png","contentUrl":"https:\/\/pushclimbing.vn\/wp-content\/uploads\/2022\/07\/push-logo-canvas.png","width":400,"height":400,"caption":"Push Climbing"},"image":{"@id":"https:\/\/pushclimbing.vn\/#\/schema\/logo\/image\/"},"sameAs":["https:\/\/www.facebook.com\/pushrockclimbing"]}]}},"_links":{"self":[{"href":"https:\/\/pushclimbing.vn\/vi\/wp-json\/wp\/v2\/product\/33724","targetHints":{"allow":["GET"]}}],"collection":[{"href":"https:\/\/pushclimbing.vn\/vi\/wp-json\/wp\/v2\/product"}],"about":[{"href":"https:\/\/pushclimbing.vn\/vi\/wp-json\/wp\/v2\/types\/product"}],"replies":[{"embeddable":true,"href":"https:\/\/pushclimbing.vn\/vi\/wp-json\/wp\/v2\/comments?post=33724"}],"wp:featuredmedia":[{"embeddable":true,"href":"https:\/\/pushclimbing.vn\/vi\/wp-json\/wp\/v2\/media\/34416"}],"wp:attachment":[{"href":"https:\/\/pushclimbing.vn\/vi\/wp-json\/wp\/v2\/media?parent=33724"}],"wp:term":[{"taxonomy":"product_brand","embeddable":true,"href":"https:\/\/pushclimbing.vn\/vi\/wp-json\/wp\/v2\/product_brand?post=33724"},{"taxonomy":"product_cat","embeddable":true,"href":"https:\/\/pushclimbing.vn\/vi\/wp-json\/wp\/v2\/product_cat?post=33724"},{"taxonomy":"product_tag","embeddable":true,"href":"https:\/\/pushclimbing.vn\/vi\/wp-json\/wp\/v2\/product_tag?post=33724"}],"curies":[{"name":"wp","href":"https:\/\/api.w.org\/{rel}","templated":true}]}}