{"id":33387,"date":"2025-02-21T15:29:47","date_gmt":"2025-02-21T08:29:47","guid":{"rendered":"https:\/\/pushclimbing.vn\/?post_type=product&#038;p=33387"},"modified":"2025-03-24T15:36:12","modified_gmt":"2025-03-24T08:36:12","slug":"cham-tapas-yoga-mat","status":"publish","type":"product","link":"https:\/\/pushclimbing.vn\/vi\/san-pham\/cham-tapas-yoga-mat\/","title":{"rendered":"Th\u1ea3m Yoga Ch\u1ea1m Tapas"},"content":{"rendered":"<div class=\"fusion-fullwidth fullwidth-box fusion-builder-row-1 fusion-flex-container has-pattern-background has-mask-background nonhundred-percent-fullwidth non-hundred-percent-height-scrolling\" style=\"--awb-border-radius-top-left:0px;--awb-border-radius-top-right:0px;--awb-border-radius-bottom-right:0px;--awb-border-radius-bottom-left:0px;--awb-flex-wrap:wrap;\" ><div class=\"fusion-builder-row fusion-row fusion-flex-align-items-flex-start fusion-flex-content-wrap\" style=\"max-width:1216.8px;margin-left: calc(-4% \/ 2 );margin-right: calc(-4% \/ 2 );\"><div class=\"fusion-layout-column fusion_builder_column fusion-builder-column-0 fusion_builder_column_1_1 1_1 fusion-flex-column\" style=\"--awb-bg-size:cover;--awb-width-large:100%;--awb-margin-top-large:15px;--awb-spacing-right-large:1.92%;--awb-margin-bottom-large:15px;--awb-spacing-left-large:1.92%;--awb-width-medium:100%;--awb-order-medium:0;--awb-spacing-right-medium:1.92%;--awb-spacing-left-medium:1.92%;--awb-width-small:100%;--awb-order-small:0;--awb-spacing-right-small:1.92%;--awb-spacing-left-small:1.92%;\"><div class=\"fusion-column-wrapper fusion-column-has-shadow fusion-flex-justify-content-flex-start fusion-content-layout-column\"><div class=\"fusion-text fusion-text-1\"><p class=\"cvGsUA direction-ltr align-start para-style-body\"><span class=\"OYPEnA font-feature-liga-off font-feature-clig-off font-feature-calt-off text-decoration-none text-strikethrough-none\"><strong>V\u1eadt li\u1ec7u:<\/strong> 100% l\u1ee5c b\u00ecnh t\u1ef1 nhi\u00ean, d\u1ec7t th\u1ee7 c\u00f4ng t\u1ea1i \u0110\u1ed3ng b\u1eb1ng S\u00f4ng C\u1eedu Long<\/span><\/p>\n<p class=\"cvGsUA direction-ltr align-start para-style-body\"><span class=\"OYPEnA font-feature-liga-off font-feature-clig-off font-feature-calt-off text-decoration-none text-strikethrough-none\"><strong>C\u1ea3m gi\u00e1c:<\/strong> M\u1ec1m m\u1ea1i v\u00e0 v\u1eefng ch\u00e3i, nh\u01b0 \u0111i ch\u00e2n tr\u1ea7n tr\u00ean c\u1ecf.<\/span><\/p>\n<p class=\"cvGsUA direction-ltr align-start para-style-body\"><span class=\"OYPEnA font-feature-liga-off font-feature-clig-off font-feature-calt-off text-decoration-none text-strikethrough-none\"><strong>K\u00edch c\u1ee1:<\/strong> 60cm x 180cm | \u0110\u1ed9 d\u00e0y: 6mm \u2013 8mm | Tr\u1ecdng l\u01b0\u1ee3ng: ~1.7kg<\/span><\/p>\n<p><strong>\u0110\u1eb6C T\u00cdNH T\u1ef0 NHI\u00caN<\/strong><\/p>\n<p class=\"cvGsUA direction-ltr align-start para-style-body\"><span class=\"OYPEnA font-feature-liga-off font-feature-clig-off font-feature-calt-off text-decoration-none text-strikethrough-none\"><strong>M\u00f9a h\u00e8:<\/strong> Nh\u1eb9 h\u01a1n, thoang tho\u1ea3ng h\u01b0\u01a1ng n\u1eafng.<\/span><\/p>\n<p class=\"cvGsUA direction-ltr align-start para-style-body\"><span class=\"OYPEnA font-feature-liga-off font-feature-clig-off font-feature-calt-off text-decoration-none text-strikethrough-none\"><strong>M\u00f9a \u1ea9m:<\/strong> H\u1ea5p th\u1ee5 \u0111\u1ed9 \u1ea9m, tr\u1edf n\u00ean n\u1eb7ng h\u01a1n, t\u0103ng \u0111\u1ed9 b\u00e1m tr\u00ean s\u00e0n.<\/span><\/p>\n<p class=\"cvGsUA direction-ltr align-start para-style-body\"><span class=\"OYPEnA font-feature-liga-off font-feature-clig-off font-feature-calt-off text-decoration-none text-strikethrough-none\">M\u1ed7i t\u1ea5m th\u1ea3m l\u00e0 \u0111\u1ed9c nh\u1ea5t, mang trong m\u00ecnh n\u0103ng l\u01b0\u1ee3ng ri\u00eang.<\/span><\/p>\n<\/div><\/div><\/div><\/div><\/div>","protected":false},"excerpt":{"rendered":"<p class=\"cvGsUA direction-ltr align-start para-style-body\"><strong><span class=\"OYPEnA font-feature-liga-off font-feature-clig-off font-feature-calt-off text-decoration-none text-strikethrough-none\">Th\u1ea3m t\u1eadp yoga Tapas t\u1eeb thi\u00ean nhi\u00ean<\/span><\/strong><\/p>\n<p class=\"cvGsUA direction-ltr align-start para-style-body\"><span class=\"OYPEnA font-feature-liga-off font-feature-clig-off font-feature-calt-off text-decoration-none text-strikethrough-none\">Tapas kh\u00f4ng ch\u1ec9 l\u00e0 m\u1ed9t t\u1ea5m th\u1ea3m, m\u00e0 c\u00f2n l\u00e0 s\u1ee3i d\u00e2y k\u1ebft n\u1ed1i gi\u1eefa c\u01a1 th\u1ec3 b\u1ea1n v\u00e0 thi\u00ean nhi\u00ean. \u0110\u01b0\u1ee3c d\u1ec7t th\u1ee7 c\u00f4ng t\u1eeb 100% l\u1ee5c b\u00ecnh t\u1ef1 nhi\u00ean t\u1ea1i \u0110\u1ed3ng b\u1eb1ng S\u00f4ng C\u1eedu Long, m\u1ed7i t\u1ea5m th\u1ea3m mang trong m\u00ecnh v\u1ebb \u0111\u1eb9p v\u00e0 n\u0103ng l\u01b0\u1ee3ng ri\u00eang bi\u1ec7t.<\/span><\/p>\n<p class=\"cvGsUA direction-ltr align-start para-style-body\"><span class=\"OYPEnA font-feature-liga-off font-feature-clig-off font-feature-calt-off text-decoration-none text-strikethrough-none\">B\u01b0\u1edbc l\u00ean Tapas mang l\u1ea1i c\u1ea3m gi\u00e1c m\u1ec1m m\u1ea1i v\u00e0 v\u1eefng ch\u00e3i, nh\u01b0 khi \u0111i ch\u00e2n tr\u1ea7n tr\u00ean c\u1ecf. Th\u1ea3m th\u00edch nghi v\u1edbi t\u1eebng m\u00f9a, nh\u1eb9 v\u00e0 tho\u00e1ng v\u00e0o m\u00f9a h\u00e8, ch\u1eafc ch\u1eafn v\u00e0 b\u00e1m t\u1ed1t trong \u0111i\u1ec1u ki\u1ec7n \u1ea9m. V\u1edbi \u0111\u1ed9 d\u00e0y t\u1eeb 6mm \u0111\u1ebfn 8mm, Tapas cung c\u1ea5p s\u1ef1 \u1ed5n \u0111\u1ecbnh v\u00e0 h\u1ed7 tr\u1ee3 c\u1ea7n thi\u1ebft cho t\u1eebng chuy\u1ec3n \u0111\u1ed9ng, \u0111\u1ed3ng h\u00e0nh c\u00f9ng b\u1ea1n tr\u00ean h\u00e0nh tr\u00ecnh yoga.<\/span><\/p>","protected":false},"featured_media":0,"comment_status":"open","ping_status":"closed","template":"","meta":{"_acf_changed":false},"product_brand":[1013],"product_cat":[1027,1023],"product_tag":[1001,75,1003,1002],"class_list":{"0":"post-33387","1":"product","2":"type-product","3":"status-publish","5":"product_brand-push","6":"product_cat-chalk","7":"product_cat-climbing","8":"product_tag-cham","9":"product_tag-fitness-yoga","10":"product_tag-mat","11":"product_tag-yoga-mat","13":"first","14":"instock","15":"taxable","16":"shipping-taxable","17":"product-type-simple"},"acf":[],"yoast_head":"<!-- This site is optimized with the Yoast SEO plugin v27.3 - https:\/\/yoast.com\/product\/yoast-seo-wordpress\/ -->\n<title>CH\u1ea0M TAPAS YOGA MAT - Push Climbing<\/title>\n<meta name=\"robots\" content=\"index, follow, max-snippet:-1, max-image-preview:large, max-video-preview:-1\" \/>\n<link rel=\"canonical\" href=\"https:\/\/pushclimbing.vn\/vi\/san-pham\/cham-tapas-yoga-mat\/\" \/>\n<meta property=\"og:locale\" content=\"vi_VN\" \/>\n<meta property=\"og:type\" content=\"article\" \/>\n<meta property=\"og:title\" content=\"CH\u1ea0M TAPAS YOGA MAT - Push Climbing\" \/>\n<meta property=\"og:description\" content=\"Tapas Yoga Mat from Nature Tapas is more than just a mat, it is a connection between your body and nature. Handwoven from 100% natural water hyacinth in the Mekong Delta, each mat carries its own unique beauty and energy. Stepping onto Tapas feels soft and grounding, like walking barefoot on grass. The mat adapts to the seasons, light and airy in summer, firm and grippy in humid conditions. With a thickness of 6mm to 8mm, Tapas provides the stability and support needed for every movement, accompanying you on your yoga journey.\" \/>\n<meta property=\"og:url\" content=\"https:\/\/pushclimbing.vn\/vi\/san-pham\/cham-tapas-yoga-mat\/\" \/>\n<meta property=\"og:site_name\" content=\"Push Climbing\" \/>\n<meta property=\"article:publisher\" content=\"https:\/\/www.facebook.com\/pushrockclimbing\" \/>\n<meta property=\"article:modified_time\" content=\"2025-03-24T08:36:12+00:00\" \/>\n<meta name=\"twitter:card\" content=\"summary_large_image\" \/>\n<meta name=\"twitter:label1\" content=\"\u01af\u1edbc t\u00ednh th\u1eddi gian \u0111\u1ecdc\" \/>\n\t<meta name=\"twitter:data1\" content=\"1 ph\u00fat\" \/>\n<script type=\"application\/ld+json\" class=\"yoast-schema-graph\">{\"@context\":\"https:\\\/\\\/schema.org\",\"@graph\":[{\"@type\":\"WebPage\",\"@id\":\"https:\\\/\\\/pushclimbing.vn\\\/product\\\/cham-tapas-yoga-mat\\\/\",\"url\":\"https:\\\/\\\/pushclimbing.vn\\\/product\\\/cham-tapas-yoga-mat\\\/\",\"name\":\"CH\u1ea0M TAPAS YOGA MAT - Push Climbing\",\"isPartOf\":{\"@id\":\"https:\\\/\\\/pushclimbing.vn\\\/#website\"},\"datePublished\":\"2025-02-21T08:29:47+00:00\",\"dateModified\":\"2025-03-24T08:36:12+00:00\",\"breadcrumb\":{\"@id\":\"https:\\\/\\\/pushclimbing.vn\\\/product\\\/cham-tapas-yoga-mat\\\/#breadcrumb\"},\"inLanguage\":\"vi\",\"potentialAction\":[{\"@type\":\"ReadAction\",\"target\":[\"https:\\\/\\\/pushclimbing.vn\\\/product\\\/cham-tapas-yoga-mat\\\/\"]}]},{\"@type\":\"BreadcrumbList\",\"@id\":\"https:\\\/\\\/pushclimbing.vn\\\/product\\\/cham-tapas-yoga-mat\\\/#breadcrumb\",\"itemListElement\":[{\"@type\":\"ListItem\",\"position\":1,\"name\":\"Home\",\"item\":\"https:\\\/\\\/pushclimbing.vn\\\/\"},{\"@type\":\"ListItem\",\"position\":2,\"name\":\"Shop\",\"item\":\"https:\\\/\\\/pushclimbing.vn\\\/shop\\\/\"},{\"@type\":\"ListItem\",\"position\":3,\"name\":\"CH\u1ea0M TAPAS YOGA MAT\"}]},{\"@type\":\"WebSite\",\"@id\":\"https:\\\/\\\/pushclimbing.vn\\\/#website\",\"url\":\"https:\\\/\\\/pushclimbing.vn\\\/\",\"name\":\"Push Climbing\",\"description\":\"Conquer Your Mountain\",\"publisher\":{\"@id\":\"https:\\\/\\\/pushclimbing.vn\\\/#organization\"},\"potentialAction\":[{\"@type\":\"SearchAction\",\"target\":{\"@type\":\"EntryPoint\",\"urlTemplate\":\"https:\\\/\\\/pushclimbing.vn\\\/?s={search_term_string}\"},\"query-input\":{\"@type\":\"PropertyValueSpecification\",\"valueRequired\":true,\"valueName\":\"search_term_string\"}}],\"inLanguage\":\"vi\"},{\"@type\":\"Organization\",\"@id\":\"https:\\\/\\\/pushclimbing.vn\\\/#organization\",\"name\":\"Push Climbing\",\"url\":\"https:\\\/\\\/pushclimbing.vn\\\/\",\"logo\":{\"@type\":\"ImageObject\",\"inLanguage\":\"vi\",\"@id\":\"https:\\\/\\\/pushclimbing.vn\\\/#\\\/schema\\\/logo\\\/image\\\/\",\"url\":\"https:\\\/\\\/pushclimbing.vn\\\/wp-content\\\/uploads\\\/2022\\\/07\\\/push-logo-canvas.png\",\"contentUrl\":\"https:\\\/\\\/pushclimbing.vn\\\/wp-content\\\/uploads\\\/2022\\\/07\\\/push-logo-canvas.png\",\"width\":400,\"height\":400,\"caption\":\"Push Climbing\"},\"image\":{\"@id\":\"https:\\\/\\\/pushclimbing.vn\\\/#\\\/schema\\\/logo\\\/image\\\/\"},\"sameAs\":[\"https:\\\/\\\/www.facebook.com\\\/pushrockclimbing\"]}]}<\/script>\n<!-- \/ Yoast SEO plugin. -->","yoast_head_json":{"title":"CH\u1ea0M TAPAS YOGA MAT - Push Climbing","robots":{"index":"index","follow":"follow","max-snippet":"max-snippet:-1","max-image-preview":"max-image-preview:large","max-video-preview":"max-video-preview:-1"},"canonical":"https:\/\/pushclimbing.vn\/vi\/san-pham\/cham-tapas-yoga-mat\/","og_locale":"vi_VN","og_type":"article","og_title":"CH\u1ea0M TAPAS YOGA MAT - Push Climbing","og_description":"Tapas Yoga Mat from Nature Tapas is more than just a mat, it is a connection between your body and nature. Handwoven from 100% natural water hyacinth in the Mekong Delta, each mat carries its own unique beauty and energy. Stepping onto Tapas feels soft and grounding, like walking barefoot on grass. The mat adapts to the seasons, light and airy in summer, firm and grippy in humid conditions. With a thickness of 6mm to 8mm, Tapas provides the stability and support needed for every movement, accompanying you on your yoga journey.","og_url":"https:\/\/pushclimbing.vn\/vi\/san-pham\/cham-tapas-yoga-mat\/","og_site_name":"Push Climbing","article_publisher":"https:\/\/www.facebook.com\/pushrockclimbing","article_modified_time":"2025-03-24T08:36:12+00:00","twitter_card":"summary_large_image","twitter_misc":{"\u01af\u1edbc t\u00ednh th\u1eddi gian \u0111\u1ecdc":"1 ph\u00fat"},"schema":{"@context":"https:\/\/schema.org","@graph":[{"@type":"WebPage","@id":"https:\/\/pushclimbing.vn\/product\/cham-tapas-yoga-mat\/","url":"https:\/\/pushclimbing.vn\/product\/cham-tapas-yoga-mat\/","name":"CH\u1ea0M TAPAS YOGA MAT - Push Climbing","isPartOf":{"@id":"https:\/\/pushclimbing.vn\/#website"},"datePublished":"2025-02-21T08:29:47+00:00","dateModified":"2025-03-24T08:36:12+00:00","breadcrumb":{"@id":"https:\/\/pushclimbing.vn\/product\/cham-tapas-yoga-mat\/#breadcrumb"},"inLanguage":"vi","potentialAction":[{"@type":"ReadAction","target":["https:\/\/pushclimbing.vn\/product\/cham-tapas-yoga-mat\/"]}]},{"@type":"BreadcrumbList","@id":"https:\/\/pushclimbing.vn\/product\/cham-tapas-yoga-mat\/#breadcrumb","itemListElement":[{"@type":"ListItem","position":1,"name":"Home","item":"https:\/\/pushclimbing.vn\/"},{"@type":"ListItem","position":2,"name":"Shop","item":"https:\/\/pushclimbing.vn\/shop\/"},{"@type":"ListItem","position":3,"name":"CH\u1ea0M TAPAS YOGA MAT"}]},{"@type":"WebSite","@id":"https:\/\/pushclimbing.vn\/#website","url":"https:\/\/pushclimbing.vn\/","name":"Push Climbing","description":"Conquer Your Mountain","publisher":{"@id":"https:\/\/pushclimbing.vn\/#organization"},"potentialAction":[{"@type":"SearchAction","target":{"@type":"EntryPoint","urlTemplate":"https:\/\/pushclimbing.vn\/?s={search_term_string}"},"query-input":{"@type":"PropertyValueSpecification","valueRequired":true,"valueName":"search_term_string"}}],"inLanguage":"vi"},{"@type":"Organization","@id":"https:\/\/pushclimbing.vn\/#organization","name":"Push Climbing","url":"https:\/\/pushclimbing.vn\/","logo":{"@type":"ImageObject","inLanguage":"vi","@id":"https:\/\/pushclimbing.vn\/#\/schema\/logo\/image\/","url":"https:\/\/pushclimbing.vn\/wp-content\/uploads\/2022\/07\/push-logo-canvas.png","contentUrl":"https:\/\/pushclimbing.vn\/wp-content\/uploads\/2022\/07\/push-logo-canvas.png","width":400,"height":400,"caption":"Push Climbing"},"image":{"@id":"https:\/\/pushclimbing.vn\/#\/schema\/logo\/image\/"},"sameAs":["https:\/\/www.facebook.com\/pushrockclimbing"]}]}},"_links":{"self":[{"href":"https:\/\/pushclimbing.vn\/vi\/wp-json\/wp\/v2\/product\/33387","targetHints":{"allow":["GET"]}}],"collection":[{"href":"https:\/\/pushclimbing.vn\/vi\/wp-json\/wp\/v2\/product"}],"about":[{"href":"https:\/\/pushclimbing.vn\/vi\/wp-json\/wp\/v2\/types\/product"}],"replies":[{"embeddable":true,"href":"https:\/\/pushclimbing.vn\/vi\/wp-json\/wp\/v2\/comments?post=33387"}],"wp:attachment":[{"href":"https:\/\/pushclimbing.vn\/vi\/wp-json\/wp\/v2\/media?parent=33387"}],"wp:term":[{"taxonomy":"product_brand","embeddable":true,"href":"https:\/\/pushclimbing.vn\/vi\/wp-json\/wp\/v2\/product_brand?post=33387"},{"taxonomy":"product_cat","embeddable":true,"href":"https:\/\/pushclimbing.vn\/vi\/wp-json\/wp\/v2\/product_cat?post=33387"},{"taxonomy":"product_tag","embeddable":true,"href":"https:\/\/pushclimbing.vn\/vi\/wp-json\/wp\/v2\/product_tag?post=33387"}],"curies":[{"name":"wp","href":"https:\/\/api.w.org\/{rel}","templated":true}]}}