{"id":33257,"date":"2025-02-21T10:58:41","date_gmt":"2025-02-21T03:58:41","guid":{"rendered":"https:\/\/pushclimbing.vn\/?post_type=product&#038;p=33257"},"modified":"2026-03-31T14:50:49","modified_gmt":"2026-03-31T07:50:49","slug":"mad-rock-rhino","status":"publish","type":"product","link":"https:\/\/pushclimbing.vn\/vi\/san-pham\/mad-rock-rhino\/","title":{"rendered":"MAD ROCK RHINO"},"content":{"rendered":"<div class=\"fusion-fullwidth fullwidth-box fusion-builder-row-1 fusion-flex-container nonhundred-percent-fullwidth non-hundred-percent-height-scrolling\" style=\"--awb-border-radius-top-left:0px;--awb-border-radius-top-right:0px;--awb-border-radius-bottom-right:0px;--awb-border-radius-bottom-left:0px;--awb-flex-wrap:wrap;\" ><div class=\"fusion-builder-row fusion-row fusion-flex-align-items-flex-start fusion-flex-content-wrap\" style=\"max-width:1216.8px;margin-left: calc(-4% \/ 2 );margin-right: calc(-4% \/ 2 );\"><div class=\"fusion-layout-column fusion_builder_column fusion-builder-column-0 fusion_builder_column_1_1 1_1 fusion-flex-column\" style=\"--awb-bg-blend:overlay;--awb-bg-size:cover;--awb-width-large:100%;--awb-margin-top-large:0px;--awb-spacing-right-large:1.92%;--awb-margin-bottom-large:0px;--awb-spacing-left-large:1.92%;--awb-width-medium:100%;--awb-spacing-right-medium:1.92%;--awb-spacing-left-medium:1.92%;--awb-width-small:100%;--awb-spacing-right-small:1.92%;--awb-spacing-left-small:1.92%;\"><div class=\"fusion-column-wrapper fusion-flex-justify-content-flex-start fusion-content-layout-column\"><div class=\"fusion-text fusion-text-1\"><p><strong>H\u01af\u1edaNG D\u1eaaN CH\u1eccN SIZE<\/strong><\/p>\n<p><img decoding=\"async\" class=\"lazyload aligncenter size-full wp-image-33283\" src=\"data:image\/svg+xml,%3Csvg%20xmlns%3D%27http%3A%2F%2Fwww.w3.org%2F2000%2Fsvg%27%20width%3D%27800%27%20height%3D%27430%27%20viewBox%3D%270%200%20800%20430%27%3E%3Crect%20width%3D%27800%27%20height%3D%27430%27%20fill-opacity%3D%220%22%2F%3E%3C%2Fsvg%3E\" data-orig-src=\"https:\/\/pushclimbing.vn\/wp-content\/uploads\/2025\/02\/sizing_conversions5_RJOAUGORUE0L_b25e0404-d079-410e-886c-63b157846fa5_800x.webp\" alt=\"\" width=\"800\" height=\"430\" \/><\/p>\n<p class=\"cvGsUA direction-ltr align-start para-style-body\"><strong><span class=\"OYPEnA font-feature-liga-off font-feature-clig-off font-feature-calt-off text-decoration-none text-strikethrough-none\">TH\u00d4NG S\u1ed0 K\u1ef8 THU\u1eacT<\/span><\/strong><\/p>\n<p class=\"cvGsUA direction-ltr align-start para-style-body\"><span class=\"OYPEnA font-feature-liga-off font-feature-clig-off font-feature-calt-off text-decoration-none text-strikethrough-none\">\u0110\u1ed9 c\u1ee9ng: Trung b\u00ecnh - C\u1ee9ng<\/span><\/p>\n<p class=\"cvGsUA direction-ltr align-start para-style-body\"><span class=\"OYPEnA font-feature-liga-off font-feature-clig-off font-feature-calt-off text-decoration-none text-strikethrough-none\">Th\u00e2n gi\u00e0y: Da cao c\u1ea5p<\/span><\/p>\n<p class=\"cvGsUA direction-ltr align-start para-style-body\"><span class=\"OYPEnA font-feature-liga-off font-feature-clig-off font-feature-calt-off text-decoration-none text-strikethrough-none\">L\u00f3t gi\u00e0y: S\u1ee3i gai t\u1ef1 nhi\u00ean (kh\u00e1ng m\u00f9i)<\/span><\/p>\n<p class=\"cvGsUA direction-ltr align-start para-style-body\"><span class=\"OYPEnA font-feature-liga-off font-feature-clig-off font-feature-calt-off text-decoration-none text-strikethrough-none\">Kh\u00f3a gi\u00e0y: D\u00e2y d\u00e1n Velcro<\/span><\/p>\n<p class=\"cvGsUA direction-ltr align-start para-style-body\"><span class=\"OYPEnA font-feature-liga-off font-feature-clig-off font-feature-calt-off text-decoration-none text-strikethrough-none\">L\u1edbp l\u00f3t gi\u1eefa: 1.8mm polyester<\/span><\/p>\n<p class=\"cvGsUA direction-ltr align-start para-style-body\"><span class=\"OYPEnA font-feature-liga-off font-feature-clig-off font-feature-calt-off text-decoration-none text-strikethrough-none\">\u0110\u1ebf gi\u00e0y: D\u00e0y \u0111\u1ebfn 8mm \u1edf m\u0169i ch\u00e2n<\/span><\/p>\n<p class=\"cvGsUA direction-ltr align-start para-style-body\"><span class=\"OYPEnA font-feature-liga-off font-feature-clig-off font-feature-calt-off text-decoration-none text-strikethrough-none\">H\u00ecnh d\u00e1ng: Ph\u1eb3ng, \u0111\u1ed1i x\u1ee9ng (tho\u1ea3i m\u00e1i khi mang)<\/span><\/p>\n<p class=\"cvGsUA direction-ltr align-start para-style-body\"><span class=\"OYPEnA font-feature-liga-off font-feature-clig-off font-feature-calt-off text-decoration-none text-strikethrough-none\">C\u00f4ng d\u1ee5ng t\u1ed1t nh\u1ea5t: Leo trong nh\u00e0, leo \u0111a d\u1ee5ng<\/span><\/p>\n<\/div><\/div><\/div><\/div><\/div>","protected":false},"excerpt":{"rendered":"<p class=\"cvGsUA direction-ltr align-start para-style-body\"><strong><span class=\"OYPEnA font-feature-liga-off font-feature-clig-off font-feature-calt-off text-decoration-none text-strikethrough-none\">Mad Rock Rhino \u2013 B\u1ec1n b\u1ec9 &amp; Tho\u1ea3i m\u00e1i t\u1ed1i \u0111a<\/span><\/strong><\/p>\n<p class=\"cvGsUA direction-ltr align-start para-style-body\"><span class=\"OYPEnA font-feature-liga-off font-feature-clig-off font-feature-calt-off text-decoration-none text-strikethrough-none\">Thi\u1ebft k\u1ebf cho \u0111\u1ecba h\u00ecnh kh\u1eafc nghi\u1ec7t, Mad Rock Rhino c\u00f3 m\u0169i gi\u00e0y v\u00e0 g\u00f3t \u0111\u00fac 3D, lo\u1ea1i b\u1ecf c\u00e1c \u0111\u01b0\u1eddng may y\u1ebfu v\u00e0 t\u0103ng \u0111\u1ed9 b\u1ec1n. L\u1edbp cao su x\u00e1m b\u00e1m d\u00ednh kh\u00f4ng \u0111\u1ec3 l\u1ea1i v\u1ebft tr\u00ean b\u1ec1 m\u1eb7t leo, trong khi ph\u1ea7n th\u00e2n b\u1eb1ng da cao c\u1ea5p v\u00e0 l\u00f3t gi\u00e0y b\u1eb1ng s\u1ee3i gai gi\u00fap gi\u1ea3m m\u00f9i \u2013 l\u00fd t\u01b0\u1edfng cho m\u1ee5c \u0111\u00edch cho thu\u00ea.<\/span><\/p>\n<p class=\"cvGsUA direction-ltr align-start para-style-body\"><span class=\"OYPEnA font-feature-liga-off font-feature-clig-off font-feature-calt-off text-decoration-none text-strikethrough-none\">V\u1edbi thi\u1ebft k\u1ebf kh\u00f3a d\u00e1n Velcro hai d\u00e2y v\u00e0 \u0111\u1ed9 b\u1ea5t \u0111\u1ed1i x\u1ee9ng th\u1ea5p, Mad Rock Rhino mang l\u1ea1i s\u1ef1 v\u1eeba v\u1eb7n tho\u1ea3i m\u00e1i nh\u01b0ng v\u1eabn ch\u1eafc ch\u1eafn. D\u00f9 kh\u00f4ng h\u1ed7 tr\u1ee3 leo m\u00e9p ch\u00ednh x\u00e1c nh\u01b0 Badger, nh\u01b0ng Rhino v\u01b0\u1ee3t tr\u1ed9i v\u1ec1 \u0111\u1ed9 b\u1ec1n, kh\u1ea3 n\u0103ng b\u1ea3o v\u1ec7 v\u00e0 hi\u1ec7u su\u1ea5t to\u00e0n di\u1ec7n. L\u00fd t\u01b0\u1edfng cho leo trong nh\u00e0 v\u00e0 h\u01b0\u1edbng d\u1eabn vi\u00ean leo n\u00fai.<\/span><\/p>","protected":false},"featured_media":22573,"comment_status":"open","ping_status":"closed","template":"","meta":{"_acf_changed":false},"product_brand":[1007],"product_cat":[1023,1024],"product_tag":[21,51,22,999,998,468],"class_list":{"0":"post-33257","1":"product","2":"type-product","3":"status-publish","4":"has-post-thumbnail","6":"product_brand-madrock","7":"product_cat-climbing","8":"product_cat-shoes","9":"product_tag-climbing-shoes","10":"product_tag-giay-leo-nui","11":"product_tag-mad-rock","12":"product_tag-mad-rock-rhino","13":"product_tag-rhino","14":"product_tag-shoes","16":"first","17":"instock","18":"taxable","19":"shipping-taxable","20":"product-type-variable"},"acf":[],"yoast_head":"<!-- This site is optimized with the Yoast SEO plugin v27.3 - https:\/\/yoast.com\/product\/yoast-seo-wordpress\/ -->\n<title>MAD ROCK RHINO - Push Climbing<\/title>\n<meta name=\"robots\" content=\"index, follow, max-snippet:-1, max-image-preview:large, max-video-preview:-1\" \/>\n<link rel=\"canonical\" href=\"https:\/\/pushclimbing.vn\/vi\/san-pham\/mad-rock-rhino\/\" \/>\n<meta property=\"og:locale\" content=\"vi_VN\" \/>\n<meta property=\"og:type\" content=\"article\" \/>\n<meta property=\"og:title\" content=\"MAD ROCK RHINO - Push Climbing\" \/>\n<meta property=\"og:description\" content=\"Mad Rock Rhino \u2013 Built for Durability &amp; Comfort Designed for tough terrain, the Rhino features a 3D-molded toe box and heel cup, eliminating weak seams and enhancing durability. The sticky grey rubber prevents marks on climbing surfaces, while the premium leather upper and hemp footbed help reduce odor\u2014perfect for rental use. With a dual-strap Velcro closure and low asymmetry, the Rhino offers a comfortable yet secure fit. While it may not edge as precisely as the Badger, it excels in longevity, protection, and all-around performance. Ideal for gym climbing and guiding use.\" \/>\n<meta property=\"og:url\" content=\"https:\/\/pushclimbing.vn\/vi\/san-pham\/mad-rock-rhino\/\" \/>\n<meta property=\"og:site_name\" content=\"Push Climbing\" \/>\n<meta property=\"article:publisher\" content=\"https:\/\/www.facebook.com\/pushrockclimbing\" \/>\n<meta property=\"article:modified_time\" content=\"2026-03-31T07:50:49+00:00\" \/>\n<meta property=\"og:image\" content=\"https:\/\/pushclimbing.vn\/wp-content\/uploads\/2022\/09\/opplanet-mad-rock-rhino-climbing-shoe-mens-blue-12-us-455-12-av-1.jpg\" \/>\n\t<meta property=\"og:image:width\" content=\"440\" \/>\n\t<meta property=\"og:image:height\" content=\"440\" \/>\n\t<meta property=\"og:image:type\" content=\"image\/jpeg\" \/>\n<meta name=\"twitter:card\" content=\"summary_large_image\" \/>\n<meta name=\"twitter:label1\" content=\"\u01af\u1edbc t\u00ednh th\u1eddi gian \u0111\u1ecdc\" \/>\n\t<meta name=\"twitter:data1\" content=\"1 ph\u00fat\" \/>\n<script type=\"application\/ld+json\" class=\"yoast-schema-graph\">{\"@context\":\"https:\\\/\\\/schema.org\",\"@graph\":[{\"@type\":\"WebPage\",\"@id\":\"https:\\\/\\\/pushclimbing.vn\\\/product\\\/mad-rock-rhino\\\/\",\"url\":\"https:\\\/\\\/pushclimbing.vn\\\/product\\\/mad-rock-rhino\\\/\",\"name\":\"MAD ROCK RHINO - Push Climbing\",\"isPartOf\":{\"@id\":\"https:\\\/\\\/pushclimbing.vn\\\/#website\"},\"primaryImageOfPage\":{\"@id\":\"https:\\\/\\\/pushclimbing.vn\\\/product\\\/mad-rock-rhino\\\/#primaryimage\"},\"image\":{\"@id\":\"https:\\\/\\\/pushclimbing.vn\\\/product\\\/mad-rock-rhino\\\/#primaryimage\"},\"thumbnailUrl\":\"https:\\\/\\\/pushclimbing.vn\\\/wp-content\\\/uploads\\\/2022\\\/09\\\/opplanet-mad-rock-rhino-climbing-shoe-mens-blue-12-us-455-12-av-1.jpg\",\"datePublished\":\"2025-02-21T03:58:41+00:00\",\"dateModified\":\"2026-03-31T07:50:49+00:00\",\"breadcrumb\":{\"@id\":\"https:\\\/\\\/pushclimbing.vn\\\/product\\\/mad-rock-rhino\\\/#breadcrumb\"},\"inLanguage\":\"vi\",\"potentialAction\":[{\"@type\":\"ReadAction\",\"target\":[\"https:\\\/\\\/pushclimbing.vn\\\/product\\\/mad-rock-rhino\\\/\"]}]},{\"@type\":\"ImageObject\",\"inLanguage\":\"vi\",\"@id\":\"https:\\\/\\\/pushclimbing.vn\\\/product\\\/mad-rock-rhino\\\/#primaryimage\",\"url\":\"https:\\\/\\\/pushclimbing.vn\\\/wp-content\\\/uploads\\\/2022\\\/09\\\/opplanet-mad-rock-rhino-climbing-shoe-mens-blue-12-us-455-12-av-1.jpg\",\"contentUrl\":\"https:\\\/\\\/pushclimbing.vn\\\/wp-content\\\/uploads\\\/2022\\\/09\\\/opplanet-mad-rock-rhino-climbing-shoe-mens-blue-12-us-455-12-av-1.jpg\",\"width\":440,\"height\":440},{\"@type\":\"BreadcrumbList\",\"@id\":\"https:\\\/\\\/pushclimbing.vn\\\/product\\\/mad-rock-rhino\\\/#breadcrumb\",\"itemListElement\":[{\"@type\":\"ListItem\",\"position\":1,\"name\":\"Home\",\"item\":\"https:\\\/\\\/pushclimbing.vn\\\/\"},{\"@type\":\"ListItem\",\"position\":2,\"name\":\"Shop\",\"item\":\"https:\\\/\\\/pushclimbing.vn\\\/shop\\\/\"},{\"@type\":\"ListItem\",\"position\":3,\"name\":\"MAD ROCK RHINO\"}]},{\"@type\":\"WebSite\",\"@id\":\"https:\\\/\\\/pushclimbing.vn\\\/#website\",\"url\":\"https:\\\/\\\/pushclimbing.vn\\\/\",\"name\":\"Push Climbing\",\"description\":\"Conquer Your Mountain\",\"publisher\":{\"@id\":\"https:\\\/\\\/pushclimbing.vn\\\/#organization\"},\"potentialAction\":[{\"@type\":\"SearchAction\",\"target\":{\"@type\":\"EntryPoint\",\"urlTemplate\":\"https:\\\/\\\/pushclimbing.vn\\\/?s={search_term_string}\"},\"query-input\":{\"@type\":\"PropertyValueSpecification\",\"valueRequired\":true,\"valueName\":\"search_term_string\"}}],\"inLanguage\":\"vi\"},{\"@type\":\"Organization\",\"@id\":\"https:\\\/\\\/pushclimbing.vn\\\/#organization\",\"name\":\"Push Climbing\",\"url\":\"https:\\\/\\\/pushclimbing.vn\\\/\",\"logo\":{\"@type\":\"ImageObject\",\"inLanguage\":\"vi\",\"@id\":\"https:\\\/\\\/pushclimbing.vn\\\/#\\\/schema\\\/logo\\\/image\\\/\",\"url\":\"https:\\\/\\\/pushclimbing.vn\\\/wp-content\\\/uploads\\\/2022\\\/07\\\/push-logo-canvas.png\",\"contentUrl\":\"https:\\\/\\\/pushclimbing.vn\\\/wp-content\\\/uploads\\\/2022\\\/07\\\/push-logo-canvas.png\",\"width\":400,\"height\":400,\"caption\":\"Push Climbing\"},\"image\":{\"@id\":\"https:\\\/\\\/pushclimbing.vn\\\/#\\\/schema\\\/logo\\\/image\\\/\"},\"sameAs\":[\"https:\\\/\\\/www.facebook.com\\\/pushrockclimbing\"]}]}<\/script>\n<!-- \/ Yoast SEO plugin. -->","yoast_head_json":{"title":"MAD ROCK RHINO - Push Climbing","robots":{"index":"index","follow":"follow","max-snippet":"max-snippet:-1","max-image-preview":"max-image-preview:large","max-video-preview":"max-video-preview:-1"},"canonical":"https:\/\/pushclimbing.vn\/vi\/san-pham\/mad-rock-rhino\/","og_locale":"vi_VN","og_type":"article","og_title":"MAD ROCK RHINO - Push Climbing","og_description":"Mad Rock Rhino \u2013 Built for Durability &amp; Comfort Designed for tough terrain, the Rhino features a 3D-molded toe box and heel cup, eliminating weak seams and enhancing durability. The sticky grey rubber prevents marks on climbing surfaces, while the premium leather upper and hemp footbed help reduce odor\u2014perfect for rental use. With a dual-strap Velcro closure and low asymmetry, the Rhino offers a comfortable yet secure fit. While it may not edge as precisely as the Badger, it excels in longevity, protection, and all-around performance. Ideal for gym climbing and guiding use.","og_url":"https:\/\/pushclimbing.vn\/vi\/san-pham\/mad-rock-rhino\/","og_site_name":"Push Climbing","article_publisher":"https:\/\/www.facebook.com\/pushrockclimbing","article_modified_time":"2026-03-31T07:50:49+00:00","og_image":[{"width":440,"height":440,"url":"https:\/\/pushclimbing.vn\/wp-content\/uploads\/2022\/09\/opplanet-mad-rock-rhino-climbing-shoe-mens-blue-12-us-455-12-av-1.jpg","type":"image\/jpeg"}],"twitter_card":"summary_large_image","twitter_misc":{"\u01af\u1edbc t\u00ednh th\u1eddi gian \u0111\u1ecdc":"1 ph\u00fat"},"schema":{"@context":"https:\/\/schema.org","@graph":[{"@type":"WebPage","@id":"https:\/\/pushclimbing.vn\/product\/mad-rock-rhino\/","url":"https:\/\/pushclimbing.vn\/product\/mad-rock-rhino\/","name":"MAD ROCK RHINO - Push Climbing","isPartOf":{"@id":"https:\/\/pushclimbing.vn\/#website"},"primaryImageOfPage":{"@id":"https:\/\/pushclimbing.vn\/product\/mad-rock-rhino\/#primaryimage"},"image":{"@id":"https:\/\/pushclimbing.vn\/product\/mad-rock-rhino\/#primaryimage"},"thumbnailUrl":"https:\/\/pushclimbing.vn\/wp-content\/uploads\/2022\/09\/opplanet-mad-rock-rhino-climbing-shoe-mens-blue-12-us-455-12-av-1.jpg","datePublished":"2025-02-21T03:58:41+00:00","dateModified":"2026-03-31T07:50:49+00:00","breadcrumb":{"@id":"https:\/\/pushclimbing.vn\/product\/mad-rock-rhino\/#breadcrumb"},"inLanguage":"vi","potentialAction":[{"@type":"ReadAction","target":["https:\/\/pushclimbing.vn\/product\/mad-rock-rhino\/"]}]},{"@type":"ImageObject","inLanguage":"vi","@id":"https:\/\/pushclimbing.vn\/product\/mad-rock-rhino\/#primaryimage","url":"https:\/\/pushclimbing.vn\/wp-content\/uploads\/2022\/09\/opplanet-mad-rock-rhino-climbing-shoe-mens-blue-12-us-455-12-av-1.jpg","contentUrl":"https:\/\/pushclimbing.vn\/wp-content\/uploads\/2022\/09\/opplanet-mad-rock-rhino-climbing-shoe-mens-blue-12-us-455-12-av-1.jpg","width":440,"height":440},{"@type":"BreadcrumbList","@id":"https:\/\/pushclimbing.vn\/product\/mad-rock-rhino\/#breadcrumb","itemListElement":[{"@type":"ListItem","position":1,"name":"Home","item":"https:\/\/pushclimbing.vn\/"},{"@type":"ListItem","position":2,"name":"Shop","item":"https:\/\/pushclimbing.vn\/shop\/"},{"@type":"ListItem","position":3,"name":"MAD ROCK RHINO"}]},{"@type":"WebSite","@id":"https:\/\/pushclimbing.vn\/#website","url":"https:\/\/pushclimbing.vn\/","name":"Push Climbing","description":"Conquer Your Mountain","publisher":{"@id":"https:\/\/pushclimbing.vn\/#organization"},"potentialAction":[{"@type":"SearchAction","target":{"@type":"EntryPoint","urlTemplate":"https:\/\/pushclimbing.vn\/?s={search_term_string}"},"query-input":{"@type":"PropertyValueSpecification","valueRequired":true,"valueName":"search_term_string"}}],"inLanguage":"vi"},{"@type":"Organization","@id":"https:\/\/pushclimbing.vn\/#organization","name":"Push Climbing","url":"https:\/\/pushclimbing.vn\/","logo":{"@type":"ImageObject","inLanguage":"vi","@id":"https:\/\/pushclimbing.vn\/#\/schema\/logo\/image\/","url":"https:\/\/pushclimbing.vn\/wp-content\/uploads\/2022\/07\/push-logo-canvas.png","contentUrl":"https:\/\/pushclimbing.vn\/wp-content\/uploads\/2022\/07\/push-logo-canvas.png","width":400,"height":400,"caption":"Push Climbing"},"image":{"@id":"https:\/\/pushclimbing.vn\/#\/schema\/logo\/image\/"},"sameAs":["https:\/\/www.facebook.com\/pushrockclimbing"]}]}},"_links":{"self":[{"href":"https:\/\/pushclimbing.vn\/vi\/wp-json\/wp\/v2\/product\/33257","targetHints":{"allow":["GET"]}}],"collection":[{"href":"https:\/\/pushclimbing.vn\/vi\/wp-json\/wp\/v2\/product"}],"about":[{"href":"https:\/\/pushclimbing.vn\/vi\/wp-json\/wp\/v2\/types\/product"}],"replies":[{"embeddable":true,"href":"https:\/\/pushclimbing.vn\/vi\/wp-json\/wp\/v2\/comments?post=33257"}],"wp:featuredmedia":[{"embeddable":true,"href":"https:\/\/pushclimbing.vn\/vi\/wp-json\/wp\/v2\/media\/22573"}],"wp:attachment":[{"href":"https:\/\/pushclimbing.vn\/vi\/wp-json\/wp\/v2\/media?parent=33257"}],"wp:term":[{"taxonomy":"product_brand","embeddable":true,"href":"https:\/\/pushclimbing.vn\/vi\/wp-json\/wp\/v2\/product_brand?post=33257"},{"taxonomy":"product_cat","embeddable":true,"href":"https:\/\/pushclimbing.vn\/vi\/wp-json\/wp\/v2\/product_cat?post=33257"},{"taxonomy":"product_tag","embeddable":true,"href":"https:\/\/pushclimbing.vn\/vi\/wp-json\/wp\/v2\/product_tag?post=33257"}],"curies":[{"name":"wp","href":"https:\/\/api.w.org\/{rel}","templated":true}]}}