{"id":32964,"date":"2025-01-15T17:26:20","date_gmt":"2025-01-15T10:26:20","guid":{"rendered":"https:\/\/pushclimbing.vn\/?post_type=product&#038;p=32964"},"modified":"2026-03-31T14:49:09","modified_gmt":"2026-03-31T07:49:09","slug":"mad-rock-harness-venus-5-0","status":"publish","type":"product","link":"https:\/\/pushclimbing.vn\/vi\/san-pham\/mad-rock-harness-venus-5-0\/","title":{"rendered":"\u0110ai Leo N\u00fai Mad Rock Venus 5.0"},"content":{"rendered":"<div class=\"fusion-fullwidth fullwidth-box fusion-builder-row-1 fusion-flex-container nonhundred-percent-fullwidth non-hundred-percent-height-scrolling\" style=\"--awb-border-radius-top-left:0px;--awb-border-radius-top-right:0px;--awb-border-radius-bottom-right:0px;--awb-border-radius-bottom-left:0px;--awb-flex-wrap:wrap;\" ><div class=\"fusion-builder-row fusion-row fusion-flex-align-items-flex-start fusion-flex-content-wrap\" style=\"max-width:1216.8px;margin-left: calc(-4% \/ 2 );margin-right: calc(-4% \/ 2 );\"><div class=\"fusion-layout-column fusion_builder_column fusion-builder-column-0 fusion_builder_column_1_1 1_1 fusion-flex-column\" style=\"--awb-bg-blend:overlay;--awb-bg-size:cover;--awb-width-large:100%;--awb-margin-top-large:0px;--awb-spacing-right-large:1.92%;--awb-margin-bottom-large:0px;--awb-spacing-left-large:1.92%;--awb-width-medium:100%;--awb-spacing-right-medium:1.92%;--awb-spacing-left-medium:1.92%;--awb-width-small:100%;--awb-spacing-right-small:1.92%;--awb-spacing-left-small:1.92%;\"><div class=\"fusion-column-wrapper fusion-flex-justify-content-flex-start fusion-content-layout-column\"><div class=\"fusion-text fusion-text-1\"><div>\n<div>\n<p>Venus 5.0 \u0111\u00e3 \u0111\u01b0\u1ee3c thi\u1ebft k\u1ebf l\u1ea1i ho\u00e0n to\u00e0n, ph\u00e2n b\u1ed1 \u0111\u1ec1u \u00e1p l\u1ef1c nh\u1edd c\u00f4ng ngh\u1ec7 l\u1edbp laminate, gi\u1ea3m c\u0103ng th\u1eb3ng c\u01a1 th\u1ec3 v\u00e0 t\u0103ng c\u01b0\u1eddng s\u1ef1 tho\u1ea3i m\u00e1i. Thi\u1ebft k\u1ebf nh\u1eb9 gi\u00fap s\u1ea3n ph\u1ea9m ph\u00f9 h\u1ee3p v\u1edbi t\u1ea5t c\u1ea3 c\u00e1c lo\u1ea1i h\u00ecnh leo n\u00fai.<\/p>\n<p>M\u00e0u S\u1eafc M\u1edbi: Cam Qu\u00fdt, Xanh B\u1ea1c H\u00e0, Kem.<\/p>\n<\/div>\n<div>\n<p><strong>\u0110\u1eb7c \u0110i\u1ec3m N\u1ed5i B\u1eadt:<\/strong><\/p>\n<\/div>\n<ul>\n<li>Kh\u00f3a T\u1ed1c \u0110\u1ed9 M\u1edbi: \u0110i\u1ec1u ch\u1ec9nh nhanh, ch\u1ed1ng tr\u01b0\u1ee3t.<\/li>\n<li>D\u00e2y \u0110ai \u0110\u01b0\u1ee3c U\u1ed1n S\u1eb5n: V\u1eeba v\u1eb7n t\u1ef1 nhi\u00ean.<\/li>\n<li>4 V\u00f2ng Gear: B\u1ec1n b\u1ec9, l\u00fd t\u01b0\u1edfng cho c\u1ea3 leo n\u00fai th\u1ec3 thao v\u00e0 truy\u1ec1n th\u1ed1ng (trad).<\/li>\n<li>V\u1ea3i H\u00fat \u1ea8m: Tho\u1ea3i m\u00e1i trong nh\u1eefng bu\u1ed5i leo n\u00fai d\u00e0i.<\/li>\n<li>Thi\u1ebft K\u1ebf D\u00e0nh Cho Ph\u1ee5 N\u1eef: V\u00f2ng eo v\u00e0 v\u00f2ng ch\u00e2n r\u1ed9ng h\u01a1n \u0111\u1ec3 v\u1eeba v\u1eb7n h\u01a1n.<\/li>\n<\/ul>\n<\/div>\n<p><strong>M\u00f4 T\u1ea3 K\u1ef9 Thu\u1eadt<\/strong><\/p>\n<p>V\u00f2ng Belay: 26 kN<\/p>\n<p><strong>K\u00edch c\u1ee1 (inches)<\/strong><\/p>\n<table width=\"559\">\n<tbody>\n<tr>\n<td><\/td>\n<td>XS<\/td>\n<td>S<\/td>\n<td>M<\/td>\n<td>L<\/td>\n<\/tr>\n<tr>\n<td>V\u00f2ng eo<\/td>\n<td>\n<div><\/div>\n<p>25&#8243;\u201327&#8243;<\/td>\n<td>\n<div><\/div>\n<p>27&#8243;\u201329&#8243;<\/td>\n<td>\n<div><\/div>\n<p>29&#8243;\u201331&#8243;<\/td>\n<td>\n<div><\/div>\n<p>31&#8243;\u201333&#8243;<\/td>\n<\/tr>\n<tr>\n<td>Ch\u00e2n<\/td>\n<td>\n<div><\/div>\n<p>18&#8243;-20&#8243;<\/td>\n<td>\n<div><\/div>\n<p>19&#8243;-21&#8243;<\/td>\n<td>\n<div><\/div>\n<p>20&#8243;-22&#8243;<\/td>\n<td>\n<div><\/div>\n<p>21&#8243;-23&#8243;<\/td>\n<\/tr>\n<\/tbody>\n<\/table>\n<p>&nbsp;<\/p>\n<\/div><div class=\"fusion-text fusion-text-2\"><p><img decoding=\"async\" class=\"lazyload alignnone size-full wp-image-32968\" src=\"data:image\/svg+xml,%3Csvg%20xmlns%3D%27http%3A%2F%2Fwww.w3.org%2F2000%2Fsvg%27%20width%3D%27940%27%20height%3D%27788%27%20viewBox%3D%270%200%20940%20788%27%3E%3Crect%20width%3D%27940%27%20height%3D%27788%27%20fill-opacity%3D%220%22%2F%3E%3C%2Fsvg%3E\" data-orig-src=\"https:\/\/pushclimbing.vn\/wp-content\/uploads\/2025\/01\/MHSV5.png\" alt=\"\" width=\"940\" height=\"788\" \/><\/p>\n<\/div><\/div><\/div><\/div><\/div>","protected":false},"excerpt":{"rendered":"<div>\n<div>\n<p>\u0110ai leo n\u00fai n\u1eef m\u1edbi nh\u1ea5t, phi\u00ean b\u1ea3n 2025. C\u00f4ng ngh\u1ec7 ti\u00ean ti\u1ebfn mang l\u1ea1i s\u1ef1 tho\u1ea3i m\u00e1i v\u00e0 an to\u00e0n v\u01b0\u1ee3t tr\u1ed9i m\u00e0 kh\u00f4ng c\u1ea7n l\u1edbp \u0111\u1ec7m d\u00e0y c\u1ed3ng k\u1ec1nh.<\/p>\n<\/div>\n<\/div>","protected":false},"featured_media":24928,"comment_status":"open","ping_status":"closed","template":"","meta":{"_acf_changed":false},"product_brand":[1007],"product_cat":[1023,1025],"product_tag":[483,31,32,983],"class_list":{"0":"post-32964","1":"product","2":"type-product","3":"status-publish","4":"has-post-thumbnail","6":"product_brand-madrock","7":"product_cat-climbing","8":"product_cat-harness","9":"product_tag-climbing-harness","10":"product_tag-harness","11":"product_tag-madrock","12":"product_tag-venus-5-0","14":"first","15":"instock","16":"featured","17":"taxable","18":"shipping-taxable","19":"product-type-simple"},"acf":[],"yoast_head":"<!-- This site is optimized with the Yoast SEO plugin v27.3 - https:\/\/yoast.com\/product\/yoast-seo-wordpress\/ -->\n<title>Mad Rock Harness Venus 5.0 - Push Climbing<\/title>\n<meta name=\"robots\" content=\"index, follow, max-snippet:-1, max-image-preview:large, max-video-preview:-1\" \/>\n<link rel=\"canonical\" href=\"https:\/\/pushclimbing.vn\/vi\/san-pham\/mad-rock-harness-venus-5-0\/\" \/>\n<meta property=\"og:locale\" content=\"vi_VN\" \/>\n<meta property=\"og:type\" content=\"article\" \/>\n<meta property=\"og:title\" content=\"Mad Rock Harness Venus 5.0 - Push Climbing\" \/>\n<meta property=\"og:description\" content=\"The latest women&#039;s climbing harness, 2025 version. Advanced technology provides exceptional comfort and safety without the need for bulky padding.\" \/>\n<meta property=\"og:url\" content=\"https:\/\/pushclimbing.vn\/vi\/san-pham\/mad-rock-harness-venus-5-0\/\" \/>\n<meta property=\"og:site_name\" content=\"Push Climbing\" \/>\n<meta property=\"article:publisher\" content=\"https:\/\/www.facebook.com\/pushrockclimbing\" \/>\n<meta property=\"article:modified_time\" content=\"2026-03-31T07:49:09+00:00\" \/>\n<meta property=\"og:image\" content=\"https:\/\/pushclimbing.vn\/wp-content\/uploads\/2023\/01\/Venus.jpg\" \/>\n\t<meta property=\"og:image:width\" content=\"540\" \/>\n\t<meta property=\"og:image:height\" content=\"540\" \/>\n\t<meta property=\"og:image:type\" content=\"image\/jpeg\" \/>\n<meta name=\"twitter:card\" content=\"summary_large_image\" \/>\n<meta name=\"twitter:label1\" content=\"\u01af\u1edbc t\u00ednh th\u1eddi gian \u0111\u1ecdc\" \/>\n\t<meta name=\"twitter:data1\" content=\"1 ph\u00fat\" \/>\n<script type=\"application\/ld+json\" class=\"yoast-schema-graph\">{\"@context\":\"https:\\\/\\\/schema.org\",\"@graph\":[{\"@type\":\"WebPage\",\"@id\":\"https:\\\/\\\/pushclimbing.vn\\\/product\\\/mad-rock-harness-venus-5-0\\\/\",\"url\":\"https:\\\/\\\/pushclimbing.vn\\\/product\\\/mad-rock-harness-venus-5-0\\\/\",\"name\":\"Mad Rock Harness Venus 5.0 - Push Climbing\",\"isPartOf\":{\"@id\":\"https:\\\/\\\/pushclimbing.vn\\\/#website\"},\"primaryImageOfPage\":{\"@id\":\"https:\\\/\\\/pushclimbing.vn\\\/product\\\/mad-rock-harness-venus-5-0\\\/#primaryimage\"},\"image\":{\"@id\":\"https:\\\/\\\/pushclimbing.vn\\\/product\\\/mad-rock-harness-venus-5-0\\\/#primaryimage\"},\"thumbnailUrl\":\"https:\\\/\\\/pushclimbing.vn\\\/wp-content\\\/uploads\\\/2023\\\/01\\\/Venus.jpg\",\"datePublished\":\"2025-01-15T10:26:20+00:00\",\"dateModified\":\"2026-03-31T07:49:09+00:00\",\"breadcrumb\":{\"@id\":\"https:\\\/\\\/pushclimbing.vn\\\/product\\\/mad-rock-harness-venus-5-0\\\/#breadcrumb\"},\"inLanguage\":\"vi\",\"potentialAction\":[{\"@type\":\"ReadAction\",\"target\":[\"https:\\\/\\\/pushclimbing.vn\\\/product\\\/mad-rock-harness-venus-5-0\\\/\"]}]},{\"@type\":\"ImageObject\",\"inLanguage\":\"vi\",\"@id\":\"https:\\\/\\\/pushclimbing.vn\\\/product\\\/mad-rock-harness-venus-5-0\\\/#primaryimage\",\"url\":\"https:\\\/\\\/pushclimbing.vn\\\/wp-content\\\/uploads\\\/2023\\\/01\\\/Venus.jpg\",\"contentUrl\":\"https:\\\/\\\/pushclimbing.vn\\\/wp-content\\\/uploads\\\/2023\\\/01\\\/Venus.jpg\",\"width\":540,\"height\":540},{\"@type\":\"BreadcrumbList\",\"@id\":\"https:\\\/\\\/pushclimbing.vn\\\/product\\\/mad-rock-harness-venus-5-0\\\/#breadcrumb\",\"itemListElement\":[{\"@type\":\"ListItem\",\"position\":1,\"name\":\"Home\",\"item\":\"https:\\\/\\\/pushclimbing.vn\\\/\"},{\"@type\":\"ListItem\",\"position\":2,\"name\":\"Shop\",\"item\":\"https:\\\/\\\/pushclimbing.vn\\\/shop\\\/\"},{\"@type\":\"ListItem\",\"position\":3,\"name\":\"Mad Rock Harness Venus 5.0\"}]},{\"@type\":\"WebSite\",\"@id\":\"https:\\\/\\\/pushclimbing.vn\\\/#website\",\"url\":\"https:\\\/\\\/pushclimbing.vn\\\/\",\"name\":\"Push Climbing\",\"description\":\"Conquer Your Mountain\",\"publisher\":{\"@id\":\"https:\\\/\\\/pushclimbing.vn\\\/#organization\"},\"potentialAction\":[{\"@type\":\"SearchAction\",\"target\":{\"@type\":\"EntryPoint\",\"urlTemplate\":\"https:\\\/\\\/pushclimbing.vn\\\/?s={search_term_string}\"},\"query-input\":{\"@type\":\"PropertyValueSpecification\",\"valueRequired\":true,\"valueName\":\"search_term_string\"}}],\"inLanguage\":\"vi\"},{\"@type\":\"Organization\",\"@id\":\"https:\\\/\\\/pushclimbing.vn\\\/#organization\",\"name\":\"Push Climbing\",\"url\":\"https:\\\/\\\/pushclimbing.vn\\\/\",\"logo\":{\"@type\":\"ImageObject\",\"inLanguage\":\"vi\",\"@id\":\"https:\\\/\\\/pushclimbing.vn\\\/#\\\/schema\\\/logo\\\/image\\\/\",\"url\":\"https:\\\/\\\/pushclimbing.vn\\\/wp-content\\\/uploads\\\/2022\\\/07\\\/push-logo-canvas.png\",\"contentUrl\":\"https:\\\/\\\/pushclimbing.vn\\\/wp-content\\\/uploads\\\/2022\\\/07\\\/push-logo-canvas.png\",\"width\":400,\"height\":400,\"caption\":\"Push Climbing\"},\"image\":{\"@id\":\"https:\\\/\\\/pushclimbing.vn\\\/#\\\/schema\\\/logo\\\/image\\\/\"},\"sameAs\":[\"https:\\\/\\\/www.facebook.com\\\/pushrockclimbing\"]}]}<\/script>\n<!-- \/ Yoast SEO plugin. -->","yoast_head_json":{"title":"Mad Rock Harness Venus 5.0 - Push Climbing","robots":{"index":"index","follow":"follow","max-snippet":"max-snippet:-1","max-image-preview":"max-image-preview:large","max-video-preview":"max-video-preview:-1"},"canonical":"https:\/\/pushclimbing.vn\/vi\/san-pham\/mad-rock-harness-venus-5-0\/","og_locale":"vi_VN","og_type":"article","og_title":"Mad Rock Harness Venus 5.0 - Push Climbing","og_description":"The latest women's climbing harness, 2025 version. Advanced technology provides exceptional comfort and safety without the need for bulky padding.","og_url":"https:\/\/pushclimbing.vn\/vi\/san-pham\/mad-rock-harness-venus-5-0\/","og_site_name":"Push Climbing","article_publisher":"https:\/\/www.facebook.com\/pushrockclimbing","article_modified_time":"2026-03-31T07:49:09+00:00","og_image":[{"width":540,"height":540,"url":"https:\/\/pushclimbing.vn\/wp-content\/uploads\/2023\/01\/Venus.jpg","type":"image\/jpeg"}],"twitter_card":"summary_large_image","twitter_misc":{"\u01af\u1edbc t\u00ednh th\u1eddi gian \u0111\u1ecdc":"1 ph\u00fat"},"schema":{"@context":"https:\/\/schema.org","@graph":[{"@type":"WebPage","@id":"https:\/\/pushclimbing.vn\/product\/mad-rock-harness-venus-5-0\/","url":"https:\/\/pushclimbing.vn\/product\/mad-rock-harness-venus-5-0\/","name":"Mad Rock Harness Venus 5.0 - Push Climbing","isPartOf":{"@id":"https:\/\/pushclimbing.vn\/#website"},"primaryImageOfPage":{"@id":"https:\/\/pushclimbing.vn\/product\/mad-rock-harness-venus-5-0\/#primaryimage"},"image":{"@id":"https:\/\/pushclimbing.vn\/product\/mad-rock-harness-venus-5-0\/#primaryimage"},"thumbnailUrl":"https:\/\/pushclimbing.vn\/wp-content\/uploads\/2023\/01\/Venus.jpg","datePublished":"2025-01-15T10:26:20+00:00","dateModified":"2026-03-31T07:49:09+00:00","breadcrumb":{"@id":"https:\/\/pushclimbing.vn\/product\/mad-rock-harness-venus-5-0\/#breadcrumb"},"inLanguage":"vi","potentialAction":[{"@type":"ReadAction","target":["https:\/\/pushclimbing.vn\/product\/mad-rock-harness-venus-5-0\/"]}]},{"@type":"ImageObject","inLanguage":"vi","@id":"https:\/\/pushclimbing.vn\/product\/mad-rock-harness-venus-5-0\/#primaryimage","url":"https:\/\/pushclimbing.vn\/wp-content\/uploads\/2023\/01\/Venus.jpg","contentUrl":"https:\/\/pushclimbing.vn\/wp-content\/uploads\/2023\/01\/Venus.jpg","width":540,"height":540},{"@type":"BreadcrumbList","@id":"https:\/\/pushclimbing.vn\/product\/mad-rock-harness-venus-5-0\/#breadcrumb","itemListElement":[{"@type":"ListItem","position":1,"name":"Home","item":"https:\/\/pushclimbing.vn\/"},{"@type":"ListItem","position":2,"name":"Shop","item":"https:\/\/pushclimbing.vn\/shop\/"},{"@type":"ListItem","position":3,"name":"Mad Rock Harness Venus 5.0"}]},{"@type":"WebSite","@id":"https:\/\/pushclimbing.vn\/#website","url":"https:\/\/pushclimbing.vn\/","name":"Push Climbing","description":"Conquer Your Mountain","publisher":{"@id":"https:\/\/pushclimbing.vn\/#organization"},"potentialAction":[{"@type":"SearchAction","target":{"@type":"EntryPoint","urlTemplate":"https:\/\/pushclimbing.vn\/?s={search_term_string}"},"query-input":{"@type":"PropertyValueSpecification","valueRequired":true,"valueName":"search_term_string"}}],"inLanguage":"vi"},{"@type":"Organization","@id":"https:\/\/pushclimbing.vn\/#organization","name":"Push Climbing","url":"https:\/\/pushclimbing.vn\/","logo":{"@type":"ImageObject","inLanguage":"vi","@id":"https:\/\/pushclimbing.vn\/#\/schema\/logo\/image\/","url":"https:\/\/pushclimbing.vn\/wp-content\/uploads\/2022\/07\/push-logo-canvas.png","contentUrl":"https:\/\/pushclimbing.vn\/wp-content\/uploads\/2022\/07\/push-logo-canvas.png","width":400,"height":400,"caption":"Push Climbing"},"image":{"@id":"https:\/\/pushclimbing.vn\/#\/schema\/logo\/image\/"},"sameAs":["https:\/\/www.facebook.com\/pushrockclimbing"]}]}},"_links":{"self":[{"href":"https:\/\/pushclimbing.vn\/vi\/wp-json\/wp\/v2\/product\/32964","targetHints":{"allow":["GET"]}}],"collection":[{"href":"https:\/\/pushclimbing.vn\/vi\/wp-json\/wp\/v2\/product"}],"about":[{"href":"https:\/\/pushclimbing.vn\/vi\/wp-json\/wp\/v2\/types\/product"}],"replies":[{"embeddable":true,"href":"https:\/\/pushclimbing.vn\/vi\/wp-json\/wp\/v2\/comments?post=32964"}],"wp:featuredmedia":[{"embeddable":true,"href":"https:\/\/pushclimbing.vn\/vi\/wp-json\/wp\/v2\/media\/24928"}],"wp:attachment":[{"href":"https:\/\/pushclimbing.vn\/vi\/wp-json\/wp\/v2\/media?parent=32964"}],"wp:term":[{"taxonomy":"product_brand","embeddable":true,"href":"https:\/\/pushclimbing.vn\/vi\/wp-json\/wp\/v2\/product_brand?post=32964"},{"taxonomy":"product_cat","embeddable":true,"href":"https:\/\/pushclimbing.vn\/vi\/wp-json\/wp\/v2\/product_cat?post=32964"},{"taxonomy":"product_tag","embeddable":true,"href":"https:\/\/pushclimbing.vn\/vi\/wp-json\/wp\/v2\/product_tag?post=32964"}],"curies":[{"name":"wp","href":"https:\/\/api.w.org\/{rel}","templated":true}]}}