{"id":32675,"date":"2024-12-10T11:10:37","date_gmt":"2024-12-10T04:10:37","guid":{"rendered":"https:\/\/pushclimbing.vn\/?post_type=product&#038;p=32675"},"modified":"2024-12-10T11:10:38","modified_gmt":"2024-12-10T04:10:38","slug":"punch-card-10x","status":"publish","type":"product","link":"https:\/\/pushclimbing.vn\/vi\/san-pham\/punch-card-10x\/","title":{"rendered":"V\u00e9 Leo 10 L\u1ea7n"},"content":{"rendered":"","protected":false},"excerpt":{"rendered":"<p><strong>V\u00e9 Leo N\u00fai 10 L\u1ea7n - Tho\u1ea3i m\u00e1i chia s\u1ebb c\u00f9ng b\u1ea1n b\u00e8<\/strong><\/p>\n<p>Th\u1ebb Punch Card l\u00e0 v\u00e9 leo n\u00fai \"th\u1ea7n s\u1ea7u\", mang l\u1ea1i s\u1ef1 ti\u1ec7n l\u1ee3i cho c\u00e1 nh\u00e2n v\u00e0 linh ho\u1ea1t, d\u1ec5 d\u00e0ng chia s\u1ebb cho b\u1ea1n b\u00e8, gia \u0111\u00ecnh.<\/p>\n<ul>\n<li><strong>10 L\u1ea7n Leo N\u00fai<\/strong>: B\u1ea1n c\u00f3 th\u1ec3 s\u1eed d\u1ee5ng t\u1ea5t c\u1ea3 c\u00e1c ti\u1ec7n \u00edch v\u00e0 khu v\u1ef1c t\u1ea1i ph\u00f2ng gym cho 10 l\u1ea7n tham gia leo n\u00fai - th\u1eddi gian t\u1eeb Th\u1ee9 2 \u0111\u1ebfn Ch\u1ee7 Nh\u1eadt, t\u1eeb 10 gi\u1edd \u0111\u1ebfn 22 gi\u1edd.<\/li>\n<li><strong>C\u00f3 Th\u1ec3 D\u00f9ng Chung<\/strong>: S\u1ef1 l\u1ef1a ch\u1ecdn ho\u00e0n h\u1ea3o cho nh\u00f3m \"\u0111\u1ed3ng leo\". H\u00e3y chia s\u1ebb c\u00f9ng b\u1ea1n b\u00e8 v\u00e0 gia \u0111\u00ecnh.<\/li>\n<li><strong>Th\u1eddi h\u1ea1n 3 th\u00e1ng<\/strong>: K\u1ec3 t\u1eeb ng\u00e0y k\u00edch ho\u1ea1t th\u1ebb c\u00f3 hi\u1ec7u l\u1ef1c trong v\u00f2ng 3 th\u00e1ng.<\/li>\n<li><strong>Ch\u00ednh s\u00e1ch ho\u00e0n tr\u1ea3<\/strong>: Kh\u00f4ng ho\u00e0n tr\u1ea3 ho\u1eb7c t\u1ea1o m\u1edbi \u0111\u1ed1i v\u1edbi th\u1ebb \u0111\u00e3 m\u1ea5t v\u00e0 kh\u00f4ng ho\u00e0n ti\u1ec1n cho nh\u1eefng bu\u1ed5i t\u1eadp ch\u01b0a \u0111\u01b0\u1ee3c s\u1eed d\u1ee5ng khi \u0111\u00e3 qu\u00e1 h\u1ea1n 3 th\u00e1ng k\u1ec3 t\u1eeb ng\u00e0y k\u00edch ho\u1ea1t.<\/li>\n<\/ul>\n<p><strong>C\u00e1c G\u00f3i Punch Card:<\/strong><\/p>\n<ol>\n<li><strong>\u0110\u00e3 Bao G\u1ed3m Thi\u1ebft B\u1ecb<\/strong> (\u0111ai leo n\u00fai &amp; gi\u00e0y leo n\u00fai): <strong>3,000,000 VND<\/strong><\/li>\n<li><strong>Kh\u00f4ng Bao G\u1ed3m Thi\u1ebft B\u1ecb<\/strong>: <strong>2,500,000 VND<\/strong><\/li>\n<\/ol>\n<p><strong>L\u01b0u \u00fd:<\/strong> B\u1ea3o hi\u1ec3m kh\u00f4ng bao g\u1ed3m trong gi\u00e1 th\u1ebb Punch Card, b\u1ea1n c\u00f3 th\u1ec3 mua b\u1ea3o hi\u1ec3m t\u1ea1i ph\u00f2ng gym cho m\u1ed7i l\u1ea7n leo v\u1edbi gi\u00e1 <strong>35,000 VND<\/strong>.<\/p>\n<p>H\u00e3y c\u00f9ng tr\u1ea3i nghi\u1ec7m leo n\u00fai kh\u00f4ng gi\u1edbi h\u1ea1n c\u00f9ng b\u1ea1n b\u00e8 v\u00e0 ng\u01b0\u1eddi th\u00e2n ngay h\u00f4m nay v\u1edbi th\u1ebb Punch Card!<\/p>","protected":false},"featured_media":32676,"comment_status":"open","ping_status":"closed","template":"","meta":{"_acf_changed":false},"product_brand":[],"product_cat":[966],"product_tag":[],"class_list":{"0":"post-32675","1":"product","2":"type-product","3":"status-publish","4":"has-post-thumbnail","6":"product_cat-new-arrivals","8":"first","9":"instock","10":"taxable","11":"shipping-taxable","12":"product-type-simple"},"acf":[],"yoast_head":"<!-- This site is optimized with the Yoast SEO plugin v27.3 - https:\/\/yoast.com\/product\/yoast-seo-wordpress\/ -->\n<title>Punch Card 10x - Push Climbing<\/title>\n<meta name=\"description\" content=\"Enjoy 10 climbing sessions with our shareable Punch Card! Valid for 3 months, with options for gear rental or no gear included.\" \/>\n<meta name=\"robots\" content=\"index, follow, max-snippet:-1, max-image-preview:large, max-video-preview:-1\" \/>\n<link rel=\"canonical\" href=\"https:\/\/pushclimbing.vn\/vi\/san-pham\/punch-card-10x\/\" \/>\n<meta property=\"og:locale\" content=\"vi_VN\" \/>\n<meta property=\"og:type\" content=\"article\" \/>\n<meta property=\"og:title\" content=\"Punch Card 10x - Push Climbing\" \/>\n<meta property=\"og:description\" content=\"Enjoy 10 climbing sessions with our shareable Punch Card! Valid for 3 months, with options for gear rental or no gear included.\" \/>\n<meta property=\"og:url\" content=\"https:\/\/pushclimbing.vn\/vi\/san-pham\/punch-card-10x\/\" \/>\n<meta property=\"og:site_name\" content=\"Push Climbing\" \/>\n<meta property=\"article:publisher\" content=\"https:\/\/www.facebook.com\/pushrockclimbing\" \/>\n<meta property=\"article:modified_time\" content=\"2024-12-10T04:10:38+00:00\" \/>\n<meta property=\"og:image\" content=\"https:\/\/pushclimbing.vn\/wp-content\/uploads\/2024\/12\/\u2714-A1-Punch-card-2024-1080-x-1080-px.png\" \/>\n\t<meta property=\"og:image:width\" content=\"1080\" \/>\n\t<meta property=\"og:image:height\" content=\"1080\" \/>\n\t<meta property=\"og:image:type\" content=\"image\/png\" \/>\n<meta name=\"twitter:card\" content=\"summary_large_image\" \/>\n<meta name=\"twitter:label1\" content=\"\u01af\u1edbc t\u00ednh th\u1eddi gian \u0111\u1ecdc\" \/>\n\t<meta name=\"twitter:data1\" content=\"1 ph\u00fat\" \/>\n<script type=\"application\/ld+json\" class=\"yoast-schema-graph\">{\"@context\":\"https:\\\/\\\/schema.org\",\"@graph\":[{\"@type\":\"WebPage\",\"@id\":\"https:\\\/\\\/pushclimbing.vn\\\/vi\\\/san-pham\\\/punch-card-10x\\\/\",\"url\":\"https:\\\/\\\/pushclimbing.vn\\\/vi\\\/san-pham\\\/punch-card-10x\\\/\",\"name\":\"Punch Card 10x - Push Climbing\",\"isPartOf\":{\"@id\":\"https:\\\/\\\/pushclimbing.vn\\\/#website\"},\"primaryImageOfPage\":{\"@id\":\"https:\\\/\\\/pushclimbing.vn\\\/vi\\\/san-pham\\\/punch-card-10x\\\/#primaryimage\"},\"image\":{\"@id\":\"https:\\\/\\\/pushclimbing.vn\\\/vi\\\/san-pham\\\/punch-card-10x\\\/#primaryimage\"},\"thumbnailUrl\":\"https:\\\/\\\/pushclimbing.vn\\\/wp-content\\\/uploads\\\/2024\\\/12\\\/\u2714-A1-Punch-card-2024-1080-x-1080-px.png\",\"datePublished\":\"2024-12-10T04:10:37+00:00\",\"dateModified\":\"2024-12-10T04:10:38+00:00\",\"description\":\"Enjoy 10 climbing sessions with our shareable Punch Card! Valid for 3 months, with options for gear rental or no gear included.\",\"breadcrumb\":{\"@id\":\"https:\\\/\\\/pushclimbing.vn\\\/vi\\\/san-pham\\\/punch-card-10x\\\/#breadcrumb\"},\"inLanguage\":\"vi\",\"potentialAction\":[{\"@type\":\"ReadAction\",\"target\":[\"https:\\\/\\\/pushclimbing.vn\\\/vi\\\/san-pham\\\/punch-card-10x\\\/\"]}]},{\"@type\":\"ImageObject\",\"inLanguage\":\"vi\",\"@id\":\"https:\\\/\\\/pushclimbing.vn\\\/vi\\\/san-pham\\\/punch-card-10x\\\/#primaryimage\",\"url\":\"https:\\\/\\\/pushclimbing.vn\\\/wp-content\\\/uploads\\\/2024\\\/12\\\/\u2714-A1-Punch-card-2024-1080-x-1080-px.png\",\"contentUrl\":\"https:\\\/\\\/pushclimbing.vn\\\/wp-content\\\/uploads\\\/2024\\\/12\\\/\u2714-A1-Punch-card-2024-1080-x-1080-px.png\",\"width\":1080,\"height\":1080},{\"@type\":\"BreadcrumbList\",\"@id\":\"https:\\\/\\\/pushclimbing.vn\\\/vi\\\/san-pham\\\/punch-card-10x\\\/#breadcrumb\",\"itemListElement\":[{\"@type\":\"ListItem\",\"position\":1,\"name\":\"Home\",\"item\":\"https:\\\/\\\/pushclimbing.vn\\\/\"},{\"@type\":\"ListItem\",\"position\":2,\"name\":\"Shop\",\"item\":\"https:\\\/\\\/pushclimbing.vn\\\/shop\\\/\"},{\"@type\":\"ListItem\",\"position\":3,\"name\":\"Punch Card 10x\"}]},{\"@type\":\"WebSite\",\"@id\":\"https:\\\/\\\/pushclimbing.vn\\\/#website\",\"url\":\"https:\\\/\\\/pushclimbing.vn\\\/\",\"name\":\"Push Climbing\",\"description\":\"Conquer Your Mountain\",\"publisher\":{\"@id\":\"https:\\\/\\\/pushclimbing.vn\\\/#organization\"},\"potentialAction\":[{\"@type\":\"SearchAction\",\"target\":{\"@type\":\"EntryPoint\",\"urlTemplate\":\"https:\\\/\\\/pushclimbing.vn\\\/?s={search_term_string}\"},\"query-input\":{\"@type\":\"PropertyValueSpecification\",\"valueRequired\":true,\"valueName\":\"search_term_string\"}}],\"inLanguage\":\"vi\"},{\"@type\":\"Organization\",\"@id\":\"https:\\\/\\\/pushclimbing.vn\\\/#organization\",\"name\":\"Push Climbing\",\"url\":\"https:\\\/\\\/pushclimbing.vn\\\/\",\"logo\":{\"@type\":\"ImageObject\",\"inLanguage\":\"vi\",\"@id\":\"https:\\\/\\\/pushclimbing.vn\\\/#\\\/schema\\\/logo\\\/image\\\/\",\"url\":\"https:\\\/\\\/pushclimbing.vn\\\/wp-content\\\/uploads\\\/2022\\\/07\\\/push-logo-canvas.png\",\"contentUrl\":\"https:\\\/\\\/pushclimbing.vn\\\/wp-content\\\/uploads\\\/2022\\\/07\\\/push-logo-canvas.png\",\"width\":400,\"height\":400,\"caption\":\"Push Climbing\"},\"image\":{\"@id\":\"https:\\\/\\\/pushclimbing.vn\\\/#\\\/schema\\\/logo\\\/image\\\/\"},\"sameAs\":[\"https:\\\/\\\/www.facebook.com\\\/pushrockclimbing\"]}]}<\/script>\n<!-- \/ Yoast SEO plugin. -->","yoast_head_json":{"title":"Punch Card 10x - Push Climbing","description":"Enjoy 10 climbing sessions with our shareable Punch Card! Valid for 3 months, with options for gear rental or no gear included.","robots":{"index":"index","follow":"follow","max-snippet":"max-snippet:-1","max-image-preview":"max-image-preview:large","max-video-preview":"max-video-preview:-1"},"canonical":"https:\/\/pushclimbing.vn\/vi\/san-pham\/punch-card-10x\/","og_locale":"vi_VN","og_type":"article","og_title":"Punch Card 10x - Push Climbing","og_description":"Enjoy 10 climbing sessions with our shareable Punch Card! Valid for 3 months, with options for gear rental or no gear included.","og_url":"https:\/\/pushclimbing.vn\/vi\/san-pham\/punch-card-10x\/","og_site_name":"Push Climbing","article_publisher":"https:\/\/www.facebook.com\/pushrockclimbing","article_modified_time":"2024-12-10T04:10:38+00:00","og_image":[{"width":1080,"height":1080,"url":"https:\/\/pushclimbing.vn\/wp-content\/uploads\/2024\/12\/\u2714-A1-Punch-card-2024-1080-x-1080-px.png","type":"image\/png"}],"twitter_card":"summary_large_image","twitter_misc":{"\u01af\u1edbc t\u00ednh th\u1eddi gian \u0111\u1ecdc":"1 ph\u00fat"},"schema":{"@context":"https:\/\/schema.org","@graph":[{"@type":"WebPage","@id":"https:\/\/pushclimbing.vn\/vi\/san-pham\/punch-card-10x\/","url":"https:\/\/pushclimbing.vn\/vi\/san-pham\/punch-card-10x\/","name":"Punch Card 10x - Push Climbing","isPartOf":{"@id":"https:\/\/pushclimbing.vn\/#website"},"primaryImageOfPage":{"@id":"https:\/\/pushclimbing.vn\/vi\/san-pham\/punch-card-10x\/#primaryimage"},"image":{"@id":"https:\/\/pushclimbing.vn\/vi\/san-pham\/punch-card-10x\/#primaryimage"},"thumbnailUrl":"https:\/\/pushclimbing.vn\/wp-content\/uploads\/2024\/12\/\u2714-A1-Punch-card-2024-1080-x-1080-px.png","datePublished":"2024-12-10T04:10:37+00:00","dateModified":"2024-12-10T04:10:38+00:00","description":"Enjoy 10 climbing sessions with our shareable Punch Card! Valid for 3 months, with options for gear rental or no gear included.","breadcrumb":{"@id":"https:\/\/pushclimbing.vn\/vi\/san-pham\/punch-card-10x\/#breadcrumb"},"inLanguage":"vi","potentialAction":[{"@type":"ReadAction","target":["https:\/\/pushclimbing.vn\/vi\/san-pham\/punch-card-10x\/"]}]},{"@type":"ImageObject","inLanguage":"vi","@id":"https:\/\/pushclimbing.vn\/vi\/san-pham\/punch-card-10x\/#primaryimage","url":"https:\/\/pushclimbing.vn\/wp-content\/uploads\/2024\/12\/\u2714-A1-Punch-card-2024-1080-x-1080-px.png","contentUrl":"https:\/\/pushclimbing.vn\/wp-content\/uploads\/2024\/12\/\u2714-A1-Punch-card-2024-1080-x-1080-px.png","width":1080,"height":1080},{"@type":"BreadcrumbList","@id":"https:\/\/pushclimbing.vn\/vi\/san-pham\/punch-card-10x\/#breadcrumb","itemListElement":[{"@type":"ListItem","position":1,"name":"Home","item":"https:\/\/pushclimbing.vn\/"},{"@type":"ListItem","position":2,"name":"Shop","item":"https:\/\/pushclimbing.vn\/shop\/"},{"@type":"ListItem","position":3,"name":"Punch Card 10x"}]},{"@type":"WebSite","@id":"https:\/\/pushclimbing.vn\/#website","url":"https:\/\/pushclimbing.vn\/","name":"Push Climbing","description":"Conquer Your Mountain","publisher":{"@id":"https:\/\/pushclimbing.vn\/#organization"},"potentialAction":[{"@type":"SearchAction","target":{"@type":"EntryPoint","urlTemplate":"https:\/\/pushclimbing.vn\/?s={search_term_string}"},"query-input":{"@type":"PropertyValueSpecification","valueRequired":true,"valueName":"search_term_string"}}],"inLanguage":"vi"},{"@type":"Organization","@id":"https:\/\/pushclimbing.vn\/#organization","name":"Push Climbing","url":"https:\/\/pushclimbing.vn\/","logo":{"@type":"ImageObject","inLanguage":"vi","@id":"https:\/\/pushclimbing.vn\/#\/schema\/logo\/image\/","url":"https:\/\/pushclimbing.vn\/wp-content\/uploads\/2022\/07\/push-logo-canvas.png","contentUrl":"https:\/\/pushclimbing.vn\/wp-content\/uploads\/2022\/07\/push-logo-canvas.png","width":400,"height":400,"caption":"Push Climbing"},"image":{"@id":"https:\/\/pushclimbing.vn\/#\/schema\/logo\/image\/"},"sameAs":["https:\/\/www.facebook.com\/pushrockclimbing"]}]}},"_links":{"self":[{"href":"https:\/\/pushclimbing.vn\/vi\/wp-json\/wp\/v2\/product\/32675","targetHints":{"allow":["GET"]}}],"collection":[{"href":"https:\/\/pushclimbing.vn\/vi\/wp-json\/wp\/v2\/product"}],"about":[{"href":"https:\/\/pushclimbing.vn\/vi\/wp-json\/wp\/v2\/types\/product"}],"replies":[{"embeddable":true,"href":"https:\/\/pushclimbing.vn\/vi\/wp-json\/wp\/v2\/comments?post=32675"}],"wp:featuredmedia":[{"embeddable":true,"href":"https:\/\/pushclimbing.vn\/vi\/wp-json\/wp\/v2\/media\/32676"}],"wp:attachment":[{"href":"https:\/\/pushclimbing.vn\/vi\/wp-json\/wp\/v2\/media?parent=32675"}],"wp:term":[{"taxonomy":"product_brand","embeddable":true,"href":"https:\/\/pushclimbing.vn\/vi\/wp-json\/wp\/v2\/product_brand?post=32675"},{"taxonomy":"product_cat","embeddable":true,"href":"https:\/\/pushclimbing.vn\/vi\/wp-json\/wp\/v2\/product_cat?post=32675"},{"taxonomy":"product_tag","embeddable":true,"href":"https:\/\/pushclimbing.vn\/vi\/wp-json\/wp\/v2\/product_tag?post=32675"}],"curies":[{"name":"wp","href":"https:\/\/api.w.org\/{rel}","templated":true}]}}