{"id":31506,"date":"2024-08-22T17:08:40","date_gmt":"2024-08-22T10:08:40","guid":{"rendered":"https:\/\/pushclimbing.vn\/?post_type=product&#038;p=31506"},"modified":"2025-03-20T10:30:39","modified_gmt":"2025-03-20T03:30:39","slug":"tenaya-indalo","status":"publish","type":"product","link":"https:\/\/pushclimbing.vn\/vi\/san-pham\/tenaya-indalo\/","title":{"rendered":"Tenaya Indalo"},"content":{"rendered":"<div class=\"fusion-fullwidth fullwidth-box fusion-builder-row-1 fusion-flex-container nonhundred-percent-fullwidth non-hundred-percent-height-scrolling\" style=\"--awb-border-radius-top-left:0px;--awb-border-radius-top-right:0px;--awb-border-radius-bottom-right:0px;--awb-border-radius-bottom-left:0px;--awb-flex-wrap:wrap;\" ><div class=\"fusion-builder-row fusion-row fusion-flex-align-items-flex-start fusion-flex-content-wrap\" style=\"max-width:1216.8px;margin-left: calc(-4% \/ 2 );margin-right: calc(-4% \/ 2 );\"><div class=\"fusion-layout-column fusion_builder_column fusion-builder-column-0 fusion_builder_column_1_1 1_1 fusion-flex-column\" style=\"--awb-bg-size:cover;--awb-width-large:100%;--awb-margin-top-large:0px;--awb-spacing-right-large:1.92%;--awb-margin-bottom-large:0px;--awb-spacing-left-large:1.92%;--awb-width-medium:100%;--awb-spacing-right-medium:1.92%;--awb-spacing-left-medium:1.92%;--awb-width-small:100%;--awb-spacing-right-small:1.92%;--awb-spacing-left-small:1.92%;\"><div class=\"fusion-column-wrapper fusion-flex-justify-content-flex-start fusion-content-layout-column\"><div class=\"fusion-text fusion-text-1\"><p class=\"fs-pt-17\"><strong>\u01afu \u0110i\u1ec3m<\/strong><\/p>\n<div class=\"ul-new fs-pt-11\">\n<ul>\n<li>Cao su si\u00eau d\u00ednh bao ph\u1ee7 ph\u1ea7n tr\u00ean c\u1ee7a m\u0169i gi\u00e0y v\u00e0 mu b\u00e0n ch\u00e2n, mang l\u1ea1i s\u1ef1 b\u1ea3o v\u1ec7 t\u0103ng c\u01b0\u1eddng ch\u1ed1ng m\u00e0i m\u00f2n v\u00e0 hi\u1ec7u su\u1ea5t v\u01b0\u1ee3t tr\u1ed9i khi m\u00f3c m\u0169i gi\u00e0y<\/li>\n<li>L\u01b0\u1ee1i gi\u00e0y to\u00e0n b\u1ed9 d\u1ea1ng ph\u1ed3ng nh\u1eb9 v\u00e0 tho\u00e1ng kh\u00ed, th\u00edch nghi v\u1edbi c\u1ea5u tr\u00fac b\u00e0n ch\u00e2n v\u00e0 t\u1ea1o ra m\u1ed9t l\u1edbp ch\u1eafn tho\u1ea3i m\u00e1i gi\u1eefa d\u00e2y thun \u1edf mu b\u00e0n ch\u00e2n v\u00e0 da<\/li>\n<li>\u0110\u1ebf gi\u00e0y hai ph\u1ea7n gi\u00fap t\u0103ng kh\u1ea3 n\u0103ng linh ho\u1ea1t, th\u00edch nghi t\u1ed1t v\u1edbi h\u00ecnh d\u00e1ng c\u1ee7a \u0111\u00e1<\/li>\n<li>V\u1eeba v\u1eb7n \u00f4m s\u00e1t<\/li>\n<li>Thi\u1ebft k\u1ebf v\u1eeba v\u1eb7n ch\u00ednh x\u00e1c, \u00f4m ch\u1eb7t v\u00e0 b\u1ea3o v\u1ec7 v\u00f2m v\u00e0 g\u00f3t ch\u00e2n c\u1ee7a b\u00e0n ch\u00e2n<\/li>\n<li>Thi\u1ebft k\u1ebf v\u00e0 c\u00f4ng ngh\u1ec7 \u00e1p d\u1ee5ng gi\u00fap gi\u1ea3m \u00e1p l\u1ef1c l\u00ean c\u00e1c ng\u00f3n ch\u00e2n, mang l\u1ea1i kh\u1ea3 n\u0103ng ki\u1ec3m so\u00e1t gi\u00e0y leo n\u00fai t\u1ed1t h\u01a1n<\/li>\n<\/ul>\n<p class=\"fs-pt-17\"><strong>L\u00fd T\u01b0\u1edfng S\u1eed D\u1ee5ng Khi<\/strong><\/p>\n<ul>\n<li class=\"pb-5 fs-pt-11\">Leo vertical (t\u01b0\u1eddng th\u1eb3ng), t\u01b0\u1eddng overhang, Bouldering<\/li>\n<\/ul>\n<p class=\"fs-pt-17\"><strong>Th\u00f4ng S\u1ed1 K\u1ef9 Thu\u1eadt<\/strong><\/p>\n<div class=\"fs-pt-9\">\n<div class=\"row align-items-start pb-2\">\n<ul>\n<li class=\"col-3\">Ch\u1ea5t li\u1ec7u Upper (Ph\u1ea7n tr\u00ean gi\u00e0y): Microfibre (S\u1ee3i si\u00eau nh\u1ecf)<\/li>\n<li class=\"col-7 ps-3\">H\u1ec7 th\u1ed1ng \u0111\u00f3ng: Velcro (H\u1ec7 th\u1ed1ng Draxtor s\u00e1ng ch\u1ebf) \u2013 D\u1ec5 \u0111i\u1ec1u ch\u1ec9nh, b\u00e1m ch\u1eafc<\/li>\n<li class=\"col-7 ps-3\">L\u01b0\u1ee1i gi\u00e0y: N\u0103m l\u1edbp, tho\u00e1ng kh\u00ed cao.<\/li>\n<li class=\"col-7 ps-3\">L\u1edbp l\u00f3t: Cotton x\u1eed l\u00fd TXT<\/li>\n<li class=\"col-7 ps-3\">L\u1edbp \u0111\u1ec7m: 2D \u0111a l\u1edbp Stretchtex<\/li>\n<li class=\"col-7 ps-3\">\u0110\u1ebf gi\u1eefa k\u00e9p: GI 1.8 v\u00e0 TST 150<\/li>\n<li class=\"col-7 ps-3\">\u0110\u1ebf gi\u00e0y: Vibram XS Grip 3.5 mm<\/li>\n<li class=\"col-7 ps-3\">Tr\u1ecdng l\u01b0\u1ee3ng: 340g<\/li>\n<li class=\"col-7 ps-3\">K\u00edch c\u1ee1: 1-13 (UK), bao g\u1ed3m c\u1ea3 n\u1eeda c\u1ee1<\/li>\n<\/ul>\n<\/div>\n<\/div>\n<\/div>\n<\/div><\/div><\/div><\/div><\/div>","protected":false},"excerpt":{"rendered":"<p>https:\/\/www.youtube.com\/watch?v=dTLjmI_7TyE<\/p>\n<p>M\u1ed9t \u0111\u00f4i gi\u00e0y c\u00f3 thi\u1ebft k\u1ebf m\u1ea1nh m\u1ebd, mang l\u1ea1i s\u1ef1 nh\u1ea1y b\u00e9n tuy\u1ec7t v\u1eddi. Indalo cung c\u1ea5p s\u1ef1 ki\u1ec3m so\u00e1t t\u1ed1i \u0111a tr\u00ean c\u00e1c c\u1ea1nh nh\u1ecf v\u00e0 \u0111i\u1ec3m gi\u1eef nh\u1ecf, \u0111\u1ed3ng th\u1eddi mang l\u1ea1i c\u1ea3m gi\u00e1c ch\u00ednh x\u00e1c v\u00e0 \u0111\u1ed9 nh\u1ea1y cao trong c\u00e1c chuy\u1ec3n \u0111\u1ed9ng ma s\u00e1t v\u00e0 tr\u01b0\u1ee3t.<\/p>\n<p>More: <a href=\"https:\/\/tenaya.net\/en\/indalo\">Link<\/a><\/p>","protected":false},"featured_media":31508,"comment_status":"open","ping_status":"closed","template":"","meta":{"_acf_changed":false},"product_brand":[1009],"product_cat":[1023,1024],"product_tag":[21,965,838,964],"class_list":{"0":"post-31506","1":"product","2":"type-product","3":"status-publish","4":"has-post-thumbnail","6":"product_brand-tenaya","7":"product_cat-climbing","8":"product_cat-shoes","9":"product_tag-climbing-shoes","10":"product_tag-indalo","11":"product_tag-teneya","12":"product_tag-teneya-indalo","14":"first","15":"instock","16":"sold-individually","17":"product-type-variable"},"acf":[],"yoast_head":"<!-- This site is optimized with the Yoast SEO plugin v27.3 - https:\/\/yoast.com\/product\/yoast-seo-wordpress\/ -->\n<title>Tenaya Indalo - Push Climbing<\/title>\n<meta name=\"robots\" content=\"index, follow, max-snippet:-1, max-image-preview:large, max-video-preview:-1\" \/>\n<link rel=\"canonical\" href=\"https:\/\/pushclimbing.vn\/vi\/san-pham\/tenaya-indalo\/\" \/>\n<meta property=\"og:locale\" content=\"vi_VN\" \/>\n<meta property=\"og:type\" content=\"article\" \/>\n<meta property=\"og:title\" content=\"Tenaya Indalo - Push Climbing\" \/>\n<meta property=\"og:description\" content=\"https:\/\/www.youtube.com\/watch?v=dTLjmI_7TyE  An aggressively shaped shoe providing superb responsiveness, Indalo gives you maximum control over micro-edges and small holds while providing full sensitivity and precision in friction and smearing movements.  More: Link\" \/>\n<meta property=\"og:url\" content=\"https:\/\/pushclimbing.vn\/vi\/san-pham\/tenaya-indalo\/\" \/>\n<meta property=\"og:site_name\" content=\"Push Climbing\" \/>\n<meta property=\"article:publisher\" content=\"https:\/\/www.facebook.com\/pushrockclimbing\" \/>\n<meta property=\"article:modified_time\" content=\"2025-03-20T03:30:39+00:00\" \/>\n<meta property=\"og:image\" content=\"https:\/\/pushclimbing.vn\/wp-content\/uploads\/2024\/08\/tenaya-escalada-galeria-indalo-vista-lateral.jpg\" \/>\n\t<meta property=\"og:image:width\" content=\"850\" \/>\n\t<meta property=\"og:image:height\" content=\"850\" \/>\n\t<meta property=\"og:image:type\" content=\"image\/jpeg\" \/>\n<meta name=\"twitter:card\" content=\"summary_large_image\" \/>\n<meta name=\"twitter:label1\" content=\"\u01af\u1edbc t\u00ednh th\u1eddi gian \u0111\u1ecdc\" \/>\n\t<meta name=\"twitter:data1\" content=\"1 ph\u00fat\" \/>\n<script type=\"application\/ld+json\" class=\"yoast-schema-graph\">{\"@context\":\"https:\\\/\\\/schema.org\",\"@graph\":[{\"@type\":\"WebPage\",\"@id\":\"https:\\\/\\\/pushclimbing.vn\\\/vi\\\/san-pham\\\/tenaya-indalo\\\/\",\"url\":\"https:\\\/\\\/pushclimbing.vn\\\/vi\\\/san-pham\\\/tenaya-indalo\\\/\",\"name\":\"Tenaya Indalo - Push Climbing\",\"isPartOf\":{\"@id\":\"https:\\\/\\\/pushclimbing.vn\\\/#website\"},\"primaryImageOfPage\":{\"@id\":\"https:\\\/\\\/pushclimbing.vn\\\/vi\\\/san-pham\\\/tenaya-indalo\\\/#primaryimage\"},\"image\":{\"@id\":\"https:\\\/\\\/pushclimbing.vn\\\/vi\\\/san-pham\\\/tenaya-indalo\\\/#primaryimage\"},\"thumbnailUrl\":\"https:\\\/\\\/pushclimbing.vn\\\/wp-content\\\/uploads\\\/2024\\\/08\\\/tenaya-escalada-galeria-indalo-vista-lateral.jpg\",\"datePublished\":\"2024-08-22T10:08:40+00:00\",\"dateModified\":\"2025-03-20T03:30:39+00:00\",\"breadcrumb\":{\"@id\":\"https:\\\/\\\/pushclimbing.vn\\\/vi\\\/san-pham\\\/tenaya-indalo\\\/#breadcrumb\"},\"inLanguage\":\"vi\",\"potentialAction\":[{\"@type\":\"ReadAction\",\"target\":[\"https:\\\/\\\/pushclimbing.vn\\\/vi\\\/san-pham\\\/tenaya-indalo\\\/\"]}]},{\"@type\":\"ImageObject\",\"inLanguage\":\"vi\",\"@id\":\"https:\\\/\\\/pushclimbing.vn\\\/vi\\\/san-pham\\\/tenaya-indalo\\\/#primaryimage\",\"url\":\"https:\\\/\\\/pushclimbing.vn\\\/wp-content\\\/uploads\\\/2024\\\/08\\\/tenaya-escalada-galeria-indalo-vista-lateral.jpg\",\"contentUrl\":\"https:\\\/\\\/pushclimbing.vn\\\/wp-content\\\/uploads\\\/2024\\\/08\\\/tenaya-escalada-galeria-indalo-vista-lateral.jpg\",\"width\":850,\"height\":850},{\"@type\":\"BreadcrumbList\",\"@id\":\"https:\\\/\\\/pushclimbing.vn\\\/vi\\\/san-pham\\\/tenaya-indalo\\\/#breadcrumb\",\"itemListElement\":[{\"@type\":\"ListItem\",\"position\":1,\"name\":\"Home\",\"item\":\"https:\\\/\\\/pushclimbing.vn\\\/\"},{\"@type\":\"ListItem\",\"position\":2,\"name\":\"Shop\",\"item\":\"https:\\\/\\\/pushclimbing.vn\\\/shop\\\/\"},{\"@type\":\"ListItem\",\"position\":3,\"name\":\"Tenaya Indalo\"}]},{\"@type\":\"WebSite\",\"@id\":\"https:\\\/\\\/pushclimbing.vn\\\/#website\",\"url\":\"https:\\\/\\\/pushclimbing.vn\\\/\",\"name\":\"Push Climbing\",\"description\":\"Conquer Your Mountain\",\"publisher\":{\"@id\":\"https:\\\/\\\/pushclimbing.vn\\\/#organization\"},\"potentialAction\":[{\"@type\":\"SearchAction\",\"target\":{\"@type\":\"EntryPoint\",\"urlTemplate\":\"https:\\\/\\\/pushclimbing.vn\\\/?s={search_term_string}\"},\"query-input\":{\"@type\":\"PropertyValueSpecification\",\"valueRequired\":true,\"valueName\":\"search_term_string\"}}],\"inLanguage\":\"vi\"},{\"@type\":\"Organization\",\"@id\":\"https:\\\/\\\/pushclimbing.vn\\\/#organization\",\"name\":\"Push Climbing\",\"url\":\"https:\\\/\\\/pushclimbing.vn\\\/\",\"logo\":{\"@type\":\"ImageObject\",\"inLanguage\":\"vi\",\"@id\":\"https:\\\/\\\/pushclimbing.vn\\\/#\\\/schema\\\/logo\\\/image\\\/\",\"url\":\"https:\\\/\\\/pushclimbing.vn\\\/wp-content\\\/uploads\\\/2022\\\/07\\\/push-logo-canvas.png\",\"contentUrl\":\"https:\\\/\\\/pushclimbing.vn\\\/wp-content\\\/uploads\\\/2022\\\/07\\\/push-logo-canvas.png\",\"width\":400,\"height\":400,\"caption\":\"Push Climbing\"},\"image\":{\"@id\":\"https:\\\/\\\/pushclimbing.vn\\\/#\\\/schema\\\/logo\\\/image\\\/\"},\"sameAs\":[\"https:\\\/\\\/www.facebook.com\\\/pushrockclimbing\"]}]}<\/script>\n<!-- \/ Yoast SEO plugin. -->","yoast_head_json":{"title":"Tenaya Indalo - Push Climbing","robots":{"index":"index","follow":"follow","max-snippet":"max-snippet:-1","max-image-preview":"max-image-preview:large","max-video-preview":"max-video-preview:-1"},"canonical":"https:\/\/pushclimbing.vn\/vi\/san-pham\/tenaya-indalo\/","og_locale":"vi_VN","og_type":"article","og_title":"Tenaya Indalo - Push Climbing","og_description":"https:\/\/www.youtube.com\/watch?v=dTLjmI_7TyE  An aggressively shaped shoe providing superb responsiveness, Indalo gives you maximum control over micro-edges and small holds while providing full sensitivity and precision in friction and smearing movements.  More: Link","og_url":"https:\/\/pushclimbing.vn\/vi\/san-pham\/tenaya-indalo\/","og_site_name":"Push Climbing","article_publisher":"https:\/\/www.facebook.com\/pushrockclimbing","article_modified_time":"2025-03-20T03:30:39+00:00","og_image":[{"width":850,"height":850,"url":"https:\/\/pushclimbing.vn\/wp-content\/uploads\/2024\/08\/tenaya-escalada-galeria-indalo-vista-lateral.jpg","type":"image\/jpeg"}],"twitter_card":"summary_large_image","twitter_misc":{"\u01af\u1edbc t\u00ednh th\u1eddi gian \u0111\u1ecdc":"1 ph\u00fat"},"schema":{"@context":"https:\/\/schema.org","@graph":[{"@type":"WebPage","@id":"https:\/\/pushclimbing.vn\/vi\/san-pham\/tenaya-indalo\/","url":"https:\/\/pushclimbing.vn\/vi\/san-pham\/tenaya-indalo\/","name":"Tenaya Indalo - Push Climbing","isPartOf":{"@id":"https:\/\/pushclimbing.vn\/#website"},"primaryImageOfPage":{"@id":"https:\/\/pushclimbing.vn\/vi\/san-pham\/tenaya-indalo\/#primaryimage"},"image":{"@id":"https:\/\/pushclimbing.vn\/vi\/san-pham\/tenaya-indalo\/#primaryimage"},"thumbnailUrl":"https:\/\/pushclimbing.vn\/wp-content\/uploads\/2024\/08\/tenaya-escalada-galeria-indalo-vista-lateral.jpg","datePublished":"2024-08-22T10:08:40+00:00","dateModified":"2025-03-20T03:30:39+00:00","breadcrumb":{"@id":"https:\/\/pushclimbing.vn\/vi\/san-pham\/tenaya-indalo\/#breadcrumb"},"inLanguage":"vi","potentialAction":[{"@type":"ReadAction","target":["https:\/\/pushclimbing.vn\/vi\/san-pham\/tenaya-indalo\/"]}]},{"@type":"ImageObject","inLanguage":"vi","@id":"https:\/\/pushclimbing.vn\/vi\/san-pham\/tenaya-indalo\/#primaryimage","url":"https:\/\/pushclimbing.vn\/wp-content\/uploads\/2024\/08\/tenaya-escalada-galeria-indalo-vista-lateral.jpg","contentUrl":"https:\/\/pushclimbing.vn\/wp-content\/uploads\/2024\/08\/tenaya-escalada-galeria-indalo-vista-lateral.jpg","width":850,"height":850},{"@type":"BreadcrumbList","@id":"https:\/\/pushclimbing.vn\/vi\/san-pham\/tenaya-indalo\/#breadcrumb","itemListElement":[{"@type":"ListItem","position":1,"name":"Home","item":"https:\/\/pushclimbing.vn\/"},{"@type":"ListItem","position":2,"name":"Shop","item":"https:\/\/pushclimbing.vn\/shop\/"},{"@type":"ListItem","position":3,"name":"Tenaya Indalo"}]},{"@type":"WebSite","@id":"https:\/\/pushclimbing.vn\/#website","url":"https:\/\/pushclimbing.vn\/","name":"Push Climbing","description":"Conquer Your Mountain","publisher":{"@id":"https:\/\/pushclimbing.vn\/#organization"},"potentialAction":[{"@type":"SearchAction","target":{"@type":"EntryPoint","urlTemplate":"https:\/\/pushclimbing.vn\/?s={search_term_string}"},"query-input":{"@type":"PropertyValueSpecification","valueRequired":true,"valueName":"search_term_string"}}],"inLanguage":"vi"},{"@type":"Organization","@id":"https:\/\/pushclimbing.vn\/#organization","name":"Push Climbing","url":"https:\/\/pushclimbing.vn\/","logo":{"@type":"ImageObject","inLanguage":"vi","@id":"https:\/\/pushclimbing.vn\/#\/schema\/logo\/image\/","url":"https:\/\/pushclimbing.vn\/wp-content\/uploads\/2022\/07\/push-logo-canvas.png","contentUrl":"https:\/\/pushclimbing.vn\/wp-content\/uploads\/2022\/07\/push-logo-canvas.png","width":400,"height":400,"caption":"Push Climbing"},"image":{"@id":"https:\/\/pushclimbing.vn\/#\/schema\/logo\/image\/"},"sameAs":["https:\/\/www.facebook.com\/pushrockclimbing"]}]}},"_links":{"self":[{"href":"https:\/\/pushclimbing.vn\/vi\/wp-json\/wp\/v2\/product\/31506","targetHints":{"allow":["GET"]}}],"collection":[{"href":"https:\/\/pushclimbing.vn\/vi\/wp-json\/wp\/v2\/product"}],"about":[{"href":"https:\/\/pushclimbing.vn\/vi\/wp-json\/wp\/v2\/types\/product"}],"replies":[{"embeddable":true,"href":"https:\/\/pushclimbing.vn\/vi\/wp-json\/wp\/v2\/comments?post=31506"}],"wp:featuredmedia":[{"embeddable":true,"href":"https:\/\/pushclimbing.vn\/vi\/wp-json\/wp\/v2\/media\/31508"}],"wp:attachment":[{"href":"https:\/\/pushclimbing.vn\/vi\/wp-json\/wp\/v2\/media?parent=31506"}],"wp:term":[{"taxonomy":"product_brand","embeddable":true,"href":"https:\/\/pushclimbing.vn\/vi\/wp-json\/wp\/v2\/product_brand?post=31506"},{"taxonomy":"product_cat","embeddable":true,"href":"https:\/\/pushclimbing.vn\/vi\/wp-json\/wp\/v2\/product_cat?post=31506"},{"taxonomy":"product_tag","embeddable":true,"href":"https:\/\/pushclimbing.vn\/vi\/wp-json\/wp\/v2\/product_tag?post=31506"}],"curies":[{"name":"wp","href":"https:\/\/api.w.org\/{rel}","templated":true}]}}