{"id":31470,"date":"2024-08-14T14:10:16","date_gmt":"2024-08-14T07:10:16","guid":{"rendered":"https:\/\/pushclimbing.vn\/?post_type=product&#038;p=31470"},"modified":"2025-03-20T10:30:49","modified_gmt":"2025-03-20T03:30:49","slug":"kubo","status":"publish","type":"product","link":"https:\/\/pushclimbing.vn\/vi\/san-pham\/kubo\/","title":{"rendered":"La Sportiva Kubo"},"content":{"rendered":"<div class=\"fusion-fullwidth fullwidth-box fusion-builder-row-1 fusion-flex-container nonhundred-percent-fullwidth non-hundred-percent-height-scrolling\" style=\"--awb-border-radius-top-left:0px;--awb-border-radius-top-right:0px;--awb-border-radius-bottom-right:0px;--awb-border-radius-bottom-left:0px;--awb-flex-wrap:wrap;\" ><div class=\"fusion-builder-row fusion-row fusion-flex-align-items-flex-start fusion-flex-content-wrap\" style=\"max-width:1216.8px;margin-left: calc(-4% \/ 2 );margin-right: calc(-4% \/ 2 );\"><div class=\"fusion-layout-column fusion_builder_column fusion-builder-column-0 fusion_builder_column_1_1 1_1 fusion-flex-column\" style=\"--awb-bg-size:cover;--awb-width-large:100%;--awb-margin-top-large:0px;--awb-spacing-right-large:1.92%;--awb-margin-bottom-large:0px;--awb-spacing-left-large:1.92%;--awb-width-medium:100%;--awb-spacing-right-medium:1.92%;--awb-spacing-left-medium:1.92%;--awb-width-small:100%;--awb-spacing-right-small:1.92%;--awb-spacing-left-small:1.92%;\"><div class=\"fusion-column-wrapper fusion-flex-justify-content-flex-start fusion-content-layout-column\"><div class=\"fusion-text fusion-text-1\"><p><strong>M\u00f4 t\u1ea3 s\u1ea3n ph\u1ea9m<\/strong><\/p>\n<ul>\n<li>H\u1ec7 th\u1ed1ng \u0111\u00f3ng m\u1edf \u0111\u1ed1i x\u1ee9ng v\u1edbi hai d\u1ea3i d\u00e1n gi\u00fap \u0111i\u1ec1u ch\u1ec9nh \u0111\u1ed9 v\u1eeba v\u1eb7n m\u1ed9t c\u00e1ch ch\u00ednh x\u00e1c v\u00e0 linh ho\u1ea1t<\/li>\n<li>G\u00f3t gi\u00e0y m\u1edbi \u0111\u01b0\u1ee3c thi\u1ebft k\u1ebf t\u00edch h\u1ee3p v\u00e0o \u0111\u1ebf gi\u00e0y, gi\u00fap t\u0103ng c\u01b0\u1eddng \u0111\u1ed9 ch\u00ednh x\u00e1c v\u00e0 \u0111\u1ed9 b\u00e1m khi th\u1ef1c hi\u1ec7n \u0111\u1ed9ng t\u00e1c m\u00f3c g\u00f3t<\/li>\n<li>Ph\u1ea7n upper kh\u00f4ng l\u00f3t gi\u00fap gi\u00e0y tho\u1ea3i m\u00e1i khi mang su\u1ed1t c\u1ea3 ng\u00e0y v\u00e0 s\u1ebd d\u1ea7n \u00f4m v\u1eeba v\u1eb7n v\u1edbi form b\u00e0n ch\u00e2n c\u1ee7a ng\u01b0\u1eddi s\u1eed d\u1ee5ng theo th\u1eddi gian<\/li>\n<li>M\u0169i gi\u00e0y \u0111\u01b0\u1ee3c t\u00edch h\u1ee3p ph\u1ea7n cao su Vibram\u00ae XS Grip2, k\u1ebft n\u1ed1i v\u1edbi l\u1edbp cao su bao quanh (rand) gi\u00fap t\u0103ng \u0111\u1ed9 b\u1ec1n v\u00e0 kh\u1ea3 n\u0103ng m\u00f3c ng\u00f3n ch\u00e2n t\u1ed1t h\u01a1n<\/li>\n<li>L\u01b0\u1ee1i gi\u00e0y \u0111\u01b0\u1ee3c \u0111\u1ec7m m\u1ec1m m\u1ea1i \u0111\u1ec3 mang l\u1ea1i s\u1ef1 tho\u1ea3i m\u00e1i v\u00e0 l\u00f3t b\u1eb1ng cotton h\u00fat \u1ea9m \u0111\u1ec3 c\u1ea3i thi\u1ec7n kh\u1ea3 n\u0103ng qu\u1ea3n l\u00fd m\u1ed3 h\u00f4i<\/li>\n<li>Kh\u00f4ng ch\u1ee9a PFAS th\u00eam v\u00e0o<\/li>\n<\/ul>\n<p><strong>Specs<\/strong><\/p>\n<ul>\n<li>ITEM: ZFCS024<\/li>\n<li>SIZES: Men\u2019s: 34 &#8211; 46 (half sizes)<\/li>\n<li>WEIGHT: 7.0 oz \/ 200 g<\/li>\n<li>LAST: PD55<\/li>\n<li>SHAPE: Medium asymmetry, light downturned shape<\/li>\n<li>CONSTRUCTION: Slip lasted<\/li>\n<li>UPPER: Tubular Constructed Microfiber \/ Leather \/ Padded Mesh Tongue w\/ Wicking Cotton Lining \/ Dual Hook &amp; Loop Closure<\/li>\n<li>System \/ 2 Heel Pull-Tabs \/ 2mm Vibram\u00ae XS Edge\u2122 Toe Rand Rubber<\/li>\n<li>LINING: Unlined<\/li>\n<li>INSOLE: 3\/4 Leather Insole (Forefoot only)<\/li>\n<li>MIDSOLE: 1.1mm full-length LaspoFlex<\/li>\n<li>SOLE: 4mm Vibram\u00ae XS Edge<\/li>\n<li>SENSITIVITY: (1 = LESS SENSITIVE; 5 = MORE SENSITIVE): 3<\/li>\n<li>RIGIDITY: (1 = SOFT; 5 = STIFF): 3<\/li>\n<\/ul>\n<p><strong><a title=\"Click to VIEW LA SPORTIVA CLIMBING SHOE COMPARISON CHART\" href=\"https:\/\/lcdn.lasportivausa.com\/pub\/media\/wysiwyg\/Product_Charts\/Mens_Comparison_Chart_Climbing_Web_2.jpg\" target=\"_blank\" rel=\"noopener\">VIEW LA SPORTIVA CLIMBING SHOE COMPARISON CHART<\/a><\/strong><\/p>\n<\/div><\/div><\/div><\/div><\/div>","protected":false},"excerpt":{"rendered":"<p>D\u00e0nh cho nh\u1eefng ai t\u00ecm ki\u1ebfm s\u1ef1 linh ho\u1ea1t v\u00e0 tho\u1ea3i m\u00e1i khi ra ngo\u00e0i \u0111\u1ec3 bouldering ho\u1eb7c leo \u0111\u01b0\u1eddng d\u00e2y, Kubo ch\u00ednh l\u00e0 s\u1ef1 l\u1ef1a ch\u1ecdn ho\u00e0n h\u1ea3o. V\u1edbi thi\u1ebft k\u1ebf h\u01a1i cong xu\u1ed1ng v\u00e0 \u0111\u1ed9 \u0111\u1ed1i x\u1ee9ng nh\u1eb9, Kubo s\u1ebd gi\u00fap ng\u01b0\u1eddi leo m\u00f3c v\u00e0o c\u00e1c t\u00fai \u0111\u00e1 v\u00e0 gi\u1eef ch\u1eafc c\u00e1c c\u1ea1nh \u0111\u00e1 m\u1ed9t c\u00e1ch tho\u1ea3i m\u00e1i tuy\u1ec7t \u0111\u1ed1i.<\/p>","protected":false},"featured_media":31471,"comment_status":"open","ping_status":"closed","template":"","meta":{"_acf_changed":false},"product_brand":[1018],"product_cat":[1023,1024],"product_tag":[963,959,962,961],"class_list":{"0":"post-31470","1":"product","2":"type-product","3":"status-publish","4":"has-post-thumbnail","6":"product_brand-lasportiva","7":"product_cat-climbing","8":"product_cat-shoes","9":"product_tag-kubo","10":"product_tag-la-sportiva","11":"product_tag-la-sportiva-kubo","12":"product_tag-solution-comp-woman","14":"first","15":"outofstock","16":"purchasable","17":"product-type-simple"},"acf":[],"yoast_head":"<!-- This site is optimized with the Yoast SEO plugin v27.3 - https:\/\/yoast.com\/product\/yoast-seo-wordpress\/ -->\n<title>La Sportiva Kubo - Push Climbing<\/title>\n<meta name=\"robots\" content=\"index, follow, max-snippet:-1, max-image-preview:large, max-video-preview:-1\" \/>\n<link rel=\"canonical\" href=\"https:\/\/pushclimbing.vn\/vi\/san-pham\/kubo\/\" \/>\n<meta property=\"og:locale\" content=\"vi_VN\" \/>\n<meta property=\"og:type\" content=\"article\" \/>\n<meta property=\"og:title\" content=\"La Sportiva Kubo - Push Climbing\" \/>\n<meta property=\"og:description\" content=\"For those looking for versatility and comfort when heading outdoors to boulder or lead climb, look no further than the Kubo. With its slight down turn and subtle asymmetry, the Kubo will allow climbers to hook into pockets and hold edges in absolute comfort.\" \/>\n<meta property=\"og:url\" content=\"https:\/\/pushclimbing.vn\/vi\/san-pham\/kubo\/\" \/>\n<meta property=\"og:site_name\" content=\"Push Climbing\" \/>\n<meta property=\"article:publisher\" content=\"https:\/\/www.facebook.com\/pushrockclimbing\" \/>\n<meta property=\"article:modified_time\" content=\"2025-03-20T03:30:49+00:00\" \/>\n<meta property=\"og:image\" content=\"https:\/\/pushclimbing.vn\/wp-content\/uploads\/2024\/08\/zfcs024_r14e20_kubo_gojineon_1_8.jpg\" \/>\n\t<meta property=\"og:image:width\" content=\"1001\" \/>\n\t<meta property=\"og:image:height\" content=\"1001\" \/>\n\t<meta property=\"og:image:type\" content=\"image\/jpeg\" \/>\n<meta name=\"twitter:card\" content=\"summary_large_image\" \/>\n<meta name=\"twitter:label1\" content=\"\u01af\u1edbc t\u00ednh th\u1eddi gian \u0111\u1ecdc\" \/>\n\t<meta name=\"twitter:data1\" content=\"1 ph\u00fat\" \/>\n<script type=\"application\/ld+json\" class=\"yoast-schema-graph\">{\"@context\":\"https:\\\/\\\/schema.org\",\"@graph\":[{\"@type\":\"WebPage\",\"@id\":\"https:\\\/\\\/pushclimbing.vn\\\/vi\\\/san-pham\\\/kubo\\\/\",\"url\":\"https:\\\/\\\/pushclimbing.vn\\\/vi\\\/san-pham\\\/kubo\\\/\",\"name\":\"La Sportiva Kubo - Push Climbing\",\"isPartOf\":{\"@id\":\"https:\\\/\\\/pushclimbing.vn\\\/#website\"},\"primaryImageOfPage\":{\"@id\":\"https:\\\/\\\/pushclimbing.vn\\\/vi\\\/san-pham\\\/kubo\\\/#primaryimage\"},\"image\":{\"@id\":\"https:\\\/\\\/pushclimbing.vn\\\/vi\\\/san-pham\\\/kubo\\\/#primaryimage\"},\"thumbnailUrl\":\"https:\\\/\\\/pushclimbing.vn\\\/wp-content\\\/uploads\\\/2024\\\/08\\\/zfcs024_r14e20_kubo_gojineon_1_8.jpg\",\"datePublished\":\"2024-08-14T07:10:16+00:00\",\"dateModified\":\"2025-03-20T03:30:49+00:00\",\"breadcrumb\":{\"@id\":\"https:\\\/\\\/pushclimbing.vn\\\/vi\\\/san-pham\\\/kubo\\\/#breadcrumb\"},\"inLanguage\":\"vi\",\"potentialAction\":[{\"@type\":\"ReadAction\",\"target\":[\"https:\\\/\\\/pushclimbing.vn\\\/vi\\\/san-pham\\\/kubo\\\/\"]}]},{\"@type\":\"ImageObject\",\"inLanguage\":\"vi\",\"@id\":\"https:\\\/\\\/pushclimbing.vn\\\/vi\\\/san-pham\\\/kubo\\\/#primaryimage\",\"url\":\"https:\\\/\\\/pushclimbing.vn\\\/wp-content\\\/uploads\\\/2024\\\/08\\\/zfcs024_r14e20_kubo_gojineon_1_8.jpg\",\"contentUrl\":\"https:\\\/\\\/pushclimbing.vn\\\/wp-content\\\/uploads\\\/2024\\\/08\\\/zfcs024_r14e20_kubo_gojineon_1_8.jpg\",\"width\":1001,\"height\":1001},{\"@type\":\"BreadcrumbList\",\"@id\":\"https:\\\/\\\/pushclimbing.vn\\\/vi\\\/san-pham\\\/kubo\\\/#breadcrumb\",\"itemListElement\":[{\"@type\":\"ListItem\",\"position\":1,\"name\":\"Home\",\"item\":\"https:\\\/\\\/pushclimbing.vn\\\/\"},{\"@type\":\"ListItem\",\"position\":2,\"name\":\"Shop\",\"item\":\"https:\\\/\\\/pushclimbing.vn\\\/shop\\\/\"},{\"@type\":\"ListItem\",\"position\":3,\"name\":\"La Sportiva Kubo\"}]},{\"@type\":\"WebSite\",\"@id\":\"https:\\\/\\\/pushclimbing.vn\\\/#website\",\"url\":\"https:\\\/\\\/pushclimbing.vn\\\/\",\"name\":\"Push Climbing\",\"description\":\"Conquer Your Mountain\",\"publisher\":{\"@id\":\"https:\\\/\\\/pushclimbing.vn\\\/#organization\"},\"potentialAction\":[{\"@type\":\"SearchAction\",\"target\":{\"@type\":\"EntryPoint\",\"urlTemplate\":\"https:\\\/\\\/pushclimbing.vn\\\/?s={search_term_string}\"},\"query-input\":{\"@type\":\"PropertyValueSpecification\",\"valueRequired\":true,\"valueName\":\"search_term_string\"}}],\"inLanguage\":\"vi\"},{\"@type\":\"Organization\",\"@id\":\"https:\\\/\\\/pushclimbing.vn\\\/#organization\",\"name\":\"Push Climbing\",\"url\":\"https:\\\/\\\/pushclimbing.vn\\\/\",\"logo\":{\"@type\":\"ImageObject\",\"inLanguage\":\"vi\",\"@id\":\"https:\\\/\\\/pushclimbing.vn\\\/#\\\/schema\\\/logo\\\/image\\\/\",\"url\":\"https:\\\/\\\/pushclimbing.vn\\\/wp-content\\\/uploads\\\/2022\\\/07\\\/push-logo-canvas.png\",\"contentUrl\":\"https:\\\/\\\/pushclimbing.vn\\\/wp-content\\\/uploads\\\/2022\\\/07\\\/push-logo-canvas.png\",\"width\":400,\"height\":400,\"caption\":\"Push Climbing\"},\"image\":{\"@id\":\"https:\\\/\\\/pushclimbing.vn\\\/#\\\/schema\\\/logo\\\/image\\\/\"},\"sameAs\":[\"https:\\\/\\\/www.facebook.com\\\/pushrockclimbing\"]}]}<\/script>\n<!-- \/ Yoast SEO plugin. -->","yoast_head_json":{"title":"La Sportiva Kubo - Push Climbing","robots":{"index":"index","follow":"follow","max-snippet":"max-snippet:-1","max-image-preview":"max-image-preview:large","max-video-preview":"max-video-preview:-1"},"canonical":"https:\/\/pushclimbing.vn\/vi\/san-pham\/kubo\/","og_locale":"vi_VN","og_type":"article","og_title":"La Sportiva Kubo - Push Climbing","og_description":"For those looking for versatility and comfort when heading outdoors to boulder or lead climb, look no further than the Kubo. With its slight down turn and subtle asymmetry, the Kubo will allow climbers to hook into pockets and hold edges in absolute comfort.","og_url":"https:\/\/pushclimbing.vn\/vi\/san-pham\/kubo\/","og_site_name":"Push Climbing","article_publisher":"https:\/\/www.facebook.com\/pushrockclimbing","article_modified_time":"2025-03-20T03:30:49+00:00","og_image":[{"width":1001,"height":1001,"url":"https:\/\/pushclimbing.vn\/wp-content\/uploads\/2024\/08\/zfcs024_r14e20_kubo_gojineon_1_8.jpg","type":"image\/jpeg"}],"twitter_card":"summary_large_image","twitter_misc":{"\u01af\u1edbc t\u00ednh th\u1eddi gian \u0111\u1ecdc":"1 ph\u00fat"},"schema":{"@context":"https:\/\/schema.org","@graph":[{"@type":"WebPage","@id":"https:\/\/pushclimbing.vn\/vi\/san-pham\/kubo\/","url":"https:\/\/pushclimbing.vn\/vi\/san-pham\/kubo\/","name":"La Sportiva Kubo - Push Climbing","isPartOf":{"@id":"https:\/\/pushclimbing.vn\/#website"},"primaryImageOfPage":{"@id":"https:\/\/pushclimbing.vn\/vi\/san-pham\/kubo\/#primaryimage"},"image":{"@id":"https:\/\/pushclimbing.vn\/vi\/san-pham\/kubo\/#primaryimage"},"thumbnailUrl":"https:\/\/pushclimbing.vn\/wp-content\/uploads\/2024\/08\/zfcs024_r14e20_kubo_gojineon_1_8.jpg","datePublished":"2024-08-14T07:10:16+00:00","dateModified":"2025-03-20T03:30:49+00:00","breadcrumb":{"@id":"https:\/\/pushclimbing.vn\/vi\/san-pham\/kubo\/#breadcrumb"},"inLanguage":"vi","potentialAction":[{"@type":"ReadAction","target":["https:\/\/pushclimbing.vn\/vi\/san-pham\/kubo\/"]}]},{"@type":"ImageObject","inLanguage":"vi","@id":"https:\/\/pushclimbing.vn\/vi\/san-pham\/kubo\/#primaryimage","url":"https:\/\/pushclimbing.vn\/wp-content\/uploads\/2024\/08\/zfcs024_r14e20_kubo_gojineon_1_8.jpg","contentUrl":"https:\/\/pushclimbing.vn\/wp-content\/uploads\/2024\/08\/zfcs024_r14e20_kubo_gojineon_1_8.jpg","width":1001,"height":1001},{"@type":"BreadcrumbList","@id":"https:\/\/pushclimbing.vn\/vi\/san-pham\/kubo\/#breadcrumb","itemListElement":[{"@type":"ListItem","position":1,"name":"Home","item":"https:\/\/pushclimbing.vn\/"},{"@type":"ListItem","position":2,"name":"Shop","item":"https:\/\/pushclimbing.vn\/shop\/"},{"@type":"ListItem","position":3,"name":"La Sportiva Kubo"}]},{"@type":"WebSite","@id":"https:\/\/pushclimbing.vn\/#website","url":"https:\/\/pushclimbing.vn\/","name":"Push Climbing","description":"Conquer Your Mountain","publisher":{"@id":"https:\/\/pushclimbing.vn\/#organization"},"potentialAction":[{"@type":"SearchAction","target":{"@type":"EntryPoint","urlTemplate":"https:\/\/pushclimbing.vn\/?s={search_term_string}"},"query-input":{"@type":"PropertyValueSpecification","valueRequired":true,"valueName":"search_term_string"}}],"inLanguage":"vi"},{"@type":"Organization","@id":"https:\/\/pushclimbing.vn\/#organization","name":"Push Climbing","url":"https:\/\/pushclimbing.vn\/","logo":{"@type":"ImageObject","inLanguage":"vi","@id":"https:\/\/pushclimbing.vn\/#\/schema\/logo\/image\/","url":"https:\/\/pushclimbing.vn\/wp-content\/uploads\/2022\/07\/push-logo-canvas.png","contentUrl":"https:\/\/pushclimbing.vn\/wp-content\/uploads\/2022\/07\/push-logo-canvas.png","width":400,"height":400,"caption":"Push Climbing"},"image":{"@id":"https:\/\/pushclimbing.vn\/#\/schema\/logo\/image\/"},"sameAs":["https:\/\/www.facebook.com\/pushrockclimbing"]}]}},"_links":{"self":[{"href":"https:\/\/pushclimbing.vn\/vi\/wp-json\/wp\/v2\/product\/31470","targetHints":{"allow":["GET"]}}],"collection":[{"href":"https:\/\/pushclimbing.vn\/vi\/wp-json\/wp\/v2\/product"}],"about":[{"href":"https:\/\/pushclimbing.vn\/vi\/wp-json\/wp\/v2\/types\/product"}],"replies":[{"embeddable":true,"href":"https:\/\/pushclimbing.vn\/vi\/wp-json\/wp\/v2\/comments?post=31470"}],"wp:featuredmedia":[{"embeddable":true,"href":"https:\/\/pushclimbing.vn\/vi\/wp-json\/wp\/v2\/media\/31471"}],"wp:attachment":[{"href":"https:\/\/pushclimbing.vn\/vi\/wp-json\/wp\/v2\/media?parent=31470"}],"wp:term":[{"taxonomy":"product_brand","embeddable":true,"href":"https:\/\/pushclimbing.vn\/vi\/wp-json\/wp\/v2\/product_brand?post=31470"},{"taxonomy":"product_cat","embeddable":true,"href":"https:\/\/pushclimbing.vn\/vi\/wp-json\/wp\/v2\/product_cat?post=31470"},{"taxonomy":"product_tag","embeddable":true,"href":"https:\/\/pushclimbing.vn\/vi\/wp-json\/wp\/v2\/product_tag?post=31470"}],"curies":[{"name":"wp","href":"https:\/\/api.w.org\/{rel}","templated":true}]}}