{"id":31080,"date":"2024-07-12T14:09:50","date_gmt":"2024-07-12T07:09:50","guid":{"rendered":"https:\/\/pushclimbing.vn\/?post_type=product&#038;p=31080"},"modified":"2025-03-20T10:31:37","modified_gmt":"2025-03-20T03:31:37","slug":"so-ill-torque-lv","status":"publish","type":"product","link":"https:\/\/pushclimbing.vn\/vi\/san-pham\/so-ill-torque-lv\/","title":{"rendered":"So iLL Torque LV"},"content":{"rendered":"<div class=\"fusion-fullwidth fullwidth-box fusion-builder-row-1 fusion-flex-container nonhundred-percent-fullwidth non-hundred-percent-height-scrolling\" style=\"--awb-border-radius-top-left:0px;--awb-border-radius-top-right:0px;--awb-border-radius-bottom-right:0px;--awb-border-radius-bottom-left:0px;--awb-flex-wrap:wrap;\" ><div class=\"fusion-builder-row fusion-row fusion-flex-align-items-flex-start fusion-flex-content-wrap\" style=\"max-width:1216.8px;margin-left: calc(-4% \/ 2 );margin-right: calc(-4% \/ 2 );\"><div class=\"fusion-layout-column fusion_builder_column fusion-builder-column-0 fusion_builder_column_1_1 1_1 fusion-flex-column\" style=\"--awb-bg-size:cover;--awb-width-large:100%;--awb-margin-top-large:0px;--awb-spacing-right-large:1.92%;--awb-margin-bottom-large:0px;--awb-spacing-left-large:1.92%;--awb-width-medium:100%;--awb-spacing-right-medium:1.92%;--awb-spacing-left-medium:1.92%;--awb-width-small:100%;--awb-spacing-right-small:1.92%;--awb-spacing-left-small:1.92%;\"><div class=\"fusion-column-wrapper fusion-flex-justify-content-flex-start fusion-content-layout-column\"><div class=\"fusion-text fusion-text-1\"><div id=\"product3\" class=\"panel-heading\">C\u00f4ng n\u0103ng:<\/div>\n<div id=\"productcollapse3\" class=\"panel-collapse\" role=\"tabpanel\" aria-labelledby=\"product3\">\n<div class=\"panel-body\">\n<ul>\n<li>Ho\u00e0n to\u00e0n m\u1edbi, \u00f4m ch\u00e2n theo thi\u1ebft k\u1ebf u\u1ed1n cong v\u1eeba ph\u1ea3i, \u0111\u01b0\u1ee3c Fred Nicole h\u1ee3p t\u00e1c ph\u00e1t tri\u1ec3n<\/li>\n<li>M\u1eb7t tr\u00ean b\u1eb1ng da l\u1ed9n si\u00eau nh\u1eb9, kh\u00f4ng l\u00f3t, mang l\u1ea1i s\u1ef1 tho\u1ea3i m\u00e1i v\u00e0 \u0111\u1ed9 b\u1ec1n v\u01b0\u1ee3t tr\u1ed9i<\/li>\n<li>L\u01b0\u1ee1i g\u00e0 li\u1ec1n v\u1edbi d\u00e2y k\u00e9o ti\u1ec7n l\u1ee3i<\/li>\n<li>D\u00e2y d\u00e1n \u0111\u01a1n \u0111i\u1ec1u ch\u1ec9nh l\u1ef1c linh ho\u1ea1t<\/li>\n<li>M\u0169i gi\u00e0y h\u1ecda ti\u1ebft \u0111\u1ecba h\u00ecnh \u0111\u01b0\u1ee3c kh\u1eafc laser tinh t\u1ebf, t\u00edch h\u1ee3p rande tr\u01b0\u1edbc h\u1ed7 tr\u1ee3 hi\u1ec7u su\u1ea5t<\/li>\n<li>L\u1edbp cao su ph\u1ee7 m\u0169i gi\u00e0y r\u1ed9ng r\u00e3i<\/li>\n<li>Cao su Vibram XS Grip c\u00f4ng ngh\u1ec7 m\u1edbi<\/li>\n<li>Form \u00f4m ch\u00e2n (Form-fitting) \/\/ \u0110\u1ed9 c\u1ee9ng v\u1eeba ph\u1ea3i<\/li>\n<li>\u0110\u1ebf ngo\u00e0i t\u00e1ch bi\u1ec7t<\/li>\n<li>M\u0169i gi\u00e0y \u0111\u1ebf ngo\u00e0i cong gi\u00fap b\u00e1m d\u00ednh t\u1ed1t tr\u00ean c\u00e1c ch\u1ed7 g\u1ed3 gh\u1ec1<\/li>\n<li>G\u00f3t gi\u00e0y thi\u1ebft k\u1ebf cao su \u00f4m tr\u1ecdn, t\u0103ng c\u01b0\u1eddng kh\u1ea3 n\u0103ng m\u00f3c g\u00f3t<\/li>\n<li>G\u00f3t gi\u00e0y thi\u1ebft k\u1ebf \u0111\u1ebf ngo\u00e0i nghi\u00eang ra ngo\u00e0i, h\u1ed7 tr\u1ee3 m\u00f3c g\u00f3t hi\u1ec7u qu\u1ea3 h\u01a1n<\/li>\n<li>Ch\u1ea5t li\u1ec7u da thu\u1ea7n chay, th\u00e2n thi\u1ec7n v\u1edbi m\u00f4i tr\u01b0\u1eddng<\/li>\n<li>Nam n\u1eef \u0111\u1ec1u mang \u0111\u01b0\u1ee3c<\/li>\n<\/ul>\n<p>Fit:<\/p>\n<ul>\n<li>\u00d4m ch\u00e2n<\/li>\n<li>C\u1ee9ng v\u1eeba ph\u1ea3i<\/li>\n<li>Nam n\u1eef \u0111\u1ec1u mang \u0111\u01b0\u1ee3c<\/li>\n<li>Ki\u1ec3u c\u00e1ch si\u1ebft gi\u00e0y b\u1eb1ng d\u00e2y \u0111\u01a1n<\/li>\n<li>D\u00e2y d\u00e1n linh ho\u1ea1t \u0111\u1eb7t \u0111\u01b0\u1ee3c nhi\u1ec1u ch\u1ed7 \u0111em l\u1ea1i s\u1ef1 v\u1eeba v\u1eb7n ch\u00ednh x\u00e1c<\/li>\n<li>M\u0169i gi\u00e0y \u0111\u1ebf ngo\u00e0i cong gi\u00fap b\u00e1m d\u00ednh t\u1ed1t tr\u00ean c\u00e1c ch\u1ed7 g\u1ed3 gh\u1ec1<\/li>\n<li>G\u00f3t gi\u00e0y thi\u1ebft k\u1ebf \u0111\u1ebf ngo\u00e0i nghi\u00eang ra ngo\u00e0i, h\u1ed7 tr\u1ee3 m\u00f3c g\u00f3t hi\u1ec7u qu\u1ea3 h\u01a1n<\/li>\n<\/ul>\n<p>Cao Su<\/p>\n<ul>\n<li>Vibram XS Grip Outsole: 3.5 mm<\/li>\n<li>Toe patch: 2.2mm<\/li>\n<li>Toe rand: 2.2\u00a0mm<\/li>\n<li>Heel tension: 2.2mm<\/li>\n<li>Vibram XS Grip rubber at toe<\/li>\n<li>G\u00f3t gi\u00e0y thi\u1ebft k\u1ebf cao su \u00f4m tr\u1ecdn, t\u0103ng c\u01b0\u1eddng kh\u1ea3 n\u0103ng m\u00f3c g\u00f3t<\/li>\n<\/ul>\n<p>Ch\u1ea5t li\u1ec7u:<\/p>\n<ul>\n<li>Hai quai k\u00e9o b\u1eb1ng v\u1ea3i l\u01b0\u1edbi poly \u1edf g\u00f3t gi\u00e0y<\/li>\n<li>Th\u00e2n gi\u00e0y b\u1eb1ng da l\u1ed9n si\u00eau nh\u1eb9<\/li>\n<li>L\u01b0\u1ee1i gi\u00e0y co gi\u00e3n<\/li>\n<li>Th\u00e2n gi\u00e0y kh\u00f4ng l\u00f3t<\/li>\n<li>\u0110\u1ebf chia t\u00e1ch linh ho\u1ea1t, k\u1ebft h\u1ee3p cao su Vibram XS Grip m\u1ea1nh m\u1ebd, s\u1eb5n s\u00e0ng chinh ph\u1ee5c m\u1ecdi b\u1ec1 m\u1eb7t \u0111\u00e1<\/li>\n<li><\/li>\n<\/ul>\n<p>Ch\u1ea5t li\u1ec7u th\u00e2n thi\u1ec7n v\u1edbi m\u00f4i tr\u01b0\u1eddng:<\/p>\n<ul>\n<li>C\u00f3<\/li>\n<\/ul>\n<\/div>\n<\/div>\n<\/div><\/div><\/div><\/div><\/div>","protected":false},"excerpt":{"rendered":"<p>https:\/\/www.youtube.com\/watch?v=aVRL3Ahpo7k<\/p>\n<p>Thi\u1ebft k\u1ebf \u1ea5n t\u01b0\u1ee3ng: TORQUE LV \u0111\u01b0\u1ee3c thi\u1ebft k\u1ebf v\u00e0 ch\u1ebf t\u1ea1o b\u1edfi Fred Nicole, v\u1edbi form gi\u00e0y cong \u00f4m ch\u00e2n, l\u1ea5y c\u1ea3m h\u1ee9ng t\u1eeb b\u00e0n tay. Th\u00e2n gi\u00e0y b\u1eb1ng da l\u1ed9n thu\u1ea7n chay si\u00eau b\u1ec1n v\u00e0 tho\u1ea3i m\u00e1i, kh\u00f4ng l\u00f3t, t\u00edch h\u1ee3p l\u01b0\u1ee1i g\u00e0 co gi\u00e3n v\u00e0 d\u00e2y x\u1ecf ti\u1ec7n l\u1ee3i.\n\u0110\u1ea3m b\u1ea3o \u0111\u1ed9 ch\u00ednh x\u00e1c: M\u0169i gi\u00e0y cong ho\u00e0n h\u1ea3o cho nh\u1eefng \u0111\u1ed9ng t\u00e1c ch\u00e2n ch\u00ednh x\u00e1c. Cao su \u0111\u1ee7 d\u00e0y \u0111\u1ec3 t\u1ea1o c\u1ea3m gi\u00e1c \u1ed5n \u0111\u1ecbnh nh\u01b0ng v\u1eabn \u0111\u1ee7 m\u1ecfng \u0111\u1ec3 duy tr\u00ec \u0111\u1ed9 nh\u1ea1y. \u0110\u1ebf gi\u1eefa fishhook \u0111\u01b0\u1ee3c l\u00e0m t\u1eeb v\u1eadt li\u1ec7u \u0111\u1ed9c quy\u1ec1n, \u00e9p t\u1eeb s\u1ee3i.\nT\u00f9y ch\u1ec9nh theo \u00fd th\u00edch: H\u1ec7 th\u1ed1ng d\u00e2y d\u00e1n Velcro \u0111\u1ed9c \u0111\u00e1o cho ph\u00e9p b\u1ea1n thay \u0111\u1ed5i h\u01b0\u1edbng l\u1ef1c c\u0103ng t\u1eeb m\u1eaft c\u00e1 ch\u00e2n \u0111\u1ebfn gi\u1eefa b\u00e0n ch\u00e2n v\u00e0 \u0111\u1ebfn g\u1ed1c b\u00e0n ch\u00e2n tr\u01b0\u1edbc.\n\u0110\u1ed9 b\u00e1m \u0111\u1ec9nh cao v\u00e0 linh ho\u1ea1t: \u0110\u1ebf ngo\u00e0i ph\u00e2n chia v\u00e0 s\u1eed d\u1ee5ng cao su Vibram XS GRIP si\u00eau b\u1ec1n, \u0111\u1ed3ng th\u1eddi c\u00f3 l\u1edbp cao su b\u1ea3o v\u1ec7 m\u0169i v\u00e0 g\u00f3t ch\u00e2n r\u1ed9ng r\u00e3i. Cao su g\u00f3t gi\u00e0y k\u00e9o d\u00e0i \u0111\u1ebfn \u0111\u1ec9nh, gi\u00fap t\u1ea1o s\u1ef1 c\u00e2n b\u1eb1ng ho\u00e0n h\u1ea3o gi\u1eefa \u0111\u1ed9 c\u1ee9ng \u0111\u1ec3 m\u00f3c g\u00f3t ch\u1eafc ch\u1eafn v\u00e0 \u0111\u1ed9 nh\u1ea1y c\u00f9ng kh\u1ea3 n\u0103ng u\u1ed1n cong v\u1eeba \u0111\u1ee7.\n\u0110a d\u1ea1ng \u0111\u1ecba h\u00ecnh: TORQUE LV l\u00e0 l\u1ef1a ch\u1ecdn tuy\u1ec7t v\u1eddi cho leo n\u00fai trong nh\u00e0\/ngo\u00e0i tr\u1eddi, \u0111\u1eb7c bi\u1ec7t l\u00e0 leo t\u01b0\u1eddng l\u1edbn, leo \u0111\u1ecba h\u00ecnh th\u1ec3 thao v\u00e0 \u0111\u1ecba h\u00ecnh d\u1ed1c gi\u1ed1ng nh\u01b0 ng\u01b0\u1eddi anh em TORQUE RV c\u1ee7a n\u00f3.\nT\u00f3m l\u1ea1i, TORQUE LV l\u00e0 s\u1ef1 k\u1ebft h\u1ee3p ho\u00e0n h\u1ea3o gi\u1eefa thi\u1ebft k\u1ebf b\u1eaft m\u1eaft, s\u1ef1 tho\u1ea3i m\u00e1i, \u0111\u1ed9 ch\u00ednh x\u00e1c, \u0111\u1ed9 b\u00e1m v\u00e0 t\u00ednh linh ho\u1ea1t, \u0111\u00e1p \u1ee9ng m\u1ecdi nhu c\u1ea7u leo n\u00fai c\u1ee7a b\u1ea1n.<\/p>\n<p>C\u1ee1 gi\u00e0y: Ph\u00f9 h\u1ee3p cho c\u1ea3 nam v\u00e0 n\u1eef\nTORQUE LV l\u00e0 m\u1eabu gi\u00e0y leo n\u00fai ph\u00f9 h\u1ee3p cho c\u1ea3 nam v\u00e0 n\u1eef. \u0110\u1ec3 ch\u1ecdn \u0111\u01b0\u1ee3c c\u1ee1 gi\u00e0y v\u1eeba v\u1eb7n, ch\u00fang t\u00f4i khuy\u00ean b\u1ea1n n\u00ean ch\u1ecdn theo c\u1ee1 gi\u00e0y \u0111\u01b0\u1eddng ph\u1ed1 th\u00f4ng th\u01b0\u1eddng c\u1ee7a m\u00ecnh theo b\u1ea3ng size US.\nV\u00ed d\u1ee5: N\u1ebfu b\u1ea1n th\u01b0\u1eddng \u0111i gi\u00e0y size 7 US, th\u00ec b\u1ea1n c\u0169ng n\u00ean ch\u1ecdn gi\u00e0y TORQUE LV size 7 US.<br \/>\nK\u00edch c\u1ee1 \u2022 M = U.S. Men\u2019s \u2022 W = U.S. Women\u2019s.\u00a0<a title=\"2024 So iLL Climbing Shoe Sizing Chart\" href=\"https:\/\/soillholds.com\/pages\/2024-climbing-shoe-sizing-chart\" target=\"_blank\" rel=\"noopener noreferrer\">2024 So iLL B\u1ea3ng k\u00edch c\u1ee1 gi\u00e0y<\/a><\/p>\n<p>Xem th\u00eam chi ti\u1ebft t\u1ea1i <a href=\"https:\/\/soillholds.com\/products\/torque-lv\">So iLL Torque LV<\/a><\/p>","protected":false},"featured_media":31091,"comment_status":"open","ping_status":"closed","template":"","meta":{"_acf_changed":false},"product_brand":[1019],"product_cat":[1023,1024],"product_tag":[21,853,933,932,934],"class_list":{"0":"post-31080","1":"product","2":"type-product","3":"status-publish","4":"has-post-thumbnail","6":"product_brand-soill","7":"product_cat-climbing","8":"product_cat-shoes","9":"product_tag-climbing-shoes","10":"product_tag-so-ill","11":"product_tag-so-ill-torque-lv","12":"product_tag-soill","13":"product_tag-torque-lv","15":"first","16":"instock","17":"taxable","18":"shipping-taxable","19":"product-type-variable"},"acf":[],"yoast_head":"<!-- This site is optimized with the Yoast SEO plugin v27.3 - https:\/\/yoast.com\/product\/yoast-seo-wordpress\/ -->\n<title>So iLL Torque LV - Push Climbing<\/title>\n<meta name=\"robots\" content=\"index, follow, max-snippet:-1, max-image-preview:large, max-video-preview:-1\" \/>\n<link rel=\"canonical\" href=\"https:\/\/pushclimbing.vn\/vi\/san-pham\/so-ill-torque-lv\/\" \/>\n<meta property=\"og:locale\" content=\"vi_VN\" \/>\n<meta property=\"og:type\" content=\"article\" \/>\n<meta property=\"og:title\" content=\"So iLL Torque LV - Push Climbing\" \/>\n<meta property=\"og:description\" content=\"https:\/\/www.youtube.com\/watch?v=aVRL3Ahpo7k  Designed and built on a hand-shaped, downturned last by Fred Nicole, TORQUE LV features a durable and comfortable, unlined vegan microsuede upper with an elastic integrated tongue and pulltab. The shape of the toe is ideal for precise footwork. The rubber is thick enough to feel stable but thin enought to maintain sensitivity. The fishhook midsole is composed of a proprietary pressed fiberboard. The unique single strap velcro closure gives you the freedom to change the direction of tension from ankle to mid-foot area to the base of the forefoot. The outsole is split and features Vibram XS GRIP rubber for durability while including generous toe\/heel rubber coverage. The heel rubber extends to the top of the shoe. The unique width of the heel rubber enables this are to have the perfect balance of rigidity for maintaining solid heel hooks while allowing sensitivity and just enough flex. TORQUE LV is ideal for outdoor\/indoor bouldering needs - specifically large volume climbing as well as sport climbing and steeper terrain like it&#039;s counterpart TORQUE RV.  This shoe is a unisex model. We recommend ordering your regular US street shoe size. Sizing \u2022 M = U.S. Men&#039;s \u2022 W = U.S. Women&#039;s.\u00a0View the 2024 Climbing Shoe Sizing Chart  See more on So iLL Torque LV\" \/>\n<meta property=\"og:url\" content=\"https:\/\/pushclimbing.vn\/vi\/san-pham\/so-ill-torque-lv\/\" \/>\n<meta property=\"og:site_name\" content=\"Push Climbing\" \/>\n<meta property=\"article:publisher\" content=\"https:\/\/www.facebook.com\/pushrockclimbing\" \/>\n<meta property=\"article:modified_time\" content=\"2025-03-20T03:31:37+00:00\" \/>\n<meta property=\"og:image\" content=\"https:\/\/pushclimbing.vn\/wp-content\/uploads\/2024\/07\/Torque-LV-Product_S1740425_1200x.webp\" \/>\n\t<meta property=\"og:image:width\" content=\"1200\" \/>\n\t<meta property=\"og:image:height\" content=\"1500\" \/>\n\t<meta property=\"og:image:type\" content=\"image\/webp\" \/>\n<meta name=\"twitter:card\" content=\"summary_large_image\" \/>\n<meta name=\"twitter:label1\" content=\"\u01af\u1edbc t\u00ednh th\u1eddi gian \u0111\u1ecdc\" \/>\n\t<meta name=\"twitter:data1\" content=\"1 ph\u00fat\" \/>\n<script type=\"application\/ld+json\" class=\"yoast-schema-graph\">{\"@context\":\"https:\\\/\\\/schema.org\",\"@graph\":[{\"@type\":\"WebPage\",\"@id\":\"https:\\\/\\\/pushclimbing.vn\\\/vi\\\/san-pham\\\/so-ill-torque-lv\\\/\",\"url\":\"https:\\\/\\\/pushclimbing.vn\\\/vi\\\/san-pham\\\/so-ill-torque-lv\\\/\",\"name\":\"So iLL Torque LV - Push Climbing\",\"isPartOf\":{\"@id\":\"https:\\\/\\\/pushclimbing.vn\\\/#website\"},\"primaryImageOfPage\":{\"@id\":\"https:\\\/\\\/pushclimbing.vn\\\/vi\\\/san-pham\\\/so-ill-torque-lv\\\/#primaryimage\"},\"image\":{\"@id\":\"https:\\\/\\\/pushclimbing.vn\\\/vi\\\/san-pham\\\/so-ill-torque-lv\\\/#primaryimage\"},\"thumbnailUrl\":\"https:\\\/\\\/pushclimbing.vn\\\/wp-content\\\/uploads\\\/2024\\\/07\\\/Torque-LV-Product_S1740425_1200x.webp\",\"datePublished\":\"2024-07-12T07:09:50+00:00\",\"dateModified\":\"2025-03-20T03:31:37+00:00\",\"breadcrumb\":{\"@id\":\"https:\\\/\\\/pushclimbing.vn\\\/vi\\\/san-pham\\\/so-ill-torque-lv\\\/#breadcrumb\"},\"inLanguage\":\"vi\",\"potentialAction\":[{\"@type\":\"ReadAction\",\"target\":[\"https:\\\/\\\/pushclimbing.vn\\\/vi\\\/san-pham\\\/so-ill-torque-lv\\\/\"]}]},{\"@type\":\"ImageObject\",\"inLanguage\":\"vi\",\"@id\":\"https:\\\/\\\/pushclimbing.vn\\\/vi\\\/san-pham\\\/so-ill-torque-lv\\\/#primaryimage\",\"url\":\"https:\\\/\\\/pushclimbing.vn\\\/wp-content\\\/uploads\\\/2024\\\/07\\\/Torque-LV-Product_S1740425_1200x.webp\",\"contentUrl\":\"https:\\\/\\\/pushclimbing.vn\\\/wp-content\\\/uploads\\\/2024\\\/07\\\/Torque-LV-Product_S1740425_1200x.webp\",\"width\":1200,\"height\":1500},{\"@type\":\"BreadcrumbList\",\"@id\":\"https:\\\/\\\/pushclimbing.vn\\\/vi\\\/san-pham\\\/so-ill-torque-lv\\\/#breadcrumb\",\"itemListElement\":[{\"@type\":\"ListItem\",\"position\":1,\"name\":\"Home\",\"item\":\"https:\\\/\\\/pushclimbing.vn\\\/\"},{\"@type\":\"ListItem\",\"position\":2,\"name\":\"Shop\",\"item\":\"https:\\\/\\\/pushclimbing.vn\\\/shop\\\/\"},{\"@type\":\"ListItem\",\"position\":3,\"name\":\"So iLL Torque LV\"}]},{\"@type\":\"WebSite\",\"@id\":\"https:\\\/\\\/pushclimbing.vn\\\/#website\",\"url\":\"https:\\\/\\\/pushclimbing.vn\\\/\",\"name\":\"Push Climbing\",\"description\":\"Conquer Your Mountain\",\"publisher\":{\"@id\":\"https:\\\/\\\/pushclimbing.vn\\\/#organization\"},\"potentialAction\":[{\"@type\":\"SearchAction\",\"target\":{\"@type\":\"EntryPoint\",\"urlTemplate\":\"https:\\\/\\\/pushclimbing.vn\\\/?s={search_term_string}\"},\"query-input\":{\"@type\":\"PropertyValueSpecification\",\"valueRequired\":true,\"valueName\":\"search_term_string\"}}],\"inLanguage\":\"vi\"},{\"@type\":\"Organization\",\"@id\":\"https:\\\/\\\/pushclimbing.vn\\\/#organization\",\"name\":\"Push Climbing\",\"url\":\"https:\\\/\\\/pushclimbing.vn\\\/\",\"logo\":{\"@type\":\"ImageObject\",\"inLanguage\":\"vi\",\"@id\":\"https:\\\/\\\/pushclimbing.vn\\\/#\\\/schema\\\/logo\\\/image\\\/\",\"url\":\"https:\\\/\\\/pushclimbing.vn\\\/wp-content\\\/uploads\\\/2022\\\/07\\\/push-logo-canvas.png\",\"contentUrl\":\"https:\\\/\\\/pushclimbing.vn\\\/wp-content\\\/uploads\\\/2022\\\/07\\\/push-logo-canvas.png\",\"width\":400,\"height\":400,\"caption\":\"Push Climbing\"},\"image\":{\"@id\":\"https:\\\/\\\/pushclimbing.vn\\\/#\\\/schema\\\/logo\\\/image\\\/\"},\"sameAs\":[\"https:\\\/\\\/www.facebook.com\\\/pushrockclimbing\"]}]}<\/script>\n<!-- \/ Yoast SEO plugin. -->","yoast_head_json":{"title":"So iLL Torque LV - Push Climbing","robots":{"index":"index","follow":"follow","max-snippet":"max-snippet:-1","max-image-preview":"max-image-preview:large","max-video-preview":"max-video-preview:-1"},"canonical":"https:\/\/pushclimbing.vn\/vi\/san-pham\/so-ill-torque-lv\/","og_locale":"vi_VN","og_type":"article","og_title":"So iLL Torque LV - Push Climbing","og_description":"https:\/\/www.youtube.com\/watch?v=aVRL3Ahpo7k  Designed and built on a hand-shaped, downturned last by Fred Nicole, TORQUE LV features a durable and comfortable, unlined vegan microsuede upper with an elastic integrated tongue and pulltab. The shape of the toe is ideal for precise footwork. The rubber is thick enough to feel stable but thin enought to maintain sensitivity. The fishhook midsole is composed of a proprietary pressed fiberboard. The unique single strap velcro closure gives you the freedom to change the direction of tension from ankle to mid-foot area to the base of the forefoot. The outsole is split and features Vibram XS GRIP rubber for durability while including generous toe\/heel rubber coverage. The heel rubber extends to the top of the shoe. The unique width of the heel rubber enables this are to have the perfect balance of rigidity for maintaining solid heel hooks while allowing sensitivity and just enough flex. TORQUE LV is ideal for outdoor\/indoor bouldering needs - specifically large volume climbing as well as sport climbing and steeper terrain like it's counterpart TORQUE RV.  This shoe is a unisex model. We recommend ordering your regular US street shoe size. Sizing \u2022 M = U.S. Men's \u2022 W = U.S. Women's.\u00a0View the 2024 Climbing Shoe Sizing Chart  See more on So iLL Torque LV","og_url":"https:\/\/pushclimbing.vn\/vi\/san-pham\/so-ill-torque-lv\/","og_site_name":"Push Climbing","article_publisher":"https:\/\/www.facebook.com\/pushrockclimbing","article_modified_time":"2025-03-20T03:31:37+00:00","og_image":[{"width":1200,"height":1500,"url":"https:\/\/pushclimbing.vn\/wp-content\/uploads\/2024\/07\/Torque-LV-Product_S1740425_1200x.webp","type":"image\/webp"}],"twitter_card":"summary_large_image","twitter_misc":{"\u01af\u1edbc t\u00ednh th\u1eddi gian \u0111\u1ecdc":"1 ph\u00fat"},"schema":{"@context":"https:\/\/schema.org","@graph":[{"@type":"WebPage","@id":"https:\/\/pushclimbing.vn\/vi\/san-pham\/so-ill-torque-lv\/","url":"https:\/\/pushclimbing.vn\/vi\/san-pham\/so-ill-torque-lv\/","name":"So iLL Torque LV - Push Climbing","isPartOf":{"@id":"https:\/\/pushclimbing.vn\/#website"},"primaryImageOfPage":{"@id":"https:\/\/pushclimbing.vn\/vi\/san-pham\/so-ill-torque-lv\/#primaryimage"},"image":{"@id":"https:\/\/pushclimbing.vn\/vi\/san-pham\/so-ill-torque-lv\/#primaryimage"},"thumbnailUrl":"https:\/\/pushclimbing.vn\/wp-content\/uploads\/2024\/07\/Torque-LV-Product_S1740425_1200x.webp","datePublished":"2024-07-12T07:09:50+00:00","dateModified":"2025-03-20T03:31:37+00:00","breadcrumb":{"@id":"https:\/\/pushclimbing.vn\/vi\/san-pham\/so-ill-torque-lv\/#breadcrumb"},"inLanguage":"vi","potentialAction":[{"@type":"ReadAction","target":["https:\/\/pushclimbing.vn\/vi\/san-pham\/so-ill-torque-lv\/"]}]},{"@type":"ImageObject","inLanguage":"vi","@id":"https:\/\/pushclimbing.vn\/vi\/san-pham\/so-ill-torque-lv\/#primaryimage","url":"https:\/\/pushclimbing.vn\/wp-content\/uploads\/2024\/07\/Torque-LV-Product_S1740425_1200x.webp","contentUrl":"https:\/\/pushclimbing.vn\/wp-content\/uploads\/2024\/07\/Torque-LV-Product_S1740425_1200x.webp","width":1200,"height":1500},{"@type":"BreadcrumbList","@id":"https:\/\/pushclimbing.vn\/vi\/san-pham\/so-ill-torque-lv\/#breadcrumb","itemListElement":[{"@type":"ListItem","position":1,"name":"Home","item":"https:\/\/pushclimbing.vn\/"},{"@type":"ListItem","position":2,"name":"Shop","item":"https:\/\/pushclimbing.vn\/shop\/"},{"@type":"ListItem","position":3,"name":"So iLL Torque LV"}]},{"@type":"WebSite","@id":"https:\/\/pushclimbing.vn\/#website","url":"https:\/\/pushclimbing.vn\/","name":"Push Climbing","description":"Conquer Your Mountain","publisher":{"@id":"https:\/\/pushclimbing.vn\/#organization"},"potentialAction":[{"@type":"SearchAction","target":{"@type":"EntryPoint","urlTemplate":"https:\/\/pushclimbing.vn\/?s={search_term_string}"},"query-input":{"@type":"PropertyValueSpecification","valueRequired":true,"valueName":"search_term_string"}}],"inLanguage":"vi"},{"@type":"Organization","@id":"https:\/\/pushclimbing.vn\/#organization","name":"Push Climbing","url":"https:\/\/pushclimbing.vn\/","logo":{"@type":"ImageObject","inLanguage":"vi","@id":"https:\/\/pushclimbing.vn\/#\/schema\/logo\/image\/","url":"https:\/\/pushclimbing.vn\/wp-content\/uploads\/2022\/07\/push-logo-canvas.png","contentUrl":"https:\/\/pushclimbing.vn\/wp-content\/uploads\/2022\/07\/push-logo-canvas.png","width":400,"height":400,"caption":"Push Climbing"},"image":{"@id":"https:\/\/pushclimbing.vn\/#\/schema\/logo\/image\/"},"sameAs":["https:\/\/www.facebook.com\/pushrockclimbing"]}]}},"_links":{"self":[{"href":"https:\/\/pushclimbing.vn\/vi\/wp-json\/wp\/v2\/product\/31080","targetHints":{"allow":["GET"]}}],"collection":[{"href":"https:\/\/pushclimbing.vn\/vi\/wp-json\/wp\/v2\/product"}],"about":[{"href":"https:\/\/pushclimbing.vn\/vi\/wp-json\/wp\/v2\/types\/product"}],"replies":[{"embeddable":true,"href":"https:\/\/pushclimbing.vn\/vi\/wp-json\/wp\/v2\/comments?post=31080"}],"wp:featuredmedia":[{"embeddable":true,"href":"https:\/\/pushclimbing.vn\/vi\/wp-json\/wp\/v2\/media\/31091"}],"wp:attachment":[{"href":"https:\/\/pushclimbing.vn\/vi\/wp-json\/wp\/v2\/media?parent=31080"}],"wp:term":[{"taxonomy":"product_brand","embeddable":true,"href":"https:\/\/pushclimbing.vn\/vi\/wp-json\/wp\/v2\/product_brand?post=31080"},{"taxonomy":"product_cat","embeddable":true,"href":"https:\/\/pushclimbing.vn\/vi\/wp-json\/wp\/v2\/product_cat?post=31080"},{"taxonomy":"product_tag","embeddable":true,"href":"https:\/\/pushclimbing.vn\/vi\/wp-json\/wp\/v2\/product_tag?post=31080"}],"curies":[{"name":"wp","href":"https:\/\/api.w.org\/{rel}","templated":true}]}}