{"id":30895,"date":"2024-05-24T17:55:44","date_gmt":"2024-05-24T10:55:44","guid":{"rendered":"https:\/\/pushclimbing.vn\/?post_type=product&#038;p=30895"},"modified":"2025-03-20T10:50:57","modified_gmt":"2025-03-20T03:50:57","slug":"tokyo-powder-effect","status":"publish","type":"product","link":"https:\/\/pushclimbing.vn\/vi\/san-pham\/tokyo-powder-effect\/","title":{"rendered":"Tokyo Powder EFFECT"},"content":{"rendered":"<div class=\"fusion-fullwidth fullwidth-box fusion-builder-row-1 fusion-flex-container nonhundred-percent-fullwidth non-hundred-percent-height-scrolling\" style=\"--awb-border-radius-top-left:0px;--awb-border-radius-top-right:0px;--awb-border-radius-bottom-right:0px;--awb-border-radius-bottom-left:0px;--awb-flex-wrap:wrap;\" ><div class=\"fusion-builder-row fusion-row fusion-flex-align-items-flex-start fusion-flex-content-wrap\" style=\"max-width:1216.8px;margin-left: calc(-4% \/ 2 );margin-right: calc(-4% \/ 2 );\"><div class=\"fusion-layout-column fusion_builder_column fusion-builder-column-0 fusion_builder_column_1_1 1_1 fusion-flex-column\" style=\"--awb-bg-size:cover;--awb-width-large:100%;--awb-margin-top-large:0px;--awb-spacing-right-large:1.92%;--awb-margin-bottom-large:0px;--awb-spacing-left-large:1.92%;--awb-width-medium:100%;--awb-spacing-right-medium:1.92%;--awb-spacing-left-medium:1.92%;--awb-width-small:100%;--awb-spacing-right-small:1.92%;--awb-spacing-left-small:1.92%;\"><div class=\"fusion-column-wrapper fusion-flex-justify-content-flex-start fusion-content-layout-column\"><div class=\"fusion-text fusion-text-1\"><p><strong>C\u1ea9n th\u1eadn khi s\u1eed d\u1ee5ng:<\/strong><\/p>\n<p>Xin vui l\u00f2ng kh\u00f4ng s\u1eed d\u1ee5ng cho b\u1ea5t k\u1ef3 m\u1ee5c \u0111\u00edch n\u00e0o kh\u00e1c ngo\u00e0i leo n\u00fai.<\/p>\n<p>H\u00e3y \u0111\u1ec3 n\u01a1i xa t\u1ea7m tay c\u1ee7a tr\u1ebb em.<\/p>\n<p>Xin \u0111\u1eebng nu\u1ed1t ph\u1ea5n v\u00ec n\u00f3 kh\u00f4ng ph\u1ea3i l\u00e0 th\u1ef1c ph\u1ea9m.<\/p>\n<p>Tr\u00e1nh h\u00fat ph\u1ea5n v\u00e0o m\u1eaft.<\/p>\n<p>Vui l\u00f2ng tr\u00e1nh \u0111\u1ec3 ph\u1ea5n ti\u1ebfp x\u00fac v\u1edbi m\u1eaft c\u1ee7a b\u1ea1n.<\/p>\n<p>Ch\u00fang t\u00f4i s\u1eed d\u1ee5ng magie cacbonat cao c\u1ea5p, \u0111\u01b0\u1ee3c s\u1ea3n xu\u1ea5t t\u1eeb \u200b\u200bmagie hydroxit v\u00e0 th\u00e2n thi\u1ec7n v\u1edbi m\u00f4i tr\u01b0\u1eddng, \u00edt t\u1ea1p ch\u1ea5t h\u01a1n. N\u00f3 c\u00f3 k\u1ebft c\u1ea5u r\u1ea5t m\u1ecbn, \u00edt k\u1ebft c\u1ea5u v\u00e0 c\u00f3 \u0111\u1ed9 b\u1ec1n cao.<\/p>\n<p><strong>K\u00edch Th\u01b0\u1edbc S\u1ea3n Ph\u1ea9m:<\/strong><br \/>\nNH\u1ece: (R\u1ed8NG)160mm (CAO)230mm (D\u00c0I)40mm<\/p>\n<p>L\u1edaN: (R\u1ed8NG)200mm (CAO)290mm (D\u00c0I)90mm<\/p>\n<p><strong>Kh\u1ed1i L\u01b0\u1ee3ng v\u00e0 \u0110\u00f3ng G\u00f3i:<\/strong><\/p>\n<p>LARGE (330g) \u0111\u01b0\u1ee3c trang b\u1ecb van m\u1ed9t chi\u1ec1u gi\u00fap c\u1ea3i thi\u1ec7n ch\u1ea5t l\u01b0\u1ee3ng b\u1eb1ng c\u00e1ch kh\u1eed kh\u00ed. Lo\u1ea1i b\u1ecf kh\u00f4ng kh\u00ed \u0111\u1ec3 gi\u1ea3m s\u1ef1 h\u01b0 h\u1ecfng do ph\u1ea5n kh\u00f4.<\/p>\n<p>NH\u1ece (135g) kh\u00f4ng c\u00f3 thi\u1ebft k\u1ebf van r\u00fat ch\u00e2n kh\u00f4ng.<\/p>\n<h2 class=\"image-with-text__heading h2\">T\u1eeb Bi\u1ec3n \u0110\u1ebfn Bi\u1ec3n<\/h2>\n<div class=\"image-with-text__text rte body\">\n<p><span class=\"metafield-multi_line_text_field\">Magie cacbonat c\u1ee7a Tokyo Powder \u0111\u01b0\u1ee3c tinh ch\u1ebf th\u00f4ng qua ph\u1ea3n \u1ee9ng gi\u1eefa magie hydroxit, m\u1ed9t s\u1ea3n ph\u1ea9m ph\u1ee5 trong s\u1ea3n xu\u1ea5t mu\u1ed1i, v\u1edbi kh\u00ed carbon dioxide. Tr\u00ean th\u1ef1c t\u1ebf, magie cacbonat \u0111\u01b0\u1ee3c s\u1ea3n xu\u1ea5t th\u00f4ng qua qu\u00e1 tr\u00ecnh \"ti\u00eau th\u1ee5\" kh\u00ed carbon dioxide.<\/span><\/p>\n<p>H\u01a1n n\u1eefa, h\u1ec7 th\u1ed1ng tu\u1ea7n ho\u00e0n cho c\u00e1c ngu\u1ed3n t\u00e0i nguy\u00ean c\u00f3 ngu\u1ed3n g\u1ed1c t\u1eeb n\u01b0\u1edbc bi\u1ec3n nh\u01b0 magie cacbonat l\u00e0 l\u00fd t\u01b0\u1edfng. N\u00f3 \u0111\u01b0\u1ee3c t\u1ea1o ra b\u1eb1ng c\u00e1ch t\u1ed5ng h\u1ee3p nguy\u00ean li\u1ec7u ph\u1ee5 ph\u1ea9m v\u1edbi c\u00e1c s\u1ea3n ph\u1ea9m ph\u1ee5 ph\u1ea9m, sau \u0111\u00f3 tr\u1edf l\u1ea1i ngu\u1ed3n g\u1ed1c c\u1ee7a nguy\u00ean li\u1ec7u \u0111\u1ea7u v\u00e0o. \u0110\u00e2y th\u1ef1c s\u1ef1 l\u00e0 m\u1ed9t h\u1ec7 th\u1ed1ng b\u1ec1n v\u1eefng l\u00fd t\u01b0\u1edfng.<\/p>\n<p><img decoding=\"async\" class=\"lazyload alignnone wp-image-28814 size-medium\" src=\"https:\/\/pushclimbing.vn\/wp-content\/uploads\/2023\/09\/environment-material-300x216.webp\" data-orig-src=\"https:\/\/pushclimbing.vn\/wp-content\/uploads\/2023\/09\/environment-material-300x216.webp\" alt=\"\" width=\"300\" height=\"216\" srcset=\"data:image\/svg+xml,%3Csvg%20xmlns%3D%27http%3A%2F%2Fwww.w3.org%2F2000%2Fsvg%27%20width%3D%27300%27%20height%3D%27216%27%20viewBox%3D%270%200%20300%20216%27%3E%3Crect%20width%3D%27300%27%20height%3D%27216%27%20fill-opacity%3D%220%22%2F%3E%3C%2Fsvg%3E\" data-srcset=\"https:\/\/pushclimbing.vn\/wp-content\/uploads\/2023\/09\/environment-material-18x12.webp 18w, https:\/\/pushclimbing.vn\/wp-content\/uploads\/2023\/09\/environment-material-200x144.webp 200w, https:\/\/pushclimbing.vn\/wp-content\/uploads\/2023\/09\/environment-material-300x216.webp 300w, https:\/\/pushclimbing.vn\/wp-content\/uploads\/2023\/09\/environment-material-400x288.webp 400w, https:\/\/pushclimbing.vn\/wp-content\/uploads\/2023\/09\/environment-material-600x432.webp 600w, https:\/\/pushclimbing.vn\/wp-content\/uploads\/2023\/09\/environment-material-700x504.webp 700w, https:\/\/pushclimbing.vn\/wp-content\/uploads\/2023\/09\/environment-material-768x553.webp 768w, https:\/\/pushclimbing.vn\/wp-content\/uploads\/2023\/09\/environment-material-800x576.webp 800w, https:\/\/pushclimbing.vn\/wp-content\/uploads\/2023\/09\/environment-material-1024x738.webp 1024w, https:\/\/pushclimbing.vn\/wp-content\/uploads\/2023\/09\/environment-material.webp 1070w\" data-sizes=\"auto\" data-orig-sizes=\"(max-width: 300px) 100vw, 300px\" \/><\/p>\n<\/div>\n<\/div><\/div><\/div><\/div><\/div>","protected":false},"excerpt":{"rendered":"<p>A chalk whose main ingredient is geranium, blended with several aromas such as bergamot. Ideal for lead climbers who need a calm climb where they can concentrate too much and pump too quickly.<\/p>\n<p>The effect of fragrance is greater than you think. A swing in mentality can have a huge impact on friction. Enjoy calm climbing like a holiday with a chalk bag that is different from the usual and the scent of EFFECT.<\/p>\n<p>The Large Pack has a valve on the back that allows air to be removed and stored to help fill in the fingerprint gaps, and also prevents friction from decreasing by protecting it from drying out.<\/p>\n<p><strong>[Aroma ingredient]<\/strong>\u00a0Geranium has the effect of expanding blood vessels in areas with poor blood flow, and shrinking blood vessels that are too dilated to maintain balance. In short, you can expect that it will reduce sweaty areas of your hands and improve blood flow in areas that are cold and difficult to move. It also relieves anxiety when you are irritated or nervous, and has the effect of suppressing pride and impatience.<\/p>\n","protected":false},"featured_media":30902,"comment_status":"open","ping_status":"closed","template":"","meta":{"_acf_changed":false},"product_brand":[],"product_cat":[1027,1023],"product_tag":[454,920,922,625,919,62,921],"class_list":{"0":"post-30895","1":"product","2":"type-product","3":"status-publish","4":"has-post-thumbnail","6":"product_cat-chalk","7":"product_cat-climbing","8":"product_tag-chalk","9":"product_tag-effect","10":"product_tag-effect-chalk","11":"product_tag-phan","12":"product_tag-speed-chalk","13":"product_tag-tokyo-powder","14":"product_tag-tokyo-powder-effect","16":"first","17":"outofstock","18":"purchasable","19":"product-type-variable"},"acf":[],"yoast_head":"<!-- This site is optimized with the Yoast SEO plugin v27.3 - https:\/\/yoast.com\/product\/yoast-seo-wordpress\/ -->\n<title>Tokyo Powder EFFECT - Push Climbing<\/title>\n<meta name=\"robots\" content=\"index, follow, max-snippet:-1, max-image-preview:large, max-video-preview:-1\" \/>\n<link rel=\"canonical\" href=\"https:\/\/pushclimbing.vn\/vi\/san-pham\/tokyo-powder-effect\/\" \/>\n<meta property=\"og:locale\" content=\"vi_VN\" \/>\n<meta property=\"og:type\" content=\"article\" \/>\n<meta property=\"og:title\" content=\"Tokyo Powder EFFECT - Push Climbing\" \/>\n<meta property=\"og:description\" content=\"A chalk whose main ingredient is geranium, blended with several aromas such as bergamot. Ideal for lead climbers who need a calm climb where they can concentrate too much and pump too quickly.  The effect of fragrance is greater than you think. A swing in mentality can have a huge impact on friction. Enjoy calm climbing like a holiday with a chalk bag that is different from the usual and the scent of EFFECT.  The Large Pack has a valve on the back that allows air to be removed and stored to help fill in the fingerprint gaps, and also prevents friction from decreasing by protecting it from drying out.  [Aroma ingredient]\u00a0Geranium has the effect of expanding blood vessels in areas with poor blood flow, and shrinking blood vessels that are too dilated to maintain balance. In short, you can expect that it will reduce sweaty areas of your hands and improve blood flow in areas that are cold and difficult to move. It also relieves anxiety when you are irritated or nervous, and has the effect of suppressing pride and impatience.\" \/>\n<meta property=\"og:url\" content=\"https:\/\/pushclimbing.vn\/vi\/san-pham\/tokyo-powder-effect\/\" \/>\n<meta property=\"og:site_name\" content=\"Push Climbing\" \/>\n<meta property=\"article:publisher\" content=\"https:\/\/www.facebook.com\/pushrockclimbing\" \/>\n<meta property=\"article:modified_time\" content=\"2025-03-20T03:50:57+00:00\" \/>\n<meta property=\"og:image\" content=\"https:\/\/pushclimbing.vn\/wp-content\/uploads\/2024\/05\/effect1.jpeg\" \/>\n\t<meta property=\"og:image:width\" content=\"1646\" \/>\n\t<meta property=\"og:image:height\" content=\"1646\" \/>\n\t<meta property=\"og:image:type\" content=\"image\/jpeg\" \/>\n<meta name=\"twitter:card\" content=\"summary_large_image\" \/>\n<meta name=\"twitter:label1\" content=\"\u01af\u1edbc t\u00ednh th\u1eddi gian \u0111\u1ecdc\" \/>\n\t<meta name=\"twitter:data1\" content=\"2 ph\u00fat\" \/>\n<script type=\"application\/ld+json\" class=\"yoast-schema-graph\">{\"@context\":\"https:\\\/\\\/schema.org\",\"@graph\":[{\"@type\":\"WebPage\",\"@id\":\"https:\\\/\\\/pushclimbing.vn\\\/vi\\\/san-pham\\\/tokyo-powder-effect\\\/\",\"url\":\"https:\\\/\\\/pushclimbing.vn\\\/vi\\\/san-pham\\\/tokyo-powder-effect\\\/\",\"name\":\"Tokyo Powder EFFECT - Push Climbing\",\"isPartOf\":{\"@id\":\"https:\\\/\\\/pushclimbing.vn\\\/#website\"},\"primaryImageOfPage\":{\"@id\":\"https:\\\/\\\/pushclimbing.vn\\\/vi\\\/san-pham\\\/tokyo-powder-effect\\\/#primaryimage\"},\"image\":{\"@id\":\"https:\\\/\\\/pushclimbing.vn\\\/vi\\\/san-pham\\\/tokyo-powder-effect\\\/#primaryimage\"},\"thumbnailUrl\":\"https:\\\/\\\/pushclimbing.vn\\\/wp-content\\\/uploads\\\/2024\\\/05\\\/effect1.jpeg\",\"datePublished\":\"2024-05-24T10:55:44+00:00\",\"dateModified\":\"2025-03-20T03:50:57+00:00\",\"breadcrumb\":{\"@id\":\"https:\\\/\\\/pushclimbing.vn\\\/vi\\\/san-pham\\\/tokyo-powder-effect\\\/#breadcrumb\"},\"inLanguage\":\"vi\",\"potentialAction\":[{\"@type\":\"ReadAction\",\"target\":[\"https:\\\/\\\/pushclimbing.vn\\\/vi\\\/san-pham\\\/tokyo-powder-effect\\\/\"]}]},{\"@type\":\"ImageObject\",\"inLanguage\":\"vi\",\"@id\":\"https:\\\/\\\/pushclimbing.vn\\\/vi\\\/san-pham\\\/tokyo-powder-effect\\\/#primaryimage\",\"url\":\"https:\\\/\\\/pushclimbing.vn\\\/wp-content\\\/uploads\\\/2024\\\/05\\\/effect1.jpeg\",\"contentUrl\":\"https:\\\/\\\/pushclimbing.vn\\\/wp-content\\\/uploads\\\/2024\\\/05\\\/effect1.jpeg\",\"width\":1646,\"height\":1646},{\"@type\":\"BreadcrumbList\",\"@id\":\"https:\\\/\\\/pushclimbing.vn\\\/vi\\\/san-pham\\\/tokyo-powder-effect\\\/#breadcrumb\",\"itemListElement\":[{\"@type\":\"ListItem\",\"position\":1,\"name\":\"Home\",\"item\":\"https:\\\/\\\/pushclimbing.vn\\\/\"},{\"@type\":\"ListItem\",\"position\":2,\"name\":\"Shop\",\"item\":\"https:\\\/\\\/pushclimbing.vn\\\/shop\\\/\"},{\"@type\":\"ListItem\",\"position\":3,\"name\":\"Tokyo Powder EFFECT\"}]},{\"@type\":\"WebSite\",\"@id\":\"https:\\\/\\\/pushclimbing.vn\\\/#website\",\"url\":\"https:\\\/\\\/pushclimbing.vn\\\/\",\"name\":\"Push Climbing\",\"description\":\"Conquer Your Mountain\",\"publisher\":{\"@id\":\"https:\\\/\\\/pushclimbing.vn\\\/#organization\"},\"potentialAction\":[{\"@type\":\"SearchAction\",\"target\":{\"@type\":\"EntryPoint\",\"urlTemplate\":\"https:\\\/\\\/pushclimbing.vn\\\/?s={search_term_string}\"},\"query-input\":{\"@type\":\"PropertyValueSpecification\",\"valueRequired\":true,\"valueName\":\"search_term_string\"}}],\"inLanguage\":\"vi\"},{\"@type\":\"Organization\",\"@id\":\"https:\\\/\\\/pushclimbing.vn\\\/#organization\",\"name\":\"Push Climbing\",\"url\":\"https:\\\/\\\/pushclimbing.vn\\\/\",\"logo\":{\"@type\":\"ImageObject\",\"inLanguage\":\"vi\",\"@id\":\"https:\\\/\\\/pushclimbing.vn\\\/#\\\/schema\\\/logo\\\/image\\\/\",\"url\":\"https:\\\/\\\/pushclimbing.vn\\\/wp-content\\\/uploads\\\/2022\\\/07\\\/push-logo-canvas.png\",\"contentUrl\":\"https:\\\/\\\/pushclimbing.vn\\\/wp-content\\\/uploads\\\/2022\\\/07\\\/push-logo-canvas.png\",\"width\":400,\"height\":400,\"caption\":\"Push Climbing\"},\"image\":{\"@id\":\"https:\\\/\\\/pushclimbing.vn\\\/#\\\/schema\\\/logo\\\/image\\\/\"},\"sameAs\":[\"https:\\\/\\\/www.facebook.com\\\/pushrockclimbing\"]}]}<\/script>\n<!-- \/ Yoast SEO plugin. -->","yoast_head_json":{"title":"Tokyo Powder EFFECT - Push Climbing","robots":{"index":"index","follow":"follow","max-snippet":"max-snippet:-1","max-image-preview":"max-image-preview:large","max-video-preview":"max-video-preview:-1"},"canonical":"https:\/\/pushclimbing.vn\/vi\/san-pham\/tokyo-powder-effect\/","og_locale":"vi_VN","og_type":"article","og_title":"Tokyo Powder EFFECT - Push Climbing","og_description":"A chalk whose main ingredient is geranium, blended with several aromas such as bergamot. Ideal for lead climbers who need a calm climb where they can concentrate too much and pump too quickly.  The effect of fragrance is greater than you think. A swing in mentality can have a huge impact on friction. Enjoy calm climbing like a holiday with a chalk bag that is different from the usual and the scent of EFFECT.  The Large Pack has a valve on the back that allows air to be removed and stored to help fill in the fingerprint gaps, and also prevents friction from decreasing by protecting it from drying out.  [Aroma ingredient]\u00a0Geranium has the effect of expanding blood vessels in areas with poor blood flow, and shrinking blood vessels that are too dilated to maintain balance. In short, you can expect that it will reduce sweaty areas of your hands and improve blood flow in areas that are cold and difficult to move. It also relieves anxiety when you are irritated or nervous, and has the effect of suppressing pride and impatience.","og_url":"https:\/\/pushclimbing.vn\/vi\/san-pham\/tokyo-powder-effect\/","og_site_name":"Push Climbing","article_publisher":"https:\/\/www.facebook.com\/pushrockclimbing","article_modified_time":"2025-03-20T03:50:57+00:00","og_image":[{"width":1646,"height":1646,"url":"https:\/\/pushclimbing.vn\/wp-content\/uploads\/2024\/05\/effect1.jpeg","type":"image\/jpeg"}],"twitter_card":"summary_large_image","twitter_misc":{"\u01af\u1edbc t\u00ednh th\u1eddi gian \u0111\u1ecdc":"2 ph\u00fat"},"schema":{"@context":"https:\/\/schema.org","@graph":[{"@type":"WebPage","@id":"https:\/\/pushclimbing.vn\/vi\/san-pham\/tokyo-powder-effect\/","url":"https:\/\/pushclimbing.vn\/vi\/san-pham\/tokyo-powder-effect\/","name":"Tokyo Powder EFFECT - Push Climbing","isPartOf":{"@id":"https:\/\/pushclimbing.vn\/#website"},"primaryImageOfPage":{"@id":"https:\/\/pushclimbing.vn\/vi\/san-pham\/tokyo-powder-effect\/#primaryimage"},"image":{"@id":"https:\/\/pushclimbing.vn\/vi\/san-pham\/tokyo-powder-effect\/#primaryimage"},"thumbnailUrl":"https:\/\/pushclimbing.vn\/wp-content\/uploads\/2024\/05\/effect1.jpeg","datePublished":"2024-05-24T10:55:44+00:00","dateModified":"2025-03-20T03:50:57+00:00","breadcrumb":{"@id":"https:\/\/pushclimbing.vn\/vi\/san-pham\/tokyo-powder-effect\/#breadcrumb"},"inLanguage":"vi","potentialAction":[{"@type":"ReadAction","target":["https:\/\/pushclimbing.vn\/vi\/san-pham\/tokyo-powder-effect\/"]}]},{"@type":"ImageObject","inLanguage":"vi","@id":"https:\/\/pushclimbing.vn\/vi\/san-pham\/tokyo-powder-effect\/#primaryimage","url":"https:\/\/pushclimbing.vn\/wp-content\/uploads\/2024\/05\/effect1.jpeg","contentUrl":"https:\/\/pushclimbing.vn\/wp-content\/uploads\/2024\/05\/effect1.jpeg","width":1646,"height":1646},{"@type":"BreadcrumbList","@id":"https:\/\/pushclimbing.vn\/vi\/san-pham\/tokyo-powder-effect\/#breadcrumb","itemListElement":[{"@type":"ListItem","position":1,"name":"Home","item":"https:\/\/pushclimbing.vn\/"},{"@type":"ListItem","position":2,"name":"Shop","item":"https:\/\/pushclimbing.vn\/shop\/"},{"@type":"ListItem","position":3,"name":"Tokyo Powder EFFECT"}]},{"@type":"WebSite","@id":"https:\/\/pushclimbing.vn\/#website","url":"https:\/\/pushclimbing.vn\/","name":"Push Climbing","description":"Conquer Your Mountain","publisher":{"@id":"https:\/\/pushclimbing.vn\/#organization"},"potentialAction":[{"@type":"SearchAction","target":{"@type":"EntryPoint","urlTemplate":"https:\/\/pushclimbing.vn\/?s={search_term_string}"},"query-input":{"@type":"PropertyValueSpecification","valueRequired":true,"valueName":"search_term_string"}}],"inLanguage":"vi"},{"@type":"Organization","@id":"https:\/\/pushclimbing.vn\/#organization","name":"Push Climbing","url":"https:\/\/pushclimbing.vn\/","logo":{"@type":"ImageObject","inLanguage":"vi","@id":"https:\/\/pushclimbing.vn\/#\/schema\/logo\/image\/","url":"https:\/\/pushclimbing.vn\/wp-content\/uploads\/2022\/07\/push-logo-canvas.png","contentUrl":"https:\/\/pushclimbing.vn\/wp-content\/uploads\/2022\/07\/push-logo-canvas.png","width":400,"height":400,"caption":"Push Climbing"},"image":{"@id":"https:\/\/pushclimbing.vn\/#\/schema\/logo\/image\/"},"sameAs":["https:\/\/www.facebook.com\/pushrockclimbing"]}]}},"_links":{"self":[{"href":"https:\/\/pushclimbing.vn\/vi\/wp-json\/wp\/v2\/product\/30895","targetHints":{"allow":["GET"]}}],"collection":[{"href":"https:\/\/pushclimbing.vn\/vi\/wp-json\/wp\/v2\/product"}],"about":[{"href":"https:\/\/pushclimbing.vn\/vi\/wp-json\/wp\/v2\/types\/product"}],"replies":[{"embeddable":true,"href":"https:\/\/pushclimbing.vn\/vi\/wp-json\/wp\/v2\/comments?post=30895"}],"wp:featuredmedia":[{"embeddable":true,"href":"https:\/\/pushclimbing.vn\/vi\/wp-json\/wp\/v2\/media\/30902"}],"wp:attachment":[{"href":"https:\/\/pushclimbing.vn\/vi\/wp-json\/wp\/v2\/media?parent=30895"}],"wp:term":[{"taxonomy":"product_brand","embeddable":true,"href":"https:\/\/pushclimbing.vn\/vi\/wp-json\/wp\/v2\/product_brand?post=30895"},{"taxonomy":"product_cat","embeddable":true,"href":"https:\/\/pushclimbing.vn\/vi\/wp-json\/wp\/v2\/product_cat?post=30895"},{"taxonomy":"product_tag","embeddable":true,"href":"https:\/\/pushclimbing.vn\/vi\/wp-json\/wp\/v2\/product_tag?post=30895"}],"curies":[{"name":"wp","href":"https:\/\/api.w.org\/{rel}","templated":true}]}}