{"id":30039,"date":"2024-01-30T15:00:32","date_gmt":"2024-01-30T08:00:32","guid":{"rendered":"https:\/\/pushclimbing.vn\/?post_type=product&#038;p=30039"},"modified":"2025-03-20T10:32:19","modified_gmt":"2025-03-20T03:32:19","slug":"stay","status":"publish","type":"product","link":"https:\/\/pushclimbing.vn\/vi\/san-pham\/stay\/","title":{"rendered":"SoiLL Stay"},"content":{"rendered":"<div class=\"fusion-fullwidth fullwidth-box fusion-builder-row-1 fusion-flex-container nonhundred-percent-fullwidth non-hundred-percent-height-scrolling\" style=\"--awb-border-radius-top-left:0px;--awb-border-radius-top-right:0px;--awb-border-radius-bottom-right:0px;--awb-border-radius-bottom-left:0px;--awb-flex-wrap:wrap;\" ><div class=\"fusion-builder-row fusion-row fusion-flex-align-items-flex-start fusion-flex-content-wrap\" style=\"max-width:1216.8px;margin-left: calc(-4% \/ 2 );margin-right: calc(-4% \/ 2 );\"><div class=\"fusion-layout-column fusion_builder_column fusion-builder-column-0 fusion_builder_column_1_1 1_1 fusion-flex-column\" style=\"--awb-bg-blend:overlay;--awb-bg-size:cover;--awb-width-large:100%;--awb-margin-top-large:0px;--awb-spacing-right-large:1.92%;--awb-margin-bottom-large:0px;--awb-spacing-left-large:1.92%;--awb-width-medium:100%;--awb-spacing-right-medium:1.92%;--awb-spacing-left-medium:1.92%;--awb-width-small:100%;--awb-spacing-right-small:1.92%;--awb-spacing-left-small:1.92%;\"><div class=\"fusion-column-wrapper fusion-flex-justify-content-flex-start fusion-content-layout-column\"><div class=\"fusion-text fusion-text-1\"><div class=\"video-shortcode\"><iframe title=\"Stay: Rubber - Interview with So iLL designer, Jae Jung\" width=\"1170\" height=\"658\" src=\"https:\/\/www.youtube.com\/embed\/ZaL5srpKGfk?feature=oembed\" frameborder=\"0\" allow=\"accelerometer; autoplay; clipboard-write; encrypted-media; gyroscope; picture-in-picture; web-share\" referrerpolicy=\"strict-origin-when-cross-origin\" allowfullscreen><\/iframe><\/div>\n<ul>\n<li>Thi\u1ebft k\u1ebf ho\u00e0n to\u00e0n m\u1edbi, t\u1ea1o h\u00ecnh th\u1ee7 c\u00f4ng, m\u0169i gi\u00e0y cong h\u1ed7 tr\u1ee3 b\u00e1m t\u1ed1t<\/li>\n<li>Ki\u1ec3u d\u00e1ng mang \"h\u01a1i th\u1edf\" n\u01b0\u1edbc \u00dd, 6 m\u1ea3nh li\u1ec1n m\u1ea1ch, kh\u00f4ng \u0111\u1ec7m l\u00f3t, ch\u1ea5t li\u1ec7u microsuede b\u1ec1n b\u1ec9, tho\u1ea3i m\u00e1i<\/li>\n<li>Ki\u1ec3u c\u00e1ch si\u1ebft gi\u00e0y b\u1eb1ng d\u00e2y \u0111\u01a1n<\/li>\n<li>D\u00e2y r\u00fat \u0111\u00f4i \u1edf ph\u1ea7n g\u00f3t h\u1ed7 tr\u1ee3 th\u00e1o x\u1ecf gi\u00e0y d\u1ec5 d\u00e0ng<\/li>\n<li>D\u00e2y d-ring k\u1ebft h\u1ee3p li\u1ec1n m\u1ea1ch v\u1edbi th\u00e2n gi\u00e0y, mang \u0111\u1ebfn \u0111\u1ed9 an to\u00e0n v\u00e0 s\u1ef1 v\u1eefng ch\u1eafc t\u1ed1i \u0111a.<\/li>\n<li>L\u01b0\u1ee1i g\u00e0 co gi\u00e3n v\u00e0 d\u00e2y thao ti\u1ec7n l\u1ee3i, th\u00e1o x\u1ecf ch\u1ec9 trong t\u00edch t\u1eafc, s\u1eb5n s\u00e0ng cho chuy\u1ebfn leo m\u1edbi.<\/li>\n<li>Cao su Vibram XS Grip c\u00f4ng ngh\u1ec7 m\u1edbi<\/li>\n<li>\u0110\u1ebf chia t\u00e1ch linh ho\u1ea1t, k\u1ebft h\u1ee3p cao su Vibram XS Grip m\u1ea1nh m\u1ebd, s\u1eb5n s\u00e0ng chinh ph\u1ee5c m\u1ecdi b\u1ec1 m\u1eb7t \u0111\u00e1<\/li>\n<li>Da microsuede thu\u1ea7n chay m\u1ec1m m\u1ea1i, tho\u00e1ng kh\u00ed, \u00f4m g\u1ecdn b\u00e0n ch\u00e2n m\u00e0 v\u1eabn tho\u1ea3i m\u00e1i b\u00e1m \u0111\u00e1 c\u1ea3 ng\u00e0y d\u00e0i.<\/li>\n<li>G\u00f3t ch\u00e2n \u0111\u01b0\u1ee3c \u0111\u00fac khu\u00f4n t\u00f9y ch\u1ec9nh, mang \u0111\u1ebfn s\u1ef1 v\u1eeba v\u1eb7n ho\u00e0n h\u1ea3o v\u00e0 n\u00e2ng \u0111\u1ee1 t\u1ed1i \u01b0u.<\/li>\n<li>M\u0169i b\u00e0n ch\u00e2n \u0111\u01b0\u1ee3c \u0111\u00fac khu\u00f4n t\u00f9y ch\u1ec9nh, mang \u0111\u1ebfn s\u1ef1 v\u1eeba v\u1eb7n ho\u00e0n h\u1ea3o v\u00e0 n\u00e2ng \u0111\u1ee1 t\u1ed1i \u01b0u.<\/li>\n<li>\u0110\u1ebf ngo\u00e0i g\u00f3t ch\u00e2n \u0111\u01b0\u1ee3c \u0111\u00fac khu\u00f4n t\u00f9y ch\u1ec9nh<\/li>\n<li>\u0110\u1ebf gi\u1eefa si\u00eau m\u1ecfng \"fishhook\" mang \u0111\u1ebfn c\u1ea3m gi\u00e1c b\u00e1m tr\u1ef1c ti\u1ebfp cho t\u1eebng b\u01b0\u1edbc di chuy\u1ec3n<\/li>\n<li>\u0110\u1ed9 b\u1ea5t \u0111\u1ed1i x\u1ee9ng v\u1eeba ph\u1ea3i (35%) gi\u00fap b\u1ea1n b\u00e1m ch\u1eafc tr\u00ean c\u00e1c r\u1edb \u0111\u00e1 nh\u1ecf trong m\u1ecdi t\u01b0 th\u1ebf<\/li>\n<li>\u0110\u1ed9 d\u00e0y cao su: Mi\u1ebfng l\u00f3t m\u0169i = 2.5mm \/\/ Mi\u1ebfng l\u00f3t g\u00f3t = 2mm \/\/ \u0110\u1ebf gi\u1eefa g\u00f3t = 2.3mm \/\/ \u0110\u1ebf ngo\u00e0i g\u00f3t = 3mm<\/li>\n<li>Ch\u1ea5t li\u1ec7u da thu\u1ea7n chay, th\u00e2n thi\u1ec7n v\u1edbi m\u00f4i tr\u01b0\u1eddng<\/li>\n<li>M\u00e0u xanh Eden c\u00e1 t\u00ednh, n\u1ed5i b\u1eadt gi\u1eefa v\u00e1ch \u0111\u00e1, tuy\u00ean b\u1ed1 phong c\u00e1ch \u0111\u1ed9c \u0111\u00e1o c\u1ee7a b\u1ea1n.<\/li>\n<\/ul>\n<p><img decoding=\"async\" class=\"lazyload alignnone wp-image-30060 size-medium\" src=\"https:\/\/pushclimbing.vn\/wp-content\/uploads\/2024\/01\/Stay-Lifestyle_S1600242-1440x1800-1-240x300.webp\" data-orig-src=\"https:\/\/pushclimbing.vn\/wp-content\/uploads\/2024\/01\/Stay-Lifestyle_S1600242-1440x1800-1-240x300.webp\" alt=\"\" width=\"240\" height=\"300\" srcset=\"data:image\/svg+xml,%3Csvg%20xmlns%3D%27http%3A%2F%2Fwww.w3.org%2F2000%2Fsvg%27%20width%3D%27240%27%20height%3D%27300%27%20viewBox%3D%270%200%20240%20300%27%3E%3Crect%20width%3D%27240%27%20height%3D%27300%27%20fill-opacity%3D%220%22%2F%3E%3C%2Fsvg%3E\" data-srcset=\"https:\/\/pushclimbing.vn\/wp-content\/uploads\/2024\/01\/Stay-Lifestyle_S1600242-1440x1800-1-10x12.webp 10w, https:\/\/pushclimbing.vn\/wp-content\/uploads\/2024\/01\/Stay-Lifestyle_S1600242-1440x1800-1-200x250.webp 200w, https:\/\/pushclimbing.vn\/wp-content\/uploads\/2024\/01\/Stay-Lifestyle_S1600242-1440x1800-1-240x300.webp 240w, https:\/\/pushclimbing.vn\/wp-content\/uploads\/2024\/01\/Stay-Lifestyle_S1600242-1440x1800-1-400x500.webp 400w, https:\/\/pushclimbing.vn\/wp-content\/uploads\/2024\/01\/Stay-Lifestyle_S1600242-1440x1800-1-500x625.webp 500w, https:\/\/pushclimbing.vn\/wp-content\/uploads\/2024\/01\/Stay-Lifestyle_S1600242-1440x1800-1-600x750.webp 600w, https:\/\/pushclimbing.vn\/wp-content\/uploads\/2024\/01\/Stay-Lifestyle_S1600242-1440x1800-1-768x960.webp 768w, https:\/\/pushclimbing.vn\/wp-content\/uploads\/2024\/01\/Stay-Lifestyle_S1600242-1440x1800-1-800x1000.webp 800w, https:\/\/pushclimbing.vn\/wp-content\/uploads\/2024\/01\/Stay-Lifestyle_S1600242-1440x1800-1-819x1024.webp 819w, https:\/\/pushclimbing.vn\/wp-content\/uploads\/2024\/01\/Stay-Lifestyle_S1600242-1440x1800-1.webp 1080w\" data-sizes=\"auto\" data-orig-sizes=\"(max-width: 240px) 100vw, 240px\" \/> <img decoding=\"async\" class=\"lazyload alignnone wp-image-30061 size-medium\" src=\"https:\/\/pushclimbing.vn\/wp-content\/uploads\/2024\/01\/Stay-Lifestyle_S1600372-1440x1800-1-240x300.webp\" data-orig-src=\"https:\/\/pushclimbing.vn\/wp-content\/uploads\/2024\/01\/Stay-Lifestyle_S1600372-1440x1800-1-240x300.webp\" alt=\"\" width=\"240\" height=\"300\" srcset=\"data:image\/svg+xml,%3Csvg%20xmlns%3D%27http%3A%2F%2Fwww.w3.org%2F2000%2Fsvg%27%20width%3D%27240%27%20height%3D%27300%27%20viewBox%3D%270%200%20240%20300%27%3E%3Crect%20width%3D%27240%27%20height%3D%27300%27%20fill-opacity%3D%220%22%2F%3E%3C%2Fsvg%3E\" data-srcset=\"https:\/\/pushclimbing.vn\/wp-content\/uploads\/2024\/01\/Stay-Lifestyle_S1600372-1440x1800-1-10x12.webp 10w, https:\/\/pushclimbing.vn\/wp-content\/uploads\/2024\/01\/Stay-Lifestyle_S1600372-1440x1800-1-200x250.webp 200w, https:\/\/pushclimbing.vn\/wp-content\/uploads\/2024\/01\/Stay-Lifestyle_S1600372-1440x1800-1-240x300.webp 240w, https:\/\/pushclimbing.vn\/wp-content\/uploads\/2024\/01\/Stay-Lifestyle_S1600372-1440x1800-1-400x500.webp 400w, https:\/\/pushclimbing.vn\/wp-content\/uploads\/2024\/01\/Stay-Lifestyle_S1600372-1440x1800-1-500x625.webp 500w, https:\/\/pushclimbing.vn\/wp-content\/uploads\/2024\/01\/Stay-Lifestyle_S1600372-1440x1800-1-600x750.webp 600w, https:\/\/pushclimbing.vn\/wp-content\/uploads\/2024\/01\/Stay-Lifestyle_S1600372-1440x1800-1-768x960.webp 768w, https:\/\/pushclimbing.vn\/wp-content\/uploads\/2024\/01\/Stay-Lifestyle_S1600372-1440x1800-1-800x1000.webp 800w, https:\/\/pushclimbing.vn\/wp-content\/uploads\/2024\/01\/Stay-Lifestyle_S1600372-1440x1800-1-819x1024.webp 819w, https:\/\/pushclimbing.vn\/wp-content\/uploads\/2024\/01\/Stay-Lifestyle_S1600372-1440x1800-1.webp 1080w\" data-sizes=\"auto\" data-orig-sizes=\"(max-width: 240px) 100vw, 240px\" \/> <img decoding=\"async\" class=\"lazyload alignnone wp-image-30062 size-medium\" src=\"https:\/\/pushclimbing.vn\/wp-content\/uploads\/2024\/01\/Stay-Lifestyle_S1600412-1440x1800-1-240x300.webp\" data-orig-src=\"https:\/\/pushclimbing.vn\/wp-content\/uploads\/2024\/01\/Stay-Lifestyle_S1600412-1440x1800-1-240x300.webp\" alt=\"\" width=\"240\" height=\"300\" srcset=\"data:image\/svg+xml,%3Csvg%20xmlns%3D%27http%3A%2F%2Fwww.w3.org%2F2000%2Fsvg%27%20width%3D%27240%27%20height%3D%27300%27%20viewBox%3D%270%200%20240%20300%27%3E%3Crect%20width%3D%27240%27%20height%3D%27300%27%20fill-opacity%3D%220%22%2F%3E%3C%2Fsvg%3E\" data-srcset=\"https:\/\/pushclimbing.vn\/wp-content\/uploads\/2024\/01\/Stay-Lifestyle_S1600412-1440x1800-1-10x12.webp 10w, https:\/\/pushclimbing.vn\/wp-content\/uploads\/2024\/01\/Stay-Lifestyle_S1600412-1440x1800-1-200x250.webp 200w, https:\/\/pushclimbing.vn\/wp-content\/uploads\/2024\/01\/Stay-Lifestyle_S1600412-1440x1800-1-240x300.webp 240w, https:\/\/pushclimbing.vn\/wp-content\/uploads\/2024\/01\/Stay-Lifestyle_S1600412-1440x1800-1-400x500.webp 400w, https:\/\/pushclimbing.vn\/wp-content\/uploads\/2024\/01\/Stay-Lifestyle_S1600412-1440x1800-1-500x625.webp 500w, https:\/\/pushclimbing.vn\/wp-content\/uploads\/2024\/01\/Stay-Lifestyle_S1600412-1440x1800-1-600x750.webp 600w, https:\/\/pushclimbing.vn\/wp-content\/uploads\/2024\/01\/Stay-Lifestyle_S1600412-1440x1800-1-768x960.webp 768w, https:\/\/pushclimbing.vn\/wp-content\/uploads\/2024\/01\/Stay-Lifestyle_S1600412-1440x1800-1-800x1000.webp 800w, https:\/\/pushclimbing.vn\/wp-content\/uploads\/2024\/01\/Stay-Lifestyle_S1600412-1440x1800-1-819x1024.webp 819w, https:\/\/pushclimbing.vn\/wp-content\/uploads\/2024\/01\/Stay-Lifestyle_S1600412-1440x1800-1.webp 1080w\" data-sizes=\"auto\" data-orig-sizes=\"(max-width: 240px) 100vw, 240px\" \/><\/p>\n<\/div><div class=\"fusion-text fusion-text-2\"><p><img decoding=\"async\" class=\"lazyload alignnone size-full wp-image-32982\" src=\"data:image\/svg+xml,%3Csvg%20xmlns%3D%27http%3A%2F%2Fwww.w3.org%2F2000%2Fsvg%27%20width%3D%271000%27%20height%3D%271359%27%20viewBox%3D%270%200%201000%201359%27%3E%3Crect%20width%3D%271000%27%20height%3D%271359%27%20fill-opacity%3D%220%22%2F%3E%3C%2Fsvg%3E\" data-orig-src=\"https:\/\/pushclimbing.vn\/wp-content\/uploads\/2025\/01\/So-iLL-2024-Climbing-Shoe-sizing-chart-11-optimized.webp\" alt=\"\" width=\"1000\" height=\"1359\" \/><\/p>\n<\/div><\/div><\/div><\/div><\/div>","protected":false},"excerpt":{"rendered":"<p>https:\/\/www.youtube.com\/watch?v=SsEQin9SYOQ<\/p>\n<p><strong>STAY: \u0110\u00f4i gi\u00e0y leo n\u00fai ch\u1ea5t l\u01b0\u1ee3ng cao, v\u1edbi thi\u1ebft k\u1ebf ch\u00ednh x\u00e1c v\u00e0 \u0111a n\u0103ng, ph\u00f9 h\u1ee3p cho c\u1ea3 leo trong nh\u00e0 v\u00e0 ngo\u00e0i tr\u1eddi.<\/strong><\/p>\n<p>D\u00f2ng gi\u00e0y leo n\u00fai STAY ra \u0111\u1eddi v\u1edbi ki\u1ec3u d\u00e1ng h\u1ea1 g\u00f3t ho\u00e0n to\u00e0n m\u1edbi, \u0111\u01b0\u1ee3c t\u1ea1o h\u00ecnh th\u1ee7 c\u00f4ng b\u1edfi chuy\u00ean gia Jae Jung v\u00e0 d\u01b0\u1edbi s\u1ef1 t\u01b0 v\u1ea5n c\u1ee7a huy\u1ec1n tho\u1ea1i Fred Nicole. Th\u00e2n gi\u00e0y phong c\u00e1ch \u00dd b\u1ec1n b\u1ec9 v\u00e0 tho\u1ea3i m\u00e1i, \u0111\u01b0\u1ee3c c\u1ea5u t\u1ea1o t\u1eeb 6 t\u1ea5m da microsuede thu\u1ea7n chay kh\u00f4ng l\u00f3t, k\u1ebft h\u1ee3p h\u1ec7 th\u1ed1ng \u0111\u00f3ng d\u00e2y \u0111\u01a1n hi\u1ec7u su\u1ea5t cao v\u00e0 m\u00f3c ch\u1eef D, mang \u0111\u1ebfn s\u1ef1 v\u1eeba v\u1eb7n c\u1ef1c k\u1ef3 ch\u00ednh x\u00e1c.\n\u0110\u1ebf gi\u00e0y \u0111\u01b0\u1ee3c chia t\u00e1ch, trang b\u1ecb cao su Vibram XS Grip hi\u1ec7u su\u1ea5t cao, \u0111\u1ea3m b\u1ea3o \u0111\u1ed9 b\u1ec1n b\u1ec9 v\u00e0 ph\u1ea7n cao su m\u0169i gi\u00e0y r\u1ed9ng r\u00e3i \u0111\u00e1p \u1ee9ng m\u1ecdi nhu c\u1ea7u m\u00f3c ng\u00f3n. Lo\u1ea1i cao su m\u1ecfng h\u01a1n n\u00e0y t\u1ea1o \u0111\u1ed9 nh\u1ea1y v\u00e0 t\u0103ng di\u1ec7n t\u00edch ti\u1ebfp x\u00fac khi b\u00e1m tr\u00ean b\u1ec1 m\u1eb7t ph\u1eb3ng. \n*STAY l\u00e0 m\u1ed9t \u0111\u00f4i gi\u00e0y si\u00eau m\u1ec1m, \u00f4m ch\u00e2n v\u1eeba ph\u1ea3i, l\u00fd t\u01b0\u1edfng cho c\u00e1c tuy\u1ebfn leo th\u1eb3ng \u0111\u1ee9ng v\u00e0 \u0111\u1ed5 d\u1ed1c, leo t\u01b0\u1eddng b\u1ec1 m\u1eb7t l\u1edbn v\u00e0 thi \u0111\u1ea5u trong nh\u00e0, \u0111\u1ed3ng th\u1eddi h\u1ed7 tr\u1ee3 \u0111\u1ee7 t\u1ed1t cho c\u00e1c c\u1ea1nh nh\u1ecf v\u00e0 b\u1ec1 m\u1eb7t ph\u1eb3ng.\nD\u00f2ng gi\u00e0y n\u00e0y d\u00e0nh cho c\u1ea3 nam v\u00e0 n\u1eef, s\u1eed d\u1ee5ng \u0111\u01b0\u1ee3c c\u1ea3 trong nh\u00e0 v\u00e0 ngo\u00e0i tr\u1eddi.\nN\u00f3i t\u00f3m l\u1ea1i, STAY l\u00e0 m\u1ed9t \u0111\u00f4i gi\u00e0y leo n\u00fai to\u00e0n di\u1ec7n, k\u1ebft h\u1ee3p s\u1ef1 tho\u1ea3i m\u00e1i, ch\u00ednh x\u00e1c, \u0111\u1ed9 nh\u1ea1y v\u00e0 \u0111\u1ed9 b\u1ec1n, ph\u00f9 h\u1ee3p v\u1edbi nhi\u1ec1u \u0111\u1ecba h\u00ecnh v\u00e0 phong c\u00e1ch leo n\u00fai kh\u00e1c nhau. H\u00e3y t\u01b0\u1edfng t\u01b0\u1ee3ng b\u1ea1n \u0111ang chinh ph\u1ee5c v\u00e1ch \u0111\u00e1 th\u1eb3ng \u0111\u1ee9ng, m\u00f3c ng\u00f3n ch\u1eafc ch\u1eafn tr\u00ean t\u1eebng m\u1ea5u nh\u1ecf, c\u1ea3m nh\u1eadn r\u00f5 r\u1ec7t t\u1eebng chi ti\u1ebft c\u1ee7a b\u1ec1 m\u1eb7t qua \u0111\u00f4i gi\u00e0y m\u1ecfng nh\u1eb9, v\u00e0 ho\u00e0n th\u00e0nh \u0111\u01b0\u1eddng leo \u0111\u1ea7y th\u1eed th\u00e1ch v\u1edbi phong th\u00e1i t\u1ef1 tin, STAY s\u1ebd l\u00e0 ng\u01b0\u1eddi b\u1ea1n \u0111\u1ed3ng h\u00e0nh \u0111\u00e1ng tin c\u1eady tr\u00ean h\u00e0nh tr\u00ecnh chinh ph\u1ee5c nh\u1eefng \u0111\u1ec9nh cao m\u1edbi.<\/p>\n<p>\u0110\u1ec3 \u0111\u1ea3m b\u1ea3o \u0111\u1ed9 v\u1eeba v\u1eb7n, h\u00e3y ch\u1ecdn c\u1ee1 gi\u00e0y M\u1ef9 th\u00f4ng th\u01b0\u1eddng c\u1ee7a b\u1ea1n khi \u0111\u1eb7t h\u00e0ng.<br \/>\nSizing \u2022 M = U.S. Men&#8217;s \u2022 W = U.S. Women&#8217;s. <a href=\"https:\/\/soillholds.com\/pages\/2023-climbing-shoe-sizing-chart\" target=\"_blank\" rel=\"noopener\">Xem b\u1ea3ng \u0111\u1ed5i k\u00edch c\u1ee1 2023 c\u1ee7a So iLL<\/a><\/p>","protected":false},"featured_media":30040,"comment_status":"open","ping_status":"closed","template":"","meta":{"_acf_changed":false},"product_brand":[1019],"product_cat":[1023,1024],"product_tag":[853,857,856,855,854],"class_list":{"0":"post-30039","1":"product","2":"type-product","3":"status-publish","4":"has-post-thumbnail","6":"product_brand-soill","7":"product_cat-climbing","8":"product_cat-shoes","9":"product_tag-so-ill","10":"product_tag-so-ill-2024","11":"product_tag-stay","12":"product_tag-stay-climbing-shoes","13":"product_tag-stay-so-ill","15":"first","16":"outofstock","17":"purchasable","18":"product-type-variable"},"acf":[],"yoast_head":"<!-- This site is optimized with the Yoast SEO plugin v27.3 - https:\/\/yoast.com\/product\/yoast-seo-wordpress\/ -->\n<title>SoiLL Stay - Push Climbing<\/title>\n<meta name=\"robots\" content=\"index, follow, max-snippet:-1, max-image-preview:large, max-video-preview:-1\" \/>\n<link rel=\"canonical\" href=\"https:\/\/pushclimbing.vn\/vi\/san-pham\/stay\/\" \/>\n<meta property=\"og:locale\" content=\"vi_VN\" \/>\n<meta property=\"og:type\" content=\"article\" \/>\n<meta property=\"og:title\" content=\"SoiLL Stay - Push Climbing\" \/>\n<meta property=\"og:description\" content=\"https:\/\/www.youtube.com\/watch?v=SsEQin9SYOQ  Introducing - STAY: A high-quality climbing shoe, featuring precise design and versatility, suitable for both indoor and outdoor climbing.  Built on an all-new, hand-shaped, downturned last with the expertise of Jae Jung and consultation with Fred Nicole, STAY features a durable and comfortable Italian style 6-piece, unlined, vegan microsuede upper with a performance single-strap closure and d-ring integration for an ultra precise fit. The split-outsole is outfitted with high performance Vibram XS Grip rubber for durability while including generous toe rubber coverage for all your hooking needs. This thinner rubber shoe creates sensitivity and larger contact patch (of rubber) when smearing on slab. STAY is a very soft, regular volume shoe which is ideal for vertical and overhung routes, large volume type climbing, and indoor competition climbing while offering enough support for small edging and slab. This shoe is unisex and developed for both indoor and outdoor climbing.  When ordering, it is recommended to select your regular US street shoe size. Sizing \u2022 M = U.S. Men&#039;s \u2022 W = U.S. Women&#039;s. View the 2023 Climbing Shoe Sizing Chart\" \/>\n<meta property=\"og:url\" content=\"https:\/\/pushclimbing.vn\/vi\/san-pham\/stay\/\" \/>\n<meta property=\"og:site_name\" content=\"Push Climbing\" \/>\n<meta property=\"article:publisher\" content=\"https:\/\/www.facebook.com\/pushrockclimbing\" \/>\n<meta property=\"article:modified_time\" content=\"2025-03-20T03:32:19+00:00\" \/>\n<meta property=\"og:image\" content=\"https:\/\/pushclimbing.vn\/wp-content\/uploads\/2024\/01\/main-e1706419448836.jpeg\" \/>\n\t<meta property=\"og:image:width\" content=\"1200\" \/>\n\t<meta property=\"og:image:height\" content=\"1200\" \/>\n\t<meta property=\"og:image:type\" content=\"image\/jpeg\" \/>\n<meta name=\"twitter:card\" content=\"summary_large_image\" \/>\n<meta name=\"twitter:label1\" content=\"\u01af\u1edbc t\u00ednh th\u1eddi gian \u0111\u1ecdc\" \/>\n\t<meta name=\"twitter:data1\" content=\"2 ph\u00fat\" \/>\n<script type=\"application\/ld+json\" class=\"yoast-schema-graph\">{\"@context\":\"https:\\\/\\\/schema.org\",\"@graph\":[{\"@type\":\"WebPage\",\"@id\":\"https:\\\/\\\/pushclimbing.vn\\\/product\\\/stay\\\/\",\"url\":\"https:\\\/\\\/pushclimbing.vn\\\/product\\\/stay\\\/\",\"name\":\"SoiLL Stay - Push Climbing\",\"isPartOf\":{\"@id\":\"https:\\\/\\\/pushclimbing.vn\\\/#website\"},\"primaryImageOfPage\":{\"@id\":\"https:\\\/\\\/pushclimbing.vn\\\/product\\\/stay\\\/#primaryimage\"},\"image\":{\"@id\":\"https:\\\/\\\/pushclimbing.vn\\\/product\\\/stay\\\/#primaryimage\"},\"thumbnailUrl\":\"https:\\\/\\\/pushclimbing.vn\\\/wp-content\\\/uploads\\\/2024\\\/01\\\/main-e1706419448836.jpeg\",\"datePublished\":\"2024-01-30T08:00:32+00:00\",\"dateModified\":\"2025-03-20T03:32:19+00:00\",\"breadcrumb\":{\"@id\":\"https:\\\/\\\/pushclimbing.vn\\\/product\\\/stay\\\/#breadcrumb\"},\"inLanguage\":\"vi\",\"potentialAction\":[{\"@type\":\"ReadAction\",\"target\":[\"https:\\\/\\\/pushclimbing.vn\\\/product\\\/stay\\\/\"]}]},{\"@type\":\"ImageObject\",\"inLanguage\":\"vi\",\"@id\":\"https:\\\/\\\/pushclimbing.vn\\\/product\\\/stay\\\/#primaryimage\",\"url\":\"https:\\\/\\\/pushclimbing.vn\\\/wp-content\\\/uploads\\\/2024\\\/01\\\/main-e1706419448836.jpeg\",\"contentUrl\":\"https:\\\/\\\/pushclimbing.vn\\\/wp-content\\\/uploads\\\/2024\\\/01\\\/main-e1706419448836.jpeg\",\"width\":1200,\"height\":1200},{\"@type\":\"BreadcrumbList\",\"@id\":\"https:\\\/\\\/pushclimbing.vn\\\/product\\\/stay\\\/#breadcrumb\",\"itemListElement\":[{\"@type\":\"ListItem\",\"position\":1,\"name\":\"Home\",\"item\":\"https:\\\/\\\/pushclimbing.vn\\\/\"},{\"@type\":\"ListItem\",\"position\":2,\"name\":\"Shop\",\"item\":\"https:\\\/\\\/pushclimbing.vn\\\/shop\\\/\"},{\"@type\":\"ListItem\",\"position\":3,\"name\":\"SoiLL Stay\"}]},{\"@type\":\"WebSite\",\"@id\":\"https:\\\/\\\/pushclimbing.vn\\\/#website\",\"url\":\"https:\\\/\\\/pushclimbing.vn\\\/\",\"name\":\"Push Climbing\",\"description\":\"Conquer Your Mountain\",\"publisher\":{\"@id\":\"https:\\\/\\\/pushclimbing.vn\\\/#organization\"},\"potentialAction\":[{\"@type\":\"SearchAction\",\"target\":{\"@type\":\"EntryPoint\",\"urlTemplate\":\"https:\\\/\\\/pushclimbing.vn\\\/?s={search_term_string}\"},\"query-input\":{\"@type\":\"PropertyValueSpecification\",\"valueRequired\":true,\"valueName\":\"search_term_string\"}}],\"inLanguage\":\"vi\"},{\"@type\":\"Organization\",\"@id\":\"https:\\\/\\\/pushclimbing.vn\\\/#organization\",\"name\":\"Push Climbing\",\"url\":\"https:\\\/\\\/pushclimbing.vn\\\/\",\"logo\":{\"@type\":\"ImageObject\",\"inLanguage\":\"vi\",\"@id\":\"https:\\\/\\\/pushclimbing.vn\\\/#\\\/schema\\\/logo\\\/image\\\/\",\"url\":\"https:\\\/\\\/pushclimbing.vn\\\/wp-content\\\/uploads\\\/2022\\\/07\\\/push-logo-canvas.png\",\"contentUrl\":\"https:\\\/\\\/pushclimbing.vn\\\/wp-content\\\/uploads\\\/2022\\\/07\\\/push-logo-canvas.png\",\"width\":400,\"height\":400,\"caption\":\"Push Climbing\"},\"image\":{\"@id\":\"https:\\\/\\\/pushclimbing.vn\\\/#\\\/schema\\\/logo\\\/image\\\/\"},\"sameAs\":[\"https:\\\/\\\/www.facebook.com\\\/pushrockclimbing\"]}]}<\/script>\n<!-- \/ Yoast SEO plugin. -->","yoast_head_json":{"title":"SoiLL Stay - Push Climbing","robots":{"index":"index","follow":"follow","max-snippet":"max-snippet:-1","max-image-preview":"max-image-preview:large","max-video-preview":"max-video-preview:-1"},"canonical":"https:\/\/pushclimbing.vn\/vi\/san-pham\/stay\/","og_locale":"vi_VN","og_type":"article","og_title":"SoiLL Stay - Push Climbing","og_description":"https:\/\/www.youtube.com\/watch?v=SsEQin9SYOQ  Introducing - STAY: A high-quality climbing shoe, featuring precise design and versatility, suitable for both indoor and outdoor climbing.  Built on an all-new, hand-shaped, downturned last with the expertise of Jae Jung and consultation with Fred Nicole, STAY features a durable and comfortable Italian style 6-piece, unlined, vegan microsuede upper with a performance single-strap closure and d-ring integration for an ultra precise fit. The split-outsole is outfitted with high performance Vibram XS Grip rubber for durability while including generous toe rubber coverage for all your hooking needs. This thinner rubber shoe creates sensitivity and larger contact patch (of rubber) when smearing on slab. STAY is a very soft, regular volume shoe which is ideal for vertical and overhung routes, large volume type climbing, and indoor competition climbing while offering enough support for small edging and slab. This shoe is unisex and developed for both indoor and outdoor climbing.  When ordering, it is recommended to select your regular US street shoe size. Sizing \u2022 M = U.S. Men's \u2022 W = U.S. Women's. View the 2023 Climbing Shoe Sizing Chart","og_url":"https:\/\/pushclimbing.vn\/vi\/san-pham\/stay\/","og_site_name":"Push Climbing","article_publisher":"https:\/\/www.facebook.com\/pushrockclimbing","article_modified_time":"2025-03-20T03:32:19+00:00","og_image":[{"width":1200,"height":1200,"url":"https:\/\/pushclimbing.vn\/wp-content\/uploads\/2024\/01\/main-e1706419448836.jpeg","type":"image\/jpeg"}],"twitter_card":"summary_large_image","twitter_misc":{"\u01af\u1edbc t\u00ednh th\u1eddi gian \u0111\u1ecdc":"2 ph\u00fat"},"schema":{"@context":"https:\/\/schema.org","@graph":[{"@type":"WebPage","@id":"https:\/\/pushclimbing.vn\/product\/stay\/","url":"https:\/\/pushclimbing.vn\/product\/stay\/","name":"SoiLL Stay - Push Climbing","isPartOf":{"@id":"https:\/\/pushclimbing.vn\/#website"},"primaryImageOfPage":{"@id":"https:\/\/pushclimbing.vn\/product\/stay\/#primaryimage"},"image":{"@id":"https:\/\/pushclimbing.vn\/product\/stay\/#primaryimage"},"thumbnailUrl":"https:\/\/pushclimbing.vn\/wp-content\/uploads\/2024\/01\/main-e1706419448836.jpeg","datePublished":"2024-01-30T08:00:32+00:00","dateModified":"2025-03-20T03:32:19+00:00","breadcrumb":{"@id":"https:\/\/pushclimbing.vn\/product\/stay\/#breadcrumb"},"inLanguage":"vi","potentialAction":[{"@type":"ReadAction","target":["https:\/\/pushclimbing.vn\/product\/stay\/"]}]},{"@type":"ImageObject","inLanguage":"vi","@id":"https:\/\/pushclimbing.vn\/product\/stay\/#primaryimage","url":"https:\/\/pushclimbing.vn\/wp-content\/uploads\/2024\/01\/main-e1706419448836.jpeg","contentUrl":"https:\/\/pushclimbing.vn\/wp-content\/uploads\/2024\/01\/main-e1706419448836.jpeg","width":1200,"height":1200},{"@type":"BreadcrumbList","@id":"https:\/\/pushclimbing.vn\/product\/stay\/#breadcrumb","itemListElement":[{"@type":"ListItem","position":1,"name":"Home","item":"https:\/\/pushclimbing.vn\/"},{"@type":"ListItem","position":2,"name":"Shop","item":"https:\/\/pushclimbing.vn\/shop\/"},{"@type":"ListItem","position":3,"name":"SoiLL Stay"}]},{"@type":"WebSite","@id":"https:\/\/pushclimbing.vn\/#website","url":"https:\/\/pushclimbing.vn\/","name":"Push Climbing","description":"Conquer Your Mountain","publisher":{"@id":"https:\/\/pushclimbing.vn\/#organization"},"potentialAction":[{"@type":"SearchAction","target":{"@type":"EntryPoint","urlTemplate":"https:\/\/pushclimbing.vn\/?s={search_term_string}"},"query-input":{"@type":"PropertyValueSpecification","valueRequired":true,"valueName":"search_term_string"}}],"inLanguage":"vi"},{"@type":"Organization","@id":"https:\/\/pushclimbing.vn\/#organization","name":"Push Climbing","url":"https:\/\/pushclimbing.vn\/","logo":{"@type":"ImageObject","inLanguage":"vi","@id":"https:\/\/pushclimbing.vn\/#\/schema\/logo\/image\/","url":"https:\/\/pushclimbing.vn\/wp-content\/uploads\/2022\/07\/push-logo-canvas.png","contentUrl":"https:\/\/pushclimbing.vn\/wp-content\/uploads\/2022\/07\/push-logo-canvas.png","width":400,"height":400,"caption":"Push Climbing"},"image":{"@id":"https:\/\/pushclimbing.vn\/#\/schema\/logo\/image\/"},"sameAs":["https:\/\/www.facebook.com\/pushrockclimbing"]}]}},"_links":{"self":[{"href":"https:\/\/pushclimbing.vn\/vi\/wp-json\/wp\/v2\/product\/30039","targetHints":{"allow":["GET"]}}],"collection":[{"href":"https:\/\/pushclimbing.vn\/vi\/wp-json\/wp\/v2\/product"}],"about":[{"href":"https:\/\/pushclimbing.vn\/vi\/wp-json\/wp\/v2\/types\/product"}],"replies":[{"embeddable":true,"href":"https:\/\/pushclimbing.vn\/vi\/wp-json\/wp\/v2\/comments?post=30039"}],"wp:featuredmedia":[{"embeddable":true,"href":"https:\/\/pushclimbing.vn\/vi\/wp-json\/wp\/v2\/media\/30040"}],"wp:attachment":[{"href":"https:\/\/pushclimbing.vn\/vi\/wp-json\/wp\/v2\/media?parent=30039"}],"wp:term":[{"taxonomy":"product_brand","embeddable":true,"href":"https:\/\/pushclimbing.vn\/vi\/wp-json\/wp\/v2\/product_brand?post=30039"},{"taxonomy":"product_cat","embeddable":true,"href":"https:\/\/pushclimbing.vn\/vi\/wp-json\/wp\/v2\/product_cat?post=30039"},{"taxonomy":"product_tag","embeddable":true,"href":"https:\/\/pushclimbing.vn\/vi\/wp-json\/wp\/v2\/product_tag?post=30039"}],"curies":[{"name":"wp","href":"https:\/\/api.w.org\/{rel}","templated":true}]}}