{"id":29799,"date":"2023-12-07T20:26:16","date_gmt":"2023-12-07T13:26:16","guid":{"rendered":"https:\/\/pushclimbing.vn\/?post_type=product&#038;p=29799"},"modified":"2025-03-20T10:32:28","modified_gmt":"2025-03-20T03:32:28","slug":"teneya-iati","status":"publish","type":"product","link":"https:\/\/pushclimbing.vn\/vi\/san-pham\/teneya-iati\/","title":{"rendered":"TENAYA Iati"},"content":{"rendered":"<div class=\"fusion-fullwidth fullwidth-box fusion-builder-row-1 fusion-flex-container has-pattern-background has-mask-background nonhundred-percent-fullwidth non-hundred-percent-height-scrolling\" style=\"--awb-border-radius-top-left:0px;--awb-border-radius-top-right:0px;--awb-border-radius-bottom-right:0px;--awb-border-radius-bottom-left:0px;--awb-flex-wrap:wrap;\" ><div class=\"fusion-builder-row fusion-row fusion-flex-align-items-flex-start fusion-flex-content-wrap\" style=\"max-width:1216.8px;margin-left: calc(-4% \/ 2 );margin-right: calc(-4% \/ 2 );\"><div class=\"fusion-layout-column fusion_builder_column fusion-builder-column-0 fusion_builder_column_1_1 1_1 fusion-flex-column\" style=\"--awb-bg-size:cover;--awb-width-large:100%;--awb-margin-top-large:15px;--awb-spacing-right-large:1.92%;--awb-margin-bottom-large:15px;--awb-spacing-left-large:1.92%;--awb-width-medium:100%;--awb-order-medium:0;--awb-spacing-right-medium:1.92%;--awb-spacing-left-medium:1.92%;--awb-width-small:100%;--awb-order-small:0;--awb-spacing-right-small:1.92%;--awb-spacing-left-small:1.92%;\"><div class=\"fusion-column-wrapper fusion-column-has-shadow fusion-flex-justify-content-flex-start fusion-content-layout-column\"><div class=\"fusion-text fusion-text-1\"><p><strong>SIZE GUIDE:<\/strong><\/p>\n<p><img decoding=\"async\" class=\"lazyload aligncenter size-full wp-image-33254\" src=\"data:image\/svg+xml,%3Csvg%20xmlns%3D%27http%3A%2F%2Fwww.w3.org%2F2000%2Fsvg%27%20width%3D%271496%27%20height%3D%27530%27%20viewBox%3D%270%200%201496%20530%27%3E%3Crect%20width%3D%271496%27%20height%3D%27530%27%20fill-opacity%3D%220%22%2F%3E%3C%2Fsvg%3E\" data-orig-src=\"https:\/\/pushclimbing.vn\/wp-content\/uploads\/2025\/02\/to06.jpg\" alt=\"\" width=\"1496\" height=\"530\" \/><\/p>\n<p><img decoding=\"async\" class=\"lazyload aligncenter size-full wp-image-33255\" src=\"data:image\/svg+xml,%3Csvg%20xmlns%3D%27http%3A%2F%2Fwww.w3.org%2F2000%2Fsvg%27%20width%3D%272200%27%20height%3D%271700%27%20viewBox%3D%270%200%202200%201700%27%3E%3Crect%20width%3D%272200%27%20height%3D%271700%27%20fill-opacity%3D%220%22%2F%3E%3C%2Fsvg%3E\" data-orig-src=\"https:\/\/pushclimbing.vn\/wp-content\/uploads\/2025\/02\/massifsupply-1642197253496.png\" alt=\"\" width=\"2200\" height=\"1700\" \/><\/p>\n<p><b>SPECS &amp; FEATURES<\/b><\/p>\n<ul>\n<li data-start=\"42\" data-end=\"63\"><strong data-start=\"44\" data-end=\"54\">Level:<\/strong> Expert<\/li>\n<li data-start=\"64\" data-end=\"115\"><strong data-start=\"66\" data-end=\"86\">Khuy\u00ean s\u1eed d\u1ee5ng cho:<\/strong> Bouldering, sport climbing<\/li>\n<li data-start=\"116\" data-end=\"151\"><strong data-start=\"118\" data-end=\"131\">V\u1eadt li\u1ec7u:<\/strong> Synthetic leather<\/li>\n<li data-start=\"152\" data-end=\"211\"><strong data-start=\"154\" data-end=\"166\">C\u00e1ch \u0110\u00f3ng Gi\u00e0y:<\/strong> Hook-and-loop (Draxtor fast lacing system)<\/li>\n<li data-start=\"212\" data-end=\"240\"><strong data-start=\"214\" data-end=\"223\">Sole:<\/strong> Vibram XS Grip<\/li>\n<li data-start=\"241\" data-end=\"271\"><strong data-start=\"243\" data-end=\"262\">Sole thickness:<\/strong> 3.5 mm<\/li>\n<li data-start=\"272\" data-end=\"306\"><strong data-start=\"274\" data-end=\"292\">Sole hardness:<\/strong> Medium-hard<\/li>\n<li data-start=\"307\" data-end=\"340\"><strong data-start=\"309\" data-end=\"318\">Last:<\/strong> Highly asymmetrical<\/li>\n<li data-start=\"341\" data-end=\"369\"><strong data-start=\"343\" data-end=\"360\">Heel tension:<\/strong> Strong<\/li>\n<li data-start=\"370\" data-end=\"395\"><strong data-start=\"372\" data-end=\"384\">Terrain:<\/strong> Vertical<\/li>\n<li data-start=\"396\" data-end=\"452\"><strong data-start=\"398\" data-end=\"427\">Foot shape compatibility:<\/strong> Egyptian, Greek, Roman<\/li>\n<li data-start=\"453\" data-end=\"493\"><strong data-start=\"455\" data-end=\"463\">Fit:<\/strong> Normal foot \/ Medium volume<\/li>\n<li data-start=\"494\" data-end=\"547\"><strong data-start=\"496\" data-end=\"507\">Extras:<\/strong> Resoleable, Pull-off loops, Toe patch<\/li>\n<\/ul>\n<\/div><\/div><\/div><\/div><\/div>","protected":false},"excerpt":{"rendered":"<h3 data-start=\"64\" data-end=\"125\"><strong data-start=\"68\" data-end=\"123\">Tenaya IATI \u2013 Precision &amp; Sensitivity in Every Move<\/strong><\/h3>\n<p data-start=\"127\" data-end=\"401\">C\u00e1c <strong data-start=\"131\" data-end=\"139\">IATI<\/strong> fits like a sock, offering <strong data-start=\"167\" data-end=\"208\">exceptional precision and sensitivity<\/strong> for advanced climbers. Its <strong data-start=\"236\" data-end=\"261\">strong pre-tensioning<\/strong> directs power to the big toe for maximum control, while the <strong data-start=\"322\" data-end=\"340\">Vibram XS Grip<\/strong> sole ensures superior traction on both rock and gym walls.<\/p>\n<p data-start=\"403\" data-end=\"646\">Designed for overhangs and technical footwork, the <strong data-start=\"454\" data-end=\"467\">hook heel<\/strong> v\u00e0 <strong data-start=\"472\" data-end=\"485\">toe patch<\/strong> enhance heel and toe hooking. The <strong data-start=\"520\" data-end=\"544\">SRXD Dynamics System<\/strong> guarantees a perfect fit, and the <strong data-start=\"579\" data-end=\"609\">Draxtor fast lacing system<\/strong> allows quick, precise adjustments.<\/p>\n<p data-start=\"648\" data-end=\"848\">With a <strong data-start=\"655\" data-end=\"682\">synthetic leather upper<\/strong> that retains its shape and a <strong data-start=\"712\" data-end=\"737\">cotton-lined interior<\/strong> for moisture control, the IATI combines <strong data-start=\"778\" data-end=\"818\">performance, comfort, and durability<\/strong> in one elite climbing shoe.<\/p>","protected":false},"featured_media":29802,"comment_status":"open","ping_status":"closed","template":"","meta":{"_acf_changed":false},"product_brand":[1009],"product_cat":[1023,1024],"product_tag":[21,844,845],"class_list":{"0":"post-29799","1":"product","2":"type-product","3":"status-publish","4":"has-post-thumbnail","6":"product_brand-tenaya","7":"product_cat-climbing","8":"product_cat-shoes","9":"product_tag-climbing-shoes","10":"product_tag-iati","11":"product_tag-teneya-iati","13":"first","14":"instock","15":"taxable","16":"shipping-taxable","17":"product-type-variable"},"acf":[],"yoast_head":"<!-- This site is optimized with the Yoast SEO plugin v27.3 - https:\/\/yoast.com\/product\/yoast-seo-wordpress\/ -->\n<title>TENAYA Iati - Push Climbing<\/title>\n<meta name=\"robots\" content=\"index, follow, max-snippet:-1, max-image-preview:large, max-video-preview:-1\" \/>\n<link rel=\"canonical\" href=\"https:\/\/pushclimbing.vn\/vi\/san-pham\/teneya-iati\/\" \/>\n<meta property=\"og:locale\" content=\"vi_VN\" \/>\n<meta property=\"og:type\" content=\"article\" \/>\n<meta property=\"og:title\" content=\"TENAYA Iati - Push Climbing\" \/>\n<meta property=\"og:description\" content=\"Tenaya IATI \u2013 Precision &amp; Sensitivity in Every Move The IATI fits like a sock, offering exceptional precision and sensitivity for advanced climbers. Its strong pre-tensioning directs power to the big toe for maximum control, while the Vibram XS Grip sole ensures superior traction on both rock and gym walls. Designed for overhangs and technical footwork, the hook heel and toe patch enhance heel and toe hooking. The SRXD Dynamics System guarantees a perfect fit, and the Draxtor fast lacing system allows quick, precise adjustments. With a synthetic leather upper that retains its shape and a cotton-lined interior for moisture control, the IATI combines performance, comfort, and durability in one elite climbing shoe.\" \/>\n<meta property=\"og:url\" content=\"https:\/\/pushclimbing.vn\/vi\/san-pham\/teneya-iati\/\" \/>\n<meta property=\"og:site_name\" content=\"Push Climbing\" \/>\n<meta property=\"article:publisher\" content=\"https:\/\/www.facebook.com\/pushrockclimbing\" \/>\n<meta property=\"article:modified_time\" content=\"2025-03-20T03:32:28+00:00\" \/>\n<meta property=\"og:image\" content=\"https:\/\/pushclimbing.vn\/wp-content\/uploads\/2023\/12\/tenaya-escalada-galeria-iati.jpg\" \/>\n\t<meta property=\"og:image:width\" content=\"850\" \/>\n\t<meta property=\"og:image:height\" content=\"850\" \/>\n\t<meta property=\"og:image:type\" content=\"image\/jpeg\" \/>\n<meta name=\"twitter:card\" content=\"summary_large_image\" \/>\n<meta name=\"twitter:label1\" content=\"\u01af\u1edbc t\u00ednh th\u1eddi gian \u0111\u1ecdc\" \/>\n\t<meta name=\"twitter:data1\" content=\"1 ph\u00fat\" \/>\n<script type=\"application\/ld+json\" class=\"yoast-schema-graph\">{\"@context\":\"https:\\\/\\\/schema.org\",\"@graph\":[{\"@type\":\"WebPage\",\"@id\":\"https:\\\/\\\/pushclimbing.vn\\\/product\\\/teneya-iati\\\/\",\"url\":\"https:\\\/\\\/pushclimbing.vn\\\/product\\\/teneya-iati\\\/\",\"name\":\"TENAYA Iati - Push Climbing\",\"isPartOf\":{\"@id\":\"https:\\\/\\\/pushclimbing.vn\\\/#website\"},\"primaryImageOfPage\":{\"@id\":\"https:\\\/\\\/pushclimbing.vn\\\/product\\\/teneya-iati\\\/#primaryimage\"},\"image\":{\"@id\":\"https:\\\/\\\/pushclimbing.vn\\\/product\\\/teneya-iati\\\/#primaryimage\"},\"thumbnailUrl\":\"https:\\\/\\\/pushclimbing.vn\\\/wp-content\\\/uploads\\\/2023\\\/12\\\/tenaya-escalada-galeria-iati.jpg\",\"datePublished\":\"2023-12-07T13:26:16+00:00\",\"dateModified\":\"2025-03-20T03:32:28+00:00\",\"breadcrumb\":{\"@id\":\"https:\\\/\\\/pushclimbing.vn\\\/product\\\/teneya-iati\\\/#breadcrumb\"},\"inLanguage\":\"vi\",\"potentialAction\":[{\"@type\":\"ReadAction\",\"target\":[\"https:\\\/\\\/pushclimbing.vn\\\/product\\\/teneya-iati\\\/\"]}]},{\"@type\":\"ImageObject\",\"inLanguage\":\"vi\",\"@id\":\"https:\\\/\\\/pushclimbing.vn\\\/product\\\/teneya-iati\\\/#primaryimage\",\"url\":\"https:\\\/\\\/pushclimbing.vn\\\/wp-content\\\/uploads\\\/2023\\\/12\\\/tenaya-escalada-galeria-iati.jpg\",\"contentUrl\":\"https:\\\/\\\/pushclimbing.vn\\\/wp-content\\\/uploads\\\/2023\\\/12\\\/tenaya-escalada-galeria-iati.jpg\",\"width\":850,\"height\":850},{\"@type\":\"BreadcrumbList\",\"@id\":\"https:\\\/\\\/pushclimbing.vn\\\/product\\\/teneya-iati\\\/#breadcrumb\",\"itemListElement\":[{\"@type\":\"ListItem\",\"position\":1,\"name\":\"Home\",\"item\":\"https:\\\/\\\/pushclimbing.vn\\\/\"},{\"@type\":\"ListItem\",\"position\":2,\"name\":\"Shop\",\"item\":\"https:\\\/\\\/pushclimbing.vn\\\/shop\\\/\"},{\"@type\":\"ListItem\",\"position\":3,\"name\":\"TENAYA Iati\"}]},{\"@type\":\"WebSite\",\"@id\":\"https:\\\/\\\/pushclimbing.vn\\\/#website\",\"url\":\"https:\\\/\\\/pushclimbing.vn\\\/\",\"name\":\"Push Climbing\",\"description\":\"Conquer Your Mountain\",\"publisher\":{\"@id\":\"https:\\\/\\\/pushclimbing.vn\\\/#organization\"},\"potentialAction\":[{\"@type\":\"SearchAction\",\"target\":{\"@type\":\"EntryPoint\",\"urlTemplate\":\"https:\\\/\\\/pushclimbing.vn\\\/?s={search_term_string}\"},\"query-input\":{\"@type\":\"PropertyValueSpecification\",\"valueRequired\":true,\"valueName\":\"search_term_string\"}}],\"inLanguage\":\"vi\"},{\"@type\":\"Organization\",\"@id\":\"https:\\\/\\\/pushclimbing.vn\\\/#organization\",\"name\":\"Push Climbing\",\"url\":\"https:\\\/\\\/pushclimbing.vn\\\/\",\"logo\":{\"@type\":\"ImageObject\",\"inLanguage\":\"vi\",\"@id\":\"https:\\\/\\\/pushclimbing.vn\\\/#\\\/schema\\\/logo\\\/image\\\/\",\"url\":\"https:\\\/\\\/pushclimbing.vn\\\/wp-content\\\/uploads\\\/2022\\\/07\\\/push-logo-canvas.png\",\"contentUrl\":\"https:\\\/\\\/pushclimbing.vn\\\/wp-content\\\/uploads\\\/2022\\\/07\\\/push-logo-canvas.png\",\"width\":400,\"height\":400,\"caption\":\"Push Climbing\"},\"image\":{\"@id\":\"https:\\\/\\\/pushclimbing.vn\\\/#\\\/schema\\\/logo\\\/image\\\/\"},\"sameAs\":[\"https:\\\/\\\/www.facebook.com\\\/pushrockclimbing\"]}]}<\/script>\n<!-- \/ Yoast SEO plugin. -->","yoast_head_json":{"title":"TENAYA Iati - Push Climbing","robots":{"index":"index","follow":"follow","max-snippet":"max-snippet:-1","max-image-preview":"max-image-preview:large","max-video-preview":"max-video-preview:-1"},"canonical":"https:\/\/pushclimbing.vn\/vi\/san-pham\/teneya-iati\/","og_locale":"vi_VN","og_type":"article","og_title":"TENAYA Iati - Push Climbing","og_description":"Tenaya IATI \u2013 Precision &amp; Sensitivity in Every Move The IATI fits like a sock, offering exceptional precision and sensitivity for advanced climbers. Its strong pre-tensioning directs power to the big toe for maximum control, while the Vibram XS Grip sole ensures superior traction on both rock and gym walls. Designed for overhangs and technical footwork, the hook heel and toe patch enhance heel and toe hooking. The SRXD Dynamics System guarantees a perfect fit, and the Draxtor fast lacing system allows quick, precise adjustments. With a synthetic leather upper that retains its shape and a cotton-lined interior for moisture control, the IATI combines performance, comfort, and durability in one elite climbing shoe.","og_url":"https:\/\/pushclimbing.vn\/vi\/san-pham\/teneya-iati\/","og_site_name":"Push Climbing","article_publisher":"https:\/\/www.facebook.com\/pushrockclimbing","article_modified_time":"2025-03-20T03:32:28+00:00","og_image":[{"width":850,"height":850,"url":"https:\/\/pushclimbing.vn\/wp-content\/uploads\/2023\/12\/tenaya-escalada-galeria-iati.jpg","type":"image\/jpeg"}],"twitter_card":"summary_large_image","twitter_misc":{"\u01af\u1edbc t\u00ednh th\u1eddi gian \u0111\u1ecdc":"1 ph\u00fat"},"schema":{"@context":"https:\/\/schema.org","@graph":[{"@type":"WebPage","@id":"https:\/\/pushclimbing.vn\/product\/teneya-iati\/","url":"https:\/\/pushclimbing.vn\/product\/teneya-iati\/","name":"TENAYA Iati - Push Climbing","isPartOf":{"@id":"https:\/\/pushclimbing.vn\/#website"},"primaryImageOfPage":{"@id":"https:\/\/pushclimbing.vn\/product\/teneya-iati\/#primaryimage"},"image":{"@id":"https:\/\/pushclimbing.vn\/product\/teneya-iati\/#primaryimage"},"thumbnailUrl":"https:\/\/pushclimbing.vn\/wp-content\/uploads\/2023\/12\/tenaya-escalada-galeria-iati.jpg","datePublished":"2023-12-07T13:26:16+00:00","dateModified":"2025-03-20T03:32:28+00:00","breadcrumb":{"@id":"https:\/\/pushclimbing.vn\/product\/teneya-iati\/#breadcrumb"},"inLanguage":"vi","potentialAction":[{"@type":"ReadAction","target":["https:\/\/pushclimbing.vn\/product\/teneya-iati\/"]}]},{"@type":"ImageObject","inLanguage":"vi","@id":"https:\/\/pushclimbing.vn\/product\/teneya-iati\/#primaryimage","url":"https:\/\/pushclimbing.vn\/wp-content\/uploads\/2023\/12\/tenaya-escalada-galeria-iati.jpg","contentUrl":"https:\/\/pushclimbing.vn\/wp-content\/uploads\/2023\/12\/tenaya-escalada-galeria-iati.jpg","width":850,"height":850},{"@type":"BreadcrumbList","@id":"https:\/\/pushclimbing.vn\/product\/teneya-iati\/#breadcrumb","itemListElement":[{"@type":"ListItem","position":1,"name":"Home","item":"https:\/\/pushclimbing.vn\/"},{"@type":"ListItem","position":2,"name":"Shop","item":"https:\/\/pushclimbing.vn\/shop\/"},{"@type":"ListItem","position":3,"name":"TENAYA Iati"}]},{"@type":"WebSite","@id":"https:\/\/pushclimbing.vn\/#website","url":"https:\/\/pushclimbing.vn\/","name":"Push Climbing","description":"Conquer Your Mountain","publisher":{"@id":"https:\/\/pushclimbing.vn\/#organization"},"potentialAction":[{"@type":"SearchAction","target":{"@type":"EntryPoint","urlTemplate":"https:\/\/pushclimbing.vn\/?s={search_term_string}"},"query-input":{"@type":"PropertyValueSpecification","valueRequired":true,"valueName":"search_term_string"}}],"inLanguage":"vi"},{"@type":"Organization","@id":"https:\/\/pushclimbing.vn\/#organization","name":"Push Climbing","url":"https:\/\/pushclimbing.vn\/","logo":{"@type":"ImageObject","inLanguage":"vi","@id":"https:\/\/pushclimbing.vn\/#\/schema\/logo\/image\/","url":"https:\/\/pushclimbing.vn\/wp-content\/uploads\/2022\/07\/push-logo-canvas.png","contentUrl":"https:\/\/pushclimbing.vn\/wp-content\/uploads\/2022\/07\/push-logo-canvas.png","width":400,"height":400,"caption":"Push Climbing"},"image":{"@id":"https:\/\/pushclimbing.vn\/#\/schema\/logo\/image\/"},"sameAs":["https:\/\/www.facebook.com\/pushrockclimbing"]}]}},"_links":{"self":[{"href":"https:\/\/pushclimbing.vn\/vi\/wp-json\/wp\/v2\/product\/29799","targetHints":{"allow":["GET"]}}],"collection":[{"href":"https:\/\/pushclimbing.vn\/vi\/wp-json\/wp\/v2\/product"}],"about":[{"href":"https:\/\/pushclimbing.vn\/vi\/wp-json\/wp\/v2\/types\/product"}],"replies":[{"embeddable":true,"href":"https:\/\/pushclimbing.vn\/vi\/wp-json\/wp\/v2\/comments?post=29799"}],"wp:featuredmedia":[{"embeddable":true,"href":"https:\/\/pushclimbing.vn\/vi\/wp-json\/wp\/v2\/media\/29802"}],"wp:attachment":[{"href":"https:\/\/pushclimbing.vn\/vi\/wp-json\/wp\/v2\/media?parent=29799"}],"wp:term":[{"taxonomy":"product_brand","embeddable":true,"href":"https:\/\/pushclimbing.vn\/vi\/wp-json\/wp\/v2\/product_brand?post=29799"},{"taxonomy":"product_cat","embeddable":true,"href":"https:\/\/pushclimbing.vn\/vi\/wp-json\/wp\/v2\/product_cat?post=29799"},{"taxonomy":"product_tag","embeddable":true,"href":"https:\/\/pushclimbing.vn\/vi\/wp-json\/wp\/v2\/product_tag?post=29799"}],"curies":[{"name":"wp","href":"https:\/\/api.w.org\/{rel}","templated":true}]}}