{"id":29780,"date":"2023-12-07T19:26:04","date_gmt":"2023-12-07T12:26:04","guid":{"rendered":"https:\/\/pushclimbing.vn\/?post_type=product&#038;p=29780"},"modified":"2024-09-16T15:21:44","modified_gmt":"2024-09-16T08:21:44","slug":"rocktober-2023-climbing-festival-kit","status":"publish","type":"product","link":"https:\/\/pushclimbing.vn\/vi\/san-pham\/rocktober-2023-climbing-festival-kit\/","title":{"rendered":"B\u1ed9 trang b\u1ecb cu\u1ed9c thi leo n\u00fai Rocktober 2023"},"content":{"rendered":"","protected":false},"excerpt":{"rendered":"<p data-sourcepos=\"5:1-5:205\">\u0110\u1ed9i ng\u0169 Push r\u1ea5t vui m\u1eebng th\u00f4ng b\u00e1o r\u1eb1ng b\u1ed9 trang b\u1ecb tham gia phi\u00ean b\u1ea3n  gi\u1edbi h\u1ea1n cu\u1ed9c thi Rocktober 2023 \u0111\u00e3 m\u1edf b\u00e1n.<\/p>\n<p data-sourcepos=\"5:1-5:205\">\u00c1o thi Rocktober 2023<\/p>\n<p>M\u00f3n \u0111\u1ed3 kh\u00f4ng th\u1ec3 thi\u1ebfu cho b\u1ea5t k\u1ef3 nh\u00e0 leo n\u00fai n\u00e0o mu\u1ed1n th\u1ec3 hi\u1ec7n s\u1ef1 \u1ee7ng h\u1ed9 c\u1ee7a h\u1ecd \u0111\u1ed1i v\u1edbi l\u1ec5 h\u1ed9i leo n\u00fai l\u1edbn nh\u1ea5t Vi\u1ec7t Nam.\n\u0110\u01b0\u1ee3c l\u00e0m t\u1eeb cotton ch\u1ea5t l\u01b0\u1ee3ng cao v\u1edbi thi\u1ebft k\u1ebf t\u00e1o b\u1ea1o gi\u00fap b\u1ea1n n\u1ed5i b\u1eadt gi\u1eefa \u0111\u00e1m \u0111\u00f4ng.<\/p>\n<p>B\u0103ng v\u1ea3i \u0111\u1ea7u v\u00e0 c\u1ed5 tay<\/p>\n<p>The Rocktober 2023 headband and wristband are the perfect way to show your support for the event. These stylish accessories are made of cotton and are sure to turn heads.<\/p>\n<p>B\u0103ng \u0111eo \u0111\u1ea7u: ch\u1ea5t li\u1ec7u m\u1ec1m m\u1ea1i, tho\u00e1ng kh\u00ed gi\u00fap gi\u1eef t\u00f3c b\u1ea1n kh\u1ecfi m\u1eb7t khi leo n\u00fai.\nB\u0103ng C\u1ed5 tay: ch\u1ea5t li\u1ec7u b\u1ec1n b\u1ec9 gi\u1eef nguy\u00ean v\u1ecb tr\u00ed c\u1ea3 ng\u00e0y.<\/p>\n<ul data-sourcepos=\"27:1-31:0\">\n<li data-sourcepos=\"27:1-27:67\">S\u1ed1 l\u01b0\u1ee3ng b\u1ed9 d\u1ee5ng c\u1ee5 c\u00f3 h\u1ea1n, h\u00e3y \u0111\u1eb7t h\u00e0ng ngay h\u00f4m nay!<\/li>\n<li data-sourcepos=\"28:1-28:55\">B\u1ed9 d\u1ee5ng c\u1ee5 c\u00f3 th\u1ec3 \u0111\u01b0\u1ee3c mua t\u1ea1i c\u1eeda h\u00e0ng &amp; tr\u1ef1c tuy\u1ebfn.<\/li>\n<\/ul>","protected":false},"featured_media":29781,"comment_status":"open","ping_status":"closed","template":"","meta":{"_acf_changed":false},"product_brand":[],"product_cat":[966],"product_tag":[835,833,834,836,837],"class_list":{"0":"post-29780","1":"product","2":"type-product","3":"status-publish","4":"has-post-thumbnail","6":"product_cat-new-arrivals","7":"product_tag-rocktober","8":"product_tag-rocktober-2023","9":"product_tag-rocktober-festival","10":"product_tag-rocktober-t-shirt","11":"product_tag-rocktober-tee","13":"first","14":"instock","15":"product-type-simple"},"acf":[],"yoast_head":"<!-- This site is optimized with the Yoast SEO plugin v27.3 - https:\/\/yoast.com\/product\/yoast-seo-wordpress\/ -->\n<title>Rocktober 2023 Climbing Festival Kit - Push Climbing<\/title>\n<meta name=\"robots\" content=\"index, follow, max-snippet:-1, max-image-preview:large, max-video-preview:-1\" \/>\n<link rel=\"canonical\" href=\"https:\/\/pushclimbing.vn\/vi\/san-pham\/rocktober-2023-climbing-festival-kit\/\" \/>\n<meta property=\"og:locale\" content=\"vi_VN\" \/>\n<meta property=\"og:type\" content=\"article\" \/>\n<meta property=\"og:title\" content=\"Rocktober 2023 Climbing Festival Kit - Push Climbing\" \/>\n<meta property=\"og:description\" content=\"Rocktober 2023 Climbing Festival is available now, we&#039;re excited to announce that we&#039;re offering a limited-edition participant kit for all climbers. Rocktober 2023 T-Shirt The Rocktober 2023 T-Shirt is a must-have for any climber who wants to show their support for the biggest climbing festival in Vietnam. This limited-edition shirt is made of high-quality cotton and features a bold design that will make you stand out from the crowd.  Headband and Wristband  The Rocktober 2023 headband and wristband are the perfect way to show your support for the event. These stylish accessories are made of cotton and are sure to turn heads.  The headband is made of a soft, breathable fabric that will keep your hair out of your face while you&#039;re climbing. The wristband is made of a durable material that will stay in place all day long.   The kit is available in limited quantities, so order yours today!  The kit is available for purchase at store &amp; online.\" \/>\n<meta property=\"og:url\" content=\"https:\/\/pushclimbing.vn\/vi\/san-pham\/rocktober-2023-climbing-festival-kit\/\" \/>\n<meta property=\"og:site_name\" content=\"Push Climbing\" \/>\n<meta property=\"article:publisher\" content=\"https:\/\/www.facebook.com\/pushrockclimbing\" \/>\n<meta property=\"article:modified_time\" content=\"2024-09-16T08:21:44+00:00\" \/>\n<meta property=\"og:image\" content=\"https:\/\/pushclimbing.vn\/wp-content\/uploads\/2023\/12\/1-1.png\" \/>\n\t<meta property=\"og:image:width\" content=\"1080\" \/>\n\t<meta property=\"og:image:height\" content=\"1080\" \/>\n\t<meta property=\"og:image:type\" content=\"image\/png\" \/>\n<meta name=\"twitter:card\" content=\"summary_large_image\" \/>\n<meta name=\"twitter:label1\" content=\"\u01af\u1edbc t\u00ednh th\u1eddi gian \u0111\u1ecdc\" \/>\n\t<meta name=\"twitter:data1\" content=\"1 ph\u00fat\" \/>\n<script type=\"application\/ld+json\" class=\"yoast-schema-graph\">{\"@context\":\"https:\\\/\\\/schema.org\",\"@graph\":[{\"@type\":\"WebPage\",\"@id\":\"https:\\\/\\\/pushclimbing.vn\\\/product\\\/rocktober-2023-climbing-festival-kit\\\/\",\"url\":\"https:\\\/\\\/pushclimbing.vn\\\/product\\\/rocktober-2023-climbing-festival-kit\\\/\",\"name\":\"Rocktober 2023 Climbing Festival Kit - Push Climbing\",\"isPartOf\":{\"@id\":\"https:\\\/\\\/pushclimbing.vn\\\/#website\"},\"primaryImageOfPage\":{\"@id\":\"https:\\\/\\\/pushclimbing.vn\\\/product\\\/rocktober-2023-climbing-festival-kit\\\/#primaryimage\"},\"image\":{\"@id\":\"https:\\\/\\\/pushclimbing.vn\\\/product\\\/rocktober-2023-climbing-festival-kit\\\/#primaryimage\"},\"thumbnailUrl\":\"https:\\\/\\\/pushclimbing.vn\\\/wp-content\\\/uploads\\\/2023\\\/12\\\/1-1.png\",\"datePublished\":\"2023-12-07T12:26:04+00:00\",\"dateModified\":\"2024-09-16T08:21:44+00:00\",\"breadcrumb\":{\"@id\":\"https:\\\/\\\/pushclimbing.vn\\\/product\\\/rocktober-2023-climbing-festival-kit\\\/#breadcrumb\"},\"inLanguage\":\"vi\",\"potentialAction\":[{\"@type\":\"ReadAction\",\"target\":[\"https:\\\/\\\/pushclimbing.vn\\\/product\\\/rocktober-2023-climbing-festival-kit\\\/\"]}]},{\"@type\":\"ImageObject\",\"inLanguage\":\"vi\",\"@id\":\"https:\\\/\\\/pushclimbing.vn\\\/product\\\/rocktober-2023-climbing-festival-kit\\\/#primaryimage\",\"url\":\"https:\\\/\\\/pushclimbing.vn\\\/wp-content\\\/uploads\\\/2023\\\/12\\\/1-1.png\",\"contentUrl\":\"https:\\\/\\\/pushclimbing.vn\\\/wp-content\\\/uploads\\\/2023\\\/12\\\/1-1.png\",\"width\":1080,\"height\":1080},{\"@type\":\"BreadcrumbList\",\"@id\":\"https:\\\/\\\/pushclimbing.vn\\\/product\\\/rocktober-2023-climbing-festival-kit\\\/#breadcrumb\",\"itemListElement\":[{\"@type\":\"ListItem\",\"position\":1,\"name\":\"Home\",\"item\":\"https:\\\/\\\/pushclimbing.vn\\\/\"},{\"@type\":\"ListItem\",\"position\":2,\"name\":\"Shop\",\"item\":\"https:\\\/\\\/pushclimbing.vn\\\/shop\\\/\"},{\"@type\":\"ListItem\",\"position\":3,\"name\":\"Rocktober 2023 Climbing Festival Kit\"}]},{\"@type\":\"WebSite\",\"@id\":\"https:\\\/\\\/pushclimbing.vn\\\/#website\",\"url\":\"https:\\\/\\\/pushclimbing.vn\\\/\",\"name\":\"Push Climbing\",\"description\":\"Conquer Your Mountain\",\"publisher\":{\"@id\":\"https:\\\/\\\/pushclimbing.vn\\\/#organization\"},\"potentialAction\":[{\"@type\":\"SearchAction\",\"target\":{\"@type\":\"EntryPoint\",\"urlTemplate\":\"https:\\\/\\\/pushclimbing.vn\\\/?s={search_term_string}\"},\"query-input\":{\"@type\":\"PropertyValueSpecification\",\"valueRequired\":true,\"valueName\":\"search_term_string\"}}],\"inLanguage\":\"vi\"},{\"@type\":\"Organization\",\"@id\":\"https:\\\/\\\/pushclimbing.vn\\\/#organization\",\"name\":\"Push Climbing\",\"url\":\"https:\\\/\\\/pushclimbing.vn\\\/\",\"logo\":{\"@type\":\"ImageObject\",\"inLanguage\":\"vi\",\"@id\":\"https:\\\/\\\/pushclimbing.vn\\\/#\\\/schema\\\/logo\\\/image\\\/\",\"url\":\"https:\\\/\\\/pushclimbing.vn\\\/wp-content\\\/uploads\\\/2022\\\/07\\\/push-logo-canvas.png\",\"contentUrl\":\"https:\\\/\\\/pushclimbing.vn\\\/wp-content\\\/uploads\\\/2022\\\/07\\\/push-logo-canvas.png\",\"width\":400,\"height\":400,\"caption\":\"Push Climbing\"},\"image\":{\"@id\":\"https:\\\/\\\/pushclimbing.vn\\\/#\\\/schema\\\/logo\\\/image\\\/\"},\"sameAs\":[\"https:\\\/\\\/www.facebook.com\\\/pushrockclimbing\"]}]}<\/script>\n<!-- \/ Yoast SEO plugin. -->","yoast_head_json":{"title":"Rocktober 2023 Climbing Festival Kit - Push Climbing","robots":{"index":"index","follow":"follow","max-snippet":"max-snippet:-1","max-image-preview":"max-image-preview:large","max-video-preview":"max-video-preview:-1"},"canonical":"https:\/\/pushclimbing.vn\/vi\/san-pham\/rocktober-2023-climbing-festival-kit\/","og_locale":"vi_VN","og_type":"article","og_title":"Rocktober 2023 Climbing Festival Kit - Push Climbing","og_description":"Rocktober 2023 Climbing Festival is available now, we're excited to announce that we're offering a limited-edition participant kit for all climbers. Rocktober 2023 T-Shirt The Rocktober 2023 T-Shirt is a must-have for any climber who wants to show their support for the biggest climbing festival in Vietnam. This limited-edition shirt is made of high-quality cotton and features a bold design that will make you stand out from the crowd.  Headband and Wristband  The Rocktober 2023 headband and wristband are the perfect way to show your support for the event. These stylish accessories are made of cotton and are sure to turn heads.  The headband is made of a soft, breathable fabric that will keep your hair out of your face while you're climbing. The wristband is made of a durable material that will stay in place all day long.   The kit is available in limited quantities, so order yours today!  The kit is available for purchase at store &amp; online.","og_url":"https:\/\/pushclimbing.vn\/vi\/san-pham\/rocktober-2023-climbing-festival-kit\/","og_site_name":"Push Climbing","article_publisher":"https:\/\/www.facebook.com\/pushrockclimbing","article_modified_time":"2024-09-16T08:21:44+00:00","og_image":[{"width":1080,"height":1080,"url":"https:\/\/pushclimbing.vn\/wp-content\/uploads\/2023\/12\/1-1.png","type":"image\/png"}],"twitter_card":"summary_large_image","twitter_misc":{"\u01af\u1edbc t\u00ednh th\u1eddi gian \u0111\u1ecdc":"1 ph\u00fat"},"schema":{"@context":"https:\/\/schema.org","@graph":[{"@type":"WebPage","@id":"https:\/\/pushclimbing.vn\/product\/rocktober-2023-climbing-festival-kit\/","url":"https:\/\/pushclimbing.vn\/product\/rocktober-2023-climbing-festival-kit\/","name":"Rocktober 2023 Climbing Festival Kit - Push Climbing","isPartOf":{"@id":"https:\/\/pushclimbing.vn\/#website"},"primaryImageOfPage":{"@id":"https:\/\/pushclimbing.vn\/product\/rocktober-2023-climbing-festival-kit\/#primaryimage"},"image":{"@id":"https:\/\/pushclimbing.vn\/product\/rocktober-2023-climbing-festival-kit\/#primaryimage"},"thumbnailUrl":"https:\/\/pushclimbing.vn\/wp-content\/uploads\/2023\/12\/1-1.png","datePublished":"2023-12-07T12:26:04+00:00","dateModified":"2024-09-16T08:21:44+00:00","breadcrumb":{"@id":"https:\/\/pushclimbing.vn\/product\/rocktober-2023-climbing-festival-kit\/#breadcrumb"},"inLanguage":"vi","potentialAction":[{"@type":"ReadAction","target":["https:\/\/pushclimbing.vn\/product\/rocktober-2023-climbing-festival-kit\/"]}]},{"@type":"ImageObject","inLanguage":"vi","@id":"https:\/\/pushclimbing.vn\/product\/rocktober-2023-climbing-festival-kit\/#primaryimage","url":"https:\/\/pushclimbing.vn\/wp-content\/uploads\/2023\/12\/1-1.png","contentUrl":"https:\/\/pushclimbing.vn\/wp-content\/uploads\/2023\/12\/1-1.png","width":1080,"height":1080},{"@type":"BreadcrumbList","@id":"https:\/\/pushclimbing.vn\/product\/rocktober-2023-climbing-festival-kit\/#breadcrumb","itemListElement":[{"@type":"ListItem","position":1,"name":"Home","item":"https:\/\/pushclimbing.vn\/"},{"@type":"ListItem","position":2,"name":"Shop","item":"https:\/\/pushclimbing.vn\/shop\/"},{"@type":"ListItem","position":3,"name":"Rocktober 2023 Climbing Festival Kit"}]},{"@type":"WebSite","@id":"https:\/\/pushclimbing.vn\/#website","url":"https:\/\/pushclimbing.vn\/","name":"Push Climbing","description":"Conquer Your Mountain","publisher":{"@id":"https:\/\/pushclimbing.vn\/#organization"},"potentialAction":[{"@type":"SearchAction","target":{"@type":"EntryPoint","urlTemplate":"https:\/\/pushclimbing.vn\/?s={search_term_string}"},"query-input":{"@type":"PropertyValueSpecification","valueRequired":true,"valueName":"search_term_string"}}],"inLanguage":"vi"},{"@type":"Organization","@id":"https:\/\/pushclimbing.vn\/#organization","name":"Push Climbing","url":"https:\/\/pushclimbing.vn\/","logo":{"@type":"ImageObject","inLanguage":"vi","@id":"https:\/\/pushclimbing.vn\/#\/schema\/logo\/image\/","url":"https:\/\/pushclimbing.vn\/wp-content\/uploads\/2022\/07\/push-logo-canvas.png","contentUrl":"https:\/\/pushclimbing.vn\/wp-content\/uploads\/2022\/07\/push-logo-canvas.png","width":400,"height":400,"caption":"Push Climbing"},"image":{"@id":"https:\/\/pushclimbing.vn\/#\/schema\/logo\/image\/"},"sameAs":["https:\/\/www.facebook.com\/pushrockclimbing"]}]}},"_links":{"self":[{"href":"https:\/\/pushclimbing.vn\/vi\/wp-json\/wp\/v2\/product\/29780","targetHints":{"allow":["GET"]}}],"collection":[{"href":"https:\/\/pushclimbing.vn\/vi\/wp-json\/wp\/v2\/product"}],"about":[{"href":"https:\/\/pushclimbing.vn\/vi\/wp-json\/wp\/v2\/types\/product"}],"replies":[{"embeddable":true,"href":"https:\/\/pushclimbing.vn\/vi\/wp-json\/wp\/v2\/comments?post=29780"}],"wp:featuredmedia":[{"embeddable":true,"href":"https:\/\/pushclimbing.vn\/vi\/wp-json\/wp\/v2\/media\/29781"}],"wp:attachment":[{"href":"https:\/\/pushclimbing.vn\/vi\/wp-json\/wp\/v2\/media?parent=29780"}],"wp:term":[{"taxonomy":"product_brand","embeddable":true,"href":"https:\/\/pushclimbing.vn\/vi\/wp-json\/wp\/v2\/product_brand?post=29780"},{"taxonomy":"product_cat","embeddable":true,"href":"https:\/\/pushclimbing.vn\/vi\/wp-json\/wp\/v2\/product_cat?post=29780"},{"taxonomy":"product_tag","embeddable":true,"href":"https:\/\/pushclimbing.vn\/vi\/wp-json\/wp\/v2\/product_tag?post=29780"}],"curies":[{"name":"wp","href":"https:\/\/api.w.org\/{rel}","templated":true}]}}