{"id":29544,"date":"2023-11-28T15:13:47","date_gmt":"2023-11-28T08:13:47","guid":{"rendered":"https:\/\/pushclimbing.vn\/?post_type=product&#038;p=29544"},"modified":"2025-03-20T10:32:58","modified_gmt":"2025-03-20T03:32:58","slug":"tenaya-ra","status":"publish","type":"product","link":"https:\/\/pushclimbing.vn\/vi\/san-pham\/tenaya-ra\/","title":{"rendered":"TENAYA Ra"},"content":{"rendered":"<div class=\"fusion-fullwidth fullwidth-box fusion-builder-row-1 fusion-flex-container nonhundred-percent-fullwidth non-hundred-percent-height-scrolling\" style=\"--awb-border-radius-top-left:0px;--awb-border-radius-top-right:0px;--awb-border-radius-bottom-right:0px;--awb-border-radius-bottom-left:0px;--awb-flex-wrap:wrap;\" ><div class=\"fusion-builder-row fusion-row fusion-flex-align-items-flex-start fusion-flex-content-wrap\" style=\"max-width:1216.8px;margin-left: calc(-4% \/ 2 );margin-right: calc(-4% \/ 2 );\"><div class=\"fusion-layout-column fusion_builder_column fusion-builder-column-0 fusion_builder_column_1_1 1_1 fusion-flex-column\" style=\"--awb-bg-size:cover;--awb-width-large:100%;--awb-margin-top-large:0px;--awb-spacing-right-large:1.92%;--awb-margin-bottom-large:0px;--awb-spacing-left-large:1.92%;--awb-width-medium:100%;--awb-spacing-right-medium:1.92%;--awb-spacing-left-medium:1.92%;--awb-width-small:100%;--awb-spacing-right-small:1.92%;--awb-spacing-left-small:1.92%;\"><div class=\"fusion-column-wrapper fusion-flex-justify-content-flex-start fusion-content-layout-column\"><div class=\"fusion-text fusion-text-1\"><p><strong>\u01afu \u0111i\u1ec3m:<\/strong><\/p>\n<ul>\n<li>Ph\u1ea7n m\u0169i gi\u00e0y (ng\u00f3n ch\u00e2n) \u0111\u01b0\u1ee3c gia c\u1ed1 b\u1eb1ng cao su \u0111\u1eb7c bi\u1ec7t \u0111\u1ec3 t\u0103ng kh\u1ea3 n\u0103ng ch\u1ed1ng m\u00e0i m\u00f2n v\u00e0 kh\u1ea3 n\u0103ng m\u00f3c ng\u00f3n ch\u00e2n v\u01b0\u1ee3t tr\u1ed9i.<\/li>\n<li>D\u1ec5 \u0111eo v\u00e0 \u0111\u1ea1t \u0111\u01b0\u1ee3c \u0111\u1ed9 ch\u00ednh x\u00e1c t\u1ed1i \u0111a tr\u00ean t\u1ea5t c\u1ea3 c\u00e1c lo\u1ea1i b\u1ec1 m\u1eb7t \u0111\u1ee9ng kh\u00f3 tr\u00ean \u0111\u00e1 leo.<\/li>\n<li>S\u1ef1 c\u00e2n b\u1eb1ng ho\u00e0n h\u1ea3o c\u1ee7a c\u00e1c t\u00ednh n\u0103ng mang l\u1ea1i hi\u1ec7u su\u1ea5t tuy\u1ec7t v\u1eddi v\u00e0 s\u1ef1 tho\u1ea3i m\u00e1i c\u1ea3 ng\u00e0y.<\/li>\n<li>\u0110\u1ed9 cong v\u1eeba ph\u1ea3i v\u00e0 c\u00f3 th\u1ec3 \u0111i\u1ec1u ch\u1ec9nh ch\u00ednh x\u00e1c.<\/li>\n<\/ul>\n<p><strong>Khuy\u00ean s\u1eed d\u1ee5ng cho:<\/strong><\/p>\n<ul>\n<li>C\u00e1c tuy\u1ebfn \u0111\u01b0\u1eddng th\u1eb3ng \u0111\u1ee9ng v\u00e0 nh\u00f4 ra v\u1eeba ph\u1ea3i. Kh\u00f4ng ch\u1ec9 th\u1ebf, c\u00f2n th\u00edch h\u1ee3p v\u1edbi c\u00e1c tuy\u1ebfn leo Bouldering.<\/li>\n<\/ul>\n<p><strong>Ch\u1ea5t li\u1ec7u:<\/strong><\/p>\n<div class=\"row align-items-start pb-2\">\n<div class=\"col-3\">Ch\u1ea5t li\u1ec7u Upper (Ph\u1ea7n tr\u00ean gi\u00e0y): Microfibre (S\u1ee3i si\u00eau nh\u1ecf)<\/div>\n<\/div>\n<div class=\"row align-items-start pb-2\">\n<div class=\"col-3\">H\u1ec7 th\u1ed1ng \u0111\u00f3ng: Velcro (B\u0103ng gai)<\/div>\n<\/div>\n<div class=\"row align-items-start pb-2\">\n<div class=\"col-3\">L\u01b0\u1ee1i gi\u00e0y: L\u01b0\u1ee1i t\u00edch h\u1ee3p<\/div>\n<\/div>\n<div class=\"row align-items-start pb-2\">\n<div class=\"col-3\">L\u1edbp l\u00f3t: Cotton x\u1eed l\u00fd TXT<\/div>\n<\/div>\n<div class=\"row align-items-start pb-2\">\n<div class=\"col-3\">Mi\u1ebfng l\u00f3t: TST Stretchtex \u0111a l\u1edbp<\/div>\n<\/div>\n<div class=\"row align-items-start pb-2\">\n<div class=\"col-3\">\u0110\u1ebf gi\u1eefa: 2D PLT 10<\/div>\n<\/div>\n<div class=\"row align-items-start pb-2\">\n<div class=\"col-3\">\u0110\u1ebf ngo\u00e0i: Vibram XS Grip 4mm<\/div>\n<\/div>\n<div class=\"row align-items-start pb-2\">\n<div class=\"col-3\">Tr\u1ecdng l\u01b0\u1ee3ng: 340 gram<\/div>\n<\/div>\n<div class=\"row align-items-start pb-2\">\n<div class=\"col-3\">K\u00edch c\u1ee1: Thanh l\u00fd h\u00e0ng t\u1ed3n<\/div>\n<div><\/div>\n<\/div>\n<\/div><\/div><\/div><\/div><\/div>","protected":false},"excerpt":{"rendered":"<p>RA l\u00e0 m\u1ed9t \u0111\u00f4i gi\u00e0y leo n\u00fai \u0111a n\u0103ng \u0111\u01b0\u1ee3c thi\u1ebft k\u1ebf \u0111\u1ec3 \u0111\u1ea1t \u0111\u01b0\u1ee3c s\u1ef1 c\u00e2n b\u1eb1ng ho\u00e0n h\u1ea3o gi\u1eefa kh\u1ea3 n\u0103ng ph\u1ea3n h\u1ed3i t\u1ed1i \u01b0u v\u00e0 truy\u1ec1n l\u1ef1c t\u1ed1i \u0111a t\u1eeb ng\u00f3n ch\u00e2n khi \u0111\u1ee9ng tr\u00ean c\u00e1c \u0111i\u1ec3m t\u1ef1a nh\u1ecf.<\/p>\n<p>Thi\u1ebft k\u1ebf \u0111\u01a1n gi\u1ea3n v\u00e0 g\u1ecdn g\u00e0ng \u0111\u1eb9p m\u1eaft c\u1ee7a RA kh\u00f4ng ch\u1ec9 mang l\u1ea1i hi\u1ec7u qu\u1ea3 ngo\u1ea1n m\u1ee5c trong m\u1ecdi h\u00ecnh th\u1ee9c leo n\u00fai m\u00e0 c\u00f2n c\u1ef1c k\u1ef3 tho\u1ea3i m\u00e1i, gi\u00fap c\u1ea3m gi\u00e1c leo n\u00fai tr\u1edf n\u00ean d\u1ec5 d\u00e0ng v\u00e0 tr\u1ef1c quan h\u01a1n.<\/p>\n<p><img decoding=\"async\" class=\"alignnone wp-image-29550 size-large\" src=\"https:\/\/pushclimbing.vn\/wp-content\/uploads\/2023\/11\/Anh-man-hinh-2023-11-28-luc-13.37.10-e1701159564670-1024x804.png\" alt=\"\" width=\"1024\" height=\"804\" srcset=\"https:\/\/pushclimbing.vn\/wp-content\/uploads\/2023\/11\/Anh-man-hinh-2023-11-28-luc-13.37.10-e1701159564670-15x12.png 15w, https:\/\/pushclimbing.vn\/wp-content\/uploads\/2023\/11\/Anh-man-hinh-2023-11-28-luc-13.37.10-e1701159564670-200x157.png 200w, https:\/\/pushclimbing.vn\/wp-content\/uploads\/2023\/11\/Anh-man-hinh-2023-11-28-luc-13.37.10-e1701159564670-300x235.png 300w, https:\/\/pushclimbing.vn\/wp-content\/uploads\/2023\/11\/Anh-man-hinh-2023-11-28-luc-13.37.10-e1701159564670-400x314.png 400w, https:\/\/pushclimbing.vn\/wp-content\/uploads\/2023\/11\/Anh-man-hinh-2023-11-28-luc-13.37.10-e1701159564670-500x392.png 500w, https:\/\/pushclimbing.vn\/wp-content\/uploads\/2023\/11\/Anh-man-hinh-2023-11-28-luc-13.37.10-e1701159564670-600x471.png 600w, https:\/\/pushclimbing.vn\/wp-content\/uploads\/2023\/11\/Anh-man-hinh-2023-11-28-luc-13.37.10-e1701159564670-768x603.png 768w, https:\/\/pushclimbing.vn\/wp-content\/uploads\/2023\/11\/Anh-man-hinh-2023-11-28-luc-13.37.10-e1701159564670-800x628.png 800w, https:\/\/pushclimbing.vn\/wp-content\/uploads\/2023\/11\/Anh-man-hinh-2023-11-28-luc-13.37.10-e1701159564670-1024x804.png 1024w, https:\/\/pushclimbing.vn\/wp-content\/uploads\/2023\/11\/Anh-man-hinh-2023-11-28-luc-13.37.10-e1701159564670-1200x942.png 1200w, https:\/\/pushclimbing.vn\/wp-content\/uploads\/2023\/11\/Anh-man-hinh-2023-11-28-luc-13.37.10-e1701159564670-1536x1205.png 1536w, https:\/\/pushclimbing.vn\/wp-content\/uploads\/2023\/11\/Anh-man-hinh-2023-11-28-luc-13.37.10-e1701159564670.png 1709w\" sizes=\"(max-width: 1024px) 100vw, 1024px\" \/><\/p>\n<p>Ngu\u1ed3n tham kh\u1ea3o: <a href=\"https:\/\/tenaya.net\/en\/ra\">\u0110\u01b0\u1eddng D\u1eabn*<\/a><\/p>","protected":false},"featured_media":29549,"comment_status":"open","ping_status":"closed","template":"","meta":{"_acf_changed":false},"product_brand":[1009],"product_cat":[1023,1024],"product_tag":[21,821,822],"class_list":{"0":"post-29544","1":"product","2":"type-product","3":"status-publish","4":"has-post-thumbnail","6":"product_brand-tenaya","7":"product_cat-climbing","8":"product_cat-shoes","9":"product_tag-climbing-shoes","10":"product_tag-ra","11":"product_tag-tenaya-ra","13":"first","14":"instock","15":"product-type-variable"},"acf":[],"yoast_head":"<!-- This site is optimized with the Yoast SEO plugin v27.5 - https:\/\/yoast.com\/product\/yoast-seo-wordpress\/ -->\n<title>TENAYA Ra - Push Climbing<\/title>\n<meta name=\"robots\" content=\"index, follow, max-snippet:-1, max-image-preview:large, max-video-preview:-1\" \/>\n<link rel=\"canonical\" href=\"https:\/\/pushclimbing.vn\/vi\/san-pham\/tenaya-ra\/\" \/>\n<meta property=\"og:locale\" content=\"vi_VN\" \/>\n<meta property=\"og:type\" content=\"article\" \/>\n<meta property=\"og:title\" content=\"TENAYA Ra - Push Climbing\" \/>\n<meta property=\"og:description\" content=\"RA is a versatile climbing shoe created to achieve a perfect balance between ultimate responsiveness and maximum transfer of power from the toes when standing on tiny footholds.  RA\u2019s beautifully simple and uncluttered design is not only spectacularly effective in all forms of climbing but also supremely comfortable, making climbing feel easier and more intuitive.    Source: Link*\" \/>\n<meta property=\"og:url\" content=\"https:\/\/pushclimbing.vn\/vi\/san-pham\/tenaya-ra\/\" \/>\n<meta property=\"og:site_name\" content=\"Push Climbing\" \/>\n<meta property=\"article:publisher\" content=\"https:\/\/www.facebook.com\/pushrockclimbing\" \/>\n<meta property=\"article:modified_time\" content=\"2025-03-20T03:32:58+00:00\" \/>\n<meta property=\"og:image\" content=\"https:\/\/pushclimbing.vn\/wp-content\/uploads\/2023\/11\/tenaya-escalada-galeria-ra.jpg\" \/>\n\t<meta property=\"og:image:width\" content=\"850\" \/>\n\t<meta property=\"og:image:height\" content=\"850\" \/>\n\t<meta property=\"og:image:type\" content=\"image\/jpeg\" \/>\n<meta name=\"twitter:card\" content=\"summary_large_image\" \/>\n<meta name=\"twitter:label1\" content=\"\u01af\u1edbc t\u00ednh th\u1eddi gian \u0111\u1ecdc\" \/>\n\t<meta name=\"twitter:data1\" content=\"1 ph\u00fat\" \/>\n<script type=\"application\/ld+json\" class=\"yoast-schema-graph\">{\"@context\":\"https:\\\/\\\/schema.org\",\"@graph\":[{\"@type\":\"WebPage\",\"@id\":\"https:\\\/\\\/pushclimbing.vn\\\/product\\\/tenaya-ra\\\/\",\"url\":\"https:\\\/\\\/pushclimbing.vn\\\/product\\\/tenaya-ra\\\/\",\"name\":\"TENAYA Ra - Push Climbing\",\"isPartOf\":{\"@id\":\"https:\\\/\\\/pushclimbing.vn\\\/#website\"},\"primaryImageOfPage\":{\"@id\":\"https:\\\/\\\/pushclimbing.vn\\\/product\\\/tenaya-ra\\\/#primaryimage\"},\"image\":{\"@id\":\"https:\\\/\\\/pushclimbing.vn\\\/product\\\/tenaya-ra\\\/#primaryimage\"},\"thumbnailUrl\":\"https:\\\/\\\/pushclimbing.vn\\\/wp-content\\\/uploads\\\/2023\\\/11\\\/tenaya-escalada-galeria-ra.jpg\",\"datePublished\":\"2023-11-28T08:13:47+00:00\",\"dateModified\":\"2025-03-20T03:32:58+00:00\",\"breadcrumb\":{\"@id\":\"https:\\\/\\\/pushclimbing.vn\\\/product\\\/tenaya-ra\\\/#breadcrumb\"},\"inLanguage\":\"vi\",\"potentialAction\":[{\"@type\":\"ReadAction\",\"target\":[\"https:\\\/\\\/pushclimbing.vn\\\/product\\\/tenaya-ra\\\/\"]}]},{\"@type\":\"ImageObject\",\"inLanguage\":\"vi\",\"@id\":\"https:\\\/\\\/pushclimbing.vn\\\/product\\\/tenaya-ra\\\/#primaryimage\",\"url\":\"https:\\\/\\\/pushclimbing.vn\\\/wp-content\\\/uploads\\\/2023\\\/11\\\/tenaya-escalada-galeria-ra.jpg\",\"contentUrl\":\"https:\\\/\\\/pushclimbing.vn\\\/wp-content\\\/uploads\\\/2023\\\/11\\\/tenaya-escalada-galeria-ra.jpg\",\"width\":850,\"height\":850},{\"@type\":\"BreadcrumbList\",\"@id\":\"https:\\\/\\\/pushclimbing.vn\\\/product\\\/tenaya-ra\\\/#breadcrumb\",\"itemListElement\":[{\"@type\":\"ListItem\",\"position\":1,\"name\":\"Home\",\"item\":\"https:\\\/\\\/pushclimbing.vn\\\/\"},{\"@type\":\"ListItem\",\"position\":2,\"name\":\"Shop\",\"item\":\"https:\\\/\\\/pushclimbing.vn\\\/shop\\\/\"},{\"@type\":\"ListItem\",\"position\":3,\"name\":\"TENAYA Ra\"}]},{\"@type\":\"WebSite\",\"@id\":\"https:\\\/\\\/pushclimbing.vn\\\/#website\",\"url\":\"https:\\\/\\\/pushclimbing.vn\\\/\",\"name\":\"Push Climbing\",\"description\":\"Conquer Your Mountain\",\"publisher\":{\"@id\":\"https:\\\/\\\/pushclimbing.vn\\\/#organization\"},\"potentialAction\":[{\"@type\":\"SearchAction\",\"target\":{\"@type\":\"EntryPoint\",\"urlTemplate\":\"https:\\\/\\\/pushclimbing.vn\\\/?s={search_term_string}\"},\"query-input\":{\"@type\":\"PropertyValueSpecification\",\"valueRequired\":true,\"valueName\":\"search_term_string\"}}],\"inLanguage\":\"vi\"},{\"@type\":\"Organization\",\"@id\":\"https:\\\/\\\/pushclimbing.vn\\\/#organization\",\"name\":\"Push Climbing\",\"url\":\"https:\\\/\\\/pushclimbing.vn\\\/\",\"logo\":{\"@type\":\"ImageObject\",\"inLanguage\":\"vi\",\"@id\":\"https:\\\/\\\/pushclimbing.vn\\\/#\\\/schema\\\/logo\\\/image\\\/\",\"url\":\"https:\\\/\\\/pushclimbing.vn\\\/wp-content\\\/uploads\\\/2022\\\/07\\\/push-logo-canvas.png\",\"contentUrl\":\"https:\\\/\\\/pushclimbing.vn\\\/wp-content\\\/uploads\\\/2022\\\/07\\\/push-logo-canvas.png\",\"width\":400,\"height\":400,\"caption\":\"Push Climbing\"},\"image\":{\"@id\":\"https:\\\/\\\/pushclimbing.vn\\\/#\\\/schema\\\/logo\\\/image\\\/\"},\"sameAs\":[\"https:\\\/\\\/www.facebook.com\\\/pushrockclimbing\"]}]}<\/script>\n<!-- \/ Yoast SEO plugin. -->","yoast_head_json":{"title":"TENAYA Ra - Push Climbing","robots":{"index":"index","follow":"follow","max-snippet":"max-snippet:-1","max-image-preview":"max-image-preview:large","max-video-preview":"max-video-preview:-1"},"canonical":"https:\/\/pushclimbing.vn\/vi\/san-pham\/tenaya-ra\/","og_locale":"vi_VN","og_type":"article","og_title":"TENAYA Ra - Push Climbing","og_description":"RA is a versatile climbing shoe created to achieve a perfect balance between ultimate responsiveness and maximum transfer of power from the toes when standing on tiny footholds.  RA\u2019s beautifully simple and uncluttered design is not only spectacularly effective in all forms of climbing but also supremely comfortable, making climbing feel easier and more intuitive.    Source: Link*","og_url":"https:\/\/pushclimbing.vn\/vi\/san-pham\/tenaya-ra\/","og_site_name":"Push Climbing","article_publisher":"https:\/\/www.facebook.com\/pushrockclimbing","article_modified_time":"2025-03-20T03:32:58+00:00","og_image":[{"width":850,"height":850,"url":"https:\/\/pushclimbing.vn\/wp-content\/uploads\/2023\/11\/tenaya-escalada-galeria-ra.jpg","type":"image\/jpeg"}],"twitter_card":"summary_large_image","twitter_misc":{"\u01af\u1edbc t\u00ednh th\u1eddi gian \u0111\u1ecdc":"1 ph\u00fat"},"schema":{"@context":"https:\/\/schema.org","@graph":[{"@type":"WebPage","@id":"https:\/\/pushclimbing.vn\/product\/tenaya-ra\/","url":"https:\/\/pushclimbing.vn\/product\/tenaya-ra\/","name":"TENAYA Ra - Push Climbing","isPartOf":{"@id":"https:\/\/pushclimbing.vn\/#website"},"primaryImageOfPage":{"@id":"https:\/\/pushclimbing.vn\/product\/tenaya-ra\/#primaryimage"},"image":{"@id":"https:\/\/pushclimbing.vn\/product\/tenaya-ra\/#primaryimage"},"thumbnailUrl":"https:\/\/pushclimbing.vn\/wp-content\/uploads\/2023\/11\/tenaya-escalada-galeria-ra.jpg","datePublished":"2023-11-28T08:13:47+00:00","dateModified":"2025-03-20T03:32:58+00:00","breadcrumb":{"@id":"https:\/\/pushclimbing.vn\/product\/tenaya-ra\/#breadcrumb"},"inLanguage":"vi","potentialAction":[{"@type":"ReadAction","target":["https:\/\/pushclimbing.vn\/product\/tenaya-ra\/"]}]},{"@type":"ImageObject","inLanguage":"vi","@id":"https:\/\/pushclimbing.vn\/product\/tenaya-ra\/#primaryimage","url":"https:\/\/pushclimbing.vn\/wp-content\/uploads\/2023\/11\/tenaya-escalada-galeria-ra.jpg","contentUrl":"https:\/\/pushclimbing.vn\/wp-content\/uploads\/2023\/11\/tenaya-escalada-galeria-ra.jpg","width":850,"height":850},{"@type":"BreadcrumbList","@id":"https:\/\/pushclimbing.vn\/product\/tenaya-ra\/#breadcrumb","itemListElement":[{"@type":"ListItem","position":1,"name":"Home","item":"https:\/\/pushclimbing.vn\/"},{"@type":"ListItem","position":2,"name":"Shop","item":"https:\/\/pushclimbing.vn\/shop\/"},{"@type":"ListItem","position":3,"name":"TENAYA Ra"}]},{"@type":"WebSite","@id":"https:\/\/pushclimbing.vn\/#website","url":"https:\/\/pushclimbing.vn\/","name":"Push Climbing","description":"Conquer Your Mountain","publisher":{"@id":"https:\/\/pushclimbing.vn\/#organization"},"potentialAction":[{"@type":"SearchAction","target":{"@type":"EntryPoint","urlTemplate":"https:\/\/pushclimbing.vn\/?s={search_term_string}"},"query-input":{"@type":"PropertyValueSpecification","valueRequired":true,"valueName":"search_term_string"}}],"inLanguage":"vi"},{"@type":"Organization","@id":"https:\/\/pushclimbing.vn\/#organization","name":"Push Climbing","url":"https:\/\/pushclimbing.vn\/","logo":{"@type":"ImageObject","inLanguage":"vi","@id":"https:\/\/pushclimbing.vn\/#\/schema\/logo\/image\/","url":"https:\/\/pushclimbing.vn\/wp-content\/uploads\/2022\/07\/push-logo-canvas.png","contentUrl":"https:\/\/pushclimbing.vn\/wp-content\/uploads\/2022\/07\/push-logo-canvas.png","width":400,"height":400,"caption":"Push Climbing"},"image":{"@id":"https:\/\/pushclimbing.vn\/#\/schema\/logo\/image\/"},"sameAs":["https:\/\/www.facebook.com\/pushrockclimbing"]}]}},"_links":{"self":[{"href":"https:\/\/pushclimbing.vn\/vi\/wp-json\/wp\/v2\/product\/29544","targetHints":{"allow":["GET"]}}],"collection":[{"href":"https:\/\/pushclimbing.vn\/vi\/wp-json\/wp\/v2\/product"}],"about":[{"href":"https:\/\/pushclimbing.vn\/vi\/wp-json\/wp\/v2\/types\/product"}],"replies":[{"embeddable":true,"href":"https:\/\/pushclimbing.vn\/vi\/wp-json\/wp\/v2\/comments?post=29544"}],"wp:featuredmedia":[{"embeddable":true,"href":"https:\/\/pushclimbing.vn\/vi\/wp-json\/wp\/v2\/media\/29549"}],"wp:attachment":[{"href":"https:\/\/pushclimbing.vn\/vi\/wp-json\/wp\/v2\/media?parent=29544"}],"wp:term":[{"taxonomy":"product_brand","embeddable":true,"href":"https:\/\/pushclimbing.vn\/vi\/wp-json\/wp\/v2\/product_brand?post=29544"},{"taxonomy":"product_cat","embeddable":true,"href":"https:\/\/pushclimbing.vn\/vi\/wp-json\/wp\/v2\/product_cat?post=29544"},{"taxonomy":"product_tag","embeddable":true,"href":"https:\/\/pushclimbing.vn\/vi\/wp-json\/wp\/v2\/product_tag?post=29544"}],"curies":[{"name":"wp","href":"https:\/\/api.w.org\/{rel}","templated":true}]}}