{"id":29524,"date":"2023-11-28T12:20:16","date_gmt":"2023-11-28T05:20:16","guid":{"rendered":"https:\/\/pushclimbing.vn\/?post_type=product&#038;p=29524"},"modified":"2025-03-18T13:28:23","modified_gmt":"2025-03-18T06:28:23","slug":"push-button","status":"publish","type":"product","link":"https:\/\/pushclimbing.vn\/vi\/san-pham\/push-button\/","title":{"rendered":"Pin Button Signature Push!"},"content":{"rendered":"<div class=\"fusion-fullwidth fullwidth-box fusion-builder-row-1 fusion-flex-container nonhundred-percent-fullwidth non-hundred-percent-height-scrolling\" style=\"--awb-border-radius-top-left:0px;--awb-border-radius-top-right:0px;--awb-border-radius-bottom-right:0px;--awb-border-radius-bottom-left:0px;--awb-flex-wrap:wrap;\" ><div class=\"fusion-builder-row fusion-row fusion-flex-align-items-flex-start fusion-flex-content-wrap\" style=\"max-width:1216.8px;margin-left: calc(-4% \/ 2 );margin-right: calc(-4% \/ 2 );\"><div class=\"fusion-layout-column fusion_builder_column fusion-builder-column-0 fusion_builder_column_1_1 1_1 fusion-flex-column\" style=\"--awb-bg-size:cover;--awb-width-large:100%;--awb-margin-top-large:0px;--awb-spacing-right-large:1.92%;--awb-margin-bottom-large:0px;--awb-spacing-left-large:1.92%;--awb-width-medium:100%;--awb-spacing-right-medium:1.92%;--awb-spacing-left-medium:1.92%;--awb-width-small:100%;--awb-spacing-right-small:1.92%;--awb-spacing-left-small:1.92%;\"><div class=\"fusion-column-wrapper fusion-flex-justify-content-flex-start fusion-content-layout-column\"><div class=\"fusion-text fusion-text-1\"><p><strong>Th\u00f4ng s\u1ed1 k\u1ef9 thu\u1eadt:<\/strong><\/p>\n<p>K\u00edch th\u01b0\u1edbc; \u0110\u01b0\u1eddng k\u00ednh 4cm<\/p>\n<\/div><\/div><\/div><\/div><\/div>","protected":false},"excerpt":{"rendered":"<p><strong>H\u00e3y s\u1edf h\u1eefu chi\u1ebfc huy hi\u1ec7u c\u00e0i \"Push!\" ngay h\u00f4m nay \u0111\u1ec3 th\u1ec3 hi\u1ec7n c\u00e1 t\u00ednh \u0111\u1ed9c \u0111\u00e1o c\u1ee7a b\u1ea1n!<\/strong><\/p>\n<p>Huy hi\u1ec7u c\u00e0i \"Push!\" l\u00e0 ph\u1ee5 ki\u1ec7n th\u1eddi trang \u0111\u1ed9c \u0111\u00e1o v\u00e0 phong c\u00e1ch, th\u1ec3 hi\u1ec7n tinh th\u1ea7n ri\u00eang c\u1ee7a b\u1ea1n. Chi\u1ebfc n\u00fat \u0111\u01b0\u1ee3c l\u00e0m b\u1eb1ng nh\u1ef1a cao c\u1ea5p, b\u1ec1n \u0111\u1eb9p v\u1edbi bi\u1ec3u t\u01b0\u1ee3ng \" c\u00e1c nh\u00e2n v\u1eadt Push\" n\u1ed5i b\u1eadt. B\u1ec1 m\u1eb7t \u0111\u01b0\u1ee3c ho\u00e0n thi\u1ec7n v\u1edbi l\u1edbp ph\u1ee7 m\u1edd ho\u00e0n h\u1ea3o. B\u1ea1n c\u00f3 th\u1ec3 c\u00e0i n\u00fat l\u00ean \u00e1o kho\u00e1c, m\u0169, t\u00fai x\u00e1ch,... \u0111\u1ec3 th\u1ec3 hi\u1ec7n c\u00e1 t\u00ednh c\u1ee7a m\u00ecnh.<\/p>\n<p><strong>L\u1ee3i \u00edch:<\/strong><\/p>\n<p>Th\u1ec3 hi\u1ec7n c\u00e1 t\u00ednh \u0111\u1ed9c \u0111\u00e1o c\u1ee7a b\u1ea1n<br \/>\nB\u1ec1 m\u1eb7t m\u1edd ho\u00e0n thi\u1ec7n \u0111\u1eb9p m\u1eaft, ch\u1ea5t li\u1ec7u b\u1ec1n b\u1ec9<br \/>\nThi\u1ebft k\u1ebf \u0111\u1ed9c \u0111\u00e1o, phong c\u00e1ch<\/p>\n<p><strong>\u0110\u1ed1i t\u01b0\u1ee3ng s\u1edf h\u1eefu:<\/strong><\/p>\n<p>Nh\u1eefng ng\u01b0\u1eddi y\u00eau th\u00edch nh\u1eadn nh\u1eefng m\u00f3n \u0111\u1ed3 l\u01b0u ni\u1ec7m sau khi chinh ph\u1ee5c T\u01b0\u1eddng th\u00e0nh Crescent &amp; N\u00fai Push<\/p>\n<p>Nh\u1eefng ng\u01b0\u1eddi c\u00f3 c\u00e1 t\u00ednh m\u1ea1nh m\u1ebd, \u0111\u1ed9c l\u1eadp<\/p>\n<p><em>Mi\u1ec5n ph\u00ed v\u1eadn chuy\u1ec3n cho \u0111\u01a1n h\u00e0ng tr\u00ean 1,000,000 \u0111\u1ed3ng.\u00a0<\/em><\/p>","protected":false},"featured_media":29532,"comment_status":"open","ping_status":"closed","template":"","meta":{"_acf_changed":false},"product_brand":[1013],"product_cat":[966],"product_tag":[815,816,817,820,818,819],"class_list":{"0":"post-29524","1":"product","2":"type-product","3":"status-publish","4":"has-post-thumbnail","6":"product_brand-push","7":"product_cat-new-arrivals","8":"product_tag-button","9":"product_tag-pin","10":"product_tag-pin-button","11":"product_tag-push-button","12":"product_tag-push-souvenir","13":"product_tag-souvenir","15":"first","16":"instock","17":"product-type-variable"},"acf":[],"yoast_head":"<!-- This site is optimized with the Yoast SEO plugin v27.3 - https:\/\/yoast.com\/product\/yoast-seo-wordpress\/ -->\n<title>Pin Button Signature Push! - Push Climbing<\/title>\n<meta name=\"robots\" content=\"index, follow, max-snippet:-1, max-image-preview:large, max-video-preview:-1\" \/>\n<link rel=\"canonical\" href=\"https:\/\/pushclimbing.vn\/vi\/san-pham\/push-button\/\" \/>\n<meta property=\"og:locale\" content=\"vi_VN\" \/>\n<meta property=\"og:type\" content=\"article\" \/>\n<meta property=\"og:title\" content=\"Pin Button Signature Push! - Push Climbing\" \/>\n<meta property=\"og:description\" content=\"Own a Push! Button today to express your unique spirit!  Push! Button is a unique and stylish fashion accessory that expresses your rock and roll spirit. The button is made of high-quality, durable plastic with a bold &quot;Push Charactors&quot; signatures\u00a0 symbol. The surface is finised with Matte Surface perfectly. You can pin the button on your jacket, hat, bag, etc. to express your personality.  Benefits:  Express your unique spirit Beautiful finished matte surface, durable material Unique, stylish design  Target audience:  People who love to get some souvenirs after conquering Crescent Wall &amp; Push Climbing Mountains  People with strong, independent personalities  *Free shipping for orders over 1,000,000 vnd.\u00a0\" \/>\n<meta property=\"og:url\" content=\"https:\/\/pushclimbing.vn\/vi\/san-pham\/push-button\/\" \/>\n<meta property=\"og:site_name\" content=\"Push Climbing\" \/>\n<meta property=\"article:publisher\" content=\"https:\/\/www.facebook.com\/pushrockclimbing\" \/>\n<meta property=\"article:modified_time\" content=\"2025-03-18T06:28:23+00:00\" \/>\n<meta property=\"og:image\" content=\"https:\/\/pushclimbing.vn\/wp-content\/uploads\/2023\/11\/1.png\" \/>\n\t<meta property=\"og:image:width\" content=\"1080\" \/>\n\t<meta property=\"og:image:height\" content=\"1080\" \/>\n\t<meta property=\"og:image:type\" content=\"image\/png\" \/>\n<meta name=\"twitter:card\" content=\"summary_large_image\" \/>\n<meta name=\"twitter:label1\" content=\"\u01af\u1edbc t\u00ednh th\u1eddi gian \u0111\u1ecdc\" \/>\n\t<meta name=\"twitter:data1\" content=\"1 ph\u00fat\" \/>\n<script type=\"application\/ld+json\" class=\"yoast-schema-graph\">{\"@context\":\"https:\\\/\\\/schema.org\",\"@graph\":[{\"@type\":\"WebPage\",\"@id\":\"https:\\\/\\\/pushclimbing.vn\\\/vi\\\/san-pham\\\/push-button\\\/\",\"url\":\"https:\\\/\\\/pushclimbing.vn\\\/vi\\\/san-pham\\\/push-button\\\/\",\"name\":\"Pin Button Signature Push! - Push Climbing\",\"isPartOf\":{\"@id\":\"https:\\\/\\\/pushclimbing.vn\\\/#website\"},\"primaryImageOfPage\":{\"@id\":\"https:\\\/\\\/pushclimbing.vn\\\/vi\\\/san-pham\\\/push-button\\\/#primaryimage\"},\"image\":{\"@id\":\"https:\\\/\\\/pushclimbing.vn\\\/vi\\\/san-pham\\\/push-button\\\/#primaryimage\"},\"thumbnailUrl\":\"https:\\\/\\\/pushclimbing.vn\\\/wp-content\\\/uploads\\\/2023\\\/11\\\/1.png\",\"datePublished\":\"2023-11-28T05:20:16+00:00\",\"dateModified\":\"2025-03-18T06:28:23+00:00\",\"breadcrumb\":{\"@id\":\"https:\\\/\\\/pushclimbing.vn\\\/vi\\\/san-pham\\\/push-button\\\/#breadcrumb\"},\"inLanguage\":\"vi\",\"potentialAction\":[{\"@type\":\"ReadAction\",\"target\":[\"https:\\\/\\\/pushclimbing.vn\\\/vi\\\/san-pham\\\/push-button\\\/\"]}]},{\"@type\":\"ImageObject\",\"inLanguage\":\"vi\",\"@id\":\"https:\\\/\\\/pushclimbing.vn\\\/vi\\\/san-pham\\\/push-button\\\/#primaryimage\",\"url\":\"https:\\\/\\\/pushclimbing.vn\\\/wp-content\\\/uploads\\\/2023\\\/11\\\/1.png\",\"contentUrl\":\"https:\\\/\\\/pushclimbing.vn\\\/wp-content\\\/uploads\\\/2023\\\/11\\\/1.png\",\"width\":1080,\"height\":1080},{\"@type\":\"BreadcrumbList\",\"@id\":\"https:\\\/\\\/pushclimbing.vn\\\/vi\\\/san-pham\\\/push-button\\\/#breadcrumb\",\"itemListElement\":[{\"@type\":\"ListItem\",\"position\":1,\"name\":\"Home\",\"item\":\"https:\\\/\\\/pushclimbing.vn\\\/\"},{\"@type\":\"ListItem\",\"position\":2,\"name\":\"Shop\",\"item\":\"https:\\\/\\\/pushclimbing.vn\\\/shop\\\/\"},{\"@type\":\"ListItem\",\"position\":3,\"name\":\"Pin Button Signature Push!\"}]},{\"@type\":\"WebSite\",\"@id\":\"https:\\\/\\\/pushclimbing.vn\\\/#website\",\"url\":\"https:\\\/\\\/pushclimbing.vn\\\/\",\"name\":\"Push Climbing\",\"description\":\"Conquer Your Mountain\",\"publisher\":{\"@id\":\"https:\\\/\\\/pushclimbing.vn\\\/#organization\"},\"potentialAction\":[{\"@type\":\"SearchAction\",\"target\":{\"@type\":\"EntryPoint\",\"urlTemplate\":\"https:\\\/\\\/pushclimbing.vn\\\/?s={search_term_string}\"},\"query-input\":{\"@type\":\"PropertyValueSpecification\",\"valueRequired\":true,\"valueName\":\"search_term_string\"}}],\"inLanguage\":\"vi\"},{\"@type\":\"Organization\",\"@id\":\"https:\\\/\\\/pushclimbing.vn\\\/#organization\",\"name\":\"Push Climbing\",\"url\":\"https:\\\/\\\/pushclimbing.vn\\\/\",\"logo\":{\"@type\":\"ImageObject\",\"inLanguage\":\"vi\",\"@id\":\"https:\\\/\\\/pushclimbing.vn\\\/#\\\/schema\\\/logo\\\/image\\\/\",\"url\":\"https:\\\/\\\/pushclimbing.vn\\\/wp-content\\\/uploads\\\/2022\\\/07\\\/push-logo-canvas.png\",\"contentUrl\":\"https:\\\/\\\/pushclimbing.vn\\\/wp-content\\\/uploads\\\/2022\\\/07\\\/push-logo-canvas.png\",\"width\":400,\"height\":400,\"caption\":\"Push Climbing\"},\"image\":{\"@id\":\"https:\\\/\\\/pushclimbing.vn\\\/#\\\/schema\\\/logo\\\/image\\\/\"},\"sameAs\":[\"https:\\\/\\\/www.facebook.com\\\/pushrockclimbing\"]}]}<\/script>\n<!-- \/ Yoast SEO plugin. -->","yoast_head_json":{"title":"Pin Button Signature Push! - Push Climbing","robots":{"index":"index","follow":"follow","max-snippet":"max-snippet:-1","max-image-preview":"max-image-preview:large","max-video-preview":"max-video-preview:-1"},"canonical":"https:\/\/pushclimbing.vn\/vi\/san-pham\/push-button\/","og_locale":"vi_VN","og_type":"article","og_title":"Pin Button Signature Push! - Push Climbing","og_description":"Own a Push! Button today to express your unique spirit!  Push! Button is a unique and stylish fashion accessory that expresses your rock and roll spirit. The button is made of high-quality, durable plastic with a bold \"Push Charactors\" signatures\u00a0 symbol. The surface is finised with Matte Surface perfectly. You can pin the button on your jacket, hat, bag, etc. to express your personality.  Benefits:  Express your unique spirit Beautiful finished matte surface, durable material Unique, stylish design  Target audience:  People who love to get some souvenirs after conquering Crescent Wall &amp; Push Climbing Mountains  People with strong, independent personalities  *Free shipping for orders over 1,000,000 vnd.\u00a0","og_url":"https:\/\/pushclimbing.vn\/vi\/san-pham\/push-button\/","og_site_name":"Push Climbing","article_publisher":"https:\/\/www.facebook.com\/pushrockclimbing","article_modified_time":"2025-03-18T06:28:23+00:00","og_image":[{"width":1080,"height":1080,"url":"https:\/\/pushclimbing.vn\/wp-content\/uploads\/2023\/11\/1.png","type":"image\/png"}],"twitter_card":"summary_large_image","twitter_misc":{"\u01af\u1edbc t\u00ednh th\u1eddi gian \u0111\u1ecdc":"1 ph\u00fat"},"schema":{"@context":"https:\/\/schema.org","@graph":[{"@type":"WebPage","@id":"https:\/\/pushclimbing.vn\/vi\/san-pham\/push-button\/","url":"https:\/\/pushclimbing.vn\/vi\/san-pham\/push-button\/","name":"Pin Button Signature Push! - Push Climbing","isPartOf":{"@id":"https:\/\/pushclimbing.vn\/#website"},"primaryImageOfPage":{"@id":"https:\/\/pushclimbing.vn\/vi\/san-pham\/push-button\/#primaryimage"},"image":{"@id":"https:\/\/pushclimbing.vn\/vi\/san-pham\/push-button\/#primaryimage"},"thumbnailUrl":"https:\/\/pushclimbing.vn\/wp-content\/uploads\/2023\/11\/1.png","datePublished":"2023-11-28T05:20:16+00:00","dateModified":"2025-03-18T06:28:23+00:00","breadcrumb":{"@id":"https:\/\/pushclimbing.vn\/vi\/san-pham\/push-button\/#breadcrumb"},"inLanguage":"vi","potentialAction":[{"@type":"ReadAction","target":["https:\/\/pushclimbing.vn\/vi\/san-pham\/push-button\/"]}]},{"@type":"ImageObject","inLanguage":"vi","@id":"https:\/\/pushclimbing.vn\/vi\/san-pham\/push-button\/#primaryimage","url":"https:\/\/pushclimbing.vn\/wp-content\/uploads\/2023\/11\/1.png","contentUrl":"https:\/\/pushclimbing.vn\/wp-content\/uploads\/2023\/11\/1.png","width":1080,"height":1080},{"@type":"BreadcrumbList","@id":"https:\/\/pushclimbing.vn\/vi\/san-pham\/push-button\/#breadcrumb","itemListElement":[{"@type":"ListItem","position":1,"name":"Home","item":"https:\/\/pushclimbing.vn\/"},{"@type":"ListItem","position":2,"name":"Shop","item":"https:\/\/pushclimbing.vn\/shop\/"},{"@type":"ListItem","position":3,"name":"Pin Button Signature Push!"}]},{"@type":"WebSite","@id":"https:\/\/pushclimbing.vn\/#website","url":"https:\/\/pushclimbing.vn\/","name":"Push Climbing","description":"Conquer Your Mountain","publisher":{"@id":"https:\/\/pushclimbing.vn\/#organization"},"potentialAction":[{"@type":"SearchAction","target":{"@type":"EntryPoint","urlTemplate":"https:\/\/pushclimbing.vn\/?s={search_term_string}"},"query-input":{"@type":"PropertyValueSpecification","valueRequired":true,"valueName":"search_term_string"}}],"inLanguage":"vi"},{"@type":"Organization","@id":"https:\/\/pushclimbing.vn\/#organization","name":"Push Climbing","url":"https:\/\/pushclimbing.vn\/","logo":{"@type":"ImageObject","inLanguage":"vi","@id":"https:\/\/pushclimbing.vn\/#\/schema\/logo\/image\/","url":"https:\/\/pushclimbing.vn\/wp-content\/uploads\/2022\/07\/push-logo-canvas.png","contentUrl":"https:\/\/pushclimbing.vn\/wp-content\/uploads\/2022\/07\/push-logo-canvas.png","width":400,"height":400,"caption":"Push Climbing"},"image":{"@id":"https:\/\/pushclimbing.vn\/#\/schema\/logo\/image\/"},"sameAs":["https:\/\/www.facebook.com\/pushrockclimbing"]}]}},"_links":{"self":[{"href":"https:\/\/pushclimbing.vn\/vi\/wp-json\/wp\/v2\/product\/29524","targetHints":{"allow":["GET"]}}],"collection":[{"href":"https:\/\/pushclimbing.vn\/vi\/wp-json\/wp\/v2\/product"}],"about":[{"href":"https:\/\/pushclimbing.vn\/vi\/wp-json\/wp\/v2\/types\/product"}],"replies":[{"embeddable":true,"href":"https:\/\/pushclimbing.vn\/vi\/wp-json\/wp\/v2\/comments?post=29524"}],"wp:featuredmedia":[{"embeddable":true,"href":"https:\/\/pushclimbing.vn\/vi\/wp-json\/wp\/v2\/media\/29532"}],"wp:attachment":[{"href":"https:\/\/pushclimbing.vn\/vi\/wp-json\/wp\/v2\/media?parent=29524"}],"wp:term":[{"taxonomy":"product_brand","embeddable":true,"href":"https:\/\/pushclimbing.vn\/vi\/wp-json\/wp\/v2\/product_brand?post=29524"},{"taxonomy":"product_cat","embeddable":true,"href":"https:\/\/pushclimbing.vn\/vi\/wp-json\/wp\/v2\/product_cat?post=29524"},{"taxonomy":"product_tag","embeddable":true,"href":"https:\/\/pushclimbing.vn\/vi\/wp-json\/wp\/v2\/product_tag?post=29524"}],"curies":[{"name":"wp","href":"https:\/\/api.w.org\/{rel}","templated":true}]}}