{"id":29341,"date":"2023-11-11T13:08:33","date_gmt":"2023-11-11T06:08:33","guid":{"rendered":"https:\/\/pushclimbing.vn\/?post_type=product&#038;p=29341"},"modified":"2025-03-20T10:53:10","modified_gmt":"2025-03-20T03:53:10","slug":"dewoodstok-extendable-bouldering-brush-xl","status":"publish","type":"product","link":"https:\/\/pushclimbing.vn\/vi\/san-pham\/dewoodstok-extendable-bouldering-brush-xl\/","title":{"rendered":"DeWoodstok \u2013 extendable bouldering brush XL"},"content":{"rendered":"<div class=\"fusion-fullwidth fullwidth-box fusion-builder-row-1 fusion-flex-container nonhundred-percent-fullwidth non-hundred-percent-height-scrolling\" style=\"--awb-border-radius-top-left:0px;--awb-border-radius-top-right:0px;--awb-border-radius-bottom-right:0px;--awb-border-radius-bottom-left:0px;--awb-flex-wrap:wrap;\" ><div class=\"fusion-builder-row fusion-row fusion-flex-align-items-flex-start fusion-flex-content-wrap\" style=\"max-width:1216.8px;margin-left: calc(-4% \/ 2 );margin-right: calc(-4% \/ 2 );\"><div class=\"fusion-layout-column fusion_builder_column fusion-builder-column-0 fusion_builder_column_1_1 1_1 fusion-flex-column\" style=\"--awb-bg-size:cover;--awb-width-large:100%;--awb-margin-top-large:0px;--awb-spacing-right-large:1.92%;--awb-margin-bottom-large:0px;--awb-spacing-left-large:1.92%;--awb-width-medium:100%;--awb-spacing-right-medium:1.92%;--awb-spacing-left-medium:1.92%;--awb-width-small:100%;--awb-spacing-right-small:1.92%;--awb-spacing-left-small:1.92%;\"><div class=\"fusion-column-wrapper fusion-flex-justify-content-flex-start fusion-content-layout-column\"><div class=\"fusion-text fusion-text-1\"><table class=\"woocommerce-product-attributes shop_attributes\">\n<tbody>\n<tr class=\"woocommerce-product-attributes-item woocommerce-product-attributes-item--weight\">\n<th class=\"woocommerce-product-attributes-item__label\">Kh\u1ed1i l\u01b0\u1ee3ng<\/th>\n<td class=\"woocommerce-product-attributes-item__value\">1245 g<\/td>\n<\/tr>\n<tr class=\"woocommerce-product-attributes-item woocommerce-product-attributes-item--attribute_dewoodstok-head-specs\">\n<th class=\"woocommerce-product-attributes-item__label\">Th\u00f4ng s\u1ed1 k\u1ef9 thu\u1eadt \u0111\u1ea7u c\u1ecd<\/th>\n<td class=\"woocommerce-product-attributes-item__value\">Nh\u1ef1a &amp; g\u1ed7 b\u1ea1ch d\u01b0\u01a1ng, 282 gram bao g\u1ed3m c\u1ea3 b\u00e0n ch\u1ea3i, 340 x 160 x 58mm (\u0111\u00f3ng h\u1ed9p), \u0110i\u1ec1u ch\u1ec9nh -45\u00b0 \u0111\u1ebfn +45\u00b0, C\u00f3 th\u1ec3 \u00e1p d\u1ee5ng v\u1edbi g\u1eady k\u00e9o d\u00e0i: l\u1eafp v\u00e0o \u0111\u1ea7u: \u00d825mm<\/td>\n<\/tr>\n<tr class=\"woocommerce-product-attributes-item woocommerce-product-attributes-item--attribute_big-stick-specs\">\n<th class=\"woocommerce-product-attributes-item__label\">Th\u00f4ng s\u1ed1 k\u1ef9 thu\u1eadt c\u00e1n l\u1edbn<\/th>\n<td class=\"woocommerce-product-attributes-item__value\">Nh\u00f4m &amp; s\u1ee3i th\u1ee7y tinh gia c\u1ed1 Nylon, 925 gram, 1350 \u2013 2400mm x \u00d832mm<\/td>\n<\/tr>\n<tr class=\"woocommerce-product-attributes-item woocommerce-product-attributes-item--attribute_connector-specs\">\n<th class=\"woocommerce-product-attributes-item__label\">Th\u00f4ng s\u1ed1 k\u1ef9 thu\u1eadt c\u00e1n n\u1ed1i<\/th>\n<td class=\"woocommerce-product-attributes-item__value\">Nylon gia c\u1ed1 s\u1ee3i th\u1ee7y tinh (PAGF30), 75 gram, 131mm x \u00d833mm. Ren 3\/4\u2033-5. Ph\u00f9 h\u1ee3p v\u1edbi h\u1ea7u h\u1ebft c\u00e1c g\u1eady k\u00e9o d\u00e0i c\u1ee7a M\u1ef9\/Canada.<\/td>\n<\/tr>\n<\/tbody>\n<\/table>\n<\/div><\/div><\/div><\/div><\/div>","protected":false},"excerpt":{"rendered":"<p>C\u1ecd qu\u00e9t bouldering c\u00f3 th\u1ec3 k\u00e9o d\u00e0i XL c\u1ee7a deWoodstok bao g\u1ed3m g\u1eady k\u00e9o d\u00e0i XL, \u0111\u1ea7u n\u1ed1i deWoodstok v\u00e0 \u0111\u1ea7u ch\u1ed5i deWoodstok \u0111\u01b0\u1ee3c trang b\u1ecb hai ch\u1ed5i l\u00f4ng l\u1ee3n. T\u1eeb nay tr\u1edf v\u1ec1 sau, m\u1ecdi \u0111i\u1ec3m b\u00e1m \u0111\u1ec1u c\u00f3 th\u1ec3 \u0111\u01b0\u1ee3c ch\u1ea3i, b\u1ea5t k\u1ec3 g\u00f3c c\u1ea1nh hay h\u00ecnh d\u1ea1ng c\u1ee7a n\u00f3. C\u00e2y g\u1eady c\u00f3 m\u1ed9t n\u00fat \u0111\u1ec3 thay \u0111\u1ed5i chi\u1ec1u cao. C\u1ecd qu\u00e9t bouldering c\u00f3 th\u1ec3 k\u00e9o d\u00e0i XL d\u00e0i 161cm v\u00e0 266cm khi m\u1edf r\u1ed9ng v\u00e0 do \u0111\u00f3 c\u00f3 th\u1ec3 v\u1edbi cao h\u01a1n so v\u1edbi c\u1ecd qu\u00e9t bouldering c\u00f3 th\u1ec3 k\u00e9o d\u00e0i th\u00f4ng th\u01b0\u1eddng. C\u1ecd qu\u00e9t bouldering c\u00f3 th\u1ec3 k\u00e9o d\u00e0i XL \u0111\u01b0\u1ee3c khuy\u1ebfn ngh\u1ecb s\u1eed d\u1ee5ng th\u01b0\u01a1ng m\u1ea1i chuy\u00ean s\u00e2u trong c\u00e1c ph\u00f2ng t\u1eadp bouldering ho\u1eb7c t\u1ea1i c\u00e1c cu\u1ed9c thi v\u00ec c\u1ed9t tr\u1ee5 ch\u1eafc ch\u1eafn c\u1ee7a n\u00f3. Ngo\u00e0i ra, n\u00f3 c\u00f3 ph\u1ea1m vi ti\u1ebfp c\u1eadn l\u1edbn h\u01a1n so v\u1edbi c\u1ecd qu\u00e9t bouldering c\u00f3 th\u1ec3 k\u00e9o d\u00e0i ti\u00eau chu\u1ea9n c\u1ee7a ch\u00fang t\u00f4i.<\/p>\n<p>C\u1ecd qu\u00e9t bouldering c\u00f3 th\u1ec3 k\u00e9o d\u00e0i XL \u0111\u01b0\u1ee3c l\u1eafp r\u00e1p t\u1ea1i H\u00e0 Lan.<\/p>","protected":false},"featured_media":29342,"comment_status":"open","ping_status":"closed","template":"","meta":{"_acf_changed":false},"product_brand":[],"product_cat":[1027,1023],"product_tag":[87,812,813],"class_list":{"0":"post-29341","1":"product","2":"type-product","3":"status-publish","4":"has-post-thumbnail","6":"product_cat-chalk","7":"product_cat-climbing","8":"product_tag-climbing-brush","9":"product_tag-dewoodstok","10":"product_tag-extendable-bouldering-brush","12":"first","13":"instock","14":"product-type-simple"},"acf":[],"yoast_head":"<!-- This site is optimized with the Yoast SEO plugin v27.5 - https:\/\/yoast.com\/product\/yoast-seo-wordpress\/ -->\n<title>DeWoodstok \u2013 extendable bouldering brush XL - Push Climbing<\/title>\n<meta name=\"robots\" content=\"index, follow, max-snippet:-1, max-image-preview:large, max-video-preview:-1\" \/>\n<link rel=\"canonical\" href=\"https:\/\/pushclimbing.vn\/vi\/san-pham\/dewoodstok-extendable-bouldering-brush-xl\/\" \/>\n<meta property=\"og:locale\" content=\"vi_VN\" \/>\n<meta property=\"og:type\" content=\"article\" \/>\n<meta property=\"og:title\" content=\"DeWoodstok \u2013 extendable bouldering brush XL - Push Climbing\" \/>\n<meta property=\"og:description\" content=\"Extendable bouldering brush XL deWoodstok&#039;s extendable bouldering brush XL consists of the extendable stick XL, deWoodstok&#039;s connector and deWoodstok&#039;s brush head equipped with two boar hair brushes. From now on, every hold can be brushed, no matter its angle or shape. The stick has a button to change the height. The extendable bouldering brush XL is 161cm long and 266cm in its extended position and therefore reaches higher than the standard extendable bouldering brush. The extendable bouldering brush XL is recommended for intens commercial use in boulder gyms or at competitions because of its sturdy pole. Also it has a longer reach than our standard extendable bouldering brush.  The extendable bouldering brush XL is assembled in the Netherlands.\" \/>\n<meta property=\"og:url\" content=\"https:\/\/pushclimbing.vn\/vi\/san-pham\/dewoodstok-extendable-bouldering-brush-xl\/\" \/>\n<meta property=\"og:site_name\" content=\"Push Climbing\" \/>\n<meta property=\"article:publisher\" content=\"https:\/\/www.facebook.com\/pushrockclimbing\" \/>\n<meta property=\"article:modified_time\" content=\"2025-03-20T03:53:10+00:00\" \/>\n<meta property=\"og:image\" content=\"https:\/\/pushclimbing.vn\/wp-content\/uploads\/2023\/11\/02_extendable-bouldering-brush-XL_05.jpg\" \/>\n\t<meta property=\"og:image:width\" content=\"1000\" \/>\n\t<meta property=\"og:image:height\" content=\"1000\" \/>\n\t<meta property=\"og:image:type\" content=\"image\/jpeg\" \/>\n<meta name=\"twitter:card\" content=\"summary_large_image\" \/>\n<meta name=\"twitter:label1\" content=\"\u01af\u1edbc t\u00ednh th\u1eddi gian \u0111\u1ecdc\" \/>\n\t<meta name=\"twitter:data1\" content=\"1 ph\u00fat\" \/>\n<script type=\"application\/ld+json\" class=\"yoast-schema-graph\">{\"@context\":\"https:\\\/\\\/schema.org\",\"@graph\":[{\"@type\":\"WebPage\",\"@id\":\"https:\\\/\\\/pushclimbing.vn\\\/product\\\/dewoodstok-extendable-bouldering-brush-xl\\\/\",\"url\":\"https:\\\/\\\/pushclimbing.vn\\\/product\\\/dewoodstok-extendable-bouldering-brush-xl\\\/\",\"name\":\"DeWoodstok \u2013 extendable bouldering brush XL - Push Climbing\",\"isPartOf\":{\"@id\":\"https:\\\/\\\/pushclimbing.vn\\\/#website\"},\"primaryImageOfPage\":{\"@id\":\"https:\\\/\\\/pushclimbing.vn\\\/product\\\/dewoodstok-extendable-bouldering-brush-xl\\\/#primaryimage\"},\"image\":{\"@id\":\"https:\\\/\\\/pushclimbing.vn\\\/product\\\/dewoodstok-extendable-bouldering-brush-xl\\\/#primaryimage\"},\"thumbnailUrl\":\"https:\\\/\\\/pushclimbing.vn\\\/wp-content\\\/uploads\\\/2023\\\/11\\\/02_extendable-bouldering-brush-XL_05.jpg\",\"datePublished\":\"2023-11-11T06:08:33+00:00\",\"dateModified\":\"2025-03-20T03:53:10+00:00\",\"breadcrumb\":{\"@id\":\"https:\\\/\\\/pushclimbing.vn\\\/product\\\/dewoodstok-extendable-bouldering-brush-xl\\\/#breadcrumb\"},\"inLanguage\":\"vi\",\"potentialAction\":[{\"@type\":\"ReadAction\",\"target\":[\"https:\\\/\\\/pushclimbing.vn\\\/product\\\/dewoodstok-extendable-bouldering-brush-xl\\\/\"]}]},{\"@type\":\"ImageObject\",\"inLanguage\":\"vi\",\"@id\":\"https:\\\/\\\/pushclimbing.vn\\\/product\\\/dewoodstok-extendable-bouldering-brush-xl\\\/#primaryimage\",\"url\":\"https:\\\/\\\/pushclimbing.vn\\\/wp-content\\\/uploads\\\/2023\\\/11\\\/02_extendable-bouldering-brush-XL_05.jpg\",\"contentUrl\":\"https:\\\/\\\/pushclimbing.vn\\\/wp-content\\\/uploads\\\/2023\\\/11\\\/02_extendable-bouldering-brush-XL_05.jpg\",\"width\":1000,\"height\":1000},{\"@type\":\"BreadcrumbList\",\"@id\":\"https:\\\/\\\/pushclimbing.vn\\\/product\\\/dewoodstok-extendable-bouldering-brush-xl\\\/#breadcrumb\",\"itemListElement\":[{\"@type\":\"ListItem\",\"position\":1,\"name\":\"Home\",\"item\":\"https:\\\/\\\/pushclimbing.vn\\\/\"},{\"@type\":\"ListItem\",\"position\":2,\"name\":\"Shop\",\"item\":\"https:\\\/\\\/pushclimbing.vn\\\/shop\\\/\"},{\"@type\":\"ListItem\",\"position\":3,\"name\":\"DeWoodstok \u2013 extendable bouldering brush XL\"}]},{\"@type\":\"WebSite\",\"@id\":\"https:\\\/\\\/pushclimbing.vn\\\/#website\",\"url\":\"https:\\\/\\\/pushclimbing.vn\\\/\",\"name\":\"Push Climbing\",\"description\":\"Conquer Your Mountain\",\"publisher\":{\"@id\":\"https:\\\/\\\/pushclimbing.vn\\\/#organization\"},\"potentialAction\":[{\"@type\":\"SearchAction\",\"target\":{\"@type\":\"EntryPoint\",\"urlTemplate\":\"https:\\\/\\\/pushclimbing.vn\\\/?s={search_term_string}\"},\"query-input\":{\"@type\":\"PropertyValueSpecification\",\"valueRequired\":true,\"valueName\":\"search_term_string\"}}],\"inLanguage\":\"vi\"},{\"@type\":\"Organization\",\"@id\":\"https:\\\/\\\/pushclimbing.vn\\\/#organization\",\"name\":\"Push Climbing\",\"url\":\"https:\\\/\\\/pushclimbing.vn\\\/\",\"logo\":{\"@type\":\"ImageObject\",\"inLanguage\":\"vi\",\"@id\":\"https:\\\/\\\/pushclimbing.vn\\\/#\\\/schema\\\/logo\\\/image\\\/\",\"url\":\"https:\\\/\\\/pushclimbing.vn\\\/wp-content\\\/uploads\\\/2022\\\/07\\\/push-logo-canvas.png\",\"contentUrl\":\"https:\\\/\\\/pushclimbing.vn\\\/wp-content\\\/uploads\\\/2022\\\/07\\\/push-logo-canvas.png\",\"width\":400,\"height\":400,\"caption\":\"Push Climbing\"},\"image\":{\"@id\":\"https:\\\/\\\/pushclimbing.vn\\\/#\\\/schema\\\/logo\\\/image\\\/\"},\"sameAs\":[\"https:\\\/\\\/www.facebook.com\\\/pushrockclimbing\"]}]}<\/script>\n<!-- \/ Yoast SEO plugin. -->","yoast_head_json":{"title":"DeWoodstok \u2013 extendable bouldering brush XL - Push Climbing","robots":{"index":"index","follow":"follow","max-snippet":"max-snippet:-1","max-image-preview":"max-image-preview:large","max-video-preview":"max-video-preview:-1"},"canonical":"https:\/\/pushclimbing.vn\/vi\/san-pham\/dewoodstok-extendable-bouldering-brush-xl\/","og_locale":"vi_VN","og_type":"article","og_title":"DeWoodstok \u2013 extendable bouldering brush XL - Push Climbing","og_description":"Extendable bouldering brush XL deWoodstok's extendable bouldering brush XL consists of the extendable stick XL, deWoodstok's connector and deWoodstok's brush head equipped with two boar hair brushes. From now on, every hold can be brushed, no matter its angle or shape. The stick has a button to change the height. The extendable bouldering brush XL is 161cm long and 266cm in its extended position and therefore reaches higher than the standard extendable bouldering brush. The extendable bouldering brush XL is recommended for intens commercial use in boulder gyms or at competitions because of its sturdy pole. Also it has a longer reach than our standard extendable bouldering brush.  The extendable bouldering brush XL is assembled in the Netherlands.","og_url":"https:\/\/pushclimbing.vn\/vi\/san-pham\/dewoodstok-extendable-bouldering-brush-xl\/","og_site_name":"Push Climbing","article_publisher":"https:\/\/www.facebook.com\/pushrockclimbing","article_modified_time":"2025-03-20T03:53:10+00:00","og_image":[{"width":1000,"height":1000,"url":"https:\/\/pushclimbing.vn\/wp-content\/uploads\/2023\/11\/02_extendable-bouldering-brush-XL_05.jpg","type":"image\/jpeg"}],"twitter_card":"summary_large_image","twitter_misc":{"\u01af\u1edbc t\u00ednh th\u1eddi gian \u0111\u1ecdc":"1 ph\u00fat"},"schema":{"@context":"https:\/\/schema.org","@graph":[{"@type":"WebPage","@id":"https:\/\/pushclimbing.vn\/product\/dewoodstok-extendable-bouldering-brush-xl\/","url":"https:\/\/pushclimbing.vn\/product\/dewoodstok-extendable-bouldering-brush-xl\/","name":"DeWoodstok \u2013 extendable bouldering brush XL - Push Climbing","isPartOf":{"@id":"https:\/\/pushclimbing.vn\/#website"},"primaryImageOfPage":{"@id":"https:\/\/pushclimbing.vn\/product\/dewoodstok-extendable-bouldering-brush-xl\/#primaryimage"},"image":{"@id":"https:\/\/pushclimbing.vn\/product\/dewoodstok-extendable-bouldering-brush-xl\/#primaryimage"},"thumbnailUrl":"https:\/\/pushclimbing.vn\/wp-content\/uploads\/2023\/11\/02_extendable-bouldering-brush-XL_05.jpg","datePublished":"2023-11-11T06:08:33+00:00","dateModified":"2025-03-20T03:53:10+00:00","breadcrumb":{"@id":"https:\/\/pushclimbing.vn\/product\/dewoodstok-extendable-bouldering-brush-xl\/#breadcrumb"},"inLanguage":"vi","potentialAction":[{"@type":"ReadAction","target":["https:\/\/pushclimbing.vn\/product\/dewoodstok-extendable-bouldering-brush-xl\/"]}]},{"@type":"ImageObject","inLanguage":"vi","@id":"https:\/\/pushclimbing.vn\/product\/dewoodstok-extendable-bouldering-brush-xl\/#primaryimage","url":"https:\/\/pushclimbing.vn\/wp-content\/uploads\/2023\/11\/02_extendable-bouldering-brush-XL_05.jpg","contentUrl":"https:\/\/pushclimbing.vn\/wp-content\/uploads\/2023\/11\/02_extendable-bouldering-brush-XL_05.jpg","width":1000,"height":1000},{"@type":"BreadcrumbList","@id":"https:\/\/pushclimbing.vn\/product\/dewoodstok-extendable-bouldering-brush-xl\/#breadcrumb","itemListElement":[{"@type":"ListItem","position":1,"name":"Home","item":"https:\/\/pushclimbing.vn\/"},{"@type":"ListItem","position":2,"name":"Shop","item":"https:\/\/pushclimbing.vn\/shop\/"},{"@type":"ListItem","position":3,"name":"DeWoodstok \u2013 extendable bouldering brush XL"}]},{"@type":"WebSite","@id":"https:\/\/pushclimbing.vn\/#website","url":"https:\/\/pushclimbing.vn\/","name":"Push Climbing","description":"Conquer Your Mountain","publisher":{"@id":"https:\/\/pushclimbing.vn\/#organization"},"potentialAction":[{"@type":"SearchAction","target":{"@type":"EntryPoint","urlTemplate":"https:\/\/pushclimbing.vn\/?s={search_term_string}"},"query-input":{"@type":"PropertyValueSpecification","valueRequired":true,"valueName":"search_term_string"}}],"inLanguage":"vi"},{"@type":"Organization","@id":"https:\/\/pushclimbing.vn\/#organization","name":"Push Climbing","url":"https:\/\/pushclimbing.vn\/","logo":{"@type":"ImageObject","inLanguage":"vi","@id":"https:\/\/pushclimbing.vn\/#\/schema\/logo\/image\/","url":"https:\/\/pushclimbing.vn\/wp-content\/uploads\/2022\/07\/push-logo-canvas.png","contentUrl":"https:\/\/pushclimbing.vn\/wp-content\/uploads\/2022\/07\/push-logo-canvas.png","width":400,"height":400,"caption":"Push Climbing"},"image":{"@id":"https:\/\/pushclimbing.vn\/#\/schema\/logo\/image\/"},"sameAs":["https:\/\/www.facebook.com\/pushrockclimbing"]}]}},"_links":{"self":[{"href":"https:\/\/pushclimbing.vn\/vi\/wp-json\/wp\/v2\/product\/29341","targetHints":{"allow":["GET"]}}],"collection":[{"href":"https:\/\/pushclimbing.vn\/vi\/wp-json\/wp\/v2\/product"}],"about":[{"href":"https:\/\/pushclimbing.vn\/vi\/wp-json\/wp\/v2\/types\/product"}],"replies":[{"embeddable":true,"href":"https:\/\/pushclimbing.vn\/vi\/wp-json\/wp\/v2\/comments?post=29341"}],"wp:featuredmedia":[{"embeddable":true,"href":"https:\/\/pushclimbing.vn\/vi\/wp-json\/wp\/v2\/media\/29342"}],"wp:attachment":[{"href":"https:\/\/pushclimbing.vn\/vi\/wp-json\/wp\/v2\/media?parent=29341"}],"wp:term":[{"taxonomy":"product_brand","embeddable":true,"href":"https:\/\/pushclimbing.vn\/vi\/wp-json\/wp\/v2\/product_brand?post=29341"},{"taxonomy":"product_cat","embeddable":true,"href":"https:\/\/pushclimbing.vn\/vi\/wp-json\/wp\/v2\/product_cat?post=29341"},{"taxonomy":"product_tag","embeddable":true,"href":"https:\/\/pushclimbing.vn\/vi\/wp-json\/wp\/v2\/product_tag?post=29341"}],"curies":[{"name":"wp","href":"https:\/\/api.w.org\/{rel}","templated":true}]}}