{"id":29322,"date":"2023-10-28T11:11:33","date_gmt":"2023-10-28T04:11:33","guid":{"rendered":"https:\/\/pushclimbing.vn\/?post_type=product&#038;p=29322"},"modified":"2025-03-18T13:30:30","modified_gmt":"2025-03-18T06:30:30","slug":"macaco-slacklines-26m-3t-long-line-with-training-line","status":"publish","type":"product","link":"https:\/\/pushclimbing.vn\/vi\/san-pham\/macaco-slacklines-26m-3t-long-line-with-training-line\/","title":{"rendered":"B\u1ed9 D\u00e2y MACACO-SLACKLINES d\u00e0i 26 m\u00e9t 3t k\u00e8m B\u1ed9 D\u00e2y Luy\u1ec7n T\u1eadp"},"content":{"rendered":"<div class=\"fusion-fullwidth fullwidth-box fusion-builder-row-1 fusion-flex-container nonhundred-percent-fullwidth non-hundred-percent-height-scrolling\" style=\"--awb-border-radius-top-left:0px;--awb-border-radius-top-right:0px;--awb-border-radius-bottom-right:0px;--awb-border-radius-bottom-left:0px;--awb-flex-wrap:wrap;\" ><div class=\"fusion-builder-row fusion-row fusion-flex-align-items-flex-start fusion-flex-content-wrap\" style=\"max-width:1216.8px;margin-left: calc(-4% \/ 2 );margin-right: calc(-4% \/ 2 );\"><div class=\"fusion-layout-column fusion_builder_column fusion-builder-column-0 fusion_builder_column_1_1 1_1 fusion-flex-column\" style=\"--awb-bg-size:cover;--awb-width-large:100%;--awb-margin-top-large:0px;--awb-spacing-right-large:1.92%;--awb-margin-bottom-large:0px;--awb-spacing-left-large:1.92%;--awb-width-medium:100%;--awb-spacing-right-medium:1.92%;--awb-spacing-left-medium:1.92%;--awb-width-small:100%;--awb-spacing-right-small:1.92%;--awb-spacing-left-small:1.92%;\"><div class=\"fusion-column-wrapper fusion-flex-justify-content-flex-start fusion-content-layout-column\"><div class=\"fusion-text fusion-text-1\"><p>\u0110\u1eb7c \u0111i\u1ec3m c\u1ee7a D\u00e2y Slackline:<\/p>\n<p>26 m\u00e9t (85,3 ft) t\u1ed5ng chi\u1ec1u d\u00e0i<br \/>\n50mm b\u1ec1 r\u1ed9ng<br \/>\n\u2022 D\u00e2y slacklines v\u1edbi 3 t\u1ea5n ch\u1ecbu t\u1ea3i<br \/>\n\u2022 T\u0103ng \u0111\u01a1 ch\u1ecbu l\u1ef1c t\u1edbi 5 t\u1ea5n<br \/>\nCh\u1eef v\u00e0 h\u00ecnh in tr\u00ean d\u00e2y c\u00f3 \u0111\u1ed9 b\u1ec1n cao.<br \/>\nM\u1ed9t b\u1ed9 bao g\u1ed3m:<\/p>\n<p>1 x 24 m\u00e9t d\u00e2y slack v\u1edbi v\u00f2ng v\u00e0 in h\u00ecnh c\u00e2y leo r\u1eebng.<br \/>\n1 x 2 m\u00e9t d\u00e2y slack v\u1edbi v\u00f2ng, t\u0103ng \u0111\u01a1 v\u00e0 v\u1ea3i in ho\u1ea1 ti\u1ebft r\u1eebng<br \/>\n1 x 24 m\u00e9t D\u00e2y luy\u1ec7n t\u1eadp c\u00f3 m\u00f3c<br \/>\n1 x 2 m\u00e9t D\u00e2y luy\u1ec7n t\u1eadp c\u00f3 m\u00f3c v\u00e0 t\u0103ng \u0111\u01a1<\/p>\n<p>1 x T\u00fai R\u00fat V\u1ea3i v\u1edbi logo<br \/>\n1 x T\u1edd h\u01b0\u1edbng d\u1eabn s\u1eed d\u1ee5ng<\/p>\n<p>Macaco\u00ae \u0111\u00e3 s\u1ea3n xu\u1ea5t d\u00e2y ch\u1eb1ng t\u1eeb n\u0103m 2011 v\u1edbi ni\u1ec1m tin r\u1eb1ng slacklining n\u00ean d\u00e0nh cho m\u1ecdi ng\u01b0\u1eddi. Tri\u1ebft l\u00fd c\u1ee7a ch\u00fang t\u00f4i r\u1ea5t \u0111\u01a1n gi\u1ea3n; ch\u00fang t\u00f4i cung c\u1ea5p c\u00e1c s\u1ea3n ph\u1ea9m ch\u1ea5t l\u01b0\u1ee3ng v\u1edbi thi\u1ebft k\u1ebf \u0111\u1ed9c \u0111\u00e1o v\u1edbi gi\u00e1 c\u1ea3 ph\u1ea3i ch\u0103ng v\u00e0 thay \u0111\u1ed5i \u0111\u1ec3 gi\u1ea3m t\u00e1c \u0111\u1ed9ng c\u1ee7a ch\u00fang ta \u0111\u1ed1i v\u1edbi m\u00f4i tr\u01b0\u1eddng n\u01a1i c\u00f3 th\u1ec3. V\u00ed d\u1ee5, ch\u00fang t\u00f4i \u0111\u00e3 thay th\u1ebf c\u00e1c t\u00fai \u0111\u1ef1ng nylon t\u1ed3i t\u1ec7 b\u1eb1ng b\u00f4ng cotton t\u1ef1 nhi\u00ean 100% v\u00e0 \u0111\u1ea3m b\u1ea3o r\u1eb1ng t\u1ea5t c\u1ea3 bao b\u00ec \u0111\u1ec1u \u0111\u01b0\u1ee3c ch\u1ee9ng nh\u1eadn FSC.<\/p>\n<\/div><\/div><\/div><\/div><\/div>","protected":false},"excerpt":{"rendered":"<p>B\u1ed9 Long Line s\u1eed d\u1ee5ng lo\u1ea1i d\u00e2y l\u01b0\u1edbi ch\u00f9ng v\u1edbi Classic Line nh\u01b0ng c\u00f3 chi\u1ec1u d\u00e0i 26m v\u00e0 c\u00f3 k\u00e8m theo m\u1ed9t tay c\u1ea7m ratchet d\u00e0i h\u01a1n \u0111\u1ec3 t\u1ea1o th\u00eam \u0111\u1ed9 c\u0103ng. Chi\u1ec1u r\u1ed9ng 50mm th\u00edch h\u1ee3p cho ng\u01b0\u1eddi m\u1edbi h\u1ecdc ho\u1eb7c tr\u1ebb em v\u00e0 kh\u1ea3 n\u0103ng ch\u1ecbu l\u1ef1c 3 t\u1ea5n \u0111\u1ea3m b\u1ea3o t\u00ednh th\u00edch h\u1ee3p cho ng\u01b0\u1eddi l\u1edbn ho\u1eb7c \u0111\u1ec3 ti\u1ebfn b\u1ed9 \u0111\u1ebfn nh\u1eefng k\u1ef9 thu\u1eadt n\u00e2ng cao.<\/p>\n<p>V\u1edbi chi\u1ec1u d\u00e0i 26m, d\u00e0i h\u01a1n 1m so v\u1edbi h\u1ea7u h\u1ebft c\u00e1c d\u00e2y l\u01b0\u1edbi d\u00e0i, b\u1ea1n c\u00f3 th\u1ec3 thi\u1ebft l\u1eadp d\u00e2y l\u01b0\u1edbi Macaco Long \u1edf nhi\u1ec1u v\u1ecb tr\u00ed h\u01a1n b\u1eb1ng c\u00e1ch s\u1eed d\u1ee5ng c\u00e2y c\u1ed1i r\u1ed9ng h\u01a1n ho\u1eb7c th\u1eed th\u00e1ch k\u1ef9 thu\u1eadt c\u1ee7a b\u1ea1n tr\u00ean m\u1ed9t kho\u1ea3ng c\u00e1ch l\u1edbn h\u01a1n. M\u1eabu n\u00e0y bao g\u1ed3m m\u1ed9t d\u00e2y \u0111\u00e0o t\u1ea1o c\u00f3 th\u1ec3 thi\u1ebft l\u1eadp ph\u00eda tr\u00ean d\u00e2y l\u01b0\u1edbi l\u01b0\u1edbi \u0111\u1ec3 gi\u00fap th\u0103ng c\u00e2n v\u00e0 th\u00fac \u0111\u1ea9y vi\u1ec7c h\u1ecdc nhanh h\u01a1n!<\/p>\n<p>Th\u00edch h\u1ee3p cho c\u00e1c cu\u1ed9c phi\u00eau l\u01b0u ngo\u00e0i tr\u1eddi ho\u1eb7c gi\u00fap tr\u1ebb tho\u00e1t kh\u1ecfi c\u00e1c thi\u1ebft b\u1ecb \u0111i\u1ec7n t\u1eed, gi\u00e1 c\u1ea3 ph\u1ea3i ch\u0103ng v\u00e0 m\u1eabu hoa v\u0103n ch\u1eafc ch\u1eafn l\u00e0m cho Macaco Long Line ph\u00f9 h\u1ee3p cho c\u1ea3 ng\u01b0\u1eddi m\u1edbi h\u1ecdc v\u00e0 nh\u1eefng ng\u01b0\u1eddi \u0111ang t\u00ecm ki\u1ebfm th\u00e1ch th\u1ee9c h\u01a1n. V\u1edbi tr\u1ecdng l\u01b0\u1ee3ng 3.7kg, Long Line n\u1eb7ng h\u01a1n c\u1ea3 Classic v\u00e0 Travel Line nh\u01b0ng l\u00fd t\u01b0\u1edfng \u0111\u1ec3 mang \u0111i c\u1eafm tr\u1ea1i, \u0111\u1ebfn c\u00f4ng vi\u00ean ho\u1eb7c bi\u1ec3n.<\/p>\n<p>&nbsp;<\/p>","protected":false},"featured_media":29326,"comment_status":"open","ping_status":"closed","template":"","meta":{"_acf_changed":false},"product_brand":[1020],"product_cat":[966],"product_tag":[786,785,787,784],"class_list":{"0":"post-29322","1":"product","2":"type-product","3":"status-publish","4":"has-post-thumbnail","6":"product_brand-macaco-slackline","7":"product_cat-new-arrivals","8":"product_tag-macaco","9":"product_tag-macaco-slacklines","10":"product_tag-slackline-16m","11":"product_tag-slacklines","13":"first","14":"instock","15":"product-type-simple"},"acf":[],"yoast_head":"<!-- This site is optimized with the Yoast SEO plugin v27.3 - https:\/\/yoast.com\/product\/yoast-seo-wordpress\/ -->\n<title>MACACO-SLACKLINES 26m 3t Long Line with Training Line - Push Climbing<\/title>\n<meta name=\"robots\" content=\"index, follow, max-snippet:-1, max-image-preview:large, max-video-preview:-1\" \/>\n<link rel=\"canonical\" href=\"https:\/\/pushclimbing.vn\/vi\/san-pham\/macaco-slacklines-26m-3t-long-line-with-training-line\/\" \/>\n<meta property=\"og:locale\" content=\"vi_VN\" \/>\n<meta property=\"og:type\" content=\"article\" \/>\n<meta property=\"og:title\" content=\"MACACO-SLACKLINES 26m 3t Long Line with Training Line - Push Climbing\" \/>\n<meta property=\"og:description\" content=\"The Long Line uses the same slack webbing at the Classic Line but it comes with 26m length and an extra long handle ratchet for extra tension. The 50mm width makes it perfect for beginners or kids and the 3 tonne strength means it\u2019s still suitable for adults or progressing to more advanced tricks.  The 26m length is 1m longer than most long lines so you can set up the Macaco Long line in more places using wider trees or test your skill across greater distance. This model includes a training line that can be set up above the slackline to aid balance and promote faster learning!  Perfect for outdoor adventures or getting the kids away from iPads, the affordable price and grippy, durable pattern makes the Macaco Long line great for both beginners and anyone looking for that extra challenge. At 3.7kg the Long line is heavier than both the Classic and Travel lines but ideal for taking camping, to the park or visiting the beach.  &nbsp;\" \/>\n<meta property=\"og:url\" content=\"https:\/\/pushclimbing.vn\/vi\/san-pham\/macaco-slacklines-26m-3t-long-line-with-training-line\/\" \/>\n<meta property=\"og:site_name\" content=\"Push Climbing\" \/>\n<meta property=\"article:publisher\" content=\"https:\/\/www.facebook.com\/pushrockclimbing\" \/>\n<meta property=\"article:modified_time\" content=\"2025-03-18T06:30:30+00:00\" \/>\n<meta property=\"og:image\" content=\"https:\/\/pushclimbing.vn\/wp-content\/uploads\/2023\/10\/LG26-MAC.01.jpeg\" \/>\n\t<meta property=\"og:image:width\" content=\"1346\" \/>\n\t<meta property=\"og:image:height\" content=\"1346\" \/>\n\t<meta property=\"og:image:type\" content=\"image\/jpeg\" \/>\n<meta name=\"twitter:card\" content=\"summary_large_image\" \/>\n<meta name=\"twitter:label1\" content=\"\u01af\u1edbc t\u00ednh th\u1eddi gian \u0111\u1ecdc\" \/>\n\t<meta name=\"twitter:data1\" content=\"1 ph\u00fat\" \/>\n<script type=\"application\/ld+json\" class=\"yoast-schema-graph\">{\"@context\":\"https:\\\/\\\/schema.org\",\"@graph\":[{\"@type\":\"WebPage\",\"@id\":\"https:\\\/\\\/pushclimbing.vn\\\/product\\\/macaco-slacklines-26m-3t-long-line-with-training-line\\\/\",\"url\":\"https:\\\/\\\/pushclimbing.vn\\\/product\\\/macaco-slacklines-26m-3t-long-line-with-training-line\\\/\",\"name\":\"MACACO-SLACKLINES 26m 3t Long Line with Training Line - Push Climbing\",\"isPartOf\":{\"@id\":\"https:\\\/\\\/pushclimbing.vn\\\/#website\"},\"primaryImageOfPage\":{\"@id\":\"https:\\\/\\\/pushclimbing.vn\\\/product\\\/macaco-slacklines-26m-3t-long-line-with-training-line\\\/#primaryimage\"},\"image\":{\"@id\":\"https:\\\/\\\/pushclimbing.vn\\\/product\\\/macaco-slacklines-26m-3t-long-line-with-training-line\\\/#primaryimage\"},\"thumbnailUrl\":\"https:\\\/\\\/pushclimbing.vn\\\/wp-content\\\/uploads\\\/2023\\\/10\\\/LG26-MAC.01.jpeg\",\"datePublished\":\"2023-10-28T04:11:33+00:00\",\"dateModified\":\"2025-03-18T06:30:30+00:00\",\"breadcrumb\":{\"@id\":\"https:\\\/\\\/pushclimbing.vn\\\/product\\\/macaco-slacklines-26m-3t-long-line-with-training-line\\\/#breadcrumb\"},\"inLanguage\":\"vi\",\"potentialAction\":[{\"@type\":\"ReadAction\",\"target\":[\"https:\\\/\\\/pushclimbing.vn\\\/product\\\/macaco-slacklines-26m-3t-long-line-with-training-line\\\/\"]}]},{\"@type\":\"ImageObject\",\"inLanguage\":\"vi\",\"@id\":\"https:\\\/\\\/pushclimbing.vn\\\/product\\\/macaco-slacklines-26m-3t-long-line-with-training-line\\\/#primaryimage\",\"url\":\"https:\\\/\\\/pushclimbing.vn\\\/wp-content\\\/uploads\\\/2023\\\/10\\\/LG26-MAC.01.jpeg\",\"contentUrl\":\"https:\\\/\\\/pushclimbing.vn\\\/wp-content\\\/uploads\\\/2023\\\/10\\\/LG26-MAC.01.jpeg\",\"width\":1346,\"height\":1346},{\"@type\":\"BreadcrumbList\",\"@id\":\"https:\\\/\\\/pushclimbing.vn\\\/product\\\/macaco-slacklines-26m-3t-long-line-with-training-line\\\/#breadcrumb\",\"itemListElement\":[{\"@type\":\"ListItem\",\"position\":1,\"name\":\"Home\",\"item\":\"https:\\\/\\\/pushclimbing.vn\\\/\"},{\"@type\":\"ListItem\",\"position\":2,\"name\":\"Shop\",\"item\":\"https:\\\/\\\/pushclimbing.vn\\\/shop\\\/\"},{\"@type\":\"ListItem\",\"position\":3,\"name\":\"MACACO-SLACKLINES 26m 3t Long Line with Training Line\"}]},{\"@type\":\"WebSite\",\"@id\":\"https:\\\/\\\/pushclimbing.vn\\\/#website\",\"url\":\"https:\\\/\\\/pushclimbing.vn\\\/\",\"name\":\"Push Climbing\",\"description\":\"Conquer Your Mountain\",\"publisher\":{\"@id\":\"https:\\\/\\\/pushclimbing.vn\\\/#organization\"},\"potentialAction\":[{\"@type\":\"SearchAction\",\"target\":{\"@type\":\"EntryPoint\",\"urlTemplate\":\"https:\\\/\\\/pushclimbing.vn\\\/?s={search_term_string}\"},\"query-input\":{\"@type\":\"PropertyValueSpecification\",\"valueRequired\":true,\"valueName\":\"search_term_string\"}}],\"inLanguage\":\"vi\"},{\"@type\":\"Organization\",\"@id\":\"https:\\\/\\\/pushclimbing.vn\\\/#organization\",\"name\":\"Push Climbing\",\"url\":\"https:\\\/\\\/pushclimbing.vn\\\/\",\"logo\":{\"@type\":\"ImageObject\",\"inLanguage\":\"vi\",\"@id\":\"https:\\\/\\\/pushclimbing.vn\\\/#\\\/schema\\\/logo\\\/image\\\/\",\"url\":\"https:\\\/\\\/pushclimbing.vn\\\/wp-content\\\/uploads\\\/2022\\\/07\\\/push-logo-canvas.png\",\"contentUrl\":\"https:\\\/\\\/pushclimbing.vn\\\/wp-content\\\/uploads\\\/2022\\\/07\\\/push-logo-canvas.png\",\"width\":400,\"height\":400,\"caption\":\"Push Climbing\"},\"image\":{\"@id\":\"https:\\\/\\\/pushclimbing.vn\\\/#\\\/schema\\\/logo\\\/image\\\/\"},\"sameAs\":[\"https:\\\/\\\/www.facebook.com\\\/pushrockclimbing\"]}]}<\/script>\n<!-- \/ Yoast SEO plugin. -->","yoast_head_json":{"title":"MACACO-SLACKLINES 26m 3t Long Line with Training Line - Push Climbing","robots":{"index":"index","follow":"follow","max-snippet":"max-snippet:-1","max-image-preview":"max-image-preview:large","max-video-preview":"max-video-preview:-1"},"canonical":"https:\/\/pushclimbing.vn\/vi\/san-pham\/macaco-slacklines-26m-3t-long-line-with-training-line\/","og_locale":"vi_VN","og_type":"article","og_title":"MACACO-SLACKLINES 26m 3t Long Line with Training Line - Push Climbing","og_description":"The Long Line uses the same slack webbing at the Classic Line but it comes with 26m length and an extra long handle ratchet for extra tension. The 50mm width makes it perfect for beginners or kids and the 3 tonne strength means it\u2019s still suitable for adults or progressing to more advanced tricks.  The 26m length is 1m longer than most long lines so you can set up the Macaco Long line in more places using wider trees or test your skill across greater distance. This model includes a training line that can be set up above the slackline to aid balance and promote faster learning!  Perfect for outdoor adventures or getting the kids away from iPads, the affordable price and grippy, durable pattern makes the Macaco Long line great for both beginners and anyone looking for that extra challenge. At 3.7kg the Long line is heavier than both the Classic and Travel lines but ideal for taking camping, to the park or visiting the beach.  &nbsp;","og_url":"https:\/\/pushclimbing.vn\/vi\/san-pham\/macaco-slacklines-26m-3t-long-line-with-training-line\/","og_site_name":"Push Climbing","article_publisher":"https:\/\/www.facebook.com\/pushrockclimbing","article_modified_time":"2025-03-18T06:30:30+00:00","og_image":[{"width":1346,"height":1346,"url":"https:\/\/pushclimbing.vn\/wp-content\/uploads\/2023\/10\/LG26-MAC.01.jpeg","type":"image\/jpeg"}],"twitter_card":"summary_large_image","twitter_misc":{"\u01af\u1edbc t\u00ednh th\u1eddi gian \u0111\u1ecdc":"1 ph\u00fat"},"schema":{"@context":"https:\/\/schema.org","@graph":[{"@type":"WebPage","@id":"https:\/\/pushclimbing.vn\/product\/macaco-slacklines-26m-3t-long-line-with-training-line\/","url":"https:\/\/pushclimbing.vn\/product\/macaco-slacklines-26m-3t-long-line-with-training-line\/","name":"MACACO-SLACKLINES 26m 3t Long Line with Training Line - Push Climbing","isPartOf":{"@id":"https:\/\/pushclimbing.vn\/#website"},"primaryImageOfPage":{"@id":"https:\/\/pushclimbing.vn\/product\/macaco-slacklines-26m-3t-long-line-with-training-line\/#primaryimage"},"image":{"@id":"https:\/\/pushclimbing.vn\/product\/macaco-slacklines-26m-3t-long-line-with-training-line\/#primaryimage"},"thumbnailUrl":"https:\/\/pushclimbing.vn\/wp-content\/uploads\/2023\/10\/LG26-MAC.01.jpeg","datePublished":"2023-10-28T04:11:33+00:00","dateModified":"2025-03-18T06:30:30+00:00","breadcrumb":{"@id":"https:\/\/pushclimbing.vn\/product\/macaco-slacklines-26m-3t-long-line-with-training-line\/#breadcrumb"},"inLanguage":"vi","potentialAction":[{"@type":"ReadAction","target":["https:\/\/pushclimbing.vn\/product\/macaco-slacklines-26m-3t-long-line-with-training-line\/"]}]},{"@type":"ImageObject","inLanguage":"vi","@id":"https:\/\/pushclimbing.vn\/product\/macaco-slacklines-26m-3t-long-line-with-training-line\/#primaryimage","url":"https:\/\/pushclimbing.vn\/wp-content\/uploads\/2023\/10\/LG26-MAC.01.jpeg","contentUrl":"https:\/\/pushclimbing.vn\/wp-content\/uploads\/2023\/10\/LG26-MAC.01.jpeg","width":1346,"height":1346},{"@type":"BreadcrumbList","@id":"https:\/\/pushclimbing.vn\/product\/macaco-slacklines-26m-3t-long-line-with-training-line\/#breadcrumb","itemListElement":[{"@type":"ListItem","position":1,"name":"Home","item":"https:\/\/pushclimbing.vn\/"},{"@type":"ListItem","position":2,"name":"Shop","item":"https:\/\/pushclimbing.vn\/shop\/"},{"@type":"ListItem","position":3,"name":"MACACO-SLACKLINES 26m 3t Long Line with Training Line"}]},{"@type":"WebSite","@id":"https:\/\/pushclimbing.vn\/#website","url":"https:\/\/pushclimbing.vn\/","name":"Push Climbing","description":"Conquer Your Mountain","publisher":{"@id":"https:\/\/pushclimbing.vn\/#organization"},"potentialAction":[{"@type":"SearchAction","target":{"@type":"EntryPoint","urlTemplate":"https:\/\/pushclimbing.vn\/?s={search_term_string}"},"query-input":{"@type":"PropertyValueSpecification","valueRequired":true,"valueName":"search_term_string"}}],"inLanguage":"vi"},{"@type":"Organization","@id":"https:\/\/pushclimbing.vn\/#organization","name":"Push Climbing","url":"https:\/\/pushclimbing.vn\/","logo":{"@type":"ImageObject","inLanguage":"vi","@id":"https:\/\/pushclimbing.vn\/#\/schema\/logo\/image\/","url":"https:\/\/pushclimbing.vn\/wp-content\/uploads\/2022\/07\/push-logo-canvas.png","contentUrl":"https:\/\/pushclimbing.vn\/wp-content\/uploads\/2022\/07\/push-logo-canvas.png","width":400,"height":400,"caption":"Push Climbing"},"image":{"@id":"https:\/\/pushclimbing.vn\/#\/schema\/logo\/image\/"},"sameAs":["https:\/\/www.facebook.com\/pushrockclimbing"]}]}},"_links":{"self":[{"href":"https:\/\/pushclimbing.vn\/vi\/wp-json\/wp\/v2\/product\/29322","targetHints":{"allow":["GET"]}}],"collection":[{"href":"https:\/\/pushclimbing.vn\/vi\/wp-json\/wp\/v2\/product"}],"about":[{"href":"https:\/\/pushclimbing.vn\/vi\/wp-json\/wp\/v2\/types\/product"}],"replies":[{"embeddable":true,"href":"https:\/\/pushclimbing.vn\/vi\/wp-json\/wp\/v2\/comments?post=29322"}],"wp:featuredmedia":[{"embeddable":true,"href":"https:\/\/pushclimbing.vn\/vi\/wp-json\/wp\/v2\/media\/29326"}],"wp:attachment":[{"href":"https:\/\/pushclimbing.vn\/vi\/wp-json\/wp\/v2\/media?parent=29322"}],"wp:term":[{"taxonomy":"product_brand","embeddable":true,"href":"https:\/\/pushclimbing.vn\/vi\/wp-json\/wp\/v2\/product_brand?post=29322"},{"taxonomy":"product_cat","embeddable":true,"href":"https:\/\/pushclimbing.vn\/vi\/wp-json\/wp\/v2\/product_cat?post=29322"},{"taxonomy":"product_tag","embeddable":true,"href":"https:\/\/pushclimbing.vn\/vi\/wp-json\/wp\/v2\/product_tag?post=29322"}],"curies":[{"name":"wp","href":"https:\/\/api.w.org\/{rel}","templated":true}]}}