{"id":28993,"date":"2023-09-22T14:16:27","date_gmt":"2023-09-22T07:16:27","guid":{"rendered":"https:\/\/pushclimbing.vn\/?post_type=product&#038;p=28993"},"modified":"2025-03-24T15:37:42","modified_gmt":"2025-03-24T08:37:42","slug":"anpen-safety-automatic-climbing-firesafe-descender","status":"publish","type":"product","link":"https:\/\/pushclimbing.vn\/vi\/san-pham\/anpen-safety-automatic-climbing-firesafe-descender\/","title":{"rendered":"Fire Safe Descender"},"content":{"rendered":"<div class=\"fusion-fullwidth fullwidth-box fusion-builder-row-1 fusion-flex-container nonhundred-percent-fullwidth non-hundred-percent-height-scrolling\" style=\"--awb-border-radius-top-left:0px;--awb-border-radius-top-right:0px;--awb-border-radius-bottom-right:0px;--awb-border-radius-bottom-left:0px;--awb-flex-wrap:wrap;\" ><div class=\"fusion-builder-row fusion-row fusion-flex-align-items-flex-start fusion-flex-content-wrap\" style=\"max-width:1216.8px;margin-left: calc(-4% \/ 2 );margin-right: calc(-4% \/ 2 );\"><div class=\"fusion-layout-column fusion_builder_column fusion-builder-column-0 fusion_builder_column_1_1 1_1 fusion-flex-column\" style=\"--awb-bg-size:cover;--awb-width-large:100%;--awb-margin-top-large:0px;--awb-spacing-right-large:1.92%;--awb-margin-bottom-large:0px;--awb-spacing-left-large:1.92%;--awb-width-medium:100%;--awb-spacing-right-medium:1.92%;--awb-spacing-left-medium:1.92%;--awb-width-small:100%;--awb-spacing-right-small:1.92%;--awb-spacing-left-small:1.92%;\"><div class=\"fusion-column-wrapper fusion-flex-justify-content-flex-start fusion-content-layout-column\"><div class=\"fusion-text fusion-text-1\"><p><strong>Chi Ti\u1ebft<\/strong><\/p>\n<p>V\u1eadt li\u1ec7u: H\u1ee3p Kim Nh\u00f4m<br \/>\nD\u00e2y ph\u00f9 h\u1ee3p: 10mm - 12mm<br \/>\nTr\u1ecdng l\u01b0\u1ee3ng: 1,300 g<br \/>\nS\u1ee9c m\u1ea1nh: 25kN<br \/>\nS\u1ee9c t\u1ea3i: &lt;1500 kg<br \/>\nT\u1ed1c \u0111\u1ed9 h\u1ea1: 0.8m\/s-1.5m\/s<br \/>\nKh\u1ea3 n\u0103ng s\u1eed d\u1ee5ng: Tho\u00e1t kh\u1ecfi ho\u1ea3 ho\u1ea1n, l\u00e0m vi\u1ec7c tr\u00ean cao, c\u1ee9u h\u1ed9 v\u00e0 tr\u1ed1n tho\u00e1t kh\u1ecfi to\u00e0 nh\u00e0 cao t\u1ea7ng<\/p>\n<p><strong>Th\u00f4ng s\u1ed1 k\u1ef9 thu\u1eadt:<\/strong><\/p>\n<p>Ngu\u1ed3n cung c\u1ea5p DIY: \u0110I\u1ec6N<br \/>\nNgu\u1ed3n g\u1ed1c: Trung Qu\u1ed1c<br \/>\nCh\u1ee9ng ch\u1ec9: CE<br \/>\nN\u01a1i xu\u1ea5t x\u1ee9: Ph\u00fac Ki\u1ebfn, Trung Qu\u1ed1c<br \/>\nModel Number: P06<br \/>\nType: Hand Guard<br \/>\nTi\u00eau chu\u1ea9n: CE EN 365 341<br \/>\nLogo: ANPEN<br \/>\n\u0110\u00f3ng g\u00f3i: 1chi\u1ebfc\/h\u1ed9p<br \/>\nLo\u1ea1i h\u00ecnh kinh doanh: S\u1ea3n xu\u1ea5t v\u00e0 cung c\u1ea5p tr\u1ef1c ti\u1ebfp.<br \/>\nD\u1ecbch v\u1ee5 OEM: \u0110\u01b0\u1ee3c ch\u1ea5p nh\u1eadn<\/p>\n<\/div><\/div><\/div><\/div><\/div>","protected":false},"excerpt":{"rendered":"[video width=\"1280\" height=\"720\" mp4=\"https:\/\/pushclimbing.vn\/wp-content\/uploads\/2023\/09\/4000053310039.mp4\"][\/video]\n<p><strong>Express your Dream here:<a href=\"https:\/\/pushclimbing.vn\/vi\/?page_id=28957\">*Tap Here*<\/a><\/strong><\/p>\n<p><em>*Tax and Shipping fee are not included*<\/em><\/p>\n<p>Experience a versatile tool with our Automatic Climbing Descender! This innovative device serves not only for climbing but also doubles as a reliable fire escape tool. Whether you&#8217;re climbing a mountain or in need of a safe emergency solution, this device will help you perform any task with ease and safety.<\/p>\n<p>Safety always comes first, and our Automatic Climbing Descender won&#8217;t disappoint. With its compact design, it can be easily operated with just a single button, providing precise speed control. You can trust it to protect you in any emergency situation.<\/p>\n<p>Versatility is crucial, and our rappelling device meets the needs of various descender sizes. It&#8217;s equipped with an ergonomic handle that ensures a secure and comfortable grip. No matter the mission, you&#8217;ll always have a reliable companion in this descender.<\/p>\n<p>When it comes to convenience, our climbing descender stands out. Its compact size and lightweight design make it easy to carry and store, ensuring you can take it anywhere your adventures lead you.<\/p>\n<p>It&#8217;s not just any descender; it&#8217;s the best-selling product in the industry. If you have any questions or need assistance, our professional team is always ready to provide top-notch service. We stand behind our product, and your satisfaction is our top priority.<\/p>\n<p>Crafted from durable aluminum alloy, our climbing descender ensures long-lasting service. It&#8217;s designed to withstand the rigors of climbing and will meet all your emergency escape needs. Trust in the quality of our Automatic Climbing Descender and tackle every mission with confidence!<\/p>\n","protected":false},"featured_media":29001,"comment_status":"open","ping_status":"closed","template":"","meta":{"_acf_changed":false},"product_brand":[1011],"product_cat":[1048],"product_tag":[703,780,781,779,776,777,778],"class_list":{"0":"post-28993","1":"product","2":"type-product","3":"status-publish","4":"has-post-thumbnail","6":"product_brand-anpen","7":"product_cat-industrial","8":"product_tag-descender","9":"product_tag-emergency-evacuation","10":"product_tag-emergency-exit","11":"product_tag-fire-safety","12":"product_tag-fire-fighting-rescue","13":"product_tag-height-work","14":"product_tag-rescue-from-building-and-escaping","16":"first","17":"onbackorder","18":"product-type-variable"},"acf":[],"yoast_head":"<!-- This site is optimized with the Yoast SEO plugin v27.3 - https:\/\/yoast.com\/product\/yoast-seo-wordpress\/ -->\n<title>Fire Safe Descender - Push Climbing<\/title>\n<meta name=\"robots\" content=\"index, follow, max-snippet:-1, max-image-preview:large, max-video-preview:-1\" \/>\n<link rel=\"canonical\" href=\"https:\/\/pushclimbing.vn\/vi\/san-pham\/anpen-safety-automatic-climbing-firesafe-descender\/\" \/>\n<meta property=\"og:locale\" content=\"vi_VN\" \/>\n<meta property=\"og:type\" content=\"article\" \/>\n<meta property=\"og:title\" content=\"Fire Safe Descender - Push Climbing\" \/>\n<meta property=\"og:description\" content=\"Express your Dream here:*Tap Here*  *Tax and Shipping fee are not included*  Experience a versatile tool with our Automatic Climbing Descender! This innovative device serves not only for climbing but also doubles as a reliable fire escape tool. Whether you&#039;re climbing a mountain or in need of a safe emergency solution, this device will help you perform any task with ease and safety.  Safety always comes first, and our Automatic Climbing Descender won&#039;t disappoint. With its compact design, it can be easily operated with just a single button, providing precise speed control. You can trust it to protect you in any emergency situation.  Versatility is crucial, and our rappelling device meets the needs of various descender sizes. It&#039;s equipped with an ergonomic handle that ensures a secure and comfortable grip. No matter the mission, you&#039;ll always have a reliable companion in this descender.  When it comes to convenience, our climbing descender stands out. Its compact size and lightweight design make it easy to carry and store, ensuring you can take it anywhere your adventures lead you.  It&#039;s not just any descender; it&#039;s the best-selling product in the industry. If you have any questions or need assistance, our professional team is always ready to provide top-notch service. We stand behind our product, and your satisfaction is our top priority.  Crafted from durable aluminum alloy, our climbing descender ensures long-lasting service. It&#039;s designed to withstand the rigors of climbing and will meet all your emergency escape needs. Trust in the quality of our Automatic Climbing Descender and tackle every mission with confidence!\" \/>\n<meta property=\"og:url\" content=\"https:\/\/pushclimbing.vn\/vi\/san-pham\/anpen-safety-automatic-climbing-firesafe-descender\/\" \/>\n<meta property=\"og:site_name\" content=\"Push Climbing\" \/>\n<meta property=\"article:publisher\" content=\"https:\/\/www.facebook.com\/pushrockclimbing\" \/>\n<meta property=\"article:modified_time\" content=\"2025-03-24T08:37:42+00:00\" \/>\n<meta property=\"og:image\" content=\"https:\/\/pushclimbing.vn\/wp-content\/uploads\/2023\/09\/Sf112791dc4134cd2b5dcc4c8438329a3v.jpg\" \/>\n\t<meta property=\"og:image:width\" content=\"750\" \/>\n\t<meta property=\"og:image:height\" content=\"750\" \/>\n\t<meta property=\"og:image:type\" content=\"image\/jpeg\" \/>\n<meta name=\"twitter:card\" content=\"summary_large_image\" \/>\n<meta name=\"twitter:label1\" content=\"\u01af\u1edbc t\u00ednh th\u1eddi gian \u0111\u1ecdc\" \/>\n\t<meta name=\"twitter:data1\" content=\"1 ph\u00fat\" \/>\n<script type=\"application\/ld+json\" class=\"yoast-schema-graph\">{\"@context\":\"https:\\\/\\\/schema.org\",\"@graph\":[{\"@type\":\"WebPage\",\"@id\":\"https:\\\/\\\/pushclimbing.vn\\\/product\\\/anpen-safety-automatic-climbing-firesafe-descender\\\/\",\"url\":\"https:\\\/\\\/pushclimbing.vn\\\/product\\\/anpen-safety-automatic-climbing-firesafe-descender\\\/\",\"name\":\"Fire Safe Descender - Push Climbing\",\"isPartOf\":{\"@id\":\"https:\\\/\\\/pushclimbing.vn\\\/#website\"},\"primaryImageOfPage\":{\"@id\":\"https:\\\/\\\/pushclimbing.vn\\\/product\\\/anpen-safety-automatic-climbing-firesafe-descender\\\/#primaryimage\"},\"image\":{\"@id\":\"https:\\\/\\\/pushclimbing.vn\\\/product\\\/anpen-safety-automatic-climbing-firesafe-descender\\\/#primaryimage\"},\"thumbnailUrl\":\"https:\\\/\\\/pushclimbing.vn\\\/wp-content\\\/uploads\\\/2023\\\/09\\\/Sf112791dc4134cd2b5dcc4c8438329a3v.jpg\",\"datePublished\":\"2023-09-22T07:16:27+00:00\",\"dateModified\":\"2025-03-24T08:37:42+00:00\",\"breadcrumb\":{\"@id\":\"https:\\\/\\\/pushclimbing.vn\\\/product\\\/anpen-safety-automatic-climbing-firesafe-descender\\\/#breadcrumb\"},\"inLanguage\":\"vi\",\"potentialAction\":[{\"@type\":\"ReadAction\",\"target\":[\"https:\\\/\\\/pushclimbing.vn\\\/product\\\/anpen-safety-automatic-climbing-firesafe-descender\\\/\"]}]},{\"@type\":\"ImageObject\",\"inLanguage\":\"vi\",\"@id\":\"https:\\\/\\\/pushclimbing.vn\\\/product\\\/anpen-safety-automatic-climbing-firesafe-descender\\\/#primaryimage\",\"url\":\"https:\\\/\\\/pushclimbing.vn\\\/wp-content\\\/uploads\\\/2023\\\/09\\\/Sf112791dc4134cd2b5dcc4c8438329a3v.jpg\",\"contentUrl\":\"https:\\\/\\\/pushclimbing.vn\\\/wp-content\\\/uploads\\\/2023\\\/09\\\/Sf112791dc4134cd2b5dcc4c8438329a3v.jpg\",\"width\":750,\"height\":750},{\"@type\":\"BreadcrumbList\",\"@id\":\"https:\\\/\\\/pushclimbing.vn\\\/product\\\/anpen-safety-automatic-climbing-firesafe-descender\\\/#breadcrumb\",\"itemListElement\":[{\"@type\":\"ListItem\",\"position\":1,\"name\":\"Home\",\"item\":\"https:\\\/\\\/pushclimbing.vn\\\/\"},{\"@type\":\"ListItem\",\"position\":2,\"name\":\"Shop\",\"item\":\"https:\\\/\\\/pushclimbing.vn\\\/shop\\\/\"},{\"@type\":\"ListItem\",\"position\":3,\"name\":\"Fire Safe Descender\"}]},{\"@type\":\"WebSite\",\"@id\":\"https:\\\/\\\/pushclimbing.vn\\\/#website\",\"url\":\"https:\\\/\\\/pushclimbing.vn\\\/\",\"name\":\"Push Climbing\",\"description\":\"Conquer Your Mountain\",\"publisher\":{\"@id\":\"https:\\\/\\\/pushclimbing.vn\\\/#organization\"},\"potentialAction\":[{\"@type\":\"SearchAction\",\"target\":{\"@type\":\"EntryPoint\",\"urlTemplate\":\"https:\\\/\\\/pushclimbing.vn\\\/?s={search_term_string}\"},\"query-input\":{\"@type\":\"PropertyValueSpecification\",\"valueRequired\":true,\"valueName\":\"search_term_string\"}}],\"inLanguage\":\"vi\"},{\"@type\":\"Organization\",\"@id\":\"https:\\\/\\\/pushclimbing.vn\\\/#organization\",\"name\":\"Push Climbing\",\"url\":\"https:\\\/\\\/pushclimbing.vn\\\/\",\"logo\":{\"@type\":\"ImageObject\",\"inLanguage\":\"vi\",\"@id\":\"https:\\\/\\\/pushclimbing.vn\\\/#\\\/schema\\\/logo\\\/image\\\/\",\"url\":\"https:\\\/\\\/pushclimbing.vn\\\/wp-content\\\/uploads\\\/2022\\\/07\\\/push-logo-canvas.png\",\"contentUrl\":\"https:\\\/\\\/pushclimbing.vn\\\/wp-content\\\/uploads\\\/2022\\\/07\\\/push-logo-canvas.png\",\"width\":400,\"height\":400,\"caption\":\"Push Climbing\"},\"image\":{\"@id\":\"https:\\\/\\\/pushclimbing.vn\\\/#\\\/schema\\\/logo\\\/image\\\/\"},\"sameAs\":[\"https:\\\/\\\/www.facebook.com\\\/pushrockclimbing\"]}]}<\/script>\n<!-- \/ Yoast SEO plugin. -->","yoast_head_json":{"title":"Fire Safe Descender - Push Climbing","robots":{"index":"index","follow":"follow","max-snippet":"max-snippet:-1","max-image-preview":"max-image-preview:large","max-video-preview":"max-video-preview:-1"},"canonical":"https:\/\/pushclimbing.vn\/vi\/san-pham\/anpen-safety-automatic-climbing-firesafe-descender\/","og_locale":"vi_VN","og_type":"article","og_title":"Fire Safe Descender - Push Climbing","og_description":"Express your Dream here:*Tap Here*  *Tax and Shipping fee are not included*  Experience a versatile tool with our Automatic Climbing Descender! This innovative device serves not only for climbing but also doubles as a reliable fire escape tool. Whether you're climbing a mountain or in need of a safe emergency solution, this device will help you perform any task with ease and safety.  Safety always comes first, and our Automatic Climbing Descender won't disappoint. With its compact design, it can be easily operated with just a single button, providing precise speed control. You can trust it to protect you in any emergency situation.  Versatility is crucial, and our rappelling device meets the needs of various descender sizes. It's equipped with an ergonomic handle that ensures a secure and comfortable grip. No matter the mission, you'll always have a reliable companion in this descender.  When it comes to convenience, our climbing descender stands out. Its compact size and lightweight design make it easy to carry and store, ensuring you can take it anywhere your adventures lead you.  It's not just any descender; it's the best-selling product in the industry. If you have any questions or need assistance, our professional team is always ready to provide top-notch service. We stand behind our product, and your satisfaction is our top priority.  Crafted from durable aluminum alloy, our climbing descender ensures long-lasting service. It's designed to withstand the rigors of climbing and will meet all your emergency escape needs. Trust in the quality of our Automatic Climbing Descender and tackle every mission with confidence!","og_url":"https:\/\/pushclimbing.vn\/vi\/san-pham\/anpen-safety-automatic-climbing-firesafe-descender\/","og_site_name":"Push Climbing","article_publisher":"https:\/\/www.facebook.com\/pushrockclimbing","article_modified_time":"2025-03-24T08:37:42+00:00","og_image":[{"width":750,"height":750,"url":"https:\/\/pushclimbing.vn\/wp-content\/uploads\/2023\/09\/Sf112791dc4134cd2b5dcc4c8438329a3v.jpg","type":"image\/jpeg"}],"twitter_card":"summary_large_image","twitter_misc":{"\u01af\u1edbc t\u00ednh th\u1eddi gian \u0111\u1ecdc":"1 ph\u00fat"},"schema":{"@context":"https:\/\/schema.org","@graph":[{"@type":"WebPage","@id":"https:\/\/pushclimbing.vn\/product\/anpen-safety-automatic-climbing-firesafe-descender\/","url":"https:\/\/pushclimbing.vn\/product\/anpen-safety-automatic-climbing-firesafe-descender\/","name":"Fire Safe Descender - Push Climbing","isPartOf":{"@id":"https:\/\/pushclimbing.vn\/#website"},"primaryImageOfPage":{"@id":"https:\/\/pushclimbing.vn\/product\/anpen-safety-automatic-climbing-firesafe-descender\/#primaryimage"},"image":{"@id":"https:\/\/pushclimbing.vn\/product\/anpen-safety-automatic-climbing-firesafe-descender\/#primaryimage"},"thumbnailUrl":"https:\/\/pushclimbing.vn\/wp-content\/uploads\/2023\/09\/Sf112791dc4134cd2b5dcc4c8438329a3v.jpg","datePublished":"2023-09-22T07:16:27+00:00","dateModified":"2025-03-24T08:37:42+00:00","breadcrumb":{"@id":"https:\/\/pushclimbing.vn\/product\/anpen-safety-automatic-climbing-firesafe-descender\/#breadcrumb"},"inLanguage":"vi","potentialAction":[{"@type":"ReadAction","target":["https:\/\/pushclimbing.vn\/product\/anpen-safety-automatic-climbing-firesafe-descender\/"]}]},{"@type":"ImageObject","inLanguage":"vi","@id":"https:\/\/pushclimbing.vn\/product\/anpen-safety-automatic-climbing-firesafe-descender\/#primaryimage","url":"https:\/\/pushclimbing.vn\/wp-content\/uploads\/2023\/09\/Sf112791dc4134cd2b5dcc4c8438329a3v.jpg","contentUrl":"https:\/\/pushclimbing.vn\/wp-content\/uploads\/2023\/09\/Sf112791dc4134cd2b5dcc4c8438329a3v.jpg","width":750,"height":750},{"@type":"BreadcrumbList","@id":"https:\/\/pushclimbing.vn\/product\/anpen-safety-automatic-climbing-firesafe-descender\/#breadcrumb","itemListElement":[{"@type":"ListItem","position":1,"name":"Home","item":"https:\/\/pushclimbing.vn\/"},{"@type":"ListItem","position":2,"name":"Shop","item":"https:\/\/pushclimbing.vn\/shop\/"},{"@type":"ListItem","position":3,"name":"Fire Safe Descender"}]},{"@type":"WebSite","@id":"https:\/\/pushclimbing.vn\/#website","url":"https:\/\/pushclimbing.vn\/","name":"Push Climbing","description":"Conquer Your Mountain","publisher":{"@id":"https:\/\/pushclimbing.vn\/#organization"},"potentialAction":[{"@type":"SearchAction","target":{"@type":"EntryPoint","urlTemplate":"https:\/\/pushclimbing.vn\/?s={search_term_string}"},"query-input":{"@type":"PropertyValueSpecification","valueRequired":true,"valueName":"search_term_string"}}],"inLanguage":"vi"},{"@type":"Organization","@id":"https:\/\/pushclimbing.vn\/#organization","name":"Push Climbing","url":"https:\/\/pushclimbing.vn\/","logo":{"@type":"ImageObject","inLanguage":"vi","@id":"https:\/\/pushclimbing.vn\/#\/schema\/logo\/image\/","url":"https:\/\/pushclimbing.vn\/wp-content\/uploads\/2022\/07\/push-logo-canvas.png","contentUrl":"https:\/\/pushclimbing.vn\/wp-content\/uploads\/2022\/07\/push-logo-canvas.png","width":400,"height":400,"caption":"Push Climbing"},"image":{"@id":"https:\/\/pushclimbing.vn\/#\/schema\/logo\/image\/"},"sameAs":["https:\/\/www.facebook.com\/pushrockclimbing"]}]}},"_links":{"self":[{"href":"https:\/\/pushclimbing.vn\/vi\/wp-json\/wp\/v2\/product\/28993","targetHints":{"allow":["GET"]}}],"collection":[{"href":"https:\/\/pushclimbing.vn\/vi\/wp-json\/wp\/v2\/product"}],"about":[{"href":"https:\/\/pushclimbing.vn\/vi\/wp-json\/wp\/v2\/types\/product"}],"replies":[{"embeddable":true,"href":"https:\/\/pushclimbing.vn\/vi\/wp-json\/wp\/v2\/comments?post=28993"}],"wp:featuredmedia":[{"embeddable":true,"href":"https:\/\/pushclimbing.vn\/vi\/wp-json\/wp\/v2\/media\/29001"}],"wp:attachment":[{"href":"https:\/\/pushclimbing.vn\/vi\/wp-json\/wp\/v2\/media?parent=28993"}],"wp:term":[{"taxonomy":"product_brand","embeddable":true,"href":"https:\/\/pushclimbing.vn\/vi\/wp-json\/wp\/v2\/product_brand?post=28993"},{"taxonomy":"product_cat","embeddable":true,"href":"https:\/\/pushclimbing.vn\/vi\/wp-json\/wp\/v2\/product_cat?post=28993"},{"taxonomy":"product_tag","embeddable":true,"href":"https:\/\/pushclimbing.vn\/vi\/wp-json\/wp\/v2\/product_tag?post=28993"}],"curies":[{"name":"wp","href":"https:\/\/api.w.org\/{rel}","templated":true}]}}