{"id":28861,"date":"2023-09-14T21:15:28","date_gmt":"2023-09-14T14:15:28","guid":{"rendered":"https:\/\/pushclimbing.vn\/?post_type=product&#038;p=28861"},"modified":"2025-03-20T10:54:32","modified_gmt":"2025-03-20T03:54:32","slug":"tokyo-powder-high-garage","status":"publish","type":"product","link":"https:\/\/pushclimbing.vn\/vi\/san-pham\/tokyo-powder-high-garage\/","title":{"rendered":"Ph\u1ea5n Tokyo HIGH GARAGE"},"content":{"rendered":"<div class=\"fusion-fullwidth fullwidth-box fusion-builder-row-1 fusion-flex-container nonhundred-percent-fullwidth non-hundred-percent-height-scrolling\" style=\"--awb-border-radius-top-left:0px;--awb-border-radius-top-right:0px;--awb-border-radius-bottom-right:0px;--awb-border-radius-bottom-left:0px;--awb-flex-wrap:wrap;\" ><div class=\"fusion-builder-row fusion-row fusion-flex-align-items-flex-start fusion-flex-content-wrap\" style=\"max-width:1216.8px;margin-left: calc(-4% \/ 2 );margin-right: calc(-4% \/ 2 );\"><div class=\"fusion-layout-column fusion_builder_column fusion-builder-column-0 fusion_builder_column_1_1 1_1 fusion-flex-column\" style=\"--awb-bg-size:cover;--awb-width-large:100%;--awb-margin-top-large:0px;--awb-spacing-right-large:1.92%;--awb-margin-bottom-large:0px;--awb-spacing-left-large:1.92%;--awb-width-medium:100%;--awb-spacing-right-medium:1.92%;--awb-spacing-left-medium:1.92%;--awb-width-small:100%;--awb-spacing-right-small:1.92%;--awb-spacing-left-small:1.92%;\"><div class=\"fusion-column-wrapper fusion-flex-justify-content-flex-start fusion-content-layout-column\"><div class=\"fusion-text fusion-text-1\"><p><strong>K\u00edch c\u1ee1 t\u00fai ph\u1ea5n:<\/strong><\/p>\n<p>(R\u1ed9ng)42mm (Cao)70mm (D\u00e0i)26mm<\/p>\n<p><strong>C\u1ea9n th\u1eadn khi s\u1eed d\u1ee5ng:<\/strong><br \/>\nN\u1ebfu n\u01b0\u1edbc t\u00e1ch ra, h\u00e3y khu\u1ea5y \u0111\u1ec1u ho\u1eb7c lo\u1ea1i b\u1ecf n\u01b0\u1edbc tr\u01b0\u1edbc khi s\u1eed d\u1ee5ng.<\/p>\n<hr \/>\n<p>Xin vui l\u00f2ng kh\u00f4ng s\u1eed d\u1ee5ng cho b\u1ea5t k\u1ef3 m\u1ee5c \u0111\u00edch n\u00e0o kh\u00e1c ngo\u00e0i leo n\u00fai.<\/p>\n<p>H\u00e3y \u0111\u1ec3 n\u01a1i xa t\u1ea7m tay c\u1ee7a tr\u1ebb em.<\/p>\n<p>Xin \u0111\u1eebng nu\u1ed1t ph\u1ea5n v\u00ec n\u00f3 kh\u00f4ng ph\u1ea3i l\u00e0 th\u1ef1c ph\u1ea9m.<\/p>\n<p>Tr\u00e1nh h\u00fat ph\u1ea5n v\u00e0o m\u1eaft.<\/p>\n<p>Vui l\u00f2ng tr\u00e1nh \u0111\u1ec3 ph\u1ea5n ti\u1ebfp x\u00fac v\u1edbi m\u1eaft c\u1ee7a b\u1ea1n.<\/p>\n<p>N\u1ebfu b\u1ea1n d\u00ednh v\u00e0o m\u1eaft ho\u1eb7c c\u00f3 b\u1ea5t k\u1ef3 s\u1ef1 kh\u00f3 ch\u1ecbu n\u00e0o nh\u01b0 \u0111au \u0111\u1edbn ho\u1eb7c ng\u1ee9a khi s\u1eed d\u1ee5ng s\u1ea3n ph\u1ea9m n\u00e0y, ng\u01b0ng s\u1eed d\u1ee5ng ngay l\u1eadp t\u1ee9c v\u00e0 r\u1eeda s\u1ea1ch b\u1eb1ng n\u01b0\u1edbc m\u00e0 kh\u00f4ng ch\u00e0 x\u00e1t.<\/p>\n<p>N\u1ebfu c\u1ea3m th\u1ea5y b\u1ea5t k\u1ef3 s\u1ef1 kh\u00f4ng tho\u1ea3i m\u00e1i n\u00e0o c\u00f2n l\u1ea1i, vui l\u00f2ng tham kh\u1ea3o \u00fd ki\u1ebfn b\u00e1c s\u0129 c\u1ee7a b\u1ea1n.<\/p>\n<p><strong>V\u1ec1 vi\u1ec7c t\u00e1ch n\u01b0\u1edbc:<\/strong><\/p>\n<p>Lo\u1ea1i High Garage ban \u0111\u1ea7u c\u00f3 l\u01b0\u1ee3ng n\u01b0\u1edbc t\u00e1ch ra l\u1edbn v\u00e0 \u0111\u00e3 b\u1ecb thu h\u1ed3i v\u00ec l\u00e0 s\u1ea3n ph\u1ea9m l\u1ed7i, nh\u01b0ng th\u00f4ng qua nhi\u1ec1u nghi\u00ean c\u1ee9u v\u00e0 vi\u1ec7c s\u1eafp x\u1ebfp l\u1ea1i th\u00e0nh ph\u1ea7n v\u00e0 quy tr\u00ecnh, ch\u00fang t\u00f4i \u0111\u00e3 gi\u1ea3m l\u01b0\u1ee3ng n\u01b0\u1edbc \u0111i \u0111\u00e1ng k\u1ec3, m\u1eb7c d\u00f9 n\u00f3 kh\u00f4ng ph\u1ea3i l\u00e0 100%. N\u00f3 ho\u00e0n h\u1ea3o v\u00e0 c\u00f3 l\u01b0\u1ee3ng n\u01b0\u1edbc t\u1ed1t nh\u1ea5t. Gi\u1ed1ng nh\u01b0 ph\u1ea5n ch\u1ea5t l\u1ecfng th\u00f4ng th\u01b0\u1eddng, n\u1ebfu b\u1ea1n \u0111\u1ec3 l\u00e2u, m\u1ed9t \u00edt n\u01b0\u1edbc s\u1ebd t\u00e1ch ra, nh\u01b0ng ch\u00fang t\u00f4i \u0111\u00e3 th\u1ea5y r\u1eb1ng vi\u1ec7c v\u1ee9t b\u1ecf n\u01b0\u1edbc \u0111\u00f3 tr\u01b0\u1edbc khi s\u1eed d\u1ee5ng th\u1ef1c s\u1ef1 l\u00e0m t\u0103ng c\u1ea3m gi\u00e1c ma s\u00e1t.<\/p>\n<p>Ch\u00fang t\u00f4i c\u0169ng \u0111\u00e3 th\u00eam m\u1ed9t l\u01b0u \u00fd ph\u00eda sau s\u1ea3n ph\u1ea9m \u0111\u1ec3 y\u00eau c\u1ea7u b\u1ea1n khu\u1ea5y ho\u1eb7c v\u1ee9t b\u1ecf n\u01b0\u1edbc tr\u01b0\u1edbc khi s\u1eed d\u1ee5ng. N\u00f3 s\u1ebd ho\u1ea1t \u0111\u1ed9ng t\u1ed1t h\u01a1n n\u1ebfu b\u1ea1n c\u00f3 th\u1ec3 \u0111i\u1ec1u ch\u1ec9nh c\u00e1ch s\u1eed d\u1ee5ng d\u1ef1a tr\u00ean lo\u1ea1i tay ng\u01b0\u1eddi d\u00f9ng.<\/p>\n<p>Ng\u01b0\u1eddi d\u00f9ng c\u00f3 tay kh\u00f4 th\u01b0\u1eddng c\u00f3 c\u1ea3m gi\u00e1c t\u1ed1t khi khu\u1ea5y n\u01b0\u1edbc v\u00e0o s\u1ea3n ph\u1ea9m. Ng\u01b0\u1ee3c l\u1ea1i, ng\u01b0\u1eddi d\u00f9ng c\u00f3 tay d\u1ec5 b\u1ecb n\u01b0\u1edbc th\u01b0\u1eddng tr\u1ea3i qua nhi\u1ec1u ma s\u00e1t h\u01a1n khi s\u1eed d\u1ee5ng s\u1ea3n ph\u1ea9m sau khi lo\u1ea1i b\u1ecf n\u01b0\u1edbc. (C\u00f3 s\u1ef1 kh\u00e1c bi\u1ec7t c\u00e1 nh\u00e2n v\u1ec1 hi\u1ec7u su\u1ea5t)<\/p>\n<p><img decoding=\"async\" class=\"lazyload wp-image-28863 alignleft\" src=\"https:\/\/pushclimbing.vn\/wp-content\/uploads\/2023\/09\/IMG_6177.webp\" data-orig-src=\"https:\/\/pushclimbing.vn\/wp-content\/uploads\/2023\/09\/IMG_6177.webp\" alt=\"\" width=\"333\" height=\"435\" srcset=\"data:image\/svg+xml,%3Csvg%20xmlns%3D%27http%3A%2F%2Fwww.w3.org%2F2000%2Fsvg%27%20width%3D%27333%27%20height%3D%27435%27%20viewBox%3D%270%200%20333%20435%27%3E%3Crect%20width%3D%27333%27%20height%3D%27435%27%20fill-opacity%3D%220%22%2F%3E%3C%2Fsvg%3E\" data-srcset=\"https:\/\/pushclimbing.vn\/wp-content\/uploads\/2023\/09\/IMG_6177-9x12.webp 9w, https:\/\/pushclimbing.vn\/wp-content\/uploads\/2023\/09\/IMG_6177-200x261.webp 200w, https:\/\/pushclimbing.vn\/wp-content\/uploads\/2023\/09\/IMG_6177-230x300.webp 230w, https:\/\/pushclimbing.vn\/wp-content\/uploads\/2023\/09\/IMG_6177-400x523.webp 400w, https:\/\/pushclimbing.vn\/wp-content\/uploads\/2023\/09\/IMG_6177.webp 600w\" data-sizes=\"auto\" data-orig-sizes=\"(max-width: 333px) 100vw, 333px\" \/><\/p>\n<\/div><\/div><\/div><\/div><\/div>","protected":false},"excerpt":{"rendered":"[video width=\"202\" height=\"360\" mp4=\"https:\/\/pushclimbing.vn\/wp-content\/uploads\/2023\/09\/Garage-_-Liquid-chalk-for-training-at-home-1.mp4\" poster=\"https:\/\/pushclimbing.vn\/wp-content\/uploads\/2023\/09\/garage04.jpg-2.jpeg\"][\/video]\n<p>&nbsp;<\/p>\n<p>High Garage with a red sticker is a high friction type that will be useful in actual battles.\u00a0It is characterized by its amazing durability, maintaining high friction even in hot environments exceeding 30 degrees Celsius, and exhibits high performance as a base for powdered chalk.<\/p>\n<div><\/div>\n","protected":false},"featured_media":28864,"comment_status":"open","ping_status":"closed","template":"","meta":{"_acf_changed":false},"product_brand":[1021],"product_cat":[1027,1023],"product_tag":[454,769,625,768],"class_list":{"0":"post-28861","1":"product","2":"type-product","3":"status-publish","4":"has-post-thumbnail","6":"product_brand-tokyo-chalk","7":"product_cat-chalk","8":"product_cat-climbing","9":"product_tag-chalk","10":"product_tag-garage","11":"product_tag-phan","12":"product_tag-tokyo-powder-garage","14":"first","15":"outofstock","16":"taxable","17":"shipping-taxable","18":"purchasable","19":"product-type-variable"},"acf":[],"yoast_head":"<!-- This site is optimized with the Yoast SEO plugin v27.3 - https:\/\/yoast.com\/product\/yoast-seo-wordpress\/ -->\n<title>Tokyo Powder HIGH GARAGE - Push Climbing<\/title>\n<meta name=\"robots\" content=\"index, follow, max-snippet:-1, max-image-preview:large, max-video-preview:-1\" \/>\n<link rel=\"canonical\" href=\"https:\/\/pushclimbing.vn\/vi\/san-pham\/tokyo-powder-high-garage\/\" \/>\n<meta property=\"og:locale\" content=\"vi_VN\" \/>\n<meta property=\"og:type\" content=\"article\" \/>\n<meta property=\"og:title\" content=\"Tokyo Powder HIGH GARAGE - Push Climbing\" \/>\n<meta property=\"og:description\" content=\"&nbsp;  High Garage with a red sticker is a high friction type that will be useful in actual battles.\u00a0It is characterized by its amazing durability, maintaining high friction even in hot environments exceeding 30 degrees Celsius, and exhibits high performance as a base for powdered chalk.\" \/>\n<meta property=\"og:url\" content=\"https:\/\/pushclimbing.vn\/vi\/san-pham\/tokyo-powder-high-garage\/\" \/>\n<meta property=\"og:site_name\" content=\"Push Climbing\" \/>\n<meta property=\"article:publisher\" content=\"https:\/\/www.facebook.com\/pushrockclimbing\" \/>\n<meta property=\"article:modified_time\" content=\"2025-03-20T03:54:32+00:00\" \/>\n<meta property=\"og:image\" content=\"https:\/\/pushclimbing.vn\/wp-content\/uploads\/2023\/09\/garage04.jpg-2.jpeg\" \/>\n\t<meta property=\"og:image:width\" content=\"2048\" \/>\n\t<meta property=\"og:image:height\" content=\"2048\" \/>\n\t<meta property=\"og:image:type\" content=\"image\/jpeg\" \/>\n<meta name=\"twitter:card\" content=\"summary_large_image\" \/>\n<meta name=\"twitter:label1\" content=\"\u01af\u1edbc t\u00ednh th\u1eddi gian \u0111\u1ecdc\" \/>\n\t<meta name=\"twitter:data1\" content=\"2 ph\u00fat\" \/>\n<script type=\"application\/ld+json\" class=\"yoast-schema-graph\">{\"@context\":\"https:\\\/\\\/schema.org\",\"@graph\":[{\"@type\":\"WebPage\",\"@id\":\"https:\\\/\\\/pushclimbing.vn\\\/vi\\\/san-pham\\\/tokyo-powder-high-garage\\\/\",\"url\":\"https:\\\/\\\/pushclimbing.vn\\\/vi\\\/san-pham\\\/tokyo-powder-high-garage\\\/\",\"name\":\"Tokyo Powder HIGH GARAGE - Push Climbing\",\"isPartOf\":{\"@id\":\"https:\\\/\\\/pushclimbing.vn\\\/#website\"},\"primaryImageOfPage\":{\"@id\":\"https:\\\/\\\/pushclimbing.vn\\\/vi\\\/san-pham\\\/tokyo-powder-high-garage\\\/#primaryimage\"},\"image\":{\"@id\":\"https:\\\/\\\/pushclimbing.vn\\\/vi\\\/san-pham\\\/tokyo-powder-high-garage\\\/#primaryimage\"},\"thumbnailUrl\":\"https:\\\/\\\/pushclimbing.vn\\\/wp-content\\\/uploads\\\/2023\\\/09\\\/garage04.jpg-2.jpeg\",\"datePublished\":\"2023-09-14T14:15:28+00:00\",\"dateModified\":\"2025-03-20T03:54:32+00:00\",\"breadcrumb\":{\"@id\":\"https:\\\/\\\/pushclimbing.vn\\\/vi\\\/san-pham\\\/tokyo-powder-high-garage\\\/#breadcrumb\"},\"inLanguage\":\"vi\",\"potentialAction\":[{\"@type\":\"ReadAction\",\"target\":[\"https:\\\/\\\/pushclimbing.vn\\\/vi\\\/san-pham\\\/tokyo-powder-high-garage\\\/\"]}]},{\"@type\":\"ImageObject\",\"inLanguage\":\"vi\",\"@id\":\"https:\\\/\\\/pushclimbing.vn\\\/vi\\\/san-pham\\\/tokyo-powder-high-garage\\\/#primaryimage\",\"url\":\"https:\\\/\\\/pushclimbing.vn\\\/wp-content\\\/uploads\\\/2023\\\/09\\\/garage04.jpg-2.jpeg\",\"contentUrl\":\"https:\\\/\\\/pushclimbing.vn\\\/wp-content\\\/uploads\\\/2023\\\/09\\\/garage04.jpg-2.jpeg\",\"width\":2048,\"height\":2048},{\"@type\":\"BreadcrumbList\",\"@id\":\"https:\\\/\\\/pushclimbing.vn\\\/vi\\\/san-pham\\\/tokyo-powder-high-garage\\\/#breadcrumb\",\"itemListElement\":[{\"@type\":\"ListItem\",\"position\":1,\"name\":\"Home\",\"item\":\"https:\\\/\\\/pushclimbing.vn\\\/\"},{\"@type\":\"ListItem\",\"position\":2,\"name\":\"Shop\",\"item\":\"https:\\\/\\\/pushclimbing.vn\\\/shop\\\/\"},{\"@type\":\"ListItem\",\"position\":3,\"name\":\"Tokyo Powder HIGH GARAGE\"}]},{\"@type\":\"WebSite\",\"@id\":\"https:\\\/\\\/pushclimbing.vn\\\/#website\",\"url\":\"https:\\\/\\\/pushclimbing.vn\\\/\",\"name\":\"Push Climbing\",\"description\":\"Conquer Your Mountain\",\"publisher\":{\"@id\":\"https:\\\/\\\/pushclimbing.vn\\\/#organization\"},\"potentialAction\":[{\"@type\":\"SearchAction\",\"target\":{\"@type\":\"EntryPoint\",\"urlTemplate\":\"https:\\\/\\\/pushclimbing.vn\\\/?s={search_term_string}\"},\"query-input\":{\"@type\":\"PropertyValueSpecification\",\"valueRequired\":true,\"valueName\":\"search_term_string\"}}],\"inLanguage\":\"vi\"},{\"@type\":\"Organization\",\"@id\":\"https:\\\/\\\/pushclimbing.vn\\\/#organization\",\"name\":\"Push Climbing\",\"url\":\"https:\\\/\\\/pushclimbing.vn\\\/\",\"logo\":{\"@type\":\"ImageObject\",\"inLanguage\":\"vi\",\"@id\":\"https:\\\/\\\/pushclimbing.vn\\\/#\\\/schema\\\/logo\\\/image\\\/\",\"url\":\"https:\\\/\\\/pushclimbing.vn\\\/wp-content\\\/uploads\\\/2022\\\/07\\\/push-logo-canvas.png\",\"contentUrl\":\"https:\\\/\\\/pushclimbing.vn\\\/wp-content\\\/uploads\\\/2022\\\/07\\\/push-logo-canvas.png\",\"width\":400,\"height\":400,\"caption\":\"Push Climbing\"},\"image\":{\"@id\":\"https:\\\/\\\/pushclimbing.vn\\\/#\\\/schema\\\/logo\\\/image\\\/\"},\"sameAs\":[\"https:\\\/\\\/www.facebook.com\\\/pushrockclimbing\"]}]}<\/script>\n<!-- \/ Yoast SEO plugin. -->","yoast_head_json":{"title":"Tokyo Powder HIGH GARAGE - Push Climbing","robots":{"index":"index","follow":"follow","max-snippet":"max-snippet:-1","max-image-preview":"max-image-preview:large","max-video-preview":"max-video-preview:-1"},"canonical":"https:\/\/pushclimbing.vn\/vi\/san-pham\/tokyo-powder-high-garage\/","og_locale":"vi_VN","og_type":"article","og_title":"Tokyo Powder HIGH GARAGE - Push Climbing","og_description":"&nbsp;  High Garage with a red sticker is a high friction type that will be useful in actual battles.\u00a0It is characterized by its amazing durability, maintaining high friction even in hot environments exceeding 30 degrees Celsius, and exhibits high performance as a base for powdered chalk.","og_url":"https:\/\/pushclimbing.vn\/vi\/san-pham\/tokyo-powder-high-garage\/","og_site_name":"Push Climbing","article_publisher":"https:\/\/www.facebook.com\/pushrockclimbing","article_modified_time":"2025-03-20T03:54:32+00:00","og_image":[{"width":2048,"height":2048,"url":"https:\/\/pushclimbing.vn\/wp-content\/uploads\/2023\/09\/garage04.jpg-2.jpeg","type":"image\/jpeg"}],"twitter_card":"summary_large_image","twitter_misc":{"\u01af\u1edbc t\u00ednh th\u1eddi gian \u0111\u1ecdc":"2 ph\u00fat"},"schema":{"@context":"https:\/\/schema.org","@graph":[{"@type":"WebPage","@id":"https:\/\/pushclimbing.vn\/vi\/san-pham\/tokyo-powder-high-garage\/","url":"https:\/\/pushclimbing.vn\/vi\/san-pham\/tokyo-powder-high-garage\/","name":"Tokyo Powder HIGH GARAGE - Push Climbing","isPartOf":{"@id":"https:\/\/pushclimbing.vn\/#website"},"primaryImageOfPage":{"@id":"https:\/\/pushclimbing.vn\/vi\/san-pham\/tokyo-powder-high-garage\/#primaryimage"},"image":{"@id":"https:\/\/pushclimbing.vn\/vi\/san-pham\/tokyo-powder-high-garage\/#primaryimage"},"thumbnailUrl":"https:\/\/pushclimbing.vn\/wp-content\/uploads\/2023\/09\/garage04.jpg-2.jpeg","datePublished":"2023-09-14T14:15:28+00:00","dateModified":"2025-03-20T03:54:32+00:00","breadcrumb":{"@id":"https:\/\/pushclimbing.vn\/vi\/san-pham\/tokyo-powder-high-garage\/#breadcrumb"},"inLanguage":"vi","potentialAction":[{"@type":"ReadAction","target":["https:\/\/pushclimbing.vn\/vi\/san-pham\/tokyo-powder-high-garage\/"]}]},{"@type":"ImageObject","inLanguage":"vi","@id":"https:\/\/pushclimbing.vn\/vi\/san-pham\/tokyo-powder-high-garage\/#primaryimage","url":"https:\/\/pushclimbing.vn\/wp-content\/uploads\/2023\/09\/garage04.jpg-2.jpeg","contentUrl":"https:\/\/pushclimbing.vn\/wp-content\/uploads\/2023\/09\/garage04.jpg-2.jpeg","width":2048,"height":2048},{"@type":"BreadcrumbList","@id":"https:\/\/pushclimbing.vn\/vi\/san-pham\/tokyo-powder-high-garage\/#breadcrumb","itemListElement":[{"@type":"ListItem","position":1,"name":"Home","item":"https:\/\/pushclimbing.vn\/"},{"@type":"ListItem","position":2,"name":"Shop","item":"https:\/\/pushclimbing.vn\/shop\/"},{"@type":"ListItem","position":3,"name":"Tokyo Powder HIGH GARAGE"}]},{"@type":"WebSite","@id":"https:\/\/pushclimbing.vn\/#website","url":"https:\/\/pushclimbing.vn\/","name":"Push Climbing","description":"Conquer Your Mountain","publisher":{"@id":"https:\/\/pushclimbing.vn\/#organization"},"potentialAction":[{"@type":"SearchAction","target":{"@type":"EntryPoint","urlTemplate":"https:\/\/pushclimbing.vn\/?s={search_term_string}"},"query-input":{"@type":"PropertyValueSpecification","valueRequired":true,"valueName":"search_term_string"}}],"inLanguage":"vi"},{"@type":"Organization","@id":"https:\/\/pushclimbing.vn\/#organization","name":"Push Climbing","url":"https:\/\/pushclimbing.vn\/","logo":{"@type":"ImageObject","inLanguage":"vi","@id":"https:\/\/pushclimbing.vn\/#\/schema\/logo\/image\/","url":"https:\/\/pushclimbing.vn\/wp-content\/uploads\/2022\/07\/push-logo-canvas.png","contentUrl":"https:\/\/pushclimbing.vn\/wp-content\/uploads\/2022\/07\/push-logo-canvas.png","width":400,"height":400,"caption":"Push Climbing"},"image":{"@id":"https:\/\/pushclimbing.vn\/#\/schema\/logo\/image\/"},"sameAs":["https:\/\/www.facebook.com\/pushrockclimbing"]}]}},"_links":{"self":[{"href":"https:\/\/pushclimbing.vn\/vi\/wp-json\/wp\/v2\/product\/28861","targetHints":{"allow":["GET"]}}],"collection":[{"href":"https:\/\/pushclimbing.vn\/vi\/wp-json\/wp\/v2\/product"}],"about":[{"href":"https:\/\/pushclimbing.vn\/vi\/wp-json\/wp\/v2\/types\/product"}],"replies":[{"embeddable":true,"href":"https:\/\/pushclimbing.vn\/vi\/wp-json\/wp\/v2\/comments?post=28861"}],"wp:featuredmedia":[{"embeddable":true,"href":"https:\/\/pushclimbing.vn\/vi\/wp-json\/wp\/v2\/media\/28864"}],"wp:attachment":[{"href":"https:\/\/pushclimbing.vn\/vi\/wp-json\/wp\/v2\/media?parent=28861"}],"wp:term":[{"taxonomy":"product_brand","embeddable":true,"href":"https:\/\/pushclimbing.vn\/vi\/wp-json\/wp\/v2\/product_brand?post=28861"},{"taxonomy":"product_cat","embeddable":true,"href":"https:\/\/pushclimbing.vn\/vi\/wp-json\/wp\/v2\/product_cat?post=28861"},{"taxonomy":"product_tag","embeddable":true,"href":"https:\/\/pushclimbing.vn\/vi\/wp-json\/wp\/v2\/product_tag?post=28861"}],"curies":[{"name":"wp","href":"https:\/\/api.w.org\/{rel}","templated":true}]}}