{"id":28850,"date":"2023-09-14T20:05:49","date_gmt":"2023-09-14T13:05:49","guid":{"rendered":"https:\/\/pushclimbing.vn\/?post_type=product&#038;p=28850"},"modified":"2025-03-20T10:54:40","modified_gmt":"2025-03-20T03:54:40","slug":"tokyo-powder-garage","status":"publish","type":"product","link":"https:\/\/pushclimbing.vn\/vi\/san-pham\/tokyo-powder-garage\/","title":{"rendered":"Ph\u1ea5n Tokyo GARAGE"},"content":{"rendered":"<div class=\"fusion-fullwidth fullwidth-box fusion-builder-row-1 fusion-flex-container nonhundred-percent-fullwidth non-hundred-percent-height-scrolling\" style=\"--awb-border-radius-top-left:0px;--awb-border-radius-top-right:0px;--awb-border-radius-bottom-right:0px;--awb-border-radius-bottom-left:0px;--awb-flex-wrap:wrap;\" ><div class=\"fusion-builder-row fusion-row fusion-flex-align-items-flex-start fusion-flex-content-wrap\" style=\"max-width:1216.8px;margin-left: calc(-4% \/ 2 );margin-right: calc(-4% \/ 2 );\"><div class=\"fusion-layout-column fusion_builder_column fusion-builder-column-0 fusion_builder_column_1_1 1_1 fusion-flex-column\" style=\"--awb-bg-size:cover;--awb-width-large:100%;--awb-margin-top-large:0px;--awb-spacing-right-large:1.92%;--awb-margin-bottom-large:0px;--awb-spacing-left-large:1.92%;--awb-width-medium:100%;--awb-spacing-right-medium:1.92%;--awb-spacing-left-medium:1.92%;--awb-width-small:100%;--awb-spacing-right-small:1.92%;--awb-spacing-left-small:1.92%;\"><div class=\"fusion-column-wrapper fusion-flex-justify-content-flex-start fusion-content-layout-column\"><div class=\"fusion-text fusion-text-1\"><p><strong>K\u00edch c\u1ee1 t\u00fai ph\u1ea5n:<\/strong><\/p>\n<p>(R\u1ed9ng)42mm (Cao)70mm (D\u00e0i)26mm<\/p>\n<p><strong>C\u1ea9n th\u1eadn khi s\u1eed d\u1ee5ng:<\/strong><br \/>\nN\u1ebfu n\u01b0\u1edbc t\u00e1ch ra, h\u00e3y khu\u1ea5y \u0111\u1ec1u ho\u1eb7c lo\u1ea1i b\u1ecf n\u01b0\u1edbc tr\u01b0\u1edbc khi s\u1eed d\u1ee5ng.<\/p>\n<hr \/>\n<p>Xin vui l\u00f2ng kh\u00f4ng s\u1eed d\u1ee5ng cho b\u1ea5t k\u1ef3 m\u1ee5c \u0111\u00edch n\u00e0o kh\u00e1c ngo\u00e0i leo n\u00fai.<\/p>\n<p>H\u00e3y \u0111\u1ec3 n\u01a1i xa t\u1ea7m tay c\u1ee7a tr\u1ebb em.<\/p>\n<p>Xin \u0111\u1eebng nu\u1ed1t ph\u1ea5n v\u00ec n\u00f3 kh\u00f4ng ph\u1ea3i l\u00e0 th\u1ef1c ph\u1ea9m.<\/p>\n<p>Tr\u00e1nh h\u00fat ph\u1ea5n v\u00e0o m\u1eaft.<\/p>\n<p>Vui l\u00f2ng tr\u00e1nh \u0111\u1ec3 ph\u1ea5n ti\u1ebfp x\u00fac v\u1edbi m\u1eaft c\u1ee7a b\u1ea1n.<\/p>\n<p>N\u1ebfu b\u1ea1n d\u00ednh v\u00e0o m\u1eaft ho\u1eb7c c\u00f3 b\u1ea5t k\u1ef3 s\u1ef1 kh\u00f3 ch\u1ecbu n\u00e0o nh\u01b0 \u0111au \u0111\u1edbn ho\u1eb7c ng\u1ee9a khi s\u1eed d\u1ee5ng s\u1ea3n ph\u1ea9m n\u00e0y, ng\u01b0ng s\u1eed d\u1ee5ng ngay l\u1eadp t\u1ee9c v\u00e0 r\u1eeda s\u1ea1ch b\u1eb1ng n\u01b0\u1edbc m\u00e0 kh\u00f4ng ch\u00e0 x\u00e1t.<\/p>\n<p>N\u1ebfu c\u1ea3m th\u1ea5y b\u1ea5t k\u1ef3 s\u1ef1 kh\u00f4ng tho\u1ea3i m\u00e1i n\u00e0o c\u00f2n l\u1ea1i, vui l\u00f2ng tham kh\u1ea3o \u00fd ki\u1ebfn b\u00e1c s\u0129 c\u1ee7a b\u1ea1n.<\/p>\n<\/div><\/div><\/div><\/div><\/div>","protected":false},"excerpt":{"rendered":"[video width=\"202\" height=\"360\" mp4=\"https:\/\/pushclimbing.vn\/wp-content\/uploads\/2023\/09\/Garage-_-Liquid-chalk-for-training-at-home-1.mp4\" poster=\"https:\/\/pushclimbing.vn\/wp-content\/uploads\/2023\/09\/garage03.jpg-1.webp\"][\/video]\n<p>&nbsp;<\/p>\n<p>This is a liquid chalk developed for home training during the coronavirus pandemic.<\/p>\n<p>It suppresses scattering and easily falls off when you wash your hands, and provides a friction that is particularly compatible with wood holds.\u00a0In addition, it is a mysterious liquid chalk that will leave your hands pale white, but the chalk will not stick to other parts of your body when you touch it.<\/p>\n<p>Clothes won&#8217;t get dirty even if you touch them.<\/p>\n<p>&nbsp;<\/p>\n<div><\/div>\n","protected":false},"featured_media":28853,"comment_status":"open","ping_status":"closed","template":"","meta":{"_acf_changed":false},"product_brand":[1021],"product_cat":[1027,1023],"product_tag":[454,769,625,768],"class_list":{"0":"post-28850","1":"product","2":"type-product","3":"status-publish","4":"has-post-thumbnail","6":"product_brand-tokyo-chalk","7":"product_cat-chalk","8":"product_cat-climbing","9":"product_tag-chalk","10":"product_tag-garage","11":"product_tag-phan","12":"product_tag-tokyo-powder-garage","14":"first","15":"outofstock","16":"taxable","17":"shipping-taxable","18":"purchasable","19":"product-type-variable"},"acf":[],"yoast_head":"<!-- This site is optimized with the Yoast SEO plugin v27.3 - https:\/\/yoast.com\/product\/yoast-seo-wordpress\/ -->\n<title>Tokyo Powder GARAGE - Push Climbing<\/title>\n<meta name=\"robots\" content=\"index, follow, max-snippet:-1, max-image-preview:large, max-video-preview:-1\" \/>\n<link rel=\"canonical\" href=\"https:\/\/pushclimbing.vn\/vi\/san-pham\/tokyo-powder-garage\/\" \/>\n<meta property=\"og:locale\" content=\"vi_VN\" \/>\n<meta property=\"og:type\" content=\"article\" \/>\n<meta property=\"og:title\" content=\"Tokyo Powder GARAGE - Push Climbing\" \/>\n<meta property=\"og:description\" content=\"&nbsp;  This is a liquid chalk developed for home training during the coronavirus pandemic.  It suppresses scattering and easily falls off when you wash your hands, and provides a friction that is particularly compatible with wood holds.\u00a0In addition, it is a mysterious liquid chalk that will leave your hands pale white, but the chalk will not stick to other parts of your body when you touch it.  Clothes won&#039;t get dirty even if you touch them.  &nbsp;\" \/>\n<meta property=\"og:url\" content=\"https:\/\/pushclimbing.vn\/vi\/san-pham\/tokyo-powder-garage\/\" \/>\n<meta property=\"og:site_name\" content=\"Push Climbing\" \/>\n<meta property=\"article:publisher\" content=\"https:\/\/www.facebook.com\/pushrockclimbing\" \/>\n<meta property=\"article:modified_time\" content=\"2025-03-20T03:54:40+00:00\" \/>\n<meta property=\"og:image\" content=\"https:\/\/pushclimbing.vn\/wp-content\/uploads\/2023\/09\/garage03.jpg.webp\" \/>\n\t<meta property=\"og:image:width\" content=\"2048\" \/>\n\t<meta property=\"og:image:height\" content=\"2048\" \/>\n\t<meta property=\"og:image:type\" content=\"image\/webp\" \/>\n<meta name=\"twitter:card\" content=\"summary_large_image\" \/>\n<meta name=\"twitter:label1\" content=\"\u01af\u1edbc t\u00ednh th\u1eddi gian \u0111\u1ecdc\" \/>\n\t<meta name=\"twitter:data1\" content=\"1 ph\u00fat\" \/>\n<script type=\"application\/ld+json\" class=\"yoast-schema-graph\">{\"@context\":\"https:\\\/\\\/schema.org\",\"@graph\":[{\"@type\":\"WebPage\",\"@id\":\"https:\\\/\\\/pushclimbing.vn\\\/vi\\\/san-pham\\\/tokyo-powder-garage\\\/\",\"url\":\"https:\\\/\\\/pushclimbing.vn\\\/vi\\\/san-pham\\\/tokyo-powder-garage\\\/\",\"name\":\"Tokyo Powder GARAGE - Push Climbing\",\"isPartOf\":{\"@id\":\"https:\\\/\\\/pushclimbing.vn\\\/#website\"},\"primaryImageOfPage\":{\"@id\":\"https:\\\/\\\/pushclimbing.vn\\\/vi\\\/san-pham\\\/tokyo-powder-garage\\\/#primaryimage\"},\"image\":{\"@id\":\"https:\\\/\\\/pushclimbing.vn\\\/vi\\\/san-pham\\\/tokyo-powder-garage\\\/#primaryimage\"},\"thumbnailUrl\":\"https:\\\/\\\/pushclimbing.vn\\\/wp-content\\\/uploads\\\/2023\\\/09\\\/garage03.jpg.webp\",\"datePublished\":\"2023-09-14T13:05:49+00:00\",\"dateModified\":\"2025-03-20T03:54:40+00:00\",\"breadcrumb\":{\"@id\":\"https:\\\/\\\/pushclimbing.vn\\\/vi\\\/san-pham\\\/tokyo-powder-garage\\\/#breadcrumb\"},\"inLanguage\":\"vi\",\"potentialAction\":[{\"@type\":\"ReadAction\",\"target\":[\"https:\\\/\\\/pushclimbing.vn\\\/vi\\\/san-pham\\\/tokyo-powder-garage\\\/\"]}]},{\"@type\":\"ImageObject\",\"inLanguage\":\"vi\",\"@id\":\"https:\\\/\\\/pushclimbing.vn\\\/vi\\\/san-pham\\\/tokyo-powder-garage\\\/#primaryimage\",\"url\":\"https:\\\/\\\/pushclimbing.vn\\\/wp-content\\\/uploads\\\/2023\\\/09\\\/garage03.jpg.webp\",\"contentUrl\":\"https:\\\/\\\/pushclimbing.vn\\\/wp-content\\\/uploads\\\/2023\\\/09\\\/garage03.jpg.webp\",\"width\":2048,\"height\":2048},{\"@type\":\"BreadcrumbList\",\"@id\":\"https:\\\/\\\/pushclimbing.vn\\\/vi\\\/san-pham\\\/tokyo-powder-garage\\\/#breadcrumb\",\"itemListElement\":[{\"@type\":\"ListItem\",\"position\":1,\"name\":\"Home\",\"item\":\"https:\\\/\\\/pushclimbing.vn\\\/\"},{\"@type\":\"ListItem\",\"position\":2,\"name\":\"Shop\",\"item\":\"https:\\\/\\\/pushclimbing.vn\\\/shop\\\/\"},{\"@type\":\"ListItem\",\"position\":3,\"name\":\"Tokyo Powder GARAGE\"}]},{\"@type\":\"WebSite\",\"@id\":\"https:\\\/\\\/pushclimbing.vn\\\/#website\",\"url\":\"https:\\\/\\\/pushclimbing.vn\\\/\",\"name\":\"Push Climbing\",\"description\":\"Conquer Your Mountain\",\"publisher\":{\"@id\":\"https:\\\/\\\/pushclimbing.vn\\\/#organization\"},\"potentialAction\":[{\"@type\":\"SearchAction\",\"target\":{\"@type\":\"EntryPoint\",\"urlTemplate\":\"https:\\\/\\\/pushclimbing.vn\\\/?s={search_term_string}\"},\"query-input\":{\"@type\":\"PropertyValueSpecification\",\"valueRequired\":true,\"valueName\":\"search_term_string\"}}],\"inLanguage\":\"vi\"},{\"@type\":\"Organization\",\"@id\":\"https:\\\/\\\/pushclimbing.vn\\\/#organization\",\"name\":\"Push Climbing\",\"url\":\"https:\\\/\\\/pushclimbing.vn\\\/\",\"logo\":{\"@type\":\"ImageObject\",\"inLanguage\":\"vi\",\"@id\":\"https:\\\/\\\/pushclimbing.vn\\\/#\\\/schema\\\/logo\\\/image\\\/\",\"url\":\"https:\\\/\\\/pushclimbing.vn\\\/wp-content\\\/uploads\\\/2022\\\/07\\\/push-logo-canvas.png\",\"contentUrl\":\"https:\\\/\\\/pushclimbing.vn\\\/wp-content\\\/uploads\\\/2022\\\/07\\\/push-logo-canvas.png\",\"width\":400,\"height\":400,\"caption\":\"Push Climbing\"},\"image\":{\"@id\":\"https:\\\/\\\/pushclimbing.vn\\\/#\\\/schema\\\/logo\\\/image\\\/\"},\"sameAs\":[\"https:\\\/\\\/www.facebook.com\\\/pushrockclimbing\"]}]}<\/script>\n<!-- \/ Yoast SEO plugin. -->","yoast_head_json":{"title":"Tokyo Powder GARAGE - Push Climbing","robots":{"index":"index","follow":"follow","max-snippet":"max-snippet:-1","max-image-preview":"max-image-preview:large","max-video-preview":"max-video-preview:-1"},"canonical":"https:\/\/pushclimbing.vn\/vi\/san-pham\/tokyo-powder-garage\/","og_locale":"vi_VN","og_type":"article","og_title":"Tokyo Powder GARAGE - Push Climbing","og_description":"&nbsp;  This is a liquid chalk developed for home training during the coronavirus pandemic.  It suppresses scattering and easily falls off when you wash your hands, and provides a friction that is particularly compatible with wood holds.\u00a0In addition, it is a mysterious liquid chalk that will leave your hands pale white, but the chalk will not stick to other parts of your body when you touch it.  Clothes won't get dirty even if you touch them.  &nbsp;","og_url":"https:\/\/pushclimbing.vn\/vi\/san-pham\/tokyo-powder-garage\/","og_site_name":"Push Climbing","article_publisher":"https:\/\/www.facebook.com\/pushrockclimbing","article_modified_time":"2025-03-20T03:54:40+00:00","og_image":[{"width":2048,"height":2048,"url":"https:\/\/pushclimbing.vn\/wp-content\/uploads\/2023\/09\/garage03.jpg.webp","type":"image\/webp"}],"twitter_card":"summary_large_image","twitter_misc":{"\u01af\u1edbc t\u00ednh th\u1eddi gian \u0111\u1ecdc":"1 ph\u00fat"},"schema":{"@context":"https:\/\/schema.org","@graph":[{"@type":"WebPage","@id":"https:\/\/pushclimbing.vn\/vi\/san-pham\/tokyo-powder-garage\/","url":"https:\/\/pushclimbing.vn\/vi\/san-pham\/tokyo-powder-garage\/","name":"Tokyo Powder GARAGE - Push Climbing","isPartOf":{"@id":"https:\/\/pushclimbing.vn\/#website"},"primaryImageOfPage":{"@id":"https:\/\/pushclimbing.vn\/vi\/san-pham\/tokyo-powder-garage\/#primaryimage"},"image":{"@id":"https:\/\/pushclimbing.vn\/vi\/san-pham\/tokyo-powder-garage\/#primaryimage"},"thumbnailUrl":"https:\/\/pushclimbing.vn\/wp-content\/uploads\/2023\/09\/garage03.jpg.webp","datePublished":"2023-09-14T13:05:49+00:00","dateModified":"2025-03-20T03:54:40+00:00","breadcrumb":{"@id":"https:\/\/pushclimbing.vn\/vi\/san-pham\/tokyo-powder-garage\/#breadcrumb"},"inLanguage":"vi","potentialAction":[{"@type":"ReadAction","target":["https:\/\/pushclimbing.vn\/vi\/san-pham\/tokyo-powder-garage\/"]}]},{"@type":"ImageObject","inLanguage":"vi","@id":"https:\/\/pushclimbing.vn\/vi\/san-pham\/tokyo-powder-garage\/#primaryimage","url":"https:\/\/pushclimbing.vn\/wp-content\/uploads\/2023\/09\/garage03.jpg.webp","contentUrl":"https:\/\/pushclimbing.vn\/wp-content\/uploads\/2023\/09\/garage03.jpg.webp","width":2048,"height":2048},{"@type":"BreadcrumbList","@id":"https:\/\/pushclimbing.vn\/vi\/san-pham\/tokyo-powder-garage\/#breadcrumb","itemListElement":[{"@type":"ListItem","position":1,"name":"Home","item":"https:\/\/pushclimbing.vn\/"},{"@type":"ListItem","position":2,"name":"Shop","item":"https:\/\/pushclimbing.vn\/shop\/"},{"@type":"ListItem","position":3,"name":"Tokyo Powder GARAGE"}]},{"@type":"WebSite","@id":"https:\/\/pushclimbing.vn\/#website","url":"https:\/\/pushclimbing.vn\/","name":"Push Climbing","description":"Conquer Your Mountain","publisher":{"@id":"https:\/\/pushclimbing.vn\/#organization"},"potentialAction":[{"@type":"SearchAction","target":{"@type":"EntryPoint","urlTemplate":"https:\/\/pushclimbing.vn\/?s={search_term_string}"},"query-input":{"@type":"PropertyValueSpecification","valueRequired":true,"valueName":"search_term_string"}}],"inLanguage":"vi"},{"@type":"Organization","@id":"https:\/\/pushclimbing.vn\/#organization","name":"Push Climbing","url":"https:\/\/pushclimbing.vn\/","logo":{"@type":"ImageObject","inLanguage":"vi","@id":"https:\/\/pushclimbing.vn\/#\/schema\/logo\/image\/","url":"https:\/\/pushclimbing.vn\/wp-content\/uploads\/2022\/07\/push-logo-canvas.png","contentUrl":"https:\/\/pushclimbing.vn\/wp-content\/uploads\/2022\/07\/push-logo-canvas.png","width":400,"height":400,"caption":"Push Climbing"},"image":{"@id":"https:\/\/pushclimbing.vn\/#\/schema\/logo\/image\/"},"sameAs":["https:\/\/www.facebook.com\/pushrockclimbing"]}]}},"_links":{"self":[{"href":"https:\/\/pushclimbing.vn\/vi\/wp-json\/wp\/v2\/product\/28850","targetHints":{"allow":["GET"]}}],"collection":[{"href":"https:\/\/pushclimbing.vn\/vi\/wp-json\/wp\/v2\/product"}],"about":[{"href":"https:\/\/pushclimbing.vn\/vi\/wp-json\/wp\/v2\/types\/product"}],"replies":[{"embeddable":true,"href":"https:\/\/pushclimbing.vn\/vi\/wp-json\/wp\/v2\/comments?post=28850"}],"wp:featuredmedia":[{"embeddable":true,"href":"https:\/\/pushclimbing.vn\/vi\/wp-json\/wp\/v2\/media\/28853"}],"wp:attachment":[{"href":"https:\/\/pushclimbing.vn\/vi\/wp-json\/wp\/v2\/media?parent=28850"}],"wp:term":[{"taxonomy":"product_brand","embeddable":true,"href":"https:\/\/pushclimbing.vn\/vi\/wp-json\/wp\/v2\/product_brand?post=28850"},{"taxonomy":"product_cat","embeddable":true,"href":"https:\/\/pushclimbing.vn\/vi\/wp-json\/wp\/v2\/product_cat?post=28850"},{"taxonomy":"product_tag","embeddable":true,"href":"https:\/\/pushclimbing.vn\/vi\/wp-json\/wp\/v2\/product_tag?post=28850"}],"curies":[{"name":"wp","href":"https:\/\/api.w.org\/{rel}","templated":true}]}}