{"id":28130,"date":"2023-08-24T18:38:42","date_gmt":"2023-08-24T11:38:42","guid":{"rendered":"https:\/\/pushclimbing.vn\/?post_type=product&#038;p=28130"},"modified":"2025-03-18T14:00:41","modified_gmt":"2025-03-18T07:00:41","slug":"climbing-grip-paint-volume-holds-or-surface-of-climbing-wall","status":"publish","type":"product","link":"https:\/\/pushclimbing.vn\/vi\/san-pham\/climbing-grip-paint-volume-holds-or-surface-of-climbing-wall\/","title":{"rendered":"S\u01a1n t\u1ea1o \u0111\u1ed9 ma b\u00e1m cho t\u01b0\u1eddng leo (Volume Holds ho\u1eb7c B\u1ec1 M\u1eb7t c\u1ee7a T\u01b0\u1eddng Leo N\u00fai)"},"content":{"rendered":"<div class=\"fusion-fullwidth fullwidth-box fusion-builder-row-1 fusion-flex-container nonhundred-percent-fullwidth non-hundred-percent-height-scrolling\" style=\"--awb-border-radius-top-left:0px;--awb-border-radius-top-right:0px;--awb-border-radius-bottom-right:0px;--awb-border-radius-bottom-left:0px;--awb-flex-wrap:wrap;\" ><div class=\"fusion-builder-row fusion-row fusion-flex-align-items-flex-start fusion-flex-content-wrap\" style=\"max-width:1216.8px;margin-left: calc(-4% \/ 2 );margin-right: calc(-4% \/ 2 );\"><div class=\"fusion-layout-column fusion_builder_column fusion-builder-column-0 fusion_builder_column_1_1 1_1 fusion-flex-column\" style=\"--awb-bg-blend:overlay;--awb-bg-size:cover;--awb-width-large:100%;--awb-margin-top-large:0px;--awb-spacing-right-large:1.92%;--awb-margin-bottom-large:0px;--awb-spacing-left-large:1.92%;--awb-width-medium:100%;--awb-spacing-right-medium:1.92%;--awb-spacing-left-medium:1.92%;--awb-width-small:100%;--awb-spacing-right-small:1.92%;--awb-spacing-left-small:1.92%;\"><div class=\"fusion-column-wrapper fusion-flex-justify-content-flex-start fusion-content-layout-column\"><div class=\"fusion-text fusion-text-1\"><p>Li\u00ean h\u1ec7 ch\u00fang t\u00f4i \u0111\u1ec3 c\u00f3 th\u00eam nhi\u1ec1u th\u00f4ng tin.<\/p>\n<p>Li\u00ean h\u1ec7 ch\u00fang t\u00f4i \u0111\u1ec3 c\u00f3 th\u00eam nhi\u1ec1u th\u00f4ng tin.<\/p>\n<\/div><\/div><\/div><\/div><\/div>","protected":false},"excerpt":{"rendered":"<p><strong>B\u00e0y T\u1ecf \u01af\u1edbc Mu\u1ed1n C\u1ee7a  B\u1ea1n \u1ede \u0110\u00e2y:<a href=\"https:\/\/pushclimbing.vn\/vi\/?page_id=28957\">*Ch\u1ea1m \u1ede \u0110\u00e2y*<\/a><\/strong><\/p>\n<p>B\u1ea1n \u0111ang t\u00ecm ki\u1ebfm c\u00e1ch t\u0103ng \u0111\u1ed9 b\u00e1m v\u00e0 \u0111\u1ed9 an to\u00e0n cho t\u01b0\u1eddng leo n\u00fai c\u1ee7a m\u00ecnh? S\u01a1n ph\u1ee7 t\u0103ng \u0111\u1ed9 b\u00e1m ch\u00ednh l\u00e0 gi\u1ea3i ph\u00e1p t\u1ed1i \u01b0u cho b\u1ea1n. \u0110\u1eb7c bi\u1ec7t thi\u1ebft k\u1ebf cho c\u00e1c Volume Holds ho\u1eb7c b\u1ec1 m\u1eb7t t\u01b0\u1eddng leo, s\u1ea3n ph\u1ea9m n\u00e0y gi\u00fap t\u1ea1o ra m\u1ed9t l\u1edbp ph\u1ee7 ch\u1ea5t l\u01b0\u1ee3ng \u0111\u1ec3 t\u0103ng \u0111\u1ed9 b\u00e1m cho ng\u00f3n tay v\u00e0 ch\u00e2n.<\/p>\n<p>S\u01a1n ph\u1ee7 t\u0103ng \u0111\u1ed9 b\u00e1m c\u00f3 kh\u1ea3 n\u0103ng b\u00e1m ch\u1eb7t l\u00ean c\u00e1c b\u1ec1 m\u1eb7t, mang l\u1ea1i c\u1ea3m gi\u00e1c an to\u00e0n v\u00e0 t\u1ef1 tin cho ng\u01b0\u1eddi leo n\u00fai. S\u1ea3n ph\u1ea9m n\u00e0y kh\u00f4ng ch\u1ec9 gi\u00fap c\u1ea3i thi\u1ec7n hi\u1ec7u su\u1ea5t leo m\u00e0 c\u00f2n gi\u00fap t\u1ea1o ra m\u1ed9t m\u00f4i tr\u01b0\u1eddng leo n\u00fai an to\u00e0n h\u01a1n.<\/p>\n<p><strong>V\u1edbi nhi\u1ec1u l\u1ef1a ch\u1ecdn m\u00e0u s\u1eafc \u0111\u1ec3 t\u1ef1 thi\u1ebft k\u1ebf ra t\u01b0\u1eddng leo n\u00fai d\u00e0nh ri\u00eang cho b\u1ea1n,<\/strong><\/p>\n<p>Equip your climbing wall with climbing grip paint to experience a significant improvement in climbing and enjoy fantastic moments on your wall. Don&#8217;t miss out on the opportunity to elevate your climbing experience \u2013 get climbing grip paint today!<\/p>\n<p>&nbsp;<\/p>","protected":false},"featured_media":28700,"comment_status":"open","ping_status":"closed","template":"","meta":{"_acf_changed":false},"product_brand":[1013],"product_cat":[966],"product_tag":[753,754,752],"class_list":{"0":"post-28130","1":"product","2":"type-product","3":"status-publish","4":"has-post-thumbnail","6":"product_brand-push","7":"product_cat-new-arrivals","8":"product_tag-climbing-grip-paint","9":"product_tag-grip-paint","10":"product_tag-paint","12":"first","13":"onbackorder","14":"taxable","15":"shipping-taxable","16":"product-type-variable"},"acf":[],"yoast_head":"<!-- This site is optimized with the Yoast SEO plugin v27.3 - https:\/\/yoast.com\/product\/yoast-seo-wordpress\/ -->\n<title>Climbing grip paint (Volume Holds or Surface of Climbing Wall) - Push Climbing<\/title>\n<meta name=\"robots\" content=\"index, follow, max-snippet:-1, max-image-preview:large, max-video-preview:-1\" \/>\n<link rel=\"canonical\" href=\"https:\/\/pushclimbing.vn\/vi\/san-pham\/climbing-grip-paint-volume-holds-or-surface-of-climbing-wall\/\" \/>\n<meta property=\"og:locale\" content=\"vi_VN\" \/>\n<meta property=\"og:type\" content=\"article\" \/>\n<meta property=\"og:title\" content=\"Climbing grip paint (Volume Holds or Surface of Climbing Wall) - Push Climbing\" \/>\n<meta property=\"og:description\" content=\"Express your Dream here:*Tap Here*  Are you looking for a way to enhance the grip and safety of your climbing wall? Climbing grip paint is the optimal solution for you. Specifically designed for Volume Holds or climbing wall surfaces, this product creates a high-quality coating to improve finger and foothold grip.  Climbing grip paint adheres firmly to surfaces, providing a sense of security and confidence for climbers. Not only does it enhance climbing performance, but it also contributes to a safer climbing environment.  With Multiple colors to customize your own climbing wall,  Equip your climbing wall with climbing grip paint to experience a significant improvement in climbing and enjoy fantastic moments on your wall. Don&#039;t miss out on the opportunity to elevate your climbing experience \u2013 get climbing grip paint today!  &nbsp;\" \/>\n<meta property=\"og:url\" content=\"https:\/\/pushclimbing.vn\/vi\/san-pham\/climbing-grip-paint-volume-holds-or-surface-of-climbing-wall\/\" \/>\n<meta property=\"og:site_name\" content=\"Push Climbing\" \/>\n<meta property=\"article:publisher\" content=\"https:\/\/www.facebook.com\/pushrockclimbing\" \/>\n<meta property=\"article:modified_time\" content=\"2025-03-18T07:00:41+00:00\" \/>\n<meta property=\"og:image\" content=\"https:\/\/pushclimbing.vn\/wp-content\/uploads\/2023\/08\/1080X1080PX-FREE-DESGIN-.png\" \/>\n\t<meta property=\"og:image:width\" content=\"1080\" \/>\n\t<meta property=\"og:image:height\" content=\"1080\" \/>\n\t<meta property=\"og:image:type\" content=\"image\/png\" \/>\n<meta name=\"twitter:card\" content=\"summary_large_image\" \/>\n<meta name=\"twitter:label1\" content=\"\u01af\u1edbc t\u00ednh th\u1eddi gian \u0111\u1ecdc\" \/>\n\t<meta name=\"twitter:data1\" content=\"1 ph\u00fat\" \/>\n<script type=\"application\/ld+json\" class=\"yoast-schema-graph\">{\"@context\":\"https:\\\/\\\/schema.org\",\"@graph\":[{\"@type\":\"WebPage\",\"@id\":\"https:\\\/\\\/pushclimbing.vn\\\/vi\\\/san-pham\\\/climbing-grip-paint-volume-holds-or-surface-of-climbing-wall\\\/\",\"url\":\"https:\\\/\\\/pushclimbing.vn\\\/vi\\\/san-pham\\\/climbing-grip-paint-volume-holds-or-surface-of-climbing-wall\\\/\",\"name\":\"Climbing grip paint (Volume Holds or Surface of Climbing Wall) - Push Climbing\",\"isPartOf\":{\"@id\":\"https:\\\/\\\/pushclimbing.vn\\\/#website\"},\"primaryImageOfPage\":{\"@id\":\"https:\\\/\\\/pushclimbing.vn\\\/vi\\\/san-pham\\\/climbing-grip-paint-volume-holds-or-surface-of-climbing-wall\\\/#primaryimage\"},\"image\":{\"@id\":\"https:\\\/\\\/pushclimbing.vn\\\/vi\\\/san-pham\\\/climbing-grip-paint-volume-holds-or-surface-of-climbing-wall\\\/#primaryimage\"},\"thumbnailUrl\":\"https:\\\/\\\/pushclimbing.vn\\\/wp-content\\\/uploads\\\/2023\\\/08\\\/1080X1080PX-FREE-DESGIN-.png\",\"datePublished\":\"2023-08-24T11:38:42+00:00\",\"dateModified\":\"2025-03-18T07:00:41+00:00\",\"breadcrumb\":{\"@id\":\"https:\\\/\\\/pushclimbing.vn\\\/vi\\\/san-pham\\\/climbing-grip-paint-volume-holds-or-surface-of-climbing-wall\\\/#breadcrumb\"},\"inLanguage\":\"vi\",\"potentialAction\":[{\"@type\":\"ReadAction\",\"target\":[\"https:\\\/\\\/pushclimbing.vn\\\/vi\\\/san-pham\\\/climbing-grip-paint-volume-holds-or-surface-of-climbing-wall\\\/\"]}]},{\"@type\":\"ImageObject\",\"inLanguage\":\"vi\",\"@id\":\"https:\\\/\\\/pushclimbing.vn\\\/vi\\\/san-pham\\\/climbing-grip-paint-volume-holds-or-surface-of-climbing-wall\\\/#primaryimage\",\"url\":\"https:\\\/\\\/pushclimbing.vn\\\/wp-content\\\/uploads\\\/2023\\\/08\\\/1080X1080PX-FREE-DESGIN-.png\",\"contentUrl\":\"https:\\\/\\\/pushclimbing.vn\\\/wp-content\\\/uploads\\\/2023\\\/08\\\/1080X1080PX-FREE-DESGIN-.png\",\"width\":1080,\"height\":1080},{\"@type\":\"BreadcrumbList\",\"@id\":\"https:\\\/\\\/pushclimbing.vn\\\/vi\\\/san-pham\\\/climbing-grip-paint-volume-holds-or-surface-of-climbing-wall\\\/#breadcrumb\",\"itemListElement\":[{\"@type\":\"ListItem\",\"position\":1,\"name\":\"Home\",\"item\":\"https:\\\/\\\/pushclimbing.vn\\\/\"},{\"@type\":\"ListItem\",\"position\":2,\"name\":\"Shop\",\"item\":\"https:\\\/\\\/pushclimbing.vn\\\/shop\\\/\"},{\"@type\":\"ListItem\",\"position\":3,\"name\":\"Climbing grip paint (Volume Holds or Surface of Climbing Wall)\"}]},{\"@type\":\"WebSite\",\"@id\":\"https:\\\/\\\/pushclimbing.vn\\\/#website\",\"url\":\"https:\\\/\\\/pushclimbing.vn\\\/\",\"name\":\"Push Climbing\",\"description\":\"Conquer Your Mountain\",\"publisher\":{\"@id\":\"https:\\\/\\\/pushclimbing.vn\\\/#organization\"},\"potentialAction\":[{\"@type\":\"SearchAction\",\"target\":{\"@type\":\"EntryPoint\",\"urlTemplate\":\"https:\\\/\\\/pushclimbing.vn\\\/?s={search_term_string}\"},\"query-input\":{\"@type\":\"PropertyValueSpecification\",\"valueRequired\":true,\"valueName\":\"search_term_string\"}}],\"inLanguage\":\"vi\"},{\"@type\":\"Organization\",\"@id\":\"https:\\\/\\\/pushclimbing.vn\\\/#organization\",\"name\":\"Push Climbing\",\"url\":\"https:\\\/\\\/pushclimbing.vn\\\/\",\"logo\":{\"@type\":\"ImageObject\",\"inLanguage\":\"vi\",\"@id\":\"https:\\\/\\\/pushclimbing.vn\\\/#\\\/schema\\\/logo\\\/image\\\/\",\"url\":\"https:\\\/\\\/pushclimbing.vn\\\/wp-content\\\/uploads\\\/2022\\\/07\\\/push-logo-canvas.png\",\"contentUrl\":\"https:\\\/\\\/pushclimbing.vn\\\/wp-content\\\/uploads\\\/2022\\\/07\\\/push-logo-canvas.png\",\"width\":400,\"height\":400,\"caption\":\"Push Climbing\"},\"image\":{\"@id\":\"https:\\\/\\\/pushclimbing.vn\\\/#\\\/schema\\\/logo\\\/image\\\/\"},\"sameAs\":[\"https:\\\/\\\/www.facebook.com\\\/pushrockclimbing\"]}]}<\/script>\n<!-- \/ Yoast SEO plugin. -->","yoast_head_json":{"title":"Climbing grip paint (Volume Holds or Surface of Climbing Wall) - Push Climbing","robots":{"index":"index","follow":"follow","max-snippet":"max-snippet:-1","max-image-preview":"max-image-preview:large","max-video-preview":"max-video-preview:-1"},"canonical":"https:\/\/pushclimbing.vn\/vi\/san-pham\/climbing-grip-paint-volume-holds-or-surface-of-climbing-wall\/","og_locale":"vi_VN","og_type":"article","og_title":"Climbing grip paint (Volume Holds or Surface of Climbing Wall) - Push Climbing","og_description":"Express your Dream here:*Tap Here*  Are you looking for a way to enhance the grip and safety of your climbing wall? Climbing grip paint is the optimal solution for you. Specifically designed for Volume Holds or climbing wall surfaces, this product creates a high-quality coating to improve finger and foothold grip.  Climbing grip paint adheres firmly to surfaces, providing a sense of security and confidence for climbers. Not only does it enhance climbing performance, but it also contributes to a safer climbing environment.  With Multiple colors to customize your own climbing wall,  Equip your climbing wall with climbing grip paint to experience a significant improvement in climbing and enjoy fantastic moments on your wall. Don't miss out on the opportunity to elevate your climbing experience \u2013 get climbing grip paint today!  &nbsp;","og_url":"https:\/\/pushclimbing.vn\/vi\/san-pham\/climbing-grip-paint-volume-holds-or-surface-of-climbing-wall\/","og_site_name":"Push Climbing","article_publisher":"https:\/\/www.facebook.com\/pushrockclimbing","article_modified_time":"2025-03-18T07:00:41+00:00","og_image":[{"width":1080,"height":1080,"url":"https:\/\/pushclimbing.vn\/wp-content\/uploads\/2023\/08\/1080X1080PX-FREE-DESGIN-.png","type":"image\/png"}],"twitter_card":"summary_large_image","twitter_misc":{"\u01af\u1edbc t\u00ednh th\u1eddi gian \u0111\u1ecdc":"1 ph\u00fat"},"schema":{"@context":"https:\/\/schema.org","@graph":[{"@type":"WebPage","@id":"https:\/\/pushclimbing.vn\/vi\/san-pham\/climbing-grip-paint-volume-holds-or-surface-of-climbing-wall\/","url":"https:\/\/pushclimbing.vn\/vi\/san-pham\/climbing-grip-paint-volume-holds-or-surface-of-climbing-wall\/","name":"Climbing grip paint (Volume Holds or Surface of Climbing Wall) - Push Climbing","isPartOf":{"@id":"https:\/\/pushclimbing.vn\/#website"},"primaryImageOfPage":{"@id":"https:\/\/pushclimbing.vn\/vi\/san-pham\/climbing-grip-paint-volume-holds-or-surface-of-climbing-wall\/#primaryimage"},"image":{"@id":"https:\/\/pushclimbing.vn\/vi\/san-pham\/climbing-grip-paint-volume-holds-or-surface-of-climbing-wall\/#primaryimage"},"thumbnailUrl":"https:\/\/pushclimbing.vn\/wp-content\/uploads\/2023\/08\/1080X1080PX-FREE-DESGIN-.png","datePublished":"2023-08-24T11:38:42+00:00","dateModified":"2025-03-18T07:00:41+00:00","breadcrumb":{"@id":"https:\/\/pushclimbing.vn\/vi\/san-pham\/climbing-grip-paint-volume-holds-or-surface-of-climbing-wall\/#breadcrumb"},"inLanguage":"vi","potentialAction":[{"@type":"ReadAction","target":["https:\/\/pushclimbing.vn\/vi\/san-pham\/climbing-grip-paint-volume-holds-or-surface-of-climbing-wall\/"]}]},{"@type":"ImageObject","inLanguage":"vi","@id":"https:\/\/pushclimbing.vn\/vi\/san-pham\/climbing-grip-paint-volume-holds-or-surface-of-climbing-wall\/#primaryimage","url":"https:\/\/pushclimbing.vn\/wp-content\/uploads\/2023\/08\/1080X1080PX-FREE-DESGIN-.png","contentUrl":"https:\/\/pushclimbing.vn\/wp-content\/uploads\/2023\/08\/1080X1080PX-FREE-DESGIN-.png","width":1080,"height":1080},{"@type":"BreadcrumbList","@id":"https:\/\/pushclimbing.vn\/vi\/san-pham\/climbing-grip-paint-volume-holds-or-surface-of-climbing-wall\/#breadcrumb","itemListElement":[{"@type":"ListItem","position":1,"name":"Home","item":"https:\/\/pushclimbing.vn\/"},{"@type":"ListItem","position":2,"name":"Shop","item":"https:\/\/pushclimbing.vn\/shop\/"},{"@type":"ListItem","position":3,"name":"Climbing grip paint (Volume Holds or Surface of Climbing Wall)"}]},{"@type":"WebSite","@id":"https:\/\/pushclimbing.vn\/#website","url":"https:\/\/pushclimbing.vn\/","name":"Push Climbing","description":"Conquer Your Mountain","publisher":{"@id":"https:\/\/pushclimbing.vn\/#organization"},"potentialAction":[{"@type":"SearchAction","target":{"@type":"EntryPoint","urlTemplate":"https:\/\/pushclimbing.vn\/?s={search_term_string}"},"query-input":{"@type":"PropertyValueSpecification","valueRequired":true,"valueName":"search_term_string"}}],"inLanguage":"vi"},{"@type":"Organization","@id":"https:\/\/pushclimbing.vn\/#organization","name":"Push Climbing","url":"https:\/\/pushclimbing.vn\/","logo":{"@type":"ImageObject","inLanguage":"vi","@id":"https:\/\/pushclimbing.vn\/#\/schema\/logo\/image\/","url":"https:\/\/pushclimbing.vn\/wp-content\/uploads\/2022\/07\/push-logo-canvas.png","contentUrl":"https:\/\/pushclimbing.vn\/wp-content\/uploads\/2022\/07\/push-logo-canvas.png","width":400,"height":400,"caption":"Push Climbing"},"image":{"@id":"https:\/\/pushclimbing.vn\/#\/schema\/logo\/image\/"},"sameAs":["https:\/\/www.facebook.com\/pushrockclimbing"]}]}},"_links":{"self":[{"href":"https:\/\/pushclimbing.vn\/vi\/wp-json\/wp\/v2\/product\/28130","targetHints":{"allow":["GET"]}}],"collection":[{"href":"https:\/\/pushclimbing.vn\/vi\/wp-json\/wp\/v2\/product"}],"about":[{"href":"https:\/\/pushclimbing.vn\/vi\/wp-json\/wp\/v2\/types\/product"}],"replies":[{"embeddable":true,"href":"https:\/\/pushclimbing.vn\/vi\/wp-json\/wp\/v2\/comments?post=28130"}],"wp:featuredmedia":[{"embeddable":true,"href":"https:\/\/pushclimbing.vn\/vi\/wp-json\/wp\/v2\/media\/28700"}],"wp:attachment":[{"href":"https:\/\/pushclimbing.vn\/vi\/wp-json\/wp\/v2\/media?parent=28130"}],"wp:term":[{"taxonomy":"product_brand","embeddable":true,"href":"https:\/\/pushclimbing.vn\/vi\/wp-json\/wp\/v2\/product_brand?post=28130"},{"taxonomy":"product_cat","embeddable":true,"href":"https:\/\/pushclimbing.vn\/vi\/wp-json\/wp\/v2\/product_cat?post=28130"},{"taxonomy":"product_tag","embeddable":true,"href":"https:\/\/pushclimbing.vn\/vi\/wp-json\/wp\/v2\/product_tag?post=28130"}],"curies":[{"name":"wp","href":"https:\/\/api.w.org\/{rel}","templated":true}]}}