{"id":28125,"date":"2023-08-24T17:45:33","date_gmt":"2023-08-24T10:45:33","guid":{"rendered":"https:\/\/pushclimbing.vn\/?post_type=product&#038;p=28125"},"modified":"2025-03-18T14:00:55","modified_gmt":"2025-03-18T07:00:55","slug":"mattress-foam-1660mm-x-2000mm-no-cover","status":"publish","type":"product","link":"https:\/\/pushclimbing.vn\/vi\/san-pham\/mattress-foam-1660mm-x-2000mm-no-cover\/","title":{"rendered":"N\u1ec7m M\u00fat 1660mm x 2000mm (Tu\u1ef3 ch\u1ecdn B\u1ecdc N\u1ec7m)"},"content":{"rendered":"<div class=\"fusion-fullwidth fullwidth-box fusion-builder-row-1 fusion-flex-container nonhundred-percent-fullwidth non-hundred-percent-height-scrolling\" style=\"--awb-border-radius-top-left:0px;--awb-border-radius-top-right:0px;--awb-border-radius-bottom-right:0px;--awb-border-radius-bottom-left:0px;--awb-flex-wrap:wrap;\" ><div class=\"fusion-builder-row fusion-row fusion-flex-align-items-flex-start fusion-flex-content-wrap\" style=\"max-width:1216.8px;margin-left: calc(-4% \/ 2 );margin-right: calc(-4% \/ 2 );\"><div class=\"fusion-layout-column fusion_builder_column fusion-builder-column-0 fusion_builder_column_1_1 1_1 fusion-flex-column\" style=\"--awb-bg-size:cover;--awb-width-large:100%;--awb-margin-top-large:0px;--awb-spacing-right-large:1.92%;--awb-margin-bottom-large:0px;--awb-spacing-left-large:1.92%;--awb-width-medium:100%;--awb-spacing-right-medium:1.92%;--awb-spacing-left-medium:1.92%;--awb-width-small:100%;--awb-spacing-right-small:1.92%;--awb-spacing-left-small:1.92%;\"><div class=\"fusion-column-wrapper fusion-flex-justify-content-flex-start fusion-content-layout-column\"><div class=\"fusion-text fusion-text-1\"><p>V\u1edbi c\u00e1c m\u1eadt \u0111\u1ed9 D20, D30 v\u00e0 D40, b\u1ea1n c\u00f3 th\u1ec3 l\u1ef1a ch\u1ecdn \u0111\u1ed9 c\u1ee9ng ph\u00f9 h\u1ee3p. K\u00edch th\u01b0\u1edbc r\u1ed9ng r\u00e3i 1660mm x 2000mm \u0111\u1ea3m b\u1ea3o ph\u1ee7 s\u00f3ng cho nhu c\u1ea7u s\u1eed d\u1ee5ng c\u1ee7a b\u1ea1n.<\/p>\n<p>Ngo\u00e0i ra, b\u1ea1n c\u00f3 th\u1ec3 th\u00eam bao ph\u1ee7 b\u1eb1ng ch\u1ea5t li\u1ec7u PVC b\u1ec1n, gi\u00fap gia t\u0103ng tu\u1ed5i th\u1ecd c\u1ee7a m\u00fat \u0111\u1ec7m v\u00e0 t\u1ea1o b\u1ec1 m\u1eb7t d\u1ec5 d\u00e0ng l\u00e0m s\u1ea1ch. Chi ph\u00ed bao ph\u1ee7 \u0111\u01b0\u1ee3c t\u00ednh ri\u00eang, mang \u0111\u1ebfn s\u1ef1 linh ho\u1ea1t cho l\u1ef1a ch\u1ecdn d\u1ef1a tr\u00ean nhu c\u1ea7u c\u1ee7a b\u1ea1n.<\/p>\n<p>D\u00f9 b\u1ea1n trang b\u1ecb cho gi\u01b0\u1eddng, t\u1ea1o m\u1ed9t khu v\u1ef1c ng\u1ed3i tho\u1ea3i m\u00e1i hay n\u00e2ng cao s\u1ef1 tho\u1ea3i m\u00e1i trong c\u00e1c ho\u1ea1t \u0111\u1ed9ng kh\u00e1c nhau, M\u00fat \u0111\u1ec7m c\u1ee7a ch\u00fang t\u00f4i v\u1edbi c\u00e1c t\u00f9y ch\u1ecdn t\u00f9y ch\u1ec9nh s\u1eb5n s\u00e0ng mang \u0111\u1ebfn s\u1ef1 tho\u1ea3i m\u00e1i v\u00e0 h\u1ed7 tr\u1ee3 m\u00e0 b\u1ea1n \u0111ang t\u00ecm ki\u1ebfm. Tr\u1ea3i nghi\u1ec7m s\u1ef1 th\u01b0 gi\u00e3n v\u00e0 \u0111\u1ec7m \u00eam ch\u01b0a t\u1eebng c\u00f3 v\u1edbi M\u00fat \u0111\u1ec7m \u0111a n\u0103ng c\u1ee7a ch\u00fang t\u00f4i.<\/p>\n<\/div><\/div><\/div><\/div><\/div>","protected":false},"excerpt":{"rendered":"<p><strong>B\u00e0y T\u1ecf \u01af\u1edbc Mu\u1ed1n C\u1ee7a  B\u1ea1n \u1ede \u0110\u00e2y:<a href=\"https:\/\/pushclimbing.vn\/vi\/?page_id=28957\">*Ch\u1ea1m \u1ede \u0110\u00e2y*<\/a><\/strong><\/p>\n<p><strong>Gi\u1edbi thi\u1ec7u M\u00fat \u0111\u1ec7m (Kh\u00f4ng k\u00e8m b\u1ecdc)<\/strong> \u2013 v\u1edbi M\u1eadt \u0110\u1ed9: D20-30-40, k\u00edch th\u01b0\u1edbc 1660mm x 2000mm.<\/p>\n<p>Kh\u00e1m ph\u00e1 M\u00fat \u0111\u1ec7m ch\u1ea5t l\u01b0\u1ee3ng cao c\u1ee7a ch\u00fang t\u00f4i \u0111\u01b0\u1ee3c thi\u1ebft k\u1ebf \u0111\u1ec3 cung c\u1ea5p s\u1ef1 tho\u1ea3i m\u00e1i v\u00e0 h\u1ed7 tr\u1ee3 t\u1ed1i \u01b0u cho nhi\u1ec1u \u1ee9ng d\u1ee5ng kh\u00e1c nhau. M\u00fat \u0111\u1ec7m n\u00e0y kh\u00f4ng c\u00f3 bao ph\u1ee7, mang \u0111\u1ebfn linh ho\u1ea1t \u0111\u1ec3 b\u1ea1n t\u00f9y ch\u1ec9nh theo s\u1edf th\u00edch c\u00e1 nh\u00e2n. \u0110\u00e2y l\u00e0 l\u1ef1a ch\u1ecdn tuy\u1ec7t v\u1eddi cho nh\u1eefng ng\u01b0\u1eddi t\u00ecm ki\u1ebfm b\u1ec1 m\u1eb7t tho\u1ea3i m\u00e1i cho vi\u1ec7c ng\u1ee7, th\u01b0 gi\u00e3n ho\u1eb7c b\u1ea5t k\u1ef3 ho\u1ea1t \u0111\u1ed9ng n\u00e0o c\u1ea7n s\u1ef1 \u0111\u1ec7m \u00eam.<\/p>\n<p>&nbsp;<\/p>","protected":false},"featured_media":28593,"comment_status":"open","ping_status":"closed","template":"","meta":{"_acf_changed":false},"product_brand":[1013],"product_cat":[966],"product_tag":[749,750,751,748],"class_list":{"0":"post-28125","1":"product","2":"type-product","3":"status-publish","4":"has-post-thumbnail","6":"product_brand-push","7":"product_cat-new-arrivals","8":"product_tag-foam","9":"product_tag-indoor-mattress","10":"product_tag-mattress","11":"product_tag-mattress-foam","13":"first","14":"onbackorder","15":"taxable","16":"shipping-taxable","17":"product-type-variable"},"acf":[],"yoast_head":"<!-- This site is optimized with the Yoast SEO plugin v27.3 - https:\/\/yoast.com\/product\/yoast-seo-wordpress\/ -->\n<title>Mattress Foam 1660mm x 2000mm (Optional Cover) - Push Climbing<\/title>\n<meta name=\"robots\" content=\"index, follow, max-snippet:-1, max-image-preview:large, max-video-preview:-1\" \/>\n<link rel=\"canonical\" href=\"https:\/\/pushclimbing.vn\/vi\/san-pham\/mattress-foam-1660mm-x-2000mm-no-cover\/\" \/>\n<meta property=\"og:locale\" content=\"vi_VN\" \/>\n<meta property=\"og:type\" content=\"article\" \/>\n<meta property=\"og:title\" content=\"Mattress Foam 1660mm x 2000mm (Optional Cover) - Push Climbing\" \/>\n<meta property=\"og:description\" content=\"Express your Dream here:*Tap Here*  Introducing Mattress Foam (No Cover) - with Density: D20-30-40, measuring 1660mm x 2000mm.  Discover our high-quality Mattress Foam designed for superior comfort and support. This foam comes uncovered, allowing you to personalize it to your preferences. Ideal for sleeping, relaxing, or any cushioning need.  &nbsp;\" \/>\n<meta property=\"og:url\" content=\"https:\/\/pushclimbing.vn\/vi\/san-pham\/mattress-foam-1660mm-x-2000mm-no-cover\/\" \/>\n<meta property=\"og:site_name\" content=\"Push Climbing\" \/>\n<meta property=\"article:publisher\" content=\"https:\/\/www.facebook.com\/pushrockclimbing\" \/>\n<meta property=\"article:modified_time\" content=\"2025-03-18T07:00:55+00:00\" \/>\n<meta property=\"og:image\" content=\"https:\/\/pushclimbing.vn\/wp-content\/uploads\/2023\/08\/IMG_8925.jpg\" \/>\n\t<meta property=\"og:image:width\" content=\"2264\" \/>\n\t<meta property=\"og:image:height\" content=\"2228\" \/>\n\t<meta property=\"og:image:type\" content=\"image\/jpeg\" \/>\n<meta name=\"twitter:card\" content=\"summary_large_image\" \/>\n<meta name=\"twitter:label1\" content=\"\u01af\u1edbc t\u00ednh th\u1eddi gian \u0111\u1ecdc\" \/>\n\t<meta name=\"twitter:data1\" content=\"2 ph\u00fat\" \/>\n<script type=\"application\/ld+json\" class=\"yoast-schema-graph\">{\"@context\":\"https:\\\/\\\/schema.org\",\"@graph\":[{\"@type\":\"WebPage\",\"@id\":\"https:\\\/\\\/pushclimbing.vn\\\/product\\\/mattress-foam-1660mm-x-2000mm-no-cover\\\/\",\"url\":\"https:\\\/\\\/pushclimbing.vn\\\/product\\\/mattress-foam-1660mm-x-2000mm-no-cover\\\/\",\"name\":\"Mattress Foam 1660mm x 2000mm (Optional Cover) - Push Climbing\",\"isPartOf\":{\"@id\":\"https:\\\/\\\/pushclimbing.vn\\\/#website\"},\"primaryImageOfPage\":{\"@id\":\"https:\\\/\\\/pushclimbing.vn\\\/product\\\/mattress-foam-1660mm-x-2000mm-no-cover\\\/#primaryimage\"},\"image\":{\"@id\":\"https:\\\/\\\/pushclimbing.vn\\\/product\\\/mattress-foam-1660mm-x-2000mm-no-cover\\\/#primaryimage\"},\"thumbnailUrl\":\"https:\\\/\\\/pushclimbing.vn\\\/wp-content\\\/uploads\\\/2023\\\/08\\\/IMG_8925.jpg\",\"datePublished\":\"2023-08-24T10:45:33+00:00\",\"dateModified\":\"2025-03-18T07:00:55+00:00\",\"breadcrumb\":{\"@id\":\"https:\\\/\\\/pushclimbing.vn\\\/product\\\/mattress-foam-1660mm-x-2000mm-no-cover\\\/#breadcrumb\"},\"inLanguage\":\"vi\",\"potentialAction\":[{\"@type\":\"ReadAction\",\"target\":[\"https:\\\/\\\/pushclimbing.vn\\\/product\\\/mattress-foam-1660mm-x-2000mm-no-cover\\\/\"]}]},{\"@type\":\"ImageObject\",\"inLanguage\":\"vi\",\"@id\":\"https:\\\/\\\/pushclimbing.vn\\\/product\\\/mattress-foam-1660mm-x-2000mm-no-cover\\\/#primaryimage\",\"url\":\"https:\\\/\\\/pushclimbing.vn\\\/wp-content\\\/uploads\\\/2023\\\/08\\\/IMG_8925.jpg\",\"contentUrl\":\"https:\\\/\\\/pushclimbing.vn\\\/wp-content\\\/uploads\\\/2023\\\/08\\\/IMG_8925.jpg\",\"width\":2264,\"height\":2228},{\"@type\":\"BreadcrumbList\",\"@id\":\"https:\\\/\\\/pushclimbing.vn\\\/product\\\/mattress-foam-1660mm-x-2000mm-no-cover\\\/#breadcrumb\",\"itemListElement\":[{\"@type\":\"ListItem\",\"position\":1,\"name\":\"Home\",\"item\":\"https:\\\/\\\/pushclimbing.vn\\\/\"},{\"@type\":\"ListItem\",\"position\":2,\"name\":\"Shop\",\"item\":\"https:\\\/\\\/pushclimbing.vn\\\/shop\\\/\"},{\"@type\":\"ListItem\",\"position\":3,\"name\":\"Mattress Foam 1660mm x 2000mm (Optional Cover)\"}]},{\"@type\":\"WebSite\",\"@id\":\"https:\\\/\\\/pushclimbing.vn\\\/#website\",\"url\":\"https:\\\/\\\/pushclimbing.vn\\\/\",\"name\":\"Push Climbing\",\"description\":\"Conquer Your Mountain\",\"publisher\":{\"@id\":\"https:\\\/\\\/pushclimbing.vn\\\/#organization\"},\"potentialAction\":[{\"@type\":\"SearchAction\",\"target\":{\"@type\":\"EntryPoint\",\"urlTemplate\":\"https:\\\/\\\/pushclimbing.vn\\\/?s={search_term_string}\"},\"query-input\":{\"@type\":\"PropertyValueSpecification\",\"valueRequired\":true,\"valueName\":\"search_term_string\"}}],\"inLanguage\":\"vi\"},{\"@type\":\"Organization\",\"@id\":\"https:\\\/\\\/pushclimbing.vn\\\/#organization\",\"name\":\"Push Climbing\",\"url\":\"https:\\\/\\\/pushclimbing.vn\\\/\",\"logo\":{\"@type\":\"ImageObject\",\"inLanguage\":\"vi\",\"@id\":\"https:\\\/\\\/pushclimbing.vn\\\/#\\\/schema\\\/logo\\\/image\\\/\",\"url\":\"https:\\\/\\\/pushclimbing.vn\\\/wp-content\\\/uploads\\\/2022\\\/07\\\/push-logo-canvas.png\",\"contentUrl\":\"https:\\\/\\\/pushclimbing.vn\\\/wp-content\\\/uploads\\\/2022\\\/07\\\/push-logo-canvas.png\",\"width\":400,\"height\":400,\"caption\":\"Push Climbing\"},\"image\":{\"@id\":\"https:\\\/\\\/pushclimbing.vn\\\/#\\\/schema\\\/logo\\\/image\\\/\"},\"sameAs\":[\"https:\\\/\\\/www.facebook.com\\\/pushrockclimbing\"]}]}<\/script>\n<!-- \/ Yoast SEO plugin. -->","yoast_head_json":{"title":"Mattress Foam 1660mm x 2000mm (Optional Cover) - Push Climbing","robots":{"index":"index","follow":"follow","max-snippet":"max-snippet:-1","max-image-preview":"max-image-preview:large","max-video-preview":"max-video-preview:-1"},"canonical":"https:\/\/pushclimbing.vn\/vi\/san-pham\/mattress-foam-1660mm-x-2000mm-no-cover\/","og_locale":"vi_VN","og_type":"article","og_title":"Mattress Foam 1660mm x 2000mm (Optional Cover) - Push Climbing","og_description":"Express your Dream here:*Tap Here*  Introducing Mattress Foam (No Cover) - with Density: D20-30-40, measuring 1660mm x 2000mm.  Discover our high-quality Mattress Foam designed for superior comfort and support. This foam comes uncovered, allowing you to personalize it to your preferences. Ideal for sleeping, relaxing, or any cushioning need.  &nbsp;","og_url":"https:\/\/pushclimbing.vn\/vi\/san-pham\/mattress-foam-1660mm-x-2000mm-no-cover\/","og_site_name":"Push Climbing","article_publisher":"https:\/\/www.facebook.com\/pushrockclimbing","article_modified_time":"2025-03-18T07:00:55+00:00","og_image":[{"width":2264,"height":2228,"url":"https:\/\/pushclimbing.vn\/wp-content\/uploads\/2023\/08\/IMG_8925.jpg","type":"image\/jpeg"}],"twitter_card":"summary_large_image","twitter_misc":{"\u01af\u1edbc t\u00ednh th\u1eddi gian \u0111\u1ecdc":"2 ph\u00fat"},"schema":{"@context":"https:\/\/schema.org","@graph":[{"@type":"WebPage","@id":"https:\/\/pushclimbing.vn\/product\/mattress-foam-1660mm-x-2000mm-no-cover\/","url":"https:\/\/pushclimbing.vn\/product\/mattress-foam-1660mm-x-2000mm-no-cover\/","name":"Mattress Foam 1660mm x 2000mm (Optional Cover) - Push Climbing","isPartOf":{"@id":"https:\/\/pushclimbing.vn\/#website"},"primaryImageOfPage":{"@id":"https:\/\/pushclimbing.vn\/product\/mattress-foam-1660mm-x-2000mm-no-cover\/#primaryimage"},"image":{"@id":"https:\/\/pushclimbing.vn\/product\/mattress-foam-1660mm-x-2000mm-no-cover\/#primaryimage"},"thumbnailUrl":"https:\/\/pushclimbing.vn\/wp-content\/uploads\/2023\/08\/IMG_8925.jpg","datePublished":"2023-08-24T10:45:33+00:00","dateModified":"2025-03-18T07:00:55+00:00","breadcrumb":{"@id":"https:\/\/pushclimbing.vn\/product\/mattress-foam-1660mm-x-2000mm-no-cover\/#breadcrumb"},"inLanguage":"vi","potentialAction":[{"@type":"ReadAction","target":["https:\/\/pushclimbing.vn\/product\/mattress-foam-1660mm-x-2000mm-no-cover\/"]}]},{"@type":"ImageObject","inLanguage":"vi","@id":"https:\/\/pushclimbing.vn\/product\/mattress-foam-1660mm-x-2000mm-no-cover\/#primaryimage","url":"https:\/\/pushclimbing.vn\/wp-content\/uploads\/2023\/08\/IMG_8925.jpg","contentUrl":"https:\/\/pushclimbing.vn\/wp-content\/uploads\/2023\/08\/IMG_8925.jpg","width":2264,"height":2228},{"@type":"BreadcrumbList","@id":"https:\/\/pushclimbing.vn\/product\/mattress-foam-1660mm-x-2000mm-no-cover\/#breadcrumb","itemListElement":[{"@type":"ListItem","position":1,"name":"Home","item":"https:\/\/pushclimbing.vn\/"},{"@type":"ListItem","position":2,"name":"Shop","item":"https:\/\/pushclimbing.vn\/shop\/"},{"@type":"ListItem","position":3,"name":"Mattress Foam 1660mm x 2000mm (Optional Cover)"}]},{"@type":"WebSite","@id":"https:\/\/pushclimbing.vn\/#website","url":"https:\/\/pushclimbing.vn\/","name":"Push Climbing","description":"Conquer Your Mountain","publisher":{"@id":"https:\/\/pushclimbing.vn\/#organization"},"potentialAction":[{"@type":"SearchAction","target":{"@type":"EntryPoint","urlTemplate":"https:\/\/pushclimbing.vn\/?s={search_term_string}"},"query-input":{"@type":"PropertyValueSpecification","valueRequired":true,"valueName":"search_term_string"}}],"inLanguage":"vi"},{"@type":"Organization","@id":"https:\/\/pushclimbing.vn\/#organization","name":"Push Climbing","url":"https:\/\/pushclimbing.vn\/","logo":{"@type":"ImageObject","inLanguage":"vi","@id":"https:\/\/pushclimbing.vn\/#\/schema\/logo\/image\/","url":"https:\/\/pushclimbing.vn\/wp-content\/uploads\/2022\/07\/push-logo-canvas.png","contentUrl":"https:\/\/pushclimbing.vn\/wp-content\/uploads\/2022\/07\/push-logo-canvas.png","width":400,"height":400,"caption":"Push Climbing"},"image":{"@id":"https:\/\/pushclimbing.vn\/#\/schema\/logo\/image\/"},"sameAs":["https:\/\/www.facebook.com\/pushrockclimbing"]}]}},"_links":{"self":[{"href":"https:\/\/pushclimbing.vn\/vi\/wp-json\/wp\/v2\/product\/28125","targetHints":{"allow":["GET"]}}],"collection":[{"href":"https:\/\/pushclimbing.vn\/vi\/wp-json\/wp\/v2\/product"}],"about":[{"href":"https:\/\/pushclimbing.vn\/vi\/wp-json\/wp\/v2\/types\/product"}],"replies":[{"embeddable":true,"href":"https:\/\/pushclimbing.vn\/vi\/wp-json\/wp\/v2\/comments?post=28125"}],"wp:featuredmedia":[{"embeddable":true,"href":"https:\/\/pushclimbing.vn\/vi\/wp-json\/wp\/v2\/media\/28593"}],"wp:attachment":[{"href":"https:\/\/pushclimbing.vn\/vi\/wp-json\/wp\/v2\/media?parent=28125"}],"wp:term":[{"taxonomy":"product_brand","embeddable":true,"href":"https:\/\/pushclimbing.vn\/vi\/wp-json\/wp\/v2\/product_brand?post=28125"},{"taxonomy":"product_cat","embeddable":true,"href":"https:\/\/pushclimbing.vn\/vi\/wp-json\/wp\/v2\/product_cat?post=28125"},{"taxonomy":"product_tag","embeddable":true,"href":"https:\/\/pushclimbing.vn\/vi\/wp-json\/wp\/v2\/product_tag?post=28125"}],"curies":[{"name":"wp","href":"https:\/\/api.w.org\/{rel}","templated":true}]}}