{"id":28086,"date":"2023-08-23T14:41:57","date_gmt":"2023-08-23T07:41:57","guid":{"rendered":"https:\/\/pushclimbing.vn\/?post_type=product&#038;p=28086"},"modified":"2025-03-18T14:01:13","modified_gmt":"2025-03-18T07:01:13","slug":"diy-full-climbing-panel","status":"publish","type":"product","link":"https:\/\/pushclimbing.vn\/vi\/san-pham\/diy-full-climbing-panel\/","title":{"rendered":"B\u1ea3ng Leo N\u00fai T\u1ef1 Ch\u1ebf (1220mm x 2440mm)"},"content":{"rendered":"<div class=\"fusion-fullwidth fullwidth-box fusion-builder-row-1 fusion-flex-container nonhundred-percent-fullwidth non-hundred-percent-height-scrolling\" style=\"--awb-border-radius-top-left:0px;--awb-border-radius-top-right:0px;--awb-border-radius-bottom-right:0px;--awb-border-radius-bottom-left:0px;--awb-flex-wrap:wrap;\" ><div class=\"fusion-builder-row fusion-row fusion-flex-align-items-flex-start fusion-flex-content-wrap\" style=\"max-width:1216.8px;margin-left: calc(-4% \/ 2 );margin-right: calc(-4% \/ 2 );\"><div class=\"fusion-layout-column fusion_builder_column fusion-builder-column-0 fusion_builder_column_1_1 1_1 fusion-flex-column\" style=\"--awb-bg-size:cover;--awb-width-large:100%;--awb-margin-top-large:0px;--awb-spacing-right-large:1.92%;--awb-margin-bottom-large:0px;--awb-spacing-left-large:1.92%;--awb-width-medium:100%;--awb-spacing-right-medium:1.92%;--awb-spacing-left-medium:1.92%;--awb-width-small:100%;--awb-spacing-right-small:1.92%;--awb-spacing-left-small:1.92%;\"><div class=\"fusion-column-wrapper fusion-flex-justify-content-flex-start fusion-content-layout-column\"><div class=\"fusion-text fusion-text-1\"><p><strong>C\u00e1c t\u1ea5m g\u1ed7 DIY<\/strong> c\u1ee7a ch\u00fang t\u00f4i \u0111\u01b0\u1ee3c thi\u1ebft k\u1ebf v\u00e0 s\u1ea3n xu\u1ea5t \u0111\u1ec3 vi\u1ec7c x\u00e2y d\u1ef1ng t\u01b0\u1eddng leo tr\u1edf n\u00ean d\u1ec5 d\u00e0ng v\u00e0 kh\u00f4ng g\u1eb7p kh\u00f3 kh\u0103n. C\u00e1c t\u1ea5m \u0111\u00e3 \u0111\u01b0\u1ee3c t\u1ea1o k\u1ebft c\u1ea5u, khoan l\u1ed7 (tu\u1ef3 ch\u1ecdn) v\u00e0 l\u1eafp \u0111\u1eb7t \u1ed1c t\u00e1n s\u1eb5n (tu\u1ef3 ch\u1ecdn), gi\u00fap ti\u1ebft ki\u1ec7m th\u1eddi gian. T\u1ea5m g\u1ed7 ph\u00f9 h\u1ee3p \u0111\u1ec3 s\u1eed d\u1ee5ng trong nh\u00e0 ho\u1eb7c ngo\u00e0i tr\u1eddi c\u00f3 m\u00e1i che.<\/p>\n<p>K\u00edch th\u01b0\u1edbc 1220mm x 2440mm v\u00e0 \u0111\u1ed9 d\u00e0y 12\/18\/23mm gi\u00fap d\u1ec5 d\u00e0ng l\u1eafp \u0111\u1eb7t m\u1ed9t m\u00ecnh v\u00e0 t\u1ea1o nhi\u1ec1u g\u00f3c leo kh\u00e1c nhau.<\/p>\n<p><em>*Image Reference: Escape Climbing &amp; Crescent Wall.<\/em><\/p>\n<\/div><\/div><\/div><\/div><\/div>","protected":false},"excerpt":{"rendered":"<p><strong>B\u00e0y T\u1ecf \u01af\u1edbc Mu\u1ed1n C\u1ee7a  B\u1ea1n \u1ede \u0110\u00e2y:<a href=\"https:\/\/pushclimbing.vn\/vi\/?page_id=28957\">*Ch\u1ea1m \u1ede \u0110\u00e2y*<\/a><\/strong><\/p>\n<p>T\u1ea5m g\u1ed7 \u0111\u00e3 ho\u00e0n th\u00e0nh, s\u1eb5n s\u00e0ng \u0111\u1ec3 l\u1eafp \u0111\u1eb7t (v\u00e2n g\u1ed7 t\u1ef1 nhi\u00ean).<\/p>\n<p>Gi\u1edbi thi\u1ec7u T\u1ea5m Leo N\u00fai T\u1ef1 L\u1eafp - gi\u1ea3i ph\u00e1p cho vi\u1ec7c thi\u1ebft l\u1eadp t\u01b0\u1eddng leo n\u00fai c\u00e1 nh\u00e2n ho\u1eb7c kh\u1edfi nghi\u1ec7p kinh doanh leo n\u00fai c\u1ee7a b\u1ea1n. Nh\u1eefng t\u1ea5m n\u00e0y \u0111\u01b0\u1ee3c thi\u1ebft k\u1ebf \u0111\u1ec3 thu\u1eadn ti\u1ec7n v\u00e0 d\u1ec5 s\u1eed d\u1ee5ng, \u0111i k\u00e8m v\u1edbi c\u1ea5u tr\u00fac \u0111\u00e3 \u0111\u01b0\u1ee3c l\u00e0m s\u1eb5n v\u00e0 l\u1ef1a ch\u1ecdn l\u1ed7 v\u00e0 \u0111inh v\u00edt T-nuts \u0111\u00e3 \u0111\u01b0\u1ee3c khoan s\u1eb5n. Cho d\u00f9 l\u00e0 \u0111\u1ec3 s\u1eed d\u1ee5ng c\u00e1 nh\u00e2n hay kinh doanh th\u01b0\u01a1ng m\u1ea1i, nh\u1eefng t\u1ea5m c\u1ee7a ch\u00fang t\u00f4i cung c\u1ea5p n\u1ec1n t\u1ea3ng ho\u00e0n h\u1ea3o. C\u00f3 s\u1eb5n trong nhi\u1ec1u \u0111\u1ed9 d\u00e0y v\u00e0 d\u1ec5 l\u1eafp \u0111\u1eb7t, ch\u00fang mang l\u1ea1i v\u00f4 s\u1ed1 kh\u1ea3 n\u0103ng \u0111\u1ec3 t\u1ea1o ra tr\u1ea3i nghi\u1ec7m leo n\u00fai l\u00fd t\u01b0\u1edfng c\u1ee7a b\u1ea1n.<\/p>\n<p>K\u00edch th\u01b0\u1edbc 1220mm x 2440mm v\u00e0 \u0111\u1ed9 d\u00e0y 12\/18\/23mm gi\u00fap d\u1ec5 d\u00e0ng l\u1eafp \u0111\u1eb7t m\u1ed9t m\u00ecnh v\u00e0 t\u1ea1o nhi\u1ec1u g\u00f3c leo kh\u00e1c nhau.<\/p>\n<p>&nbsp;<\/p>","protected":false},"featured_media":28087,"comment_status":"open","ping_status":"closed","template":"","meta":{"_acf_changed":false},"product_brand":[1013],"product_cat":[966],"product_tag":[745,747,624,746],"class_list":{"0":"post-28086","1":"product","2":"type-product","3":"status-publish","4":"has-post-thumbnail","6":"product_brand-push","7":"product_cat-new-arrivals","8":"product_tag-climbing-panel","9":"product_tag-climbing-wall","10":"product_tag-diy","11":"product_tag-wood-panel","13":"first","14":"onbackorder","15":"taxable","16":"shipping-taxable","17":"product-type-variable"},"acf":[],"yoast_head":"<!-- This site is optimized with the Yoast SEO plugin v27.3 - https:\/\/yoast.com\/product\/yoast-seo-wordpress\/ -->\n<title>DIY Full Climbing Panel (1220mm x 2440mm) - Push Climbing<\/title>\n<meta name=\"robots\" content=\"index, follow, max-snippet:-1, max-image-preview:large, max-video-preview:-1\" \/>\n<link rel=\"canonical\" href=\"https:\/\/pushclimbing.vn\/vi\/san-pham\/diy-full-climbing-panel\/\" \/>\n<meta property=\"og:locale\" content=\"vi_VN\" \/>\n<meta property=\"og:type\" content=\"article\" \/>\n<meta property=\"og:title\" content=\"DIY Full Climbing Panel (1220mm x 2440mm) - Push Climbing\" \/>\n<meta property=\"og:description\" content=\"Express your Dream here:*Tap Here*  Finished Panels Ready for Install (Natural Wood Grain).  Introducing our DIY Climbing Panels \u2013 your solution for setting up your very own climbing wall or starting a climbing business. These panels are designed for convenience and ease, coming with pre-made structures and optional pre-drilled holes and T-nuts. Whether it&#039;s for personal use or a commercial venture, our panels provide the perfect foundation. Available in various thicknesses and easy to install, they offer endless possibilities for creating your ideal climbing experience.  With dimensions of 1220mm x 2440mm and thickness options of 12\/18\/23mm.  &nbsp;\" \/>\n<meta property=\"og:url\" content=\"https:\/\/pushclimbing.vn\/vi\/san-pham\/diy-full-climbing-panel\/\" \/>\n<meta property=\"og:site_name\" content=\"Push Climbing\" \/>\n<meta property=\"article:publisher\" content=\"https:\/\/www.facebook.com\/pushrockclimbing\" \/>\n<meta property=\"article:modified_time\" content=\"2025-03-18T07:01:13+00:00\" \/>\n<meta property=\"og:image\" content=\"https:\/\/pushclimbing.vn\/wp-content\/uploads\/2023\/08\/PDP_EC76000_A-103_1024x1024.jpeg\" \/>\n\t<meta property=\"og:image:width\" content=\"1024\" \/>\n\t<meta property=\"og:image:height\" content=\"1024\" \/>\n\t<meta property=\"og:image:type\" content=\"image\/jpeg\" \/>\n<meta name=\"twitter:card\" content=\"summary_large_image\" \/>\n<meta name=\"twitter:label1\" content=\"\u01af\u1edbc t\u00ednh th\u1eddi gian \u0111\u1ecdc\" \/>\n\t<meta name=\"twitter:data1\" content=\"2 ph\u00fat\" \/>\n<script type=\"application\/ld+json\" class=\"yoast-schema-graph\">{\"@context\":\"https:\\\/\\\/schema.org\",\"@graph\":[{\"@type\":\"WebPage\",\"@id\":\"https:\\\/\\\/pushclimbing.vn\\\/product\\\/diy-full-climbing-panel\\\/\",\"url\":\"https:\\\/\\\/pushclimbing.vn\\\/product\\\/diy-full-climbing-panel\\\/\",\"name\":\"DIY Full Climbing Panel (1220mm x 2440mm) - Push Climbing\",\"isPartOf\":{\"@id\":\"https:\\\/\\\/pushclimbing.vn\\\/#website\"},\"primaryImageOfPage\":{\"@id\":\"https:\\\/\\\/pushclimbing.vn\\\/product\\\/diy-full-climbing-panel\\\/#primaryimage\"},\"image\":{\"@id\":\"https:\\\/\\\/pushclimbing.vn\\\/product\\\/diy-full-climbing-panel\\\/#primaryimage\"},\"thumbnailUrl\":\"https:\\\/\\\/pushclimbing.vn\\\/wp-content\\\/uploads\\\/2023\\\/08\\\/PDP_EC76000_A-103_1024x1024.jpeg\",\"datePublished\":\"2023-08-23T07:41:57+00:00\",\"dateModified\":\"2025-03-18T07:01:13+00:00\",\"breadcrumb\":{\"@id\":\"https:\\\/\\\/pushclimbing.vn\\\/product\\\/diy-full-climbing-panel\\\/#breadcrumb\"},\"inLanguage\":\"vi\",\"potentialAction\":[{\"@type\":\"ReadAction\",\"target\":[\"https:\\\/\\\/pushclimbing.vn\\\/product\\\/diy-full-climbing-panel\\\/\"]}]},{\"@type\":\"ImageObject\",\"inLanguage\":\"vi\",\"@id\":\"https:\\\/\\\/pushclimbing.vn\\\/product\\\/diy-full-climbing-panel\\\/#primaryimage\",\"url\":\"https:\\\/\\\/pushclimbing.vn\\\/wp-content\\\/uploads\\\/2023\\\/08\\\/PDP_EC76000_A-103_1024x1024.jpeg\",\"contentUrl\":\"https:\\\/\\\/pushclimbing.vn\\\/wp-content\\\/uploads\\\/2023\\\/08\\\/PDP_EC76000_A-103_1024x1024.jpeg\",\"width\":1024,\"height\":1024},{\"@type\":\"BreadcrumbList\",\"@id\":\"https:\\\/\\\/pushclimbing.vn\\\/product\\\/diy-full-climbing-panel\\\/#breadcrumb\",\"itemListElement\":[{\"@type\":\"ListItem\",\"position\":1,\"name\":\"Home\",\"item\":\"https:\\\/\\\/pushclimbing.vn\\\/\"},{\"@type\":\"ListItem\",\"position\":2,\"name\":\"Shop\",\"item\":\"https:\\\/\\\/pushclimbing.vn\\\/shop\\\/\"},{\"@type\":\"ListItem\",\"position\":3,\"name\":\"DIY Full Climbing Panel (1220mm x 2440mm)\"}]},{\"@type\":\"WebSite\",\"@id\":\"https:\\\/\\\/pushclimbing.vn\\\/#website\",\"url\":\"https:\\\/\\\/pushclimbing.vn\\\/\",\"name\":\"Push Climbing\",\"description\":\"Conquer Your Mountain\",\"publisher\":{\"@id\":\"https:\\\/\\\/pushclimbing.vn\\\/#organization\"},\"potentialAction\":[{\"@type\":\"SearchAction\",\"target\":{\"@type\":\"EntryPoint\",\"urlTemplate\":\"https:\\\/\\\/pushclimbing.vn\\\/?s={search_term_string}\"},\"query-input\":{\"@type\":\"PropertyValueSpecification\",\"valueRequired\":true,\"valueName\":\"search_term_string\"}}],\"inLanguage\":\"vi\"},{\"@type\":\"Organization\",\"@id\":\"https:\\\/\\\/pushclimbing.vn\\\/#organization\",\"name\":\"Push Climbing\",\"url\":\"https:\\\/\\\/pushclimbing.vn\\\/\",\"logo\":{\"@type\":\"ImageObject\",\"inLanguage\":\"vi\",\"@id\":\"https:\\\/\\\/pushclimbing.vn\\\/#\\\/schema\\\/logo\\\/image\\\/\",\"url\":\"https:\\\/\\\/pushclimbing.vn\\\/wp-content\\\/uploads\\\/2022\\\/07\\\/push-logo-canvas.png\",\"contentUrl\":\"https:\\\/\\\/pushclimbing.vn\\\/wp-content\\\/uploads\\\/2022\\\/07\\\/push-logo-canvas.png\",\"width\":400,\"height\":400,\"caption\":\"Push Climbing\"},\"image\":{\"@id\":\"https:\\\/\\\/pushclimbing.vn\\\/#\\\/schema\\\/logo\\\/image\\\/\"},\"sameAs\":[\"https:\\\/\\\/www.facebook.com\\\/pushrockclimbing\"]}]}<\/script>\n<!-- \/ Yoast SEO plugin. -->","yoast_head_json":{"title":"DIY Full Climbing Panel (1220mm x 2440mm) - Push Climbing","robots":{"index":"index","follow":"follow","max-snippet":"max-snippet:-1","max-image-preview":"max-image-preview:large","max-video-preview":"max-video-preview:-1"},"canonical":"https:\/\/pushclimbing.vn\/vi\/san-pham\/diy-full-climbing-panel\/","og_locale":"vi_VN","og_type":"article","og_title":"DIY Full Climbing Panel (1220mm x 2440mm) - Push Climbing","og_description":"Express your Dream here:*Tap Here*  Finished Panels Ready for Install (Natural Wood Grain).  Introducing our DIY Climbing Panels \u2013 your solution for setting up your very own climbing wall or starting a climbing business. These panels are designed for convenience and ease, coming with pre-made structures and optional pre-drilled holes and T-nuts. Whether it's for personal use or a commercial venture, our panels provide the perfect foundation. Available in various thicknesses and easy to install, they offer endless possibilities for creating your ideal climbing experience.  With dimensions of 1220mm x 2440mm and thickness options of 12\/18\/23mm.  &nbsp;","og_url":"https:\/\/pushclimbing.vn\/vi\/san-pham\/diy-full-climbing-panel\/","og_site_name":"Push Climbing","article_publisher":"https:\/\/www.facebook.com\/pushrockclimbing","article_modified_time":"2025-03-18T07:01:13+00:00","og_image":[{"width":1024,"height":1024,"url":"https:\/\/pushclimbing.vn\/wp-content\/uploads\/2023\/08\/PDP_EC76000_A-103_1024x1024.jpeg","type":"image\/jpeg"}],"twitter_card":"summary_large_image","twitter_misc":{"\u01af\u1edbc t\u00ednh th\u1eddi gian \u0111\u1ecdc":"2 ph\u00fat"},"schema":{"@context":"https:\/\/schema.org","@graph":[{"@type":"WebPage","@id":"https:\/\/pushclimbing.vn\/product\/diy-full-climbing-panel\/","url":"https:\/\/pushclimbing.vn\/product\/diy-full-climbing-panel\/","name":"DIY Full Climbing Panel (1220mm x 2440mm) - Push Climbing","isPartOf":{"@id":"https:\/\/pushclimbing.vn\/#website"},"primaryImageOfPage":{"@id":"https:\/\/pushclimbing.vn\/product\/diy-full-climbing-panel\/#primaryimage"},"image":{"@id":"https:\/\/pushclimbing.vn\/product\/diy-full-climbing-panel\/#primaryimage"},"thumbnailUrl":"https:\/\/pushclimbing.vn\/wp-content\/uploads\/2023\/08\/PDP_EC76000_A-103_1024x1024.jpeg","datePublished":"2023-08-23T07:41:57+00:00","dateModified":"2025-03-18T07:01:13+00:00","breadcrumb":{"@id":"https:\/\/pushclimbing.vn\/product\/diy-full-climbing-panel\/#breadcrumb"},"inLanguage":"vi","potentialAction":[{"@type":"ReadAction","target":["https:\/\/pushclimbing.vn\/product\/diy-full-climbing-panel\/"]}]},{"@type":"ImageObject","inLanguage":"vi","@id":"https:\/\/pushclimbing.vn\/product\/diy-full-climbing-panel\/#primaryimage","url":"https:\/\/pushclimbing.vn\/wp-content\/uploads\/2023\/08\/PDP_EC76000_A-103_1024x1024.jpeg","contentUrl":"https:\/\/pushclimbing.vn\/wp-content\/uploads\/2023\/08\/PDP_EC76000_A-103_1024x1024.jpeg","width":1024,"height":1024},{"@type":"BreadcrumbList","@id":"https:\/\/pushclimbing.vn\/product\/diy-full-climbing-panel\/#breadcrumb","itemListElement":[{"@type":"ListItem","position":1,"name":"Home","item":"https:\/\/pushclimbing.vn\/"},{"@type":"ListItem","position":2,"name":"Shop","item":"https:\/\/pushclimbing.vn\/shop\/"},{"@type":"ListItem","position":3,"name":"DIY Full Climbing Panel (1220mm x 2440mm)"}]},{"@type":"WebSite","@id":"https:\/\/pushclimbing.vn\/#website","url":"https:\/\/pushclimbing.vn\/","name":"Push Climbing","description":"Conquer Your Mountain","publisher":{"@id":"https:\/\/pushclimbing.vn\/#organization"},"potentialAction":[{"@type":"SearchAction","target":{"@type":"EntryPoint","urlTemplate":"https:\/\/pushclimbing.vn\/?s={search_term_string}"},"query-input":{"@type":"PropertyValueSpecification","valueRequired":true,"valueName":"search_term_string"}}],"inLanguage":"vi"},{"@type":"Organization","@id":"https:\/\/pushclimbing.vn\/#organization","name":"Push Climbing","url":"https:\/\/pushclimbing.vn\/","logo":{"@type":"ImageObject","inLanguage":"vi","@id":"https:\/\/pushclimbing.vn\/#\/schema\/logo\/image\/","url":"https:\/\/pushclimbing.vn\/wp-content\/uploads\/2022\/07\/push-logo-canvas.png","contentUrl":"https:\/\/pushclimbing.vn\/wp-content\/uploads\/2022\/07\/push-logo-canvas.png","width":400,"height":400,"caption":"Push Climbing"},"image":{"@id":"https:\/\/pushclimbing.vn\/#\/schema\/logo\/image\/"},"sameAs":["https:\/\/www.facebook.com\/pushrockclimbing"]}]}},"_links":{"self":[{"href":"https:\/\/pushclimbing.vn\/vi\/wp-json\/wp\/v2\/product\/28086","targetHints":{"allow":["GET"]}}],"collection":[{"href":"https:\/\/pushclimbing.vn\/vi\/wp-json\/wp\/v2\/product"}],"about":[{"href":"https:\/\/pushclimbing.vn\/vi\/wp-json\/wp\/v2\/types\/product"}],"replies":[{"embeddable":true,"href":"https:\/\/pushclimbing.vn\/vi\/wp-json\/wp\/v2\/comments?post=28086"}],"wp:featuredmedia":[{"embeddable":true,"href":"https:\/\/pushclimbing.vn\/vi\/wp-json\/wp\/v2\/media\/28087"}],"wp:attachment":[{"href":"https:\/\/pushclimbing.vn\/vi\/wp-json\/wp\/v2\/media?parent=28086"}],"wp:term":[{"taxonomy":"product_brand","embeddable":true,"href":"https:\/\/pushclimbing.vn\/vi\/wp-json\/wp\/v2\/product_brand?post=28086"},{"taxonomy":"product_cat","embeddable":true,"href":"https:\/\/pushclimbing.vn\/vi\/wp-json\/wp\/v2\/product_cat?post=28086"},{"taxonomy":"product_tag","embeddable":true,"href":"https:\/\/pushclimbing.vn\/vi\/wp-json\/wp\/v2\/product_tag?post=28086"}],"curies":[{"name":"wp","href":"https:\/\/api.w.org\/{rel}","templated":true}]}}