{"id":28025,"date":"2023-08-18T14:43:53","date_gmt":"2023-08-18T07:43:53","guid":{"rendered":"https:\/\/pushclimbing.vn\/?post_type=product&#038;p=28025"},"modified":"2025-03-18T14:01:39","modified_gmt":"2025-03-18T07:01:39","slug":"standard-3-hole-t-nut","status":"publish","type":"product","link":"https:\/\/pushclimbing.vn\/vi\/san-pham\/standard-3-hole-t-nut\/","title":{"rendered":"\u0110ai \u1ed0c Ti\u00eau Chu\u1ea9n 3 L\u1ed7"},"content":{"rendered":"<div class=\"fusion-fullwidth fullwidth-box fusion-builder-row-1 fusion-flex-container nonhundred-percent-fullwidth non-hundred-percent-height-scrolling\" style=\"--awb-border-radius-top-left:0px;--awb-border-radius-top-right:0px;--awb-border-radius-bottom-right:0px;--awb-border-radius-bottom-left:0px;--awb-flex-wrap:wrap;\" ><div class=\"fusion-builder-row fusion-row fusion-flex-align-items-flex-start fusion-flex-content-wrap\" style=\"max-width:1216.8px;margin-left: calc(-4% \/ 2 );margin-right: calc(-4% \/ 2 );\"><div class=\"fusion-layout-column fusion_builder_column fusion-builder-column-0 fusion_builder_column_1_1 1_1 fusion-flex-column\" style=\"--awb-bg-size:cover;--awb-width-large:100%;--awb-margin-top-large:0px;--awb-spacing-right-large:1.92%;--awb-margin-bottom-large:0px;--awb-spacing-left-large:1.92%;--awb-width-medium:100%;--awb-spacing-right-medium:1.92%;--awb-spacing-left-medium:1.92%;--awb-width-small:100%;--awb-spacing-right-small:1.92%;--awb-spacing-left-small:1.92%;\"><div class=\"fusion-column-wrapper fusion-flex-justify-content-flex-start fusion-content-layout-column\"><div class=\"fusion-text fusion-text-1\"><p>C\u00e1c \u0111inh \u1ed1c v\u00edt ba l\u1ed7 \u0111\u01b0\u1ee3c m\u1ea1 k\u1ebdm 7 m\u00e0u gi\u00fap d\u1ec5 d\u00e0ng l\u1eafp \u0111\u1eb7t v\u00e0 tr\u00e1nh t\u00ecnh tr\u1ea1ng \u0111inh \u1ed1c v\u00edt ba l\u1ed7 b\u1eadt ra ho\u1eb7c quay tr\u00f2n. \u0110inh \u1ed1c v\u00edt ba l\u1ed7 n\u00e0y \u0111\u01b0\u1ee3c thi\u1ebft k\u1ebf \u0111\u1ec3 ch\u1ecbu \u0111\u1ef1ng trong nhi\u1ec1u n\u0103m v\u00e0 y\u00eau c\u1ea7u \u00edt c\u00f4ng vi\u1ec7c b\u1ea3o d\u01b0\u1ee1ng \u0111\u1ecbnh k\u1ef3 nh\u1ea5t. Ch\u00fang t\u00f4i mua s\u1ed1 l\u01b0\u1ee3ng l\u1edbn \u0111\u1ec3 c\u00f3 gi\u00e1 c\u1ea1nh tranh nh\u1ea5t. Li\u00ean h\u1ec7 ch\u00fang t\u00f4i n\u1ebfu b\u1ea1n mu\u1ed1n \u0111\u1eb7t m\u1ed9t s\u1ed1 l\u01b0\u1ee3ng c\u1ee5 th\u1ec3 ho\u1eb7c c\u00f3 c\u00e2u h\u1ecfi v\u1ec1 t\u01b0\u1eddng leo c\u1ee7a b\u1ea1n.<\/p>\n<\/div><\/div><\/div><\/div><\/div>","protected":false},"excerpt":{"rendered":"<p><strong>B\u00e0y T\u1ecf \u01af\u1edbc Mu\u1ed1n C\u1ee7a  B\u1ea1n \u1ede \u0110\u00e2y:<a href=\"https:\/\/pushclimbing.vn\/vi\/?page_id=28957\">*Ch\u1ea1m \u1ede \u0110\u00e2y*<\/a><\/strong><\/p>\n<p>\u0110ai \u1ed1c ti\u00eau chu\u1ea9n 3 l\u1ed7  l\u00e0 m\u1ed9t ph\u1ee5 ki\u1ec7n quan tr\u1ecdng trong vi\u1ec7c thi\u1ebft l\u1eadp c\u00e1c n\u1eafp leo n\u00fai tr\u00ean b\u1ec1 m\u1eb7t t\u01b0\u1eddng leo n\u00fai. C\u00e1c l\u1ed7 3 trong m\u1ed7i m\u1ea9u gi\u00fap ch\u00fang c\u1ed1 \u0111\u1ecbnh v\u1eefng ch\u1eafc v\u00e0o t\u01b0\u1eddng, \u0111\u1ea3m b\u1ea3o r\u1eb1ng c\u00e1c n\u1eafp leo n\u00fai s\u1ebd kh\u00f4ng b\u1ecb l\u1ecfng l\u1ebbo ho\u1eb7c xoay khi ng\u01b0\u1eddi leo n\u00fai s\u1eed d\u1ee5ng ch\u00fang.<\/p>\n<p>C\u00e1c \u0110ai \u1ed1c n\u00e0y \u0111\u01b0\u1ee3c thi\u1ebft k\u1ebf \u0111\u1ec3 ch\u1ecbu \u0111\u01b0\u1ee3c \u00e1p l\u1ef1c v\u00e0 m\u00e0i m\u00f2n li\u00ean t\u1ee5c trong th\u1eddi gian d\u00e0i. Ch\u1ea5t li\u1ec7u ch\u1ea5t l\u01b0\u1ee3ng cao gi\u00fap ch\u00fang ch\u1ed1ng l\u1ea1i s\u1ef1 \u0103n m\u00f2n v\u00e0 \u0111\u1ea3m b\u1ea3o \u0111\u1ed9 b\u1ec1n trong m\u00f4i tr\u01b0\u1eddng nhi\u1ec1u \u0111\u1ed9 \u1ea9m. Ch\u00fang c\u0169ng c\u00f3 kh\u1ea3 n\u0103ng ch\u1ecbu \u0111\u01b0\u1ee3c tr\u1ecdng l\u1ef1c khi leo n\u00fai v\u00e0 th\u01b0\u1eddng \u0111\u01b0\u1ee3c s\u1eed d\u1ee5ng trong c\u00e1c ph\u00f2ng t\u1eadp leo n\u00fai chuy\u00ean nghi\u1ec7p c\u0169ng nh\u01b0 t\u1ea1i c\u00e1c khu leo n\u00fai ngo\u00e0i tr\u1eddi.<\/p>\n<p>V\u1edbi \u0110ai \u1ed1c ti\u00eau chu\u1ea9n 3 l\u1ed7 , b\u1ea1n c\u00f3 th\u1ec3 t\u1ea1o ra m\u1ed9t t\u01b0\u1eddng leo n\u00fai ch\u1ea5t l\u01b0\u1ee3ng cao v\u1edbi nhi\u1ec1u t\u00f9y ch\u1ecdn v\u1ecb tr\u00ed \u0111\u1ec3 \u0111\u1eb7t c\u00e1c n\u1eafp leo n\u00fai. \u0110i\u1ec1u n\u00e0y gi\u00fap t\u1ea1o ra nh\u1eefng th\u1eed th\u00e1ch th\u00fa v\u1ecb cho ng\u01b0\u1eddi leo n\u00fai v\u00e0 l\u00e0m cho tr\u1ea3i nghi\u1ec7m leo n\u00fai tr\u1edf n\u00ean th\u00fa v\u1ecb h\u01a1n.<\/p>","protected":false},"featured_media":28954,"comment_status":"open","ping_status":"closed","template":"","meta":{"_acf_changed":false},"product_brand":[1013],"product_cat":[966],"product_tag":[743,742,740,739,741],"class_list":{"0":"post-28025","1":"product","2":"type-product","3":"status-publish","4":"has-post-thumbnail","6":"product_brand-push","7":"product_cat-new-arrivals","8":"product_tag-3-hole-t-nut","9":"product_tag-t-nut-3-holes","10":"product_tag-t-nut","11":"product_tag-tnut","12":"product_tag-wall-supplies","14":"first","15":"onbackorder","16":"taxable","17":"shipping-taxable","18":"product-type-simple"},"acf":[],"yoast_head":"<!-- This site is optimized with the Yoast SEO plugin v27.3 - https:\/\/yoast.com\/product\/yoast-seo-wordpress\/ -->\n<title>Standard 3-Hole T-Nut - Push Climbing<\/title>\n<meta name=\"robots\" content=\"index, follow, max-snippet:-1, max-image-preview:large, max-video-preview:-1\" \/>\n<link rel=\"canonical\" href=\"https:\/\/pushclimbing.vn\/vi\/san-pham\/standard-3-hole-t-nut\/\" \/>\n<meta property=\"og:locale\" content=\"vi_VN\" \/>\n<meta property=\"og:type\" content=\"article\" \/>\n<meta property=\"og:title\" content=\"Standard 3-Hole T-Nut - Push Climbing\" \/>\n<meta property=\"og:description\" content=\"Express your Dream here:*Tap Here*  T-Nut Standard 3 Holes: An essential accessory for anchoring climbing holds securely to the climbing wall surface. Each piece features 3 holes, ensuring a stable attachment to the wall, preventing any looseness or rotation during use by climbers.  These T-Nuts are designed to withstand continuous pressure and wear over extended periods. Crafted from high-quality materials, they are resistant to corrosion, ensuring durability even in humid environments. They are also capable of supporting the weight of climbers and are commonly used in both professional climbing gyms and outdoor climbing areas.  With T-Nut Standard 3 Holes, you can create a high-quality climbing wall with numerous options for hold placement. This allows for the creation of exciting challenges for climbers, enhancing the overall climbing experience.\" \/>\n<meta property=\"og:url\" content=\"https:\/\/pushclimbing.vn\/vi\/san-pham\/standard-3-hole-t-nut\/\" \/>\n<meta property=\"og:site_name\" content=\"Push Climbing\" \/>\n<meta property=\"article:publisher\" content=\"https:\/\/www.facebook.com\/pushrockclimbing\" \/>\n<meta property=\"article:modified_time\" content=\"2025-03-18T07:01:39+00:00\" \/>\n<meta property=\"og:image\" content=\"https:\/\/pushclimbing.vn\/wp-content\/uploads\/2023\/08\/tnut.png\" \/>\n\t<meta property=\"og:image:width\" content=\"1080\" \/>\n\t<meta property=\"og:image:height\" content=\"1080\" \/>\n\t<meta property=\"og:image:type\" content=\"image\/png\" \/>\n<meta name=\"twitter:card\" content=\"summary_large_image\" \/>\n<meta name=\"twitter:label1\" content=\"\u01af\u1edbc t\u00ednh th\u1eddi gian \u0111\u1ecdc\" \/>\n\t<meta name=\"twitter:data1\" content=\"1 ph\u00fat\" \/>\n<script type=\"application\/ld+json\" class=\"yoast-schema-graph\">{\"@context\":\"https:\\\/\\\/schema.org\",\"@graph\":[{\"@type\":\"WebPage\",\"@id\":\"https:\\\/\\\/pushclimbing.vn\\\/product\\\/standard-3-hole-t-nut\\\/\",\"url\":\"https:\\\/\\\/pushclimbing.vn\\\/product\\\/standard-3-hole-t-nut\\\/\",\"name\":\"Standard 3-Hole T-Nut - Push Climbing\",\"isPartOf\":{\"@id\":\"https:\\\/\\\/pushclimbing.vn\\\/#website\"},\"primaryImageOfPage\":{\"@id\":\"https:\\\/\\\/pushclimbing.vn\\\/product\\\/standard-3-hole-t-nut\\\/#primaryimage\"},\"image\":{\"@id\":\"https:\\\/\\\/pushclimbing.vn\\\/product\\\/standard-3-hole-t-nut\\\/#primaryimage\"},\"thumbnailUrl\":\"https:\\\/\\\/pushclimbing.vn\\\/wp-content\\\/uploads\\\/2023\\\/08\\\/tnut.png\",\"datePublished\":\"2023-08-18T07:43:53+00:00\",\"dateModified\":\"2025-03-18T07:01:39+00:00\",\"breadcrumb\":{\"@id\":\"https:\\\/\\\/pushclimbing.vn\\\/product\\\/standard-3-hole-t-nut\\\/#breadcrumb\"},\"inLanguage\":\"vi\",\"potentialAction\":[{\"@type\":\"ReadAction\",\"target\":[\"https:\\\/\\\/pushclimbing.vn\\\/product\\\/standard-3-hole-t-nut\\\/\"]}]},{\"@type\":\"ImageObject\",\"inLanguage\":\"vi\",\"@id\":\"https:\\\/\\\/pushclimbing.vn\\\/product\\\/standard-3-hole-t-nut\\\/#primaryimage\",\"url\":\"https:\\\/\\\/pushclimbing.vn\\\/wp-content\\\/uploads\\\/2023\\\/08\\\/tnut.png\",\"contentUrl\":\"https:\\\/\\\/pushclimbing.vn\\\/wp-content\\\/uploads\\\/2023\\\/08\\\/tnut.png\",\"width\":1080,\"height\":1080},{\"@type\":\"BreadcrumbList\",\"@id\":\"https:\\\/\\\/pushclimbing.vn\\\/product\\\/standard-3-hole-t-nut\\\/#breadcrumb\",\"itemListElement\":[{\"@type\":\"ListItem\",\"position\":1,\"name\":\"Home\",\"item\":\"https:\\\/\\\/pushclimbing.vn\\\/\"},{\"@type\":\"ListItem\",\"position\":2,\"name\":\"Shop\",\"item\":\"https:\\\/\\\/pushclimbing.vn\\\/shop\\\/\"},{\"@type\":\"ListItem\",\"position\":3,\"name\":\"Standard 3-Hole T-Nut\"}]},{\"@type\":\"WebSite\",\"@id\":\"https:\\\/\\\/pushclimbing.vn\\\/#website\",\"url\":\"https:\\\/\\\/pushclimbing.vn\\\/\",\"name\":\"Push Climbing\",\"description\":\"Conquer Your Mountain\",\"publisher\":{\"@id\":\"https:\\\/\\\/pushclimbing.vn\\\/#organization\"},\"potentialAction\":[{\"@type\":\"SearchAction\",\"target\":{\"@type\":\"EntryPoint\",\"urlTemplate\":\"https:\\\/\\\/pushclimbing.vn\\\/?s={search_term_string}\"},\"query-input\":{\"@type\":\"PropertyValueSpecification\",\"valueRequired\":true,\"valueName\":\"search_term_string\"}}],\"inLanguage\":\"vi\"},{\"@type\":\"Organization\",\"@id\":\"https:\\\/\\\/pushclimbing.vn\\\/#organization\",\"name\":\"Push Climbing\",\"url\":\"https:\\\/\\\/pushclimbing.vn\\\/\",\"logo\":{\"@type\":\"ImageObject\",\"inLanguage\":\"vi\",\"@id\":\"https:\\\/\\\/pushclimbing.vn\\\/#\\\/schema\\\/logo\\\/image\\\/\",\"url\":\"https:\\\/\\\/pushclimbing.vn\\\/wp-content\\\/uploads\\\/2022\\\/07\\\/push-logo-canvas.png\",\"contentUrl\":\"https:\\\/\\\/pushclimbing.vn\\\/wp-content\\\/uploads\\\/2022\\\/07\\\/push-logo-canvas.png\",\"width\":400,\"height\":400,\"caption\":\"Push Climbing\"},\"image\":{\"@id\":\"https:\\\/\\\/pushclimbing.vn\\\/#\\\/schema\\\/logo\\\/image\\\/\"},\"sameAs\":[\"https:\\\/\\\/www.facebook.com\\\/pushrockclimbing\"]}]}<\/script>\n<!-- \/ Yoast SEO plugin. -->","yoast_head_json":{"title":"Standard 3-Hole T-Nut - Push Climbing","robots":{"index":"index","follow":"follow","max-snippet":"max-snippet:-1","max-image-preview":"max-image-preview:large","max-video-preview":"max-video-preview:-1"},"canonical":"https:\/\/pushclimbing.vn\/vi\/san-pham\/standard-3-hole-t-nut\/","og_locale":"vi_VN","og_type":"article","og_title":"Standard 3-Hole T-Nut - Push Climbing","og_description":"Express your Dream here:*Tap Here*  T-Nut Standard 3 Holes: An essential accessory for anchoring climbing holds securely to the climbing wall surface. Each piece features 3 holes, ensuring a stable attachment to the wall, preventing any looseness or rotation during use by climbers.  These T-Nuts are designed to withstand continuous pressure and wear over extended periods. Crafted from high-quality materials, they are resistant to corrosion, ensuring durability even in humid environments. They are also capable of supporting the weight of climbers and are commonly used in both professional climbing gyms and outdoor climbing areas.  With T-Nut Standard 3 Holes, you can create a high-quality climbing wall with numerous options for hold placement. This allows for the creation of exciting challenges for climbers, enhancing the overall climbing experience.","og_url":"https:\/\/pushclimbing.vn\/vi\/san-pham\/standard-3-hole-t-nut\/","og_site_name":"Push Climbing","article_publisher":"https:\/\/www.facebook.com\/pushrockclimbing","article_modified_time":"2025-03-18T07:01:39+00:00","og_image":[{"width":1080,"height":1080,"url":"https:\/\/pushclimbing.vn\/wp-content\/uploads\/2023\/08\/tnut.png","type":"image\/png"}],"twitter_card":"summary_large_image","twitter_misc":{"\u01af\u1edbc t\u00ednh th\u1eddi gian \u0111\u1ecdc":"1 ph\u00fat"},"schema":{"@context":"https:\/\/schema.org","@graph":[{"@type":"WebPage","@id":"https:\/\/pushclimbing.vn\/product\/standard-3-hole-t-nut\/","url":"https:\/\/pushclimbing.vn\/product\/standard-3-hole-t-nut\/","name":"Standard 3-Hole T-Nut - Push Climbing","isPartOf":{"@id":"https:\/\/pushclimbing.vn\/#website"},"primaryImageOfPage":{"@id":"https:\/\/pushclimbing.vn\/product\/standard-3-hole-t-nut\/#primaryimage"},"image":{"@id":"https:\/\/pushclimbing.vn\/product\/standard-3-hole-t-nut\/#primaryimage"},"thumbnailUrl":"https:\/\/pushclimbing.vn\/wp-content\/uploads\/2023\/08\/tnut.png","datePublished":"2023-08-18T07:43:53+00:00","dateModified":"2025-03-18T07:01:39+00:00","breadcrumb":{"@id":"https:\/\/pushclimbing.vn\/product\/standard-3-hole-t-nut\/#breadcrumb"},"inLanguage":"vi","potentialAction":[{"@type":"ReadAction","target":["https:\/\/pushclimbing.vn\/product\/standard-3-hole-t-nut\/"]}]},{"@type":"ImageObject","inLanguage":"vi","@id":"https:\/\/pushclimbing.vn\/product\/standard-3-hole-t-nut\/#primaryimage","url":"https:\/\/pushclimbing.vn\/wp-content\/uploads\/2023\/08\/tnut.png","contentUrl":"https:\/\/pushclimbing.vn\/wp-content\/uploads\/2023\/08\/tnut.png","width":1080,"height":1080},{"@type":"BreadcrumbList","@id":"https:\/\/pushclimbing.vn\/product\/standard-3-hole-t-nut\/#breadcrumb","itemListElement":[{"@type":"ListItem","position":1,"name":"Home","item":"https:\/\/pushclimbing.vn\/"},{"@type":"ListItem","position":2,"name":"Shop","item":"https:\/\/pushclimbing.vn\/shop\/"},{"@type":"ListItem","position":3,"name":"Standard 3-Hole T-Nut"}]},{"@type":"WebSite","@id":"https:\/\/pushclimbing.vn\/#website","url":"https:\/\/pushclimbing.vn\/","name":"Push Climbing","description":"Conquer Your Mountain","publisher":{"@id":"https:\/\/pushclimbing.vn\/#organization"},"potentialAction":[{"@type":"SearchAction","target":{"@type":"EntryPoint","urlTemplate":"https:\/\/pushclimbing.vn\/?s={search_term_string}"},"query-input":{"@type":"PropertyValueSpecification","valueRequired":true,"valueName":"search_term_string"}}],"inLanguage":"vi"},{"@type":"Organization","@id":"https:\/\/pushclimbing.vn\/#organization","name":"Push Climbing","url":"https:\/\/pushclimbing.vn\/","logo":{"@type":"ImageObject","inLanguage":"vi","@id":"https:\/\/pushclimbing.vn\/#\/schema\/logo\/image\/","url":"https:\/\/pushclimbing.vn\/wp-content\/uploads\/2022\/07\/push-logo-canvas.png","contentUrl":"https:\/\/pushclimbing.vn\/wp-content\/uploads\/2022\/07\/push-logo-canvas.png","width":400,"height":400,"caption":"Push Climbing"},"image":{"@id":"https:\/\/pushclimbing.vn\/#\/schema\/logo\/image\/"},"sameAs":["https:\/\/www.facebook.com\/pushrockclimbing"]}]}},"_links":{"self":[{"href":"https:\/\/pushclimbing.vn\/vi\/wp-json\/wp\/v2\/product\/28025","targetHints":{"allow":["GET"]}}],"collection":[{"href":"https:\/\/pushclimbing.vn\/vi\/wp-json\/wp\/v2\/product"}],"about":[{"href":"https:\/\/pushclimbing.vn\/vi\/wp-json\/wp\/v2\/types\/product"}],"replies":[{"embeddable":true,"href":"https:\/\/pushclimbing.vn\/vi\/wp-json\/wp\/v2\/comments?post=28025"}],"wp:featuredmedia":[{"embeddable":true,"href":"https:\/\/pushclimbing.vn\/vi\/wp-json\/wp\/v2\/media\/28954"}],"wp:attachment":[{"href":"https:\/\/pushclimbing.vn\/vi\/wp-json\/wp\/v2\/media?parent=28025"}],"wp:term":[{"taxonomy":"product_brand","embeddable":true,"href":"https:\/\/pushclimbing.vn\/vi\/wp-json\/wp\/v2\/product_brand?post=28025"},{"taxonomy":"product_cat","embeddable":true,"href":"https:\/\/pushclimbing.vn\/vi\/wp-json\/wp\/v2\/product_cat?post=28025"},{"taxonomy":"product_tag","embeddable":true,"href":"https:\/\/pushclimbing.vn\/vi\/wp-json\/wp\/v2\/product_tag?post=28025"}],"curies":[{"name":"wp","href":"https:\/\/api.w.org\/{rel}","templated":true}]}}