{"id":27897,"date":"2023-08-13T12:24:16","date_gmt":"2023-08-13T05:24:16","guid":{"rendered":"https:\/\/pushclimbing.vn\/?post_type=product&#038;p=27897"},"modified":"2025-03-18T14:02:02","modified_gmt":"2025-03-18T07:02:02","slug":"flightline-replacement-upper-webbing-blue-line","status":"publish","type":"product","link":"https:\/\/pushclimbing.vn\/vi\/san-pham\/flightline-replacement-upper-webbing-blue-line\/","title":{"rendered":"FlightLine Replacement Upper Webbing &#8211; Red Line"},"content":{"rendered":"<div class=\"fusion-fullwidth fullwidth-box fusion-builder-row-1 fusion-flex-container nonhundred-percent-fullwidth non-hundred-percent-height-scrolling\" style=\"--awb-border-radius-top-left:0px;--awb-border-radius-top-right:0px;--awb-border-radius-bottom-right:0px;--awb-border-radius-bottom-left:0px;--awb-flex-wrap:wrap;\" ><div class=\"fusion-builder-row fusion-row fusion-flex-align-items-flex-start fusion-flex-content-wrap\" style=\"max-width:1216.8px;margin-left: calc(-4% \/ 2 );margin-right: calc(-4% \/ 2 );\"><div class=\"fusion-layout-column fusion_builder_column fusion-builder-column-0 fusion_builder_column_1_1 1_1 fusion-flex-column\" style=\"--awb-bg-size:cover;--awb-width-large:100%;--awb-margin-top-large:0px;--awb-spacing-right-large:1.92%;--awb-margin-bottom-large:0px;--awb-spacing-left-large:1.92%;--awb-width-medium:100%;--awb-spacing-right-medium:1.92%;--awb-spacing-left-medium:1.92%;--awb-width-small:100%;--awb-spacing-right-small:1.92%;--awb-spacing-left-small:1.92%;\"><div class=\"fusion-column-wrapper fusion-flex-justify-content-flex-start fusion-content-layout-column\"><div class=\"fusion-text fusion-text-1\"><p>This product is the red replacement upper webbing line for FlightLine Devices. Please see the\u00a0<a href=\"https:\/\/headrushtech.com\/product-manuals\">H\u01b0\u1edbng D\u1eabn V\u1eadn H\u00e0nh FlightLine<\/a>\u00a0\u0111\u1ec3 bi\u1ebft h\u01b0\u1edbng d\u1eabn chi ti\u1ebft.<\/p>\n<p><b>L\u01b0u \u00fd: D\u00e2y \u0111eo b\u1ecb m\u00f2n ho\u1eb7c h\u1ecfng c\u1ea7n \u0111\u01b0\u1ee3c thay ngay l\u1eadp t\u1ee9c.<\/b>\u00a0H\u1ecfng h\u00f3c bao g\u1ed3m, nh\u01b0ng kh\u00f4ng gi\u1edbi h\u1ea1n, vi\u1ec7c m\u1eb7c qu\u00e1 m\u1ee9c, b\u00f4ng tr\u1ea3i, m\u1ea5t m\u00e0u do t\u00e1c \u0111\u1ed9ng c\u1ee7a \u00e1nh n\u1eafng m\u1eb7t tr\u1eddi, c\u1eaft, v\u1ebft tr\u1ea7y, \u0111\u01b0\u1eddng may bung ra ho\u1eb7c b\u00f3ng b\u1ea9y do ma s\u00e1t.<\/p>\n<\/div><\/div><\/div><\/div><\/div>","protected":false},"excerpt":{"rendered":"<p>C\u00e1c\u00a0<a href=\"https:\/\/headrushtech.com\/flightline-free-fall-device\">FlightLine Free Fall Ride<\/a>\u00a0\u0111\u01b0\u1ee3c trang b\u1ecb d\u00e2y \u0111eo c\u1ea7n \u0111\u01b0\u1ee3c ki\u1ec3m tra v\u00e0 thay th\u1ebf \u0111\u1ecbnh k\u1ef3. N\u1ebfu d\u00e2y \u0111eo b\u1ecb m\u00f2n ho\u1eb7c h\u1ecfng, b\u1ea1n c\u00f3 th\u1ec3 thay th\u1ebf ch\u00fang trong l\u0129nh v\u1ef1c b\u1eb1ng b\u1ed9 hai D\u00e2y \u0110eo Ph\u00eda Tr\u00ean Thay Th\u1ebf n\u00e0y.<\/p>","protected":false},"featured_media":27898,"comment_status":"open","ping_status":"closed","template":"","meta":{"_acf_changed":false},"product_brand":[1013],"product_cat":[966],"product_tag":[705,731,729],"class_list":{"0":"post-27897","1":"product","2":"type-product","3":"status-publish","4":"has-post-thumbnail","6":"product_brand-push","7":"product_cat-new-arrivals","8":"product_tag-headrush","9":"product_tag-replacement","10":"product_tag-webbing","12":"first","13":"onbackorder","14":"taxable","15":"shipping-taxable","16":"product-type-simple"},"acf":[],"yoast_head":"<!-- This site is optimized with the Yoast SEO plugin v27.3 - https:\/\/yoast.com\/product\/yoast-seo-wordpress\/ -->\n<title>FlightLine Replacement Upper Webbing - Red Line - Push Climbing<\/title>\n<meta name=\"robots\" content=\"index, follow, max-snippet:-1, max-image-preview:large, max-video-preview:-1\" \/>\n<link rel=\"canonical\" href=\"https:\/\/pushclimbing.vn\/vi\/san-pham\/flightline-replacement-upper-webbing-blue-line\/\" \/>\n<meta property=\"og:locale\" content=\"vi_VN\" \/>\n<meta property=\"og:type\" content=\"article\" \/>\n<meta property=\"og:title\" content=\"FlightLine Replacement Upper Webbing - Red Line - Push Climbing\" \/>\n<meta property=\"og:description\" content=\"The\u00a0FlightLine Free Fall Ride\u00a0is fitted with webbing that requires routine inspection and replacement. If worn or damaged, the webbing can be replaced in the field using this set of two Replacement Upper Webbings.\" \/>\n<meta property=\"og:url\" content=\"https:\/\/pushclimbing.vn\/vi\/san-pham\/flightline-replacement-upper-webbing-blue-line\/\" \/>\n<meta property=\"og:site_name\" content=\"Push Climbing\" \/>\n<meta property=\"article:publisher\" content=\"https:\/\/www.facebook.com\/pushrockclimbing\" \/>\n<meta property=\"article:modified_time\" content=\"2025-03-18T07:02:02+00:00\" \/>\n<meta property=\"og:image\" content=\"https:\/\/pushclimbing.vn\/wp-content\/uploads\/2023\/08\/fl_upper_webbbing_purple_nozzle_1.jpg\" \/>\n\t<meta property=\"og:image:width\" content=\"1250\" \/>\n\t<meta property=\"og:image:height\" content=\"1000\" \/>\n\t<meta property=\"og:image:type\" content=\"image\/jpeg\" \/>\n<meta name=\"twitter:card\" content=\"summary_large_image\" \/>\n<meta name=\"twitter:label1\" content=\"\u01af\u1edbc t\u00ednh th\u1eddi gian \u0111\u1ecdc\" \/>\n\t<meta name=\"twitter:data1\" content=\"1 ph\u00fat\" \/>\n<script type=\"application\/ld+json\" class=\"yoast-schema-graph\">{\"@context\":\"https:\\\/\\\/schema.org\",\"@graph\":[{\"@type\":\"WebPage\",\"@id\":\"https:\\\/\\\/pushclimbing.vn\\\/product\\\/flightline-replacement-upper-webbing-blue-line\\\/\",\"url\":\"https:\\\/\\\/pushclimbing.vn\\\/product\\\/flightline-replacement-upper-webbing-blue-line\\\/\",\"name\":\"FlightLine Replacement Upper Webbing - Red Line - Push Climbing\",\"isPartOf\":{\"@id\":\"https:\\\/\\\/pushclimbing.vn\\\/#website\"},\"primaryImageOfPage\":{\"@id\":\"https:\\\/\\\/pushclimbing.vn\\\/product\\\/flightline-replacement-upper-webbing-blue-line\\\/#primaryimage\"},\"image\":{\"@id\":\"https:\\\/\\\/pushclimbing.vn\\\/product\\\/flightline-replacement-upper-webbing-blue-line\\\/#primaryimage\"},\"thumbnailUrl\":\"https:\\\/\\\/pushclimbing.vn\\\/wp-content\\\/uploads\\\/2023\\\/08\\\/fl_upper_webbbing_purple_nozzle_1.jpg\",\"datePublished\":\"2023-08-13T05:24:16+00:00\",\"dateModified\":\"2025-03-18T07:02:02+00:00\",\"breadcrumb\":{\"@id\":\"https:\\\/\\\/pushclimbing.vn\\\/product\\\/flightline-replacement-upper-webbing-blue-line\\\/#breadcrumb\"},\"inLanguage\":\"vi\",\"potentialAction\":[{\"@type\":\"ReadAction\",\"target\":[\"https:\\\/\\\/pushclimbing.vn\\\/product\\\/flightline-replacement-upper-webbing-blue-line\\\/\"]}]},{\"@type\":\"ImageObject\",\"inLanguage\":\"vi\",\"@id\":\"https:\\\/\\\/pushclimbing.vn\\\/product\\\/flightline-replacement-upper-webbing-blue-line\\\/#primaryimage\",\"url\":\"https:\\\/\\\/pushclimbing.vn\\\/wp-content\\\/uploads\\\/2023\\\/08\\\/fl_upper_webbbing_purple_nozzle_1.jpg\",\"contentUrl\":\"https:\\\/\\\/pushclimbing.vn\\\/wp-content\\\/uploads\\\/2023\\\/08\\\/fl_upper_webbbing_purple_nozzle_1.jpg\",\"width\":1250,\"height\":1000},{\"@type\":\"BreadcrumbList\",\"@id\":\"https:\\\/\\\/pushclimbing.vn\\\/product\\\/flightline-replacement-upper-webbing-blue-line\\\/#breadcrumb\",\"itemListElement\":[{\"@type\":\"ListItem\",\"position\":1,\"name\":\"Home\",\"item\":\"https:\\\/\\\/pushclimbing.vn\\\/\"},{\"@type\":\"ListItem\",\"position\":2,\"name\":\"Shop\",\"item\":\"https:\\\/\\\/pushclimbing.vn\\\/shop\\\/\"},{\"@type\":\"ListItem\",\"position\":3,\"name\":\"FlightLine Replacement Upper Webbing &#8211; Red Line\"}]},{\"@type\":\"WebSite\",\"@id\":\"https:\\\/\\\/pushclimbing.vn\\\/#website\",\"url\":\"https:\\\/\\\/pushclimbing.vn\\\/\",\"name\":\"Push Climbing\",\"description\":\"Conquer Your Mountain\",\"publisher\":{\"@id\":\"https:\\\/\\\/pushclimbing.vn\\\/#organization\"},\"potentialAction\":[{\"@type\":\"SearchAction\",\"target\":{\"@type\":\"EntryPoint\",\"urlTemplate\":\"https:\\\/\\\/pushclimbing.vn\\\/?s={search_term_string}\"},\"query-input\":{\"@type\":\"PropertyValueSpecification\",\"valueRequired\":true,\"valueName\":\"search_term_string\"}}],\"inLanguage\":\"vi\"},{\"@type\":\"Organization\",\"@id\":\"https:\\\/\\\/pushclimbing.vn\\\/#organization\",\"name\":\"Push Climbing\",\"url\":\"https:\\\/\\\/pushclimbing.vn\\\/\",\"logo\":{\"@type\":\"ImageObject\",\"inLanguage\":\"vi\",\"@id\":\"https:\\\/\\\/pushclimbing.vn\\\/#\\\/schema\\\/logo\\\/image\\\/\",\"url\":\"https:\\\/\\\/pushclimbing.vn\\\/wp-content\\\/uploads\\\/2022\\\/07\\\/push-logo-canvas.png\",\"contentUrl\":\"https:\\\/\\\/pushclimbing.vn\\\/wp-content\\\/uploads\\\/2022\\\/07\\\/push-logo-canvas.png\",\"width\":400,\"height\":400,\"caption\":\"Push Climbing\"},\"image\":{\"@id\":\"https:\\\/\\\/pushclimbing.vn\\\/#\\\/schema\\\/logo\\\/image\\\/\"},\"sameAs\":[\"https:\\\/\\\/www.facebook.com\\\/pushrockclimbing\"]}]}<\/script>\n<!-- \/ Yoast SEO plugin. -->","yoast_head_json":{"title":"FlightLine Replacement Upper Webbing - Red Line - Push Climbing","robots":{"index":"index","follow":"follow","max-snippet":"max-snippet:-1","max-image-preview":"max-image-preview:large","max-video-preview":"max-video-preview:-1"},"canonical":"https:\/\/pushclimbing.vn\/vi\/san-pham\/flightline-replacement-upper-webbing-blue-line\/","og_locale":"vi_VN","og_type":"article","og_title":"FlightLine Replacement Upper Webbing - Red Line - Push Climbing","og_description":"The\u00a0FlightLine Free Fall Ride\u00a0is fitted with webbing that requires routine inspection and replacement. If worn or damaged, the webbing can be replaced in the field using this set of two Replacement Upper Webbings.","og_url":"https:\/\/pushclimbing.vn\/vi\/san-pham\/flightline-replacement-upper-webbing-blue-line\/","og_site_name":"Push Climbing","article_publisher":"https:\/\/www.facebook.com\/pushrockclimbing","article_modified_time":"2025-03-18T07:02:02+00:00","og_image":[{"width":1250,"height":1000,"url":"https:\/\/pushclimbing.vn\/wp-content\/uploads\/2023\/08\/fl_upper_webbbing_purple_nozzle_1.jpg","type":"image\/jpeg"}],"twitter_card":"summary_large_image","twitter_misc":{"\u01af\u1edbc t\u00ednh th\u1eddi gian \u0111\u1ecdc":"1 ph\u00fat"},"schema":{"@context":"https:\/\/schema.org","@graph":[{"@type":"WebPage","@id":"https:\/\/pushclimbing.vn\/product\/flightline-replacement-upper-webbing-blue-line\/","url":"https:\/\/pushclimbing.vn\/product\/flightline-replacement-upper-webbing-blue-line\/","name":"FlightLine Replacement Upper Webbing - Red Line - Push Climbing","isPartOf":{"@id":"https:\/\/pushclimbing.vn\/#website"},"primaryImageOfPage":{"@id":"https:\/\/pushclimbing.vn\/product\/flightline-replacement-upper-webbing-blue-line\/#primaryimage"},"image":{"@id":"https:\/\/pushclimbing.vn\/product\/flightline-replacement-upper-webbing-blue-line\/#primaryimage"},"thumbnailUrl":"https:\/\/pushclimbing.vn\/wp-content\/uploads\/2023\/08\/fl_upper_webbbing_purple_nozzle_1.jpg","datePublished":"2023-08-13T05:24:16+00:00","dateModified":"2025-03-18T07:02:02+00:00","breadcrumb":{"@id":"https:\/\/pushclimbing.vn\/product\/flightline-replacement-upper-webbing-blue-line\/#breadcrumb"},"inLanguage":"vi","potentialAction":[{"@type":"ReadAction","target":["https:\/\/pushclimbing.vn\/product\/flightline-replacement-upper-webbing-blue-line\/"]}]},{"@type":"ImageObject","inLanguage":"vi","@id":"https:\/\/pushclimbing.vn\/product\/flightline-replacement-upper-webbing-blue-line\/#primaryimage","url":"https:\/\/pushclimbing.vn\/wp-content\/uploads\/2023\/08\/fl_upper_webbbing_purple_nozzle_1.jpg","contentUrl":"https:\/\/pushclimbing.vn\/wp-content\/uploads\/2023\/08\/fl_upper_webbbing_purple_nozzle_1.jpg","width":1250,"height":1000},{"@type":"BreadcrumbList","@id":"https:\/\/pushclimbing.vn\/product\/flightline-replacement-upper-webbing-blue-line\/#breadcrumb","itemListElement":[{"@type":"ListItem","position":1,"name":"Home","item":"https:\/\/pushclimbing.vn\/"},{"@type":"ListItem","position":2,"name":"Shop","item":"https:\/\/pushclimbing.vn\/shop\/"},{"@type":"ListItem","position":3,"name":"FlightLine Replacement Upper Webbing &#8211; Red Line"}]},{"@type":"WebSite","@id":"https:\/\/pushclimbing.vn\/#website","url":"https:\/\/pushclimbing.vn\/","name":"Push Climbing","description":"Conquer Your Mountain","publisher":{"@id":"https:\/\/pushclimbing.vn\/#organization"},"potentialAction":[{"@type":"SearchAction","target":{"@type":"EntryPoint","urlTemplate":"https:\/\/pushclimbing.vn\/?s={search_term_string}"},"query-input":{"@type":"PropertyValueSpecification","valueRequired":true,"valueName":"search_term_string"}}],"inLanguage":"vi"},{"@type":"Organization","@id":"https:\/\/pushclimbing.vn\/#organization","name":"Push Climbing","url":"https:\/\/pushclimbing.vn\/","logo":{"@type":"ImageObject","inLanguage":"vi","@id":"https:\/\/pushclimbing.vn\/#\/schema\/logo\/image\/","url":"https:\/\/pushclimbing.vn\/wp-content\/uploads\/2022\/07\/push-logo-canvas.png","contentUrl":"https:\/\/pushclimbing.vn\/wp-content\/uploads\/2022\/07\/push-logo-canvas.png","width":400,"height":400,"caption":"Push Climbing"},"image":{"@id":"https:\/\/pushclimbing.vn\/#\/schema\/logo\/image\/"},"sameAs":["https:\/\/www.facebook.com\/pushrockclimbing"]}]}},"_links":{"self":[{"href":"https:\/\/pushclimbing.vn\/vi\/wp-json\/wp\/v2\/product\/27897","targetHints":{"allow":["GET"]}}],"collection":[{"href":"https:\/\/pushclimbing.vn\/vi\/wp-json\/wp\/v2\/product"}],"about":[{"href":"https:\/\/pushclimbing.vn\/vi\/wp-json\/wp\/v2\/types\/product"}],"replies":[{"embeddable":true,"href":"https:\/\/pushclimbing.vn\/vi\/wp-json\/wp\/v2\/comments?post=27897"}],"wp:featuredmedia":[{"embeddable":true,"href":"https:\/\/pushclimbing.vn\/vi\/wp-json\/wp\/v2\/media\/27898"}],"wp:attachment":[{"href":"https:\/\/pushclimbing.vn\/vi\/wp-json\/wp\/v2\/media?parent=27897"}],"wp:term":[{"taxonomy":"product_brand","embeddable":true,"href":"https:\/\/pushclimbing.vn\/vi\/wp-json\/wp\/v2\/product_brand?post=27897"},{"taxonomy":"product_cat","embeddable":true,"href":"https:\/\/pushclimbing.vn\/vi\/wp-json\/wp\/v2\/product_cat?post=27897"},{"taxonomy":"product_tag","embeddable":true,"href":"https:\/\/pushclimbing.vn\/vi\/wp-json\/wp\/v2\/product_tag?post=27897"}],"curies":[{"name":"wp","href":"https:\/\/api.w.org\/{rel}","templated":true}]}}