{"id":27885,"date":"2023-08-12T18:20:28","date_gmt":"2023-08-12T11:20:28","guid":{"rendered":"https:\/\/pushclimbing.vn\/?post_type=product&#038;p=27885"},"modified":"2025-03-19T09:39:17","modified_gmt":"2025-03-19T02:39:17","slug":"zipstop-replacement-braking-line","status":"publish","type":"product","link":"https:\/\/pushclimbing.vn\/vi\/san-pham\/zipstop-replacement-braking-line\/","title":{"rendered":"B\u1ed9 D\u00e2y Phanh C\u00e1p Treo Thay Th\u1ebf zipSTOP"},"content":{"rendered":"<div class=\"fusion-fullwidth fullwidth-box fusion-builder-row-1 fusion-flex-container nonhundred-percent-fullwidth non-hundred-percent-height-scrolling\" style=\"--awb-border-radius-top-left:0px;--awb-border-radius-top-right:0px;--awb-border-radius-bottom-right:0px;--awb-border-radius-bottom-left:0px;--awb-flex-wrap:wrap;\" ><div class=\"fusion-builder-row fusion-row fusion-flex-align-items-flex-start fusion-flex-content-wrap\" style=\"max-width:1216.8px;margin-left: calc(-4% \/ 2 );margin-right: calc(-4% \/ 2 );\"><div class=\"fusion-layout-column fusion_builder_column fusion-builder-column-0 fusion_builder_column_1_1 1_1 fusion-flex-column\" style=\"--awb-bg-size:cover;--awb-width-large:100%;--awb-margin-top-large:0px;--awb-spacing-right-large:1.92%;--awb-margin-bottom-large:0px;--awb-spacing-left-large:1.92%;--awb-width-medium:100%;--awb-spacing-right-medium:1.92%;--awb-spacing-left-medium:1.92%;--awb-width-small:100%;--awb-spacing-right-small:1.92%;--awb-spacing-left-small:1.92%;\"><div class=\"fusion-column-wrapper fusion-flex-justify-content-flex-start fusion-content-layout-column\"><div class=\"fusion-text fusion-text-1\"><p>C\u00e1c\u00a0<a href=\"https:\/\/headrushtech.com\/zip-stop-zip-line-brake\">zipSTOP Zip Line Brake<\/a>\u00a0\u0111\u01b0\u1ee3c trang b\u1ecb m\u1ed9t d\u00e2y phanh c\u00f3 th\u1ec3 thay th\u1ebf t\u1ea1i hi\u1ec7n tr\u01b0\u1eddng b\u1edfi ng\u01b0\u1eddi s\u1eed d\u1ee5ng b\u1eb1ng c\u00e1ch s\u1eed d\u1ee5ng D\u00e2y Phanh Thay Th\u1ebf. D\u00e2y phanh c\u1ea7n \u0111\u01b0\u1ee3c thay th\u1ebf ngay khi b\u1ecb m\u00f2n ho\u1eb7c h\u1ecfng. H\u1ecfng h\u00f3c bao g\u1ed3m, nh\u01b0ng kh\u00f4ng gi\u1edbi h\u1ea1n, vi\u1ec7c m\u00f2n qu\u00e1 m\u1ee9c, r\u1ed1i lo\u1ea1n, phai n\u1eafng do \u00e1nh n\u1eafng m\u1eb7t tr\u1eddi, c\u1eaft, tr\u1ea7y x\u01b0\u1edbc, ch\u1ec9 th\u00eau bong ra ho\u1eb7c b\u1ecb ch\u00e1y. D\u00e2y phanh c\u1ea7n \u0111\u01b0\u1ee3c thay th\u1ebf \u00edt nh\u1ea5t sau m\u1ed7i kho\u1ea3ng th\u1eddi gian 12 th\u00e1ng, b\u1ea5t k\u1ec3 m\u1ee9c \u0111\u1ed9 m\u00f2n.<\/p>\n<p>D\u00e2y Phanh n\u00e0y thay th\u1ebf cho d\u00e2y c\u00f3 chi\u1ec1u d\u00e0i 12.5 m (41 ft) m\u1edf r\u1ed9ng trong qu\u00e1 tr\u00ecnh k\u00edch ho\u1ea1t b\u1ed9 phanh zipSTOP.<\/p>\n<p>T\u1ea7n su\u1ea5t thay th\u1ebf d\u00e2y phanh ph\u1ee5 thu\u1ed9c v\u00e0o vi\u1ec7c s\u1eed d\u1ee5ng. Xin vui l\u00f2ng tham kh\u1ea3o<a href=\"https:\/\/headrushtech.com\/product-manuals\">\u00a0zipSTOP Zip Line Brake Operator\u2019s Manual<\/a>\u00a0\u0111\u1ec3 bi\u1ebft th\u00eam th\u00f4ng tin chi ti\u1ebft.<\/p>\n<p><strong>L\u01b0u \u00fd: Kh\u00f4ng d\u00f9ng cho c\u00e1c m\u1eabu zipSTOP IR ho\u1eb7c zipSTOP SPEED.<\/strong><\/p>\n<\/div><\/div><\/div><\/div><\/div>","protected":false},"excerpt":{"rendered":"<p>https:\/\/www.youtube.com\/watch?v=AednqcUTNG4&amp;list=PLOj0_5jSPUteoCB9gAYAXreP-R6Ws5Soh&amp;index=9<\/p>\n<p><strong>CONTACT US TO GET IT NOW!\u00a0<\/strong><\/p>\n<p>B\u1ed9 phanh d\u00e2y c\u00e1p treo zipSTOP \u0111\u01b0\u1ee3c trang b\u1ecb m\u1ed9t d\u00e2y phanh c\u00f3 th\u1ec3 thay th\u1ebf t\u1ea1i hi\u1ec7n tr\u01b0\u1eddng b\u1edfi ng\u01b0\u1eddi s\u1eed d\u1ee5ng b\u1eb1ng c\u00e1ch s\u1eed d\u1ee5ng D\u00e2y Phanh Thay Th\u1ebf.<\/p>\n<p>&nbsp;<\/p>","protected":false},"featured_media":27886,"comment_status":"open","ping_status":"closed","template":"","meta":{"_acf_changed":false},"product_brand":[1012],"product_cat":[966],"product_tag":[705,722,727,707],"class_list":{"0":"post-27885","1":"product","2":"type-product","3":"status-publish","4":"has-post-thumbnail","6":"product_brand-headrush","7":"product_cat-new-arrivals","8":"product_tag-headrush","9":"product_tag-trublue","10":"product_tag-webbing-replacement","11":"product_tag-zip","13":"first","14":"onbackorder","15":"taxable","16":"shipping-taxable","17":"product-type-simple"},"acf":[],"yoast_head":"<!-- This site is optimized with the Yoast SEO plugin v27.3 - https:\/\/yoast.com\/product\/yoast-seo-wordpress\/ -->\n<title>zipSTOP Replacement Braking Line - Push Climbing<\/title>\n<meta name=\"robots\" content=\"index, follow, max-snippet:-1, max-image-preview:large, max-video-preview:-1\" \/>\n<link rel=\"canonical\" href=\"https:\/\/pushclimbing.vn\/vi\/san-pham\/zipstop-replacement-braking-line\/\" \/>\n<meta property=\"og:locale\" content=\"vi_VN\" \/>\n<meta property=\"og:type\" content=\"article\" \/>\n<meta property=\"og:title\" content=\"zipSTOP Replacement Braking Line - Push Climbing\" \/>\n<meta property=\"og:description\" content=\"https:\/\/www.youtube.com\/watch?v=AednqcUTNG4&amp;list=PLOj0_5jSPUteoCB9gAYAXreP-R6Ws5Soh&amp;index=9  CONTACT US TO GET IT NOW!\u00a0  The zipSTOP Zip Line Brake is fitted with a braking line that can be replaced in the field by the owner using the Replacement Braking Line.  &nbsp;\" \/>\n<meta property=\"og:url\" content=\"https:\/\/pushclimbing.vn\/vi\/san-pham\/zipstop-replacement-braking-line\/\" \/>\n<meta property=\"og:site_name\" content=\"Push Climbing\" \/>\n<meta property=\"article:publisher\" content=\"https:\/\/www.facebook.com\/pushrockclimbing\" \/>\n<meta property=\"article:modified_time\" content=\"2025-03-19T02:39:17+00:00\" \/>\n<meta property=\"og:image\" content=\"https:\/\/pushclimbing.vn\/wp-content\/uploads\/2023\/08\/zipstop-replacement-braking-line.jpg\" \/>\n\t<meta property=\"og:image:width\" content=\"1250\" \/>\n\t<meta property=\"og:image:height\" content=\"1000\" \/>\n\t<meta property=\"og:image:type\" content=\"image\/jpeg\" \/>\n<meta name=\"twitter:card\" content=\"summary_large_image\" \/>\n<meta name=\"twitter:label1\" content=\"\u01af\u1edbc t\u00ednh th\u1eddi gian \u0111\u1ecdc\" \/>\n\t<meta name=\"twitter:data1\" content=\"1 ph\u00fat\" \/>\n<script type=\"application\/ld+json\" class=\"yoast-schema-graph\">{\"@context\":\"https:\\\/\\\/schema.org\",\"@graph\":[{\"@type\":\"WebPage\",\"@id\":\"https:\\\/\\\/pushclimbing.vn\\\/product\\\/zipstop-replacement-braking-line\\\/\",\"url\":\"https:\\\/\\\/pushclimbing.vn\\\/product\\\/zipstop-replacement-braking-line\\\/\",\"name\":\"zipSTOP Replacement Braking Line - Push Climbing\",\"isPartOf\":{\"@id\":\"https:\\\/\\\/pushclimbing.vn\\\/#website\"},\"primaryImageOfPage\":{\"@id\":\"https:\\\/\\\/pushclimbing.vn\\\/product\\\/zipstop-replacement-braking-line\\\/#primaryimage\"},\"image\":{\"@id\":\"https:\\\/\\\/pushclimbing.vn\\\/product\\\/zipstop-replacement-braking-line\\\/#primaryimage\"},\"thumbnailUrl\":\"https:\\\/\\\/pushclimbing.vn\\\/wp-content\\\/uploads\\\/2023\\\/08\\\/zipstop-replacement-braking-line.jpg\",\"datePublished\":\"2023-08-12T11:20:28+00:00\",\"dateModified\":\"2025-03-19T02:39:17+00:00\",\"breadcrumb\":{\"@id\":\"https:\\\/\\\/pushclimbing.vn\\\/product\\\/zipstop-replacement-braking-line\\\/#breadcrumb\"},\"inLanguage\":\"vi\",\"potentialAction\":[{\"@type\":\"ReadAction\",\"target\":[\"https:\\\/\\\/pushclimbing.vn\\\/product\\\/zipstop-replacement-braking-line\\\/\"]}]},{\"@type\":\"ImageObject\",\"inLanguage\":\"vi\",\"@id\":\"https:\\\/\\\/pushclimbing.vn\\\/product\\\/zipstop-replacement-braking-line\\\/#primaryimage\",\"url\":\"https:\\\/\\\/pushclimbing.vn\\\/wp-content\\\/uploads\\\/2023\\\/08\\\/zipstop-replacement-braking-line.jpg\",\"contentUrl\":\"https:\\\/\\\/pushclimbing.vn\\\/wp-content\\\/uploads\\\/2023\\\/08\\\/zipstop-replacement-braking-line.jpg\",\"width\":1250,\"height\":1000},{\"@type\":\"BreadcrumbList\",\"@id\":\"https:\\\/\\\/pushclimbing.vn\\\/product\\\/zipstop-replacement-braking-line\\\/#breadcrumb\",\"itemListElement\":[{\"@type\":\"ListItem\",\"position\":1,\"name\":\"Home\",\"item\":\"https:\\\/\\\/pushclimbing.vn\\\/\"},{\"@type\":\"ListItem\",\"position\":2,\"name\":\"Shop\",\"item\":\"https:\\\/\\\/pushclimbing.vn\\\/shop\\\/\"},{\"@type\":\"ListItem\",\"position\":3,\"name\":\"zipSTOP Replacement Braking Line\"}]},{\"@type\":\"WebSite\",\"@id\":\"https:\\\/\\\/pushclimbing.vn\\\/#website\",\"url\":\"https:\\\/\\\/pushclimbing.vn\\\/\",\"name\":\"Push Climbing\",\"description\":\"Conquer Your Mountain\",\"publisher\":{\"@id\":\"https:\\\/\\\/pushclimbing.vn\\\/#organization\"},\"potentialAction\":[{\"@type\":\"SearchAction\",\"target\":{\"@type\":\"EntryPoint\",\"urlTemplate\":\"https:\\\/\\\/pushclimbing.vn\\\/?s={search_term_string}\"},\"query-input\":{\"@type\":\"PropertyValueSpecification\",\"valueRequired\":true,\"valueName\":\"search_term_string\"}}],\"inLanguage\":\"vi\"},{\"@type\":\"Organization\",\"@id\":\"https:\\\/\\\/pushclimbing.vn\\\/#organization\",\"name\":\"Push Climbing\",\"url\":\"https:\\\/\\\/pushclimbing.vn\\\/\",\"logo\":{\"@type\":\"ImageObject\",\"inLanguage\":\"vi\",\"@id\":\"https:\\\/\\\/pushclimbing.vn\\\/#\\\/schema\\\/logo\\\/image\\\/\",\"url\":\"https:\\\/\\\/pushclimbing.vn\\\/wp-content\\\/uploads\\\/2022\\\/07\\\/push-logo-canvas.png\",\"contentUrl\":\"https:\\\/\\\/pushclimbing.vn\\\/wp-content\\\/uploads\\\/2022\\\/07\\\/push-logo-canvas.png\",\"width\":400,\"height\":400,\"caption\":\"Push Climbing\"},\"image\":{\"@id\":\"https:\\\/\\\/pushclimbing.vn\\\/#\\\/schema\\\/logo\\\/image\\\/\"},\"sameAs\":[\"https:\\\/\\\/www.facebook.com\\\/pushrockclimbing\"]}]}<\/script>\n<!-- \/ Yoast SEO plugin. -->","yoast_head_json":{"title":"zipSTOP Replacement Braking Line - Push Climbing","robots":{"index":"index","follow":"follow","max-snippet":"max-snippet:-1","max-image-preview":"max-image-preview:large","max-video-preview":"max-video-preview:-1"},"canonical":"https:\/\/pushclimbing.vn\/vi\/san-pham\/zipstop-replacement-braking-line\/","og_locale":"vi_VN","og_type":"article","og_title":"zipSTOP Replacement Braking Line - Push Climbing","og_description":"https:\/\/www.youtube.com\/watch?v=AednqcUTNG4&amp;list=PLOj0_5jSPUteoCB9gAYAXreP-R6Ws5Soh&amp;index=9  CONTACT US TO GET IT NOW!\u00a0  The zipSTOP Zip Line Brake is fitted with a braking line that can be replaced in the field by the owner using the Replacement Braking Line.  &nbsp;","og_url":"https:\/\/pushclimbing.vn\/vi\/san-pham\/zipstop-replacement-braking-line\/","og_site_name":"Push Climbing","article_publisher":"https:\/\/www.facebook.com\/pushrockclimbing","article_modified_time":"2025-03-19T02:39:17+00:00","og_image":[{"width":1250,"height":1000,"url":"https:\/\/pushclimbing.vn\/wp-content\/uploads\/2023\/08\/zipstop-replacement-braking-line.jpg","type":"image\/jpeg"}],"twitter_card":"summary_large_image","twitter_misc":{"\u01af\u1edbc t\u00ednh th\u1eddi gian \u0111\u1ecdc":"1 ph\u00fat"},"schema":{"@context":"https:\/\/schema.org","@graph":[{"@type":"WebPage","@id":"https:\/\/pushclimbing.vn\/product\/zipstop-replacement-braking-line\/","url":"https:\/\/pushclimbing.vn\/product\/zipstop-replacement-braking-line\/","name":"zipSTOP Replacement Braking Line - Push Climbing","isPartOf":{"@id":"https:\/\/pushclimbing.vn\/#website"},"primaryImageOfPage":{"@id":"https:\/\/pushclimbing.vn\/product\/zipstop-replacement-braking-line\/#primaryimage"},"image":{"@id":"https:\/\/pushclimbing.vn\/product\/zipstop-replacement-braking-line\/#primaryimage"},"thumbnailUrl":"https:\/\/pushclimbing.vn\/wp-content\/uploads\/2023\/08\/zipstop-replacement-braking-line.jpg","datePublished":"2023-08-12T11:20:28+00:00","dateModified":"2025-03-19T02:39:17+00:00","breadcrumb":{"@id":"https:\/\/pushclimbing.vn\/product\/zipstop-replacement-braking-line\/#breadcrumb"},"inLanguage":"vi","potentialAction":[{"@type":"ReadAction","target":["https:\/\/pushclimbing.vn\/product\/zipstop-replacement-braking-line\/"]}]},{"@type":"ImageObject","inLanguage":"vi","@id":"https:\/\/pushclimbing.vn\/product\/zipstop-replacement-braking-line\/#primaryimage","url":"https:\/\/pushclimbing.vn\/wp-content\/uploads\/2023\/08\/zipstop-replacement-braking-line.jpg","contentUrl":"https:\/\/pushclimbing.vn\/wp-content\/uploads\/2023\/08\/zipstop-replacement-braking-line.jpg","width":1250,"height":1000},{"@type":"BreadcrumbList","@id":"https:\/\/pushclimbing.vn\/product\/zipstop-replacement-braking-line\/#breadcrumb","itemListElement":[{"@type":"ListItem","position":1,"name":"Home","item":"https:\/\/pushclimbing.vn\/"},{"@type":"ListItem","position":2,"name":"Shop","item":"https:\/\/pushclimbing.vn\/shop\/"},{"@type":"ListItem","position":3,"name":"zipSTOP Replacement Braking Line"}]},{"@type":"WebSite","@id":"https:\/\/pushclimbing.vn\/#website","url":"https:\/\/pushclimbing.vn\/","name":"Push Climbing","description":"Conquer Your Mountain","publisher":{"@id":"https:\/\/pushclimbing.vn\/#organization"},"potentialAction":[{"@type":"SearchAction","target":{"@type":"EntryPoint","urlTemplate":"https:\/\/pushclimbing.vn\/?s={search_term_string}"},"query-input":{"@type":"PropertyValueSpecification","valueRequired":true,"valueName":"search_term_string"}}],"inLanguage":"vi"},{"@type":"Organization","@id":"https:\/\/pushclimbing.vn\/#organization","name":"Push Climbing","url":"https:\/\/pushclimbing.vn\/","logo":{"@type":"ImageObject","inLanguage":"vi","@id":"https:\/\/pushclimbing.vn\/#\/schema\/logo\/image\/","url":"https:\/\/pushclimbing.vn\/wp-content\/uploads\/2022\/07\/push-logo-canvas.png","contentUrl":"https:\/\/pushclimbing.vn\/wp-content\/uploads\/2022\/07\/push-logo-canvas.png","width":400,"height":400,"caption":"Push Climbing"},"image":{"@id":"https:\/\/pushclimbing.vn\/#\/schema\/logo\/image\/"},"sameAs":["https:\/\/www.facebook.com\/pushrockclimbing"]}]}},"_links":{"self":[{"href":"https:\/\/pushclimbing.vn\/vi\/wp-json\/wp\/v2\/product\/27885","targetHints":{"allow":["GET"]}}],"collection":[{"href":"https:\/\/pushclimbing.vn\/vi\/wp-json\/wp\/v2\/product"}],"about":[{"href":"https:\/\/pushclimbing.vn\/vi\/wp-json\/wp\/v2\/types\/product"}],"replies":[{"embeddable":true,"href":"https:\/\/pushclimbing.vn\/vi\/wp-json\/wp\/v2\/comments?post=27885"}],"wp:featuredmedia":[{"embeddable":true,"href":"https:\/\/pushclimbing.vn\/vi\/wp-json\/wp\/v2\/media\/27886"}],"wp:attachment":[{"href":"https:\/\/pushclimbing.vn\/vi\/wp-json\/wp\/v2\/media?parent=27885"}],"wp:term":[{"taxonomy":"product_brand","embeddable":true,"href":"https:\/\/pushclimbing.vn\/vi\/wp-json\/wp\/v2\/product_brand?post=27885"},{"taxonomy":"product_cat","embeddable":true,"href":"https:\/\/pushclimbing.vn\/vi\/wp-json\/wp\/v2\/product_cat?post=27885"},{"taxonomy":"product_tag","embeddable":true,"href":"https:\/\/pushclimbing.vn\/vi\/wp-json\/wp\/v2\/product_tag?post=27885"}],"curies":[{"name":"wp","href":"https:\/\/api.w.org\/{rel}","templated":true}]}}