{"id":27845,"date":"2023-08-12T14:37:50","date_gmt":"2023-08-12T07:37:50","guid":{"rendered":"https:\/\/pushclimbing.vn\/?post_type=product&#038;p=27845"},"modified":"2025-03-20T10:56:18","modified_gmt":"2025-03-20T03:56:18","slug":"trublue-replacement-webbing","status":"publish","type":"product","link":"https:\/\/pushclimbing.vn\/vi\/san-pham\/trublue-replacement-webbing\/","title":{"rendered":"TRUBLUE - D\u00e2y \u0110ai Thay Th\u1ebf"},"content":{"rendered":"<div class=\"fusion-fullwidth fullwidth-box fusion-builder-row-1 fusion-flex-container nonhundred-percent-fullwidth non-hundred-percent-height-scrolling\" style=\"--awb-border-radius-top-left:0px;--awb-border-radius-top-right:0px;--awb-border-radius-bottom-right:0px;--awb-border-radius-bottom-left:0px;--awb-flex-wrap:wrap;\" ><div class=\"fusion-builder-row fusion-row fusion-flex-align-items-flex-start fusion-flex-content-wrap\" style=\"max-width:1216.8px;margin-left: calc(-4% \/ 2 );margin-right: calc(-4% \/ 2 );\"><div class=\"fusion-layout-column fusion_builder_column fusion-builder-column-0 fusion_builder_column_1_1 1_1 fusion-flex-column\" style=\"--awb-bg-size:cover;--awb-width-large:100%;--awb-margin-top-large:0px;--awb-spacing-right-large:1.92%;--awb-margin-bottom-large:0px;--awb-spacing-left-large:1.92%;--awb-width-medium:100%;--awb-spacing-right-medium:1.92%;--awb-spacing-left-medium:1.92%;--awb-width-small:100%;--awb-spacing-right-small:1.92%;--awb-spacing-left-small:1.92%;\"><div class=\"fusion-column-wrapper fusion-flex-justify-content-flex-start fusion-content-layout-column\"><div class=\"fusion-text fusion-text-1\"><p>Thi\u1ebft b\u1ecb c\u00e0i d\u00e2y t\u1ef1 \u0111\u1ed9ng TRUBLUE \u0111\u01b0\u1ee3c trang b\u1ecb m\u1ed9t d\u00e2y c\u00f3 th\u1ec3 thay th\u1ebf t\u1ea1i hi\u1ec7n tr\u01b0\u1eddng\u00a0<a href=\"https:\/\/headrushtech.com\/product-resources\/webbing-inspection\/\">D\u00e2y Thay Th\u1ebf<\/a>\u00a0b\u1edfi ng\u01b0\u1eddi s\u1eed d\u1ee5ng b\u1eb1ng c\u00e1ch s\u1eed d\u1ee5ng. D\u00e2y b\u1ecb h\u1ecfng ho\u1eb7c t\u1ed5n th\u01b0\u01a1ng n\u00ean \u0111\u01b0\u1ee3c thay ngay l\u1eadp t\u1ee9c. T\u00ecnh tr\u1ea1ng t\u1ed5n th\u01b0\u01a1ng bao g\u1ed3m, nh\u01b0ng kh\u00f4ng gi\u1edbi h\u1ea1n, vi\u1ec7c m\u1eb7c qu\u1ea7n \u00e1o qu\u00e1 m\u1ee9c, x\u01a1 l\u00f4ng, n\u00e1m \u00e1nh n\u1eafng m\u1eb7t tr\u1eddi, c\u1eaft, tr\u1ea7y x\u01b0\u1edbc, \u0111\u01b0\u1eddng ch\u1ec9 bung, ho\u1eb7c b\u1ecb ch\u00e1y.<\/p>\n<p>D\u00e2y thay th\u1ebf \u0111i k\u00e8m v\u1edbi m\u1ed9t m\u00f3c carabiner th\u00e9p ho\u1eb7c nh\u00f4m v\u00e0 c\u00f3 s\u1eb5n trong hai chi\u1ec1u d\u00e0i:<\/p>\n<ul>\n<li>41 ft (12.5 m) \u2013 D\u00e2y m\u00e0u xanh<\/li>\n<li>24.6 ft (7.5 m) \u2013 Red webbing<\/li>\n<\/ul>\n<p>T\u1ea7n su\u1ea5t thay th\u1ebf d\u00e2y ph\u1ee5 thu\u1ed9c v\u00e0o vi\u1ec7c s\u1eed d\u1ee5ng. Vui l\u00f2ng tham kh\u1ea3o\u00a0<a href=\"https:\/\/headrushtech.com\/product-manuals\">S\u1ed5 Tay V\u1eadn H\u00e0nh TRUBLUE Auto Belay<\/a>\u00a0\u0111\u1ec3 bi\u1ebft th\u00eam th\u00f4ng tin chi ti\u1ebft.<\/p>\n<p><strong>L\u01b0u \u00fd: Kh\u00f4ng d\u00f9ng v\u1edbi TRUBLUE XL.<\/strong><\/p>\n<p>Head Rush Technologies cam k\u1ebft \u0111\u1ea3m b\u1ea3o s\u1ef1 h\u00e0i l\u00f2ng tuy\u1ec7t \u0111\u1ed1i c\u1ee7a s\u1ea3n ph\u1ea9m v\u00e0 cung c\u1ea5p d\u1ecbch v\u1ee5 kh\u00e1ch h\u00e0ng xu\u1ea5t s\u1eafc. Ch\u00fang t\u00f4i \u0111\u1ecdc t\u1eebng \u0111\u00e1nh gi\u00e1 v\u00e0 \u00fd ki\u1ebfn c\u1ee7a m\u1ed7i kh\u00e1ch h\u00e0ng v\u00ec ph\u1ea3n h\u1ed3i c\u1ee7a b\u1ea1n quan tr\u1ecdng \u0111\u1ec3 gi\u00fap ch\u00fang t\u00f4i li\u00ean t\u1ee5c c\u1ea3i ti\u1ebfn nh\u1eefng g\u00ec ch\u00fang t\u00f4i l\u00e0m v\u00e0 c\u00e1ch ch\u00fang t\u00f4i th\u1ef1c hi\u1ec7n. Ch\u00fang t\u00f4i s\u1ebd li\u00ean h\u1ec7 v\u1edbi b\u1ea1n c\u00e1 nh\u00e2n n\u1ebfu ch\u00fang t\u00f4i ph\u00e1t hi\u1ec7n tr\u1ea3i nghi\u1ec7m c\u1ee7a b\u1ea1n kh\u00f4ng t\u1ed1t.<\/p>\n<\/div><\/div><\/div><\/div><\/div>","protected":false},"excerpt":{"rendered":"<p>https:\/\/www.youtube.com\/watch?v=amCf5MVVhQE&amp;list=PLOj0_5jSPUteoCB9gAYAXreP-R6Ws5Soh<\/p>\n<p><strong>CONTACT US TO GET IT NOW! <\/strong><em>Video H\u01b0\u1edbng D\u1eabn*<\/em><\/p>\n<p>TRUBLUE  \u0111\u01b0\u1ee3c trang b\u1ecb m\u1ed9t d\u00e2y c\u00f3 th\u1ec3 thay th\u1ebf t\u1ea1i hi\u1ec7n tr\u01b0\u1eddng b\u1edfi ng\u01b0\u1eddi s\u1eed d\u1ee5ng b\u1eb1ng c\u00e1ch s\u1eed d\u1ee5ng D\u00e2y Thay Th\u1ebf.<\/p>\n<p>&nbsp;<\/p>","protected":false},"featured_media":27853,"comment_status":"open","ping_status":"closed","template":"","meta":{"_acf_changed":false},"product_brand":[1012],"product_cat":[1029,1023,1026],"product_tag":[705,722,727],"class_list":{"0":"post-27845","1":"product","2":"type-product","3":"status-publish","4":"has-post-thumbnail","6":"product_brand-headrush","7":"product_cat-autobelay","8":"product_cat-climbing","9":"product_cat-ropes","10":"product_tag-headrush","11":"product_tag-trublue","12":"product_tag-webbing-replacement","14":"first","15":"onbackorder","16":"taxable","17":"shipping-taxable","18":"product-type-variable"},"acf":[],"yoast_head":"<!-- This site is optimized with the Yoast SEO plugin v27.3 - https:\/\/yoast.com\/product\/yoast-seo-wordpress\/ -->\n<title>TRUBLUE -Replacement Webbing - Push Climbing<\/title>\n<meta name=\"robots\" content=\"index, follow, max-snippet:-1, max-image-preview:large, max-video-preview:-1\" \/>\n<link rel=\"canonical\" href=\"https:\/\/pushclimbing.vn\/vi\/san-pham\/trublue-replacement-webbing\/\" \/>\n<meta property=\"og:locale\" content=\"vi_VN\" \/>\n<meta property=\"og:type\" content=\"article\" \/>\n<meta property=\"og:title\" content=\"TRUBLUE -Replacement Webbing - Push Climbing\" \/>\n<meta property=\"og:description\" content=\"https:\/\/www.youtube.com\/watch?v=amCf5MVVhQE&amp;list=PLOj0_5jSPUteoCB9gAYAXreP-R6Ws5Soh  CONTACT US TO GET IT NOW! Video Tutorial*  The TRUBLUE Auto Belay is fitted with a webbing that can be replaced in the field by the owner using the Replacement Webbing.  &nbsp;\" \/>\n<meta property=\"og:url\" content=\"https:\/\/pushclimbing.vn\/vi\/san-pham\/trublue-replacement-webbing\/\" \/>\n<meta property=\"og:site_name\" content=\"Push Climbing\" \/>\n<meta property=\"article:publisher\" content=\"https:\/\/www.facebook.com\/pushrockclimbing\" \/>\n<meta property=\"article:modified_time\" content=\"2025-03-20T03:56:18+00:00\" \/>\n<meta property=\"og:image\" content=\"https:\/\/pushclimbing.vn\/wp-content\/uploads\/2023\/08\/tb_12.5_steel_webbing_11460.jpg\" \/>\n\t<meta property=\"og:image:width\" content=\"1250\" \/>\n\t<meta property=\"og:image:height\" content=\"1000\" \/>\n\t<meta property=\"og:image:type\" content=\"image\/jpeg\" \/>\n<meta name=\"twitter:card\" content=\"summary_large_image\" \/>\n<meta name=\"twitter:label1\" content=\"\u01af\u1edbc t\u00ednh th\u1eddi gian \u0111\u1ecdc\" \/>\n\t<meta name=\"twitter:data1\" content=\"1 ph\u00fat\" \/>\n<script type=\"application\/ld+json\" class=\"yoast-schema-graph\">{\"@context\":\"https:\\\/\\\/schema.org\",\"@graph\":[{\"@type\":\"WebPage\",\"@id\":\"https:\\\/\\\/pushclimbing.vn\\\/product\\\/trublue-replacement-webbing\\\/\",\"url\":\"https:\\\/\\\/pushclimbing.vn\\\/product\\\/trublue-replacement-webbing\\\/\",\"name\":\"TRUBLUE -Replacement Webbing - Push Climbing\",\"isPartOf\":{\"@id\":\"https:\\\/\\\/pushclimbing.vn\\\/#website\"},\"primaryImageOfPage\":{\"@id\":\"https:\\\/\\\/pushclimbing.vn\\\/product\\\/trublue-replacement-webbing\\\/#primaryimage\"},\"image\":{\"@id\":\"https:\\\/\\\/pushclimbing.vn\\\/product\\\/trublue-replacement-webbing\\\/#primaryimage\"},\"thumbnailUrl\":\"https:\\\/\\\/pushclimbing.vn\\\/wp-content\\\/uploads\\\/2023\\\/08\\\/tb_12.5_steel_webbing_11460.jpg\",\"datePublished\":\"2023-08-12T07:37:50+00:00\",\"dateModified\":\"2025-03-20T03:56:18+00:00\",\"breadcrumb\":{\"@id\":\"https:\\\/\\\/pushclimbing.vn\\\/product\\\/trublue-replacement-webbing\\\/#breadcrumb\"},\"inLanguage\":\"vi\",\"potentialAction\":[{\"@type\":\"ReadAction\",\"target\":[\"https:\\\/\\\/pushclimbing.vn\\\/product\\\/trublue-replacement-webbing\\\/\"]}]},{\"@type\":\"ImageObject\",\"inLanguage\":\"vi\",\"@id\":\"https:\\\/\\\/pushclimbing.vn\\\/product\\\/trublue-replacement-webbing\\\/#primaryimage\",\"url\":\"https:\\\/\\\/pushclimbing.vn\\\/wp-content\\\/uploads\\\/2023\\\/08\\\/tb_12.5_steel_webbing_11460.jpg\",\"contentUrl\":\"https:\\\/\\\/pushclimbing.vn\\\/wp-content\\\/uploads\\\/2023\\\/08\\\/tb_12.5_steel_webbing_11460.jpg\",\"width\":1250,\"height\":1000},{\"@type\":\"BreadcrumbList\",\"@id\":\"https:\\\/\\\/pushclimbing.vn\\\/product\\\/trublue-replacement-webbing\\\/#breadcrumb\",\"itemListElement\":[{\"@type\":\"ListItem\",\"position\":1,\"name\":\"Home\",\"item\":\"https:\\\/\\\/pushclimbing.vn\\\/\"},{\"@type\":\"ListItem\",\"position\":2,\"name\":\"Shop\",\"item\":\"https:\\\/\\\/pushclimbing.vn\\\/shop\\\/\"},{\"@type\":\"ListItem\",\"position\":3,\"name\":\"TRUBLUE -Replacement Webbing\"}]},{\"@type\":\"WebSite\",\"@id\":\"https:\\\/\\\/pushclimbing.vn\\\/#website\",\"url\":\"https:\\\/\\\/pushclimbing.vn\\\/\",\"name\":\"Push Climbing\",\"description\":\"Conquer Your Mountain\",\"publisher\":{\"@id\":\"https:\\\/\\\/pushclimbing.vn\\\/#organization\"},\"potentialAction\":[{\"@type\":\"SearchAction\",\"target\":{\"@type\":\"EntryPoint\",\"urlTemplate\":\"https:\\\/\\\/pushclimbing.vn\\\/?s={search_term_string}\"},\"query-input\":{\"@type\":\"PropertyValueSpecification\",\"valueRequired\":true,\"valueName\":\"search_term_string\"}}],\"inLanguage\":\"vi\"},{\"@type\":\"Organization\",\"@id\":\"https:\\\/\\\/pushclimbing.vn\\\/#organization\",\"name\":\"Push Climbing\",\"url\":\"https:\\\/\\\/pushclimbing.vn\\\/\",\"logo\":{\"@type\":\"ImageObject\",\"inLanguage\":\"vi\",\"@id\":\"https:\\\/\\\/pushclimbing.vn\\\/#\\\/schema\\\/logo\\\/image\\\/\",\"url\":\"https:\\\/\\\/pushclimbing.vn\\\/wp-content\\\/uploads\\\/2022\\\/07\\\/push-logo-canvas.png\",\"contentUrl\":\"https:\\\/\\\/pushclimbing.vn\\\/wp-content\\\/uploads\\\/2022\\\/07\\\/push-logo-canvas.png\",\"width\":400,\"height\":400,\"caption\":\"Push Climbing\"},\"image\":{\"@id\":\"https:\\\/\\\/pushclimbing.vn\\\/#\\\/schema\\\/logo\\\/image\\\/\"},\"sameAs\":[\"https:\\\/\\\/www.facebook.com\\\/pushrockclimbing\"]}]}<\/script>\n<!-- \/ Yoast SEO plugin. -->","yoast_head_json":{"title":"TRUBLUE -Replacement Webbing - Push Climbing","robots":{"index":"index","follow":"follow","max-snippet":"max-snippet:-1","max-image-preview":"max-image-preview:large","max-video-preview":"max-video-preview:-1"},"canonical":"https:\/\/pushclimbing.vn\/vi\/san-pham\/trublue-replacement-webbing\/","og_locale":"vi_VN","og_type":"article","og_title":"TRUBLUE -Replacement Webbing - Push Climbing","og_description":"https:\/\/www.youtube.com\/watch?v=amCf5MVVhQE&amp;list=PLOj0_5jSPUteoCB9gAYAXreP-R6Ws5Soh  CONTACT US TO GET IT NOW! Video Tutorial*  The TRUBLUE Auto Belay is fitted with a webbing that can be replaced in the field by the owner using the Replacement Webbing.  &nbsp;","og_url":"https:\/\/pushclimbing.vn\/vi\/san-pham\/trublue-replacement-webbing\/","og_site_name":"Push Climbing","article_publisher":"https:\/\/www.facebook.com\/pushrockclimbing","article_modified_time":"2025-03-20T03:56:18+00:00","og_image":[{"width":1250,"height":1000,"url":"https:\/\/pushclimbing.vn\/wp-content\/uploads\/2023\/08\/tb_12.5_steel_webbing_11460.jpg","type":"image\/jpeg"}],"twitter_card":"summary_large_image","twitter_misc":{"\u01af\u1edbc t\u00ednh th\u1eddi gian \u0111\u1ecdc":"1 ph\u00fat"},"schema":{"@context":"https:\/\/schema.org","@graph":[{"@type":"WebPage","@id":"https:\/\/pushclimbing.vn\/product\/trublue-replacement-webbing\/","url":"https:\/\/pushclimbing.vn\/product\/trublue-replacement-webbing\/","name":"TRUBLUE -Replacement Webbing - Push Climbing","isPartOf":{"@id":"https:\/\/pushclimbing.vn\/#website"},"primaryImageOfPage":{"@id":"https:\/\/pushclimbing.vn\/product\/trublue-replacement-webbing\/#primaryimage"},"image":{"@id":"https:\/\/pushclimbing.vn\/product\/trublue-replacement-webbing\/#primaryimage"},"thumbnailUrl":"https:\/\/pushclimbing.vn\/wp-content\/uploads\/2023\/08\/tb_12.5_steel_webbing_11460.jpg","datePublished":"2023-08-12T07:37:50+00:00","dateModified":"2025-03-20T03:56:18+00:00","breadcrumb":{"@id":"https:\/\/pushclimbing.vn\/product\/trublue-replacement-webbing\/#breadcrumb"},"inLanguage":"vi","potentialAction":[{"@type":"ReadAction","target":["https:\/\/pushclimbing.vn\/product\/trublue-replacement-webbing\/"]}]},{"@type":"ImageObject","inLanguage":"vi","@id":"https:\/\/pushclimbing.vn\/product\/trublue-replacement-webbing\/#primaryimage","url":"https:\/\/pushclimbing.vn\/wp-content\/uploads\/2023\/08\/tb_12.5_steel_webbing_11460.jpg","contentUrl":"https:\/\/pushclimbing.vn\/wp-content\/uploads\/2023\/08\/tb_12.5_steel_webbing_11460.jpg","width":1250,"height":1000},{"@type":"BreadcrumbList","@id":"https:\/\/pushclimbing.vn\/product\/trublue-replacement-webbing\/#breadcrumb","itemListElement":[{"@type":"ListItem","position":1,"name":"Home","item":"https:\/\/pushclimbing.vn\/"},{"@type":"ListItem","position":2,"name":"Shop","item":"https:\/\/pushclimbing.vn\/shop\/"},{"@type":"ListItem","position":3,"name":"TRUBLUE -Replacement Webbing"}]},{"@type":"WebSite","@id":"https:\/\/pushclimbing.vn\/#website","url":"https:\/\/pushclimbing.vn\/","name":"Push Climbing","description":"Conquer Your Mountain","publisher":{"@id":"https:\/\/pushclimbing.vn\/#organization"},"potentialAction":[{"@type":"SearchAction","target":{"@type":"EntryPoint","urlTemplate":"https:\/\/pushclimbing.vn\/?s={search_term_string}"},"query-input":{"@type":"PropertyValueSpecification","valueRequired":true,"valueName":"search_term_string"}}],"inLanguage":"vi"},{"@type":"Organization","@id":"https:\/\/pushclimbing.vn\/#organization","name":"Push Climbing","url":"https:\/\/pushclimbing.vn\/","logo":{"@type":"ImageObject","inLanguage":"vi","@id":"https:\/\/pushclimbing.vn\/#\/schema\/logo\/image\/","url":"https:\/\/pushclimbing.vn\/wp-content\/uploads\/2022\/07\/push-logo-canvas.png","contentUrl":"https:\/\/pushclimbing.vn\/wp-content\/uploads\/2022\/07\/push-logo-canvas.png","width":400,"height":400,"caption":"Push Climbing"},"image":{"@id":"https:\/\/pushclimbing.vn\/#\/schema\/logo\/image\/"},"sameAs":["https:\/\/www.facebook.com\/pushrockclimbing"]}]}},"_links":{"self":[{"href":"https:\/\/pushclimbing.vn\/vi\/wp-json\/wp\/v2\/product\/27845","targetHints":{"allow":["GET"]}}],"collection":[{"href":"https:\/\/pushclimbing.vn\/vi\/wp-json\/wp\/v2\/product"}],"about":[{"href":"https:\/\/pushclimbing.vn\/vi\/wp-json\/wp\/v2\/types\/product"}],"replies":[{"embeddable":true,"href":"https:\/\/pushclimbing.vn\/vi\/wp-json\/wp\/v2\/comments?post=27845"}],"wp:featuredmedia":[{"embeddable":true,"href":"https:\/\/pushclimbing.vn\/vi\/wp-json\/wp\/v2\/media\/27853"}],"wp:attachment":[{"href":"https:\/\/pushclimbing.vn\/vi\/wp-json\/wp\/v2\/media?parent=27845"}],"wp:term":[{"taxonomy":"product_brand","embeddable":true,"href":"https:\/\/pushclimbing.vn\/vi\/wp-json\/wp\/v2\/product_brand?post=27845"},{"taxonomy":"product_cat","embeddable":true,"href":"https:\/\/pushclimbing.vn\/vi\/wp-json\/wp\/v2\/product_cat?post=27845"},{"taxonomy":"product_tag","embeddable":true,"href":"https:\/\/pushclimbing.vn\/vi\/wp-json\/wp\/v2\/product_tag?post=27845"}],"curies":[{"name":"wp","href":"https:\/\/api.w.org\/{rel}","templated":true}]}}