{"id":27812,"date":"2023-08-12T14:15:59","date_gmt":"2023-08-12T07:15:59","guid":{"rendered":"https:\/\/pushclimbing.vn\/?post_type=product&#038;p=27812"},"modified":"2025-03-20T10:56:50","modified_gmt":"2025-03-20T03:56:50","slug":"trublue-speed-replacement-webbing","status":"publish","type":"product","link":"https:\/\/pushclimbing.vn\/vi\/san-pham\/trublue-speed-replacement-webbing\/","title":{"rendered":"TRUBLUE Speed - Cu\u1ed9n D\u00e2y Thay Th\u1ebf"},"content":{"rendered":"<div class=\"fusion-fullwidth fullwidth-box fusion-builder-row-1 fusion-flex-container nonhundred-percent-fullwidth non-hundred-percent-height-scrolling\" style=\"--awb-border-radius-top-left:0px;--awb-border-radius-top-right:0px;--awb-border-radius-bottom-right:0px;--awb-border-radius-bottom-left:0px;--awb-flex-wrap:wrap;\" ><div class=\"fusion-builder-row fusion-row fusion-flex-align-items-flex-start fusion-flex-content-wrap\" style=\"max-width:1216.8px;margin-left: calc(-4% \/ 2 );margin-right: calc(-4% \/ 2 );\"><div class=\"fusion-layout-column fusion_builder_column fusion-builder-column-0 fusion_builder_column_1_1 1_1 fusion-flex-column\" style=\"--awb-bg-size:cover;--awb-width-large:100%;--awb-margin-top-large:0px;--awb-spacing-right-large:1.92%;--awb-margin-bottom-large:0px;--awb-spacing-left-large:1.92%;--awb-width-medium:100%;--awb-spacing-right-medium:1.92%;--awb-spacing-left-medium:1.92%;--awb-width-small:100%;--awb-spacing-right-small:1.92%;--awb-spacing-left-small:1.92%;\"><div class=\"fusion-column-wrapper fusion-flex-justify-content-flex-start fusion-content-layout-column\"><div class=\"fusion-text fusion-text-1\"><div data-content-type=\"html\" data-appearance=\"default\" data-element=\"main\" data-decoded=\"true\">\n<p><b>Ch\u1ecdn \u0111\u1ed9 d\u00e0i d\u00e2y th\u00edch h\u1ee3p t\u01b0\u01a1ng \u1ee9ng v\u1edbi chi\u1ec1u cao c\u1ee7a t\u01b0\u1eddng leo tr\u00e8o c\u1ee7a b\u1ea1n:<\/b><\/p>\n<ul>\n<li>12.5m (41ft)<\/li>\n<li>16m (52.8ft)<\/li>\n<\/ul>\n<p><b>Ch\u1ecdn k\u1ebft n\u1ed1i d\u00e2y m\u00e0 b\u1ea1n \u01b0a th\u00edch<\/b><\/p>\n<p>Carabiner Ba H\u00e0nh \u0110\u1ed9ng Th\u00e9p<\/p>\n<ul>\n<li>C\u1ef1c k\u1ef3 b\u1ec1n b\u1ec9 v\u00e0 ch\u1eafc ch\u1eafn, nh\u01b0ng c\u00f3 tr\u1ecdng l\u01b0\u1ee3ng.<\/li>\n<\/ul>\n<p>Carabiner Ba H\u00e0nh \u0110\u1ed9ng Nh\u00f4m<\/p>\n<ul>\n<li>Nh\u1eb9, ch\u1ed1ng \u0103n m\u00f2n.<\/li>\n<\/ul>\n<p>D\u00e2y Phi\u00eau L\u01b0u v\u1edbi Ch\u1ed1t Quay Petzl S<\/p>\n<ul>\n<li>Ng\u0103n ch\u1eb7n d\u00e2y b\u1ecb xo\u1eafn.<\/li>\n<\/ul>\n<\/div>\n<div id=\"related_posts\" class=\"data item content\" data-role=\"content\"><\/div>\n<\/div><\/div><\/div><\/div><\/div>","protected":false},"excerpt":{"rendered":"<p><strong>CONTACT US TO GET IT NOW! <\/strong><em>Video H\u01b0\u1edbng D\u1eabn*<\/em><\/p>\n<p>https:\/\/www.youtube.com\/watch?v=amCf5MVVhQE&amp;list=PLOj0_5jSPUteoCB9gAYAXreP-R6Ws5Soh<\/p>\n<p>B\u1ed9 d\u00e2y thay th\u1ebf n\u00e0y \u0111\u01b0\u1ee3c thi\u1ebft k\u1ebf \u0111\u1ec3 c\u00f3 th\u1ec3 thay th\u1ebf t\u1ea1i hi\u1ec7n tr\u01b0\u1eddng \u0111\u1ec3 gi\u1eef cho d\u00e2y c\u1ee7a Thi\u1ebft b\u1ecb C\u00e0i D\u00e2y An To\u00e0n T\u1ef1 \u0110\u1ed9ng TRUBLUE Speed kh\u00f4ng b\u1ecb c\u1eaft, tr\u1ea7y x\u01b0\u1edbc, m\u1eafc k\u1eb9t ho\u1eb7c b\u1ecb h\u01b0 h\u1ea1i do \u00e1nh n\u1eafng m\u1eb7t tr\u1eddi.<\/p>\n<p>Thi\u1ebft b\u1ecb C\u00e0i D\u00e2y An To\u00e0n T\u1ef1 \u0110\u1ed9ng TRUBLUE Speed \u0111\u01b0\u1ee3c trang b\u1ecb d\u00e2y c\u00f3 th\u1ec3 thay th\u1ebf t\u1ea1i hi\u1ec7n tr\u01b0\u1eddng b\u1edfi ch\u00ednh ng\u01b0\u1eddi s\u1eed d\u1ee5ng b\u1eb1ng c\u00e1ch s\u1eed d\u1ee5ng b\u1ed9 d\u00e2y thay th\u1ebf n\u00e0y. D\u00e2y b\u1ecb m\u00f2n ho\u1eb7c h\u1ecfng c\u1ea7n ph\u1ea3i \u0111\u01b0\u1ee3c thay th\u1ebf ngay l\u1eadp t\u1ee9c. Xem\u00a0<a href=\"https:\/\/headrushtech.com\/product-resources\/webbing-inspection\/\">h\u01b0\u1edbng d\u1eabn ki\u1ec3m tra d\u00e2y<\/a>\u00a0\u0111\u1ec3 x\u00e1c \u0111\u1ecbnh xem d\u00e2y c\u1ee7a b\u1ea1n c\u00f3 c\u1ea7n ph\u1ea3i thay th\u1ebf hay kh\u00f4ng.<\/p>","protected":false},"featured_media":27826,"comment_status":"open","ping_status":"closed","template":"","meta":{"_acf_changed":false},"product_brand":[1012],"product_cat":[1029,1023,1026],"product_tag":[705,653,722,728,727],"class_list":{"0":"post-27812","1":"product","2":"type-product","3":"status-publish","4":"has-post-thumbnail","6":"product_brand-headrush","7":"product_cat-autobelay","8":"product_cat-climbing","9":"product_cat-ropes","10":"product_tag-headrush","11":"product_tag-speed","12":"product_tag-trublue","13":"product_tag-trublue-speed","14":"product_tag-webbing-replacement","16":"first","17":"onbackorder","18":"taxable","19":"shipping-taxable","20":"product-type-variable"},"acf":[],"yoast_head":"<!-- This site is optimized with the Yoast SEO plugin v27.3 - https:\/\/yoast.com\/product\/yoast-seo-wordpress\/ -->\n<title>TRUBLUE Speed -Replacement Webbing - Push Climbing<\/title>\n<meta name=\"robots\" content=\"index, follow, max-snippet:-1, max-image-preview:large, max-video-preview:-1\" \/>\n<link rel=\"canonical\" href=\"https:\/\/pushclimbing.vn\/vi\/san-pham\/trublue-speed-replacement-webbing\/\" \/>\n<meta property=\"og:locale\" content=\"vi_VN\" \/>\n<meta property=\"og:type\" content=\"article\" \/>\n<meta property=\"og:title\" content=\"TRUBLUE Speed -Replacement Webbing - Push Climbing\" \/>\n<meta property=\"og:description\" content=\"CONTACT US TO GET IT NOW! Video Tutorial*  https:\/\/www.youtube.com\/watch?v=amCf5MVVhQE&amp;list=PLOj0_5jSPUteoCB9gAYAXreP-R6Ws5Soh  This webbing set is designed to be replaced in the field to keep your TRUBLUE Speed Auto Belay webbing free from nicks, cuts, snags or sun damage.  The TRUBLUE Speed Auto Belay is fitted with a webbing that can be replaced in the field by the owner using this replacement webbing set. Worn or damaged webbing needs to be replaced immediately. See the\u00a0webbing inspection guide\u00a0to determine if your webbing needs to be replaced.\" \/>\n<meta property=\"og:url\" content=\"https:\/\/pushclimbing.vn\/vi\/san-pham\/trublue-speed-replacement-webbing\/\" \/>\n<meta property=\"og:site_name\" content=\"Push Climbing\" \/>\n<meta property=\"article:publisher\" content=\"https:\/\/www.facebook.com\/pushrockclimbing\" \/>\n<meta property=\"article:modified_time\" content=\"2025-03-20T03:56:50+00:00\" \/>\n<meta property=\"og:image\" content=\"https:\/\/pushclimbing.vn\/wp-content\/uploads\/2023\/08\/trublue-speed-replacement-webbing-1.jpg\" \/>\n\t<meta property=\"og:image:width\" content=\"1250\" \/>\n\t<meta property=\"og:image:height\" content=\"1000\" \/>\n\t<meta property=\"og:image:type\" content=\"image\/jpeg\" \/>\n<meta name=\"twitter:card\" content=\"summary_large_image\" \/>\n<meta name=\"twitter:label1\" content=\"\u01af\u1edbc t\u00ednh th\u1eddi gian \u0111\u1ecdc\" \/>\n\t<meta name=\"twitter:data1\" content=\"1 ph\u00fat\" \/>\n<script type=\"application\/ld+json\" class=\"yoast-schema-graph\">{\"@context\":\"https:\\\/\\\/schema.org\",\"@graph\":[{\"@type\":\"WebPage\",\"@id\":\"https:\\\/\\\/pushclimbing.vn\\\/product\\\/trublue-speed-replacement-webbing\\\/\",\"url\":\"https:\\\/\\\/pushclimbing.vn\\\/product\\\/trublue-speed-replacement-webbing\\\/\",\"name\":\"TRUBLUE Speed -Replacement Webbing - Push Climbing\",\"isPartOf\":{\"@id\":\"https:\\\/\\\/pushclimbing.vn\\\/#website\"},\"primaryImageOfPage\":{\"@id\":\"https:\\\/\\\/pushclimbing.vn\\\/product\\\/trublue-speed-replacement-webbing\\\/#primaryimage\"},\"image\":{\"@id\":\"https:\\\/\\\/pushclimbing.vn\\\/product\\\/trublue-speed-replacement-webbing\\\/#primaryimage\"},\"thumbnailUrl\":\"https:\\\/\\\/pushclimbing.vn\\\/wp-content\\\/uploads\\\/2023\\\/08\\\/trublue-speed-replacement-webbing-1.jpg\",\"datePublished\":\"2023-08-12T07:15:59+00:00\",\"dateModified\":\"2025-03-20T03:56:50+00:00\",\"breadcrumb\":{\"@id\":\"https:\\\/\\\/pushclimbing.vn\\\/product\\\/trublue-speed-replacement-webbing\\\/#breadcrumb\"},\"inLanguage\":\"vi\",\"potentialAction\":[{\"@type\":\"ReadAction\",\"target\":[\"https:\\\/\\\/pushclimbing.vn\\\/product\\\/trublue-speed-replacement-webbing\\\/\"]}]},{\"@type\":\"ImageObject\",\"inLanguage\":\"vi\",\"@id\":\"https:\\\/\\\/pushclimbing.vn\\\/product\\\/trublue-speed-replacement-webbing\\\/#primaryimage\",\"url\":\"https:\\\/\\\/pushclimbing.vn\\\/wp-content\\\/uploads\\\/2023\\\/08\\\/trublue-speed-replacement-webbing-1.jpg\",\"contentUrl\":\"https:\\\/\\\/pushclimbing.vn\\\/wp-content\\\/uploads\\\/2023\\\/08\\\/trublue-speed-replacement-webbing-1.jpg\",\"width\":1250,\"height\":1000},{\"@type\":\"BreadcrumbList\",\"@id\":\"https:\\\/\\\/pushclimbing.vn\\\/product\\\/trublue-speed-replacement-webbing\\\/#breadcrumb\",\"itemListElement\":[{\"@type\":\"ListItem\",\"position\":1,\"name\":\"Home\",\"item\":\"https:\\\/\\\/pushclimbing.vn\\\/\"},{\"@type\":\"ListItem\",\"position\":2,\"name\":\"Shop\",\"item\":\"https:\\\/\\\/pushclimbing.vn\\\/shop\\\/\"},{\"@type\":\"ListItem\",\"position\":3,\"name\":\"TRUBLUE Speed -Replacement Webbing\"}]},{\"@type\":\"WebSite\",\"@id\":\"https:\\\/\\\/pushclimbing.vn\\\/#website\",\"url\":\"https:\\\/\\\/pushclimbing.vn\\\/\",\"name\":\"Push Climbing\",\"description\":\"Conquer Your Mountain\",\"publisher\":{\"@id\":\"https:\\\/\\\/pushclimbing.vn\\\/#organization\"},\"potentialAction\":[{\"@type\":\"SearchAction\",\"target\":{\"@type\":\"EntryPoint\",\"urlTemplate\":\"https:\\\/\\\/pushclimbing.vn\\\/?s={search_term_string}\"},\"query-input\":{\"@type\":\"PropertyValueSpecification\",\"valueRequired\":true,\"valueName\":\"search_term_string\"}}],\"inLanguage\":\"vi\"},{\"@type\":\"Organization\",\"@id\":\"https:\\\/\\\/pushclimbing.vn\\\/#organization\",\"name\":\"Push Climbing\",\"url\":\"https:\\\/\\\/pushclimbing.vn\\\/\",\"logo\":{\"@type\":\"ImageObject\",\"inLanguage\":\"vi\",\"@id\":\"https:\\\/\\\/pushclimbing.vn\\\/#\\\/schema\\\/logo\\\/image\\\/\",\"url\":\"https:\\\/\\\/pushclimbing.vn\\\/wp-content\\\/uploads\\\/2022\\\/07\\\/push-logo-canvas.png\",\"contentUrl\":\"https:\\\/\\\/pushclimbing.vn\\\/wp-content\\\/uploads\\\/2022\\\/07\\\/push-logo-canvas.png\",\"width\":400,\"height\":400,\"caption\":\"Push Climbing\"},\"image\":{\"@id\":\"https:\\\/\\\/pushclimbing.vn\\\/#\\\/schema\\\/logo\\\/image\\\/\"},\"sameAs\":[\"https:\\\/\\\/www.facebook.com\\\/pushrockclimbing\"]}]}<\/script>\n<!-- \/ Yoast SEO plugin. -->","yoast_head_json":{"title":"TRUBLUE Speed -Replacement Webbing - Push Climbing","robots":{"index":"index","follow":"follow","max-snippet":"max-snippet:-1","max-image-preview":"max-image-preview:large","max-video-preview":"max-video-preview:-1"},"canonical":"https:\/\/pushclimbing.vn\/vi\/san-pham\/trublue-speed-replacement-webbing\/","og_locale":"vi_VN","og_type":"article","og_title":"TRUBLUE Speed -Replacement Webbing - Push Climbing","og_description":"CONTACT US TO GET IT NOW! Video Tutorial*  https:\/\/www.youtube.com\/watch?v=amCf5MVVhQE&amp;list=PLOj0_5jSPUteoCB9gAYAXreP-R6Ws5Soh  This webbing set is designed to be replaced in the field to keep your TRUBLUE Speed Auto Belay webbing free from nicks, cuts, snags or sun damage.  The TRUBLUE Speed Auto Belay is fitted with a webbing that can be replaced in the field by the owner using this replacement webbing set. Worn or damaged webbing needs to be replaced immediately. See the\u00a0webbing inspection guide\u00a0to determine if your webbing needs to be replaced.","og_url":"https:\/\/pushclimbing.vn\/vi\/san-pham\/trublue-speed-replacement-webbing\/","og_site_name":"Push Climbing","article_publisher":"https:\/\/www.facebook.com\/pushrockclimbing","article_modified_time":"2025-03-20T03:56:50+00:00","og_image":[{"width":1250,"height":1000,"url":"https:\/\/pushclimbing.vn\/wp-content\/uploads\/2023\/08\/trublue-speed-replacement-webbing-1.jpg","type":"image\/jpeg"}],"twitter_card":"summary_large_image","twitter_misc":{"\u01af\u1edbc t\u00ednh th\u1eddi gian \u0111\u1ecdc":"1 ph\u00fat"},"schema":{"@context":"https:\/\/schema.org","@graph":[{"@type":"WebPage","@id":"https:\/\/pushclimbing.vn\/product\/trublue-speed-replacement-webbing\/","url":"https:\/\/pushclimbing.vn\/product\/trublue-speed-replacement-webbing\/","name":"TRUBLUE Speed -Replacement Webbing - Push Climbing","isPartOf":{"@id":"https:\/\/pushclimbing.vn\/#website"},"primaryImageOfPage":{"@id":"https:\/\/pushclimbing.vn\/product\/trublue-speed-replacement-webbing\/#primaryimage"},"image":{"@id":"https:\/\/pushclimbing.vn\/product\/trublue-speed-replacement-webbing\/#primaryimage"},"thumbnailUrl":"https:\/\/pushclimbing.vn\/wp-content\/uploads\/2023\/08\/trublue-speed-replacement-webbing-1.jpg","datePublished":"2023-08-12T07:15:59+00:00","dateModified":"2025-03-20T03:56:50+00:00","breadcrumb":{"@id":"https:\/\/pushclimbing.vn\/product\/trublue-speed-replacement-webbing\/#breadcrumb"},"inLanguage":"vi","potentialAction":[{"@type":"ReadAction","target":["https:\/\/pushclimbing.vn\/product\/trublue-speed-replacement-webbing\/"]}]},{"@type":"ImageObject","inLanguage":"vi","@id":"https:\/\/pushclimbing.vn\/product\/trublue-speed-replacement-webbing\/#primaryimage","url":"https:\/\/pushclimbing.vn\/wp-content\/uploads\/2023\/08\/trublue-speed-replacement-webbing-1.jpg","contentUrl":"https:\/\/pushclimbing.vn\/wp-content\/uploads\/2023\/08\/trublue-speed-replacement-webbing-1.jpg","width":1250,"height":1000},{"@type":"BreadcrumbList","@id":"https:\/\/pushclimbing.vn\/product\/trublue-speed-replacement-webbing\/#breadcrumb","itemListElement":[{"@type":"ListItem","position":1,"name":"Home","item":"https:\/\/pushclimbing.vn\/"},{"@type":"ListItem","position":2,"name":"Shop","item":"https:\/\/pushclimbing.vn\/shop\/"},{"@type":"ListItem","position":3,"name":"TRUBLUE Speed -Replacement Webbing"}]},{"@type":"WebSite","@id":"https:\/\/pushclimbing.vn\/#website","url":"https:\/\/pushclimbing.vn\/","name":"Push Climbing","description":"Conquer Your Mountain","publisher":{"@id":"https:\/\/pushclimbing.vn\/#organization"},"potentialAction":[{"@type":"SearchAction","target":{"@type":"EntryPoint","urlTemplate":"https:\/\/pushclimbing.vn\/?s={search_term_string}"},"query-input":{"@type":"PropertyValueSpecification","valueRequired":true,"valueName":"search_term_string"}}],"inLanguage":"vi"},{"@type":"Organization","@id":"https:\/\/pushclimbing.vn\/#organization","name":"Push Climbing","url":"https:\/\/pushclimbing.vn\/","logo":{"@type":"ImageObject","inLanguage":"vi","@id":"https:\/\/pushclimbing.vn\/#\/schema\/logo\/image\/","url":"https:\/\/pushclimbing.vn\/wp-content\/uploads\/2022\/07\/push-logo-canvas.png","contentUrl":"https:\/\/pushclimbing.vn\/wp-content\/uploads\/2022\/07\/push-logo-canvas.png","width":400,"height":400,"caption":"Push Climbing"},"image":{"@id":"https:\/\/pushclimbing.vn\/#\/schema\/logo\/image\/"},"sameAs":["https:\/\/www.facebook.com\/pushrockclimbing"]}]}},"_links":{"self":[{"href":"https:\/\/pushclimbing.vn\/vi\/wp-json\/wp\/v2\/product\/27812","targetHints":{"allow":["GET"]}}],"collection":[{"href":"https:\/\/pushclimbing.vn\/vi\/wp-json\/wp\/v2\/product"}],"about":[{"href":"https:\/\/pushclimbing.vn\/vi\/wp-json\/wp\/v2\/types\/product"}],"replies":[{"embeddable":true,"href":"https:\/\/pushclimbing.vn\/vi\/wp-json\/wp\/v2\/comments?post=27812"}],"wp:featuredmedia":[{"embeddable":true,"href":"https:\/\/pushclimbing.vn\/vi\/wp-json\/wp\/v2\/media\/27826"}],"wp:attachment":[{"href":"https:\/\/pushclimbing.vn\/vi\/wp-json\/wp\/v2\/media?parent=27812"}],"wp:term":[{"taxonomy":"product_brand","embeddable":true,"href":"https:\/\/pushclimbing.vn\/vi\/wp-json\/wp\/v2\/product_brand?post=27812"},{"taxonomy":"product_cat","embeddable":true,"href":"https:\/\/pushclimbing.vn\/vi\/wp-json\/wp\/v2\/product_cat?post=27812"},{"taxonomy":"product_tag","embeddable":true,"href":"https:\/\/pushclimbing.vn\/vi\/wp-json\/wp\/v2\/product_tag?post=27812"}],"curies":[{"name":"wp","href":"https:\/\/api.w.org\/{rel}","templated":true}]}}