{"id":27789,"date":"2023-08-12T14:02:57","date_gmt":"2023-08-12T07:02:57","guid":{"rendered":"https:\/\/pushclimbing.vn\/?post_type=product&#038;p=27789"},"modified":"2025-03-20T10:57:07","modified_gmt":"2025-03-20T03:57:07","slug":"trublue-iq-replacement-webbing","status":"publish","type":"product","link":"https:\/\/pushclimbing.vn\/vi\/san-pham\/trublue-iq-replacement-webbing\/","title":{"rendered":"D\u00e2y \u0110ai Thay Th\u1ebf TRUBLUE iQ"},"content":{"rendered":"<div class=\"fusion-fullwidth fullwidth-box fusion-builder-row-1 fusion-flex-container nonhundred-percent-fullwidth non-hundred-percent-height-scrolling\" style=\"--awb-border-radius-top-left:0px;--awb-border-radius-top-right:0px;--awb-border-radius-bottom-right:0px;--awb-border-radius-bottom-left:0px;--awb-flex-wrap:wrap;\" ><div class=\"fusion-builder-row fusion-row fusion-flex-align-items-flex-start fusion-flex-content-wrap\" style=\"max-width:1216.8px;margin-left: calc(-4% \/ 2 );margin-right: calc(-4% \/ 2 );\"><div class=\"fusion-layout-column fusion_builder_column fusion-builder-column-0 fusion_builder_column_1_1 1_1 fusion-flex-column\" style=\"--awb-bg-size:cover;--awb-width-large:100%;--awb-margin-top-large:0px;--awb-spacing-right-large:1.92%;--awb-margin-bottom-large:0px;--awb-spacing-left-large:1.92%;--awb-width-medium:100%;--awb-spacing-right-medium:1.92%;--awb-spacing-left-medium:1.92%;--awb-width-small:100%;--awb-spacing-right-small:1.92%;--awb-spacing-left-small:1.92%;\"><div class=\"fusion-column-wrapper fusion-flex-justify-content-flex-start fusion-content-layout-column\"><div class=\"fusion-text fusion-text-1\"><p>D\u00e2y Thay Th\u1ebf \u0111i k\u00e8m v\u1edbi s\u1ef1 l\u1ef1a ch\u1ecdn v\u1ec1 b\u1ed9 k\u1ebft n\u1ed1i c\u1ee7a b\u1ea1n \u2014 kh\u00f3a carabiner nh\u00f4m, kh\u00f3a carabiner th\u00e9p, d\u00e2y phi\u00eau l\u01b0u ho\u1eb7c v\u00f2ng l\u1eb7p m\u1edf\u00a0<a href=\"https:\/\/trublueclimbing.com\/approved-connectors?__hstc=32419489.6ab2200570283a223d5f776ca8e3d7a7.1691730560251.1691818140405.1691820735287.7&amp;__hssc=32419489.7.1691820735287&amp;__hsfp=3540939822\" target=\"_blank\" rel=\"noopener noreferrer\">(b\u1ea5m v\u00e0o \u0111\u00e2y \u0111\u1ec3 xem c\u00e1c b\u1ed9 k\u1ebft n\u1ed1i \u0111\u01b0\u1ee3c ph\u00ea duy\u1ec7t cho d\u00e2y v\u00f2ng m\u1edf)<\/a>\u00a0\u2014 v\u00e0 c\u00f3 s\u1eb5n trong hai chi\u1ec1u d\u00e0i:<\/p>\n<ul>\n<li>41 ft (12.5 m) \u2013 D\u00e2y m\u00e0u xanh<\/li>\n<li>65.6 ft (20 m) \u2013 Th\u1ebb d\u00e2y m\u00e0u t\u00edm<\/li>\n<\/ul>\n<p>T\u1ea7n su\u1ea5t thay th\u1ebf d\u00e2y ph\u1ee5 thu\u1ed9c v\u00e0o c\u00e1ch s\u1eed d\u1ee5ng. Vui l\u00f2ng tham kh\u1ea3o H\u01b0\u1edbng d\u1eabn S\u1eed d\u1ee5ng Thi\u1ebft b\u1ecb c\u00e0i d\u00e2y an to\u00e0n t\u1ef1 \u0111\u1ed9ng TRUBLUE iQ \u0111\u1ec3 bi\u1ebft th\u00eam th\u00f4ng tin chi ti\u1ebft.<\/p>\n<p>Head Rush Technologies cam k\u1ebft \u0111\u1ea3m b\u1ea3o s\u1ef1 h\u00e0i l\u00f2ng tuy\u1ec7t \u0111\u1ed1i c\u1ee7a s\u1ea3n ph\u1ea9m v\u00e0 cung c\u1ea5p d\u1ecbch v\u1ee5 kh\u00e1ch h\u00e0ng xu\u1ea5t s\u1eafc. Ch\u00fang t\u00f4i \u0111\u1ecdc t\u1eebng \u0111\u00e1nh gi\u00e1 v\u00e0 \u00fd ki\u1ebfn c\u1ee7a m\u1ed7i kh\u00e1ch h\u00e0ng v\u00ec ph\u1ea3n h\u1ed3i c\u1ee7a b\u1ea1n quan tr\u1ecdng \u0111\u1ec3 gi\u00fap ch\u00fang t\u00f4i li\u00ean t\u1ee5c c\u1ea3i ti\u1ebfn nh\u1eefng g\u00ec ch\u00fang t\u00f4i l\u00e0m v\u00e0 c\u00e1ch ch\u00fang t\u00f4i th\u1ef1c hi\u1ec7n. Ch\u00fang t\u00f4i s\u1ebd li\u00ean h\u1ec7 v\u1edbi b\u1ea1n c\u00e1 nh\u00e2n n\u1ebfu ch\u00fang t\u00f4i ph\u00e1t hi\u1ec7n tr\u1ea3i nghi\u1ec7m c\u1ee7a b\u1ea1n kh\u00f4ng t\u1ed1t.<\/p>\n<\/div><\/div><\/div><\/div><\/div>","protected":false},"excerpt":{"rendered":"<p><strong>CONTACT US TO GET IT NOW! <\/strong><em>Video H\u01b0\u1edbng D\u1eabn*<\/em><\/p>\n<p>https:\/\/www.youtube.com\/watch?v=amCf5MVVhQE&amp;list=PLOj0_5jSPUteoCB9gAYAXreP-R6Ws5Soh<\/p>\n<p>Thi\u1ebft b\u1ecb c\u00e0i d\u00e2y an to\u00e0n t\u1ef1 \u0111\u1ed9ng TRUBLUE iQ \u0111\u01b0\u1ee3c trang b\u1ecb d\u00e2y r\u1ed9ng h\u01a1n \u0111\u01b0\u1ee3c c\u1ea3i thi\u1ec7n c\u00f3 th\u1ec3 thay th\u1ebf t\u1ea1i hi\u1ec7n tr\u01b0\u1eddng b\u1edfi ch\u00ednh ng\u01b0\u1eddi s\u1eed d\u1ee5ng b\u1eb1ng c\u00e1ch s\u1eed d\u1ee5ng D\u00e2y Thay Th\u1ebf.<\/p>\n<p><strong>L\u01b0u \u00fd: Kh\u00f4ng \u0111\u01b0\u1ee3c s\u1eed d\u1ee5ng trong c\u00e1c thi\u1ebft b\u1ecb c\u00e0i d\u00e2y an to\u00e0n t\u1ef1 \u0111\u1ed9ng TRUBLUE 2 ho\u1eb7c TRUBLUE XL.<\/strong><\/p>\n<p>Thi\u1ebft b\u1ecb c\u00e0i d\u00e2y an to\u00e0n t\u1ef1 \u0111\u1ed9ng TRUBLUE iQ \u0111\u01b0\u1ee3c trang b\u1ecb d\u00e2y r\u1ed9ng h\u01a1n \u0111\u01b0\u1ee3c c\u1ea3i thi\u1ec7n c\u00f3 th\u1ec3 thay th\u1ebf t\u1ea1i hi\u1ec7n tr\u01b0\u1eddng b\u1edfi ch\u00ednh ng\u01b0\u1eddi s\u1eed d\u1ee5ng b\u1eb1ng c\u00e1ch s\u1eed d\u1ee5ng D\u00e2y Thay Th\u1ebf. D\u00e2y b\u1ecb m\u00f2n ho\u1eb7c h\u1ecfng c\u1ea7n ph\u1ea3i \u0111\u01b0\u1ee3c thay ngay l\u1eadp t\u1ee9c. H\u1ecfng h\u00f3c bao g\u1ed3m, nh\u01b0ng kh\u00f4ng gi\u1edbi h\u1ea1n, s\u1ef1 m\u00f2n qu\u00e1 m\u1ee9c, bung ra s\u1ee3i, b\u1ecb phai do \u00e1nh n\u1eafng m\u1eb7t tr\u1eddi, c\u1eaft, n\u1ee9t, kh\u00e2u l\u1ecfng, ho\u1eb7c b\u1ecb ch\u00e1y.<\/p>\n<p>s.<img decoding=\"async\" class=\"alignnone size-medium wp-image-27725\" src=\"https:\/\/pushclimbing.vn\/wp-content\/uploads\/2023\/01\/TBiQ_iQ_Logo_Variations-28-09-300x101.png\" alt=\"\" width=\"300\" height=\"101\" srcset=\"https:\/\/pushclimbing.vn\/wp-content\/uploads\/2023\/01\/TBiQ_iQ_Logo_Variations-28-09-18x6.png 18w, https:\/\/pushclimbing.vn\/wp-content\/uploads\/2023\/01\/TBiQ_iQ_Logo_Variations-28-09-200x67.png 200w, https:\/\/pushclimbing.vn\/wp-content\/uploads\/2023\/01\/TBiQ_iQ_Logo_Variations-28-09-300x101.png 300w, https:\/\/pushclimbing.vn\/wp-content\/uploads\/2023\/01\/TBiQ_iQ_Logo_Variations-28-09-400x134.png 400w, https:\/\/pushclimbing.vn\/wp-content\/uploads\/2023\/01\/TBiQ_iQ_Logo_Variations-28-09-600x202.png 600w, https:\/\/pushclimbing.vn\/wp-content\/uploads\/2023\/01\/TBiQ_iQ_Logo_Variations-28-09-700x235.png 700w, https:\/\/pushclimbing.vn\/wp-content\/uploads\/2023\/01\/TBiQ_iQ_Logo_Variations-28-09-768x258.png 768w, https:\/\/pushclimbing.vn\/wp-content\/uploads\/2023\/01\/TBiQ_iQ_Logo_Variations-28-09-800x269.png 800w, https:\/\/pushclimbing.vn\/wp-content\/uploads\/2023\/01\/TBiQ_iQ_Logo_Variations-28-09-1024x344.png 1024w, https:\/\/pushclimbing.vn\/wp-content\/uploads\/2023\/01\/TBiQ_iQ_Logo_Variations-28-09-1200x403.png 1200w, https:\/\/pushclimbing.vn\/wp-content\/uploads\/2023\/01\/TBiQ_iQ_Logo_Variations-28-09-1536x516.png 1536w, https:\/\/pushclimbing.vn\/wp-content\/uploads\/2023\/01\/TBiQ_iQ_Logo_Variations-28-09.png 1715w\" sizes=\"(max-width: 300px) 100vw, 300px\" \/><\/p>","protected":false},"featured_media":27810,"comment_status":"open","ping_status":"closed","template":"","meta":{"_acf_changed":false},"product_brand":[1012],"product_cat":[1029,1023,1026],"product_tag":[705,726,727],"class_list":{"0":"post-27789","1":"product","2":"type-product","3":"status-publish","4":"has-post-thumbnail","6":"product_brand-headrush","7":"product_cat-autobelay","8":"product_cat-climbing","9":"product_cat-ropes","10":"product_tag-headrush","11":"product_tag-headrush-webbing","12":"product_tag-webbing-replacement","14":"first","15":"onbackorder","16":"taxable","17":"shipping-taxable","18":"product-type-variable"},"acf":[],"yoast_head":"<!-- This site is optimized with the Yoast SEO plugin v27.5 - https:\/\/yoast.com\/product\/yoast-seo-wordpress\/ -->\n<title>TRUBLUE iQ Replacement Webbing - Push Climbing<\/title>\n<meta name=\"robots\" content=\"index, follow, max-snippet:-1, max-image-preview:large, max-video-preview:-1\" \/>\n<link rel=\"canonical\" href=\"https:\/\/pushclimbing.vn\/vi\/san-pham\/trublue-iq-replacement-webbing\/\" \/>\n<meta property=\"og:locale\" content=\"vi_VN\" \/>\n<meta property=\"og:type\" content=\"article\" \/>\n<meta property=\"og:title\" content=\"TRUBLUE iQ Replacement Webbing - Push Climbing\" \/>\n<meta property=\"og:description\" content=\"CONTACT US TO GET IT NOW! Video Tutorial*  https:\/\/www.youtube.com\/watch?v=amCf5MVVhQE&amp;list=PLOj0_5jSPUteoCB9gAYAXreP-R6Ws5Soh  The TRUBLUE iQ Auto Belay is fitted with improved, wider webbing that can be replaced in the field by the owner using the Replacement Webbing.  Note: Not for use in TRUBLUE 2 or TRUBLUE XL auto belays.  The TRUBLUE iQ Auto Belay is fitted with an improved, wider webbing that can be replaced in the field by the owner using the Replacement Webbing. Worn or damaged webbing should be replaced immediately. Damage includes, but is not limited to, excess wear, fluffing, sun bleaching, cuts, knicks, loose stitching, or burn.  s.\" \/>\n<meta property=\"og:url\" content=\"https:\/\/pushclimbing.vn\/vi\/san-pham\/trublue-iq-replacement-webbing\/\" \/>\n<meta property=\"og:site_name\" content=\"Push Climbing\" \/>\n<meta property=\"article:publisher\" content=\"https:\/\/www.facebook.com\/pushrockclimbing\" \/>\n<meta property=\"article:modified_time\" content=\"2025-03-20T03:57:07+00:00\" \/>\n<meta property=\"og:image\" content=\"https:\/\/pushclimbing.vn\/wp-content\/uploads\/2023\/08\/replacement_webbing_12.5m_tru-lock_aluminum_carabiner_1-nobackground_1.png\" \/>\n\t<meta property=\"og:image:width\" content=\"1250\" \/>\n\t<meta property=\"og:image:height\" content=\"1000\" \/>\n\t<meta property=\"og:image:type\" content=\"image\/png\" \/>\n<meta name=\"twitter:card\" content=\"summary_large_image\" \/>\n<meta name=\"twitter:label1\" content=\"\u01af\u1edbc t\u00ednh th\u1eddi gian \u0111\u1ecdc\" \/>\n\t<meta name=\"twitter:data1\" content=\"1 ph\u00fat\" \/>\n<script type=\"application\/ld+json\" class=\"yoast-schema-graph\">{\"@context\":\"https:\\\/\\\/schema.org\",\"@graph\":[{\"@type\":\"WebPage\",\"@id\":\"https:\\\/\\\/pushclimbing.vn\\\/product\\\/trublue-iq-replacement-webbing\\\/\",\"url\":\"https:\\\/\\\/pushclimbing.vn\\\/product\\\/trublue-iq-replacement-webbing\\\/\",\"name\":\"TRUBLUE iQ Replacement Webbing - Push Climbing\",\"isPartOf\":{\"@id\":\"https:\\\/\\\/pushclimbing.vn\\\/#website\"},\"primaryImageOfPage\":{\"@id\":\"https:\\\/\\\/pushclimbing.vn\\\/product\\\/trublue-iq-replacement-webbing\\\/#primaryimage\"},\"image\":{\"@id\":\"https:\\\/\\\/pushclimbing.vn\\\/product\\\/trublue-iq-replacement-webbing\\\/#primaryimage\"},\"thumbnailUrl\":\"https:\\\/\\\/pushclimbing.vn\\\/wp-content\\\/uploads\\\/2023\\\/08\\\/replacement_webbing_12.5m_tru-lock_aluminum_carabiner_1-nobackground_1.png\",\"datePublished\":\"2023-08-12T07:02:57+00:00\",\"dateModified\":\"2025-03-20T03:57:07+00:00\",\"breadcrumb\":{\"@id\":\"https:\\\/\\\/pushclimbing.vn\\\/product\\\/trublue-iq-replacement-webbing\\\/#breadcrumb\"},\"inLanguage\":\"vi\",\"potentialAction\":[{\"@type\":\"ReadAction\",\"target\":[\"https:\\\/\\\/pushclimbing.vn\\\/product\\\/trublue-iq-replacement-webbing\\\/\"]}]},{\"@type\":\"ImageObject\",\"inLanguage\":\"vi\",\"@id\":\"https:\\\/\\\/pushclimbing.vn\\\/product\\\/trublue-iq-replacement-webbing\\\/#primaryimage\",\"url\":\"https:\\\/\\\/pushclimbing.vn\\\/wp-content\\\/uploads\\\/2023\\\/08\\\/replacement_webbing_12.5m_tru-lock_aluminum_carabiner_1-nobackground_1.png\",\"contentUrl\":\"https:\\\/\\\/pushclimbing.vn\\\/wp-content\\\/uploads\\\/2023\\\/08\\\/replacement_webbing_12.5m_tru-lock_aluminum_carabiner_1-nobackground_1.png\",\"width\":1250,\"height\":1000},{\"@type\":\"BreadcrumbList\",\"@id\":\"https:\\\/\\\/pushclimbing.vn\\\/product\\\/trublue-iq-replacement-webbing\\\/#breadcrumb\",\"itemListElement\":[{\"@type\":\"ListItem\",\"position\":1,\"name\":\"Home\",\"item\":\"https:\\\/\\\/pushclimbing.vn\\\/\"},{\"@type\":\"ListItem\",\"position\":2,\"name\":\"Shop\",\"item\":\"https:\\\/\\\/pushclimbing.vn\\\/shop\\\/\"},{\"@type\":\"ListItem\",\"position\":3,\"name\":\"TRUBLUE iQ Replacement Webbing\"}]},{\"@type\":\"WebSite\",\"@id\":\"https:\\\/\\\/pushclimbing.vn\\\/#website\",\"url\":\"https:\\\/\\\/pushclimbing.vn\\\/\",\"name\":\"Push Climbing\",\"description\":\"Conquer Your Mountain\",\"publisher\":{\"@id\":\"https:\\\/\\\/pushclimbing.vn\\\/#organization\"},\"potentialAction\":[{\"@type\":\"SearchAction\",\"target\":{\"@type\":\"EntryPoint\",\"urlTemplate\":\"https:\\\/\\\/pushclimbing.vn\\\/?s={search_term_string}\"},\"query-input\":{\"@type\":\"PropertyValueSpecification\",\"valueRequired\":true,\"valueName\":\"search_term_string\"}}],\"inLanguage\":\"vi\"},{\"@type\":\"Organization\",\"@id\":\"https:\\\/\\\/pushclimbing.vn\\\/#organization\",\"name\":\"Push Climbing\",\"url\":\"https:\\\/\\\/pushclimbing.vn\\\/\",\"logo\":{\"@type\":\"ImageObject\",\"inLanguage\":\"vi\",\"@id\":\"https:\\\/\\\/pushclimbing.vn\\\/#\\\/schema\\\/logo\\\/image\\\/\",\"url\":\"https:\\\/\\\/pushclimbing.vn\\\/wp-content\\\/uploads\\\/2022\\\/07\\\/push-logo-canvas.png\",\"contentUrl\":\"https:\\\/\\\/pushclimbing.vn\\\/wp-content\\\/uploads\\\/2022\\\/07\\\/push-logo-canvas.png\",\"width\":400,\"height\":400,\"caption\":\"Push Climbing\"},\"image\":{\"@id\":\"https:\\\/\\\/pushclimbing.vn\\\/#\\\/schema\\\/logo\\\/image\\\/\"},\"sameAs\":[\"https:\\\/\\\/www.facebook.com\\\/pushrockclimbing\"]}]}<\/script>\n<!-- \/ Yoast SEO plugin. -->","yoast_head_json":{"title":"TRUBLUE iQ Replacement Webbing - Push Climbing","robots":{"index":"index","follow":"follow","max-snippet":"max-snippet:-1","max-image-preview":"max-image-preview:large","max-video-preview":"max-video-preview:-1"},"canonical":"https:\/\/pushclimbing.vn\/vi\/san-pham\/trublue-iq-replacement-webbing\/","og_locale":"vi_VN","og_type":"article","og_title":"TRUBLUE iQ Replacement Webbing - Push Climbing","og_description":"CONTACT US TO GET IT NOW! Video Tutorial*  https:\/\/www.youtube.com\/watch?v=amCf5MVVhQE&amp;list=PLOj0_5jSPUteoCB9gAYAXreP-R6Ws5Soh  The TRUBLUE iQ Auto Belay is fitted with improved, wider webbing that can be replaced in the field by the owner using the Replacement Webbing.  Note: Not for use in TRUBLUE 2 or TRUBLUE XL auto belays.  The TRUBLUE iQ Auto Belay is fitted with an improved, wider webbing that can be replaced in the field by the owner using the Replacement Webbing. Worn or damaged webbing should be replaced immediately. Damage includes, but is not limited to, excess wear, fluffing, sun bleaching, cuts, knicks, loose stitching, or burn.  s.","og_url":"https:\/\/pushclimbing.vn\/vi\/san-pham\/trublue-iq-replacement-webbing\/","og_site_name":"Push Climbing","article_publisher":"https:\/\/www.facebook.com\/pushrockclimbing","article_modified_time":"2025-03-20T03:57:07+00:00","og_image":[{"width":1250,"height":1000,"url":"https:\/\/pushclimbing.vn\/wp-content\/uploads\/2023\/08\/replacement_webbing_12.5m_tru-lock_aluminum_carabiner_1-nobackground_1.png","type":"image\/png"}],"twitter_card":"summary_large_image","twitter_misc":{"\u01af\u1edbc t\u00ednh th\u1eddi gian \u0111\u1ecdc":"1 ph\u00fat"},"schema":{"@context":"https:\/\/schema.org","@graph":[{"@type":"WebPage","@id":"https:\/\/pushclimbing.vn\/product\/trublue-iq-replacement-webbing\/","url":"https:\/\/pushclimbing.vn\/product\/trublue-iq-replacement-webbing\/","name":"TRUBLUE iQ Replacement Webbing - Push Climbing","isPartOf":{"@id":"https:\/\/pushclimbing.vn\/#website"},"primaryImageOfPage":{"@id":"https:\/\/pushclimbing.vn\/product\/trublue-iq-replacement-webbing\/#primaryimage"},"image":{"@id":"https:\/\/pushclimbing.vn\/product\/trublue-iq-replacement-webbing\/#primaryimage"},"thumbnailUrl":"https:\/\/pushclimbing.vn\/wp-content\/uploads\/2023\/08\/replacement_webbing_12.5m_tru-lock_aluminum_carabiner_1-nobackground_1.png","datePublished":"2023-08-12T07:02:57+00:00","dateModified":"2025-03-20T03:57:07+00:00","breadcrumb":{"@id":"https:\/\/pushclimbing.vn\/product\/trublue-iq-replacement-webbing\/#breadcrumb"},"inLanguage":"vi","potentialAction":[{"@type":"ReadAction","target":["https:\/\/pushclimbing.vn\/product\/trublue-iq-replacement-webbing\/"]}]},{"@type":"ImageObject","inLanguage":"vi","@id":"https:\/\/pushclimbing.vn\/product\/trublue-iq-replacement-webbing\/#primaryimage","url":"https:\/\/pushclimbing.vn\/wp-content\/uploads\/2023\/08\/replacement_webbing_12.5m_tru-lock_aluminum_carabiner_1-nobackground_1.png","contentUrl":"https:\/\/pushclimbing.vn\/wp-content\/uploads\/2023\/08\/replacement_webbing_12.5m_tru-lock_aluminum_carabiner_1-nobackground_1.png","width":1250,"height":1000},{"@type":"BreadcrumbList","@id":"https:\/\/pushclimbing.vn\/product\/trublue-iq-replacement-webbing\/#breadcrumb","itemListElement":[{"@type":"ListItem","position":1,"name":"Home","item":"https:\/\/pushclimbing.vn\/"},{"@type":"ListItem","position":2,"name":"Shop","item":"https:\/\/pushclimbing.vn\/shop\/"},{"@type":"ListItem","position":3,"name":"TRUBLUE iQ Replacement Webbing"}]},{"@type":"WebSite","@id":"https:\/\/pushclimbing.vn\/#website","url":"https:\/\/pushclimbing.vn\/","name":"Push Climbing","description":"Conquer Your Mountain","publisher":{"@id":"https:\/\/pushclimbing.vn\/#organization"},"potentialAction":[{"@type":"SearchAction","target":{"@type":"EntryPoint","urlTemplate":"https:\/\/pushclimbing.vn\/?s={search_term_string}"},"query-input":{"@type":"PropertyValueSpecification","valueRequired":true,"valueName":"search_term_string"}}],"inLanguage":"vi"},{"@type":"Organization","@id":"https:\/\/pushclimbing.vn\/#organization","name":"Push Climbing","url":"https:\/\/pushclimbing.vn\/","logo":{"@type":"ImageObject","inLanguage":"vi","@id":"https:\/\/pushclimbing.vn\/#\/schema\/logo\/image\/","url":"https:\/\/pushclimbing.vn\/wp-content\/uploads\/2022\/07\/push-logo-canvas.png","contentUrl":"https:\/\/pushclimbing.vn\/wp-content\/uploads\/2022\/07\/push-logo-canvas.png","width":400,"height":400,"caption":"Push Climbing"},"image":{"@id":"https:\/\/pushclimbing.vn\/#\/schema\/logo\/image\/"},"sameAs":["https:\/\/www.facebook.com\/pushrockclimbing"]}]}},"_links":{"self":[{"href":"https:\/\/pushclimbing.vn\/vi\/wp-json\/wp\/v2\/product\/27789","targetHints":{"allow":["GET"]}}],"collection":[{"href":"https:\/\/pushclimbing.vn\/vi\/wp-json\/wp\/v2\/product"}],"about":[{"href":"https:\/\/pushclimbing.vn\/vi\/wp-json\/wp\/v2\/types\/product"}],"replies":[{"embeddable":true,"href":"https:\/\/pushclimbing.vn\/vi\/wp-json\/wp\/v2\/comments?post=27789"}],"wp:featuredmedia":[{"embeddable":true,"href":"https:\/\/pushclimbing.vn\/vi\/wp-json\/wp\/v2\/media\/27810"}],"wp:attachment":[{"href":"https:\/\/pushclimbing.vn\/vi\/wp-json\/wp\/v2\/media?parent=27789"}],"wp:term":[{"taxonomy":"product_brand","embeddable":true,"href":"https:\/\/pushclimbing.vn\/vi\/wp-json\/wp\/v2\/product_brand?post=27789"},{"taxonomy":"product_cat","embeddable":true,"href":"https:\/\/pushclimbing.vn\/vi\/wp-json\/wp\/v2\/product_cat?post=27789"},{"taxonomy":"product_tag","embeddable":true,"href":"https:\/\/pushclimbing.vn\/vi\/wp-json\/wp\/v2\/product_tag?post=27789"}],"curies":[{"name":"wp","href":"https:\/\/api.w.org\/{rel}","templated":true}]}}