{"id":27766,"date":"2023-08-12T12:36:20","date_gmt":"2023-08-12T05:36:20","guid":{"rendered":"https:\/\/pushclimbing.vn\/?post_type=product&#038;p=27766"},"modified":"2025-04-03T14:45:55","modified_gmt":"2025-04-03T07:45:55","slug":"trublue-iq-auto-belay","status":"publish","type":"product","link":"https:\/\/pushclimbing.vn\/vi\/san-pham\/trublue-iq-auto-belay\/","title":{"rendered":"TRUBLUE iQ+ Auto Belay"},"content":{"rendered":"<div class=\"fusion-fullwidth fullwidth-box fusion-builder-row-1 fusion-flex-container nonhundred-percent-fullwidth non-hundred-percent-height-scrolling\" style=\"--awb-border-radius-top-left:0px;--awb-border-radius-top-right:0px;--awb-border-radius-bottom-right:0px;--awb-border-radius-bottom-left:0px;--awb-flex-wrap:wrap;\" ><div class=\"fusion-builder-row fusion-row fusion-flex-align-items-flex-start fusion-flex-content-wrap\" style=\"max-width:1216.8px;margin-left: calc(-4% \/ 2 );margin-right: calc(-4% \/ 2 );\"><div class=\"fusion-layout-column fusion_builder_column fusion-builder-column-0 fusion_builder_column_1_1 1_1 fusion-flex-column\" style=\"--awb-bg-size:cover;--awb-width-large:100%;--awb-margin-top-large:0px;--awb-spacing-right-large:1.92%;--awb-margin-bottom-large:0px;--awb-spacing-left-large:1.92%;--awb-width-medium:100%;--awb-spacing-right-medium:1.92%;--awb-spacing-left-medium:1.92%;--awb-width-small:100%;--awb-spacing-right-small:1.92%;--awb-spacing-left-small:1.92%;\"><div class=\"fusion-column-wrapper fusion-flex-justify-content-flex-start fusion-content-layout-column\"><div class=\"fusion-text fusion-text-1\"><div class=\"video-shortcode\"><iframe title=\"Our Eddy Current Magnetic Braking Technology\" width=\"1170\" height=\"658\" src=\"https:\/\/www.youtube.com\/embed\/2tsVuf9pLOE?list=PLOj0_5jSPUteCjhk5zT-mWSrd81u9Qv8E\" frameborder=\"0\" allow=\"accelerometer; autoplay; clipboard-write; encrypted-media; gyroscope; picture-in-picture; web-share\" referrerpolicy=\"strict-origin-when-cross-origin\" allowfullscreen><\/iframe><\/div>\n<p><strong>Bao G\u1ed3m<\/strong><\/p>\n<ul>\n<li>C\u00f4ng ngh\u1ec7 B\u1eaft v\u00e0 Gi\u1eef: Cho ph\u00e9p ng\u01b0\u1eddi leo ngh\u1ec9 ng\u01a1i v\u00e0 t\u1eadp tr\u00ecnh tuy\u1ebfn leo.<\/li>\n<li>Thi\u1ebft k\u1ebf d\u00e0nh cho c\u1ea3 trong nh\u00e0 v\u00e0 ngo\u00e0i tr\u1eddi.<\/li>\n<li>S\u1ed1 v\u00f2ng l\u1eb7p cao, b\u1ea3o d\u01b0\u1ee1ng t\u1ed1i thi\u1ec3u v\u00e0 chi ph\u00ed s\u1edf h\u1eefu th\u1ea5p.<\/li>\n<li>L\u1ea3y xu\u1ed1ng m\u01b0\u1ee3t m\u00e0: TRUBLUE l\u00e0 thi\u1ebft b\u1ecb c\u00e0i d\u00e2y an to\u00e0n t\u1ef1 \u0111\u1ed9ng duy nh\u1ea5t s\u1eed d\u1ee5ng c\u00f4ng ngh\u1ec7 phanh t\u1eeb t\u00ednh. C\u00f4ng ngh\u1ec7 phanh t\u1eeb t\u00ednh r\u1ea5t \u0111\u00e1ng tin c\u1eady (ngay c\u1ea3 trong \u0111i\u1ec1u ki\u1ec7n \u1ea9m \u01b0\u1edbt), kh\u00f4ng ma s\u00e1t v\u00e0 t\u1ef1 \u0111\u1ed9ng \u0111i\u1ec1u ch\u1ec9nh, cung c\u1ea5p t\u1ed1c \u0111\u1ed9 l\u1ea3y xu\u1ed1ng nh\u01b0 nhau b\u1ea5t k\u1ec3 ng\u01b0\u1eddi d\u00f9ng c\u00f3 k\u00edch th\u01b0\u1edbc hay c\u00e2n n\u1eb7ng nh\u01b0 th\u1ebf n\u00e0o.<\/li>\n<li>Leo l\u00ean m\u00e0 kh\u00f4ng c\u1ea7n s\u1ef1 h\u1ed7 tr\u1ee3: Thay v\u00ec k\u00e9o ng\u01b0\u1eddi leo l\u00ean t\u01b0\u1eddng, TRUBLUE mang \u0111\u1ebfn c\u1ea3m gi\u00e1c leo t\u1ef1 nhi\u00ean nh\u1ea5t, cho ph\u00e9p ng\u01b0\u1eddi leo t\u1ef1 do leo l\u00ean b\u1eb1ng s\u1ee9c m\u00ecnh.<\/li>\n<li>\u0110\u1ed9 b\u1ec1n c\u1ea3i thi\u1ec7n: D\u00f2ng s\u1ea3n ph\u1ea9m iQ \u0111\u01b0\u1ee3c trang b\u1ecb d\u00e2y r\u1ed9ng h\u01a1n, b\u1ed9 b\u1ea3o v\u1ec7 sau t\u00edch h\u1ee3p v\u00e0 b\u1ed9 gi\u00e1 \u0111\u1ee1 c\u00f3 th\u1ec3 thay th\u1ebf.<\/li>\n<li>T\u01b0\u01a1ng th\u00edch IoT: K\u1ebft n\u1ed1i t\u00edch h\u1ee3p cho vi\u1ec7c t\u1ea3i xu\u1ed1ng d\u1eef li\u1ec7u v\u00e0 ph\u00e2n t\u00edch hi\u1ec7u su\u1ea5t (g\u00f3i ph\u1ea7n m\u1ec1m s\u1ebd \u0111\u01b0\u1ee3c ph\u00e1t h\u00e0nh sau).<\/li>\n<\/ul>\n<p><strong>An to\u00e0n<\/strong><\/p>\n<ul>\n<li>\u0110\u00e1p \u1ee9ng ti\u00eau chu\u1ea9n an to\u00e0n qu\u1ed1c t\u1ebf: TRUBLUE \u0111\u01b0\u1ee3c thi\u1ebft k\u1ebf cho ng\u01b0\u1eddi leo n\u00fai v\u00e0 k\u1ef9 thu\u1eadt cho m\u1ee5c ti\u00eau an to\u00e0n. Ch\u00fang t\u00f4i \u0111\u00e3 thi\u1ebft k\u1ebf TRUBLUE \u0111\u1ec3 \u0111\u00e1p \u1ee9ng c\u00e1c ti\u00eau chu\u1ea9n an to\u00e0n qu\u1ed1c t\u1ebf cho c\u00e1c thi\u1ebft b\u1ecb ng\u0103n ng\u00e3 t\u1ef1 \u0111\u1ed9ng.<\/li>\n<li>Ki\u1ec3m tra an to\u00e0n t\u1ec9 m\u1ec9: Trong h\u01a1n b\u1ed1n n\u0103m, d\u00f2ng s\u1ea3n ph\u1ea9m TRUBLUE iQ \u0111\u00e3 tr\u1ea3i qua c\u00e1c cu\u1ed9c ki\u1ec3m tra an to\u00e0n t\u1ec9 m\u1ec9 b\u1edfi m\u1ed9t c\u00f4ng ty \u0111\u01b0\u1ee3c ch\u1ee9ng nh\u1eadn theo ti\u00eau chu\u1ea9n ISO 17025 chuy\u00ean v\u1ec1 ki\u1ec3m tra s\u1ea3n ph\u1ea9m.<\/li>\n<li>\u0110\u01b0\u1ee3c ch\u1ee9ng nh\u1eadn ch\u1ed1ng t\u1ea3i \u0111\u1ed9t ng\u1ed9t: Thi\u1ebft b\u1ecb c\u00e0i d\u00e2y an to\u00e0n t\u1ef1 \u0111\u1ed9ng TRUBLUE \u0111\u01b0\u1ee3c ch\u1ee9ng nh\u1eadn theo EN360:2002 \u0111\u1ec3 b\u1ea3o v\u1ec7 ch\u1ed1ng l\u1ea1i t\u1ea3i \u0111\u1ed9t ng\u1ed9t. Trong leo tr\u00e8o, t\u1ea3i n\u00e0y c\u00f3 th\u1ec3 do nh\u1eefng chuy\u1ec3n \u0111\u1ed9ng \u0111\u1ed9ng l\u1ef1c g\u00e2y ra.<\/li>\n<li>\u0110\u00e3 \u0111\u01b0\u1ee3c T\u00dcV S\u00dcD ki\u1ec3m tra theo ti\u00eau chu\u1ea9n Class A l\u00ean t\u1edbi 10 l\u1ea7n<\/li>\n<li>Printable wall signage is available for your facility. You can download your copy here:\u00a0<a href=\"https:\/\/5957371.fs1.hubspotusercontent-na1.net\/hubfs\/5957371\/TBiQ%20and%20TBiQ+\/TBiQ+%20Wall%20Signage%20New.pdf\" target=\"_blank\" rel=\"noopener\">Safety Posters<\/a><\/li>\n<\/ul>\n<h4>TH\u00d4NG S\u1ed0 K\u1ef8 THU\u1eacT<\/h4>\n<p>V\u1edbi c\u00f4ng ngh\u1ec7 t\u1eeb t\u1eeb t\u1eeb t\u1ef1 \u0111\u1ed9ng m\u00e0 ng\u01b0\u1eddi leo n\u00fai y\u00eau th\u00edch v\u00e0 tin t\u01b0\u1edfng, gi\u1edd \u0111\u00e2y m\u1ea1nh m\u1ebd v\u00e0 nh\u1eb9 h\u01a1n bao gi\u1edd h\u1ebft!<\/p>\n<ul class=\"hrt-specs\">\n<li><strong>K\u00edch Th\u01b0\u1edbc:<\/strong>\n<ul>\n<li>iQ+: 370 x 280 x 254mm (14.5 x 11 x 10 in)<\/li>\n<\/ul>\n<\/li>\n<li><strong>Kh\u1ed1i l\u01b0\u1ee3ng:<\/strong>\n<ul>\n<li>iQ+ LT: 19 kg (41.8 lbs)<\/li>\n<li>iQ+ XL: 22.1 kg (48.7 lbs)<\/li>\n<\/ul>\n<\/li>\n<li><strong>T\u1ea3i tr\u1ecdng l\u01b0\u1ee3ng ng\u01b0\u1eddi leo n\u00fai:<\/strong>\u00a010-140 kg (22-309 lbs)<\/li>\n<li><strong>T\u1ed1c \u0111\u1ed9 \u0111\u00e1p xu\u1ed1ng t\u1ed1i \u0111a:<\/strong>\u00a02.0 m\/s (6.5 ft\/s)<\/li>\n<li><strong>Chi\u1ec1u cao g\u1eafn l\u1eafp t\u1ed1i \u0111a:<\/strong>\n<ul>\n<li>LT: 12.5 m (41 ft)<\/li>\n<li>XL: 20 m (65.6ft)<\/li>\n<\/ul>\n<\/li>\n<li><strong>Chi\u1ec1u cao g\u1eafn l\u1eafp t\u1ed1i thi\u1ec3u:<\/strong>\n<ul>\n<li>LT: 4.5 m (14.8 ft)<\/li>\n<li>XL: 12 m (39.4 ft)<\/li>\n<\/ul>\n<\/li>\n<li>Ph\u1ea1m vi nhi\u1ec7t \u0111\u1ed9:\n<ul>\n<li>Ho\u1ea1t \u0111\u1ed9ng: -4\u00b0C \u0111\u1ebfn 60\u00b0C (25\u00b0F \u0111\u1ebfn 140\u00b0F)<\/li>\n<li>Ho\u1ea1t \u0111\u1ed9ng (Kh\u00f4): -10\u00b0C \u0111\u1ebfn 60\u00b0C (14\u00b0F \u0111\u1ebfn 140\u00b0F)<\/li>\n<\/ul>\n<\/li>\n<\/ul>\n<h4>TI\u00caU CHU\u1ea8N AN TO\u00c0N<\/h4>\n<p>C\u00e1c ph\u00f2ng t\u1eadp h\u00e0ng ng\u00e0y, c\u00e1c tr\u1ea1i, c\u00e1c c\u00f4ng vi\u00ean gi\u1ea3i tr\u00ed m\u1ea1o hi\u1ec3m v\u00e0 nhi\u1ec1u n\u01a1i kh\u00e1c c\u1ea7n l\u1ef1a ch\u1ecdn khi ch\u1ecdn m\u1ed9t d\u00e2y an to\u00e0n t\u1ef1 \u0111\u1ed9ng cho doanh nghi\u1ec7p c\u1ee7a h\u1ecd. V\u1edbi s\u1ef1 s\u1ed1ng c\u00f2n c\u1ee7a con ng\u01b0\u1eddi \u0111\u1eb7t l\u00ean b\u00e0n c\u00e2n, ch\u00fang t\u00f4i nghi\u00eam t\u00fac v\u1ec1 an to\u00e0n v\u00e0 ngh\u0129 r\u1eb1ng b\u1ea1n c\u0169ng n\u00ean nghi\u00eam t\u00fac v\u1ec1 \u0111i\u1ec1u n\u00e0y. L\u00e0 ng\u01b0\u1eddi d\u1eabn \u0111\u1ea7u th\u1ebf gi\u1edbi trong vi\u1ec7c s\u1ea3n xu\u1ea5t d\u00e2y an to\u00e0n t\u1ef1 \u0111\u1ed9ng, ch\u00fang t\u00f4i c\u00f3 tr\u00e1ch nhi\u1ec7m tuy\u1ec7t v\u1eddi \u0111\u1ec3 \u0111\u1ee9ng \u0111\u1ea7u trong vi\u1ec7c quy \u0111\u1ecbnh v\u00e0 y\u00eau c\u1ea7u an to\u00e0n. M\u1ecdi thi\u1ebft b\u1ecb TRUBLUE \u0111\u01b0\u1ee3c th\u1eed nghi\u1ec7m theo c\u00e1c ti\u00eau chu\u1ea9n an to\u00e0n nghi\u00eam ng\u1eb7t, bao g\u1ed3m:<\/p>\n<ul>\n<li><strong>AS\/NZS 1891:<\/strong>\u00a0H\u1ec7 th\u1ed1ng v\u00e0 thi\u1ebft b\u1ecb ng\u0103n ng\u00e3 c\u00f4ng nghi\u1ec7p \u2013 Ph\u1ea7n 3: Thi\u1ebft b\u1ecb ng\u0103n ng\u00e3 r\u01a1i<\/li>\n<li><strong>CSA Z259.2.3-99:<\/strong>\u00a0Thi\u1ebft b\u1ecb Ki\u1ec3m so\u00e1t Th\u1ea3m Xu\u1ed1ng<\/li>\n<li><strong>EN 341: 2011 Class 1A:<\/strong>\u00a0Thi\u1ebft b\u1ecb b\u1ea3o h\u1ed9 c\u00e1 nh\u00e2n ch\u1ed1ng ng\u00e3 t\u1eeb \u0111\u1ed9 cao \u2013 Thi\u1ebft b\u1ecb h\u1ea1 th\u1ea3\n<ul>\n<li><strong>RFU PPE-R\/11.128:2019:<\/strong>\u00a0\u0110\u01b0\u1ee3c Khuy\u1ebfn ngh\u1ecb s\u1eed d\u1ee5ng cho c\u00e1c thi\u1ebft b\u1ecb ki\u1ec3m so\u00e1t th\u1ea3m xu\u1ed1ng \u0111\u01b0\u1ee3c s\u1eed d\u1ee5ng trong c\u00e1c ph\u00f2ng t\u1eadp leo n\u00fai, c\u00e1c s\u00e2n ch\u01a1i d\u00e2y. 10x L\u1edbp A.<\/li>\n<\/ul>\n<\/li>\n<li><strong>ANSI\/ASSE Z359.4:<\/strong>\u00a0Y\u00eau c\u1ea7u An to\u00e0n cho H\u1ec7 th\u1ed1ng C\u1ee9u h\u1ed9 v\u00e0 T\u1ef1 c\u1ee9u, C\u00e1c h\u1ec7 th\u1ed1ng con v\u00e0 c\u00e1c b\u1ed9 ph\u1eadn<\/li>\n<li><strong>EN 360:2002:<\/strong> Thi\u1ebft b\u1ecb b\u1ea3o h\u1ed9 c\u00e1 nh\u00e2n ch\u1ed1ng ng\u00e3 t\u1eeb \u0111\u1ed9 cao \u2013 Lo\u1ea1i gi\u1eef d\u00e2y r\u00fat. Ph\u1ea7n 4.5: L\u1ef1c t\u1ed1i \u0111a &lt; 6kN cho kh\u1ea3 n\u0103ng ch\u1ee9a 150kg.<\/li>\n<\/ul>\n<\/div><\/div><\/div><\/div><\/div>","protected":false},"excerpt":{"rendered":"<p>https:\/\/www.youtube.com\/watch?v=mjABIB_VNE4&amp;list=PLOj0_5jSPUteCjhk5zT-mWSrd81u9Qv8E<\/p>\n<p><strong>CONTACT US TO GET IT NOW!\u00a0<\/strong><\/p>\n<p>Meet the first auto belay in the world with the ability to &#8220;take&#8221;. The TRUBLUE iQ+ is equipped with revolutionary catch-and-hold technology, giving climbers the opportunity to rest, recover, and retry challenging moves. Built on the next gen iQ platform, the TRUBLUE iQ+ combines best-in-class quality and durability with never-before-seen features. Welcome to the future of auto belays.<\/p>\n<p>The TRUBLUE iQ+ marks the largest leap forward in auto belay innovation in over a decade. Designed for both indoor and outdoor climbing walls, the iQ+ is the first and only auto belay device to offer advanced features like catch-and-hold technology and IoT compatibility.<\/p>\n<p>As the premium model in our iQ series, every TRUBLUE iQ+ is handmade in the USA and engineered to last. The patented magnetic braking system is friction-free, delivering high cycle counts with low maintenance requirements and minimal wear on internal parts.<\/p>\n<p><a href=\"https:\/\/pushclimbing.vn\/wp-content\/uploads\/2023\/01\/12904-02-TBiQ-Installation-Guide-Web.pdf\">*12904-02 \u2013 TBiQ+ \u2013 H\u01b0\u1edbng D\u1eabn L\u1eafp \u0110\u1eb7t <\/a><\/p>\n<p><a href=\"https:\/\/pushclimbing.vn\/wp-content\/uploads\/2023\/01\/12603-02-TBiQ-Manual-LTXL-Print.pdf\">*12603-02 \u2013 TBiQ+ \u2013 H\u01b0\u1edbng D\u1eabn \u2013 LT,XL<\/a><\/p>","protected":false},"featured_media":25195,"comment_status":"open","ping_status":"closed","template":"","meta":{"_acf_changed":false},"product_brand":[1012],"product_cat":[1029,1028,1023],"product_tag":[470,27,469,720,722,723],"class_list":{"0":"post-27766","1":"product","2":"type-product","3":"status-publish","4":"has-post-thumbnail","6":"product_brand-headrush","7":"product_cat-autobelay","8":"product_cat-belay","9":"product_cat-climbing","10":"product_tag-auto-belay","11":"product_tag-belay","12":"product_tag-headrush-technology","13":"product_tag-iq","14":"product_tag-trublue","15":"product_tag-trublue-iq","17":"first","18":"onbackorder","19":"taxable","20":"shipping-taxable","21":"product-type-variable","22":"has-default-attributes"},"acf":[],"yoast_head":"<!-- This site is optimized with the Yoast SEO plugin v27.3 - https:\/\/yoast.com\/product\/yoast-seo-wordpress\/ -->\n<title>TRUBLUE iQ+ Auto Belay - Push Climbing<\/title>\n<meta name=\"robots\" content=\"index, follow, max-snippet:-1, max-image-preview:large, max-video-preview:-1\" \/>\n<link rel=\"canonical\" href=\"https:\/\/pushclimbing.vn\/vi\/san-pham\/trublue-iq-auto-belay\/\" \/>\n<meta property=\"og:locale\" content=\"vi_VN\" \/>\n<meta property=\"og:type\" content=\"article\" \/>\n<meta property=\"og:title\" content=\"TRUBLUE iQ+ Auto Belay - Push Climbing\" \/>\n<meta property=\"og:description\" content=\"https:\/\/www.youtube.com\/watch?v=mjABIB_VNE4&amp;list=PLOj0_5jSPUteCjhk5zT-mWSrd81u9Qv8E  CONTACT US TO GET IT NOW!\u00a0  Meet the first auto belay in the world with the ability to &quot;take&quot;. The TRUBLUE iQ+ is equipped with revolutionary catch-and-hold technology, giving climbers the opportunity to rest, recover, and retry challenging moves. Built on the next gen iQ platform, the TRUBLUE iQ+ combines best-in-class quality and durability with never-before-seen features. Welcome to the future of auto belays.  The TRUBLUE iQ+ marks the largest leap forward in auto belay innovation in over a decade. Designed for both indoor and outdoor climbing walls, the iQ+ is the first and only auto belay device to offer advanced features like catch-and-hold technology and IoT compatibility.  As the premium model in our iQ series, every TRUBLUE iQ+ is handmade in the USA and engineered to last. The patented magnetic braking system is friction-free, delivering high cycle counts with low maintenance requirements and minimal wear on internal parts.  *12904-02 - TBiQ+ - Installation Guide   *12603-02 - TBiQ+ - Manual - LT,XL\" \/>\n<meta property=\"og:url\" content=\"https:\/\/pushclimbing.vn\/vi\/san-pham\/trublue-iq-auto-belay\/\" \/>\n<meta property=\"og:site_name\" content=\"Push Climbing\" \/>\n<meta property=\"article:publisher\" content=\"https:\/\/www.facebook.com\/pushrockclimbing\" \/>\n<meta property=\"article:modified_time\" content=\"2025-04-03T07:45:55+00:00\" \/>\n<meta property=\"og:image\" content=\"https:\/\/pushclimbing.vn\/wp-content\/uploads\/2023\/01\/iq_product_listing_photo.png\" \/>\n\t<meta property=\"og:image:width\" content=\"1250\" \/>\n\t<meta property=\"og:image:height\" content=\"1000\" \/>\n\t<meta property=\"og:image:type\" content=\"image\/png\" \/>\n<meta name=\"twitter:card\" content=\"summary_large_image\" \/>\n<meta name=\"twitter:label1\" content=\"\u01af\u1edbc t\u00ednh th\u1eddi gian \u0111\u1ecdc\" \/>\n\t<meta name=\"twitter:data1\" content=\"3 ph\u00fat\" \/>\n<script type=\"application\/ld+json\" class=\"yoast-schema-graph\">{\"@context\":\"https:\\\/\\\/schema.org\",\"@graph\":[{\"@type\":\"WebPage\",\"@id\":\"https:\\\/\\\/pushclimbing.vn\\\/product\\\/trublue-iq-auto-belay\\\/\",\"url\":\"https:\\\/\\\/pushclimbing.vn\\\/product\\\/trublue-iq-auto-belay\\\/\",\"name\":\"TRUBLUE iQ+ Auto Belay - Push Climbing\",\"isPartOf\":{\"@id\":\"https:\\\/\\\/pushclimbing.vn\\\/#website\"},\"primaryImageOfPage\":{\"@id\":\"https:\\\/\\\/pushclimbing.vn\\\/product\\\/trublue-iq-auto-belay\\\/#primaryimage\"},\"image\":{\"@id\":\"https:\\\/\\\/pushclimbing.vn\\\/product\\\/trublue-iq-auto-belay\\\/#primaryimage\"},\"thumbnailUrl\":\"https:\\\/\\\/pushclimbing.vn\\\/wp-content\\\/uploads\\\/2023\\\/01\\\/iq_product_listing_photo.png\",\"datePublished\":\"2023-08-12T05:36:20+00:00\",\"dateModified\":\"2025-04-03T07:45:55+00:00\",\"breadcrumb\":{\"@id\":\"https:\\\/\\\/pushclimbing.vn\\\/product\\\/trublue-iq-auto-belay\\\/#breadcrumb\"},\"inLanguage\":\"vi\",\"potentialAction\":[{\"@type\":\"ReadAction\",\"target\":[\"https:\\\/\\\/pushclimbing.vn\\\/product\\\/trublue-iq-auto-belay\\\/\"]}]},{\"@type\":\"ImageObject\",\"inLanguage\":\"vi\",\"@id\":\"https:\\\/\\\/pushclimbing.vn\\\/product\\\/trublue-iq-auto-belay\\\/#primaryimage\",\"url\":\"https:\\\/\\\/pushclimbing.vn\\\/wp-content\\\/uploads\\\/2023\\\/01\\\/iq_product_listing_photo.png\",\"contentUrl\":\"https:\\\/\\\/pushclimbing.vn\\\/wp-content\\\/uploads\\\/2023\\\/01\\\/iq_product_listing_photo.png\",\"width\":1250,\"height\":1000},{\"@type\":\"BreadcrumbList\",\"@id\":\"https:\\\/\\\/pushclimbing.vn\\\/product\\\/trublue-iq-auto-belay\\\/#breadcrumb\",\"itemListElement\":[{\"@type\":\"ListItem\",\"position\":1,\"name\":\"Home\",\"item\":\"https:\\\/\\\/pushclimbing.vn\\\/\"},{\"@type\":\"ListItem\",\"position\":2,\"name\":\"Shop\",\"item\":\"https:\\\/\\\/pushclimbing.vn\\\/shop\\\/\"},{\"@type\":\"ListItem\",\"position\":3,\"name\":\"TRUBLUE iQ+ Auto Belay\"}]},{\"@type\":\"WebSite\",\"@id\":\"https:\\\/\\\/pushclimbing.vn\\\/#website\",\"url\":\"https:\\\/\\\/pushclimbing.vn\\\/\",\"name\":\"Push Climbing\",\"description\":\"Conquer Your Mountain\",\"publisher\":{\"@id\":\"https:\\\/\\\/pushclimbing.vn\\\/#organization\"},\"potentialAction\":[{\"@type\":\"SearchAction\",\"target\":{\"@type\":\"EntryPoint\",\"urlTemplate\":\"https:\\\/\\\/pushclimbing.vn\\\/?s={search_term_string}\"},\"query-input\":{\"@type\":\"PropertyValueSpecification\",\"valueRequired\":true,\"valueName\":\"search_term_string\"}}],\"inLanguage\":\"vi\"},{\"@type\":\"Organization\",\"@id\":\"https:\\\/\\\/pushclimbing.vn\\\/#organization\",\"name\":\"Push Climbing\",\"url\":\"https:\\\/\\\/pushclimbing.vn\\\/\",\"logo\":{\"@type\":\"ImageObject\",\"inLanguage\":\"vi\",\"@id\":\"https:\\\/\\\/pushclimbing.vn\\\/#\\\/schema\\\/logo\\\/image\\\/\",\"url\":\"https:\\\/\\\/pushclimbing.vn\\\/wp-content\\\/uploads\\\/2022\\\/07\\\/push-logo-canvas.png\",\"contentUrl\":\"https:\\\/\\\/pushclimbing.vn\\\/wp-content\\\/uploads\\\/2022\\\/07\\\/push-logo-canvas.png\",\"width\":400,\"height\":400,\"caption\":\"Push Climbing\"},\"image\":{\"@id\":\"https:\\\/\\\/pushclimbing.vn\\\/#\\\/schema\\\/logo\\\/image\\\/\"},\"sameAs\":[\"https:\\\/\\\/www.facebook.com\\\/pushrockclimbing\"]}]}<\/script>\n<!-- \/ Yoast SEO plugin. -->","yoast_head_json":{"title":"TRUBLUE iQ+ Auto Belay - Push Climbing","robots":{"index":"index","follow":"follow","max-snippet":"max-snippet:-1","max-image-preview":"max-image-preview:large","max-video-preview":"max-video-preview:-1"},"canonical":"https:\/\/pushclimbing.vn\/vi\/san-pham\/trublue-iq-auto-belay\/","og_locale":"vi_VN","og_type":"article","og_title":"TRUBLUE iQ+ Auto Belay - Push Climbing","og_description":"https:\/\/www.youtube.com\/watch?v=mjABIB_VNE4&amp;list=PLOj0_5jSPUteCjhk5zT-mWSrd81u9Qv8E  CONTACT US TO GET IT NOW!\u00a0  Meet the first auto belay in the world with the ability to \"take\". The TRUBLUE iQ+ is equipped with revolutionary catch-and-hold technology, giving climbers the opportunity to rest, recover, and retry challenging moves. Built on the next gen iQ platform, the TRUBLUE iQ+ combines best-in-class quality and durability with never-before-seen features. Welcome to the future of auto belays.  The TRUBLUE iQ+ marks the largest leap forward in auto belay innovation in over a decade. Designed for both indoor and outdoor climbing walls, the iQ+ is the first and only auto belay device to offer advanced features like catch-and-hold technology and IoT compatibility.  As the premium model in our iQ series, every TRUBLUE iQ+ is handmade in the USA and engineered to last. The patented magnetic braking system is friction-free, delivering high cycle counts with low maintenance requirements and minimal wear on internal parts.  *12904-02 - TBiQ+ - Installation Guide   *12603-02 - TBiQ+ - Manual - LT,XL","og_url":"https:\/\/pushclimbing.vn\/vi\/san-pham\/trublue-iq-auto-belay\/","og_site_name":"Push Climbing","article_publisher":"https:\/\/www.facebook.com\/pushrockclimbing","article_modified_time":"2025-04-03T07:45:55+00:00","og_image":[{"width":1250,"height":1000,"url":"https:\/\/pushclimbing.vn\/wp-content\/uploads\/2023\/01\/iq_product_listing_photo.png","type":"image\/png"}],"twitter_card":"summary_large_image","twitter_misc":{"\u01af\u1edbc t\u00ednh th\u1eddi gian \u0111\u1ecdc":"3 ph\u00fat"},"schema":{"@context":"https:\/\/schema.org","@graph":[{"@type":"WebPage","@id":"https:\/\/pushclimbing.vn\/product\/trublue-iq-auto-belay\/","url":"https:\/\/pushclimbing.vn\/product\/trublue-iq-auto-belay\/","name":"TRUBLUE iQ+ Auto Belay - Push Climbing","isPartOf":{"@id":"https:\/\/pushclimbing.vn\/#website"},"primaryImageOfPage":{"@id":"https:\/\/pushclimbing.vn\/product\/trublue-iq-auto-belay\/#primaryimage"},"image":{"@id":"https:\/\/pushclimbing.vn\/product\/trublue-iq-auto-belay\/#primaryimage"},"thumbnailUrl":"https:\/\/pushclimbing.vn\/wp-content\/uploads\/2023\/01\/iq_product_listing_photo.png","datePublished":"2023-08-12T05:36:20+00:00","dateModified":"2025-04-03T07:45:55+00:00","breadcrumb":{"@id":"https:\/\/pushclimbing.vn\/product\/trublue-iq-auto-belay\/#breadcrumb"},"inLanguage":"vi","potentialAction":[{"@type":"ReadAction","target":["https:\/\/pushclimbing.vn\/product\/trublue-iq-auto-belay\/"]}]},{"@type":"ImageObject","inLanguage":"vi","@id":"https:\/\/pushclimbing.vn\/product\/trublue-iq-auto-belay\/#primaryimage","url":"https:\/\/pushclimbing.vn\/wp-content\/uploads\/2023\/01\/iq_product_listing_photo.png","contentUrl":"https:\/\/pushclimbing.vn\/wp-content\/uploads\/2023\/01\/iq_product_listing_photo.png","width":1250,"height":1000},{"@type":"BreadcrumbList","@id":"https:\/\/pushclimbing.vn\/product\/trublue-iq-auto-belay\/#breadcrumb","itemListElement":[{"@type":"ListItem","position":1,"name":"Home","item":"https:\/\/pushclimbing.vn\/"},{"@type":"ListItem","position":2,"name":"Shop","item":"https:\/\/pushclimbing.vn\/shop\/"},{"@type":"ListItem","position":3,"name":"TRUBLUE iQ+ Auto Belay"}]},{"@type":"WebSite","@id":"https:\/\/pushclimbing.vn\/#website","url":"https:\/\/pushclimbing.vn\/","name":"Push Climbing","description":"Conquer Your Mountain","publisher":{"@id":"https:\/\/pushclimbing.vn\/#organization"},"potentialAction":[{"@type":"SearchAction","target":{"@type":"EntryPoint","urlTemplate":"https:\/\/pushclimbing.vn\/?s={search_term_string}"},"query-input":{"@type":"PropertyValueSpecification","valueRequired":true,"valueName":"search_term_string"}}],"inLanguage":"vi"},{"@type":"Organization","@id":"https:\/\/pushclimbing.vn\/#organization","name":"Push Climbing","url":"https:\/\/pushclimbing.vn\/","logo":{"@type":"ImageObject","inLanguage":"vi","@id":"https:\/\/pushclimbing.vn\/#\/schema\/logo\/image\/","url":"https:\/\/pushclimbing.vn\/wp-content\/uploads\/2022\/07\/push-logo-canvas.png","contentUrl":"https:\/\/pushclimbing.vn\/wp-content\/uploads\/2022\/07\/push-logo-canvas.png","width":400,"height":400,"caption":"Push Climbing"},"image":{"@id":"https:\/\/pushclimbing.vn\/#\/schema\/logo\/image\/"},"sameAs":["https:\/\/www.facebook.com\/pushrockclimbing"]}]}},"_links":{"self":[{"href":"https:\/\/pushclimbing.vn\/vi\/wp-json\/wp\/v2\/product\/27766","targetHints":{"allow":["GET"]}}],"collection":[{"href":"https:\/\/pushclimbing.vn\/vi\/wp-json\/wp\/v2\/product"}],"about":[{"href":"https:\/\/pushclimbing.vn\/vi\/wp-json\/wp\/v2\/types\/product"}],"replies":[{"embeddable":true,"href":"https:\/\/pushclimbing.vn\/vi\/wp-json\/wp\/v2\/comments?post=27766"}],"wp:featuredmedia":[{"embeddable":true,"href":"https:\/\/pushclimbing.vn\/vi\/wp-json\/wp\/v2\/media\/25195"}],"wp:attachment":[{"href":"https:\/\/pushclimbing.vn\/vi\/wp-json\/wp\/v2\/media?parent=27766"}],"wp:term":[{"taxonomy":"product_brand","embeddable":true,"href":"https:\/\/pushclimbing.vn\/vi\/wp-json\/wp\/v2\/product_brand?post=27766"},{"taxonomy":"product_cat","embeddable":true,"href":"https:\/\/pushclimbing.vn\/vi\/wp-json\/wp\/v2\/product_cat?post=27766"},{"taxonomy":"product_tag","embeddable":true,"href":"https:\/\/pushclimbing.vn\/vi\/wp-json\/wp\/v2\/product_tag?post=27766"}],"curies":[{"name":"wp","href":"https:\/\/api.w.org\/{rel}","templated":true}]}}