{"id":27747,"date":"2023-08-12T11:42:38","date_gmt":"2023-08-12T04:42:38","guid":{"rendered":"https:\/\/pushclimbing.vn\/?post_type=product&#038;p=27747"},"modified":"2025-04-03T14:46:07","modified_gmt":"2025-04-03T07:46:07","slug":"trublue-iq-upgrade-package","status":"publish","type":"product","link":"https:\/\/pushclimbing.vn\/vi\/san-pham\/trublue-iq-upgrade-package\/","title":{"rendered":"B\u1ed9 N\u00e2ng C\u1ea5p TRUBLUE iQ+"},"content":{"rendered":"<div class=\"fusion-fullwidth fullwidth-box fusion-builder-row-1 fusion-flex-container nonhundred-percent-fullwidth non-hundred-percent-height-scrolling\" style=\"--awb-border-radius-top-left:0px;--awb-border-radius-top-right:0px;--awb-border-radius-bottom-right:0px;--awb-border-radius-bottom-left:0px;--awb-flex-wrap:wrap;\" ><div class=\"fusion-builder-row fusion-row fusion-flex-align-items-flex-start fusion-flex-content-wrap\" style=\"max-width:1216.8px;margin-left: calc(-4% \/ 2 );margin-right: calc(-4% \/ 2 );\"><div class=\"fusion-layout-column fusion_builder_column fusion-builder-column-0 fusion_builder_column_1_1 1_1 fusion-flex-column\" style=\"--awb-bg-size:cover;--awb-width-large:100%;--awb-margin-top-large:0px;--awb-spacing-right-large:1.92%;--awb-margin-bottom-large:0px;--awb-spacing-left-large:1.92%;--awb-width-medium:100%;--awb-spacing-right-medium:1.92%;--awb-spacing-left-medium:1.92%;--awb-width-small:100%;--awb-spacing-right-small:1.92%;--awb-spacing-left-small:1.92%;\"><div class=\"fusion-column-wrapper fusion-flex-justify-content-flex-start fusion-content-layout-column\"><div class=\"fusion-text fusion-text-1\"><div class=\"video-shortcode\"><iframe title=\"TRUBLUE Auto Belay Product Comparison\" width=\"1170\" height=\"658\" src=\"https:\/\/www.youtube.com\/embed\/dmVju_ExMTg?feature=oembed\" frameborder=\"0\" allow=\"accelerometer; autoplay; clipboard-write; encrypted-media; gyroscope; picture-in-picture; web-share\" referrerpolicy=\"strict-origin-when-cross-origin\" allowfullscreen><\/iframe><\/div>\n<p>Ch\u00fang t\u00f4i l\u00e0m vi\u1ec7c n\u00e2ng c\u1ea5p tr\u1edf n\u00ean d\u1ec5 d\u00e0ng. Sau khi mua b\u1ed9 n\u00e2ng c\u1ea5p TRUBLUE iQ+, \u0111\u01a1n gi\u1ea3n ch\u1ec9 c\u1ea7n g\u1eedi cho ch\u00fang t\u00f4i m\u1eabu TRUBLUE iQ m\u00e0 b\u1ea1n mu\u1ed1n n\u00e2ng c\u1ea5p v\u00e0 ch\u00fang t\u00f4i s\u1ebd l\u00e0m ph\u1ea7n kh\u00f3 kh\u0103n cho b\u1ea1n!<\/p>\n<p><strong>\u00c1p d\u1ee5ng nh\u01b0 sau:<\/strong><\/p>\n<p>Sau khi ch\u00fang t\u00f4i nh\u1eadn \u0111\u01b0\u1ee3c thi\u1ebft b\u1ecb c\u1ee7a b\u1ea1n, ch\u00fang t\u00f4i s\u1ebd ki\u1ec3m tra xem c\u00f3 t\u1ed5n h\u1ea1i n\u00e0o kh\u00f4ng v\u00e0 th\u1ef1c hi\u1ec7n vi\u1ec7c ki\u1ec3m \u0111\u1ecbnh h\u00e0ng n\u0103m \u0111\u1ec3 \u0111\u1ea3m b\u1ea3o m\u1ecdi th\u1ee9 ho\u1ea1t \u0111\u1ed9ng m\u1ed9t c\u00e1ch tr\u01a1n tru. Ti\u1ebfp theo, ch\u00fang t\u00f4i s\u1ebd g\u1eafn c\u00e1c c\u1ea3m bi\u1ebfn b\u1ed5 sung, c\u00e1c th\u00e0nh ph\u1ea7n phanh v\u00e0 B\u1ed9 ph\u1eadn Gi\u1eef v\u00e0 B\u1eaft tr\u01b0\u1edbc khi tr\u1ea3 l\u1ea1i TRUBLUE iQ+ Auto Belay \u0111\u00e3 \u0111\u01b0\u1ee3c n\u00e2ng c\u1ea5p cho b\u1ea1n \u0111\u1ec3 l\u1eafp \u0111\u1eb7t.<\/p>\n<p>B\u1ed9 n\u00e2ng c\u1ea5p bao g\u1ed3m t\u1ea5t c\u1ea3 ph\u1ea7n c\u1ee9ng c\u1ea7n thi\u1ebft m\u00e0 b\u1ea1n s\u1ebd c\u1ea7n \u0111\u1ec3 l\u1eafp \u0111\u1eb7t TRUBLUE iQ+ m\u1edbi c\u1ee7a b\u1ea1n tr\u00ean t\u01b0\u1eddng leo n\u00fai. \u0110\u1ec3 bi\u1ebft th\u00eam th\u00f4ng tin chi ti\u1ebft v\u1ec1 quy tr\u00ecnh l\u1eafp \u0111\u1eb7t, ch\u00fang t\u00f4i khuy\u1ebfn kh\u00edch b\u1ea1n xem\u00a0<a href=\"https:\/\/youtu.be\/4tMmUCeWro4\" target=\"_blank\" rel=\"noopener\">H\u01b0\u1edbng d\u1eabn C\u00e0i \u0111\u1eb7t TRUBLUE iQ+.<\/a>.<\/p>\n<p>Ch\u1ec9 c\u00f3 c\u00e1c trung t\u00e2m d\u1ecbch v\u1ee5 \u0111\u01b0\u1ee3c ph\u00ea duy\u1ec7t m\u1edbi \u0111\u01b0\u1ee3c \u1ee7y quy\u1ec1n \u0111\u1ec3 l\u1eafp \u0111\u1eb7t n\u00e2ng c\u1ea5p TRUBLUE iQ+.<\/p>\n<p><strong>Bao g\u1ed3m nh\u1eefng g\u00ec:<\/strong><\/p>\n<ul>\n<li>L\u1eafp \u0111\u1eb7t B\u1eaft v\u00e0 Gi\u1eef<\/li>\n<li>N\u00fat c\u01a1 s\u1edf v\u00e0 \u0111\u1ec9nh<\/li>\n<li>B\u1ed9 pin v\u00e0 b\u1ed9 s\u1ea1c<\/li>\n<li>B\u1ed9 ph\u1eadn ph\u1ea7n c\u1ee9ng v\u00e0 d\u00e2y \u0111i\u1ec7n<\/li>\n<li>H\u01b0\u1edbng d\u1eabn s\u1eed d\u1ee5ng<\/li>\n<li>H\u01b0\u1edbng d\u1eabn c\u00e0i \u0111\u1eb7t<\/li>\n<\/ul>\n<\/div><\/div><\/div><\/div><\/div>","protected":false},"excerpt":{"rendered":"<p>https:\/\/www.youtube.com\/watch?v=mjABIB_VNE4&amp;list=PLOj0_5jSPUteCjhk5zT-mWSrd81u9Qv8E<\/p>\n<p><strong>CONTACT US TO GET IT NOW!\u00a0<\/strong><\/p>\n<div class=\"product attribute overview\">\n<div class=\"value\">\n<div class=\"hrt-short-product-description\">\n<p>M\u1ecdi th\u1ee9 b\u1ea1n c\u1ea7n \u0111\u1ec3 n\u00e2ng c\u1ea5p auto belay TRUBLUE iQ \u0111\u00e3 qua s\u1eed d\u1ee5ng c\u1ee7a b\u1ea1n th\u00e0nh TRUBLUE iQ+ v\u1edbi C\u00f4ng ngh\u1ec7 B\u1eaft v\u00e0 Gi\u1eef \u0111\u1ed9c \u0111\u00e1o. TRUBLUE iQ+ l\u00e0 auto belay duy nh\u1ea5t tr\u00ean th\u1ebf gi\u1edbi c\u00f3 kh\u1ea3 n\u0103ng \u201cL\u1ea4Y L\u1ea0I!\u201d Thay v\u00ec gi\u1ea3m t\u1ed1c sau m\u1ed9t v\u1ee5 r\u01a1i, ng\u01b0\u1eddi leo n\u00fai c\u00f3 c\u01a1 h\u1ed9i ngh\u1ec9 ng\u01a1i l\u00ean \u0111\u1ebfn 30 gi\u00e2y v\u00e0 sau \u0111\u00f3 th\u1eed l\u1ea1i \u0111\u1ed9ng t\u00e1c m\u00e0 kh\u00f4ng c\u1ea7n ph\u1ea3i b\u1eaft \u0111\u1ea7u l\u1ea1i t\u1eeb \u0111i\u1ec3m xu\u1ea5t ph\u00e1t.<\/p>\n<\/div>\n<\/div>\n<\/div>\n<div class=\"product-add-form\">\n<form id=\"product_addtocart_form\" action=\"https:\/\/headrushtech.com\/checkout\/cart\/add\/uenc\/aHR0cHM6Ly9oZWFkcnVzaHRlY2guY29tL2lxLXVwZ3JhZGUta2l0\/product\/1058\/\" enctype=\"multipart\/form-data\" method=\"post\" novalidate=\"novalidate\" data-product-sku=\"trublue-iq-plus-upgrade\" data-hs-cf-bound=\"true\">\n<div id=\"product-options-wrapper\" class=\"product-options-wrapper\" data-hasrequired=\"* Required Fields\">\n<div tabindex=\"0\"><\/div>\n<\/div>\n<\/form>\n<\/div>","protected":false},"featured_media":27750,"comment_status":"open","ping_status":"closed","template":"","meta":{"_acf_changed":false},"product_brand":[1012],"product_cat":[1029,1028,1023],"product_tag":[705,717,720,721],"class_list":{"0":"post-27747","1":"product","2":"type-product","3":"status-publish","4":"has-post-thumbnail","6":"product_brand-headrush","7":"product_cat-autobelay","8":"product_cat-belay","9":"product_cat-climbing","10":"product_tag-headrush","11":"product_tag-headrush-technologies","12":"product_tag-iq","13":"product_tag-upgrade","15":"first","16":"onbackorder","17":"taxable","18":"shipping-taxable","19":"product-type-variable"},"acf":[],"yoast_head":"<!-- This site is optimized with the Yoast SEO plugin v27.3 - https:\/\/yoast.com\/product\/yoast-seo-wordpress\/ -->\n<title>TRUBLUE iQ+ Upgrade Package - Push Climbing<\/title>\n<meta name=\"robots\" content=\"index, follow, max-snippet:-1, max-image-preview:large, max-video-preview:-1\" \/>\n<link rel=\"canonical\" href=\"https:\/\/pushclimbing.vn\/vi\/san-pham\/trublue-iq-upgrade-package\/\" \/>\n<meta property=\"og:locale\" content=\"vi_VN\" \/>\n<meta property=\"og:type\" content=\"article\" \/>\n<meta property=\"og:title\" content=\"TRUBLUE iQ+ Upgrade Package - Push Climbing\" \/>\n<meta property=\"og:description\" content=\"https:\/\/www.youtube.com\/watch?v=mjABIB_VNE4&amp;list=PLOj0_5jSPUteCjhk5zT-mWSrd81u9Qv8E  CONTACT US TO GET IT NOW!\u00a0     Everything you need to upgrade your pre-owned TRUBLUE iQ Auto Belay to a TRUBLUE iQ+ with revolutionary Catch-and-Hold Technology. TRUBLUE iQ+ is the only auto belay in the world with the ability to \u201cTAKE!\u201d Rather than lowering after a fall, climbers have the chance to rest for up to 30 seconds and then retry the move, without having to start over from the bottom.\" \/>\n<meta property=\"og:url\" content=\"https:\/\/pushclimbing.vn\/vi\/san-pham\/trublue-iq-upgrade-package\/\" \/>\n<meta property=\"og:site_name\" content=\"Push Climbing\" \/>\n<meta property=\"article:publisher\" content=\"https:\/\/www.facebook.com\/pushrockclimbing\" \/>\n<meta property=\"article:modified_time\" content=\"2025-04-03T07:46:07+00:00\" \/>\n<meta property=\"og:image\" content=\"https:\/\/pushclimbing.vn\/wp-content\/uploads\/2023\/08\/tbiq_plus_upgrade_kit_lg.jpg\" \/>\n\t<meta property=\"og:image:width\" content=\"1250\" \/>\n\t<meta property=\"og:image:height\" content=\"1000\" \/>\n\t<meta property=\"og:image:type\" content=\"image\/jpeg\" \/>\n<meta name=\"twitter:card\" content=\"summary_large_image\" \/>\n<meta name=\"twitter:label1\" content=\"\u01af\u1edbc t\u00ednh th\u1eddi gian \u0111\u1ecdc\" \/>\n\t<meta name=\"twitter:data1\" content=\"1 ph\u00fat\" \/>\n<script type=\"application\/ld+json\" class=\"yoast-schema-graph\">{\"@context\":\"https:\\\/\\\/schema.org\",\"@graph\":[{\"@type\":\"WebPage\",\"@id\":\"https:\\\/\\\/pushclimbing.vn\\\/vi\\\/san-pham\\\/trublue-iq-upgrade-package\\\/\",\"url\":\"https:\\\/\\\/pushclimbing.vn\\\/vi\\\/san-pham\\\/trublue-iq-upgrade-package\\\/\",\"name\":\"TRUBLUE iQ+ Upgrade Package - Push Climbing\",\"isPartOf\":{\"@id\":\"https:\\\/\\\/pushclimbing.vn\\\/#website\"},\"primaryImageOfPage\":{\"@id\":\"https:\\\/\\\/pushclimbing.vn\\\/vi\\\/san-pham\\\/trublue-iq-upgrade-package\\\/#primaryimage\"},\"image\":{\"@id\":\"https:\\\/\\\/pushclimbing.vn\\\/vi\\\/san-pham\\\/trublue-iq-upgrade-package\\\/#primaryimage\"},\"thumbnailUrl\":\"https:\\\/\\\/pushclimbing.vn\\\/wp-content\\\/uploads\\\/2023\\\/08\\\/tbiq_plus_upgrade_kit_lg.jpg\",\"datePublished\":\"2023-08-12T04:42:38+00:00\",\"dateModified\":\"2025-04-03T07:46:07+00:00\",\"breadcrumb\":{\"@id\":\"https:\\\/\\\/pushclimbing.vn\\\/vi\\\/san-pham\\\/trublue-iq-upgrade-package\\\/#breadcrumb\"},\"inLanguage\":\"vi\",\"potentialAction\":[{\"@type\":\"ReadAction\",\"target\":[\"https:\\\/\\\/pushclimbing.vn\\\/vi\\\/san-pham\\\/trublue-iq-upgrade-package\\\/\"]}]},{\"@type\":\"ImageObject\",\"inLanguage\":\"vi\",\"@id\":\"https:\\\/\\\/pushclimbing.vn\\\/vi\\\/san-pham\\\/trublue-iq-upgrade-package\\\/#primaryimage\",\"url\":\"https:\\\/\\\/pushclimbing.vn\\\/wp-content\\\/uploads\\\/2023\\\/08\\\/tbiq_plus_upgrade_kit_lg.jpg\",\"contentUrl\":\"https:\\\/\\\/pushclimbing.vn\\\/wp-content\\\/uploads\\\/2023\\\/08\\\/tbiq_plus_upgrade_kit_lg.jpg\",\"width\":1250,\"height\":1000},{\"@type\":\"BreadcrumbList\",\"@id\":\"https:\\\/\\\/pushclimbing.vn\\\/vi\\\/san-pham\\\/trublue-iq-upgrade-package\\\/#breadcrumb\",\"itemListElement\":[{\"@type\":\"ListItem\",\"position\":1,\"name\":\"Home\",\"item\":\"https:\\\/\\\/pushclimbing.vn\\\/\"},{\"@type\":\"ListItem\",\"position\":2,\"name\":\"Shop\",\"item\":\"https:\\\/\\\/pushclimbing.vn\\\/shop\\\/\"},{\"@type\":\"ListItem\",\"position\":3,\"name\":\"TRUBLUE iQ+ Upgrade Package\"}]},{\"@type\":\"WebSite\",\"@id\":\"https:\\\/\\\/pushclimbing.vn\\\/#website\",\"url\":\"https:\\\/\\\/pushclimbing.vn\\\/\",\"name\":\"Push Climbing\",\"description\":\"Conquer Your Mountain\",\"publisher\":{\"@id\":\"https:\\\/\\\/pushclimbing.vn\\\/#organization\"},\"potentialAction\":[{\"@type\":\"SearchAction\",\"target\":{\"@type\":\"EntryPoint\",\"urlTemplate\":\"https:\\\/\\\/pushclimbing.vn\\\/?s={search_term_string}\"},\"query-input\":{\"@type\":\"PropertyValueSpecification\",\"valueRequired\":true,\"valueName\":\"search_term_string\"}}],\"inLanguage\":\"vi\"},{\"@type\":\"Organization\",\"@id\":\"https:\\\/\\\/pushclimbing.vn\\\/#organization\",\"name\":\"Push Climbing\",\"url\":\"https:\\\/\\\/pushclimbing.vn\\\/\",\"logo\":{\"@type\":\"ImageObject\",\"inLanguage\":\"vi\",\"@id\":\"https:\\\/\\\/pushclimbing.vn\\\/#\\\/schema\\\/logo\\\/image\\\/\",\"url\":\"https:\\\/\\\/pushclimbing.vn\\\/wp-content\\\/uploads\\\/2022\\\/07\\\/push-logo-canvas.png\",\"contentUrl\":\"https:\\\/\\\/pushclimbing.vn\\\/wp-content\\\/uploads\\\/2022\\\/07\\\/push-logo-canvas.png\",\"width\":400,\"height\":400,\"caption\":\"Push Climbing\"},\"image\":{\"@id\":\"https:\\\/\\\/pushclimbing.vn\\\/#\\\/schema\\\/logo\\\/image\\\/\"},\"sameAs\":[\"https:\\\/\\\/www.facebook.com\\\/pushrockclimbing\"]}]}<\/script>\n<!-- \/ Yoast SEO plugin. -->","yoast_head_json":{"title":"TRUBLUE iQ+ Upgrade Package - Push Climbing","robots":{"index":"index","follow":"follow","max-snippet":"max-snippet:-1","max-image-preview":"max-image-preview:large","max-video-preview":"max-video-preview:-1"},"canonical":"https:\/\/pushclimbing.vn\/vi\/san-pham\/trublue-iq-upgrade-package\/","og_locale":"vi_VN","og_type":"article","og_title":"TRUBLUE iQ+ Upgrade Package - Push Climbing","og_description":"https:\/\/www.youtube.com\/watch?v=mjABIB_VNE4&amp;list=PLOj0_5jSPUteCjhk5zT-mWSrd81u9Qv8E  CONTACT US TO GET IT NOW!\u00a0     Everything you need to upgrade your pre-owned TRUBLUE iQ Auto Belay to a TRUBLUE iQ+ with revolutionary Catch-and-Hold Technology. TRUBLUE iQ+ is the only auto belay in the world with the ability to \u201cTAKE!\u201d Rather than lowering after a fall, climbers have the chance to rest for up to 30 seconds and then retry the move, without having to start over from the bottom.","og_url":"https:\/\/pushclimbing.vn\/vi\/san-pham\/trublue-iq-upgrade-package\/","og_site_name":"Push Climbing","article_publisher":"https:\/\/www.facebook.com\/pushrockclimbing","article_modified_time":"2025-04-03T07:46:07+00:00","og_image":[{"width":1250,"height":1000,"url":"https:\/\/pushclimbing.vn\/wp-content\/uploads\/2023\/08\/tbiq_plus_upgrade_kit_lg.jpg","type":"image\/jpeg"}],"twitter_card":"summary_large_image","twitter_misc":{"\u01af\u1edbc t\u00ednh th\u1eddi gian \u0111\u1ecdc":"1 ph\u00fat"},"schema":{"@context":"https:\/\/schema.org","@graph":[{"@type":"WebPage","@id":"https:\/\/pushclimbing.vn\/vi\/san-pham\/trublue-iq-upgrade-package\/","url":"https:\/\/pushclimbing.vn\/vi\/san-pham\/trublue-iq-upgrade-package\/","name":"TRUBLUE iQ+ Upgrade Package - Push Climbing","isPartOf":{"@id":"https:\/\/pushclimbing.vn\/#website"},"primaryImageOfPage":{"@id":"https:\/\/pushclimbing.vn\/vi\/san-pham\/trublue-iq-upgrade-package\/#primaryimage"},"image":{"@id":"https:\/\/pushclimbing.vn\/vi\/san-pham\/trublue-iq-upgrade-package\/#primaryimage"},"thumbnailUrl":"https:\/\/pushclimbing.vn\/wp-content\/uploads\/2023\/08\/tbiq_plus_upgrade_kit_lg.jpg","datePublished":"2023-08-12T04:42:38+00:00","dateModified":"2025-04-03T07:46:07+00:00","breadcrumb":{"@id":"https:\/\/pushclimbing.vn\/vi\/san-pham\/trublue-iq-upgrade-package\/#breadcrumb"},"inLanguage":"vi","potentialAction":[{"@type":"ReadAction","target":["https:\/\/pushclimbing.vn\/vi\/san-pham\/trublue-iq-upgrade-package\/"]}]},{"@type":"ImageObject","inLanguage":"vi","@id":"https:\/\/pushclimbing.vn\/vi\/san-pham\/trublue-iq-upgrade-package\/#primaryimage","url":"https:\/\/pushclimbing.vn\/wp-content\/uploads\/2023\/08\/tbiq_plus_upgrade_kit_lg.jpg","contentUrl":"https:\/\/pushclimbing.vn\/wp-content\/uploads\/2023\/08\/tbiq_plus_upgrade_kit_lg.jpg","width":1250,"height":1000},{"@type":"BreadcrumbList","@id":"https:\/\/pushclimbing.vn\/vi\/san-pham\/trublue-iq-upgrade-package\/#breadcrumb","itemListElement":[{"@type":"ListItem","position":1,"name":"Home","item":"https:\/\/pushclimbing.vn\/"},{"@type":"ListItem","position":2,"name":"Shop","item":"https:\/\/pushclimbing.vn\/shop\/"},{"@type":"ListItem","position":3,"name":"TRUBLUE iQ+ Upgrade Package"}]},{"@type":"WebSite","@id":"https:\/\/pushclimbing.vn\/#website","url":"https:\/\/pushclimbing.vn\/","name":"Push Climbing","description":"Conquer Your Mountain","publisher":{"@id":"https:\/\/pushclimbing.vn\/#organization"},"potentialAction":[{"@type":"SearchAction","target":{"@type":"EntryPoint","urlTemplate":"https:\/\/pushclimbing.vn\/?s={search_term_string}"},"query-input":{"@type":"PropertyValueSpecification","valueRequired":true,"valueName":"search_term_string"}}],"inLanguage":"vi"},{"@type":"Organization","@id":"https:\/\/pushclimbing.vn\/#organization","name":"Push Climbing","url":"https:\/\/pushclimbing.vn\/","logo":{"@type":"ImageObject","inLanguage":"vi","@id":"https:\/\/pushclimbing.vn\/#\/schema\/logo\/image\/","url":"https:\/\/pushclimbing.vn\/wp-content\/uploads\/2022\/07\/push-logo-canvas.png","contentUrl":"https:\/\/pushclimbing.vn\/wp-content\/uploads\/2022\/07\/push-logo-canvas.png","width":400,"height":400,"caption":"Push Climbing"},"image":{"@id":"https:\/\/pushclimbing.vn\/#\/schema\/logo\/image\/"},"sameAs":["https:\/\/www.facebook.com\/pushrockclimbing"]}]}},"_links":{"self":[{"href":"https:\/\/pushclimbing.vn\/vi\/wp-json\/wp\/v2\/product\/27747","targetHints":{"allow":["GET"]}}],"collection":[{"href":"https:\/\/pushclimbing.vn\/vi\/wp-json\/wp\/v2\/product"}],"about":[{"href":"https:\/\/pushclimbing.vn\/vi\/wp-json\/wp\/v2\/types\/product"}],"replies":[{"embeddable":true,"href":"https:\/\/pushclimbing.vn\/vi\/wp-json\/wp\/v2\/comments?post=27747"}],"wp:featuredmedia":[{"embeddable":true,"href":"https:\/\/pushclimbing.vn\/vi\/wp-json\/wp\/v2\/media\/27750"}],"wp:attachment":[{"href":"https:\/\/pushclimbing.vn\/vi\/wp-json\/wp\/v2\/media?parent=27747"}],"wp:term":[{"taxonomy":"product_brand","embeddable":true,"href":"https:\/\/pushclimbing.vn\/vi\/wp-json\/wp\/v2\/product_brand?post=27747"},{"taxonomy":"product_cat","embeddable":true,"href":"https:\/\/pushclimbing.vn\/vi\/wp-json\/wp\/v2\/product_cat?post=27747"},{"taxonomy":"product_tag","embeddable":true,"href":"https:\/\/pushclimbing.vn\/vi\/wp-json\/wp\/v2\/product_tag?post=27747"}],"curies":[{"name":"wp","href":"https:\/\/api.w.org\/{rel}","templated":true}]}}