{"id":27736,"date":"2023-08-12T11:27:58","date_gmt":"2023-08-12T04:27:58","guid":{"rendered":"https:\/\/pushclimbing.vn\/?post_type=product&#038;p=27736"},"modified":"2026-03-24T14:42:55","modified_gmt":"2026-03-24T07:42:55","slug":"trublue-iq-xl-auto-belay","status":"publish","type":"product","link":"https:\/\/pushclimbing.vn\/vi\/san-pham\/trublue-iq-xl-auto-belay\/","title":{"rendered":"TRUBLUE iQ XL Auto Belay"},"content":{"rendered":"<div class=\"fusion-fullwidth fullwidth-box fusion-builder-row-1 fusion-flex-container nonhundred-percent-fullwidth non-hundred-percent-height-scrolling\" style=\"--awb-border-radius-top-left:0px;--awb-border-radius-top-right:0px;--awb-border-radius-bottom-right:0px;--awb-border-radius-bottom-left:0px;--awb-flex-wrap:wrap;\" ><div class=\"fusion-builder-row fusion-row fusion-flex-align-items-flex-start fusion-flex-content-wrap\" style=\"max-width:1216.8px;margin-left: calc(-4% \/ 2 );margin-right: calc(-4% \/ 2 );\"><div class=\"fusion-layout-column fusion_builder_column fusion-builder-column-0 fusion_builder_column_1_1 1_1 fusion-flex-column\" style=\"--awb-bg-size:cover;--awb-width-large:100%;--awb-margin-top-large:0px;--awb-spacing-right-large:1.92%;--awb-margin-bottom-large:0px;--awb-spacing-left-large:1.92%;--awb-width-medium:100%;--awb-spacing-right-medium:1.92%;--awb-spacing-left-medium:1.92%;--awb-width-small:100%;--awb-spacing-right-small:1.92%;--awb-spacing-left-small:1.92%;\"><div class=\"fusion-column-wrapper fusion-flex-justify-content-flex-start fusion-content-layout-column\"><div class=\"fusion-text fusion-text-1\"><div class=\"video-shortcode\"><iframe title=\"Our Eddy Current Magnetic Braking Technology\" width=\"1170\" height=\"658\" src=\"https:\/\/www.youtube.com\/embed\/2tsVuf9pLOE?list=PLOj0_5jSPUteCjhk5zT-mWSrd81u9Qv8E\" frameborder=\"0\" allow=\"accelerometer; autoplay; clipboard-write; encrypted-media; gyroscope; picture-in-picture; web-share\" referrerpolicy=\"strict-origin-when-cross-origin\" allowfullscreen><\/iframe><\/div>\n<p><strong>TRUBLUE c\u00f3 s\u1eb5n trong hai chi\u1ec1u d\u00e0i d\u00e2y:<\/strong><\/p>\n<ul>\n<li>41 ft (12.5 m)<\/li>\n<li>65 ft (20 m)<\/li>\n<\/ul>\n<p><strong>C\u00f4ng ngh\u1ec7 ti\u00ean ti\u1ebfn<\/strong><\/p>\n<ul>\n<li>Gi\u1ea3m t\u1ed1c nh\u1ea5t qu\u00e1n. H\u1ec7 th\u1ed1ng phanh t\u1eeb t\u00ednh t\u1ef1 \u0111\u1ed9ng \u0111i\u1ec1u ch\u1ec9nh theo tr\u1ecdng l\u01b0\u1ee3ng c\u1ee7a ng\u01b0\u1eddi s\u1eed d\u1ee5ng, mang l\u1ea1i vi\u1ec7c gi\u1ea3m t\u1ed1c m\u01b0\u1ee3t m\u00e0 v\u00e0 \u0111\u1ed3ng \u0111\u1ec1u m\u1ed7i l\u1ea7n.<\/li>\n<li>Gi\u1ea3m m\u00e0i m\u00f2n tr\u00ean c\u00e1c th\u00e0nh ph\u1ea7n b\u00ean trong t\u0103ng tu\u1ed5i th\u1ecd c\u1ee7a thi\u1ebft b\u1ecb, \u0111\u1ed3ng th\u1eddi lo\u1ea1i b\u1ecf nhu c\u1ea7u s\u1eed d\u1ee5ng c\u00e1c b\u1ed9 ph\u1eadn hy sinh nh\u01b0 b\u1ea3o v\u1ec7 phanh.<\/li>\n<li>Thi\u1ebft k\u1ebf d\u00e0nh cho t\u01b0\u1eddng leo trong nh\u00e0 v\u00e0 ngo\u00e0i tr\u1eddi.<\/li>\n<li>Chi ph\u00ed s\u1edf h\u1eefu th\u1ea5p, ngay c\u1ea3 khi v\u1eadn h\u00e0nh v\u1edbi s\u1ed1 l\u01b0\u1ee3t leo cao.<\/li>\n<li>L\u1ef1a ch\u1ecdn gi\u1eefa b\u1ed1n lo\u1ea1i k\u1ebft n\u1ed1i d\u00e2y kh\u00e1c nhau.<\/li>\n<\/ul>\n<p><strong>An to\u00e0n<\/strong><\/p>\n<ul>\n<li>\u0110\u00e1p \u1ee9ng ti\u00eau chu\u1ea9n an to\u00e0n qu\u1ed1c t\u1ebf: TRUBLUE \u0111\u01b0\u1ee3c thi\u1ebft k\u1ebf cho ng\u01b0\u1eddi leo n\u00fai v\u00e0 k\u1ef9 thu\u1eadt cho m\u1ee5c ti\u00eau an to\u00e0n. Ch\u00fang t\u00f4i \u0111\u00e3 thi\u1ebft k\u1ebf TRUBLUE \u0111\u1ec3 \u0111\u00e1p \u1ee9ng c\u00e1c ti\u00eau chu\u1ea9n an to\u00e0n qu\u1ed1c t\u1ebf cho c\u00e1c thi\u1ebft b\u1ecb ng\u0103n ng\u00e3 t\u1ef1 \u0111\u1ed9ng.<\/li>\n<li>Th\u1eed nghi\u1ec7m an to\u00e0n r\u1ed9ng r\u00e3i: Trong h\u01a1n b\u1ed1n n\u0103m qua, d\u00e2y an to\u00e0n t\u1ef1 \u0111\u1ed9ng TRUBLUE \u0111\u00e3 tr\u1ea3i qua qu\u00e1 tr\u00ecnh ki\u1ec3m tra an to\u00e0n r\u1ed9ng r\u00e3i b\u1edfi m\u1ed9t c\u00f4ng ty \u0111\u01b0\u1ee3c c\u1ea5p ph\u00e9p ISO 17025 chuy\u00ean v\u1ec1 ki\u1ec3m tra s\u1ea3n ph\u1ea9m.<\/li>\n<\/ul>\n<h4>TH\u00d4NG S\u1ed0 K\u1ef8 THU\u1eacT<\/h4>\n<p>V\u1edbi c\u00f4ng ngh\u1ec7 t\u1eeb t\u1eeb t\u1eeb t\u1ef1 \u0111\u1ed9ng m\u00e0 ng\u01b0\u1eddi leo n\u00fai y\u00eau th\u00edch v\u00e0 tin t\u01b0\u1edfng, gi\u1edd \u0111\u00e2y m\u1ea1nh m\u1ebd v\u00e0 nh\u1eb9 h\u01a1n bao gi\u1edd h\u1ebft!<\/p>\n<ul class=\"hrt-specs\">\n<li><strong>K\u00edch Th\u01b0\u1edbc:<\/strong>\n<ul>\n<li>iQ: 370 x 280 x 198 mm (14.5 x 11 x 7.7 in)<\/li>\n<li>iQ+: 370 x 280 x 254mm (14.5 x 11 x 10 in)<\/li>\n<\/ul>\n<\/li>\n<li><strong>Kh\u1ed1i l\u01b0\u1ee3ng:<\/strong>\n<ul>\n<li>iQ LT: 15.9 kg (35 lbs)<\/li>\n<li>iQ XL: 19 kg (41 lbs)<\/li>\n<li>iQ+ LT: 19 kg (41.8 lbs)<\/li>\n<li>iQ+ XL: 22.1 kg (48.7 lbs)<\/li>\n<\/ul>\n<\/li>\n<li><strong>T\u1ea3i tr\u1ecdng l\u01b0\u1ee3ng ng\u01b0\u1eddi leo n\u00fai:<\/strong>\u00a010-140 kg (22-309 lbs)<\/li>\n<li><strong>T\u1ed1c \u0111\u1ed9 \u0111\u00e1p xu\u1ed1ng t\u1ed1i \u0111a:<\/strong>\u00a02.0 m\/s (6.5 ft\/s)<\/li>\n<li><strong>Chi\u1ec1u cao g\u1eafn l\u1eafp t\u1ed1i \u0111a:<\/strong>\n<ul>\n<li>LT: 12.5 m (41 ft)<\/li>\n<li>XL: 20 m (65.6ft)<\/li>\n<\/ul>\n<\/li>\n<li><strong>Chi\u1ec1u cao g\u1eafn l\u1eafp t\u1ed1i thi\u1ec3u:<\/strong>\n<ul>\n<li>LT: 4.5 m (14.8 ft)<\/li>\n<li>XL: 12 m (39.4 ft)<\/li>\n<\/ul>\n<\/li>\n<li>Ph\u1ea1m vi nhi\u1ec7t \u0111\u1ed9:\n<ul>\n<li>Ho\u1ea1t \u0111\u1ed9ng: -4\u00b0C \u0111\u1ebfn 60\u00b0C (25\u00b0F \u0111\u1ebfn 140\u00b0F)<\/li>\n<li>Ho\u1ea1t \u0111\u1ed9ng (Kh\u00f4): -10\u00b0C \u0111\u1ebfn 60\u00b0C (14\u00b0F \u0111\u1ebfn 140\u00b0F)<\/li>\n<\/ul>\n<\/li>\n<\/ul>\n<h4>TI\u00caU CHU\u1ea8N AN TO\u00c0N<\/h4>\n<p>C\u00e1c ph\u00f2ng t\u1eadp h\u00e0ng ng\u00e0y, c\u00e1c tr\u1ea1i, c\u00e1c c\u00f4ng vi\u00ean gi\u1ea3i tr\u00ed m\u1ea1o hi\u1ec3m v\u00e0 nhi\u1ec1u n\u01a1i kh\u00e1c c\u1ea7n l\u1ef1a ch\u1ecdn khi ch\u1ecdn m\u1ed9t d\u00e2y an to\u00e0n t\u1ef1 \u0111\u1ed9ng cho doanh nghi\u1ec7p c\u1ee7a h\u1ecd. V\u1edbi s\u1ef1 s\u1ed1ng c\u00f2n c\u1ee7a con ng\u01b0\u1eddi \u0111\u1eb7t l\u00ean b\u00e0n c\u00e2n, ch\u00fang t\u00f4i nghi\u00eam t\u00fac v\u1ec1 an to\u00e0n v\u00e0 ngh\u0129 r\u1eb1ng b\u1ea1n c\u0169ng n\u00ean nghi\u00eam t\u00fac v\u1ec1 \u0111i\u1ec1u n\u00e0y. L\u00e0 ng\u01b0\u1eddi d\u1eabn \u0111\u1ea7u th\u1ebf gi\u1edbi trong vi\u1ec7c s\u1ea3n xu\u1ea5t d\u00e2y an to\u00e0n t\u1ef1 \u0111\u1ed9ng, ch\u00fang t\u00f4i c\u00f3 tr\u00e1ch nhi\u1ec7m tuy\u1ec7t v\u1eddi \u0111\u1ec3 \u0111\u1ee9ng \u0111\u1ea7u trong vi\u1ec7c quy \u0111\u1ecbnh v\u00e0 y\u00eau c\u1ea7u an to\u00e0n. M\u1ecdi thi\u1ebft b\u1ecb TRUBLUE \u0111\u01b0\u1ee3c th\u1eed nghi\u1ec7m theo c\u00e1c ti\u00eau chu\u1ea9n an to\u00e0n nghi\u00eam ng\u1eb7t, bao g\u1ed3m:<\/p>\n<ul>\n<li><strong>AS\/NZS 1891:<\/strong>\u00a0H\u1ec7 th\u1ed1ng v\u00e0 thi\u1ebft b\u1ecb ng\u0103n ng\u00e3 c\u00f4ng nghi\u1ec7p \u2013 Ph\u1ea7n 3: Thi\u1ebft b\u1ecb ng\u0103n ng\u00e3 r\u01a1i<\/li>\n<li><strong>CSA Z259.2.3-99:<\/strong>\u00a0Thi\u1ebft b\u1ecb Ki\u1ec3m so\u00e1t Th\u1ea3m Xu\u1ed1ng<\/li>\n<li><strong>EN 341: 2011 Class 1A:<\/strong>\u00a0Thi\u1ebft b\u1ecb b\u1ea3o h\u1ed9 c\u00e1 nh\u00e2n ch\u1ed1ng ng\u00e3 t\u1eeb \u0111\u1ed9 cao \u2013 Thi\u1ebft b\u1ecb h\u1ea1 th\u1ea3\n<ul>\n<li><strong>RFU PPE-R\/11.128:2019:<\/strong>\u00a0\u0110\u01b0\u1ee3c Khuy\u1ebfn ngh\u1ecb s\u1eed d\u1ee5ng cho c\u00e1c thi\u1ebft b\u1ecb ki\u1ec3m so\u00e1t th\u1ea3m xu\u1ed1ng \u0111\u01b0\u1ee3c s\u1eed d\u1ee5ng trong c\u00e1c ph\u00f2ng t\u1eadp leo n\u00fai, c\u00e1c s\u00e2n ch\u01a1i d\u00e2y. 10x L\u1edbp A.<\/li>\n<\/ul>\n<\/li>\n<li><strong>ANSI\/ASSE Z359.4:<\/strong>\u00a0Y\u00eau c\u1ea7u An to\u00e0n cho H\u1ec7 th\u1ed1ng C\u1ee9u h\u1ed9 v\u00e0 T\u1ef1 c\u1ee9u, C\u00e1c h\u1ec7 th\u1ed1ng con v\u00e0 c\u00e1c b\u1ed9 ph\u1eadn<\/li>\n<li><strong>EN 360:2002:<\/strong> Personal protective equipment against falls from a height &#8211; Retractable type fall arresters.<\/li>\n<li><strong>Section 4.5<\/strong>: Maximum force &lt; 6kN for 150kg capacity.<\/li>\n<\/ul>\n<\/div><\/div><\/div><\/div><\/div>","protected":false},"excerpt":{"rendered":"<p>https:\/\/www.youtube.com\/watch?v=mjABIB_VNE4&amp;list=PLOj0_5jSPUteCjhk5zT-mWSrd81u9Qv8E<\/p>\n<p><strong>CONTACT US TO GET IT NOW!\u00a0<\/strong><\/p>\n<p><a href=\"https:\/\/www.youtube.com\/watch?v=NjNyabnDlwg&amp;t=5s\">Ch\u1ea1m \u0111\u1ec3 xem: T\u1ea1i sao TRUBLUE l\u00e0 l\u1ef1a ch\u1ecdn \u0111\u01b0\u1ee3c ki\u1ec3m tra nhi\u1ec1u nh\u1ea5t, tin c\u1eady nh\u1ea5t v\u00e0 \u0111\u00e1ng tin c\u1eady nh\u1ea5t?<\/a><\/p>\n<p>\u0110\u01b0\u1ee3c thi\u1ebft k\u1ebf cho c\u00e1c t\u01b0\u1eddng cao v\u00e0 s\u1eed d\u1ee5ng n\u1eb7ng, th\u1ebf h\u1ec7 ti\u1ebfp theo c\u1ee7a TRUBLUE iQ XL c\u00f3 \u0111\u1ed9 b\u1ec1n cao h\u01a1n bao gi\u1edd h\u1ebft. T\u1eeb d\u00e2y r\u1ed9ng h\u01a1n \u0111\u01b0\u1ee3c c\u1ea3i thi\u1ec7n \u0111\u1ebfn b\u1ea3o v\u1ec7 l\u01b0ng t\u00edch h\u1ee3p v\u00e0 b\u1ea3o v\u1ec7 g\u1eafn thay th\u1ebf, iQ XL \u0111\u01b0\u1ee3c x\u00e2y d\u1ef1ng \u0111\u1ec3 t\u1ed3n t\u1ea1i, v\u1eabn cung c\u1ea5p c\u00f4ng ngh\u1ec7 phanh t\u1eeb t\u00ednh v\u00e0 kh\u1ea3 n\u0103ng th\u0103ng cu\u1ed9c kh\u00f4ng c\u1ea7n tr\u1ee3 gi\u00fap \u0111\u00e3 khi\u1ebfn TRUBLUE tr\u1edf th\u00e0nh lo\u1ea1i t\u1ef1 \u0111\u1ed9ng ch\u00e8n h\u00e0ng \u0111\u1ea7u tr\u00ean th\u1ebf gi\u1edbi. TRUBLUE iQ XL c\u00f3 d\u00e2y d\u00e0i h\u01a1n v\u00e0 l\u00f2 xo t\u00e1i hi\u1ec7n t\u00f9y ch\u1ec9nh cho chi\u1ec1u cao g\u1eafn t\u1ed1i \u0111a 65 ft (20m).<\/p>\n<p>M\u1ecdi thi\u1ebft b\u1ecb TRUBLUE iQ \u0111\u00e3 qua s\u1eed d\u1ee5ng c\u00f3 th\u1ec3 n\u00e2ng c\u1ea5p th\u00e0nh TRUBLUE iQ+ b\u1eb1ng c\u00e1ch mua B\u1ed9 n\u00e2ng c\u1ea5p TRUBLUE iQ.\u00a0<a href=\"https:\/\/headrushtech.com\/iq-upgrade-kit\" target=\"_blank\" rel=\"noopener\">B\u1ed9 n\u00e2ng c\u1ea5p TRUBLUE iQ<\/a><\/p>\n<p>The TRUBLUE\u2122With built-in durability, the most authentic climbing experience, and the patented magnetic braking system that climbers trust, the TRUBLUE iQ is the new standard in auto belays. Whether your climbing wall is indoors or outdoors, the TRUBLUE\u2122 iQ XL Auto Belay is engineered to last. Our patented magnetic braking technology delivers the smoothest, most reliable catch in the industry, without wasting any sacrificial parts. Plus, the magnetic braking system is self-regulating, so every user gets the same, consistent experience, regardless of size or weight.<\/p>\n<p>After years of research and extensive testing, the TRUBLUE iQ XL has been third-party certified by T\u00dcV\/S\u00dcD Product Service GmbH to meet the strictest safety standards in the industry. Increase climber throughput, without sacrificing on safety with TRUBLUE iQ XL.<\/p>\n<p><a href=\"https:\/\/pushclimbing.vn\/wp-content\/uploads\/2023\/08\/EN-TBiQ-Operations-Manual-LT-XL_WEB-2022-02-21-TRADEMARKED.pdf\">*EN &#8211; TBiQ &#8211; Operations Manual &#8211; LT, XL_WEB 2022-02-21-TRADEMARKED<\/a><\/p>\n<p><img decoding=\"async\" class=\"alignnone size-medium wp-image-27725\" src=\"https:\/\/pushclimbing.vn\/wp-content\/uploads\/2023\/01\/TBiQ_iQ_Logo_Variations-28-09-300x101.png\" alt=\"\" width=\"300\" height=\"101\" srcset=\"https:\/\/pushclimbing.vn\/wp-content\/uploads\/2023\/01\/TBiQ_iQ_Logo_Variations-28-09-18x6.png 18w, https:\/\/pushclimbing.vn\/wp-content\/uploads\/2023\/01\/TBiQ_iQ_Logo_Variations-28-09-200x67.png 200w, https:\/\/pushclimbing.vn\/wp-content\/uploads\/2023\/01\/TBiQ_iQ_Logo_Variations-28-09-300x101.png 300w, https:\/\/pushclimbing.vn\/wp-content\/uploads\/2023\/01\/TBiQ_iQ_Logo_Variations-28-09-400x134.png 400w, https:\/\/pushclimbing.vn\/wp-content\/uploads\/2023\/01\/TBiQ_iQ_Logo_Variations-28-09-600x202.png 600w, https:\/\/pushclimbing.vn\/wp-content\/uploads\/2023\/01\/TBiQ_iQ_Logo_Variations-28-09-700x235.png 700w, https:\/\/pushclimbing.vn\/wp-content\/uploads\/2023\/01\/TBiQ_iQ_Logo_Variations-28-09-768x258.png 768w, https:\/\/pushclimbing.vn\/wp-content\/uploads\/2023\/01\/TBiQ_iQ_Logo_Variations-28-09-800x269.png 800w, https:\/\/pushclimbing.vn\/wp-content\/uploads\/2023\/01\/TBiQ_iQ_Logo_Variations-28-09-1024x344.png 1024w, https:\/\/pushclimbing.vn\/wp-content\/uploads\/2023\/01\/TBiQ_iQ_Logo_Variations-28-09-1200x403.png 1200w, https:\/\/pushclimbing.vn\/wp-content\/uploads\/2023\/01\/TBiQ_iQ_Logo_Variations-28-09-1536x516.png 1536w, https:\/\/pushclimbing.vn\/wp-content\/uploads\/2023\/01\/TBiQ_iQ_Logo_Variations-28-09.png 1715w\" sizes=\"(max-width: 300px) 100vw, 300px\" \/><\/p>","protected":false},"featured_media":27745,"comment_status":"open","ping_status":"closed","template":"","meta":{"_acf_changed":false},"product_brand":[1012],"product_cat":[1029,1028,1023],"product_tag":[470,705,717,718,719],"class_list":{"0":"post-27736","1":"product","2":"type-product","3":"status-publish","4":"has-post-thumbnail","6":"product_brand-headrush","7":"product_cat-autobelay","8":"product_cat-belay","9":"product_cat-climbing","10":"product_tag-auto-belay","11":"product_tag-headrush","12":"product_tag-headrush-technologies","13":"product_tag-heavy-auto-belay","14":"product_tag-high-belay","16":"first","17":"onbackorder","18":"taxable","19":"shipping-taxable","20":"product-type-variable","21":"has-default-attributes"},"acf":[],"yoast_head":"<!-- This site is optimized with the Yoast SEO plugin v27.3 - https:\/\/yoast.com\/product\/yoast-seo-wordpress\/ -->\n<title>TRUBLUE iQ XL Auto Belay - Push Climbing<\/title>\n<meta name=\"robots\" content=\"index, follow, max-snippet:-1, max-image-preview:large, max-video-preview:-1\" \/>\n<link rel=\"canonical\" href=\"https:\/\/pushclimbing.vn\/vi\/san-pham\/trublue-iq-xl-auto-belay\/\" \/>\n<meta property=\"og:locale\" content=\"vi_VN\" \/>\n<meta property=\"og:type\" content=\"article\" \/>\n<meta property=\"og:title\" content=\"TRUBLUE iQ XL Auto Belay - Push Climbing\" \/>\n<meta property=\"og:description\" content=\"https:\/\/www.youtube.com\/watch?v=mjABIB_VNE4&amp;list=PLOj0_5jSPUteCjhk5zT-mWSrd81u9Qv8E  CONTACT US TO GET IT NOW!\u00a0  *Tap to see: Why is TRUBLUE The Most Tested, Most Trusted, and Most TRU?  Designed for high walls and heavy use, the next generation TRUBLUE iQ XL is more durable than ever before. From improved, wider webbing to a built-in back-bumper and replaceable mount guard, the iQ XL is built to last, while still offering the same magnetic braking and unassisted ascent that made TRUBLUE the #1 auto belay in the world. TRUBLUE iQ XL has a longer webbing and a customized retraction spring for maximum mounting height of 65 ft (20m).  Any pre-owned TRUBLUE iQ device can be upgraded to a TRUBLUE iQ+ with the purchase of a\u00a0TRUBLUE iQ Upgrade Kit.  The TRUBLUE\u2122With built-in durability, the most authentic climbing experience, and the patented magnetic braking system that climbers trust, the TRUBLUE iQ is the new standard in auto belays. Whether your climbing wall is indoors or outdoors, the TRUBLUE\u2122 iQ XL Auto Belay is engineered to last. Our patented magnetic braking technology delivers the smoothest, most reliable catch in the industry, without wasting any sacrificial parts. Plus, the magnetic braking system is self-regulating, so every user gets the same, consistent experience, regardless of size or weight.  After years of research and extensive testing, the TRUBLUE iQ XL has been third-party certified by T\u00dcV\/S\u00dcD Product Service GmbH to meet the strictest safety standards in the industry. Increase climber throughput, without sacrificing on safety with TRUBLUE iQ XL.  *EN - TBiQ - Operations Manual - LT, XL_WEB 2022-02-21-TRADEMARKED\" \/>\n<meta property=\"og:url\" content=\"https:\/\/pushclimbing.vn\/vi\/san-pham\/trublue-iq-xl-auto-belay\/\" \/>\n<meta property=\"og:site_name\" content=\"Push Climbing\" \/>\n<meta property=\"article:publisher\" content=\"https:\/\/www.facebook.com\/pushrockclimbing\" \/>\n<meta property=\"article:modified_time\" content=\"2026-03-24T07:42:55+00:00\" \/>\n<meta property=\"og:image\" content=\"https:\/\/pushclimbing.vn\/wp-content\/uploads\/2023\/08\/tbiq-20m-aluminum.png\" \/>\n\t<meta property=\"og:image:width\" content=\"1250\" \/>\n\t<meta property=\"og:image:height\" content=\"1000\" \/>\n\t<meta property=\"og:image:type\" content=\"image\/png\" \/>\n<meta name=\"twitter:card\" content=\"summary_large_image\" \/>\n<meta name=\"twitter:label1\" content=\"\u01af\u1edbc t\u00ednh th\u1eddi gian \u0111\u1ecdc\" \/>\n\t<meta name=\"twitter:data1\" content=\"2 ph\u00fat\" \/>\n<script type=\"application\/ld+json\" class=\"yoast-schema-graph\">{\"@context\":\"https:\\\/\\\/schema.org\",\"@graph\":[{\"@type\":\"WebPage\",\"@id\":\"https:\\\/\\\/pushclimbing.vn\\\/product\\\/trublue-iq-xl-auto-belay\\\/\",\"url\":\"https:\\\/\\\/pushclimbing.vn\\\/product\\\/trublue-iq-xl-auto-belay\\\/\",\"name\":\"TRUBLUE iQ XL Auto Belay - Push Climbing\",\"isPartOf\":{\"@id\":\"https:\\\/\\\/pushclimbing.vn\\\/#website\"},\"primaryImageOfPage\":{\"@id\":\"https:\\\/\\\/pushclimbing.vn\\\/product\\\/trublue-iq-xl-auto-belay\\\/#primaryimage\"},\"image\":{\"@id\":\"https:\\\/\\\/pushclimbing.vn\\\/product\\\/trublue-iq-xl-auto-belay\\\/#primaryimage\"},\"thumbnailUrl\":\"https:\\\/\\\/pushclimbing.vn\\\/wp-content\\\/uploads\\\/2023\\\/08\\\/tbiq-20m-aluminum.png\",\"datePublished\":\"2023-08-12T04:27:58+00:00\",\"dateModified\":\"2026-03-24T07:42:55+00:00\",\"breadcrumb\":{\"@id\":\"https:\\\/\\\/pushclimbing.vn\\\/product\\\/trublue-iq-xl-auto-belay\\\/#breadcrumb\"},\"inLanguage\":\"vi\",\"potentialAction\":[{\"@type\":\"ReadAction\",\"target\":[\"https:\\\/\\\/pushclimbing.vn\\\/product\\\/trublue-iq-xl-auto-belay\\\/\"]}]},{\"@type\":\"ImageObject\",\"inLanguage\":\"vi\",\"@id\":\"https:\\\/\\\/pushclimbing.vn\\\/product\\\/trublue-iq-xl-auto-belay\\\/#primaryimage\",\"url\":\"https:\\\/\\\/pushclimbing.vn\\\/wp-content\\\/uploads\\\/2023\\\/08\\\/tbiq-20m-aluminum.png\",\"contentUrl\":\"https:\\\/\\\/pushclimbing.vn\\\/wp-content\\\/uploads\\\/2023\\\/08\\\/tbiq-20m-aluminum.png\",\"width\":1250,\"height\":1000},{\"@type\":\"BreadcrumbList\",\"@id\":\"https:\\\/\\\/pushclimbing.vn\\\/product\\\/trublue-iq-xl-auto-belay\\\/#breadcrumb\",\"itemListElement\":[{\"@type\":\"ListItem\",\"position\":1,\"name\":\"Home\",\"item\":\"https:\\\/\\\/pushclimbing.vn\\\/\"},{\"@type\":\"ListItem\",\"position\":2,\"name\":\"Shop\",\"item\":\"https:\\\/\\\/pushclimbing.vn\\\/shop\\\/\"},{\"@type\":\"ListItem\",\"position\":3,\"name\":\"TRUBLUE iQ XL Auto Belay\"}]},{\"@type\":\"WebSite\",\"@id\":\"https:\\\/\\\/pushclimbing.vn\\\/#website\",\"url\":\"https:\\\/\\\/pushclimbing.vn\\\/\",\"name\":\"Push Climbing\",\"description\":\"Conquer Your Mountain\",\"publisher\":{\"@id\":\"https:\\\/\\\/pushclimbing.vn\\\/#organization\"},\"potentialAction\":[{\"@type\":\"SearchAction\",\"target\":{\"@type\":\"EntryPoint\",\"urlTemplate\":\"https:\\\/\\\/pushclimbing.vn\\\/?s={search_term_string}\"},\"query-input\":{\"@type\":\"PropertyValueSpecification\",\"valueRequired\":true,\"valueName\":\"search_term_string\"}}],\"inLanguage\":\"vi\"},{\"@type\":\"Organization\",\"@id\":\"https:\\\/\\\/pushclimbing.vn\\\/#organization\",\"name\":\"Push Climbing\",\"url\":\"https:\\\/\\\/pushclimbing.vn\\\/\",\"logo\":{\"@type\":\"ImageObject\",\"inLanguage\":\"vi\",\"@id\":\"https:\\\/\\\/pushclimbing.vn\\\/#\\\/schema\\\/logo\\\/image\\\/\",\"url\":\"https:\\\/\\\/pushclimbing.vn\\\/wp-content\\\/uploads\\\/2022\\\/07\\\/push-logo-canvas.png\",\"contentUrl\":\"https:\\\/\\\/pushclimbing.vn\\\/wp-content\\\/uploads\\\/2022\\\/07\\\/push-logo-canvas.png\",\"width\":400,\"height\":400,\"caption\":\"Push Climbing\"},\"image\":{\"@id\":\"https:\\\/\\\/pushclimbing.vn\\\/#\\\/schema\\\/logo\\\/image\\\/\"},\"sameAs\":[\"https:\\\/\\\/www.facebook.com\\\/pushrockclimbing\"]}]}<\/script>\n<!-- \/ Yoast SEO plugin. -->","yoast_head_json":{"title":"TRUBLUE iQ XL Auto Belay - Push Climbing","robots":{"index":"index","follow":"follow","max-snippet":"max-snippet:-1","max-image-preview":"max-image-preview:large","max-video-preview":"max-video-preview:-1"},"canonical":"https:\/\/pushclimbing.vn\/vi\/san-pham\/trublue-iq-xl-auto-belay\/","og_locale":"vi_VN","og_type":"article","og_title":"TRUBLUE iQ XL Auto Belay - Push Climbing","og_description":"https:\/\/www.youtube.com\/watch?v=mjABIB_VNE4&amp;list=PLOj0_5jSPUteCjhk5zT-mWSrd81u9Qv8E  CONTACT US TO GET IT NOW!\u00a0  *Tap to see: Why is TRUBLUE The Most Tested, Most Trusted, and Most TRU?  Designed for high walls and heavy use, the next generation TRUBLUE iQ XL is more durable than ever before. From improved, wider webbing to a built-in back-bumper and replaceable mount guard, the iQ XL is built to last, while still offering the same magnetic braking and unassisted ascent that made TRUBLUE the #1 auto belay in the world. TRUBLUE iQ XL has a longer webbing and a customized retraction spring for maximum mounting height of 65 ft (20m).  Any pre-owned TRUBLUE iQ device can be upgraded to a TRUBLUE iQ+ with the purchase of a\u00a0TRUBLUE iQ Upgrade Kit.  The TRUBLUE\u2122With built-in durability, the most authentic climbing experience, and the patented magnetic braking system that climbers trust, the TRUBLUE iQ is the new standard in auto belays. Whether your climbing wall is indoors or outdoors, the TRUBLUE\u2122 iQ XL Auto Belay is engineered to last. Our patented magnetic braking technology delivers the smoothest, most reliable catch in the industry, without wasting any sacrificial parts. Plus, the magnetic braking system is self-regulating, so every user gets the same, consistent experience, regardless of size or weight.  After years of research and extensive testing, the TRUBLUE iQ XL has been third-party certified by T\u00dcV\/S\u00dcD Product Service GmbH to meet the strictest safety standards in the industry. Increase climber throughput, without sacrificing on safety with TRUBLUE iQ XL.  *EN - TBiQ - Operations Manual - LT, XL_WEB 2022-02-21-TRADEMARKED","og_url":"https:\/\/pushclimbing.vn\/vi\/san-pham\/trublue-iq-xl-auto-belay\/","og_site_name":"Push Climbing","article_publisher":"https:\/\/www.facebook.com\/pushrockclimbing","article_modified_time":"2026-03-24T07:42:55+00:00","og_image":[{"width":1250,"height":1000,"url":"https:\/\/pushclimbing.vn\/wp-content\/uploads\/2023\/08\/tbiq-20m-aluminum.png","type":"image\/png"}],"twitter_card":"summary_large_image","twitter_misc":{"\u01af\u1edbc t\u00ednh th\u1eddi gian \u0111\u1ecdc":"2 ph\u00fat"},"schema":{"@context":"https:\/\/schema.org","@graph":[{"@type":"WebPage","@id":"https:\/\/pushclimbing.vn\/product\/trublue-iq-xl-auto-belay\/","url":"https:\/\/pushclimbing.vn\/product\/trublue-iq-xl-auto-belay\/","name":"TRUBLUE iQ XL Auto Belay - Push Climbing","isPartOf":{"@id":"https:\/\/pushclimbing.vn\/#website"},"primaryImageOfPage":{"@id":"https:\/\/pushclimbing.vn\/product\/trublue-iq-xl-auto-belay\/#primaryimage"},"image":{"@id":"https:\/\/pushclimbing.vn\/product\/trublue-iq-xl-auto-belay\/#primaryimage"},"thumbnailUrl":"https:\/\/pushclimbing.vn\/wp-content\/uploads\/2023\/08\/tbiq-20m-aluminum.png","datePublished":"2023-08-12T04:27:58+00:00","dateModified":"2026-03-24T07:42:55+00:00","breadcrumb":{"@id":"https:\/\/pushclimbing.vn\/product\/trublue-iq-xl-auto-belay\/#breadcrumb"},"inLanguage":"vi","potentialAction":[{"@type":"ReadAction","target":["https:\/\/pushclimbing.vn\/product\/trublue-iq-xl-auto-belay\/"]}]},{"@type":"ImageObject","inLanguage":"vi","@id":"https:\/\/pushclimbing.vn\/product\/trublue-iq-xl-auto-belay\/#primaryimage","url":"https:\/\/pushclimbing.vn\/wp-content\/uploads\/2023\/08\/tbiq-20m-aluminum.png","contentUrl":"https:\/\/pushclimbing.vn\/wp-content\/uploads\/2023\/08\/tbiq-20m-aluminum.png","width":1250,"height":1000},{"@type":"BreadcrumbList","@id":"https:\/\/pushclimbing.vn\/product\/trublue-iq-xl-auto-belay\/#breadcrumb","itemListElement":[{"@type":"ListItem","position":1,"name":"Home","item":"https:\/\/pushclimbing.vn\/"},{"@type":"ListItem","position":2,"name":"Shop","item":"https:\/\/pushclimbing.vn\/shop\/"},{"@type":"ListItem","position":3,"name":"TRUBLUE iQ XL Auto Belay"}]},{"@type":"WebSite","@id":"https:\/\/pushclimbing.vn\/#website","url":"https:\/\/pushclimbing.vn\/","name":"Push Climbing","description":"Conquer Your Mountain","publisher":{"@id":"https:\/\/pushclimbing.vn\/#organization"},"potentialAction":[{"@type":"SearchAction","target":{"@type":"EntryPoint","urlTemplate":"https:\/\/pushclimbing.vn\/?s={search_term_string}"},"query-input":{"@type":"PropertyValueSpecification","valueRequired":true,"valueName":"search_term_string"}}],"inLanguage":"vi"},{"@type":"Organization","@id":"https:\/\/pushclimbing.vn\/#organization","name":"Push Climbing","url":"https:\/\/pushclimbing.vn\/","logo":{"@type":"ImageObject","inLanguage":"vi","@id":"https:\/\/pushclimbing.vn\/#\/schema\/logo\/image\/","url":"https:\/\/pushclimbing.vn\/wp-content\/uploads\/2022\/07\/push-logo-canvas.png","contentUrl":"https:\/\/pushclimbing.vn\/wp-content\/uploads\/2022\/07\/push-logo-canvas.png","width":400,"height":400,"caption":"Push Climbing"},"image":{"@id":"https:\/\/pushclimbing.vn\/#\/schema\/logo\/image\/"},"sameAs":["https:\/\/www.facebook.com\/pushrockclimbing"]}]}},"_links":{"self":[{"href":"https:\/\/pushclimbing.vn\/vi\/wp-json\/wp\/v2\/product\/27736","targetHints":{"allow":["GET"]}}],"collection":[{"href":"https:\/\/pushclimbing.vn\/vi\/wp-json\/wp\/v2\/product"}],"about":[{"href":"https:\/\/pushclimbing.vn\/vi\/wp-json\/wp\/v2\/types\/product"}],"replies":[{"embeddable":true,"href":"https:\/\/pushclimbing.vn\/vi\/wp-json\/wp\/v2\/comments?post=27736"}],"wp:featuredmedia":[{"embeddable":true,"href":"https:\/\/pushclimbing.vn\/vi\/wp-json\/wp\/v2\/media\/27745"}],"wp:attachment":[{"href":"https:\/\/pushclimbing.vn\/vi\/wp-json\/wp\/v2\/media?parent=27736"}],"wp:term":[{"taxonomy":"product_brand","embeddable":true,"href":"https:\/\/pushclimbing.vn\/vi\/wp-json\/wp\/v2\/product_brand?post=27736"},{"taxonomy":"product_cat","embeddable":true,"href":"https:\/\/pushclimbing.vn\/vi\/wp-json\/wp\/v2\/product_cat?post=27736"},{"taxonomy":"product_tag","embeddable":true,"href":"https:\/\/pushclimbing.vn\/vi\/wp-json\/wp\/v2\/product_tag?post=27736"}],"curies":[{"name":"wp","href":"https:\/\/api.w.org\/{rel}","templated":true}]}}