{"id":27661,"date":"2023-08-10T17:42:14","date_gmt":"2023-08-10T10:42:14","guid":{"rendered":"https:\/\/pushclimbing.vn\/?post_type=product&#038;p=27661"},"modified":"2025-03-20T10:58:57","modified_gmt":"2025-03-20T03:58:57","slug":"mad-rock-mad-pad-new","status":"publish","type":"product","link":"https:\/\/pushclimbing.vn\/vi\/san-pham\/mad-rock-mad-pad-new\/","title":{"rendered":"Mad Rock Mad Pad (New)"},"content":{"rendered":"<div class=\"fusion-fullwidth fullwidth-box fusion-builder-row-1 fusion-flex-container nonhundred-percent-fullwidth non-hundred-percent-height-scrolling\" style=\"--awb-border-radius-top-left:0px;--awb-border-radius-top-right:0px;--awb-border-radius-bottom-right:0px;--awb-border-radius-bottom-left:0px;--awb-flex-wrap:wrap;\" ><div class=\"fusion-builder-row fusion-row fusion-flex-align-items-flex-start fusion-flex-content-wrap\" style=\"max-width:1216.8px;margin-left: calc(-4% \/ 2 );margin-right: calc(-4% \/ 2 );\"><div class=\"fusion-layout-column fusion_builder_column fusion-builder-column-0 fusion_builder_column_1_1 1_1 fusion-flex-column\" style=\"--awb-bg-size:cover;--awb-width-large:100%;--awb-margin-top-large:0px;--awb-spacing-right-large:1.92%;--awb-margin-bottom-large:0px;--awb-spacing-left-large:1.92%;--awb-width-medium:100%;--awb-spacing-right-medium:1.92%;--awb-spacing-left-medium:1.92%;--awb-width-small:100%;--awb-spacing-right-small:1.92%;--awb-spacing-left-small:1.92%;\"><div class=\"fusion-column-wrapper fusion-flex-justify-content-flex-start fusion-content-layout-column\"><div class=\"fusion-text fusion-text-1\"><div class=\"video-shortcode\"><iframe title=\"Mad Pad 2023\" width=\"1170\" height=\"658\" src=\"https:\/\/www.youtube.com\/embed\/--cP-hfU2o0?feature=oembed\" frameborder=\"0\" allow=\"accelerometer; autoplay; clipboard-write; encrypted-media; gyroscope; picture-in-picture; web-share\" referrerpolicy=\"strict-origin-when-cross-origin\" allowfullscreen><\/iframe><\/div>\n<p><strong>M\u00f4 T\u1ea3 K\u1ef9 Thu\u1eadt<\/strong><br \/>\nK\u00edch th\u01b0\u1edbc M\u1edf: 122 cm x 91.44 cm x 12.7 cm<br \/>\nK\u00edch th\u01b0\u1edbc \u0110\u00f3ng: 61 cm x 91.44 cm x 25.4 cm<\/p>\n<p>C\u1ea5u tr\u00fac B\u1ecdt Sandwich 1-3-1 (1\u2033 b\u1ecdt b\u00e1n k\u00edn, 3\u2033 b\u1ecdt m\u1edf, 1\u2033 b\u1ecdt b\u00e1n k\u00edn)<\/p>\n<p>Tr\u1ecdng l\u01b0\u1ee3ng: 6.35 kg<\/p>\n<\/div><\/div><\/div><\/div><\/div>","protected":false},"excerpt":{"rendered":"<div>\u00a0<strong>Nhi\u1ec1u h\u01a1n v\u1edbi gi\u00e1 \u00edt h\u01a1n<\/strong><\/div>\n<div class=\"elementToProof\">S\u1ef1 t\u1eadp trung v\u00e0o vi\u1ec7c cung c\u1ea5p c\u00e1c s\u1ea3n ph\u1ea9m \u0111\u1ed5i m\u1edbi, ch\u1ea5t l\u01b0\u1ee3ng v\u00e0 mang l\u1ea1i gi\u00e1 tr\u1ecb lu\u00f4n n\u1eb1m \u1edf trung t\u00e2m tri\u1ebft l\u00fd c\u1ee7a c\u00f4ng ty ch\u00fang t\u00f4i. \u0110\u1ed1i v\u1edbi n\u0103m 2023, ch\u00fang t\u00f4i \u0111\u00e3 trang b\u1ecb b\u1ed9 s\u01b0u t\u1eadp Mad Pad M\u1edaI c\u1ee7a ch\u00fang t\u00f4i v\u1edbi nhi\u1ec1u gi\u00e1 tr\u1ecb h\u01a1n trong khi GI\u1ea2M GI\u00c1!<\/div>\n<div class=\"elementToProof\">\n<p class=\"ContentPasted0\">Mad Pad n\u0103m 2023 hi\u1ec7n \u0111\u01b0\u1ee3c trang b\u1ecb d\u00e2y \u0111eo l\u01b0ng r\u1eddi, c\u00f3 th\u1ec3 \u0111i\u1ec1u ch\u1ec9nh v\u00e0 \u00eam \u00e1i h\u01a1n. Nhi\u1ec1u d\u1ea3i velcro n\u1eef c\u0169ng cho ph\u00e9p c\u00e1c t\u1ea5m \u0111\u1ec7m \u0111\u01b0\u1ee3c k\u1ebft n\u1ed1i v\u00e0 c\u1ea5u h\u00ecnh theo nhi\u1ec1u c\u00e1ch kh\u00e1c nhau \u0111\u1ec3 t\u1ed1i \u01b0u h\u00f3a di\u1ec7n t\u00edch v\u00f9ng ng\u00e3.<\/p>\n<p class=\"ContentPasted0\">M\u1ed7i t\u1ea5m \u0111\u1ec7m Mad Pad n\u0103m 2023 c\u0169ng s\u1ebd \u0111i k\u00e8m v\u1edbi m\u1ed9t t\u1ea5m l\u00f3t nh\u1ecf c\u00f3 th\u1ec3 th\u00e1o r\u1eddi (40.64 cm x 30.48 cm x 0.64 cm)<span class=\"ContentPasted0\">\u00a0<\/span><em class=\"ContentPasted0\">c\u00f3 t\u00ean l\u00e0 Madgic Carpet<span class=\"ContentPasted0\">\u00a0<\/span><\/em>\u0111\u1ec3 l\u00e0m s\u1ea1ch b\u1ee5i b\u1ea9n tr\u00ean gi\u00e0y t\u1ea1i ch\u1ed7 tr\u01b0\u1edbc khi b\u1eaft \u0111\u1ea7u h\u00e0nh tr\u00ecnh leo n\u00fai. Ho\u1eb7c, n\u00f3 c\u0169ng c\u00f3 th\u1ec3 \u0111\u01b0\u1ee3c s\u1eed d\u1ee5ng nh\u01b0 m\u1ed9t t\u1ea5m th\u1ea3m ng\u1ed3i d\u1ec5 th\u01b0\u01a1ng trong khi b\u1ea1n ng\u1ed3i th\u01b0 gi\u00e3n tr\u01b0\u1edbc khi b\u1eaft \u0111\u1ea7u!<\/p>\n<\/div>","protected":false},"featured_media":27671,"comment_status":"open","ping_status":"closed","template":"","meta":{"_acf_changed":false},"product_brand":[1007],"product_cat":[1027,1023],"product_tag":[701,702,699,22,700],"class_list":{"0":"post-27661","1":"product","2":"type-product","3":"status-publish","4":"has-post-thumbnail","6":"product_brand-madrock","7":"product_cat-chalk","8":"product_cat-climbing","9":"product_tag-crash-pads","10":"product_tag-dem-leo-nui","11":"product_tag-mad-pad","12":"product_tag-mad-rock","13":"product_tag-pads","15":"first","16":"instock","17":"taxable","18":"shipping-taxable","19":"product-type-variable"},"acf":[],"yoast_head":"<!-- This site is optimized with the Yoast SEO plugin v27.3 - https:\/\/yoast.com\/product\/yoast-seo-wordpress\/ -->\n<title>Mad Rock Mad Pad (New) - Push Climbing<\/title>\n<meta name=\"robots\" content=\"index, follow, max-snippet:-1, max-image-preview:large, max-video-preview:-1\" \/>\n<link rel=\"canonical\" href=\"https:\/\/pushclimbing.vn\/vi\/san-pham\/mad-rock-mad-pad-new\/\" \/>\n<meta property=\"og:locale\" content=\"vi_VN\" \/>\n<meta property=\"og:type\" content=\"article\" \/>\n<meta property=\"og:title\" content=\"Mad Rock Mad Pad (New) - Push Climbing\" \/>\n<meta property=\"og:description\" content=\"\u00a0More for Less The focus to provide innovative, quality and value driven products has remained at the core of our company&#039;s philosophy. For 2023, we&#039;ve packed our NEW Mad Pad collection with even more value while also REDUCING the price!  The 2023 Mad Pad is now built with removable, adjustable, plush backpack straps for a comfier carry. More female velcro strips also allow the pads to be connected and configured in various ways to maximize fall-zone coverage. Every 2023 Mad Pad will also come with a detachable (16&quot;x12&quot;x0.25&quot;)\u00a0Madgic Carpet\u00a0for scraping dirt off your shoes at the base of the climb. Or, it can be used as a nice sitting mat while you sit and relax before your send go!\" \/>\n<meta property=\"og:url\" content=\"https:\/\/pushclimbing.vn\/vi\/san-pham\/mad-rock-mad-pad-new\/\" \/>\n<meta property=\"og:site_name\" content=\"Push Climbing\" \/>\n<meta property=\"article:publisher\" content=\"https:\/\/www.facebook.com\/pushrockclimbing\" \/>\n<meta property=\"article:modified_time\" content=\"2025-03-20T03:58:57+00:00\" \/>\n<meta property=\"og:image\" content=\"https:\/\/pushclimbing.vn\/wp-content\/uploads\/2023\/08\/mad.jpg\" \/>\n\t<meta property=\"og:image:width\" content=\"540\" \/>\n\t<meta property=\"og:image:height\" content=\"540\" \/>\n\t<meta property=\"og:image:type\" content=\"image\/jpeg\" \/>\n<meta name=\"twitter:card\" content=\"summary_large_image\" \/>\n<meta name=\"twitter:label1\" content=\"\u01af\u1edbc t\u00ednh th\u1eddi gian \u0111\u1ecdc\" \/>\n\t<meta name=\"twitter:data1\" content=\"1 ph\u00fat\" \/>\n<script type=\"application\/ld+json\" class=\"yoast-schema-graph\">{\"@context\":\"https:\\\/\\\/schema.org\",\"@graph\":[{\"@type\":\"WebPage\",\"@id\":\"https:\\\/\\\/pushclimbing.vn\\\/product\\\/mad-rock-mad-pad-new\\\/\",\"url\":\"https:\\\/\\\/pushclimbing.vn\\\/product\\\/mad-rock-mad-pad-new\\\/\",\"name\":\"Mad Rock Mad Pad (New) - Push Climbing\",\"isPartOf\":{\"@id\":\"https:\\\/\\\/pushclimbing.vn\\\/#website\"},\"primaryImageOfPage\":{\"@id\":\"https:\\\/\\\/pushclimbing.vn\\\/product\\\/mad-rock-mad-pad-new\\\/#primaryimage\"},\"image\":{\"@id\":\"https:\\\/\\\/pushclimbing.vn\\\/product\\\/mad-rock-mad-pad-new\\\/#primaryimage\"},\"thumbnailUrl\":\"https:\\\/\\\/pushclimbing.vn\\\/wp-content\\\/uploads\\\/2023\\\/08\\\/mad.jpg\",\"datePublished\":\"2023-08-10T10:42:14+00:00\",\"dateModified\":\"2025-03-20T03:58:57+00:00\",\"breadcrumb\":{\"@id\":\"https:\\\/\\\/pushclimbing.vn\\\/product\\\/mad-rock-mad-pad-new\\\/#breadcrumb\"},\"inLanguage\":\"vi\",\"potentialAction\":[{\"@type\":\"ReadAction\",\"target\":[\"https:\\\/\\\/pushclimbing.vn\\\/product\\\/mad-rock-mad-pad-new\\\/\"]}]},{\"@type\":\"ImageObject\",\"inLanguage\":\"vi\",\"@id\":\"https:\\\/\\\/pushclimbing.vn\\\/product\\\/mad-rock-mad-pad-new\\\/#primaryimage\",\"url\":\"https:\\\/\\\/pushclimbing.vn\\\/wp-content\\\/uploads\\\/2023\\\/08\\\/mad.jpg\",\"contentUrl\":\"https:\\\/\\\/pushclimbing.vn\\\/wp-content\\\/uploads\\\/2023\\\/08\\\/mad.jpg\",\"width\":540,\"height\":540},{\"@type\":\"BreadcrumbList\",\"@id\":\"https:\\\/\\\/pushclimbing.vn\\\/product\\\/mad-rock-mad-pad-new\\\/#breadcrumb\",\"itemListElement\":[{\"@type\":\"ListItem\",\"position\":1,\"name\":\"Home\",\"item\":\"https:\\\/\\\/pushclimbing.vn\\\/\"},{\"@type\":\"ListItem\",\"position\":2,\"name\":\"Shop\",\"item\":\"https:\\\/\\\/pushclimbing.vn\\\/shop\\\/\"},{\"@type\":\"ListItem\",\"position\":3,\"name\":\"Mad Rock Mad Pad (New)\"}]},{\"@type\":\"WebSite\",\"@id\":\"https:\\\/\\\/pushclimbing.vn\\\/#website\",\"url\":\"https:\\\/\\\/pushclimbing.vn\\\/\",\"name\":\"Push Climbing\",\"description\":\"Conquer Your Mountain\",\"publisher\":{\"@id\":\"https:\\\/\\\/pushclimbing.vn\\\/#organization\"},\"potentialAction\":[{\"@type\":\"SearchAction\",\"target\":{\"@type\":\"EntryPoint\",\"urlTemplate\":\"https:\\\/\\\/pushclimbing.vn\\\/?s={search_term_string}\"},\"query-input\":{\"@type\":\"PropertyValueSpecification\",\"valueRequired\":true,\"valueName\":\"search_term_string\"}}],\"inLanguage\":\"vi\"},{\"@type\":\"Organization\",\"@id\":\"https:\\\/\\\/pushclimbing.vn\\\/#organization\",\"name\":\"Push Climbing\",\"url\":\"https:\\\/\\\/pushclimbing.vn\\\/\",\"logo\":{\"@type\":\"ImageObject\",\"inLanguage\":\"vi\",\"@id\":\"https:\\\/\\\/pushclimbing.vn\\\/#\\\/schema\\\/logo\\\/image\\\/\",\"url\":\"https:\\\/\\\/pushclimbing.vn\\\/wp-content\\\/uploads\\\/2022\\\/07\\\/push-logo-canvas.png\",\"contentUrl\":\"https:\\\/\\\/pushclimbing.vn\\\/wp-content\\\/uploads\\\/2022\\\/07\\\/push-logo-canvas.png\",\"width\":400,\"height\":400,\"caption\":\"Push Climbing\"},\"image\":{\"@id\":\"https:\\\/\\\/pushclimbing.vn\\\/#\\\/schema\\\/logo\\\/image\\\/\"},\"sameAs\":[\"https:\\\/\\\/www.facebook.com\\\/pushrockclimbing\"]}]}<\/script>\n<!-- \/ Yoast SEO plugin. -->","yoast_head_json":{"title":"Mad Rock Mad Pad (New) - Push Climbing","robots":{"index":"index","follow":"follow","max-snippet":"max-snippet:-1","max-image-preview":"max-image-preview:large","max-video-preview":"max-video-preview:-1"},"canonical":"https:\/\/pushclimbing.vn\/vi\/san-pham\/mad-rock-mad-pad-new\/","og_locale":"vi_VN","og_type":"article","og_title":"Mad Rock Mad Pad (New) - Push Climbing","og_description":"\u00a0More for Less The focus to provide innovative, quality and value driven products has remained at the core of our company's philosophy. For 2023, we've packed our NEW Mad Pad collection with even more value while also REDUCING the price!  The 2023 Mad Pad is now built with removable, adjustable, plush backpack straps for a comfier carry. More female velcro strips also allow the pads to be connected and configured in various ways to maximize fall-zone coverage. Every 2023 Mad Pad will also come with a detachable (16\"x12\"x0.25\")\u00a0Madgic Carpet\u00a0for scraping dirt off your shoes at the base of the climb. Or, it can be used as a nice sitting mat while you sit and relax before your send go!","og_url":"https:\/\/pushclimbing.vn\/vi\/san-pham\/mad-rock-mad-pad-new\/","og_site_name":"Push Climbing","article_publisher":"https:\/\/www.facebook.com\/pushrockclimbing","article_modified_time":"2025-03-20T03:58:57+00:00","og_image":[{"width":540,"height":540,"url":"https:\/\/pushclimbing.vn\/wp-content\/uploads\/2023\/08\/mad.jpg","type":"image\/jpeg"}],"twitter_card":"summary_large_image","twitter_misc":{"\u01af\u1edbc t\u00ednh th\u1eddi gian \u0111\u1ecdc":"1 ph\u00fat"},"schema":{"@context":"https:\/\/schema.org","@graph":[{"@type":"WebPage","@id":"https:\/\/pushclimbing.vn\/product\/mad-rock-mad-pad-new\/","url":"https:\/\/pushclimbing.vn\/product\/mad-rock-mad-pad-new\/","name":"Mad Rock Mad Pad (New) - Push Climbing","isPartOf":{"@id":"https:\/\/pushclimbing.vn\/#website"},"primaryImageOfPage":{"@id":"https:\/\/pushclimbing.vn\/product\/mad-rock-mad-pad-new\/#primaryimage"},"image":{"@id":"https:\/\/pushclimbing.vn\/product\/mad-rock-mad-pad-new\/#primaryimage"},"thumbnailUrl":"https:\/\/pushclimbing.vn\/wp-content\/uploads\/2023\/08\/mad.jpg","datePublished":"2023-08-10T10:42:14+00:00","dateModified":"2025-03-20T03:58:57+00:00","breadcrumb":{"@id":"https:\/\/pushclimbing.vn\/product\/mad-rock-mad-pad-new\/#breadcrumb"},"inLanguage":"vi","potentialAction":[{"@type":"ReadAction","target":["https:\/\/pushclimbing.vn\/product\/mad-rock-mad-pad-new\/"]}]},{"@type":"ImageObject","inLanguage":"vi","@id":"https:\/\/pushclimbing.vn\/product\/mad-rock-mad-pad-new\/#primaryimage","url":"https:\/\/pushclimbing.vn\/wp-content\/uploads\/2023\/08\/mad.jpg","contentUrl":"https:\/\/pushclimbing.vn\/wp-content\/uploads\/2023\/08\/mad.jpg","width":540,"height":540},{"@type":"BreadcrumbList","@id":"https:\/\/pushclimbing.vn\/product\/mad-rock-mad-pad-new\/#breadcrumb","itemListElement":[{"@type":"ListItem","position":1,"name":"Home","item":"https:\/\/pushclimbing.vn\/"},{"@type":"ListItem","position":2,"name":"Shop","item":"https:\/\/pushclimbing.vn\/shop\/"},{"@type":"ListItem","position":3,"name":"Mad Rock Mad Pad (New)"}]},{"@type":"WebSite","@id":"https:\/\/pushclimbing.vn\/#website","url":"https:\/\/pushclimbing.vn\/","name":"Push Climbing","description":"Conquer Your Mountain","publisher":{"@id":"https:\/\/pushclimbing.vn\/#organization"},"potentialAction":[{"@type":"SearchAction","target":{"@type":"EntryPoint","urlTemplate":"https:\/\/pushclimbing.vn\/?s={search_term_string}"},"query-input":{"@type":"PropertyValueSpecification","valueRequired":true,"valueName":"search_term_string"}}],"inLanguage":"vi"},{"@type":"Organization","@id":"https:\/\/pushclimbing.vn\/#organization","name":"Push Climbing","url":"https:\/\/pushclimbing.vn\/","logo":{"@type":"ImageObject","inLanguage":"vi","@id":"https:\/\/pushclimbing.vn\/#\/schema\/logo\/image\/","url":"https:\/\/pushclimbing.vn\/wp-content\/uploads\/2022\/07\/push-logo-canvas.png","contentUrl":"https:\/\/pushclimbing.vn\/wp-content\/uploads\/2022\/07\/push-logo-canvas.png","width":400,"height":400,"caption":"Push Climbing"},"image":{"@id":"https:\/\/pushclimbing.vn\/#\/schema\/logo\/image\/"},"sameAs":["https:\/\/www.facebook.com\/pushrockclimbing"]}]}},"_links":{"self":[{"href":"https:\/\/pushclimbing.vn\/vi\/wp-json\/wp\/v2\/product\/27661","targetHints":{"allow":["GET"]}}],"collection":[{"href":"https:\/\/pushclimbing.vn\/vi\/wp-json\/wp\/v2\/product"}],"about":[{"href":"https:\/\/pushclimbing.vn\/vi\/wp-json\/wp\/v2\/types\/product"}],"replies":[{"embeddable":true,"href":"https:\/\/pushclimbing.vn\/vi\/wp-json\/wp\/v2\/comments?post=27661"}],"wp:featuredmedia":[{"embeddable":true,"href":"https:\/\/pushclimbing.vn\/vi\/wp-json\/wp\/v2\/media\/27671"}],"wp:attachment":[{"href":"https:\/\/pushclimbing.vn\/vi\/wp-json\/wp\/v2\/media?parent=27661"}],"wp:term":[{"taxonomy":"product_brand","embeddable":true,"href":"https:\/\/pushclimbing.vn\/vi\/wp-json\/wp\/v2\/product_brand?post=27661"},{"taxonomy":"product_cat","embeddable":true,"href":"https:\/\/pushclimbing.vn\/vi\/wp-json\/wp\/v2\/product_cat?post=27661"},{"taxonomy":"product_tag","embeddable":true,"href":"https:\/\/pushclimbing.vn\/vi\/wp-json\/wp\/v2\/product_tag?post=27661"}],"curies":[{"name":"wp","href":"https:\/\/api.w.org\/{rel}","templated":true}]}}