{"id":27552,"date":"2023-07-26T16:42:41","date_gmt":"2023-07-26T09:42:41","guid":{"rendered":"https:\/\/pushclimbing.vn\/?post_type=product&#038;p=27552"},"modified":"2025-03-20T10:33:33","modified_gmt":"2025-03-20T03:33:33","slug":"evolv-zenist-lv","status":"publish","type":"product","link":"https:\/\/pushclimbing.vn\/vi\/san-pham\/evolv-zenist-lv\/","title":{"rendered":"Evolv Zenist LV"},"content":{"rendered":"","protected":false},"excerpt":{"rendered":"<p><strong>Gi\u1edbi thi\u1ec7u gi\u00e0y leo n\u00fai Evolv LV d\u00e0nh cho ph\u1ee5 n\u1eef<\/strong> \u2013 thi\u1ebft k\u1ebf d\u00e0nh cho nh\u1eefng v\u1eadn \u0111\u1ed9ng vi\u00ean leo n\u00fai thi \u0111\u1ea5u mu\u1ed1n c\u00f3 c\u1ea3m gi\u00e1c ph\u1ea3n h\u1ed3i t\u1ed1i \u0111a khi \u0111\u1eb7t ch\u00e2n ch\u00ednh x\u00e1c v\u00e0 th\u1ef1c hi\u1ec7n nh\u1eefng \u0111\u1ed9ng t\u00e1c nh\u1ecf nh\u01b0 m\u00f3c ch\u00e2n v\u00e0 \u0111\u1ea7u ng\u00f3n ch\u00e2n. Ph\u1ea7n tr\u00ean gi\u00e0y Vegan t\u1ed5ng h\u1ee3p, \u0111\u01b0\u1ee3c x\u00e2y d\u1ef1ng tr\u00ean h\u00ecnh d\u1ea1ng h\u1eadu \u0111\u1eadu m\u1ea1nh m\u1ebd, \u0111\u1ea3m b\u1ea3o v\u1ecb tr\u00ed ch\u00e2n m\u1ea1nh m\u1ebd v\u00e0 \u00edt co d\u00e3n theo th\u1eddi gian. \u0110\u1ebf gi\u1eefa cao su trong gi\u00e0y Zenist mang l\u1ea1i \u0111\u1ed9 c\u1ee9ng l\u00fd t\u01b0\u1edfng m\u00e0 kh\u00f4ng l\u00e0m gi\u1ea3m \u0111\u1ed9 nh\u1ea1y c\u1ea3m. Trong c\u00e1c cu\u1ed9c thi, ph\u1ea3n h\u1ed3i t\u1eeb \u0111\u00f4i gi\u00e0y c\u1ee7a b\u1ea1n c\u00f3 th\u1ec3 l\u00e0 y\u1ebfu t\u1ed1 quy\u1ebft \u0111\u1ecbnh gi\u1eefa chi\u1ebfn th\u1eafng v\u00e0 tham gia thi \u0111\u1ea5u.<\/p>\n<p>&nbsp;<\/p>\n<p><img decoding=\"async\" class=\"alignnone size-full wp-image-27530\" src=\"https:\/\/pushclimbing.vn\/wp-content\/uploads\/2023\/07\/download.png\" alt=\"\" width=\"443\" height=\"114\" srcset=\"https:\/\/pushclimbing.vn\/wp-content\/uploads\/2023\/07\/download-18x5.png 18w, https:\/\/pushclimbing.vn\/wp-content\/uploads\/2023\/07\/download-200x51.png 200w, https:\/\/pushclimbing.vn\/wp-content\/uploads\/2023\/07\/download-300x77.png 300w, https:\/\/pushclimbing.vn\/wp-content\/uploads\/2023\/07\/download-400x103.png 400w, https:\/\/pushclimbing.vn\/wp-content\/uploads\/2023\/07\/download.png 443w\" sizes=\"(max-width: 443px) 100vw, 443px\" \/><\/p>\n<p>&nbsp;<\/p>\n<p><a href=\"https:\/\/pushclimbing.vn\/wp-content\/uploads\/2023\/07\/Evolv-Size-Guide.pdf\">*Evolv Size Guide.<\/a><\/p>","protected":false},"featured_media":27494,"comment_status":"open","ping_status":"closed","template":"","meta":{"_acf_changed":false},"product_brand":[1015],"product_cat":[1023,1024],"product_tag":[692,51,688,675,696],"class_list":{"0":"post-27552","1":"product","2":"type-product","3":"status-publish","4":"has-post-thumbnail","6":"product_brand-evolv","7":"product_cat-climbing","8":"product_cat-shoes","9":"product_tag-evolv","10":"product_tag-giay-leo-nui","11":"product_tag-giay-leo-nui-trong-nha","12":"product_tag-lv","13":"product_tag-zenist-lv","15":"first","16":"instock","17":"taxable","18":"shipping-taxable","19":"product-type-variable"},"acf":[],"yoast_head":"<!-- This site is optimized with the Yoast SEO plugin v27.3 - https:\/\/yoast.com\/product\/yoast-seo-wordpress\/ -->\n<title>Evolv Zenist LV - Push Climbing<\/title>\n<meta name=\"robots\" content=\"index, follow, max-snippet:-1, max-image-preview:large, max-video-preview:-1\" \/>\n<link rel=\"canonical\" href=\"https:\/\/pushclimbing.vn\/vi\/san-pham\/evolv-zenist-lv\/\" \/>\n<meta property=\"og:locale\" content=\"vi_VN\" \/>\n<meta property=\"og:type\" content=\"article\" \/>\n<meta property=\"og:title\" content=\"Evolv Zenist LV - Push Climbing\" \/>\n<meta property=\"og:description\" content=\"Introducing Evolv LV Women&#039;s climbing shoe - designed for competitive climbers seeking maximum feedback for precise foot placements and delicate heel &amp; toe hooks. The Vegan synthetic upper, built on an aggressively profiled last, ensures a powerful foot position and minimal stretching over time. The rubber midsole in the Zenist offers ideal rigidity without compromising sensitivity. In competitions, your shoe&#039;s feedback can be the deciding factor between winning and simply competing.  &nbsp;    &nbsp;  *Evolv Size Guide.\" \/>\n<meta property=\"og:url\" content=\"https:\/\/pushclimbing.vn\/vi\/san-pham\/evolv-zenist-lv\/\" \/>\n<meta property=\"og:site_name\" content=\"Push Climbing\" \/>\n<meta property=\"article:publisher\" content=\"https:\/\/www.facebook.com\/pushrockclimbing\" \/>\n<meta property=\"article:modified_time\" content=\"2025-03-20T03:33:33+00:00\" \/>\n<meta property=\"og:image\" content=\"https:\/\/pushclimbing.vn\/wp-content\/uploads\/2023\/07\/12d6a8d7-7e5a-46dd-b208-9d625035b5ec_evolv.jpg\" \/>\n\t<meta property=\"og:image:width\" content=\"1500\" \/>\n\t<meta property=\"og:image:height\" content=\"1500\" \/>\n\t<meta property=\"og:image:type\" content=\"image\/jpeg\" \/>\n<meta name=\"twitter:card\" content=\"summary_large_image\" \/>\n<script type=\"application\/ld+json\" class=\"yoast-schema-graph\">{\"@context\":\"https:\\\/\\\/schema.org\",\"@graph\":[{\"@type\":\"WebPage\",\"@id\":\"https:\\\/\\\/pushclimbing.vn\\\/product\\\/evolv-zenist-lv\\\/\",\"url\":\"https:\\\/\\\/pushclimbing.vn\\\/product\\\/evolv-zenist-lv\\\/\",\"name\":\"Evolv Zenist LV - Push Climbing\",\"isPartOf\":{\"@id\":\"https:\\\/\\\/pushclimbing.vn\\\/#website\"},\"primaryImageOfPage\":{\"@id\":\"https:\\\/\\\/pushclimbing.vn\\\/product\\\/evolv-zenist-lv\\\/#primaryimage\"},\"image\":{\"@id\":\"https:\\\/\\\/pushclimbing.vn\\\/product\\\/evolv-zenist-lv\\\/#primaryimage\"},\"thumbnailUrl\":\"https:\\\/\\\/pushclimbing.vn\\\/wp-content\\\/uploads\\\/2023\\\/07\\\/12d6a8d7-7e5a-46dd-b208-9d625035b5ec_evolv.jpg\",\"datePublished\":\"2023-07-26T09:42:41+00:00\",\"dateModified\":\"2025-03-20T03:33:33+00:00\",\"breadcrumb\":{\"@id\":\"https:\\\/\\\/pushclimbing.vn\\\/product\\\/evolv-zenist-lv\\\/#breadcrumb\"},\"inLanguage\":\"vi\",\"potentialAction\":[{\"@type\":\"ReadAction\",\"target\":[\"https:\\\/\\\/pushclimbing.vn\\\/product\\\/evolv-zenist-lv\\\/\"]}]},{\"@type\":\"ImageObject\",\"inLanguage\":\"vi\",\"@id\":\"https:\\\/\\\/pushclimbing.vn\\\/product\\\/evolv-zenist-lv\\\/#primaryimage\",\"url\":\"https:\\\/\\\/pushclimbing.vn\\\/wp-content\\\/uploads\\\/2023\\\/07\\\/12d6a8d7-7e5a-46dd-b208-9d625035b5ec_evolv.jpg\",\"contentUrl\":\"https:\\\/\\\/pushclimbing.vn\\\/wp-content\\\/uploads\\\/2023\\\/07\\\/12d6a8d7-7e5a-46dd-b208-9d625035b5ec_evolv.jpg\",\"width\":1500,\"height\":1500},{\"@type\":\"BreadcrumbList\",\"@id\":\"https:\\\/\\\/pushclimbing.vn\\\/product\\\/evolv-zenist-lv\\\/#breadcrumb\",\"itemListElement\":[{\"@type\":\"ListItem\",\"position\":1,\"name\":\"Home\",\"item\":\"https:\\\/\\\/pushclimbing.vn\\\/\"},{\"@type\":\"ListItem\",\"position\":2,\"name\":\"Shop\",\"item\":\"https:\\\/\\\/pushclimbing.vn\\\/shop\\\/\"},{\"@type\":\"ListItem\",\"position\":3,\"name\":\"Evolv Zenist LV\"}]},{\"@type\":\"WebSite\",\"@id\":\"https:\\\/\\\/pushclimbing.vn\\\/#website\",\"url\":\"https:\\\/\\\/pushclimbing.vn\\\/\",\"name\":\"Push Climbing\",\"description\":\"Conquer Your Mountain\",\"publisher\":{\"@id\":\"https:\\\/\\\/pushclimbing.vn\\\/#organization\"},\"potentialAction\":[{\"@type\":\"SearchAction\",\"target\":{\"@type\":\"EntryPoint\",\"urlTemplate\":\"https:\\\/\\\/pushclimbing.vn\\\/?s={search_term_string}\"},\"query-input\":{\"@type\":\"PropertyValueSpecification\",\"valueRequired\":true,\"valueName\":\"search_term_string\"}}],\"inLanguage\":\"vi\"},{\"@type\":\"Organization\",\"@id\":\"https:\\\/\\\/pushclimbing.vn\\\/#organization\",\"name\":\"Push Climbing\",\"url\":\"https:\\\/\\\/pushclimbing.vn\\\/\",\"logo\":{\"@type\":\"ImageObject\",\"inLanguage\":\"vi\",\"@id\":\"https:\\\/\\\/pushclimbing.vn\\\/#\\\/schema\\\/logo\\\/image\\\/\",\"url\":\"https:\\\/\\\/pushclimbing.vn\\\/wp-content\\\/uploads\\\/2022\\\/07\\\/push-logo-canvas.png\",\"contentUrl\":\"https:\\\/\\\/pushclimbing.vn\\\/wp-content\\\/uploads\\\/2022\\\/07\\\/push-logo-canvas.png\",\"width\":400,\"height\":400,\"caption\":\"Push Climbing\"},\"image\":{\"@id\":\"https:\\\/\\\/pushclimbing.vn\\\/#\\\/schema\\\/logo\\\/image\\\/\"},\"sameAs\":[\"https:\\\/\\\/www.facebook.com\\\/pushrockclimbing\"]}]}<\/script>\n<!-- \/ Yoast SEO plugin. -->","yoast_head_json":{"title":"Evolv Zenist LV - Push Climbing","robots":{"index":"index","follow":"follow","max-snippet":"max-snippet:-1","max-image-preview":"max-image-preview:large","max-video-preview":"max-video-preview:-1"},"canonical":"https:\/\/pushclimbing.vn\/vi\/san-pham\/evolv-zenist-lv\/","og_locale":"vi_VN","og_type":"article","og_title":"Evolv Zenist LV - Push Climbing","og_description":"Introducing Evolv LV Women's climbing shoe - designed for competitive climbers seeking maximum feedback for precise foot placements and delicate heel &amp; toe hooks. The Vegan synthetic upper, built on an aggressively profiled last, ensures a powerful foot position and minimal stretching over time. The rubber midsole in the Zenist offers ideal rigidity without compromising sensitivity. In competitions, your shoe's feedback can be the deciding factor between winning and simply competing.  &nbsp;    &nbsp;  *Evolv Size Guide.","og_url":"https:\/\/pushclimbing.vn\/vi\/san-pham\/evolv-zenist-lv\/","og_site_name":"Push Climbing","article_publisher":"https:\/\/www.facebook.com\/pushrockclimbing","article_modified_time":"2025-03-20T03:33:33+00:00","og_image":[{"width":1500,"height":1500,"url":"https:\/\/pushclimbing.vn\/wp-content\/uploads\/2023\/07\/12d6a8d7-7e5a-46dd-b208-9d625035b5ec_evolv.jpg","type":"image\/jpeg"}],"twitter_card":"summary_large_image","schema":{"@context":"https:\/\/schema.org","@graph":[{"@type":"WebPage","@id":"https:\/\/pushclimbing.vn\/product\/evolv-zenist-lv\/","url":"https:\/\/pushclimbing.vn\/product\/evolv-zenist-lv\/","name":"Evolv Zenist LV - Push Climbing","isPartOf":{"@id":"https:\/\/pushclimbing.vn\/#website"},"primaryImageOfPage":{"@id":"https:\/\/pushclimbing.vn\/product\/evolv-zenist-lv\/#primaryimage"},"image":{"@id":"https:\/\/pushclimbing.vn\/product\/evolv-zenist-lv\/#primaryimage"},"thumbnailUrl":"https:\/\/pushclimbing.vn\/wp-content\/uploads\/2023\/07\/12d6a8d7-7e5a-46dd-b208-9d625035b5ec_evolv.jpg","datePublished":"2023-07-26T09:42:41+00:00","dateModified":"2025-03-20T03:33:33+00:00","breadcrumb":{"@id":"https:\/\/pushclimbing.vn\/product\/evolv-zenist-lv\/#breadcrumb"},"inLanguage":"vi","potentialAction":[{"@type":"ReadAction","target":["https:\/\/pushclimbing.vn\/product\/evolv-zenist-lv\/"]}]},{"@type":"ImageObject","inLanguage":"vi","@id":"https:\/\/pushclimbing.vn\/product\/evolv-zenist-lv\/#primaryimage","url":"https:\/\/pushclimbing.vn\/wp-content\/uploads\/2023\/07\/12d6a8d7-7e5a-46dd-b208-9d625035b5ec_evolv.jpg","contentUrl":"https:\/\/pushclimbing.vn\/wp-content\/uploads\/2023\/07\/12d6a8d7-7e5a-46dd-b208-9d625035b5ec_evolv.jpg","width":1500,"height":1500},{"@type":"BreadcrumbList","@id":"https:\/\/pushclimbing.vn\/product\/evolv-zenist-lv\/#breadcrumb","itemListElement":[{"@type":"ListItem","position":1,"name":"Home","item":"https:\/\/pushclimbing.vn\/"},{"@type":"ListItem","position":2,"name":"Shop","item":"https:\/\/pushclimbing.vn\/shop\/"},{"@type":"ListItem","position":3,"name":"Evolv Zenist LV"}]},{"@type":"WebSite","@id":"https:\/\/pushclimbing.vn\/#website","url":"https:\/\/pushclimbing.vn\/","name":"Push Climbing","description":"Conquer Your Mountain","publisher":{"@id":"https:\/\/pushclimbing.vn\/#organization"},"potentialAction":[{"@type":"SearchAction","target":{"@type":"EntryPoint","urlTemplate":"https:\/\/pushclimbing.vn\/?s={search_term_string}"},"query-input":{"@type":"PropertyValueSpecification","valueRequired":true,"valueName":"search_term_string"}}],"inLanguage":"vi"},{"@type":"Organization","@id":"https:\/\/pushclimbing.vn\/#organization","name":"Push Climbing","url":"https:\/\/pushclimbing.vn\/","logo":{"@type":"ImageObject","inLanguage":"vi","@id":"https:\/\/pushclimbing.vn\/#\/schema\/logo\/image\/","url":"https:\/\/pushclimbing.vn\/wp-content\/uploads\/2022\/07\/push-logo-canvas.png","contentUrl":"https:\/\/pushclimbing.vn\/wp-content\/uploads\/2022\/07\/push-logo-canvas.png","width":400,"height":400,"caption":"Push Climbing"},"image":{"@id":"https:\/\/pushclimbing.vn\/#\/schema\/logo\/image\/"},"sameAs":["https:\/\/www.facebook.com\/pushrockclimbing"]}]}},"_links":{"self":[{"href":"https:\/\/pushclimbing.vn\/vi\/wp-json\/wp\/v2\/product\/27552","targetHints":{"allow":["GET"]}}],"collection":[{"href":"https:\/\/pushclimbing.vn\/vi\/wp-json\/wp\/v2\/product"}],"about":[{"href":"https:\/\/pushclimbing.vn\/vi\/wp-json\/wp\/v2\/types\/product"}],"replies":[{"embeddable":true,"href":"https:\/\/pushclimbing.vn\/vi\/wp-json\/wp\/v2\/comments?post=27552"}],"wp:featuredmedia":[{"embeddable":true,"href":"https:\/\/pushclimbing.vn\/vi\/wp-json\/wp\/v2\/media\/27494"}],"wp:attachment":[{"href":"https:\/\/pushclimbing.vn\/vi\/wp-json\/wp\/v2\/media?parent=27552"}],"wp:term":[{"taxonomy":"product_brand","embeddable":true,"href":"https:\/\/pushclimbing.vn\/vi\/wp-json\/wp\/v2\/product_brand?post=27552"},{"taxonomy":"product_cat","embeddable":true,"href":"https:\/\/pushclimbing.vn\/vi\/wp-json\/wp\/v2\/product_cat?post=27552"},{"taxonomy":"product_tag","embeddable":true,"href":"https:\/\/pushclimbing.vn\/vi\/wp-json\/wp\/v2\/product_tag?post=27552"}],"curies":[{"name":"wp","href":"https:\/\/api.w.org\/{rel}","templated":true}]}}