{"id":27544,"date":"2023-07-26T16:33:34","date_gmt":"2023-07-26T09:33:34","guid":{"rendered":"https:\/\/pushclimbing.vn\/?post_type=product&#038;p=27544"},"modified":"2025-03-20T10:33:43","modified_gmt":"2025-03-20T03:33:43","slug":"evolv-zenist-mens","status":"publish","type":"product","link":"https:\/\/pushclimbing.vn\/vi\/san-pham\/evolv-zenist-mens\/","title":{"rendered":"Evolv Zenist HV"},"content":{"rendered":"<div class=\"fusion-fullwidth fullwidth-box fusion-builder-row-1 fusion-flex-container nonhundred-percent-fullwidth non-hundred-percent-height-scrolling\" style=\"--awb-border-radius-top-left:0px;--awb-border-radius-top-right:0px;--awb-border-radius-bottom-right:0px;--awb-border-radius-bottom-left:0px;--awb-flex-wrap:wrap;\" ><div class=\"fusion-builder-row fusion-row fusion-flex-align-items-flex-start fusion-flex-content-wrap\" style=\"max-width:1216.8px;margin-left: calc(-4% \/ 2 );margin-right: calc(-4% \/ 2 );\"><div class=\"fusion-layout-column fusion_builder_column fusion-builder-column-0 fusion_builder_column_1_1 1_1 fusion-flex-column\" style=\"--awb-bg-size:cover;--awb-width-large:100%;--awb-margin-top-large:0px;--awb-spacing-right-large:1.92%;--awb-margin-bottom-large:0px;--awb-spacing-left-large:1.92%;--awb-width-medium:100%;--awb-spacing-right-medium:1.92%;--awb-spacing-left-medium:1.92%;--awb-width-small:100%;--awb-spacing-right-small:1.92%;--awb-spacing-left-small:1.92%;\"><div class=\"fusion-column-wrapper fusion-flex-justify-content-flex-start fusion-content-layout-column\"><div class=\"fusion-text fusion-text-1\"><p><strong>TH\u00d4NG S\u1ed0 K\u1ef8 THU\u1eacT<\/strong><br \/>\nC\u00e1ch \u0111\u00f3ng: D\u00e2y \u0111eo<br \/>\nGi\u1edbi t\u00ednh: Unisex<br \/>\nCh\u1ea5t li\u1ec7u: T\u1ed5ng h\u1ee3p<br \/>\nMidsole: MX-R : 1.0mm half length rubber midsole<br \/>\nOutsole: 4.2mm TRAX\u00aeSAS outsole<\/p>\n<\/div><\/div><\/div><\/div><\/div>","protected":false},"excerpt":{"rendered":"<p><em>*Gi\u00e0y c\u00f3 s\u1eb5n t\u1ea1i c\u1eeda h\u00e0ng. Vui l\u00f2ng li\u00ean h\u1ec7 tr\u01b0\u1edbc khi \u0111\u1ebfn.<\/em><strong><br \/>\nGi\u00e0y Evolv Zenist Men\u2019s<\/strong>\u00a0\u0111\u01b0\u1ee3c thi\u1ebft k\u1ebf d\u00e0nh cho nh\u1eefng v\u1eadn \u0111\u1ed9ng vi\u00ean thi \u0111\u1ea5u c\u1ea7n t\u1ed1i \u0111a ph\u1ea3n h\u1ed3i t\u1eeb gi\u00e0y trong c\u00e1c \u0111\u1eb7t ch\u00e2n ch\u00ednh x\u00e1c v\u00e0 c\u00e1c \u0111\u00f2n g\u00f3t v\u00e0 ng\u00f3n ch\u00e2n nh\u1ea1y c\u1ea3m. Ph\u1ea7n tr\u00ean b\u1eb1ng t\u1ed5ng h\u1ee3p ch\u1ea5t li\u1ec7u kh\u00f4ng ch\u1ee9a ch\u1ea5t \u0111\u1ed9ng v\u1eadt, \u0111\u01b0\u1ee3c x\u00e2y d\u1ef1ng tr\u00ean l\u1ed1i thi\u1ebft k\u1ebf g\u00f3t ch\u00e2n s\u1eafc n\u00e9t \u0111\u1ec3 \u0111\u1ea3m b\u1ea3o ch\u00e2n lu\u00f4n \u0111\u1eb7t \u1edf t\u01b0 th\u1ebf m\u1ea1nh m\u1ebd v\u00e0 gi\u00e0y kh\u00f4ng b\u1ecb co d\u00e3n qu\u00e1 nhi\u1ec1u theo th\u1eddi gian. \u0110\u1ebf gi\u1eefa c\u1ee7a gi\u00e0y Zenist l\u00e0 cao su, cung c\u1ea5p \u0111\u1ed9 c\u1ee9ng ph\u00f9 h\u1ee3p m\u00e0 v\u1eabn gi\u1eef \u0111\u01b0\u1ee3c t\u00ednh nh\u1ea1y c\u1ea3m. Khi thi \u0111\u1ea5u, s\u1ef1 ph\u1ea3n h\u1ed3i t\u1eeb gi\u00e0y c\u00f3 th\u1ec3 l\u00e0 y\u1ebfu t\u1ed1 quy\u1ebft \u0111\u1ecbnh gi\u1eefa chi\u1ebfn th\u1eafng v\u00e0 tham gia tranh t\u00e0i.<\/p>\n<p>&nbsp;<\/p>\n<p><img decoding=\"async\" class=\"size-full wp-image-27530 alignleft\" src=\"https:\/\/pushclimbing.vn\/wp-content\/uploads\/2023\/07\/download.png\" alt=\"\" width=\"443\" height=\"114\" srcset=\"https:\/\/pushclimbing.vn\/wp-content\/uploads\/2023\/07\/download-18x5.png 18w, https:\/\/pushclimbing.vn\/wp-content\/uploads\/2023\/07\/download-200x51.png 200w, https:\/\/pushclimbing.vn\/wp-content\/uploads\/2023\/07\/download-300x77.png 300w, https:\/\/pushclimbing.vn\/wp-content\/uploads\/2023\/07\/download-400x103.png 400w, https:\/\/pushclimbing.vn\/wp-content\/uploads\/2023\/07\/download.png 443w\" sizes=\"(max-width: 443px) 100vw, 443px\" \/><\/p>\n<p>&nbsp;<\/p>\n<p>&nbsp;<\/p>\n<p>&nbsp;<\/p>\n<p>&nbsp;<\/p>\n<p><a href=\"https:\/\/pushclimbing.vn\/wp-content\/uploads\/2023\/07\/Evolv-Defy-Size-Guide.pdf\">*Evolv Size Guide<\/a><\/p>","protected":false},"featured_media":27550,"comment_status":"open","ping_status":"closed","template":"","meta":{"_acf_changed":false},"product_brand":[1015],"product_cat":[1023,1024],"product_tag":[21,692,51,688,468,695],"class_list":{"0":"post-27544","1":"product","2":"type-product","3":"status-publish","4":"has-post-thumbnail","6":"product_brand-evolv","7":"product_cat-climbing","8":"product_cat-shoes","9":"product_tag-climbing-shoes","10":"product_tag-evolv","11":"product_tag-giay-leo-nui","12":"product_tag-giay-leo-nui-trong-nha","13":"product_tag-shoes","14":"product_tag-zenist","16":"first","17":"onbackorder","18":"taxable","19":"shipping-taxable","20":"product-type-variable"},"acf":[],"yoast_head":"<!-- This site is optimized with the Yoast SEO plugin v27.3 - https:\/\/yoast.com\/product\/yoast-seo-wordpress\/ -->\n<title>Evolv Zenist HV - Push Climbing<\/title>\n<meta name=\"robots\" content=\"index, follow, max-snippet:-1, max-image-preview:large, max-video-preview:-1\" \/>\n<link rel=\"canonical\" href=\"https:\/\/pushclimbing.vn\/vi\/san-pham\/evolv-zenist-mens\/\" \/>\n<meta property=\"og:locale\" content=\"vi_VN\" \/>\n<meta property=\"og:type\" content=\"article\" \/>\n<meta property=\"og:title\" content=\"Evolv Zenist HV - Push Climbing\" \/>\n<meta property=\"og:description\" content=\"*Available Stock at Store to try on. Contact to us in advance. The Evolv Zenist Men&#039;s climbing shoes\u00a0is designed for competitive climbers who require maximum feedback from their shoes for precise foot placements and delicate heel &amp; toe hooks. The Vegan synthetic upper, built on an aggressively profiled last, ensures that your foot remains in a powerful position and the shoe maintains its shape over time. The Zenist features a rubber midsole that provides the right amount of rigidity without sacrificing sensitivity. In competition, the feedback from your shoes can make the difference between winning and competing.  &nbsp;    &nbsp;  &nbsp;  &nbsp;  &nbsp;  *Evolv Size Guide\" \/>\n<meta property=\"og:url\" content=\"https:\/\/pushclimbing.vn\/vi\/san-pham\/evolv-zenist-mens\/\" \/>\n<meta property=\"og:site_name\" content=\"Push Climbing\" \/>\n<meta property=\"article:publisher\" content=\"https:\/\/www.facebook.com\/pushrockclimbing\" \/>\n<meta property=\"article:modified_time\" content=\"2025-03-20T03:33:43+00:00\" \/>\n<meta property=\"og:image\" content=\"https:\/\/pushclimbing.vn\/wp-content\/uploads\/2023\/07\/564bf862-5394-44bf-90a4-433d9ffa1f77_evolv-1.jpg\" \/>\n\t<meta property=\"og:image:width\" content=\"1500\" \/>\n\t<meta property=\"og:image:height\" content=\"1500\" \/>\n\t<meta property=\"og:image:type\" content=\"image\/jpeg\" \/>\n<meta name=\"twitter:card\" content=\"summary_large_image\" \/>\n<meta name=\"twitter:label1\" content=\"\u01af\u1edbc t\u00ednh th\u1eddi gian \u0111\u1ecdc\" \/>\n\t<meta name=\"twitter:data1\" content=\"1 ph\u00fat\" \/>\n<script type=\"application\/ld+json\" class=\"yoast-schema-graph\">{\"@context\":\"https:\\\/\\\/schema.org\",\"@graph\":[{\"@type\":\"WebPage\",\"@id\":\"https:\\\/\\\/pushclimbing.vn\\\/product\\\/evolv-zenist-mens\\\/\",\"url\":\"https:\\\/\\\/pushclimbing.vn\\\/product\\\/evolv-zenist-mens\\\/\",\"name\":\"Evolv Zenist HV - Push Climbing\",\"isPartOf\":{\"@id\":\"https:\\\/\\\/pushclimbing.vn\\\/#website\"},\"primaryImageOfPage\":{\"@id\":\"https:\\\/\\\/pushclimbing.vn\\\/product\\\/evolv-zenist-mens\\\/#primaryimage\"},\"image\":{\"@id\":\"https:\\\/\\\/pushclimbing.vn\\\/product\\\/evolv-zenist-mens\\\/#primaryimage\"},\"thumbnailUrl\":\"https:\\\/\\\/pushclimbing.vn\\\/wp-content\\\/uploads\\\/2023\\\/07\\\/564bf862-5394-44bf-90a4-433d9ffa1f77_evolv-1.jpg\",\"datePublished\":\"2023-07-26T09:33:34+00:00\",\"dateModified\":\"2025-03-20T03:33:43+00:00\",\"breadcrumb\":{\"@id\":\"https:\\\/\\\/pushclimbing.vn\\\/product\\\/evolv-zenist-mens\\\/#breadcrumb\"},\"inLanguage\":\"vi\",\"potentialAction\":[{\"@type\":\"ReadAction\",\"target\":[\"https:\\\/\\\/pushclimbing.vn\\\/product\\\/evolv-zenist-mens\\\/\"]}]},{\"@type\":\"ImageObject\",\"inLanguage\":\"vi\",\"@id\":\"https:\\\/\\\/pushclimbing.vn\\\/product\\\/evolv-zenist-mens\\\/#primaryimage\",\"url\":\"https:\\\/\\\/pushclimbing.vn\\\/wp-content\\\/uploads\\\/2023\\\/07\\\/564bf862-5394-44bf-90a4-433d9ffa1f77_evolv-1.jpg\",\"contentUrl\":\"https:\\\/\\\/pushclimbing.vn\\\/wp-content\\\/uploads\\\/2023\\\/07\\\/564bf862-5394-44bf-90a4-433d9ffa1f77_evolv-1.jpg\",\"width\":1500,\"height\":1500},{\"@type\":\"BreadcrumbList\",\"@id\":\"https:\\\/\\\/pushclimbing.vn\\\/product\\\/evolv-zenist-mens\\\/#breadcrumb\",\"itemListElement\":[{\"@type\":\"ListItem\",\"position\":1,\"name\":\"Home\",\"item\":\"https:\\\/\\\/pushclimbing.vn\\\/\"},{\"@type\":\"ListItem\",\"position\":2,\"name\":\"Shop\",\"item\":\"https:\\\/\\\/pushclimbing.vn\\\/shop\\\/\"},{\"@type\":\"ListItem\",\"position\":3,\"name\":\"Evolv Zenist HV\"}]},{\"@type\":\"WebSite\",\"@id\":\"https:\\\/\\\/pushclimbing.vn\\\/#website\",\"url\":\"https:\\\/\\\/pushclimbing.vn\\\/\",\"name\":\"Push Climbing\",\"description\":\"Conquer Your Mountain\",\"publisher\":{\"@id\":\"https:\\\/\\\/pushclimbing.vn\\\/#organization\"},\"potentialAction\":[{\"@type\":\"SearchAction\",\"target\":{\"@type\":\"EntryPoint\",\"urlTemplate\":\"https:\\\/\\\/pushclimbing.vn\\\/?s={search_term_string}\"},\"query-input\":{\"@type\":\"PropertyValueSpecification\",\"valueRequired\":true,\"valueName\":\"search_term_string\"}}],\"inLanguage\":\"vi\"},{\"@type\":\"Organization\",\"@id\":\"https:\\\/\\\/pushclimbing.vn\\\/#organization\",\"name\":\"Push Climbing\",\"url\":\"https:\\\/\\\/pushclimbing.vn\\\/\",\"logo\":{\"@type\":\"ImageObject\",\"inLanguage\":\"vi\",\"@id\":\"https:\\\/\\\/pushclimbing.vn\\\/#\\\/schema\\\/logo\\\/image\\\/\",\"url\":\"https:\\\/\\\/pushclimbing.vn\\\/wp-content\\\/uploads\\\/2022\\\/07\\\/push-logo-canvas.png\",\"contentUrl\":\"https:\\\/\\\/pushclimbing.vn\\\/wp-content\\\/uploads\\\/2022\\\/07\\\/push-logo-canvas.png\",\"width\":400,\"height\":400,\"caption\":\"Push Climbing\"},\"image\":{\"@id\":\"https:\\\/\\\/pushclimbing.vn\\\/#\\\/schema\\\/logo\\\/image\\\/\"},\"sameAs\":[\"https:\\\/\\\/www.facebook.com\\\/pushrockclimbing\"]}]}<\/script>\n<!-- \/ Yoast SEO plugin. -->","yoast_head_json":{"title":"Evolv Zenist HV - Push Climbing","robots":{"index":"index","follow":"follow","max-snippet":"max-snippet:-1","max-image-preview":"max-image-preview:large","max-video-preview":"max-video-preview:-1"},"canonical":"https:\/\/pushclimbing.vn\/vi\/san-pham\/evolv-zenist-mens\/","og_locale":"vi_VN","og_type":"article","og_title":"Evolv Zenist HV - Push Climbing","og_description":"*Available Stock at Store to try on. Contact to us in advance. The Evolv Zenist Men's climbing shoes\u00a0is designed for competitive climbers who require maximum feedback from their shoes for precise foot placements and delicate heel &amp; toe hooks. The Vegan synthetic upper, built on an aggressively profiled last, ensures that your foot remains in a powerful position and the shoe maintains its shape over time. The Zenist features a rubber midsole that provides the right amount of rigidity without sacrificing sensitivity. In competition, the feedback from your shoes can make the difference between winning and competing.  &nbsp;    &nbsp;  &nbsp;  &nbsp;  &nbsp;  *Evolv Size Guide","og_url":"https:\/\/pushclimbing.vn\/vi\/san-pham\/evolv-zenist-mens\/","og_site_name":"Push Climbing","article_publisher":"https:\/\/www.facebook.com\/pushrockclimbing","article_modified_time":"2025-03-20T03:33:43+00:00","og_image":[{"width":1500,"height":1500,"url":"https:\/\/pushclimbing.vn\/wp-content\/uploads\/2023\/07\/564bf862-5394-44bf-90a4-433d9ffa1f77_evolv-1.jpg","type":"image\/jpeg"}],"twitter_card":"summary_large_image","twitter_misc":{"\u01af\u1edbc t\u00ednh th\u1eddi gian \u0111\u1ecdc":"1 ph\u00fat"},"schema":{"@context":"https:\/\/schema.org","@graph":[{"@type":"WebPage","@id":"https:\/\/pushclimbing.vn\/product\/evolv-zenist-mens\/","url":"https:\/\/pushclimbing.vn\/product\/evolv-zenist-mens\/","name":"Evolv Zenist HV - Push Climbing","isPartOf":{"@id":"https:\/\/pushclimbing.vn\/#website"},"primaryImageOfPage":{"@id":"https:\/\/pushclimbing.vn\/product\/evolv-zenist-mens\/#primaryimage"},"image":{"@id":"https:\/\/pushclimbing.vn\/product\/evolv-zenist-mens\/#primaryimage"},"thumbnailUrl":"https:\/\/pushclimbing.vn\/wp-content\/uploads\/2023\/07\/564bf862-5394-44bf-90a4-433d9ffa1f77_evolv-1.jpg","datePublished":"2023-07-26T09:33:34+00:00","dateModified":"2025-03-20T03:33:43+00:00","breadcrumb":{"@id":"https:\/\/pushclimbing.vn\/product\/evolv-zenist-mens\/#breadcrumb"},"inLanguage":"vi","potentialAction":[{"@type":"ReadAction","target":["https:\/\/pushclimbing.vn\/product\/evolv-zenist-mens\/"]}]},{"@type":"ImageObject","inLanguage":"vi","@id":"https:\/\/pushclimbing.vn\/product\/evolv-zenist-mens\/#primaryimage","url":"https:\/\/pushclimbing.vn\/wp-content\/uploads\/2023\/07\/564bf862-5394-44bf-90a4-433d9ffa1f77_evolv-1.jpg","contentUrl":"https:\/\/pushclimbing.vn\/wp-content\/uploads\/2023\/07\/564bf862-5394-44bf-90a4-433d9ffa1f77_evolv-1.jpg","width":1500,"height":1500},{"@type":"BreadcrumbList","@id":"https:\/\/pushclimbing.vn\/product\/evolv-zenist-mens\/#breadcrumb","itemListElement":[{"@type":"ListItem","position":1,"name":"Home","item":"https:\/\/pushclimbing.vn\/"},{"@type":"ListItem","position":2,"name":"Shop","item":"https:\/\/pushclimbing.vn\/shop\/"},{"@type":"ListItem","position":3,"name":"Evolv Zenist HV"}]},{"@type":"WebSite","@id":"https:\/\/pushclimbing.vn\/#website","url":"https:\/\/pushclimbing.vn\/","name":"Push Climbing","description":"Conquer Your Mountain","publisher":{"@id":"https:\/\/pushclimbing.vn\/#organization"},"potentialAction":[{"@type":"SearchAction","target":{"@type":"EntryPoint","urlTemplate":"https:\/\/pushclimbing.vn\/?s={search_term_string}"},"query-input":{"@type":"PropertyValueSpecification","valueRequired":true,"valueName":"search_term_string"}}],"inLanguage":"vi"},{"@type":"Organization","@id":"https:\/\/pushclimbing.vn\/#organization","name":"Push Climbing","url":"https:\/\/pushclimbing.vn\/","logo":{"@type":"ImageObject","inLanguage":"vi","@id":"https:\/\/pushclimbing.vn\/#\/schema\/logo\/image\/","url":"https:\/\/pushclimbing.vn\/wp-content\/uploads\/2022\/07\/push-logo-canvas.png","contentUrl":"https:\/\/pushclimbing.vn\/wp-content\/uploads\/2022\/07\/push-logo-canvas.png","width":400,"height":400,"caption":"Push Climbing"},"image":{"@id":"https:\/\/pushclimbing.vn\/#\/schema\/logo\/image\/"},"sameAs":["https:\/\/www.facebook.com\/pushrockclimbing"]}]}},"_links":{"self":[{"href":"https:\/\/pushclimbing.vn\/vi\/wp-json\/wp\/v2\/product\/27544","targetHints":{"allow":["GET"]}}],"collection":[{"href":"https:\/\/pushclimbing.vn\/vi\/wp-json\/wp\/v2\/product"}],"about":[{"href":"https:\/\/pushclimbing.vn\/vi\/wp-json\/wp\/v2\/types\/product"}],"replies":[{"embeddable":true,"href":"https:\/\/pushclimbing.vn\/vi\/wp-json\/wp\/v2\/comments?post=27544"}],"wp:featuredmedia":[{"embeddable":true,"href":"https:\/\/pushclimbing.vn\/vi\/wp-json\/wp\/v2\/media\/27550"}],"wp:attachment":[{"href":"https:\/\/pushclimbing.vn\/vi\/wp-json\/wp\/v2\/media?parent=27544"}],"wp:term":[{"taxonomy":"product_brand","embeddable":true,"href":"https:\/\/pushclimbing.vn\/vi\/wp-json\/wp\/v2\/product_brand?post=27544"},{"taxonomy":"product_cat","embeddable":true,"href":"https:\/\/pushclimbing.vn\/vi\/wp-json\/wp\/v2\/product_cat?post=27544"},{"taxonomy":"product_tag","embeddable":true,"href":"https:\/\/pushclimbing.vn\/vi\/wp-json\/wp\/v2\/product_tag?post=27544"}],"curies":[{"name":"wp","href":"https:\/\/api.w.org\/{rel}","templated":true}]}}