{"id":27531,"date":"2023-07-26T16:10:19","date_gmt":"2023-07-26T09:10:19","guid":{"rendered":"https:\/\/pushclimbing.vn\/?post_type=product&#038;p=27531"},"modified":"2025-03-20T10:33:53","modified_gmt":"2025-03-20T03:33:53","slug":"evolv-elektra","status":"publish","type":"product","link":"https:\/\/pushclimbing.vn\/vi\/san-pham\/evolv-elektra\/","title":{"rendered":"Evolv ELEKTRA\u00ae"},"content":{"rendered":"<div class=\"fusion-fullwidth fullwidth-box fusion-builder-row-1 fusion-flex-container nonhundred-percent-fullwidth non-hundred-percent-height-scrolling\" style=\"--awb-border-radius-top-left:0px;--awb-border-radius-top-right:0px;--awb-border-radius-bottom-right:0px;--awb-border-radius-bottom-left:0px;--awb-flex-wrap:wrap;\" ><div class=\"fusion-builder-row fusion-row fusion-flex-align-items-flex-start fusion-flex-content-wrap\" style=\"max-width:1216.8px;margin-left: calc(-4% \/ 2 );margin-right: calc(-4% \/ 2 );\"><div class=\"fusion-layout-column fusion_builder_column fusion-builder-column-0 fusion_builder_column_1_1 1_1 fusion-flex-column\" style=\"--awb-bg-size:cover;--awb-width-large:100%;--awb-margin-top-large:0px;--awb-spacing-right-large:1.92%;--awb-margin-bottom-large:0px;--awb-spacing-left-large:1.92%;--awb-width-medium:100%;--awb-spacing-right-medium:1.92%;--awb-spacing-left-medium:1.92%;--awb-width-small:100%;--awb-spacing-right-small:1.92%;--awb-spacing-left-small:1.92%;\"><div class=\"fusion-column-wrapper fusion-flex-justify-content-flex-start fusion-content-layout-column\"><div class=\"fusion-text fusion-text-1\"><p><strong>TH\u00d4NG S\u1ed0 K\u1ef8 THU\u1eacT<\/strong><\/p>\n<ul>\n<li>C\u00e1ch \u0111\u00f3ng: D\u00e2y \u0111eo<\/li>\n<li>Gi\u1edbi t\u00ednh: Unisex<\/li>\n<li>Ch\u1ea5t li\u1ec7u: T\u1ed5ng h\u1ee3p<\/li>\n<li>\u0110\u1ebf gi\u1eefa: 1.4mm Sensitive Full-Length<\/li>\n<li>\u0110\u1ebf ngo\u00e0i: 4.2mm TRAX\u00ae SAS<\/li>\n<li>Ch\u1ea5t li\u1ec7u th\u00e2n thi\u1ec7n v\u1edbi m\u00f4i tr\u01b0\u1eddng: C\u00f3<\/li>\n<\/ul>\n<\/div><\/div><\/div><\/div><\/div>","protected":false},"excerpt":{"rendered":"<p><strong>Evolv ELEKTRA\u00ae <\/strong>\u0111\u01b0\u1ee3c thi\u1ebft k\u1ebf d\u00e0nh cho nh\u1eefng ng\u01b0\u1eddi leo n\u00fai c\u00f3 b\u00e0n ch\u00e2n nh\u1ecf v\u00e0 h\u1eb9p, mang \u0111\u1ebfn s\u1ef1 v\u1eeba v\u1eb7n tho\u1ea3i m\u00e1i v\u00e0 hi\u1ec7u su\u1ea5t v\u1eeba ph\u1ea3i. Ph\u1ea7n tr\u00ean \u0111\u01a1n l\u1edbp ch\u1ea5t li\u1ec7u t\u1ed5ng h\u1ee3p vegan \u0111\u01b0\u1ee3c thi\u1ebft k\u1ebf l\u1ed7 th\u00f4ng h\u01a1i \u0111\u1ec3 \u0111\u1ea3m b\u1ea3o tho\u00e1ng kh\u00ed v\u00e0 gi\u1eef cho gi\u00e0y lu\u00f4n v\u1eeba v\u1eb7n qua th\u1eddi gian. V\u1edbi l\u1edbp \u0111\u1ebf trung t\u00e2m d\u00e0y 1mm v\u00e0 ng\u00f3n ch\u00e2n h\u01a1i kh\u00f4ng \u0111\u1ed1i x\u1ee9ng, Evolv Elektra cung c\u1ea5p n\u1ec1n t\u1ea3ng v\u1eefng ch\u1eafc \u0111\u1ec3 c\u1ea1nh tr\u00ean nh\u1eefng b\u1ec1 m\u1eb7t d\u1ecdc ho\u1eb7c t\u1ef1 tin \u0111\u1ed1i m\u1eb7t v\u1edbi c\u00e1c th\u1eed th\u00e1ch leo n\u00fai kh\u00f4ng \u0111\u1ee9ng th\u1eb3ng.<\/p>\n<p><img decoding=\"async\" class=\"alignnone size-full wp-image-27530\" src=\"https:\/\/pushclimbing.vn\/wp-content\/uploads\/2023\/07\/download.png\" alt=\"\" width=\"443\" height=\"114\" srcset=\"https:\/\/pushclimbing.vn\/wp-content\/uploads\/2023\/07\/download-18x5.png 18w, https:\/\/pushclimbing.vn\/wp-content\/uploads\/2023\/07\/download-200x51.png 200w, https:\/\/pushclimbing.vn\/wp-content\/uploads\/2023\/07\/download-300x77.png 300w, https:\/\/pushclimbing.vn\/wp-content\/uploads\/2023\/07\/download-400x103.png 400w, https:\/\/pushclimbing.vn\/wp-content\/uploads\/2023\/07\/download.png 443w\" sizes=\"(max-width: 443px) 100vw, 443px\" \/><\/p>\n<p><a href=\"https:\/\/pushclimbing.vn\/wp-content\/uploads\/2023\/07\/Evolv-Size-Guide.pdf\">*Evolv Elektra Size Guide.<\/a><\/p>","protected":false},"featured_media":27518,"comment_status":"open","ping_status":"closed","template":"","meta":{"_acf_changed":false},"product_brand":[1015],"product_cat":[1023,1024],"product_tag":[21,694,692,51,688,468],"class_list":{"0":"post-27531","1":"product","2":"type-product","3":"status-publish","4":"has-post-thumbnail","6":"product_brand-evolv","7":"product_cat-climbing","8":"product_cat-shoes","9":"product_tag-climbing-shoes","10":"product_tag-elektra","11":"product_tag-evolv","12":"product_tag-giay-leo-nui","13":"product_tag-giay-leo-nui-trong-nha","14":"product_tag-shoes","16":"first","17":"instock","18":"taxable","19":"shipping-taxable","20":"product-type-variable"},"acf":[],"yoast_head":"<!-- This site is optimized with the Yoast SEO plugin v27.3 - https:\/\/yoast.com\/product\/yoast-seo-wordpress\/ -->\n<title>Evolv ELEKTRA\u00ae - Push Climbing<\/title>\n<meta name=\"robots\" content=\"index, follow, max-snippet:-1, max-image-preview:large, max-video-preview:-1\" \/>\n<link rel=\"canonical\" href=\"https:\/\/pushclimbing.vn\/vi\/san-pham\/evolv-elektra\/\" \/>\n<meta property=\"og:locale\" content=\"vi_VN\" \/>\n<meta property=\"og:type\" content=\"article\" \/>\n<meta property=\"og:title\" content=\"Evolv ELEKTRA\u00ae - Push Climbing\" \/>\n<meta property=\"og:description\" content=\"The Evolv ELEKTRA\u00ae is designed for climbers with low volume and narrow feet, offering a comfortable fit and a touch of performance. The single-layer vegan synthetic upper is perforated for breathability and long-lasting snugness. With a 1 mm full-length midsole and a slightly asymmetric toe profile, the Elektra provides a sturdy platform for edging on vertical terrains or the confidence for your off-vertical climbing adventures.    *Evolv Elektra Size Guide.\" \/>\n<meta property=\"og:url\" content=\"https:\/\/pushclimbing.vn\/vi\/san-pham\/evolv-elektra\/\" \/>\n<meta property=\"og:site_name\" content=\"Push Climbing\" \/>\n<meta property=\"article:publisher\" content=\"https:\/\/www.facebook.com\/pushrockclimbing\" \/>\n<meta property=\"article:modified_time\" content=\"2025-03-20T03:33:53+00:00\" \/>\n<meta property=\"og:image\" content=\"https:\/\/pushclimbing.vn\/wp-content\/uploads\/2023\/07\/465a2272-604d-4467-b4da-c678a5d7fe3c_evolv_600x600.jpg\" \/>\n\t<meta property=\"og:image:width\" content=\"531\" \/>\n\t<meta property=\"og:image:height\" content=\"313\" \/>\n\t<meta property=\"og:image:type\" content=\"image\/jpeg\" \/>\n<meta name=\"twitter:card\" content=\"summary_large_image\" \/>\n<meta name=\"twitter:label1\" content=\"\u01af\u1edbc t\u00ednh th\u1eddi gian \u0111\u1ecdc\" \/>\n\t<meta name=\"twitter:data1\" content=\"1 ph\u00fat\" \/>\n<script type=\"application\/ld+json\" class=\"yoast-schema-graph\">{\"@context\":\"https:\\\/\\\/schema.org\",\"@graph\":[{\"@type\":\"WebPage\",\"@id\":\"https:\\\/\\\/pushclimbing.vn\\\/product\\\/evolv-elektra\\\/\",\"url\":\"https:\\\/\\\/pushclimbing.vn\\\/product\\\/evolv-elektra\\\/\",\"name\":\"Evolv ELEKTRA\u00ae - Push Climbing\",\"isPartOf\":{\"@id\":\"https:\\\/\\\/pushclimbing.vn\\\/#website\"},\"primaryImageOfPage\":{\"@id\":\"https:\\\/\\\/pushclimbing.vn\\\/product\\\/evolv-elektra\\\/#primaryimage\"},\"image\":{\"@id\":\"https:\\\/\\\/pushclimbing.vn\\\/product\\\/evolv-elektra\\\/#primaryimage\"},\"thumbnailUrl\":\"https:\\\/\\\/pushclimbing.vn\\\/wp-content\\\/uploads\\\/2023\\\/07\\\/465a2272-604d-4467-b4da-c678a5d7fe3c_evolv_600x600.jpg\",\"datePublished\":\"2023-07-26T09:10:19+00:00\",\"dateModified\":\"2025-03-20T03:33:53+00:00\",\"breadcrumb\":{\"@id\":\"https:\\\/\\\/pushclimbing.vn\\\/product\\\/evolv-elektra\\\/#breadcrumb\"},\"inLanguage\":\"vi\",\"potentialAction\":[{\"@type\":\"ReadAction\",\"target\":[\"https:\\\/\\\/pushclimbing.vn\\\/product\\\/evolv-elektra\\\/\"]}]},{\"@type\":\"ImageObject\",\"inLanguage\":\"vi\",\"@id\":\"https:\\\/\\\/pushclimbing.vn\\\/product\\\/evolv-elektra\\\/#primaryimage\",\"url\":\"https:\\\/\\\/pushclimbing.vn\\\/wp-content\\\/uploads\\\/2023\\\/07\\\/465a2272-604d-4467-b4da-c678a5d7fe3c_evolv_600x600.jpg\",\"contentUrl\":\"https:\\\/\\\/pushclimbing.vn\\\/wp-content\\\/uploads\\\/2023\\\/07\\\/465a2272-604d-4467-b4da-c678a5d7fe3c_evolv_600x600.jpg\",\"width\":531,\"height\":313},{\"@type\":\"BreadcrumbList\",\"@id\":\"https:\\\/\\\/pushclimbing.vn\\\/product\\\/evolv-elektra\\\/#breadcrumb\",\"itemListElement\":[{\"@type\":\"ListItem\",\"position\":1,\"name\":\"Home\",\"item\":\"https:\\\/\\\/pushclimbing.vn\\\/\"},{\"@type\":\"ListItem\",\"position\":2,\"name\":\"Shop\",\"item\":\"https:\\\/\\\/pushclimbing.vn\\\/shop\\\/\"},{\"@type\":\"ListItem\",\"position\":3,\"name\":\"Evolv ELEKTRA\u00ae\"}]},{\"@type\":\"WebSite\",\"@id\":\"https:\\\/\\\/pushclimbing.vn\\\/#website\",\"url\":\"https:\\\/\\\/pushclimbing.vn\\\/\",\"name\":\"Push Climbing\",\"description\":\"Conquer Your Mountain\",\"publisher\":{\"@id\":\"https:\\\/\\\/pushclimbing.vn\\\/#organization\"},\"potentialAction\":[{\"@type\":\"SearchAction\",\"target\":{\"@type\":\"EntryPoint\",\"urlTemplate\":\"https:\\\/\\\/pushclimbing.vn\\\/?s={search_term_string}\"},\"query-input\":{\"@type\":\"PropertyValueSpecification\",\"valueRequired\":true,\"valueName\":\"search_term_string\"}}],\"inLanguage\":\"vi\"},{\"@type\":\"Organization\",\"@id\":\"https:\\\/\\\/pushclimbing.vn\\\/#organization\",\"name\":\"Push Climbing\",\"url\":\"https:\\\/\\\/pushclimbing.vn\\\/\",\"logo\":{\"@type\":\"ImageObject\",\"inLanguage\":\"vi\",\"@id\":\"https:\\\/\\\/pushclimbing.vn\\\/#\\\/schema\\\/logo\\\/image\\\/\",\"url\":\"https:\\\/\\\/pushclimbing.vn\\\/wp-content\\\/uploads\\\/2022\\\/07\\\/push-logo-canvas.png\",\"contentUrl\":\"https:\\\/\\\/pushclimbing.vn\\\/wp-content\\\/uploads\\\/2022\\\/07\\\/push-logo-canvas.png\",\"width\":400,\"height\":400,\"caption\":\"Push Climbing\"},\"image\":{\"@id\":\"https:\\\/\\\/pushclimbing.vn\\\/#\\\/schema\\\/logo\\\/image\\\/\"},\"sameAs\":[\"https:\\\/\\\/www.facebook.com\\\/pushrockclimbing\"]}]}<\/script>\n<!-- \/ Yoast SEO plugin. -->","yoast_head_json":{"title":"Evolv ELEKTRA\u00ae - Push Climbing","robots":{"index":"index","follow":"follow","max-snippet":"max-snippet:-1","max-image-preview":"max-image-preview:large","max-video-preview":"max-video-preview:-1"},"canonical":"https:\/\/pushclimbing.vn\/vi\/san-pham\/evolv-elektra\/","og_locale":"vi_VN","og_type":"article","og_title":"Evolv ELEKTRA\u00ae - Push Climbing","og_description":"The Evolv ELEKTRA\u00ae is designed for climbers with low volume and narrow feet, offering a comfortable fit and a touch of performance. The single-layer vegan synthetic upper is perforated for breathability and long-lasting snugness. With a 1 mm full-length midsole and a slightly asymmetric toe profile, the Elektra provides a sturdy platform for edging on vertical terrains or the confidence for your off-vertical climbing adventures.    *Evolv Elektra Size Guide.","og_url":"https:\/\/pushclimbing.vn\/vi\/san-pham\/evolv-elektra\/","og_site_name":"Push Climbing","article_publisher":"https:\/\/www.facebook.com\/pushrockclimbing","article_modified_time":"2025-03-20T03:33:53+00:00","og_image":[{"width":531,"height":313,"url":"https:\/\/pushclimbing.vn\/wp-content\/uploads\/2023\/07\/465a2272-604d-4467-b4da-c678a5d7fe3c_evolv_600x600.jpg","type":"image\/jpeg"}],"twitter_card":"summary_large_image","twitter_misc":{"\u01af\u1edbc t\u00ednh th\u1eddi gian \u0111\u1ecdc":"1 ph\u00fat"},"schema":{"@context":"https:\/\/schema.org","@graph":[{"@type":"WebPage","@id":"https:\/\/pushclimbing.vn\/product\/evolv-elektra\/","url":"https:\/\/pushclimbing.vn\/product\/evolv-elektra\/","name":"Evolv ELEKTRA\u00ae - Push Climbing","isPartOf":{"@id":"https:\/\/pushclimbing.vn\/#website"},"primaryImageOfPage":{"@id":"https:\/\/pushclimbing.vn\/product\/evolv-elektra\/#primaryimage"},"image":{"@id":"https:\/\/pushclimbing.vn\/product\/evolv-elektra\/#primaryimage"},"thumbnailUrl":"https:\/\/pushclimbing.vn\/wp-content\/uploads\/2023\/07\/465a2272-604d-4467-b4da-c678a5d7fe3c_evolv_600x600.jpg","datePublished":"2023-07-26T09:10:19+00:00","dateModified":"2025-03-20T03:33:53+00:00","breadcrumb":{"@id":"https:\/\/pushclimbing.vn\/product\/evolv-elektra\/#breadcrumb"},"inLanguage":"vi","potentialAction":[{"@type":"ReadAction","target":["https:\/\/pushclimbing.vn\/product\/evolv-elektra\/"]}]},{"@type":"ImageObject","inLanguage":"vi","@id":"https:\/\/pushclimbing.vn\/product\/evolv-elektra\/#primaryimage","url":"https:\/\/pushclimbing.vn\/wp-content\/uploads\/2023\/07\/465a2272-604d-4467-b4da-c678a5d7fe3c_evolv_600x600.jpg","contentUrl":"https:\/\/pushclimbing.vn\/wp-content\/uploads\/2023\/07\/465a2272-604d-4467-b4da-c678a5d7fe3c_evolv_600x600.jpg","width":531,"height":313},{"@type":"BreadcrumbList","@id":"https:\/\/pushclimbing.vn\/product\/evolv-elektra\/#breadcrumb","itemListElement":[{"@type":"ListItem","position":1,"name":"Home","item":"https:\/\/pushclimbing.vn\/"},{"@type":"ListItem","position":2,"name":"Shop","item":"https:\/\/pushclimbing.vn\/shop\/"},{"@type":"ListItem","position":3,"name":"Evolv ELEKTRA\u00ae"}]},{"@type":"WebSite","@id":"https:\/\/pushclimbing.vn\/#website","url":"https:\/\/pushclimbing.vn\/","name":"Push Climbing","description":"Conquer Your Mountain","publisher":{"@id":"https:\/\/pushclimbing.vn\/#organization"},"potentialAction":[{"@type":"SearchAction","target":{"@type":"EntryPoint","urlTemplate":"https:\/\/pushclimbing.vn\/?s={search_term_string}"},"query-input":{"@type":"PropertyValueSpecification","valueRequired":true,"valueName":"search_term_string"}}],"inLanguage":"vi"},{"@type":"Organization","@id":"https:\/\/pushclimbing.vn\/#organization","name":"Push Climbing","url":"https:\/\/pushclimbing.vn\/","logo":{"@type":"ImageObject","inLanguage":"vi","@id":"https:\/\/pushclimbing.vn\/#\/schema\/logo\/image\/","url":"https:\/\/pushclimbing.vn\/wp-content\/uploads\/2022\/07\/push-logo-canvas.png","contentUrl":"https:\/\/pushclimbing.vn\/wp-content\/uploads\/2022\/07\/push-logo-canvas.png","width":400,"height":400,"caption":"Push Climbing"},"image":{"@id":"https:\/\/pushclimbing.vn\/#\/schema\/logo\/image\/"},"sameAs":["https:\/\/www.facebook.com\/pushrockclimbing"]}]}},"_links":{"self":[{"href":"https:\/\/pushclimbing.vn\/vi\/wp-json\/wp\/v2\/product\/27531","targetHints":{"allow":["GET"]}}],"collection":[{"href":"https:\/\/pushclimbing.vn\/vi\/wp-json\/wp\/v2\/product"}],"about":[{"href":"https:\/\/pushclimbing.vn\/vi\/wp-json\/wp\/v2\/types\/product"}],"replies":[{"embeddable":true,"href":"https:\/\/pushclimbing.vn\/vi\/wp-json\/wp\/v2\/comments?post=27531"}],"wp:featuredmedia":[{"embeddable":true,"href":"https:\/\/pushclimbing.vn\/vi\/wp-json\/wp\/v2\/media\/27518"}],"wp:attachment":[{"href":"https:\/\/pushclimbing.vn\/vi\/wp-json\/wp\/v2\/media?parent=27531"}],"wp:term":[{"taxonomy":"product_brand","embeddable":true,"href":"https:\/\/pushclimbing.vn\/vi\/wp-json\/wp\/v2\/product_brand?post=27531"},{"taxonomy":"product_cat","embeddable":true,"href":"https:\/\/pushclimbing.vn\/vi\/wp-json\/wp\/v2\/product_cat?post=27531"},{"taxonomy":"product_tag","embeddable":true,"href":"https:\/\/pushclimbing.vn\/vi\/wp-json\/wp\/v2\/product_tag?post=27531"}],"curies":[{"name":"wp","href":"https:\/\/api.w.org\/{rel}","templated":true}]}}