{"id":26952,"date":"2023-07-25T12:41:16","date_gmt":"2023-07-25T05:41:16","guid":{"rendered":"https:\/\/pushclimbing.vn\/?post_type=product&#038;p=26952"},"modified":"2025-03-20T10:59:22","modified_gmt":"2025-03-20T03:59:22","slug":"petzl-contact-9-8-mm-x-70m","status":"publish","type":"product","link":"https:\/\/pushclimbing.vn\/vi\/san-pham\/petzl-contact-9-8-mm-x-70m\/","title":{"rendered":"Petzl CONTACT\u00ae 9.8 mm x 70m"},"content":{"rendered":"<div class=\"fusion-fullwidth fullwidth-box fusion-builder-row-1 fusion-flex-container nonhundred-percent-fullwidth non-hundred-percent-height-scrolling\" style=\"--awb-border-radius-top-left:0px;--awb-border-radius-top-right:0px;--awb-border-radius-bottom-right:0px;--awb-border-radius-bottom-left:0px;--awb-flex-wrap:wrap;\" ><div class=\"fusion-builder-row fusion-row fusion-flex-align-items-flex-start fusion-flex-content-wrap\" style=\"max-width:1216.8px;margin-left: calc(-4% \/ 2 );margin-right: calc(-4% \/ 2 );\"><div class=\"fusion-layout-column fusion_builder_column fusion-builder-column-0 fusion_builder_column_1_1 1_1 fusion-flex-column\" style=\"--awb-bg-size:cover;--awb-width-large:100%;--awb-margin-top-large:0px;--awb-spacing-right-large:1.92%;--awb-margin-bottom-large:0px;--awb-spacing-left-large:1.92%;--awb-width-medium:100%;--awb-spacing-right-medium:1.92%;--awb-spacing-left-medium:1.92%;--awb-width-small:100%;--awb-spacing-right-small:1.92%;--awb-spacing-left-small:1.92%;\"><div class=\"fusion-column-wrapper fusion-flex-justify-content-flex-start fusion-content-layout-column\"><div class=\"fusion-text fusion-text-1\"><div class=\"productCaracteristiquesPosition inlineblock\">\n<p><strong>M\u00f4 t\u1ea3 chi ti\u1ebft:<\/strong><br \/>\n<strong>M\u00f4 t\u1ea3 s\u1ea3n ph\u1ea9m<\/strong><br \/>\nTi\u1ec7n d\u1ee5ng:<br \/>\n&#8211; The rope\u2019s flexibility makes it easier to give slack with belay devices<br \/>\n\u2013 X\u1eed l\u00fd EverFlex: x\u1eed l\u00fd nhi\u1ec7t c\u1ee5 th\u1ec3 \u1ed5n \u0111\u1ecbnh c\u00e1c s\u1ee3i l\u00f5i v\u00e0 c\u1ea3i thi\u1ec7n t\u00ednh \u0111\u1ed3ng nh\u1ea5t, cung c\u1ea5p \u0111\u1ed9 b\u00e1m xu\u1ea5t s\u1eafc v\u00e0 x\u1eed l\u00fd \u0111\u1ed3ng \u0111\u1ec1u theo th\u1eddi gian<br \/>\n\u2013 Cu\u1ed9n ClimbReady: cu\u1ed9n \u0111\u1eb7c bi\u1ec7t gi\u00fap d\u00e2y s\u1eb5n s\u00e0ng s\u1eed d\u1ee5ng, gi\u00fap tr\u00e1nh sai l\u1ea7m m\u1edf cu\u1ed9n ban \u0111\u1ea7u v\u00e0 gia t\u0103ng tu\u1ed5i th\u1ecd<br \/>\n\u0110\u1ed9 b\u00e1m t\u1ed1t gi\u00fap d\u1ec5 d\u00e0ng x\u1eed l\u00fd:<br \/>\n\u2013 C\u00e2n b\u1eb1ng tuy\u1ec7t v\u1eddi gi\u1eefa tr\u1ecdng l\u01b0\u1ee3ng, \u0111\u01b0\u1eddng k\u00ednh v\u00e0 \u0111\u1ed9 b\u00e1m<br \/>\n\u2013 \u0110\u1ed9 b\u00e1m 40 l\u00f5i \u0111\u1ec3 ki\u1ec3m so\u00e1t t\u1ed1t h\u01a1n<br \/>\n\u2013 \u0110\u00e1nh d\u1ea5u gi\u1eefa d\u00e2y: ch\u1ec9 ra \u0111i\u1ec3m gi\u1eefa c\u1ee7a d\u00e2y \u0111\u1ec3 d\u1ec5 d\u00e0ng qu\u1ea3n l\u00fd d\u00e2y<br \/>\nB\u1ec1n b\u1ec9:<br \/>\n\u2013 L\u1edbp v\u1ecf d\u00e0y cung c\u1ea5p \u0111\u1ed9 ch\u1ed1ng m\u00e0i m\u00f2n tuy\u1ec7t v\u1eddi<br \/>\n\u2013 K\u1ebft th\u00fac UltraSonic: l\u00f5i v\u00e0 l\u1edbp v\u1ecf \u0111\u01b0\u1ee3c k\u1ebft n\u1ed1i v\u1edbi nhau \u1edf hai \u0111\u1ea7u d\u00e2y b\u1eb1ng qu\u00e1 tr\u00ecnh si\u00eau \u00e2m, gi\u00fap t\u0103ng \u0111\u1ed9 b\u1ec1n v\u00e0 tr\u00e1nh vi\u1ec7c l\u00f5m m\u00e9p<br \/>\n<strong>Th\u00f4ng s\u1ed1 k\u1ef9 thu\u1eadt:<\/strong><br \/>\nCh\u1ee9ng nh\u1eadn: CE EN 892, UKCA, UIAA<br \/>\nDiameter: 9,8 mm<br \/>\nLo\u1ea1i d\u00e2y: D\u00e2y \u0111\u01a1n<br \/>\nTr\u1ecdng l\u01b0\u1ee3ng tr\u00ean m\u1ed7i m\u00e9t: 60 g<br \/>\nT\u1ef7 l\u1ec7 l\u1edbp v\u1ecf: 41%<br \/>\nS\u1ed1 l\u01b0\u1ee3ng r\u01a1i factor 1,77: 7<br \/>\nN\u1edbi d\u00e0i t\u0129nh: 9,0%<br \/>\nN\u1edbi d\u00e0i \u0111\u1ed9ng: 35%<br \/>\nL\u1ef1c t\u00e1c \u0111\u1ed9ng: 8,4 kN<br \/>\nC\u1ea5u tr\u00fac: 40 l\u00f5i<br \/>\nCh\u1ea5t li\u1ec7u: Nylon<\/p>\n<\/div>\n<\/div><\/div><\/div><\/div><\/div>","protected":false},"excerpt":{"rendered":"<p class=\"productSubtitle\"><strong>D\u00e2y \u0111\u01a1n nh\u1eb9 v\u1edbi \u0111\u01b0\u1eddng k\u00ednh 9.8 mm cho leo nh\u00e0 hay leo n\u00fai!<\/strong><\/p>\n<div class=\"productCaracteristiquesPosition inlineblock\">\n<p class=\"productCaracteristiques inlineblock\">The CONTACT 9.8 mm single rope is designed for gym and rock climbing. It strikes an excellent balance between low weight and durability, for greater versatility. Excellent grip and great handling make for easier manipulation and use of belay devices. Additionally, the thickness of the sheath reinforces the rope\u2019s durability.<\/p>\n<p>&nbsp;<\/p>\n<\/div>","protected":false},"featured_media":26955,"comment_status":"open","ping_status":"closed","template":"","meta":{"_acf_changed":false},"product_brand":[1014],"product_cat":[1023,1026],"product_tag":[664,670,663,669,490,668,667],"class_list":{"0":"post-26952","1":"product","2":"type-product","3":"status-publish","4":"has-post-thumbnail","6":"product_brand-petzl","7":"product_cat-climbing","8":"product_cat-ropes","9":"product_tag-climbing-rope","10":"product_tag-contact","11":"product_tag-day-leo-nui","12":"product_tag-lead-climbing","13":"product_tag-petzl","14":"product_tag-rope","15":"product_tag-single-rope","17":"first","18":"onbackorder","19":"taxable","20":"shipping-taxable","21":"product-type-variable"},"acf":[],"yoast_head":"<!-- This site is optimized with the Yoast SEO plugin v27.3 - https:\/\/yoast.com\/product\/yoast-seo-wordpress\/ -->\n<title>Petzl CONTACT\u00ae 9.8 mm x 70m - Push Climbing<\/title>\n<meta name=\"robots\" content=\"index, follow, max-snippet:-1, max-image-preview:large, max-video-preview:-1\" \/>\n<link rel=\"canonical\" href=\"https:\/\/pushclimbing.vn\/vi\/san-pham\/petzl-contact-9-8-mm-x-70m\/\" \/>\n<meta property=\"og:locale\" content=\"vi_VN\" \/>\n<meta property=\"og:type\" content=\"article\" \/>\n<meta property=\"og:title\" content=\"Petzl CONTACT\u00ae 9.8 mm x 70m - Push Climbing\" \/>\n<meta property=\"og:description\" content=\"9.8 mm diameter lightweight single rope for gym or rock climbing!   The CONTACT 9.8 mm single rope is designed for gym and rock climbing. It strikes an excellent balance between low weight and durability, for greater versatility. Excellent grip and great handling make for easier manipulation and use of belay devices. Additionally, the thickness of the sheath reinforces the rope\u2019s durability. &nbsp;\" \/>\n<meta property=\"og:url\" content=\"https:\/\/pushclimbing.vn\/vi\/san-pham\/petzl-contact-9-8-mm-x-70m\/\" \/>\n<meta property=\"og:site_name\" content=\"Push Climbing\" \/>\n<meta property=\"article:publisher\" content=\"https:\/\/www.facebook.com\/pushrockclimbing\" \/>\n<meta property=\"article:modified_time\" content=\"2025-03-20T03:59:22+00:00\" \/>\n<meta property=\"og:image\" content=\"https:\/\/pushclimbing.vn\/wp-content\/uploads\/2023\/07\/contact.png\" \/>\n\t<meta property=\"og:image:width\" content=\"1080\" \/>\n\t<meta property=\"og:image:height\" content=\"1080\" \/>\n\t<meta property=\"og:image:type\" content=\"image\/png\" \/>\n<meta name=\"twitter:card\" content=\"summary_large_image\" \/>\n<meta name=\"twitter:label1\" content=\"\u01af\u1edbc t\u00ednh th\u1eddi gian \u0111\u1ecdc\" \/>\n\t<meta name=\"twitter:data1\" content=\"3 ph\u00fat\" \/>\n<script type=\"application\/ld+json\" class=\"yoast-schema-graph\">{\"@context\":\"https:\\\/\\\/schema.org\",\"@graph\":[{\"@type\":\"WebPage\",\"@id\":\"https:\\\/\\\/pushclimbing.vn\\\/product\\\/petzl-contact-9-8-mm-x-70m\\\/\",\"url\":\"https:\\\/\\\/pushclimbing.vn\\\/product\\\/petzl-contact-9-8-mm-x-70m\\\/\",\"name\":\"Petzl CONTACT\u00ae 9.8 mm x 70m - Push Climbing\",\"isPartOf\":{\"@id\":\"https:\\\/\\\/pushclimbing.vn\\\/#website\"},\"primaryImageOfPage\":{\"@id\":\"https:\\\/\\\/pushclimbing.vn\\\/product\\\/petzl-contact-9-8-mm-x-70m\\\/#primaryimage\"},\"image\":{\"@id\":\"https:\\\/\\\/pushclimbing.vn\\\/product\\\/petzl-contact-9-8-mm-x-70m\\\/#primaryimage\"},\"thumbnailUrl\":\"https:\\\/\\\/pushclimbing.vn\\\/wp-content\\\/uploads\\\/2023\\\/07\\\/contact.png\",\"datePublished\":\"2023-07-25T05:41:16+00:00\",\"dateModified\":\"2025-03-20T03:59:22+00:00\",\"breadcrumb\":{\"@id\":\"https:\\\/\\\/pushclimbing.vn\\\/product\\\/petzl-contact-9-8-mm-x-70m\\\/#breadcrumb\"},\"inLanguage\":\"vi\",\"potentialAction\":[{\"@type\":\"ReadAction\",\"target\":[\"https:\\\/\\\/pushclimbing.vn\\\/product\\\/petzl-contact-9-8-mm-x-70m\\\/\"]}]},{\"@type\":\"ImageObject\",\"inLanguage\":\"vi\",\"@id\":\"https:\\\/\\\/pushclimbing.vn\\\/product\\\/petzl-contact-9-8-mm-x-70m\\\/#primaryimage\",\"url\":\"https:\\\/\\\/pushclimbing.vn\\\/wp-content\\\/uploads\\\/2023\\\/07\\\/contact.png\",\"contentUrl\":\"https:\\\/\\\/pushclimbing.vn\\\/wp-content\\\/uploads\\\/2023\\\/07\\\/contact.png\",\"width\":1080,\"height\":1080},{\"@type\":\"BreadcrumbList\",\"@id\":\"https:\\\/\\\/pushclimbing.vn\\\/product\\\/petzl-contact-9-8-mm-x-70m\\\/#breadcrumb\",\"itemListElement\":[{\"@type\":\"ListItem\",\"position\":1,\"name\":\"Home\",\"item\":\"https:\\\/\\\/pushclimbing.vn\\\/\"},{\"@type\":\"ListItem\",\"position\":2,\"name\":\"Shop\",\"item\":\"https:\\\/\\\/pushclimbing.vn\\\/shop\\\/\"},{\"@type\":\"ListItem\",\"position\":3,\"name\":\"Petzl CONTACT\u00ae 9.8 mm x 70m\"}]},{\"@type\":\"WebSite\",\"@id\":\"https:\\\/\\\/pushclimbing.vn\\\/#website\",\"url\":\"https:\\\/\\\/pushclimbing.vn\\\/\",\"name\":\"Push Climbing\",\"description\":\"Conquer Your Mountain\",\"publisher\":{\"@id\":\"https:\\\/\\\/pushclimbing.vn\\\/#organization\"},\"potentialAction\":[{\"@type\":\"SearchAction\",\"target\":{\"@type\":\"EntryPoint\",\"urlTemplate\":\"https:\\\/\\\/pushclimbing.vn\\\/?s={search_term_string}\"},\"query-input\":{\"@type\":\"PropertyValueSpecification\",\"valueRequired\":true,\"valueName\":\"search_term_string\"}}],\"inLanguage\":\"vi\"},{\"@type\":\"Organization\",\"@id\":\"https:\\\/\\\/pushclimbing.vn\\\/#organization\",\"name\":\"Push Climbing\",\"url\":\"https:\\\/\\\/pushclimbing.vn\\\/\",\"logo\":{\"@type\":\"ImageObject\",\"inLanguage\":\"vi\",\"@id\":\"https:\\\/\\\/pushclimbing.vn\\\/#\\\/schema\\\/logo\\\/image\\\/\",\"url\":\"https:\\\/\\\/pushclimbing.vn\\\/wp-content\\\/uploads\\\/2022\\\/07\\\/push-logo-canvas.png\",\"contentUrl\":\"https:\\\/\\\/pushclimbing.vn\\\/wp-content\\\/uploads\\\/2022\\\/07\\\/push-logo-canvas.png\",\"width\":400,\"height\":400,\"caption\":\"Push Climbing\"},\"image\":{\"@id\":\"https:\\\/\\\/pushclimbing.vn\\\/#\\\/schema\\\/logo\\\/image\\\/\"},\"sameAs\":[\"https:\\\/\\\/www.facebook.com\\\/pushrockclimbing\"]}]}<\/script>\n<!-- \/ Yoast SEO plugin. -->","yoast_head_json":{"title":"Petzl CONTACT\u00ae 9.8 mm x 70m - Push Climbing","robots":{"index":"index","follow":"follow","max-snippet":"max-snippet:-1","max-image-preview":"max-image-preview:large","max-video-preview":"max-video-preview:-1"},"canonical":"https:\/\/pushclimbing.vn\/vi\/san-pham\/petzl-contact-9-8-mm-x-70m\/","og_locale":"vi_VN","og_type":"article","og_title":"Petzl CONTACT\u00ae 9.8 mm x 70m - Push Climbing","og_description":"9.8 mm diameter lightweight single rope for gym or rock climbing!   The CONTACT 9.8 mm single rope is designed for gym and rock climbing. It strikes an excellent balance between low weight and durability, for greater versatility. Excellent grip and great handling make for easier manipulation and use of belay devices. Additionally, the thickness of the sheath reinforces the rope\u2019s durability. &nbsp;","og_url":"https:\/\/pushclimbing.vn\/vi\/san-pham\/petzl-contact-9-8-mm-x-70m\/","og_site_name":"Push Climbing","article_publisher":"https:\/\/www.facebook.com\/pushrockclimbing","article_modified_time":"2025-03-20T03:59:22+00:00","og_image":[{"width":1080,"height":1080,"url":"https:\/\/pushclimbing.vn\/wp-content\/uploads\/2023\/07\/contact.png","type":"image\/png"}],"twitter_card":"summary_large_image","twitter_misc":{"\u01af\u1edbc t\u00ednh th\u1eddi gian \u0111\u1ecdc":"3 ph\u00fat"},"schema":{"@context":"https:\/\/schema.org","@graph":[{"@type":"WebPage","@id":"https:\/\/pushclimbing.vn\/product\/petzl-contact-9-8-mm-x-70m\/","url":"https:\/\/pushclimbing.vn\/product\/petzl-contact-9-8-mm-x-70m\/","name":"Petzl CONTACT\u00ae 9.8 mm x 70m - Push Climbing","isPartOf":{"@id":"https:\/\/pushclimbing.vn\/#website"},"primaryImageOfPage":{"@id":"https:\/\/pushclimbing.vn\/product\/petzl-contact-9-8-mm-x-70m\/#primaryimage"},"image":{"@id":"https:\/\/pushclimbing.vn\/product\/petzl-contact-9-8-mm-x-70m\/#primaryimage"},"thumbnailUrl":"https:\/\/pushclimbing.vn\/wp-content\/uploads\/2023\/07\/contact.png","datePublished":"2023-07-25T05:41:16+00:00","dateModified":"2025-03-20T03:59:22+00:00","breadcrumb":{"@id":"https:\/\/pushclimbing.vn\/product\/petzl-contact-9-8-mm-x-70m\/#breadcrumb"},"inLanguage":"vi","potentialAction":[{"@type":"ReadAction","target":["https:\/\/pushclimbing.vn\/product\/petzl-contact-9-8-mm-x-70m\/"]}]},{"@type":"ImageObject","inLanguage":"vi","@id":"https:\/\/pushclimbing.vn\/product\/petzl-contact-9-8-mm-x-70m\/#primaryimage","url":"https:\/\/pushclimbing.vn\/wp-content\/uploads\/2023\/07\/contact.png","contentUrl":"https:\/\/pushclimbing.vn\/wp-content\/uploads\/2023\/07\/contact.png","width":1080,"height":1080},{"@type":"BreadcrumbList","@id":"https:\/\/pushclimbing.vn\/product\/petzl-contact-9-8-mm-x-70m\/#breadcrumb","itemListElement":[{"@type":"ListItem","position":1,"name":"Home","item":"https:\/\/pushclimbing.vn\/"},{"@type":"ListItem","position":2,"name":"Shop","item":"https:\/\/pushclimbing.vn\/shop\/"},{"@type":"ListItem","position":3,"name":"Petzl CONTACT\u00ae 9.8 mm x 70m"}]},{"@type":"WebSite","@id":"https:\/\/pushclimbing.vn\/#website","url":"https:\/\/pushclimbing.vn\/","name":"Push Climbing","description":"Conquer Your Mountain","publisher":{"@id":"https:\/\/pushclimbing.vn\/#organization"},"potentialAction":[{"@type":"SearchAction","target":{"@type":"EntryPoint","urlTemplate":"https:\/\/pushclimbing.vn\/?s={search_term_string}"},"query-input":{"@type":"PropertyValueSpecification","valueRequired":true,"valueName":"search_term_string"}}],"inLanguage":"vi"},{"@type":"Organization","@id":"https:\/\/pushclimbing.vn\/#organization","name":"Push Climbing","url":"https:\/\/pushclimbing.vn\/","logo":{"@type":"ImageObject","inLanguage":"vi","@id":"https:\/\/pushclimbing.vn\/#\/schema\/logo\/image\/","url":"https:\/\/pushclimbing.vn\/wp-content\/uploads\/2022\/07\/push-logo-canvas.png","contentUrl":"https:\/\/pushclimbing.vn\/wp-content\/uploads\/2022\/07\/push-logo-canvas.png","width":400,"height":400,"caption":"Push Climbing"},"image":{"@id":"https:\/\/pushclimbing.vn\/#\/schema\/logo\/image\/"},"sameAs":["https:\/\/www.facebook.com\/pushrockclimbing"]}]}},"_links":{"self":[{"href":"https:\/\/pushclimbing.vn\/vi\/wp-json\/wp\/v2\/product\/26952","targetHints":{"allow":["GET"]}}],"collection":[{"href":"https:\/\/pushclimbing.vn\/vi\/wp-json\/wp\/v2\/product"}],"about":[{"href":"https:\/\/pushclimbing.vn\/vi\/wp-json\/wp\/v2\/types\/product"}],"replies":[{"embeddable":true,"href":"https:\/\/pushclimbing.vn\/vi\/wp-json\/wp\/v2\/comments?post=26952"}],"wp:featuredmedia":[{"embeddable":true,"href":"https:\/\/pushclimbing.vn\/vi\/wp-json\/wp\/v2\/media\/26955"}],"wp:attachment":[{"href":"https:\/\/pushclimbing.vn\/vi\/wp-json\/wp\/v2\/media?parent=26952"}],"wp:term":[{"taxonomy":"product_brand","embeddable":true,"href":"https:\/\/pushclimbing.vn\/vi\/wp-json\/wp\/v2\/product_brand?post=26952"},{"taxonomy":"product_cat","embeddable":true,"href":"https:\/\/pushclimbing.vn\/vi\/wp-json\/wp\/v2\/product_cat?post=26952"},{"taxonomy":"product_tag","embeddable":true,"href":"https:\/\/pushclimbing.vn\/vi\/wp-json\/wp\/v2\/product_tag?post=26952"}],"curies":[{"name":"wp","href":"https:\/\/api.w.org\/{rel}","templated":true}]}}