{"id":26819,"date":"2023-07-19T10:41:48","date_gmt":"2023-07-19T03:41:48","guid":{"rendered":"https:\/\/pushclimbing.vn\/?post_type=product&#038;p=26819"},"modified":"2025-03-19T09:42:34","modified_gmt":"2025-03-19T02:42:34","slug":"lan-ha-bay-adrenaline-fueled-adventure-trip","status":"publish","type":"product","link":"https:\/\/pushclimbing.vn\/vi\/san-pham\/lan-ha-bay-adrenaline-fueled-adventure-trip\/","title":{"rendered":"V\u1ecaNH LAN H\u1ea0 Chuy\u1ebfn phi\u00eau l\u01b0u \u0111\u1ea7y c\u1ea3m h\u1ee9ng"},"content":{"rendered":"","protected":false},"excerpt":{"rendered":"<p><a href=\"https:\/\/forms.gle\/8BdfCUAEU32PsvMi8\">Nh\u1ea5n v\u00e0o \u0111\u1ec3 \u0111\u0103ng k\u00fd<\/a><\/p>\n<p><strong>Ch\u00e0o m\u1eebng c\u00e1c nh\u00e0 leo n\u00fai th\u00edch kh\u00e1m ph\u00e1 \u0111\u1ebfn v\u1edbi chuy\u1ebfn \u0111i V\u1ecbnh Lan H\u1ea1! Ch\u00fang t\u00f4i r\u1ea5t vui m\u1eebng khi c\u00f3 b\u1ea1n tham gia h\u00e0nh tr\u00ecnh th\u00fa v\u1ecb n\u00e0y. D\u01b0\u1edbi \u0111\u00e2y l\u00e0 m\u1ed9t t\u1ed5ng quan v\u1ec1 chuy\u1ebfn \u0111i. C\u00f3 nhi\u1ec1u l\u1ef1a ch\u1ecdn kh\u00e1c nhau, cho ph\u00e9p b\u1ea1n t\u1ef1 thi\u1ebft k\u1ebf l\u1ecbch tr\u00ecnh theo \u00fd th\u00edch c\u00e1 nh\u00e2n. H\u00e3y chu\u1ea9n b\u1ecb cho m\u1ed9t cu\u1ed9c phi\u00eau l\u01b0u \u0111\u00e1ng nh\u1edb!<\/strong><\/p>\n<p>* Gi\u00e1 ch\u01b0a bao g\u1ed3m thu\u1ebf 10% &amp; B\u1ea3o hi\u1ec3m du l\u1ecbch. (K\u00e9o xu\u1ed1ng \u0111\u1ec3 l\u1ef1a ch\u1ecdn)<br \/>\n*Gi\u00e1 ch\u01b0a bao g\u1ed3m ph\u00ed di chuy\u1ec3n.<br \/>\nH\u01b0\u1edfng \u01b0u \u0111\u00e3i gi\u1ea3m 10% khi mua g\u00f3i du l\u1ecbch th\u1ee9 hai.<br \/>\nV\u00e9 xe bus t\u1eeb H\u00e0 N\u1ed9i v\u1ec1 C\u00e1t B\u00e0 s\u1ebd \u0111\u01b0\u1ee3c gi\u1ea3m gi\u00e1 10%. Gi\u00e1 ni\u00eam y\u1ebft c\u1ee7a nh\u00e0 xe l\u00e0 320.000VND, nh\u01b0ng khi \u0111\u1eb7t qua ch\u00fang t\u00f4i, gi\u00e1 ch\u1ec9 c\u00f2n 288.000 VND.<\/p>\n<p><strong>Brochure:<\/strong><br \/>\n<a href=\"https:\/\/pushclimbing.vn\/wp-content\/uploads\/2023\/07\/Vietnamese-Brochure.pdf\">#1 Vietnamese Brochure<\/a><\/p>\n<p><a href=\"https:\/\/pushclimbing.vn\/wp-content\/uploads\/2023\/07\/English-Brochure.pdf\">#2 English Brochure<\/a><\/p>\n<p><strong>Schedule:<\/strong><\/p>\n<p><a href=\"https:\/\/pushclimbing.vn\/wp-content\/uploads\/2023\/07\/1-VN-Schedule-1.pdf\">#1 VN Schedule<\/a><\/p>\n<p><a href=\"https:\/\/pushclimbing.vn\/wp-content\/uploads\/2023\/07\/2-ENG-Schedule.pdf\">#2 ENG Schedule<\/a><\/p>\n<p>&nbsp;<\/p>","protected":false},"featured_media":26837,"comment_status":"open","ping_status":"closed","template":"","meta":{"_acf_changed":false},"product_brand":[1013],"product_cat":[966],"product_tag":[636,633,630,635,628,637,632,631,627,634,629],"class_list":{"0":"post-26819","1":"product","2":"type-product","3":"status-publish","4":"has-post-thumbnail","6":"product_brand-push","7":"product_cat-new-arrivals","8":"product_tag-cheo-thuyen","9":"product_tag-deep-water-solo","10":"product_tag-du-lich","11":"product_tag-kayak","12":"product_tag-lan-ha-bay","13":"product_tag-leo-nui-ngoai-troi","14":"product_tag-outdoor","15":"product_tag-tour","16":"product_tag-travel","17":"product_tag-trekking","18":"product_tag-vinh-ha-lan","20":"first","21":"instock","22":"taxable","23":"shipping-taxable","24":"product-type-variable"},"acf":[],"yoast_head":"<!-- This site is optimized with the Yoast SEO plugin v27.3 - https:\/\/yoast.com\/product\/yoast-seo-wordpress\/ -->\n<title>LAN HA BAY Adrenaline-fueled Adventure Trip - Push Climbing<\/title>\n<meta name=\"robots\" content=\"index, follow, max-snippet:-1, max-image-preview:large, max-video-preview:-1\" \/>\n<link rel=\"canonical\" href=\"https:\/\/pushclimbing.vn\/vi\/san-pham\/lan-ha-bay-adrenaline-fueled-adventure-trip\/\" \/>\n<meta property=\"og:locale\" content=\"vi_VN\" \/>\n<meta property=\"og:type\" content=\"article\" \/>\n<meta property=\"og:title\" content=\"LAN HA BAY Adrenaline-fueled Adventure Trip - Push Climbing\" \/>\n<meta property=\"og:description\" content=\"Tap to sign up. Link*  Welcome adventurous mountaineers to the Lan Ha Bay expedition! We are thrilled to have you joining us for this exciting journey. Below is an overview of the trip. There are various options available, allowing you to customize the itinerary according to your personal preferences. Get ready for an unforgettable exploration!  *Price is not included VAT 10% &amp; Travel Insurance. (Scroll below to tick options) *Price is not included Transportation fee. Enjoy a 10% discount when purchasing the second travel package. The bus ticket price from Hanoi to Cat Ba will also be reduced by 10%. The official price set by the bus company is 320,000VND, but when booked through us, it will only be 288,000 VND.  Brochure: #1 Vietnamese Brochure  #2 English Brochure  Schedule:  #1 VN Schedule  #2 ENG Schedule  &nbsp;\" \/>\n<meta property=\"og:url\" content=\"https:\/\/pushclimbing.vn\/vi\/san-pham\/lan-ha-bay-adrenaline-fueled-adventure-trip\/\" \/>\n<meta property=\"og:site_name\" content=\"Push Climbing\" \/>\n<meta property=\"article:publisher\" content=\"https:\/\/www.facebook.com\/pushrockclimbing\" \/>\n<meta property=\"article:modified_time\" content=\"2025-03-19T02:42:34+00:00\" \/>\n<meta property=\"og:image\" content=\"https:\/\/pushclimbing.vn\/wp-content\/uploads\/2023\/07\/Lan-Ha-Bay-Trip-ENG-ffff.png\" \/>\n\t<meta property=\"og:image:width\" content=\"1080\" \/>\n\t<meta property=\"og:image:height\" content=\"1080\" \/>\n\t<meta property=\"og:image:type\" content=\"image\/png\" \/>\n<meta name=\"twitter:card\" content=\"summary_large_image\" \/>\n<script type=\"application\/ld+json\" class=\"yoast-schema-graph\">{\"@context\":\"https:\\\/\\\/schema.org\",\"@graph\":[{\"@type\":\"WebPage\",\"@id\":\"https:\\\/\\\/pushclimbing.vn\\\/product\\\/lan-ha-bay-adrenaline-fueled-adventure-trip\\\/\",\"url\":\"https:\\\/\\\/pushclimbing.vn\\\/product\\\/lan-ha-bay-adrenaline-fueled-adventure-trip\\\/\",\"name\":\"LAN HA BAY Adrenaline-fueled Adventure Trip - Push Climbing\",\"isPartOf\":{\"@id\":\"https:\\\/\\\/pushclimbing.vn\\\/#website\"},\"primaryImageOfPage\":{\"@id\":\"https:\\\/\\\/pushclimbing.vn\\\/product\\\/lan-ha-bay-adrenaline-fueled-adventure-trip\\\/#primaryimage\"},\"image\":{\"@id\":\"https:\\\/\\\/pushclimbing.vn\\\/product\\\/lan-ha-bay-adrenaline-fueled-adventure-trip\\\/#primaryimage\"},\"thumbnailUrl\":\"https:\\\/\\\/pushclimbing.vn\\\/wp-content\\\/uploads\\\/2023\\\/07\\\/Lan-Ha-Bay-Trip-ENG-ffff.png\",\"datePublished\":\"2023-07-19T03:41:48+00:00\",\"dateModified\":\"2025-03-19T02:42:34+00:00\",\"breadcrumb\":{\"@id\":\"https:\\\/\\\/pushclimbing.vn\\\/product\\\/lan-ha-bay-adrenaline-fueled-adventure-trip\\\/#breadcrumb\"},\"inLanguage\":\"vi\",\"potentialAction\":[{\"@type\":\"ReadAction\",\"target\":[\"https:\\\/\\\/pushclimbing.vn\\\/product\\\/lan-ha-bay-adrenaline-fueled-adventure-trip\\\/\"]}]},{\"@type\":\"ImageObject\",\"inLanguage\":\"vi\",\"@id\":\"https:\\\/\\\/pushclimbing.vn\\\/product\\\/lan-ha-bay-adrenaline-fueled-adventure-trip\\\/#primaryimage\",\"url\":\"https:\\\/\\\/pushclimbing.vn\\\/wp-content\\\/uploads\\\/2023\\\/07\\\/Lan-Ha-Bay-Trip-ENG-ffff.png\",\"contentUrl\":\"https:\\\/\\\/pushclimbing.vn\\\/wp-content\\\/uploads\\\/2023\\\/07\\\/Lan-Ha-Bay-Trip-ENG-ffff.png\",\"width\":1080,\"height\":1080},{\"@type\":\"BreadcrumbList\",\"@id\":\"https:\\\/\\\/pushclimbing.vn\\\/product\\\/lan-ha-bay-adrenaline-fueled-adventure-trip\\\/#breadcrumb\",\"itemListElement\":[{\"@type\":\"ListItem\",\"position\":1,\"name\":\"Home\",\"item\":\"https:\\\/\\\/pushclimbing.vn\\\/\"},{\"@type\":\"ListItem\",\"position\":2,\"name\":\"Shop\",\"item\":\"https:\\\/\\\/pushclimbing.vn\\\/shop\\\/\"},{\"@type\":\"ListItem\",\"position\":3,\"name\":\"LAN HA BAY Adrenaline-fueled Adventure Trip\"}]},{\"@type\":\"WebSite\",\"@id\":\"https:\\\/\\\/pushclimbing.vn\\\/#website\",\"url\":\"https:\\\/\\\/pushclimbing.vn\\\/\",\"name\":\"Push Climbing\",\"description\":\"Conquer Your Mountain\",\"publisher\":{\"@id\":\"https:\\\/\\\/pushclimbing.vn\\\/#organization\"},\"potentialAction\":[{\"@type\":\"SearchAction\",\"target\":{\"@type\":\"EntryPoint\",\"urlTemplate\":\"https:\\\/\\\/pushclimbing.vn\\\/?s={search_term_string}\"},\"query-input\":{\"@type\":\"PropertyValueSpecification\",\"valueRequired\":true,\"valueName\":\"search_term_string\"}}],\"inLanguage\":\"vi\"},{\"@type\":\"Organization\",\"@id\":\"https:\\\/\\\/pushclimbing.vn\\\/#organization\",\"name\":\"Push Climbing\",\"url\":\"https:\\\/\\\/pushclimbing.vn\\\/\",\"logo\":{\"@type\":\"ImageObject\",\"inLanguage\":\"vi\",\"@id\":\"https:\\\/\\\/pushclimbing.vn\\\/#\\\/schema\\\/logo\\\/image\\\/\",\"url\":\"https:\\\/\\\/pushclimbing.vn\\\/wp-content\\\/uploads\\\/2022\\\/07\\\/push-logo-canvas.png\",\"contentUrl\":\"https:\\\/\\\/pushclimbing.vn\\\/wp-content\\\/uploads\\\/2022\\\/07\\\/push-logo-canvas.png\",\"width\":400,\"height\":400,\"caption\":\"Push Climbing\"},\"image\":{\"@id\":\"https:\\\/\\\/pushclimbing.vn\\\/#\\\/schema\\\/logo\\\/image\\\/\"},\"sameAs\":[\"https:\\\/\\\/www.facebook.com\\\/pushrockclimbing\"]}]}<\/script>\n<!-- \/ Yoast SEO plugin. -->","yoast_head_json":{"title":"LAN HA BAY Adrenaline-fueled Adventure Trip - Push Climbing","robots":{"index":"index","follow":"follow","max-snippet":"max-snippet:-1","max-image-preview":"max-image-preview:large","max-video-preview":"max-video-preview:-1"},"canonical":"https:\/\/pushclimbing.vn\/vi\/san-pham\/lan-ha-bay-adrenaline-fueled-adventure-trip\/","og_locale":"vi_VN","og_type":"article","og_title":"LAN HA BAY Adrenaline-fueled Adventure Trip - Push Climbing","og_description":"Tap to sign up. Link*  Welcome adventurous mountaineers to the Lan Ha Bay expedition! We are thrilled to have you joining us for this exciting journey. Below is an overview of the trip. There are various options available, allowing you to customize the itinerary according to your personal preferences. Get ready for an unforgettable exploration!  *Price is not included VAT 10% &amp; Travel Insurance. (Scroll below to tick options) *Price is not included Transportation fee. Enjoy a 10% discount when purchasing the second travel package. The bus ticket price from Hanoi to Cat Ba will also be reduced by 10%. The official price set by the bus company is 320,000VND, but when booked through us, it will only be 288,000 VND.  Brochure: #1 Vietnamese Brochure  #2 English Brochure  Schedule:  #1 VN Schedule  #2 ENG Schedule  &nbsp;","og_url":"https:\/\/pushclimbing.vn\/vi\/san-pham\/lan-ha-bay-adrenaline-fueled-adventure-trip\/","og_site_name":"Push Climbing","article_publisher":"https:\/\/www.facebook.com\/pushrockclimbing","article_modified_time":"2025-03-19T02:42:34+00:00","og_image":[{"width":1080,"height":1080,"url":"https:\/\/pushclimbing.vn\/wp-content\/uploads\/2023\/07\/Lan-Ha-Bay-Trip-ENG-ffff.png","type":"image\/png"}],"twitter_card":"summary_large_image","schema":{"@context":"https:\/\/schema.org","@graph":[{"@type":"WebPage","@id":"https:\/\/pushclimbing.vn\/product\/lan-ha-bay-adrenaline-fueled-adventure-trip\/","url":"https:\/\/pushclimbing.vn\/product\/lan-ha-bay-adrenaline-fueled-adventure-trip\/","name":"LAN HA BAY Adrenaline-fueled Adventure Trip - Push Climbing","isPartOf":{"@id":"https:\/\/pushclimbing.vn\/#website"},"primaryImageOfPage":{"@id":"https:\/\/pushclimbing.vn\/product\/lan-ha-bay-adrenaline-fueled-adventure-trip\/#primaryimage"},"image":{"@id":"https:\/\/pushclimbing.vn\/product\/lan-ha-bay-adrenaline-fueled-adventure-trip\/#primaryimage"},"thumbnailUrl":"https:\/\/pushclimbing.vn\/wp-content\/uploads\/2023\/07\/Lan-Ha-Bay-Trip-ENG-ffff.png","datePublished":"2023-07-19T03:41:48+00:00","dateModified":"2025-03-19T02:42:34+00:00","breadcrumb":{"@id":"https:\/\/pushclimbing.vn\/product\/lan-ha-bay-adrenaline-fueled-adventure-trip\/#breadcrumb"},"inLanguage":"vi","potentialAction":[{"@type":"ReadAction","target":["https:\/\/pushclimbing.vn\/product\/lan-ha-bay-adrenaline-fueled-adventure-trip\/"]}]},{"@type":"ImageObject","inLanguage":"vi","@id":"https:\/\/pushclimbing.vn\/product\/lan-ha-bay-adrenaline-fueled-adventure-trip\/#primaryimage","url":"https:\/\/pushclimbing.vn\/wp-content\/uploads\/2023\/07\/Lan-Ha-Bay-Trip-ENG-ffff.png","contentUrl":"https:\/\/pushclimbing.vn\/wp-content\/uploads\/2023\/07\/Lan-Ha-Bay-Trip-ENG-ffff.png","width":1080,"height":1080},{"@type":"BreadcrumbList","@id":"https:\/\/pushclimbing.vn\/product\/lan-ha-bay-adrenaline-fueled-adventure-trip\/#breadcrumb","itemListElement":[{"@type":"ListItem","position":1,"name":"Home","item":"https:\/\/pushclimbing.vn\/"},{"@type":"ListItem","position":2,"name":"Shop","item":"https:\/\/pushclimbing.vn\/shop\/"},{"@type":"ListItem","position":3,"name":"LAN HA BAY Adrenaline-fueled Adventure Trip"}]},{"@type":"WebSite","@id":"https:\/\/pushclimbing.vn\/#website","url":"https:\/\/pushclimbing.vn\/","name":"Push Climbing","description":"Conquer Your Mountain","publisher":{"@id":"https:\/\/pushclimbing.vn\/#organization"},"potentialAction":[{"@type":"SearchAction","target":{"@type":"EntryPoint","urlTemplate":"https:\/\/pushclimbing.vn\/?s={search_term_string}"},"query-input":{"@type":"PropertyValueSpecification","valueRequired":true,"valueName":"search_term_string"}}],"inLanguage":"vi"},{"@type":"Organization","@id":"https:\/\/pushclimbing.vn\/#organization","name":"Push Climbing","url":"https:\/\/pushclimbing.vn\/","logo":{"@type":"ImageObject","inLanguage":"vi","@id":"https:\/\/pushclimbing.vn\/#\/schema\/logo\/image\/","url":"https:\/\/pushclimbing.vn\/wp-content\/uploads\/2022\/07\/push-logo-canvas.png","contentUrl":"https:\/\/pushclimbing.vn\/wp-content\/uploads\/2022\/07\/push-logo-canvas.png","width":400,"height":400,"caption":"Push Climbing"},"image":{"@id":"https:\/\/pushclimbing.vn\/#\/schema\/logo\/image\/"},"sameAs":["https:\/\/www.facebook.com\/pushrockclimbing"]}]}},"_links":{"self":[{"href":"https:\/\/pushclimbing.vn\/vi\/wp-json\/wp\/v2\/product\/26819","targetHints":{"allow":["GET"]}}],"collection":[{"href":"https:\/\/pushclimbing.vn\/vi\/wp-json\/wp\/v2\/product"}],"about":[{"href":"https:\/\/pushclimbing.vn\/vi\/wp-json\/wp\/v2\/types\/product"}],"replies":[{"embeddable":true,"href":"https:\/\/pushclimbing.vn\/vi\/wp-json\/wp\/v2\/comments?post=26819"}],"wp:featuredmedia":[{"embeddable":true,"href":"https:\/\/pushclimbing.vn\/vi\/wp-json\/wp\/v2\/media\/26837"}],"wp:attachment":[{"href":"https:\/\/pushclimbing.vn\/vi\/wp-json\/wp\/v2\/media?parent=26819"}],"wp:term":[{"taxonomy":"product_brand","embeddable":true,"href":"https:\/\/pushclimbing.vn\/vi\/wp-json\/wp\/v2\/product_brand?post=26819"},{"taxonomy":"product_cat","embeddable":true,"href":"https:\/\/pushclimbing.vn\/vi\/wp-json\/wp\/v2\/product_cat?post=26819"},{"taxonomy":"product_tag","embeddable":true,"href":"https:\/\/pushclimbing.vn\/vi\/wp-json\/wp\/v2\/product_tag?post=26819"}],"curies":[{"name":"wp","href":"https:\/\/api.w.org\/{rel}","templated":true}]}}