{"id":26782,"date":"2023-06-29T12:58:06","date_gmt":"2023-06-29T05:58:06","guid":{"rendered":"https:\/\/pushclimbing.vn\/?post_type=product&#038;p=26782"},"modified":"2025-03-20T11:00:07","modified_gmt":"2025-03-20T04:00:07","slug":"black-diamond-bouldering-brush-medium","status":"publish","type":"product","link":"https:\/\/pushclimbing.vn\/vi\/san-pham\/black-diamond-bouldering-brush-medium\/","title":{"rendered":"B\u00e0n ch\u1ea3i Bouldering BLACK DIAMOND - Medium"},"content":{"rendered":"","protected":false},"excerpt":{"rendered":"<div class=\"product-mobile-accordion product-details-section\" data-v-07a60bda=\"\" data-v-138fd0aa=\"\" data-v-6e771a96=\"\">\n<div id=\"productAccordionContent\" class=\"product-accordion-content\" data-v-07a60bda=\"\" aria-expanded=\"true\">\n<div class=\"product-accordion-content-inner\" data-v-07a60bda=\"\">\n<div id=\"productDetailsWrapper\" class=\"product-details-wrapper expanded\" data-v-138fd0aa=\"\">\n<div class=\"product-details\" data-v-138fd0aa=\"\">\n<div class=\"product-description-container\" data-v-138fd0aa=\"\">\n<div class=\"product-description\" data-v-138fd0aa=\"\">Khi nh\u1eefng b\u1ec1 m\u1eb7t c\u1ee5c \u0111\u00e1 c\u1ee7a d\u1ef1 \u00e1n leo n\u00fai c\u1ee7a b\u1ea1n \u0111ang theo \u0111u\u1ed5i c\u1ea7n \u0111\u01b0\u1ee3c l\u00e0m s\u1ea1ch k\u1ef9 c\u00e0ng, b\u00e0n ch\u1ea3i leo n\u00fai Black Diamond Boulder Brush Boars\u2019 Hair l\u00e0 c\u00f4ng c\u1ee5 ph\u00f9 h\u1ee3p cho c\u00f4ng vi\u1ec7c \u0111\u00f3. V\u1edbi \u0111\u1ea7u b\u00e0n ch\u1ea3i v\u00e0 s\u1ee3i l\u00f4ng \u0111\u1ed9c \u0111\u00e1o, b\u00e0n ch\u1ea3i n\u00e0y \u0111\u1ebfn \u0111\u01b0\u1ee3c v\u00e0o nh\u1eefng khe h\u1eb9p, bi\u1ebfn nh\u1eefng tay n\u1eafm tr\u01a1n tr\u01b0\u1ee3t th\u00e0nh nh\u1eefng \u0111i\u1ec3m ch\u1eafc ch\u1eafn. Tay c\u1ea7m c\u00f4ng th\u00e1i h\u1ecdc c\u0169ng gi\u00fap t\u1ea1o kh\u00f4ng gian tho\u1ea3i m\u00e1i khi ch\u1ea3i \u0111\u00e1.<\/div>\n<\/div>\n<div class=\"product-bullets-container\" data-v-138fd0aa=\"\">\n<div class=\"visually-hidden\" data-v-138fd0aa=\"\">Bouldering Brush &#8211; Medium Features<\/div>\n<div class=\"product-bullets\" data-v-138fd0aa=\"\">\n<ul>\n<li>Tapered head and bristles allow for better access to constrictions<\/li>\n<li>Functional handle allows for easy cleaning without knuckle bashing<\/li>\n<li>Sized to fit perfectly in brush holder of Mondo Chalk Pot<\/li>\n<\/ul>\n<\/div>\n<\/div>\n<\/div>\n<\/div>\n<\/div>\n<\/div>\n<\/div>\n<div class=\"product-mobile-accordion product-features-section\" data-v-07a60bda=\"\" data-v-138fd0aa=\"\" data-v-6e771a96=\"\">\n<div id=\"productAccordionContent\" class=\"product-accordion-content\" data-v-07a60bda=\"\" aria-expanded=\"true\">\n<div class=\"product-accordion-content-inner\" data-v-07a60bda=\"\">\n<div class=\"product-tech-specs product-content-spacing\" data-v-138fd0aa=\"\">\n<div data-v-138fd0aa=\"\">\n<p>&nbsp;<\/p>\n<\/div>\n<\/div>\n<\/div>\n<\/div>\n<\/div>","protected":false},"featured_media":26787,"comment_status":"open","ping_status":"closed","template":"","meta":{"_acf_changed":false},"product_brand":[1016],"product_cat":[1027,1023],"product_tag":[488,639,640,621,620,87],"class_list":{"0":"post-26782","1":"product","2":"type-product","3":"status-publish","4":"has-post-thumbnail","6":"product_brand-black-diamond","7":"product_cat-chalk","8":"product_cat-climbing","9":"product_tag-black-diamond","10":"product_tag-boulder","11":"product_tag-boulder-brush","12":"product_tag-brush","13":"product_tag-climbing-accessories","14":"product_tag-climbing-brush","16":"first","17":"instock","18":"taxable","19":"shipping-taxable","20":"product-type-variable"},"acf":[],"yoast_head":"<!-- This site is optimized with the Yoast SEO plugin v27.3 - https:\/\/yoast.com\/product\/yoast-seo-wordpress\/ -->\n<title>BLACK DIAMOND Bouldering Brush - Medium - Push Climbing<\/title>\n<meta name=\"robots\" content=\"index, follow, max-snippet:-1, max-image-preview:large, max-video-preview:-1\" \/>\n<link rel=\"canonical\" href=\"https:\/\/pushclimbing.vn\/vi\/san-pham\/black-diamond-bouldering-brush-medium\/\" \/>\n<meta property=\"og:locale\" content=\"vi_VN\" \/>\n<meta property=\"og:type\" content=\"article\" \/>\n<meta property=\"og:title\" content=\"BLACK DIAMOND Bouldering Brush - Medium - Push Climbing\" \/>\n<meta property=\"og:description\" content=\"When the holds on your project need a good scrubbing, the BD Boars\u2019 Hair bouldering brush is the right tool for the job. Featuring an innovative tapered head and bristles, this brush reaches those tight constrictions, transforming those greasy crimps into positive holds. The ergonomic handle also allows for nice hand clearance while brushing down the project.   Bouldering Brush - Medium Features    Tapered head and bristles allow for better access to constrictions  Functional handle allows for easy cleaning without knuckle bashing  Sized to fit perfectly in brush holder of Mondo Chalk Pot               &nbsp;\" \/>\n<meta property=\"og:url\" content=\"https:\/\/pushclimbing.vn\/vi\/san-pham\/black-diamond-bouldering-brush-medium\/\" \/>\n<meta property=\"og:site_name\" content=\"Push Climbing\" \/>\n<meta property=\"article:publisher\" content=\"https:\/\/www.facebook.com\/pushrockclimbing\" \/>\n<meta property=\"article:modified_time\" content=\"2025-03-20T04:00:07+00:00\" \/>\n<meta property=\"og:image\" content=\"https:\/\/pushclimbing.vn\/wp-content\/uploads\/2023\/06\/black-diamond-bouldering-brush.jpg\" \/>\n\t<meta property=\"og:image:width\" content=\"1500\" \/>\n\t<meta property=\"og:image:height\" content=\"1500\" \/>\n\t<meta property=\"og:image:type\" content=\"image\/jpeg\" \/>\n<meta name=\"twitter:card\" content=\"summary_large_image\" \/>\n<script type=\"application\/ld+json\" class=\"yoast-schema-graph\">{\"@context\":\"https:\\\/\\\/schema.org\",\"@graph\":[{\"@type\":\"WebPage\",\"@id\":\"https:\\\/\\\/pushclimbing.vn\\\/product\\\/black-diamond-bouldering-brush-medium\\\/\",\"url\":\"https:\\\/\\\/pushclimbing.vn\\\/product\\\/black-diamond-bouldering-brush-medium\\\/\",\"name\":\"BLACK DIAMOND Bouldering Brush - Medium - Push Climbing\",\"isPartOf\":{\"@id\":\"https:\\\/\\\/pushclimbing.vn\\\/#website\"},\"primaryImageOfPage\":{\"@id\":\"https:\\\/\\\/pushclimbing.vn\\\/product\\\/black-diamond-bouldering-brush-medium\\\/#primaryimage\"},\"image\":{\"@id\":\"https:\\\/\\\/pushclimbing.vn\\\/product\\\/black-diamond-bouldering-brush-medium\\\/#primaryimage\"},\"thumbnailUrl\":\"https:\\\/\\\/pushclimbing.vn\\\/wp-content\\\/uploads\\\/2023\\\/06\\\/black-diamond-bouldering-brush.jpg\",\"datePublished\":\"2023-06-29T05:58:06+00:00\",\"dateModified\":\"2025-03-20T04:00:07+00:00\",\"breadcrumb\":{\"@id\":\"https:\\\/\\\/pushclimbing.vn\\\/product\\\/black-diamond-bouldering-brush-medium\\\/#breadcrumb\"},\"inLanguage\":\"vi\",\"potentialAction\":[{\"@type\":\"ReadAction\",\"target\":[\"https:\\\/\\\/pushclimbing.vn\\\/product\\\/black-diamond-bouldering-brush-medium\\\/\"]}]},{\"@type\":\"ImageObject\",\"inLanguage\":\"vi\",\"@id\":\"https:\\\/\\\/pushclimbing.vn\\\/product\\\/black-diamond-bouldering-brush-medium\\\/#primaryimage\",\"url\":\"https:\\\/\\\/pushclimbing.vn\\\/wp-content\\\/uploads\\\/2023\\\/06\\\/black-diamond-bouldering-brush.jpg\",\"contentUrl\":\"https:\\\/\\\/pushclimbing.vn\\\/wp-content\\\/uploads\\\/2023\\\/06\\\/black-diamond-bouldering-brush.jpg\",\"width\":1500,\"height\":1500},{\"@type\":\"BreadcrumbList\",\"@id\":\"https:\\\/\\\/pushclimbing.vn\\\/product\\\/black-diamond-bouldering-brush-medium\\\/#breadcrumb\",\"itemListElement\":[{\"@type\":\"ListItem\",\"position\":1,\"name\":\"Home\",\"item\":\"https:\\\/\\\/pushclimbing.vn\\\/\"},{\"@type\":\"ListItem\",\"position\":2,\"name\":\"Shop\",\"item\":\"https:\\\/\\\/pushclimbing.vn\\\/shop\\\/\"},{\"@type\":\"ListItem\",\"position\":3,\"name\":\"BLACK DIAMOND Bouldering Brush &#8211; Medium\"}]},{\"@type\":\"WebSite\",\"@id\":\"https:\\\/\\\/pushclimbing.vn\\\/#website\",\"url\":\"https:\\\/\\\/pushclimbing.vn\\\/\",\"name\":\"Push Climbing\",\"description\":\"Conquer Your Mountain\",\"publisher\":{\"@id\":\"https:\\\/\\\/pushclimbing.vn\\\/#organization\"},\"potentialAction\":[{\"@type\":\"SearchAction\",\"target\":{\"@type\":\"EntryPoint\",\"urlTemplate\":\"https:\\\/\\\/pushclimbing.vn\\\/?s={search_term_string}\"},\"query-input\":{\"@type\":\"PropertyValueSpecification\",\"valueRequired\":true,\"valueName\":\"search_term_string\"}}],\"inLanguage\":\"vi\"},{\"@type\":\"Organization\",\"@id\":\"https:\\\/\\\/pushclimbing.vn\\\/#organization\",\"name\":\"Push Climbing\",\"url\":\"https:\\\/\\\/pushclimbing.vn\\\/\",\"logo\":{\"@type\":\"ImageObject\",\"inLanguage\":\"vi\",\"@id\":\"https:\\\/\\\/pushclimbing.vn\\\/#\\\/schema\\\/logo\\\/image\\\/\",\"url\":\"https:\\\/\\\/pushclimbing.vn\\\/wp-content\\\/uploads\\\/2022\\\/07\\\/push-logo-canvas.png\",\"contentUrl\":\"https:\\\/\\\/pushclimbing.vn\\\/wp-content\\\/uploads\\\/2022\\\/07\\\/push-logo-canvas.png\",\"width\":400,\"height\":400,\"caption\":\"Push Climbing\"},\"image\":{\"@id\":\"https:\\\/\\\/pushclimbing.vn\\\/#\\\/schema\\\/logo\\\/image\\\/\"},\"sameAs\":[\"https:\\\/\\\/www.facebook.com\\\/pushrockclimbing\"]}]}<\/script>\n<!-- \/ Yoast SEO plugin. -->","yoast_head_json":{"title":"BLACK DIAMOND Bouldering Brush - Medium - Push Climbing","robots":{"index":"index","follow":"follow","max-snippet":"max-snippet:-1","max-image-preview":"max-image-preview:large","max-video-preview":"max-video-preview:-1"},"canonical":"https:\/\/pushclimbing.vn\/vi\/san-pham\/black-diamond-bouldering-brush-medium\/","og_locale":"vi_VN","og_type":"article","og_title":"BLACK DIAMOND Bouldering Brush - Medium - Push Climbing","og_description":"When the holds on your project need a good scrubbing, the BD Boars\u2019 Hair bouldering brush is the right tool for the job. Featuring an innovative tapered head and bristles, this brush reaches those tight constrictions, transforming those greasy crimps into positive holds. The ergonomic handle also allows for nice hand clearance while brushing down the project.   Bouldering Brush - Medium Features    Tapered head and bristles allow for better access to constrictions  Functional handle allows for easy cleaning without knuckle bashing  Sized to fit perfectly in brush holder of Mondo Chalk Pot               &nbsp;","og_url":"https:\/\/pushclimbing.vn\/vi\/san-pham\/black-diamond-bouldering-brush-medium\/","og_site_name":"Push Climbing","article_publisher":"https:\/\/www.facebook.com\/pushrockclimbing","article_modified_time":"2025-03-20T04:00:07+00:00","og_image":[{"width":1500,"height":1500,"url":"https:\/\/pushclimbing.vn\/wp-content\/uploads\/2023\/06\/black-diamond-bouldering-brush.jpg","type":"image\/jpeg"}],"twitter_card":"summary_large_image","schema":{"@context":"https:\/\/schema.org","@graph":[{"@type":"WebPage","@id":"https:\/\/pushclimbing.vn\/product\/black-diamond-bouldering-brush-medium\/","url":"https:\/\/pushclimbing.vn\/product\/black-diamond-bouldering-brush-medium\/","name":"BLACK DIAMOND Bouldering Brush - Medium - Push Climbing","isPartOf":{"@id":"https:\/\/pushclimbing.vn\/#website"},"primaryImageOfPage":{"@id":"https:\/\/pushclimbing.vn\/product\/black-diamond-bouldering-brush-medium\/#primaryimage"},"image":{"@id":"https:\/\/pushclimbing.vn\/product\/black-diamond-bouldering-brush-medium\/#primaryimage"},"thumbnailUrl":"https:\/\/pushclimbing.vn\/wp-content\/uploads\/2023\/06\/black-diamond-bouldering-brush.jpg","datePublished":"2023-06-29T05:58:06+00:00","dateModified":"2025-03-20T04:00:07+00:00","breadcrumb":{"@id":"https:\/\/pushclimbing.vn\/product\/black-diamond-bouldering-brush-medium\/#breadcrumb"},"inLanguage":"vi","potentialAction":[{"@type":"ReadAction","target":["https:\/\/pushclimbing.vn\/product\/black-diamond-bouldering-brush-medium\/"]}]},{"@type":"ImageObject","inLanguage":"vi","@id":"https:\/\/pushclimbing.vn\/product\/black-diamond-bouldering-brush-medium\/#primaryimage","url":"https:\/\/pushclimbing.vn\/wp-content\/uploads\/2023\/06\/black-diamond-bouldering-brush.jpg","contentUrl":"https:\/\/pushclimbing.vn\/wp-content\/uploads\/2023\/06\/black-diamond-bouldering-brush.jpg","width":1500,"height":1500},{"@type":"BreadcrumbList","@id":"https:\/\/pushclimbing.vn\/product\/black-diamond-bouldering-brush-medium\/#breadcrumb","itemListElement":[{"@type":"ListItem","position":1,"name":"Home","item":"https:\/\/pushclimbing.vn\/"},{"@type":"ListItem","position":2,"name":"Shop","item":"https:\/\/pushclimbing.vn\/shop\/"},{"@type":"ListItem","position":3,"name":"BLACK DIAMOND Bouldering Brush &#8211; Medium"}]},{"@type":"WebSite","@id":"https:\/\/pushclimbing.vn\/#website","url":"https:\/\/pushclimbing.vn\/","name":"Push Climbing","description":"Conquer Your Mountain","publisher":{"@id":"https:\/\/pushclimbing.vn\/#organization"},"potentialAction":[{"@type":"SearchAction","target":{"@type":"EntryPoint","urlTemplate":"https:\/\/pushclimbing.vn\/?s={search_term_string}"},"query-input":{"@type":"PropertyValueSpecification","valueRequired":true,"valueName":"search_term_string"}}],"inLanguage":"vi"},{"@type":"Organization","@id":"https:\/\/pushclimbing.vn\/#organization","name":"Push Climbing","url":"https:\/\/pushclimbing.vn\/","logo":{"@type":"ImageObject","inLanguage":"vi","@id":"https:\/\/pushclimbing.vn\/#\/schema\/logo\/image\/","url":"https:\/\/pushclimbing.vn\/wp-content\/uploads\/2022\/07\/push-logo-canvas.png","contentUrl":"https:\/\/pushclimbing.vn\/wp-content\/uploads\/2022\/07\/push-logo-canvas.png","width":400,"height":400,"caption":"Push Climbing"},"image":{"@id":"https:\/\/pushclimbing.vn\/#\/schema\/logo\/image\/"},"sameAs":["https:\/\/www.facebook.com\/pushrockclimbing"]}]}},"_links":{"self":[{"href":"https:\/\/pushclimbing.vn\/vi\/wp-json\/wp\/v2\/product\/26782","targetHints":{"allow":["GET"]}}],"collection":[{"href":"https:\/\/pushclimbing.vn\/vi\/wp-json\/wp\/v2\/product"}],"about":[{"href":"https:\/\/pushclimbing.vn\/vi\/wp-json\/wp\/v2\/types\/product"}],"replies":[{"embeddable":true,"href":"https:\/\/pushclimbing.vn\/vi\/wp-json\/wp\/v2\/comments?post=26782"}],"wp:featuredmedia":[{"embeddable":true,"href":"https:\/\/pushclimbing.vn\/vi\/wp-json\/wp\/v2\/media\/26787"}],"wp:attachment":[{"href":"https:\/\/pushclimbing.vn\/vi\/wp-json\/wp\/v2\/media?parent=26782"}],"wp:term":[{"taxonomy":"product_brand","embeddable":true,"href":"https:\/\/pushclimbing.vn\/vi\/wp-json\/wp\/v2\/product_brand?post=26782"},{"taxonomy":"product_cat","embeddable":true,"href":"https:\/\/pushclimbing.vn\/vi\/wp-json\/wp\/v2\/product_cat?post=26782"},{"taxonomy":"product_tag","embeddable":true,"href":"https:\/\/pushclimbing.vn\/vi\/wp-json\/wp\/v2\/product_tag?post=26782"}],"curies":[{"name":"wp","href":"https:\/\/api.w.org\/{rel}","templated":true}]}}