{"id":25750,"date":"2023-04-14T11:18:58","date_gmt":"2023-04-14T04:18:58","guid":{"rendered":"https:\/\/pushclimbing.vn\/?post_type=product&#038;p=25750"},"modified":"2025-03-20T10:35:01","modified_gmt":"2025-03-20T03:35:01","slug":"petzl-hirundos-harness","status":"publish","type":"product","link":"https:\/\/pushclimbing.vn\/vi\/san-pham\/petzl-hirundos-harness\/","title":{"rendered":"\u0110ai Leo N\u00fai PETZL Hirundos"},"content":{"rendered":"<div class=\"fusion-fullwidth fullwidth-box fusion-builder-row-1 fusion-flex-container nonhundred-percent-fullwidth non-hundred-percent-height-scrolling\" style=\"--awb-border-radius-top-left:0px;--awb-border-radius-top-right:0px;--awb-border-radius-bottom-right:0px;--awb-border-radius-bottom-left:0px;--awb-flex-wrap:wrap;\" ><div class=\"fusion-builder-row fusion-row fusion-flex-align-items-flex-start fusion-flex-content-wrap\" style=\"max-width:1216.8px;margin-left: calc(-4% \/ 2 );margin-right: calc(-4% \/ 2 );\"><div class=\"fusion-layout-column fusion_builder_column fusion-builder-column-0 fusion_builder_column_1_1 1_1 fusion-flex-column\" style=\"--awb-bg-size:cover;--awb-width-large:100%;--awb-margin-top-large:0px;--awb-spacing-right-large:1.92%;--awb-margin-bottom-large:0px;--awb-spacing-left-large:1.92%;--awb-width-medium:100%;--awb-spacing-right-medium:1.92%;--awb-spacing-left-medium:1.92%;--awb-width-small:100%;--awb-spacing-right-small:1.92%;--awb-spacing-left-small:1.92%;\"><div class=\"fusion-column-wrapper fusion-flex-justify-content-flex-start fusion-content-layout-column\"><div class=\"fusion-text fusion-text-1\"><h3>M\u00f4 t\u1ea3 s\u1ea3n ph\u1ea9m<\/h3>\n<div class=\"list\">\n<ul>\n<li>Nh\u1eb9 v\u00e0 gi\u00fap t\u1ef1 do v\u1eadn \u0111\u1ed9ng:<br \/>\n\u2013 D\u00e2y \u0111ai eo m\u1ecfng, linh ho\u1ea1t v\u00e0 nh\u1eb9 ph\u00f9 h\u1ee3p cho nh\u1eefng ng\u01b0\u1eddi leo chuy\u00ean nghi\u1ec7p \u0111\u1ec3 c\u00f3 s\u1ef1 t\u1ef1 do t\u1ed1i \u0111a trong v\u1eadn \u0111\u1ed9ng.<br \/>\n\u2013 G\u00e2n \u0111\u00f9i linh ho\u1ea1t gi\u00fap t\u0103ng c\u01b0\u1eddng tho\u1ea3i m\u00e1i t\u1ed1i \u0111a khi leo ho\u1eb7c trong qu\u00e1 tr\u00ecnh ti\u1ebfp c\u1eadn.<br \/>\n\u2013 D\u00e2y \u0111\u00f9i co gi\u00e3n gi\u00fap y\u00ean \u0111\u1ee1 lu\u00f4n duy tr\u00ec \u0111\u1ed9 v\u1eeba v\u1eb7n m\u1ed9t c\u00e1ch ho\u00e0n h\u1ea3o.<\/li>\n<li>Tho\u1ea3i m\u00e1i khi treo:<br \/>\n\u2013 C\u1ea5u tr\u00fac FUSEFRAME v\u1edbi b\u1ecdt polyurethane \u0111\u01b0\u1ee3c t\u1ea1o h\u00ecnh nhi\u1ec7t \u0111\u00f3ng k\u00edn \u0111\u1ec3 mang l\u1ea1i s\u1ef1 tho\u1ea3i m\u00e1i li\u00ean t\u1ee5c trong su\u1ed1t tu\u1ed5i th\u1ecd c\u1ee7a y\u00ean \u0111\u1ee1.<br \/>\n\u2013 D\u00e2y \u0111ai eo c\u00f3 vi\u1ec1n may m\u1ec1m m\u1ea1i t\u1ea1o th\u00eam s\u1ef1 tho\u1ea3i m\u00e1i.<br \/>\n\u2013 L\u1edbp v\u1ea3i b\u00ean trong tho\u00e1ng kh\u00ed, h\u00fat \u1ea9m.<\/li>\n<li>\u0110a n\u0103ng, cho leo tr\u00e8o ho\u1eb7c leo n\u00fai:<br \/>\n\u2013 Hai v\u00f2ng n\u1ed1i d\u1ee5ng c\u1ee5 ph\u00eda tr\u01b0\u1edbc m\u1ec1m d\u1ebbo \u0111\u1ec3 d\u1ec5 d\u00e0ng k\u1eb9p v\u00e0 m\u1edf k\u1eb9p \u0111inh leo nhanh.<br \/>\n\u2013 Hai v\u00f2ng n\u1ed1i d\u1ee5ng c\u1ee5 ph\u00eda sau linh ho\u1ea1t, g\u00f3c nghi\u00eang \u0111\u1ec3 \u0111em d\u1ee5ng c\u1ee5 ra ph\u00eda tr\u01b0\u1edbc v\u00e0 tho\u1ea3i m\u00e1i khi mang balo.<br \/>\n\u2013 V\u00f2ng n\u1ed1i d\u1ee5ng c\u1ee5 ph\u00eda sau \u0111\u1ec3 t\u00fai ph\u1ea5n, gi\u00e0y, li\u00ean k\u1ebft nhanh, d\u00e2y \u0111u, ho\u1eb7c d\u1ee5ng c\u1ee5 kh\u00e1c.<br \/>\n\u2013 C\u00f3 kh\u1ea3 n\u0103ng g\u1eafn \u0111inh b\u0103ng v\u1edbi vi\u1ec7c th\u00eam m\u1ed9t ho\u1eb7c nhi\u1ec1u v\u1ecb tr\u00ed \u0111inh b\u0103ng CARITOOL EVO.<br \/>\n\u2013 D\u00e2y \u0111ai eo trang b\u1ecb kh\u00f3a DOUBLEBACK HD gi\u00fap d\u00e2y \u0111ai tr\u01b0\u1ee3t m\u01b0\u1ee3t v\u00e0 \u0111i\u1ec1u ch\u1ec9nh d\u1ec5 d\u00e0ng nhanh ch\u00f3ng.<br \/>\n\u2013 V\u1ea3i b\u00ean ngo\u00e0i b\u1ec1n v\u00e0 kh\u00f3a \u0111i\u1ec1u ch\u1ec9nh DOUBLEBACK HD \u0111\u1ec3 t\u1ed1i \u01b0u tu\u1ed5i th\u1ecd.<br \/>\n\u2013 \u0110i\u1ec3m n\u1ed1i kh\u00f3a b\u1eb1ng polyethylene cao c\u1ea5p \u0111\u01b0\u1ee3c t\u0103ng c\u01b0\u1eddng gi\u00fap t\u0103ng kh\u1ea3 n\u0103ng ch\u1ed1ng ma s\u00e1t v\u00e0 \u0111\u1ed9 b\u1ec1n l\u1edbn.<br \/>\n\u2013 Y\u00ean \u0111\u1ee1 g\u1ecdn khi g\u1eadp l\u1ea1i.<br \/>\n\u2013 D\u00e2y \u0111\u00f9i c\u00f3 th\u1ec3 \u0111i\u1ec1u ch\u1ec9nh v\u00e0 th\u00e1o r\u1eddi.<\/li>\n<\/ul>\n<\/div>\n<h3>Th\u00f4ng s\u1ed1 k\u1ef9 thu\u1eadt:<\/h3>\n<div class=\"list\">\n<ul>\n<li>Material(s): Nylon, polyester, EVA, polyurethane, aluminum, high-modulus polyethylene<\/li>\n<li>Certification(s): CE EN 12277 type C, UKCA, UIAA<\/li>\n<\/ul>\n<\/div>\n<h3>Th\u00f4ng s\u1ed1 hi\u1ec3n th\u1ecb<\/h3>\n<table>\n<tbody>\n<tr>\n<th class=\"rowTitle\">Th\u00f4ng s\u1ed1 hi\u1ec3n th\u1ecb<\/th>\n<th>C036BA00<\/th>\n<th>C036BA01<\/th>\n<th>C036BA02<\/th>\n<th>C036BA03<\/th>\n<th>C036CA00<\/th>\n<th>C036CA01<\/th>\n<\/tr>\n<tr>\n<td class=\"rowTitle\">M\u00e0u s\u1eafc<\/td>\n<td>Cam<\/td>\n<td>Cam<\/td>\n<td>Cam<\/td>\n<td>Cam<\/td>\n<td>\u0110en<\/td>\n<td>\u0110en<\/td>\n<\/tr>\n<tr>\n<td class=\"rowTitle\">K\u00edch c\u1ee1<\/td>\n<td>XS<\/td>\n<td>S<\/td>\n<td>M<\/td>\n<td>L<\/td>\n<td>XS<\/td>\n<td>S<\/td>\n<\/tr>\n<tr>\n<td class=\"rowTitle\">V\u00f2ng eo<\/td>\n<td>65-71 cm<\/td>\n<td>71-77 cm<\/td>\n<td>77-84 cm<\/td>\n<td>84-92 cm<\/td>\n<td>65-71 cm<\/td>\n<td>71-77 cm<\/td>\n<\/tr>\n<tr>\n<td class=\"rowTitle\">V\u00f2ng ch\u00e2n<\/td>\n<td>48-53 cm<\/td>\n<td>48-53 cm<\/td>\n<td>52-57 cm<\/td>\n<td>55-60 cm<\/td>\n<td>48-53 cm<\/td>\n<td>48-53 cm<\/td>\n<\/tr>\n<tr>\n<td class=\"rowTitle\">Tr\u1ecdng l\u01b0\u1ee3ng<\/td>\n<td>270 g<\/td>\n<td>290 g<\/td>\n<td>310 g<\/td>\n<td>330 g<\/td>\n<td>270 g<\/td>\n<td>290 g<\/td>\n<\/tr>\n<tr>\n<td class=\"rowTitle\">B\u1ea3o h\u00e0nh<\/td>\n<td>3 years<\/td>\n<td>3 years<\/td>\n<td>3 years<\/td>\n<td>3 years<\/td>\n<td>3 years<\/td>\n<td>3 years<\/td>\n<\/tr>\n<tr>\n<td class=\"rowTitle\">S\u1ed1 l\u01b0\u1ee3ng b\u00ean trong<\/td>\n<td>1<\/td>\n<td>1<\/td>\n<td>1<\/td>\n<td>1<\/td>\n<td>1<\/td>\n<td>1<\/td>\n<\/tr>\n<\/tbody>\n<\/table>\n<table>\n<tbody>\n<tr>\n<th class=\"rowTitle\">Th\u00f4ng s\u1ed1 hi\u1ec3n th\u1ecb<\/th>\n<th>C036CA02<\/th>\n<th>C036CA03<\/th>\n<\/tr>\n<tr>\n<td class=\"rowTitle\">M\u00e0u s\u1eafc<\/td>\n<td>\u0110en<\/td>\n<td>\u0110en<\/td>\n<\/tr>\n<tr>\n<td class=\"rowTitle\">K\u00edch c\u1ee1<\/td>\n<td>M<\/td>\n<td>L<\/td>\n<\/tr>\n<tr>\n<td class=\"rowTitle\">V\u00f2ng eo<\/td>\n<td>77-84 cm<\/td>\n<td>84-92 cm<\/td>\n<\/tr>\n<tr>\n<td class=\"rowTitle\">V\u00f2ng ch\u00e2n<\/td>\n<td>52-57 cm<\/td>\n<td>55-60 cm<\/td>\n<\/tr>\n<tr>\n<td class=\"rowTitle\">Tr\u1ecdng l\u01b0\u1ee3ng<\/td>\n<td>310 g<\/td>\n<td>330 g<\/td>\n<\/tr>\n<tr>\n<td class=\"rowTitle\">B\u1ea3o h\u00e0nh<\/td>\n<td>3 years<\/td>\n<td>3 years<\/td>\n<\/tr>\n<tr>\n<td class=\"rowTitle\">S\u1ed1 l\u01b0\u1ee3ng b\u00ean trong<\/td>\n<td>1<\/td>\n<td>1<\/td>\n<\/tr>\n<\/tbody>\n<\/table>\n<hr \/>\n<p><strong>Nh\u1eb9 v\u00e0 gi\u00fap t\u1ef1 do v\u1eadn \u0111\u1ed9ng:<\/strong><br \/>\n&#8211; D\u00e2y \u0111ai eo m\u1ecfng, linh ho\u1ea1t v\u00e0 nh\u1eb9 ph\u00f9 h\u1ee3p cho nh\u1eefng ng\u01b0\u1eddi leo chuy\u00ean nghi\u1ec7p \u0111\u1ec3 c\u00f3 s\u1ef1 t\u1ef1 do t\u1ed1i \u0111a trong v\u1eadn \u0111\u1ed9ng.<br \/>\n&#8211; G\u00e2n \u0111\u00f9i linh ho\u1ea1t gi\u00fap t\u0103ng c\u01b0\u1eddng tho\u1ea3i m\u00e1i t\u1ed1i \u0111a khi leo ho\u1eb7c trong qu\u00e1 tr\u00ecnh ti\u1ebfp c\u1eadn.<br \/>\n&#8211; D\u00e2y \u0111\u00f9i co gi\u00e3n gi\u00fap y\u00ean \u0111\u1ee1 lu\u00f4n duy tr\u00ec \u0111\u1ed9 v\u1eeba v\u1eb7n m\u1ed9t c\u00e1ch ho\u00e0n h\u1ea3o.<br \/>\n<strong>Tho\u1ea3i m\u00e1i khi treo:<\/strong><br \/>\n&#8211; C\u1ea5u tr\u00fac FUSEFRAME v\u1edbi b\u1ecdt polyurethane \u0111\u01b0\u1ee3c t\u1ea1o h\u00ecnh nhi\u1ec7t \u0111\u00f3ng k\u00edn \u0111\u1ec3 mang l\u1ea1i s\u1ef1 tho\u1ea3i m\u00e1i li\u00ean t\u1ee5c trong su\u1ed1t tu\u1ed5i th\u1ecd c\u1ee7a y\u00ean \u0111\u1ee1.<br \/>\n&#8211; D\u00e2y \u0111ai eo c\u00f3 vi\u1ec1n may m\u1ec1m m\u1ea1i t\u1ea1o th\u00eam s\u1ef1 tho\u1ea3i m\u00e1i.<br \/>\n&#8211; L\u1edbp v\u1ea3i b\u00ean trong tho\u00e1ng kh\u00ed, h\u00fat \u1ea9m.<br \/>\n<strong>\u0110a n\u0103ng, cho leo tr\u00e8o ho\u1eb7c leo n\u00fai:<\/strong><br \/>\n&#8211; Hai v\u00f2ng n\u1ed1i d\u1ee5ng c\u1ee5 ph\u00eda tr\u01b0\u1edbc m\u1ec1m d\u1ebbo \u0111\u1ec3 d\u1ec5 d\u00e0ng k\u1eb9p v\u00e0 m\u1edf k\u1eb9p \u0111inh leo nhanh.<br \/>\n&#8211; Hai v\u00f2ng n\u1ed1i d\u1ee5ng c\u1ee5 ph\u00eda sau linh ho\u1ea1t, g\u00f3c nghi\u00eang \u0111\u1ec3 \u0111em d\u1ee5ng c\u1ee5 ra ph\u00eda tr\u01b0\u1edbc v\u00e0 tho\u1ea3i m\u00e1i khi mang balo.<br \/>\n&#8211; V\u00f2ng n\u1ed1i d\u1ee5ng c\u1ee5 ph\u00eda sau \u0111\u1ec3 t\u00fai ph\u1ea5n, gi\u00e0y, li\u00ean k\u1ebft nhanh, d\u00e2y \u0111u, ho\u1eb7c d\u1ee5ng c\u1ee5 kh\u00e1c.<br \/>\n&#8211; C\u00f3 kh\u1ea3 n\u0103ng g\u1eafn \u0111inh b\u0103ng v\u1edbi vi\u1ec7c th\u00eam m\u1ed9t ho\u1eb7c nhi\u1ec1u v\u1ecb tr\u00ed \u0111inh b\u0103ng CARITOOL EVO.<br \/>\n&#8211; D\u00e2y \u0111ai eo trang b\u1ecb kh\u00f3a DOUBLEBACK HD gi\u00fap d\u00e2y \u0111ai tr\u01b0\u1ee3t m\u01b0\u1ee3t v\u00e0 \u0111i\u1ec1u ch\u1ec9nh d\u1ec5 d\u00e0ng nhanh ch\u00f3ng.<br \/>\n&#8211; V\u1ea3i b\u00ean ngo\u00e0i b\u1ec1n v\u00e0 kh\u00f3a \u0111i\u1ec1u ch\u1ec9nh DOUBLEBACK HD \u0111\u1ec3 t\u1ed1i \u01b0u tu\u1ed5i th\u1ecd.<br \/>\n&#8211; \u0110i\u1ec3m n\u1ed1i kh\u00f3a b\u1eb1ng polyethylene cao c\u1ea5p \u0111\u01b0\u1ee3c t\u0103ng c\u01b0\u1eddng gi\u00fap t\u0103ng kh\u1ea3 n\u0103ng ch\u1ed1ng ma s\u00e1t v\u00e0 \u0111\u1ed9 b\u1ec1n l\u1edbn.<br \/>\n&#8211; Y\u00ean \u0111\u1ee1 g\u1ecdn khi g\u1eadp l\u1ea1i.<br \/>\n&#8211; D\u00e2y \u0111\u00f9i c\u00f3 th\u1ec3 \u0111i\u1ec1u ch\u1ec9nh v\u00e0 th\u00e1o r\u1eddi.<\/p>\n<\/div><\/div><\/div><\/div><\/div>","protected":false},"excerpt":{"rendered":"<p class=\"productSubtitle\"><strong>\u0110ai b\u1ea3o h\u1ed9 leo n\u00fai nh\u1eb9 v\u00e0 tho\u1ea3i m\u00e1i cho hi\u1ec7u su\u1ea5t khi leo!<\/strong><\/p>\n<div class=\"productCaracteristiquesPosition inlineblock\">\n<p class=\"productCaracteristiques inlineblock\">\u0110ai b\u1ea3o h\u1ed9 l\u00fd t\u01b0\u1edfng \u0111\u1ec3 v\u01b0\u1ee3t qua nh\u1eefng \u0111i\u1ec3m kh\u00f3! HIRUNDOS d\u00e0nh cho nh\u1eefng ng\u01b0\u1eddi leo n\u00fai chuy\u00ean nghi\u1ec7p \u1edf ph\u00f2ng t\u1eadp ho\u1eb7c ngo\u1ea1i tr\u1eddi. \u0110ai b\u1ea3o h\u1ed9 m\u1ecfng nh\u1eb9 n\u00e0y mang l\u1ea1i s\u1ef1 t\u1ef1 do v\u1eadn \u0111\u1ed9ng ho\u00e0n to\u00e0n m\u00e0 kh\u00f4ng g\u00e2y \u1ea3nh h\u01b0\u1edfng \u0111\u1ebfn s\u1ef1 tho\u1ea3i m\u00e1i khi b\u1ea1n treo. B\u1ed1n v\u00f2ng \u0111eo \u0111\u1ed3 gi\u00fap b\u1ea1n c\u00f3 th\u1ec3 \u0111\u1eb7t t\u1ea5t c\u1ea3 d\u1ee5ng c\u1ee5 c\u1ea7n thi\u1ebft cho c\u00e1c chuy\u1ebfn phi\u00eau l\u01b0u tr\u00ean n\u00fai v\u00e0 \u0111i\u1ec3m n\u1ed1i \u0111\u01b0\u1ee3c t\u0103ng c\u01b0\u1eddng gi\u00fap \u0111\u1ed9 b\u1ec1n ch\u1ed1ng ma s\u00e1t c\u1ee7a d\u00e2y k\u00e9o \u0111\u01b0\u1ee3c k\u00e9o d\u00e0i.<\/p>\n<p>&nbsp;<\/p>\n<\/div>","protected":false},"featured_media":25751,"comment_status":"open","ping_status":"closed","template":"","meta":{"_acf_changed":false},"product_brand":[1014],"product_cat":[1023,1025],"product_tag":[481,31,734,490],"class_list":{"0":"post-25750","1":"product","2":"type-product","3":"status-publish","4":"has-post-thumbnail","6":"product_brand-petzl","7":"product_cat-climbing","8":"product_cat-harness","9":"product_tag-climbing-harnesss","10":"product_tag-harness","11":"product_tag-hirundos","12":"product_tag-petzl","14":"first","15":"onbackorder","16":"taxable","17":"shipping-taxable","18":"product-type-variable"},"acf":[],"yoast_head":"<!-- This site is optimized with the Yoast SEO plugin v27.5 - https:\/\/yoast.com\/product\/yoast-seo-wordpress\/ -->\n<title>PETZL Hirundos Harness - Push Climbing<\/title>\n<meta name=\"robots\" content=\"index, follow, max-snippet:-1, max-image-preview:large, max-video-preview:-1\" \/>\n<link rel=\"canonical\" href=\"https:\/\/pushclimbing.vn\/vi\/san-pham\/petzl-hirundos-harness\/\" \/>\n<meta property=\"og:locale\" content=\"vi_VN\" \/>\n<meta property=\"og:type\" content=\"article\" \/>\n<meta property=\"og:title\" content=\"PETZL Hirundos Harness - Push Climbing\" \/>\n<meta property=\"og:description\" content=\"Lightweight and comfortable climbing harness for performance while climbing!   The ideal harness for linking cruxes! HIRUNDOS is for athletic climbers for climbing at the gym or the crag. This slim and lightweight harness gives you total freedom of movement without compromising comfort when you\u2019re hanging. Four gear loops allow you to rack all the gear you need for excursions in the mountains and reinforced tie-in points help provide lasting resistance to rope friction. &nbsp;\" \/>\n<meta property=\"og:url\" content=\"https:\/\/pushclimbing.vn\/vi\/san-pham\/petzl-hirundos-harness\/\" \/>\n<meta property=\"og:site_name\" content=\"Push Climbing\" \/>\n<meta property=\"article:publisher\" content=\"https:\/\/www.facebook.com\/pushrockclimbing\" \/>\n<meta property=\"article:modified_time\" content=\"2025-03-20T03:35:01+00:00\" \/>\n<meta property=\"og:image\" content=\"https:\/\/pushclimbing.vn\/wp-content\/uploads\/2023\/04\/HIRUNDOS.jpeg\" \/>\n\t<meta property=\"og:image:width\" content=\"1200\" \/>\n\t<meta property=\"og:image:height\" content=\"1062\" \/>\n\t<meta property=\"og:image:type\" content=\"image\/jpeg\" \/>\n<meta name=\"twitter:card\" content=\"summary_large_image\" \/>\n<meta name=\"twitter:label1\" content=\"\u01af\u1edbc t\u00ednh th\u1eddi gian \u0111\u1ecdc\" \/>\n\t<meta name=\"twitter:data1\" content=\"3 ph\u00fat\" \/>\n<script type=\"application\/ld+json\" class=\"yoast-schema-graph\">{\"@context\":\"https:\\\/\\\/schema.org\",\"@graph\":[{\"@type\":\"WebPage\",\"@id\":\"https:\\\/\\\/pushclimbing.vn\\\/product\\\/petzl-hirundos-harness\\\/\",\"url\":\"https:\\\/\\\/pushclimbing.vn\\\/product\\\/petzl-hirundos-harness\\\/\",\"name\":\"PETZL Hirundos Harness - Push Climbing\",\"isPartOf\":{\"@id\":\"https:\\\/\\\/pushclimbing.vn\\\/#website\"},\"primaryImageOfPage\":{\"@id\":\"https:\\\/\\\/pushclimbing.vn\\\/product\\\/petzl-hirundos-harness\\\/#primaryimage\"},\"image\":{\"@id\":\"https:\\\/\\\/pushclimbing.vn\\\/product\\\/petzl-hirundos-harness\\\/#primaryimage\"},\"thumbnailUrl\":\"https:\\\/\\\/pushclimbing.vn\\\/wp-content\\\/uploads\\\/2023\\\/04\\\/HIRUNDOS.jpeg\",\"datePublished\":\"2023-04-14T04:18:58+00:00\",\"dateModified\":\"2025-03-20T03:35:01+00:00\",\"breadcrumb\":{\"@id\":\"https:\\\/\\\/pushclimbing.vn\\\/product\\\/petzl-hirundos-harness\\\/#breadcrumb\"},\"inLanguage\":\"vi\",\"potentialAction\":[{\"@type\":\"ReadAction\",\"target\":[\"https:\\\/\\\/pushclimbing.vn\\\/product\\\/petzl-hirundos-harness\\\/\"]}]},{\"@type\":\"ImageObject\",\"inLanguage\":\"vi\",\"@id\":\"https:\\\/\\\/pushclimbing.vn\\\/product\\\/petzl-hirundos-harness\\\/#primaryimage\",\"url\":\"https:\\\/\\\/pushclimbing.vn\\\/wp-content\\\/uploads\\\/2023\\\/04\\\/HIRUNDOS.jpeg\",\"contentUrl\":\"https:\\\/\\\/pushclimbing.vn\\\/wp-content\\\/uploads\\\/2023\\\/04\\\/HIRUNDOS.jpeg\",\"width\":1200,\"height\":1062},{\"@type\":\"BreadcrumbList\",\"@id\":\"https:\\\/\\\/pushclimbing.vn\\\/product\\\/petzl-hirundos-harness\\\/#breadcrumb\",\"itemListElement\":[{\"@type\":\"ListItem\",\"position\":1,\"name\":\"Home\",\"item\":\"https:\\\/\\\/pushclimbing.vn\\\/\"},{\"@type\":\"ListItem\",\"position\":2,\"name\":\"Shop\",\"item\":\"https:\\\/\\\/pushclimbing.vn\\\/shop\\\/\"},{\"@type\":\"ListItem\",\"position\":3,\"name\":\"PETZL Hirundos Harness\"}]},{\"@type\":\"WebSite\",\"@id\":\"https:\\\/\\\/pushclimbing.vn\\\/#website\",\"url\":\"https:\\\/\\\/pushclimbing.vn\\\/\",\"name\":\"Push Climbing\",\"description\":\"Conquer Your Mountain\",\"publisher\":{\"@id\":\"https:\\\/\\\/pushclimbing.vn\\\/#organization\"},\"potentialAction\":[{\"@type\":\"SearchAction\",\"target\":{\"@type\":\"EntryPoint\",\"urlTemplate\":\"https:\\\/\\\/pushclimbing.vn\\\/?s={search_term_string}\"},\"query-input\":{\"@type\":\"PropertyValueSpecification\",\"valueRequired\":true,\"valueName\":\"search_term_string\"}}],\"inLanguage\":\"vi\"},{\"@type\":\"Organization\",\"@id\":\"https:\\\/\\\/pushclimbing.vn\\\/#organization\",\"name\":\"Push Climbing\",\"url\":\"https:\\\/\\\/pushclimbing.vn\\\/\",\"logo\":{\"@type\":\"ImageObject\",\"inLanguage\":\"vi\",\"@id\":\"https:\\\/\\\/pushclimbing.vn\\\/#\\\/schema\\\/logo\\\/image\\\/\",\"url\":\"https:\\\/\\\/pushclimbing.vn\\\/wp-content\\\/uploads\\\/2022\\\/07\\\/push-logo-canvas.png\",\"contentUrl\":\"https:\\\/\\\/pushclimbing.vn\\\/wp-content\\\/uploads\\\/2022\\\/07\\\/push-logo-canvas.png\",\"width\":400,\"height\":400,\"caption\":\"Push Climbing\"},\"image\":{\"@id\":\"https:\\\/\\\/pushclimbing.vn\\\/#\\\/schema\\\/logo\\\/image\\\/\"},\"sameAs\":[\"https:\\\/\\\/www.facebook.com\\\/pushrockclimbing\"]}]}<\/script>\n<!-- \/ Yoast SEO plugin. -->","yoast_head_json":{"title":"PETZL Hirundos Harness - Push Climbing","robots":{"index":"index","follow":"follow","max-snippet":"max-snippet:-1","max-image-preview":"max-image-preview:large","max-video-preview":"max-video-preview:-1"},"canonical":"https:\/\/pushclimbing.vn\/vi\/san-pham\/petzl-hirundos-harness\/","og_locale":"vi_VN","og_type":"article","og_title":"PETZL Hirundos Harness - Push Climbing","og_description":"Lightweight and comfortable climbing harness for performance while climbing!   The ideal harness for linking cruxes! HIRUNDOS is for athletic climbers for climbing at the gym or the crag. This slim and lightweight harness gives you total freedom of movement without compromising comfort when you\u2019re hanging. Four gear loops allow you to rack all the gear you need for excursions in the mountains and reinforced tie-in points help provide lasting resistance to rope friction. &nbsp;","og_url":"https:\/\/pushclimbing.vn\/vi\/san-pham\/petzl-hirundos-harness\/","og_site_name":"Push Climbing","article_publisher":"https:\/\/www.facebook.com\/pushrockclimbing","article_modified_time":"2025-03-20T03:35:01+00:00","og_image":[{"width":1200,"height":1062,"url":"https:\/\/pushclimbing.vn\/wp-content\/uploads\/2023\/04\/HIRUNDOS.jpeg","type":"image\/jpeg"}],"twitter_card":"summary_large_image","twitter_misc":{"\u01af\u1edbc t\u00ednh th\u1eddi gian \u0111\u1ecdc":"3 ph\u00fat"},"schema":{"@context":"https:\/\/schema.org","@graph":[{"@type":"WebPage","@id":"https:\/\/pushclimbing.vn\/product\/petzl-hirundos-harness\/","url":"https:\/\/pushclimbing.vn\/product\/petzl-hirundos-harness\/","name":"PETZL Hirundos Harness - Push Climbing","isPartOf":{"@id":"https:\/\/pushclimbing.vn\/#website"},"primaryImageOfPage":{"@id":"https:\/\/pushclimbing.vn\/product\/petzl-hirundos-harness\/#primaryimage"},"image":{"@id":"https:\/\/pushclimbing.vn\/product\/petzl-hirundos-harness\/#primaryimage"},"thumbnailUrl":"https:\/\/pushclimbing.vn\/wp-content\/uploads\/2023\/04\/HIRUNDOS.jpeg","datePublished":"2023-04-14T04:18:58+00:00","dateModified":"2025-03-20T03:35:01+00:00","breadcrumb":{"@id":"https:\/\/pushclimbing.vn\/product\/petzl-hirundos-harness\/#breadcrumb"},"inLanguage":"vi","potentialAction":[{"@type":"ReadAction","target":["https:\/\/pushclimbing.vn\/product\/petzl-hirundos-harness\/"]}]},{"@type":"ImageObject","inLanguage":"vi","@id":"https:\/\/pushclimbing.vn\/product\/petzl-hirundos-harness\/#primaryimage","url":"https:\/\/pushclimbing.vn\/wp-content\/uploads\/2023\/04\/HIRUNDOS.jpeg","contentUrl":"https:\/\/pushclimbing.vn\/wp-content\/uploads\/2023\/04\/HIRUNDOS.jpeg","width":1200,"height":1062},{"@type":"BreadcrumbList","@id":"https:\/\/pushclimbing.vn\/product\/petzl-hirundos-harness\/#breadcrumb","itemListElement":[{"@type":"ListItem","position":1,"name":"Home","item":"https:\/\/pushclimbing.vn\/"},{"@type":"ListItem","position":2,"name":"Shop","item":"https:\/\/pushclimbing.vn\/shop\/"},{"@type":"ListItem","position":3,"name":"PETZL Hirundos Harness"}]},{"@type":"WebSite","@id":"https:\/\/pushclimbing.vn\/#website","url":"https:\/\/pushclimbing.vn\/","name":"Push Climbing","description":"Conquer Your Mountain","publisher":{"@id":"https:\/\/pushclimbing.vn\/#organization"},"potentialAction":[{"@type":"SearchAction","target":{"@type":"EntryPoint","urlTemplate":"https:\/\/pushclimbing.vn\/?s={search_term_string}"},"query-input":{"@type":"PropertyValueSpecification","valueRequired":true,"valueName":"search_term_string"}}],"inLanguage":"vi"},{"@type":"Organization","@id":"https:\/\/pushclimbing.vn\/#organization","name":"Push Climbing","url":"https:\/\/pushclimbing.vn\/","logo":{"@type":"ImageObject","inLanguage":"vi","@id":"https:\/\/pushclimbing.vn\/#\/schema\/logo\/image\/","url":"https:\/\/pushclimbing.vn\/wp-content\/uploads\/2022\/07\/push-logo-canvas.png","contentUrl":"https:\/\/pushclimbing.vn\/wp-content\/uploads\/2022\/07\/push-logo-canvas.png","width":400,"height":400,"caption":"Push Climbing"},"image":{"@id":"https:\/\/pushclimbing.vn\/#\/schema\/logo\/image\/"},"sameAs":["https:\/\/www.facebook.com\/pushrockclimbing"]}]}},"_links":{"self":[{"href":"https:\/\/pushclimbing.vn\/vi\/wp-json\/wp\/v2\/product\/25750","targetHints":{"allow":["GET"]}}],"collection":[{"href":"https:\/\/pushclimbing.vn\/vi\/wp-json\/wp\/v2\/product"}],"about":[{"href":"https:\/\/pushclimbing.vn\/vi\/wp-json\/wp\/v2\/types\/product"}],"replies":[{"embeddable":true,"href":"https:\/\/pushclimbing.vn\/vi\/wp-json\/wp\/v2\/comments?post=25750"}],"wp:featuredmedia":[{"embeddable":true,"href":"https:\/\/pushclimbing.vn\/vi\/wp-json\/wp\/v2\/media\/25751"}],"wp:attachment":[{"href":"https:\/\/pushclimbing.vn\/vi\/wp-json\/wp\/v2\/media?parent=25750"}],"wp:term":[{"taxonomy":"product_brand","embeddable":true,"href":"https:\/\/pushclimbing.vn\/vi\/wp-json\/wp\/v2\/product_brand?post=25750"},{"taxonomy":"product_cat","embeddable":true,"href":"https:\/\/pushclimbing.vn\/vi\/wp-json\/wp\/v2\/product_cat?post=25750"},{"taxonomy":"product_tag","embeddable":true,"href":"https:\/\/pushclimbing.vn\/vi\/wp-json\/wp\/v2\/product_tag?post=25750"}],"curies":[{"name":"wp","href":"https:\/\/api.w.org\/{rel}","templated":true}]}}