{"id":25737,"date":"2023-04-14T11:05:26","date_gmt":"2023-04-14T04:05:26","guid":{"rendered":"https:\/\/pushclimbing.vn\/?post_type=product&#038;p=25737"},"modified":"2025-03-20T10:35:25","modified_gmt":"2025-03-20T03:35:25","slug":"petzl-luna-harness","status":"publish","type":"product","link":"https:\/\/pushclimbing.vn\/vi\/san-pham\/petzl-luna-harness\/","title":{"rendered":"\u0110ai Leo N\u00fai PETZL Luna"},"content":{"rendered":"<div class=\"fusion-fullwidth fullwidth-box fusion-builder-row-1 fusion-flex-container nonhundred-percent-fullwidth non-hundred-percent-height-scrolling\" style=\"--awb-border-radius-top-left:0px;--awb-border-radius-top-right:0px;--awb-border-radius-bottom-right:0px;--awb-border-radius-bottom-left:0px;--awb-flex-wrap:wrap;\" ><div class=\"fusion-builder-row fusion-row fusion-flex-align-items-flex-start fusion-flex-content-wrap\" style=\"max-width:1216.8px;margin-left: calc(-4% \/ 2 );margin-right: calc(-4% \/ 2 );\"><div class=\"fusion-layout-column fusion_builder_column fusion-builder-column-0 fusion_builder_column_1_1 1_1 fusion-flex-column\" style=\"--awb-bg-size:cover;--awb-width-large:100%;--awb-margin-top-large:0px;--awb-spacing-right-large:1.92%;--awb-margin-bottom-large:0px;--awb-spacing-left-large:1.92%;--awb-width-medium:100%;--awb-spacing-right-medium:1.92%;--awb-spacing-left-medium:1.92%;--awb-width-small:100%;--awb-spacing-right-small:1.92%;--awb-spacing-left-small:1.92%;\"><div class=\"fusion-column-wrapper fusion-flex-justify-content-flex-start fusion-content-layout-column\"><div class=\"fusion-text fusion-text-1\"><h3>M\u00f4 t\u1ea3 s\u1ea3n ph\u1ea9m<\/h3>\n<div class=\"list\">\n<ul>\n<li>\u0110\u01b0\u1ee3c thi\u1ebft k\u1ebf \u0111\u1eb7c bi\u1ec7t cho n\u1eef gi\u1edbi:<br \/>\n\u2013 V\u00f2ng \u0111ai eo \u0111\u01b0\u1ee3c thi\u1ebft k\u1ebf \u0111\u1ec3 v\u1eeba v\u1eb7n theo \u0111\u01b0\u1eddng cong c\u1ee7a ph\u1ea7n th\u1eaft l\u01b0ng.<br \/>\n\u2013 T\u0103ng chi\u1ec1u cao \u0111\u1ec3 \u0111\u1eb7t v\u00f2ng \u0111eo eo ch\u00ednh x\u00e1c h\u01a1n<br \/>\n&#8211; Adapted waistbelt-to-leg-loop ratio for a women\u2019s-specific fit<br \/>\n- V\u00f2ng \u0111eo ch\u00e2n c\u00f3 th\u1ec3 \u0111i\u1ec1u ch\u1ec9nh b\u1eb1ng c\u00e1c kh\u00f3a DOUBLEBACK, \u0111\u1ec3 ph\u00f9 h\u1ee3p v\u1edbi c\u00e1c d\u1ea1ng c\u01a1 th\u1ec3 kh\u00e1c nhau v\u00e0 qu\u1ea7n \u00e1o theo m\u00f9a.<\/li>\n<li>Tho\u1ea3i m\u00e1i:<br \/>\n- V\u00f2ng \u0111eo eo v\u00e0 v\u00f2ng \u0111eo ch\u00e2n c\u00f3 l\u1edbp \u0111\u1ec7m<br \/>\n\u2013 V\u00f2ng \u0111eo eo r\u1ed9ng h\u01a1n \u1edf ph\u00eda sau \u0111\u1ec3 mang l\u1ea1i s\u1ef1 h\u1ed7 tr\u1ee3 tho\u1ea3i m\u00e1i.<br \/>\n\u2013 C\u00f4ng ngh\u1ec7 ENDOFRAME cho ph\u00e9p ph\u00e2n ph\u1ed1i \u00e1p l\u1ef1c t\u1ed1i \u01b0u.<\/li>\n<li>Kh\u1ea3 n\u0103ng ch\u1ecbu t\u1ea3i m\u1ed9t l\u01b0\u1ee3ng l\u1edbn trang thi\u1ebft b\u1ecb:<br \/>\n\u2013 Hai v\u00f2ng \u0111eo trang b\u1ecb c\u1ee9ng l\u1edbn \u1edf ph\u00eda tr\u01b0\u1edbc \u0111\u1ec3 mang theo m\u1ed9t l\u01b0\u1ee3ng l\u1edbn trang thi\u1ebft b\u1ecb v\u00e0 d\u1ec5 d\u00e0ng g\u1eafn v\u00e0 g\u1ee1 carabiner.<br \/>\n\u2013 Hai v\u00f2ng \u0111eo trang b\u1ecb ph\u00eda sau linh ho\u1ea1t, nghi\u00eang \u0111\u1ec3 \u0111\u01b0a trang b\u1ecb v\u1ec1 ph\u00eda tr\u01b0\u1edbc v\u00e0 tho\u1ea3i m\u00e1i khi \u0111eo c\u1eb7p.<br \/>\n\u2013 M\u1ed9t v\u00f2ng \u0111eo trang b\u1ecb l\u1edbn \u1edf gi\u1eefa ph\u00eda sau \u0111\u1ec3 \u0111\u1eb7t trang thi\u1ebft b\u1ecb s\u1eed d\u1ee5ng t\u1ea1i c\u00e1c khu v\u1ef1c belay ho\u1eb7c c\u00e1c ph\u1ee5 ki\u1ec7n kh\u00e1c.<br \/>\n\u2013 V\u00f2ng n\u1ed1i d\u1ee5ng c\u1ee5 ph\u00eda sau \u0111\u1ec3 t\u00fai ph\u1ea5n, gi\u00e0y, li\u00ean k\u1ebft nhanh, d\u00e2y \u0111u, ho\u1eb7c d\u1ee5ng c\u1ee5 kh\u00e1c.<br \/>\n\u2013 C\u00f3 kh\u1ea3 n\u0103ng \u0111\u1eb7t th\u00eam trang thi\u1ebft b\u1ecb v\u1edbi b\u1ed9 gi\u1eef c\u00f4ng c\u1ee5 CARITOOL EVO.<\/li>\n<\/ul>\n<\/div>\n<h3>Th\u00f4ng s\u1ed1 k\u1ef9 thu\u1eadt:<\/h3>\n<div class=\"list\">\n<ul>\n<li>Material(s): Nylon, polyester, EVA, polyurethane, aluminum, high-modulus polyethylene<\/li>\n<li>Certification(s): CE EN 12277 type C, UKCA, UIAA<\/li>\n<\/ul>\n<\/div>\n<h3>Th\u00f4ng s\u1ed1 hi\u1ec3n th\u1ecb<\/h3>\n<table>\n<tbody>\n<tr>\n<th class=\"rowTitle\">Th\u00f4ng s\u1ed1 hi\u1ec3n th\u1ecb<\/th>\n<th>C035BA00<\/th>\n<th>C035BA01<\/th>\n<th>C035BA02<\/th>\n<th>C035BA03<\/th>\n<\/tr>\n<tr>\n<td class=\"rowTitle\">M\u00e0u s\u1eafc<\/td>\n<td>Violet<\/td>\n<td>Violet<\/td>\n<td>Violet<\/td>\n<td>Violet<\/td>\n<\/tr>\n<tr>\n<td class=\"rowTitle\">K\u00edch c\u1ee1<\/td>\n<td>XS<\/td>\n<td>S<\/td>\n<td>M<\/td>\n<td>L<\/td>\n<\/tr>\n<tr>\n<td class=\"rowTitle\">V\u00f2ng eo<\/td>\n<td>65-71 cm<\/td>\n<td>71-77 cm<\/td>\n<td>77-84 cm<\/td>\n<td>84-92 cm<\/td>\n<\/tr>\n<tr>\n<td class=\"rowTitle\">V\u00f2ng ch\u00e2n<\/td>\n<td>46-56 cm<\/td>\n<td>51-61 cm<\/td>\n<td>54-64 cm<\/td>\n<td>56-66 cm<\/td>\n<\/tr>\n<tr>\n<td class=\"rowTitle\">Tr\u1ecdng l\u01b0\u1ee3ng<\/td>\n<td>440 g<\/td>\n<td>470 g<\/td>\n<td>495 g<\/td>\n<td>525 g<\/td>\n<\/tr>\n<tr>\n<td class=\"rowTitle\">B\u1ea3o h\u00e0nh<\/td>\n<td>3 years<\/td>\n<td>3 years<\/td>\n<td>3 years<\/td>\n<td>3 years<\/td>\n<\/tr>\n<tr>\n<td class=\"rowTitle\">S\u1ed1 l\u01b0\u1ee3ng b\u00ean trong<\/td>\n<td>1<\/td>\n<td>1<\/td>\n<td>1<\/td>\n<td>1<\/td>\n<\/tr>\n<\/tbody>\n<\/table>\n<hr \/>\n<\/div><\/div><\/div><\/div><\/div>","protected":false},"excerpt":{"rendered":"<p class=\"productSubtitle\"><strong>Women\u2019s climbing and mountaineering harness with adjustable leg loops for single and multi-pitch climbing!<\/strong><\/p>\n<div class=\"productCaracteristiquesPosition inlineblock\">\n<p class=\"productCaracteristiques inlineblock\">With a contoured waistbelt, LUNA is women\u2019s harness built for climbers in every season! It\u2019s the ideal harness for technical alpine excursions, trad climbing, or multi-pitch climbing. With adjustable leg loops, the fit can be adjusted for different body types and the padding provides maximum comfort while preserving freedom of movement. With five gear loops, you can keep all the gear you need within reach when climbing on rock or ice.<\/p>\n<\/div>","protected":false},"featured_media":25738,"comment_status":"open","ping_status":"closed","template":"","meta":{"_acf_changed":false},"product_brand":[1014],"product_cat":[1023,1025],"product_tag":[483,31,736,490],"class_list":{"0":"post-25737","1":"product","2":"type-product","3":"status-publish","4":"has-post-thumbnail","6":"product_brand-petzl","7":"product_cat-climbing","8":"product_cat-harness","9":"product_tag-climbing-harness","10":"product_tag-harness","11":"product_tag-luna","12":"product_tag-petzl","14":"first","15":"instock","16":"taxable","17":"shipping-taxable","18":"product-type-variable"},"acf":[],"yoast_head":"<!-- This site is optimized with the Yoast SEO plugin v27.3 - https:\/\/yoast.com\/product\/yoast-seo-wordpress\/ -->\n<title>PETZL Luna Harness - Push Climbing<\/title>\n<meta name=\"robots\" content=\"index, follow, max-snippet:-1, max-image-preview:large, max-video-preview:-1\" \/>\n<link rel=\"canonical\" href=\"https:\/\/pushclimbing.vn\/vi\/san-pham\/petzl-luna-harness\/\" \/>\n<meta property=\"og:locale\" content=\"vi_VN\" \/>\n<meta property=\"og:type\" content=\"article\" \/>\n<meta property=\"og:title\" content=\"PETZL Luna Harness - Push Climbing\" \/>\n<meta property=\"og:description\" content=\"Women\u2019s climbing and mountaineering harness with adjustable leg loops for single and multi-pitch climbing!   With a contoured waistbelt, LUNA is women\u2019s harness built for climbers in every season! It\u2019s the ideal harness for technical alpine excursions, trad climbing, or multi-pitch climbing. With adjustable leg loops, the fit can be adjusted for different body types and the padding provides maximum comfort while preserving freedom of movement. With five gear loops, you can keep all the gear you need within reach when climbing on rock or ice.\" \/>\n<meta property=\"og:url\" content=\"https:\/\/pushclimbing.vn\/vi\/san-pham\/petzl-luna-harness\/\" \/>\n<meta property=\"og:site_name\" content=\"Push Climbing\" \/>\n<meta property=\"article:publisher\" content=\"https:\/\/www.facebook.com\/pushrockclimbing\" \/>\n<meta property=\"article:modified_time\" content=\"2025-03-20T03:35:25+00:00\" \/>\n<meta property=\"og:image\" content=\"https:\/\/pushclimbing.vn\/wp-content\/uploads\/2023\/04\/LUNA.jpeg\" \/>\n\t<meta property=\"og:image:width\" content=\"1200\" \/>\n\t<meta property=\"og:image:height\" content=\"1116\" \/>\n\t<meta property=\"og:image:type\" content=\"image\/jpeg\" \/>\n<meta name=\"twitter:card\" content=\"summary_large_image\" \/>\n<meta name=\"twitter:label1\" content=\"\u01af\u1edbc t\u00ednh th\u1eddi gian \u0111\u1ecdc\" \/>\n\t<meta name=\"twitter:data1\" content=\"2 ph\u00fat\" \/>\n<script type=\"application\/ld+json\" class=\"yoast-schema-graph\">{\"@context\":\"https:\\\/\\\/schema.org\",\"@graph\":[{\"@type\":\"WebPage\",\"@id\":\"https:\\\/\\\/pushclimbing.vn\\\/product\\\/petzl-luna-harness\\\/\",\"url\":\"https:\\\/\\\/pushclimbing.vn\\\/product\\\/petzl-luna-harness\\\/\",\"name\":\"PETZL Luna Harness - Push Climbing\",\"isPartOf\":{\"@id\":\"https:\\\/\\\/pushclimbing.vn\\\/#website\"},\"primaryImageOfPage\":{\"@id\":\"https:\\\/\\\/pushclimbing.vn\\\/product\\\/petzl-luna-harness\\\/#primaryimage\"},\"image\":{\"@id\":\"https:\\\/\\\/pushclimbing.vn\\\/product\\\/petzl-luna-harness\\\/#primaryimage\"},\"thumbnailUrl\":\"https:\\\/\\\/pushclimbing.vn\\\/wp-content\\\/uploads\\\/2023\\\/04\\\/LUNA.jpeg\",\"datePublished\":\"2023-04-14T04:05:26+00:00\",\"dateModified\":\"2025-03-20T03:35:25+00:00\",\"breadcrumb\":{\"@id\":\"https:\\\/\\\/pushclimbing.vn\\\/product\\\/petzl-luna-harness\\\/#breadcrumb\"},\"inLanguage\":\"vi\",\"potentialAction\":[{\"@type\":\"ReadAction\",\"target\":[\"https:\\\/\\\/pushclimbing.vn\\\/product\\\/petzl-luna-harness\\\/\"]}]},{\"@type\":\"ImageObject\",\"inLanguage\":\"vi\",\"@id\":\"https:\\\/\\\/pushclimbing.vn\\\/product\\\/petzl-luna-harness\\\/#primaryimage\",\"url\":\"https:\\\/\\\/pushclimbing.vn\\\/wp-content\\\/uploads\\\/2023\\\/04\\\/LUNA.jpeg\",\"contentUrl\":\"https:\\\/\\\/pushclimbing.vn\\\/wp-content\\\/uploads\\\/2023\\\/04\\\/LUNA.jpeg\",\"width\":1200,\"height\":1116},{\"@type\":\"BreadcrumbList\",\"@id\":\"https:\\\/\\\/pushclimbing.vn\\\/product\\\/petzl-luna-harness\\\/#breadcrumb\",\"itemListElement\":[{\"@type\":\"ListItem\",\"position\":1,\"name\":\"Home\",\"item\":\"https:\\\/\\\/pushclimbing.vn\\\/\"},{\"@type\":\"ListItem\",\"position\":2,\"name\":\"Shop\",\"item\":\"https:\\\/\\\/pushclimbing.vn\\\/shop\\\/\"},{\"@type\":\"ListItem\",\"position\":3,\"name\":\"PETZL Luna Harness\"}]},{\"@type\":\"WebSite\",\"@id\":\"https:\\\/\\\/pushclimbing.vn\\\/#website\",\"url\":\"https:\\\/\\\/pushclimbing.vn\\\/\",\"name\":\"Push Climbing\",\"description\":\"Conquer Your Mountain\",\"publisher\":{\"@id\":\"https:\\\/\\\/pushclimbing.vn\\\/#organization\"},\"potentialAction\":[{\"@type\":\"SearchAction\",\"target\":{\"@type\":\"EntryPoint\",\"urlTemplate\":\"https:\\\/\\\/pushclimbing.vn\\\/?s={search_term_string}\"},\"query-input\":{\"@type\":\"PropertyValueSpecification\",\"valueRequired\":true,\"valueName\":\"search_term_string\"}}],\"inLanguage\":\"vi\"},{\"@type\":\"Organization\",\"@id\":\"https:\\\/\\\/pushclimbing.vn\\\/#organization\",\"name\":\"Push Climbing\",\"url\":\"https:\\\/\\\/pushclimbing.vn\\\/\",\"logo\":{\"@type\":\"ImageObject\",\"inLanguage\":\"vi\",\"@id\":\"https:\\\/\\\/pushclimbing.vn\\\/#\\\/schema\\\/logo\\\/image\\\/\",\"url\":\"https:\\\/\\\/pushclimbing.vn\\\/wp-content\\\/uploads\\\/2022\\\/07\\\/push-logo-canvas.png\",\"contentUrl\":\"https:\\\/\\\/pushclimbing.vn\\\/wp-content\\\/uploads\\\/2022\\\/07\\\/push-logo-canvas.png\",\"width\":400,\"height\":400,\"caption\":\"Push Climbing\"},\"image\":{\"@id\":\"https:\\\/\\\/pushclimbing.vn\\\/#\\\/schema\\\/logo\\\/image\\\/\"},\"sameAs\":[\"https:\\\/\\\/www.facebook.com\\\/pushrockclimbing\"]}]}<\/script>\n<!-- \/ Yoast SEO plugin. -->","yoast_head_json":{"title":"PETZL Luna Harness - Push Climbing","robots":{"index":"index","follow":"follow","max-snippet":"max-snippet:-1","max-image-preview":"max-image-preview:large","max-video-preview":"max-video-preview:-1"},"canonical":"https:\/\/pushclimbing.vn\/vi\/san-pham\/petzl-luna-harness\/","og_locale":"vi_VN","og_type":"article","og_title":"PETZL Luna Harness - Push Climbing","og_description":"Women\u2019s climbing and mountaineering harness with adjustable leg loops for single and multi-pitch climbing!   With a contoured waistbelt, LUNA is women\u2019s harness built for climbers in every season! It\u2019s the ideal harness for technical alpine excursions, trad climbing, or multi-pitch climbing. With adjustable leg loops, the fit can be adjusted for different body types and the padding provides maximum comfort while preserving freedom of movement. With five gear loops, you can keep all the gear you need within reach when climbing on rock or ice.","og_url":"https:\/\/pushclimbing.vn\/vi\/san-pham\/petzl-luna-harness\/","og_site_name":"Push Climbing","article_publisher":"https:\/\/www.facebook.com\/pushrockclimbing","article_modified_time":"2025-03-20T03:35:25+00:00","og_image":[{"width":1200,"height":1116,"url":"https:\/\/pushclimbing.vn\/wp-content\/uploads\/2023\/04\/LUNA.jpeg","type":"image\/jpeg"}],"twitter_card":"summary_large_image","twitter_misc":{"\u01af\u1edbc t\u00ednh th\u1eddi gian \u0111\u1ecdc":"2 ph\u00fat"},"schema":{"@context":"https:\/\/schema.org","@graph":[{"@type":"WebPage","@id":"https:\/\/pushclimbing.vn\/product\/petzl-luna-harness\/","url":"https:\/\/pushclimbing.vn\/product\/petzl-luna-harness\/","name":"PETZL Luna Harness - Push Climbing","isPartOf":{"@id":"https:\/\/pushclimbing.vn\/#website"},"primaryImageOfPage":{"@id":"https:\/\/pushclimbing.vn\/product\/petzl-luna-harness\/#primaryimage"},"image":{"@id":"https:\/\/pushclimbing.vn\/product\/petzl-luna-harness\/#primaryimage"},"thumbnailUrl":"https:\/\/pushclimbing.vn\/wp-content\/uploads\/2023\/04\/LUNA.jpeg","datePublished":"2023-04-14T04:05:26+00:00","dateModified":"2025-03-20T03:35:25+00:00","breadcrumb":{"@id":"https:\/\/pushclimbing.vn\/product\/petzl-luna-harness\/#breadcrumb"},"inLanguage":"vi","potentialAction":[{"@type":"ReadAction","target":["https:\/\/pushclimbing.vn\/product\/petzl-luna-harness\/"]}]},{"@type":"ImageObject","inLanguage":"vi","@id":"https:\/\/pushclimbing.vn\/product\/petzl-luna-harness\/#primaryimage","url":"https:\/\/pushclimbing.vn\/wp-content\/uploads\/2023\/04\/LUNA.jpeg","contentUrl":"https:\/\/pushclimbing.vn\/wp-content\/uploads\/2023\/04\/LUNA.jpeg","width":1200,"height":1116},{"@type":"BreadcrumbList","@id":"https:\/\/pushclimbing.vn\/product\/petzl-luna-harness\/#breadcrumb","itemListElement":[{"@type":"ListItem","position":1,"name":"Home","item":"https:\/\/pushclimbing.vn\/"},{"@type":"ListItem","position":2,"name":"Shop","item":"https:\/\/pushclimbing.vn\/shop\/"},{"@type":"ListItem","position":3,"name":"PETZL Luna Harness"}]},{"@type":"WebSite","@id":"https:\/\/pushclimbing.vn\/#website","url":"https:\/\/pushclimbing.vn\/","name":"Push Climbing","description":"Conquer Your Mountain","publisher":{"@id":"https:\/\/pushclimbing.vn\/#organization"},"potentialAction":[{"@type":"SearchAction","target":{"@type":"EntryPoint","urlTemplate":"https:\/\/pushclimbing.vn\/?s={search_term_string}"},"query-input":{"@type":"PropertyValueSpecification","valueRequired":true,"valueName":"search_term_string"}}],"inLanguage":"vi"},{"@type":"Organization","@id":"https:\/\/pushclimbing.vn\/#organization","name":"Push Climbing","url":"https:\/\/pushclimbing.vn\/","logo":{"@type":"ImageObject","inLanguage":"vi","@id":"https:\/\/pushclimbing.vn\/#\/schema\/logo\/image\/","url":"https:\/\/pushclimbing.vn\/wp-content\/uploads\/2022\/07\/push-logo-canvas.png","contentUrl":"https:\/\/pushclimbing.vn\/wp-content\/uploads\/2022\/07\/push-logo-canvas.png","width":400,"height":400,"caption":"Push Climbing"},"image":{"@id":"https:\/\/pushclimbing.vn\/#\/schema\/logo\/image\/"},"sameAs":["https:\/\/www.facebook.com\/pushrockclimbing"]}]}},"_links":{"self":[{"href":"https:\/\/pushclimbing.vn\/vi\/wp-json\/wp\/v2\/product\/25737","targetHints":{"allow":["GET"]}}],"collection":[{"href":"https:\/\/pushclimbing.vn\/vi\/wp-json\/wp\/v2\/product"}],"about":[{"href":"https:\/\/pushclimbing.vn\/vi\/wp-json\/wp\/v2\/types\/product"}],"replies":[{"embeddable":true,"href":"https:\/\/pushclimbing.vn\/vi\/wp-json\/wp\/v2\/comments?post=25737"}],"wp:featuredmedia":[{"embeddable":true,"href":"https:\/\/pushclimbing.vn\/vi\/wp-json\/wp\/v2\/media\/25738"}],"wp:attachment":[{"href":"https:\/\/pushclimbing.vn\/vi\/wp-json\/wp\/v2\/media?parent=25737"}],"wp:term":[{"taxonomy":"product_brand","embeddable":true,"href":"https:\/\/pushclimbing.vn\/vi\/wp-json\/wp\/v2\/product_brand?post=25737"},{"taxonomy":"product_cat","embeddable":true,"href":"https:\/\/pushclimbing.vn\/vi\/wp-json\/wp\/v2\/product_cat?post=25737"},{"taxonomy":"product_tag","embeddable":true,"href":"https:\/\/pushclimbing.vn\/vi\/wp-json\/wp\/v2\/product_tag?post=25737"}],"curies":[{"name":"wp","href":"https:\/\/api.w.org\/{rel}","templated":true}]}}