{"id":25701,"date":"2023-03-30T16:33:07","date_gmt":"2023-03-30T09:33:07","guid":{"rendered":"https:\/\/pushclimbing.vn\/?post_type=product&#038;p=25701"},"modified":"2025-03-20T11:02:34","modified_gmt":"2025-03-20T04:02:34","slug":"petzl-grigri","status":"publish","type":"product","link":"https:\/\/pushclimbing.vn\/vi\/san-pham\/petzl-grigri\/","title":{"rendered":"Petzl GRIGRI\u00ae"},"content":{"rendered":"<div class=\"fusion-fullwidth fullwidth-box fusion-builder-row-1 fusion-flex-container nonhundred-percent-fullwidth non-hundred-percent-height-scrolling\" style=\"--awb-border-radius-top-left:0px;--awb-border-radius-top-right:0px;--awb-border-radius-bottom-right:0px;--awb-border-radius-bottom-left:0px;--awb-flex-wrap:wrap;\" ><div class=\"fusion-builder-row fusion-row fusion-flex-align-items-flex-start fusion-flex-content-wrap\" style=\"max-width:1216.8px;margin-left: calc(-4% \/ 2 );margin-right: calc(-4% \/ 2 );\"><div class=\"fusion-layout-column fusion_builder_column fusion-builder-column-0 fusion_builder_column_1_1 1_1 fusion-flex-column\" style=\"--awb-bg-size:cover;--awb-width-large:100%;--awb-margin-top-large:0px;--awb-spacing-right-large:1.92%;--awb-margin-bottom-large:0px;--awb-spacing-left-large:1.92%;--awb-width-medium:100%;--awb-spacing-right-medium:1.92%;--awb-spacing-left-medium:1.92%;--awb-width-small:100%;--awb-spacing-right-small:1.92%;--awb-spacing-left-small:1.92%;\"><div class=\"fusion-column-wrapper fusion-flex-justify-content-flex-start fusion-content-layout-column\"><div class=\"fusion-text fusion-text-1\"><p><strong>M\u00f4 t\u1ea3 s\u1ea3n ph\u1ea9m:<\/strong><br \/>\nB\u1ed9 thi\u1ebft b\u1ecb belay h\u1ed7 tr\u1ee3 c\u1ea3n tr\u1edf v\u1edbi cam, thi\u1ebft k\u1ebf cho ph\u00f2ng t\u1eadp v\u00e0 v\u00e1ch \u0111\u00e1:<br \/>\n\u2013 Th\u1ea3 d\u00e2y v\u00e0 b\u1eaft tr\u01b0\u1ee3t d\u1ec5 d\u00e0ng b\u1eb1ng c\u00e1ch s\u1eed d\u1ee5ng c\u00e1c k\u1ef9 thu\u1eadt belay ti\u00eau chu\u1ea9n, lu\u00f4n gi\u1eef tay \u1edf ph\u00eda phanh d\u00e2y<br \/>\n\u2013 C\u1ea3n tr\u1edf v\u1edbi cam gi\u00fap vi\u1ec7c belay d\u1ec5 d\u00e0ng h\u01a1n: khi ng\u01b0\u1eddi leo r\u01a1i ho\u1eb7c t\u1ea3i tr\u1ecdng d\u00e2y, cam s\u1ebd si\u1ebft ch\u1eb7t, l\u00e0m cho cam xoay \u0111\u1ec3 k\u1eb9p v\u00e0 ch\u1eb7n d\u00e2y<br \/>\n\u2013 C\u00e1c cam tr\u1ee3 gi\u00fap c\u1ea3n tr\u1edf cho ph\u00e9p tay phanh linh ho\u1ea1t \u1edf v\u1ecb tr\u00ed ti\u1ec7n l\u1ee3i, b\u1ea5t k\u1ec3 g\u00f3c gi\u1eefa ph\u00eda leo v\u00e0 ph\u00eda phanh c\u1ee7a c\u00e1c d\u00e2y<br \/>\n\u2013 H\u00ecnh \u1ea3nh h\u01b0\u1edbng d\u1eabn th\u1eaft d\u00e2y \u0111\u01b0\u1ee3c kh\u1eafc tr\u00ean c\u1ea3 b\u00ean trong v\u00e0 b\u00ean ngo\u00e0i thi\u1ebft b\u1ecb<br \/>\nTho\u1ea3i m\u00e1i v\u00e0 ti\u1ec7n l\u1ee3i khi th\u1ea3 d\u00e2y:<br \/>\n\u2013 Tay c\u1ea7m ti\u1ec7n l\u1ee3i gi\u00fap b\u1ea1n d\u1ec5 d\u00e0ng m\u1edf kh\u00f3a d\u00e2y v\u00e0 h\u1ea1 ng\u01b0\u1eddi kh\u00e1c<br \/>\n\u2013 Ki\u1ec3m so\u00e1t ti\u1ebfn \u0111\u1ed9 d\u00e2y m\u1ed9t c\u00e1ch d\u1ea7n d\u1ea7n mang l\u1ea1i m\u1ed9t vi\u1ec7c h\u1ea1 xu\u1ed1ng m\u01b0\u1ee3t m\u00e0 v\u00e0 tho\u1ea3i m\u00e1i<br \/>\n\u2013 C\u01a1 ch\u1ebf cam tay 3:1 gi\u00fap ki\u1ec3m so\u00e1t ti\u1ebfn d\u00e2y tr\u00ean c\u00e1c d\u00e2y \u0111\u01b0\u1eddng k\u00ednh nh\u1ecf v\u00e0 y\u00eau c\u1ea7u \u00edt c\u00f4ng s\u1ee9c h\u01a1n tr\u00ean tay cho c\u00e1c d\u00e2y \u0111\u01b0\u1eddng k\u00ednh l\u1edbn h\u01a1n<br \/>\nD\u00e0nh cho m\u1ecdi ng\u01b0\u1eddi s\u1eed d\u1ee5ng:<br \/>\n\u2013 D\u1ec5 s\u1eed d\u1ee5ng cho vi\u1ec7c belay c\u1ea3 cho ng\u01b0\u1eddi leo h\u00e0nh lang v\u00e0 ng\u01b0\u1eddi leo tr\u00ean c\u00f9ng<br \/>\n\u2013 Thi\u1ebft k\u1ebf c\u00e2n \u0111\u1ed1i t\u1ed1i \u01b0u: nh\u1eb9 (175 g), nh\u1ecf g\u1ecdn v\u00e0 b\u1ec1n b\u1ec9<br \/>\n\u2013 T\u01b0\u01a1ng th\u00edch v\u1edbi d\u00e2y \u0111\u01a1n \u0111\u1ed9ng t\u1eeb 8.5 \u0111\u1ebfn 11 mm v\u00e0 \u0111\u01b0\u1ee3c t\u1ed1i \u01b0u h\u00f3a cho d\u00e2y t\u1eeb 8.9 \u0111\u1ebfn 10.5 mm<br \/>\nTh\u00f4ng s\u1ed1 k\u1ef9 thu\u1eadt:<br \/>\nTr\u1ecdng l\u01b0\u1ee3ng: 175 g<br \/>\nT\u01b0\u01a1ng th\u00edch d\u00e2y: d\u00e2y \u0111\u01a1n \u0111\u1ed9ng t\u1eeb 8.5 \u0111\u1ebfn 11 mm<br \/>\nCh\u1ea5t li\u1ec7u: T\u1ea5m nh\u00f4m, cam v\u00e0 t\u1ea5m ma s\u00e1t b\u1eb1ng th\u00e9p kh\u00f4ng g\u1ec9, tay c\u1ea7m b\u1eb1ng nylon gia c\u1ed1<br \/>\nCh\u1ee9ng nh\u1eadn: CE EN 15151-1, UKCA, UIAA<\/p>\n<\/div><\/div><\/div><\/div><\/div>","protected":false},"excerpt":{"rendered":"<p class=\"productSubtitle\">GRIGRI l\u00e0 thi\u1ebft b\u1ecb belay v\u01b0\u1ee3t tr\u1ed9i v\u1edbi h\u1ec7 th\u1ed1ng cam-assisted blocking. N\u00f3 \u0111\u1eb7t ti\u00eau chu\u1ea9n cho ng\u00e0nh c\u00f4ng nghi\u1ec7p, gi\u00fap vi\u1ec7c belay tr\u1edf n\u00ean d\u1ec5 d\u00e0ng v\u00e0 an to\u00e0n h\u01a1n. V\u1edbi thi\u1ebft k\u1ebf c\u1ea7m n\u1eafm ti\u1ec7n \u00edch, vi\u1ec7c gi\u1ea3m t\u1ed1c tr\u01a1n tru v\u00e0 tho\u1ea3i m\u00e1i cho ng\u01b0\u1eddi leo n\u00fai \u0111\u01b0\u1ee3c \u0111\u1ea3m b\u1ea3o. Nh\u1ecf g\u1ecdn v\u00e0 nh\u1eb9, n\u00f3 ph\u00f9 h\u1ee3p v\u1edbi c\u00e1c lo\u1ea1i d\u00e2y \u0111\u01a1n t\u1eeb 8.5 \u0111\u1ebfn 11 mm. Ho\u00e0n h\u1ea3o cho c\u00e1c d\u1ef1 \u00e1n leo n\u00fai c\u1ee7a b\u1ea1n!<\/p>\n<p>&nbsp;<\/p>","protected":false},"featured_media":27778,"comment_status":"open","ping_status":"closed","template":"","meta":{"_acf_changed":false},"product_brand":[1014],"product_cat":[1028,1023],"product_tag":[27,486,638,490],"class_list":{"0":"post-25701","1":"product","2":"type-product","3":"status-publish","4":"has-post-thumbnail","6":"product_brand-petzl","7":"product_cat-belay","8":"product_cat-climbing","9":"product_tag-belay","10":"product_tag-belay-device","11":"product_tag-grigri","12":"product_tag-petzl","14":"first","15":"onbackorder","16":"sold-individually","17":"taxable","18":"shipping-taxable","19":"product-type-simple"},"acf":[],"yoast_head":"<!-- This site is optimized with the Yoast SEO plugin v27.3 - https:\/\/yoast.com\/product\/yoast-seo-wordpress\/ -->\n<title>Petzl GRIGRI\u00ae - Push Climbing<\/title>\n<meta name=\"robots\" content=\"index, follow, max-snippet:-1, max-image-preview:large, max-video-preview:-1\" \/>\n<link rel=\"canonical\" href=\"https:\/\/pushclimbing.vn\/vi\/san-pham\/petzl-grigri\/\" \/>\n<meta property=\"og:locale\" content=\"vi_VN\" \/>\n<meta property=\"og:type\" content=\"article\" \/>\n<meta property=\"og:title\" content=\"Petzl GRIGRI\u00ae - Push Climbing\" \/>\n<meta property=\"og:description\" content=\"The GRIGRI is the ultimate belay device with cam-assisted blocking. It sets the industry standard, making belaying easier and more secure. With its ergonomic handle, smooth descent is ensured. Compact and lightweight, it works with ropes from 8.5 to 11 mm. Perfect for your climbing projects! &nbsp;\" \/>\n<meta property=\"og:url\" content=\"https:\/\/pushclimbing.vn\/vi\/san-pham\/petzl-grigri\/\" \/>\n<meta property=\"og:site_name\" content=\"Push Climbing\" \/>\n<meta property=\"article:publisher\" content=\"https:\/\/www.facebook.com\/pushrockclimbing\" \/>\n<meta property=\"article:modified_time\" content=\"2025-03-20T04:02:34+00:00\" \/>\n<meta property=\"og:image\" content=\"https:\/\/pushclimbing.vn\/wp-content\/uploads\/2023\/03\/D014BA00-GRIGRI_LowRes.jpeg\" \/>\n\t<meta property=\"og:image:width\" content=\"817\" \/>\n\t<meta property=\"og:image:height\" content=\"1200\" \/>\n\t<meta property=\"og:image:type\" content=\"image\/jpeg\" \/>\n<meta name=\"twitter:card\" content=\"summary_large_image\" \/>\n<meta name=\"twitter:label1\" content=\"\u01af\u1edbc t\u00ednh th\u1eddi gian \u0111\u1ecdc\" \/>\n\t<meta name=\"twitter:data1\" content=\"2 ph\u00fat\" \/>\n<script type=\"application\/ld+json\" class=\"yoast-schema-graph\">{\"@context\":\"https:\\\/\\\/schema.org\",\"@graph\":[{\"@type\":\"WebPage\",\"@id\":\"https:\\\/\\\/pushclimbing.vn\\\/product\\\/petzl-grigri\\\/\",\"url\":\"https:\\\/\\\/pushclimbing.vn\\\/product\\\/petzl-grigri\\\/\",\"name\":\"Petzl GRIGRI\u00ae - Push Climbing\",\"isPartOf\":{\"@id\":\"https:\\\/\\\/pushclimbing.vn\\\/#website\"},\"primaryImageOfPage\":{\"@id\":\"https:\\\/\\\/pushclimbing.vn\\\/product\\\/petzl-grigri\\\/#primaryimage\"},\"image\":{\"@id\":\"https:\\\/\\\/pushclimbing.vn\\\/product\\\/petzl-grigri\\\/#primaryimage\"},\"thumbnailUrl\":\"https:\\\/\\\/pushclimbing.vn\\\/wp-content\\\/uploads\\\/2023\\\/03\\\/D014BA00-GRIGRI_LowRes.jpeg\",\"datePublished\":\"2023-03-30T09:33:07+00:00\",\"dateModified\":\"2025-03-20T04:02:34+00:00\",\"breadcrumb\":{\"@id\":\"https:\\\/\\\/pushclimbing.vn\\\/product\\\/petzl-grigri\\\/#breadcrumb\"},\"inLanguage\":\"vi\",\"potentialAction\":[{\"@type\":\"ReadAction\",\"target\":[\"https:\\\/\\\/pushclimbing.vn\\\/product\\\/petzl-grigri\\\/\"]}]},{\"@type\":\"ImageObject\",\"inLanguage\":\"vi\",\"@id\":\"https:\\\/\\\/pushclimbing.vn\\\/product\\\/petzl-grigri\\\/#primaryimage\",\"url\":\"https:\\\/\\\/pushclimbing.vn\\\/wp-content\\\/uploads\\\/2023\\\/03\\\/D014BA00-GRIGRI_LowRes.jpeg\",\"contentUrl\":\"https:\\\/\\\/pushclimbing.vn\\\/wp-content\\\/uploads\\\/2023\\\/03\\\/D014BA00-GRIGRI_LowRes.jpeg\",\"width\":817,\"height\":1200},{\"@type\":\"BreadcrumbList\",\"@id\":\"https:\\\/\\\/pushclimbing.vn\\\/product\\\/petzl-grigri\\\/#breadcrumb\",\"itemListElement\":[{\"@type\":\"ListItem\",\"position\":1,\"name\":\"Home\",\"item\":\"https:\\\/\\\/pushclimbing.vn\\\/\"},{\"@type\":\"ListItem\",\"position\":2,\"name\":\"Shop\",\"item\":\"https:\\\/\\\/pushclimbing.vn\\\/shop\\\/\"},{\"@type\":\"ListItem\",\"position\":3,\"name\":\"Petzl GRIGRI\u00ae\"}]},{\"@type\":\"WebSite\",\"@id\":\"https:\\\/\\\/pushclimbing.vn\\\/#website\",\"url\":\"https:\\\/\\\/pushclimbing.vn\\\/\",\"name\":\"Push Climbing\",\"description\":\"Conquer Your Mountain\",\"publisher\":{\"@id\":\"https:\\\/\\\/pushclimbing.vn\\\/#organization\"},\"potentialAction\":[{\"@type\":\"SearchAction\",\"target\":{\"@type\":\"EntryPoint\",\"urlTemplate\":\"https:\\\/\\\/pushclimbing.vn\\\/?s={search_term_string}\"},\"query-input\":{\"@type\":\"PropertyValueSpecification\",\"valueRequired\":true,\"valueName\":\"search_term_string\"}}],\"inLanguage\":\"vi\"},{\"@type\":\"Organization\",\"@id\":\"https:\\\/\\\/pushclimbing.vn\\\/#organization\",\"name\":\"Push Climbing\",\"url\":\"https:\\\/\\\/pushclimbing.vn\\\/\",\"logo\":{\"@type\":\"ImageObject\",\"inLanguage\":\"vi\",\"@id\":\"https:\\\/\\\/pushclimbing.vn\\\/#\\\/schema\\\/logo\\\/image\\\/\",\"url\":\"https:\\\/\\\/pushclimbing.vn\\\/wp-content\\\/uploads\\\/2022\\\/07\\\/push-logo-canvas.png\",\"contentUrl\":\"https:\\\/\\\/pushclimbing.vn\\\/wp-content\\\/uploads\\\/2022\\\/07\\\/push-logo-canvas.png\",\"width\":400,\"height\":400,\"caption\":\"Push Climbing\"},\"image\":{\"@id\":\"https:\\\/\\\/pushclimbing.vn\\\/#\\\/schema\\\/logo\\\/image\\\/\"},\"sameAs\":[\"https:\\\/\\\/www.facebook.com\\\/pushrockclimbing\"]}]}<\/script>\n<!-- \/ Yoast SEO plugin. -->","yoast_head_json":{"title":"Petzl GRIGRI\u00ae - Push Climbing","robots":{"index":"index","follow":"follow","max-snippet":"max-snippet:-1","max-image-preview":"max-image-preview:large","max-video-preview":"max-video-preview:-1"},"canonical":"https:\/\/pushclimbing.vn\/vi\/san-pham\/petzl-grigri\/","og_locale":"vi_VN","og_type":"article","og_title":"Petzl GRIGRI\u00ae - Push Climbing","og_description":"The GRIGRI is the ultimate belay device with cam-assisted blocking. It sets the industry standard, making belaying easier and more secure. With its ergonomic handle, smooth descent is ensured. Compact and lightweight, it works with ropes from 8.5 to 11 mm. Perfect for your climbing projects! &nbsp;","og_url":"https:\/\/pushclimbing.vn\/vi\/san-pham\/petzl-grigri\/","og_site_name":"Push Climbing","article_publisher":"https:\/\/www.facebook.com\/pushrockclimbing","article_modified_time":"2025-03-20T04:02:34+00:00","og_image":[{"width":817,"height":1200,"url":"https:\/\/pushclimbing.vn\/wp-content\/uploads\/2023\/03\/D014BA00-GRIGRI_LowRes.jpeg","type":"image\/jpeg"}],"twitter_card":"summary_large_image","twitter_misc":{"\u01af\u1edbc t\u00ednh th\u1eddi gian \u0111\u1ecdc":"2 ph\u00fat"},"schema":{"@context":"https:\/\/schema.org","@graph":[{"@type":"WebPage","@id":"https:\/\/pushclimbing.vn\/product\/petzl-grigri\/","url":"https:\/\/pushclimbing.vn\/product\/petzl-grigri\/","name":"Petzl GRIGRI\u00ae - Push Climbing","isPartOf":{"@id":"https:\/\/pushclimbing.vn\/#website"},"primaryImageOfPage":{"@id":"https:\/\/pushclimbing.vn\/product\/petzl-grigri\/#primaryimage"},"image":{"@id":"https:\/\/pushclimbing.vn\/product\/petzl-grigri\/#primaryimage"},"thumbnailUrl":"https:\/\/pushclimbing.vn\/wp-content\/uploads\/2023\/03\/D014BA00-GRIGRI_LowRes.jpeg","datePublished":"2023-03-30T09:33:07+00:00","dateModified":"2025-03-20T04:02:34+00:00","breadcrumb":{"@id":"https:\/\/pushclimbing.vn\/product\/petzl-grigri\/#breadcrumb"},"inLanguage":"vi","potentialAction":[{"@type":"ReadAction","target":["https:\/\/pushclimbing.vn\/product\/petzl-grigri\/"]}]},{"@type":"ImageObject","inLanguage":"vi","@id":"https:\/\/pushclimbing.vn\/product\/petzl-grigri\/#primaryimage","url":"https:\/\/pushclimbing.vn\/wp-content\/uploads\/2023\/03\/D014BA00-GRIGRI_LowRes.jpeg","contentUrl":"https:\/\/pushclimbing.vn\/wp-content\/uploads\/2023\/03\/D014BA00-GRIGRI_LowRes.jpeg","width":817,"height":1200},{"@type":"BreadcrumbList","@id":"https:\/\/pushclimbing.vn\/product\/petzl-grigri\/#breadcrumb","itemListElement":[{"@type":"ListItem","position":1,"name":"Home","item":"https:\/\/pushclimbing.vn\/"},{"@type":"ListItem","position":2,"name":"Shop","item":"https:\/\/pushclimbing.vn\/shop\/"},{"@type":"ListItem","position":3,"name":"Petzl GRIGRI\u00ae"}]},{"@type":"WebSite","@id":"https:\/\/pushclimbing.vn\/#website","url":"https:\/\/pushclimbing.vn\/","name":"Push Climbing","description":"Conquer Your Mountain","publisher":{"@id":"https:\/\/pushclimbing.vn\/#organization"},"potentialAction":[{"@type":"SearchAction","target":{"@type":"EntryPoint","urlTemplate":"https:\/\/pushclimbing.vn\/?s={search_term_string}"},"query-input":{"@type":"PropertyValueSpecification","valueRequired":true,"valueName":"search_term_string"}}],"inLanguage":"vi"},{"@type":"Organization","@id":"https:\/\/pushclimbing.vn\/#organization","name":"Push Climbing","url":"https:\/\/pushclimbing.vn\/","logo":{"@type":"ImageObject","inLanguage":"vi","@id":"https:\/\/pushclimbing.vn\/#\/schema\/logo\/image\/","url":"https:\/\/pushclimbing.vn\/wp-content\/uploads\/2022\/07\/push-logo-canvas.png","contentUrl":"https:\/\/pushclimbing.vn\/wp-content\/uploads\/2022\/07\/push-logo-canvas.png","width":400,"height":400,"caption":"Push Climbing"},"image":{"@id":"https:\/\/pushclimbing.vn\/#\/schema\/logo\/image\/"},"sameAs":["https:\/\/www.facebook.com\/pushrockclimbing"]}]}},"_links":{"self":[{"href":"https:\/\/pushclimbing.vn\/vi\/wp-json\/wp\/v2\/product\/25701","targetHints":{"allow":["GET"]}}],"collection":[{"href":"https:\/\/pushclimbing.vn\/vi\/wp-json\/wp\/v2\/product"}],"about":[{"href":"https:\/\/pushclimbing.vn\/vi\/wp-json\/wp\/v2\/types\/product"}],"replies":[{"embeddable":true,"href":"https:\/\/pushclimbing.vn\/vi\/wp-json\/wp\/v2\/comments?post=25701"}],"wp:featuredmedia":[{"embeddable":true,"href":"https:\/\/pushclimbing.vn\/vi\/wp-json\/wp\/v2\/media\/27778"}],"wp:attachment":[{"href":"https:\/\/pushclimbing.vn\/vi\/wp-json\/wp\/v2\/media?parent=25701"}],"wp:term":[{"taxonomy":"product_brand","embeddable":true,"href":"https:\/\/pushclimbing.vn\/vi\/wp-json\/wp\/v2\/product_brand?post=25701"},{"taxonomy":"product_cat","embeddable":true,"href":"https:\/\/pushclimbing.vn\/vi\/wp-json\/wp\/v2\/product_cat?post=25701"},{"taxonomy":"product_tag","embeddable":true,"href":"https:\/\/pushclimbing.vn\/vi\/wp-json\/wp\/v2\/product_tag?post=25701"}],"curies":[{"name":"wp","href":"https:\/\/api.w.org\/{rel}","templated":true}]}}