{"id":25253,"date":"2023-01-30T13:57:20","date_gmt":"2023-01-30T06:57:20","guid":{"rendered":"https:\/\/pushclimbing.vn\/?post_type=product&#038;p=25253"},"modified":"2025-03-19T09:51:19","modified_gmt":"2025-03-19T02:51:19","slug":"zipstop-zip-line-brake-trolley-1-2-3-4-5-8-inch","status":"publish","type":"product","link":"https:\/\/pushclimbing.vn\/vi\/san-pham\/zipstop-zip-line-brake-trolley-1-2-3-4-5-8-inch\/","title":{"rendered":"zipSTOP Zip Line Brake"},"content":{"rendered":"<div class=\"fusion-fullwidth fullwidth-box fusion-builder-row-1 fusion-flex-container nonhundred-percent-fullwidth non-hundred-percent-height-scrolling\" style=\"--awb-border-radius-top-left:0px;--awb-border-radius-top-right:0px;--awb-border-radius-bottom-right:0px;--awb-border-radius-bottom-left:0px;--awb-flex-wrap:wrap;\" ><div class=\"fusion-builder-row fusion-row fusion-flex-align-items-flex-start fusion-flex-content-wrap\" style=\"max-width:1216.8px;margin-left: calc(-4% \/ 2 );margin-right: calc(-4% \/ 2 );\"><div class=\"fusion-layout-column fusion_builder_column fusion-builder-column-0 fusion_builder_column_1_1 1_1 fusion-flex-column\" style=\"--awb-bg-size:cover;--awb-width-large:100%;--awb-margin-top-large:0px;--awb-spacing-right-large:1.92%;--awb-margin-bottom-large:0px;--awb-spacing-left-large:1.92%;--awb-width-medium:100%;--awb-spacing-right-medium:1.92%;--awb-spacing-left-medium:1.92%;--awb-width-small:100%;--awb-spacing-right-small:1.92%;--awb-spacing-left-small:1.92%;\"><div class=\"fusion-column-wrapper fusion-flex-justify-content-flex-start fusion-content-layout-column\"><div class=\"fusion-text fusion-text-1\"><div class=\"video-shortcode\"><iframe title=\"Our Eddy Current Magnetic Braking Technology\" width=\"1170\" height=\"658\" src=\"https:\/\/www.youtube.com\/embed\/2tsVuf9pLOE?list=PLOj0_5jSPUteCjhk5zT-mWSrd81u9Qv8E\" frameborder=\"0\" allow=\"accelerometer; autoplay; clipboard-write; encrypted-media; gyroscope; picture-in-picture; web-share\" referrerpolicy=\"strict-origin-when-cross-origin\" allowfullscreen><\/iframe><\/div>\n<p><strong>B\u1ed9 s\u1ea3n ph\u1ea9m bao g\u1ed3m:<\/strong><\/p>\n<p>Thi\u1ebft b\u1ecb phanh zipSTOP Zip Line<br \/>\nXe phanh<br \/>\nKhung g\u1eafn v\u00e0 ph\u1ee5 ki\u1ec7n<br \/>\n<strong>L\u1ee3i \u00edch ch\u00ednh c\u1ee7a zipSTOP:<\/strong><\/p>\n<p>C\u00f4ng ngh\u1ec7 phanh t\u1eeb eddy t\u1ef1 \u0111\u1ed9ng \u0111i\u1ec1u ch\u1ec9nh \u0111\u1ec3 \u0111\u1ea3m b\u1ea3o phanh m\u01b0\u1ee3t m\u00e0 cho ng\u01b0\u1eddi \u0111i d\u00e2y c\u00e1p.<br \/>\nCho ph\u00e9p nhi\u1ec1u lo\u1ea1i tr\u1ecdng l\u01b0\u1ee3ng v\u00e0 t\u1ed1c \u0111\u1ed9 ng\u01b0\u1eddi \u0111i d\u00e2y c\u00e1p kh\u00e1c nhau.<br \/>\nT\u1ef1 \u0111\u1ed9ng thi\u1ebft l\u1eadp l\u1ea1i sau m\u1ed7i ng\u01b0\u1eddi \u0111i\u1ec1u khi\u1ec3n, gi\u1ea3m thi\u1ec3u sai s\u00f3t t\u1eeb con ng\u01b0\u1eddi.<br \/>\nH\u1ed7 tr\u1ee3 gi\u1ea3m r\u1ee7i ro b\u1eb1ng c\u00e1ch lo\u1ea1i b\u1ecf sai s\u00f3t t\u1eeb ng\u01b0\u1eddi \u0111i\u1ec1u khi\u1ec3n ho\u1eb7c h\u01b0\u1edbng d\u1eabn vi\u00ean.<br \/>\nChi ph\u00ed s\u1edf h\u1eefu th\u1ea5p, bao g\u1ed3m vi\u1ec7c t\u00e1i ch\u1ee9ng nh\u1eadn h\u00e0ng n\u0103m v\u1edbi gi\u00e1 399 \u0111\u00f4 la v\u00e0 thay th\u1ebf c\u00e1c b\u1ed9 ph\u1eadn m\u00f2n hao.<br \/>\nC\u00f3 kh\u1ea3 n\u0103ng ch\u1ed1ng ch\u1ecbu m\u00f4i tr\u01b0\u1eddng ngo\u00e0i tr\u1eddi v\u00e0 ho\u1ea1t \u0111\u1ed9ng \u1ed5n \u0111\u1ecbnh trong m\u1ecdi \u0111i\u1ec1u ki\u1ec7n.<\/p>\n<p><strong>TH\u00d4NG S\u1ed0 K\u1ef8 THU\u1eacT<\/strong><br \/>\nS\u1ee9c ch\u1ee9a l\u00e0m vi\u1ec7c \u0111\u1ecbnh m\u1ee9c: 15 \u0111\u1ebfn 150 kg (33 \u0111\u1ebfn 330 lbs)<br \/>\nTr\u1ecdng l\u01b0\u1ee3ng thi\u1ebft b\u1ecb: 23.5 kg (52 lbs)<br \/>\nM\u00e3 s\u1ea3n ph\u1ea9m: ZS125-08<br \/>\nB\u1ea3o h\u00e0nh: 1 n\u0103m<br \/>\nT\u1ed1c \u0111\u1ed9 l\u00e0m vi\u1ec7c \u0111\u1ecbnh m\u1ee9c:<br \/>\n0 \u0111\u1ebfn 36 kph (4 \u0111\u1ebfn 22 mph) s\u1eed d\u1ee5ng t\u1ea3i tr\u1ef1c ti\u1ebfp 1:1<br \/>\n0 \u0111\u1ebfn 60 kph (6 \u0111\u1ebfn 37 mph) s\u1eed d\u1ee5ng h\u1ec7 th\u1ed1ng d\u00e2y gi\u1ea3m t\u1ed1c 2:1*<br \/>\n*C\u00e1c t\u1ed1c \u0111\u1ed9 l\u00e0m vi\u1ec7c \u0111\u1ecbnh m\u1ee9c cao h\u01a1n \u0111\u00f2i h\u1ecfi thi\u1ebft b\u1ecb zipSTOP ph\u1ea3i \u0111\u01b0\u1ee3c s\u1eed d\u1ee5ng k\u1ebft h\u1ee3p v\u1edbi h\u1ec7 th\u1ed1ng d\u00e2y gi\u1ea3m t\u1ed1c. C\u00e1c th\u00f4ng s\u1ed1 k\u1ef9 thu\u1eadt ch\u1ec9 c\u00f3 hi\u1ec7u l\u1ef1c khi thi\u1ebft b\u1ecb \u0111\u01b0\u1ee3c l\u1eafp \u0111\u1eb7t nh\u01b0 m\u1ed9t ph\u1ea7n c\u1ee7a h\u1ec7 th\u1ed1ng \u0111\u00f3.<\/p>\n<p><strong>TH\u00d4NG S\u1ed0 K\u1ef8 THU\u1eacT D\u00c2Y C\u00c1P:<\/strong><br \/>\nT\u1ed1i \u0111a k\u00e9o d\u00e0i d\u00e2y c\u00e1p: 12.5m<\/p>\n<\/div><\/div><\/div><\/div><\/div>","protected":false},"excerpt":{"rendered":"<p>https:\/\/www.youtube.com\/watch?v=mjABIB_VNE4&amp;list=PLOj0_5jSPUteCjhk5zT-mWSrd81u9Qv8E<\/p>\n<p><a href=\"https:\/\/pushclimbing.vn\/wp-content\/uploads\/2023\/01\/EN_zipstop-installation-manual.pdf\">*EN_zipstop-installation-manual<\/a><\/p>\n<p>Zip. D\u1eebng. L\u1eb7p l\u1ea1i. zipSTOP l\u00e0 phanh t\u1ed1t nh\u1ea5t cho d\u00e2y c\u00e1p zip c\u1ee7a b\u1ea1n, nh\u1edd c\u00f4ng ngh\u1ec7 phanh t\u1eeb hi\u1ec7n \u0111\u1ea1i. Phi\u00ean b\u1ea3n ban \u0111\u1ea7u c\u1ee7a zipSTOP Zip Line Brake th\u00edch h\u1ee3p nh\u1ea5t cho t\u1ed1c \u0111\u1ed9 \u0111\u1ebfn n\u01a1i \u0111\u00edch c\u1ee7a ng\u01b0\u1eddi \u0111i d\u00e2y c\u00e1p l\u00ean t\u1edbi 60 kph (37 mph) v\u1edbi nhi\u1ec1u t\u00f9y ch\u1ecdn c\u1ea5u h\u00ecnh.<\/p>\n<p>zipSTOP Zip Line Brake l\u00e0 phanh t\u1ed1t nh\u1ea5t cho d\u00e2y c\u00e1p zip c\u1ee7a b\u1ea1n, s\u1eed d\u1ee5ng c\u00f4ng ngh\u1ec7 phanh t\u1eeb eddy hi\u1ec7n \u0111\u1ea1i t\u1ef1 \u0111\u1ed9ng \u0111i\u1ec1u ch\u1ec9nh \u0111\u1ec3 phanh ng\u01b0\u1eddi \u0111i d\u00e2y c\u00e1p m\u1ed9t c\u00e1ch m\u01b0\u1ee3t m\u00e0, tho\u1ea3i m\u00e1i v\u00e0 nh\u1ea5t qu\u00e1n.<\/p>\n<p>&nbsp;<\/p>","protected":false},"featured_media":25251,"comment_status":"open","ping_status":"closed","template":"","meta":{"_acf_changed":false},"product_brand":[1012],"product_cat":[966],"product_tag":[705,469,707,710,708],"class_list":{"0":"post-25253","1":"product","2":"type-product","3":"status-publish","4":"has-post-thumbnail","6":"product_brand-headrush","7":"product_cat-new-arrivals","8":"product_tag-headrush","9":"product_tag-headrush-technology","10":"product_tag-zip","11":"product_tag-zipline","12":"product_tag-zipstop","14":"first","15":"onbackorder","16":"taxable","17":"shipping-taxable","18":"product-type-variable"},"acf":[],"yoast_head":"<!-- This site is optimized with the Yoast SEO plugin v27.3 - https:\/\/yoast.com\/product\/yoast-seo-wordpress\/ -->\n<title>zipSTOP Zip Line Brake - Push Climbing<\/title>\n<meta name=\"robots\" content=\"index, follow, max-snippet:-1, max-image-preview:large, max-video-preview:-1\" \/>\n<link rel=\"canonical\" href=\"https:\/\/pushclimbing.vn\/vi\/san-pham\/zipstop-zip-line-brake-trolley-1-2-3-4-5-8-inch\/\" \/>\n<meta property=\"og:locale\" content=\"vi_VN\" \/>\n<meta property=\"og:type\" content=\"article\" \/>\n<meta property=\"og:title\" content=\"zipSTOP Zip Line Brake - Push Climbing\" \/>\n<meta property=\"og:description\" content=\"https:\/\/www.youtube.com\/watch?v=mjABIB_VNE4&amp;list=PLOj0_5jSPUteCjhk5zT-mWSrd81u9Qv8E  *EN_zipstop-installation-manual  Zip. Stop. Repeat. The zipSTOP is best brake for your zip line, because of it&#039;s advanced magnetic braking technology. The original zipSTOP Zip Line Brake is best suited to rider arrival speeds up to 60 kph (37 mph) with multiple configuration options.  The best brake for your zip line, zipSTOP Zip Line Brake uses self-regulating eddy current magnetic braking technology to brake zip line riders smoothly, comfortably, and consistently.  &nbsp;\" \/>\n<meta property=\"og:url\" content=\"https:\/\/pushclimbing.vn\/vi\/san-pham\/zipstop-zip-line-brake-trolley-1-2-3-4-5-8-inch\/\" \/>\n<meta property=\"og:site_name\" content=\"Push Climbing\" \/>\n<meta property=\"article:publisher\" content=\"https:\/\/www.facebook.com\/pushrockclimbing\" \/>\n<meta property=\"article:modified_time\" content=\"2025-03-19T02:51:19+00:00\" \/>\n<meta property=\"og:image\" content=\"https:\/\/pushclimbing.vn\/wp-content\/uploads\/2022\/06\/zs_10526_1.jpg\" \/>\n\t<meta property=\"og:image:width\" content=\"1250\" \/>\n\t<meta property=\"og:image:height\" content=\"1000\" \/>\n\t<meta property=\"og:image:type\" content=\"image\/jpeg\" \/>\n<meta name=\"twitter:card\" content=\"summary_large_image\" \/>\n<meta name=\"twitter:label1\" content=\"\u01af\u1edbc t\u00ednh th\u1eddi gian \u0111\u1ecdc\" \/>\n\t<meta name=\"twitter:data1\" content=\"1 ph\u00fat\" \/>\n<script type=\"application\/ld+json\" class=\"yoast-schema-graph\">{\"@context\":\"https:\\\/\\\/schema.org\",\"@graph\":[{\"@type\":\"WebPage\",\"@id\":\"https:\\\/\\\/pushclimbing.vn\\\/vi\\\/san-pham\\\/zipstop-zip-line-brake-trolley-1-2-3-4-5-8-inch\\\/\",\"url\":\"https:\\\/\\\/pushclimbing.vn\\\/vi\\\/san-pham\\\/zipstop-zip-line-brake-trolley-1-2-3-4-5-8-inch\\\/\",\"name\":\"zipSTOP Zip Line Brake - Push Climbing\",\"isPartOf\":{\"@id\":\"https:\\\/\\\/pushclimbing.vn\\\/#website\"},\"primaryImageOfPage\":{\"@id\":\"https:\\\/\\\/pushclimbing.vn\\\/vi\\\/san-pham\\\/zipstop-zip-line-brake-trolley-1-2-3-4-5-8-inch\\\/#primaryimage\"},\"image\":{\"@id\":\"https:\\\/\\\/pushclimbing.vn\\\/vi\\\/san-pham\\\/zipstop-zip-line-brake-trolley-1-2-3-4-5-8-inch\\\/#primaryimage\"},\"thumbnailUrl\":\"https:\\\/\\\/pushclimbing.vn\\\/wp-content\\\/uploads\\\/2022\\\/06\\\/zs_10526_1.jpg\",\"datePublished\":\"2023-01-30T06:57:20+00:00\",\"dateModified\":\"2025-03-19T02:51:19+00:00\",\"breadcrumb\":{\"@id\":\"https:\\\/\\\/pushclimbing.vn\\\/vi\\\/san-pham\\\/zipstop-zip-line-brake-trolley-1-2-3-4-5-8-inch\\\/#breadcrumb\"},\"inLanguage\":\"vi\",\"potentialAction\":[{\"@type\":\"ReadAction\",\"target\":[\"https:\\\/\\\/pushclimbing.vn\\\/vi\\\/san-pham\\\/zipstop-zip-line-brake-trolley-1-2-3-4-5-8-inch\\\/\"]}]},{\"@type\":\"ImageObject\",\"inLanguage\":\"vi\",\"@id\":\"https:\\\/\\\/pushclimbing.vn\\\/vi\\\/san-pham\\\/zipstop-zip-line-brake-trolley-1-2-3-4-5-8-inch\\\/#primaryimage\",\"url\":\"https:\\\/\\\/pushclimbing.vn\\\/wp-content\\\/uploads\\\/2022\\\/06\\\/zs_10526_1.jpg\",\"contentUrl\":\"https:\\\/\\\/pushclimbing.vn\\\/wp-content\\\/uploads\\\/2022\\\/06\\\/zs_10526_1.jpg\",\"width\":1250,\"height\":1000},{\"@type\":\"BreadcrumbList\",\"@id\":\"https:\\\/\\\/pushclimbing.vn\\\/vi\\\/san-pham\\\/zipstop-zip-line-brake-trolley-1-2-3-4-5-8-inch\\\/#breadcrumb\",\"itemListElement\":[{\"@type\":\"ListItem\",\"position\":1,\"name\":\"Home\",\"item\":\"https:\\\/\\\/pushclimbing.vn\\\/\"},{\"@type\":\"ListItem\",\"position\":2,\"name\":\"Shop\",\"item\":\"https:\\\/\\\/pushclimbing.vn\\\/shop\\\/\"},{\"@type\":\"ListItem\",\"position\":3,\"name\":\"zipSTOP Zip Line Brake\"}]},{\"@type\":\"WebSite\",\"@id\":\"https:\\\/\\\/pushclimbing.vn\\\/#website\",\"url\":\"https:\\\/\\\/pushclimbing.vn\\\/\",\"name\":\"Push Climbing\",\"description\":\"Conquer Your Mountain\",\"publisher\":{\"@id\":\"https:\\\/\\\/pushclimbing.vn\\\/#organization\"},\"potentialAction\":[{\"@type\":\"SearchAction\",\"target\":{\"@type\":\"EntryPoint\",\"urlTemplate\":\"https:\\\/\\\/pushclimbing.vn\\\/?s={search_term_string}\"},\"query-input\":{\"@type\":\"PropertyValueSpecification\",\"valueRequired\":true,\"valueName\":\"search_term_string\"}}],\"inLanguage\":\"vi\"},{\"@type\":\"Organization\",\"@id\":\"https:\\\/\\\/pushclimbing.vn\\\/#organization\",\"name\":\"Push Climbing\",\"url\":\"https:\\\/\\\/pushclimbing.vn\\\/\",\"logo\":{\"@type\":\"ImageObject\",\"inLanguage\":\"vi\",\"@id\":\"https:\\\/\\\/pushclimbing.vn\\\/#\\\/schema\\\/logo\\\/image\\\/\",\"url\":\"https:\\\/\\\/pushclimbing.vn\\\/wp-content\\\/uploads\\\/2022\\\/07\\\/push-logo-canvas.png\",\"contentUrl\":\"https:\\\/\\\/pushclimbing.vn\\\/wp-content\\\/uploads\\\/2022\\\/07\\\/push-logo-canvas.png\",\"width\":400,\"height\":400,\"caption\":\"Push Climbing\"},\"image\":{\"@id\":\"https:\\\/\\\/pushclimbing.vn\\\/#\\\/schema\\\/logo\\\/image\\\/\"},\"sameAs\":[\"https:\\\/\\\/www.facebook.com\\\/pushrockclimbing\"]}]}<\/script>\n<!-- \/ Yoast SEO plugin. -->","yoast_head_json":{"title":"zipSTOP Zip Line Brake - Push Climbing","robots":{"index":"index","follow":"follow","max-snippet":"max-snippet:-1","max-image-preview":"max-image-preview:large","max-video-preview":"max-video-preview:-1"},"canonical":"https:\/\/pushclimbing.vn\/vi\/san-pham\/zipstop-zip-line-brake-trolley-1-2-3-4-5-8-inch\/","og_locale":"vi_VN","og_type":"article","og_title":"zipSTOP Zip Line Brake - Push Climbing","og_description":"https:\/\/www.youtube.com\/watch?v=mjABIB_VNE4&amp;list=PLOj0_5jSPUteCjhk5zT-mWSrd81u9Qv8E  *EN_zipstop-installation-manual  Zip. Stop. Repeat. The zipSTOP is best brake for your zip line, because of it's advanced magnetic braking technology. The original zipSTOP Zip Line Brake is best suited to rider arrival speeds up to 60 kph (37 mph) with multiple configuration options.  The best brake for your zip line, zipSTOP Zip Line Brake uses self-regulating eddy current magnetic braking technology to brake zip line riders smoothly, comfortably, and consistently.  &nbsp;","og_url":"https:\/\/pushclimbing.vn\/vi\/san-pham\/zipstop-zip-line-brake-trolley-1-2-3-4-5-8-inch\/","og_site_name":"Push Climbing","article_publisher":"https:\/\/www.facebook.com\/pushrockclimbing","article_modified_time":"2025-03-19T02:51:19+00:00","og_image":[{"width":1250,"height":1000,"url":"https:\/\/pushclimbing.vn\/wp-content\/uploads\/2022\/06\/zs_10526_1.jpg","type":"image\/jpeg"}],"twitter_card":"summary_large_image","twitter_misc":{"\u01af\u1edbc t\u00ednh th\u1eddi gian \u0111\u1ecdc":"1 ph\u00fat"},"schema":{"@context":"https:\/\/schema.org","@graph":[{"@type":"WebPage","@id":"https:\/\/pushclimbing.vn\/vi\/san-pham\/zipstop-zip-line-brake-trolley-1-2-3-4-5-8-inch\/","url":"https:\/\/pushclimbing.vn\/vi\/san-pham\/zipstop-zip-line-brake-trolley-1-2-3-4-5-8-inch\/","name":"zipSTOP Zip Line Brake - Push Climbing","isPartOf":{"@id":"https:\/\/pushclimbing.vn\/#website"},"primaryImageOfPage":{"@id":"https:\/\/pushclimbing.vn\/vi\/san-pham\/zipstop-zip-line-brake-trolley-1-2-3-4-5-8-inch\/#primaryimage"},"image":{"@id":"https:\/\/pushclimbing.vn\/vi\/san-pham\/zipstop-zip-line-brake-trolley-1-2-3-4-5-8-inch\/#primaryimage"},"thumbnailUrl":"https:\/\/pushclimbing.vn\/wp-content\/uploads\/2022\/06\/zs_10526_1.jpg","datePublished":"2023-01-30T06:57:20+00:00","dateModified":"2025-03-19T02:51:19+00:00","breadcrumb":{"@id":"https:\/\/pushclimbing.vn\/vi\/san-pham\/zipstop-zip-line-brake-trolley-1-2-3-4-5-8-inch\/#breadcrumb"},"inLanguage":"vi","potentialAction":[{"@type":"ReadAction","target":["https:\/\/pushclimbing.vn\/vi\/san-pham\/zipstop-zip-line-brake-trolley-1-2-3-4-5-8-inch\/"]}]},{"@type":"ImageObject","inLanguage":"vi","@id":"https:\/\/pushclimbing.vn\/vi\/san-pham\/zipstop-zip-line-brake-trolley-1-2-3-4-5-8-inch\/#primaryimage","url":"https:\/\/pushclimbing.vn\/wp-content\/uploads\/2022\/06\/zs_10526_1.jpg","contentUrl":"https:\/\/pushclimbing.vn\/wp-content\/uploads\/2022\/06\/zs_10526_1.jpg","width":1250,"height":1000},{"@type":"BreadcrumbList","@id":"https:\/\/pushclimbing.vn\/vi\/san-pham\/zipstop-zip-line-brake-trolley-1-2-3-4-5-8-inch\/#breadcrumb","itemListElement":[{"@type":"ListItem","position":1,"name":"Home","item":"https:\/\/pushclimbing.vn\/"},{"@type":"ListItem","position":2,"name":"Shop","item":"https:\/\/pushclimbing.vn\/shop\/"},{"@type":"ListItem","position":3,"name":"zipSTOP Zip Line Brake"}]},{"@type":"WebSite","@id":"https:\/\/pushclimbing.vn\/#website","url":"https:\/\/pushclimbing.vn\/","name":"Push Climbing","description":"Conquer Your Mountain","publisher":{"@id":"https:\/\/pushclimbing.vn\/#organization"},"potentialAction":[{"@type":"SearchAction","target":{"@type":"EntryPoint","urlTemplate":"https:\/\/pushclimbing.vn\/?s={search_term_string}"},"query-input":{"@type":"PropertyValueSpecification","valueRequired":true,"valueName":"search_term_string"}}],"inLanguage":"vi"},{"@type":"Organization","@id":"https:\/\/pushclimbing.vn\/#organization","name":"Push Climbing","url":"https:\/\/pushclimbing.vn\/","logo":{"@type":"ImageObject","inLanguage":"vi","@id":"https:\/\/pushclimbing.vn\/#\/schema\/logo\/image\/","url":"https:\/\/pushclimbing.vn\/wp-content\/uploads\/2022\/07\/push-logo-canvas.png","contentUrl":"https:\/\/pushclimbing.vn\/wp-content\/uploads\/2022\/07\/push-logo-canvas.png","width":400,"height":400,"caption":"Push Climbing"},"image":{"@id":"https:\/\/pushclimbing.vn\/#\/schema\/logo\/image\/"},"sameAs":["https:\/\/www.facebook.com\/pushrockclimbing"]}]}},"_links":{"self":[{"href":"https:\/\/pushclimbing.vn\/vi\/wp-json\/wp\/v2\/product\/25253","targetHints":{"allow":["GET"]}}],"collection":[{"href":"https:\/\/pushclimbing.vn\/vi\/wp-json\/wp\/v2\/product"}],"about":[{"href":"https:\/\/pushclimbing.vn\/vi\/wp-json\/wp\/v2\/types\/product"}],"replies":[{"embeddable":true,"href":"https:\/\/pushclimbing.vn\/vi\/wp-json\/wp\/v2\/comments?post=25253"}],"wp:featuredmedia":[{"embeddable":true,"href":"https:\/\/pushclimbing.vn\/vi\/wp-json\/wp\/v2\/media\/25251"}],"wp:attachment":[{"href":"https:\/\/pushclimbing.vn\/vi\/wp-json\/wp\/v2\/media?parent=25253"}],"wp:term":[{"taxonomy":"product_brand","embeddable":true,"href":"https:\/\/pushclimbing.vn\/vi\/wp-json\/wp\/v2\/product_brand?post=25253"},{"taxonomy":"product_cat","embeddable":true,"href":"https:\/\/pushclimbing.vn\/vi\/wp-json\/wp\/v2\/product_cat?post=25253"},{"taxonomy":"product_tag","embeddable":true,"href":"https:\/\/pushclimbing.vn\/vi\/wp-json\/wp\/v2\/product_tag?post=25253"}],"curies":[{"name":"wp","href":"https:\/\/api.w.org\/{rel}","templated":true}]}}