{"id":25247,"date":"2023-01-30T13:34:04","date_gmt":"2023-01-30T06:34:04","guid":{"rendered":"https:\/\/pushclimbing.vn\/?post_type=product&#038;p=25247"},"modified":"2025-03-19T09:51:26","modified_gmt":"2025-03-19T02:51:26","slug":"flightline-free-fall-device-4-5m-ripcord","status":"publish","type":"product","link":"https:\/\/pushclimbing.vn\/vi\/san-pham\/flightline-free-fall-device-4-5m-ripcord\/","title":{"rendered":"Thi\u1ebft b\u1ecb R\u01a1i T\u1ef1 Do FlightLine"},"content":{"rendered":"<div class=\"fusion-fullwidth fullwidth-box fusion-builder-row-1 fusion-flex-container nonhundred-percent-fullwidth non-hundred-percent-height-scrolling\" style=\"--awb-border-radius-top-left:0px;--awb-border-radius-top-right:0px;--awb-border-radius-bottom-right:0px;--awb-border-radius-bottom-left:0px;--awb-flex-wrap:wrap;\" ><div class=\"fusion-builder-row fusion-row fusion-flex-align-items-flex-start fusion-flex-content-wrap\" style=\"max-width:1216.8px;margin-left: calc(-4% \/ 2 );margin-right: calc(-4% \/ 2 );\"><div class=\"fusion-layout-column fusion_builder_column fusion-builder-column-0 fusion_builder_column_1_1 1_1 fusion-flex-column\" style=\"--awb-bg-size:cover;--awb-width-large:100%;--awb-margin-top-large:0px;--awb-spacing-right-large:1.92%;--awb-margin-bottom-large:0px;--awb-spacing-left-large:1.92%;--awb-width-medium:100%;--awb-spacing-right-medium:1.92%;--awb-spacing-left-medium:1.92%;--awb-width-small:100%;--awb-spacing-right-small:1.92%;--awb-spacing-left-small:1.92%;\"><div class=\"fusion-column-wrapper fusion-flex-justify-content-flex-start fusion-content-layout-column\"><div class=\"fusion-text fusion-text-1\"><div class=\"video-shortcode\"><iframe title=\"Our Eddy Current Magnetic Braking Technology\" width=\"1170\" height=\"658\" src=\"https:\/\/www.youtube.com\/embed\/2tsVuf9pLOE?list=PLOj0_5jSPUteCjhk5zT-mWSrd81u9Qv8E\" frameborder=\"0\" allow=\"accelerometer; autoplay; clipboard-write; encrypted-media; gyroscope; picture-in-picture; web-share\" referrerpolicy=\"strict-origin-when-cross-origin\" allowfullscreen><\/iframe><\/div>\n<p><strong>R\u01a1i t\u1ef1 do k\u00e9o d\u00e0i<\/strong><\/p>\n<p>Ng\u01b0\u1eddi tham gia c\u00f3 th\u1eddi gian tr\u1ea3i nghi\u1ec7m kh\u00f4ng gian v\u1edbi FlightLine, l\u00ean \u0111\u1ebfn 11m (36 ft) c\u1ee7a r\u01a1i t\u1ef1 do! FlightLine th\u00edch h\u1ee3p nh\u01b0 m\u1ed9t y\u1ebfu t\u1ed1 \u0111\u1ed9c l\u1eadp ho\u1eb7c \u0111\u1ec3 th\u00eam y\u1ebfu t\u1ed1 \u201cwow\u201d cho tr\u1ea3i nghi\u1ec7m phi\u00eau l\u01b0u hi\u1ec7n c\u00f3.<\/p>\n<p><strong>X\u1eed L\u00fd L\u01b0u L\u01b0\u1ee3ng Cao<\/strong><\/p>\n<p>FlightLine thu g\u1ecdn nhanh ch\u00f3ng v\u00e0 cho ph\u00e9p l\u01b0u l\u01b0\u1ee3ng kh\u00e1ch cao. L\u01b0u l\u01b0\u1ee3ng n\u00e0y cao h\u01a1n so v\u1edbi c\u00e1c ph\u01b0\u01a1ng \u00e1n thay th\u1ebf (v\u00ed d\u1ee5 nh\u1ea3y d\u00e2y bungee) v\u00e0 mang l\u1ea1i c\u1ea3m gi\u00e1c r\u01a1i t\u1ef1 do g\u00e2y th\u00fa v\u1ecb t\u01b0\u01a1ng t\u1ef1.<\/p>\n<p><strong>H\u1ec7 Th\u1ed1ng Phanh t\u1eeb Ch\u1edbp<\/strong><\/p>\n<p>C\u00f4ng ngh\u1ec7 phanh t\u1eeb ch\u1edbp eddy current \u0111\u01b0\u1ee3c b\u1eb1ng s\u00e1ng ch\u1ebf c\u1ee7a Head Rush r\u1ea5t \u0111\u00e1ng tin c\u1eady v\u00e0 t\u1ea1o ra c\u1ea3m gi\u00e1c d\u1eebng \u00eam d\u1ecbu tuy\u1ec7t v\u1eddi. H\u1ec7 th\u1ed1ng phanh k\u00e9p trong FlightLine ho\u1ea1t \u0111\u1ed9ng \u1edf hai giai \u0111o\u1ea1n \u0111\u1ec3 d\u1eebng \u00eam d\u1ecbu v\u00e0 nh\u1eb9 nh\u00e0ng.<\/p>\n<p><strong>C\u1ea5u H\u00ecnh G\u1eafn Nhi\u1ec1u<\/strong><\/p>\n<p>M\u1ed9t t\u00f9y ch\u1ecdn c\u1ea5u h\u00ecnh \u201cnh\u1ea3y qua\u201d cho ph\u00e9p ng\u01b0\u1eddi tham gia nh\u1ea3y t\u1eeb m\u1ed9t n\u1ec1n t\u1ea3ng v\u1edbi thi\u1ebft b\u1ecb g\u1eafn ph\u00eda d\u01b0\u1edbi h\u1ecd. \u0110i\u1ec1u n\u00e0y t\u0103ng kho\u1ea3ng c\u00e1ch r\u01a1i t\u1ef1 do v\u00e0 t\u0103ng y\u1ebfu t\u1ed1 k\u00edch th\u00edch. Hai chi\u1ec1u d\u00e0i Ripcord cho ph\u00e9p t\u00f9y ch\u1ec9nh th\u00eam cho tr\u1ea3i nghi\u1ec7m R\u01a1i t\u1ef1 do FlightLine.<\/p>\n<p><strong>\u00cdt B\u1ea3o D\u01b0\u1ee1ng<\/strong><\/p>\n<p>C\u00f4ng ngh\u1ec7 phanh t\u1eeb ch\u1edbp eddy current \u0111\u01b0\u1ee3c b\u1eb1ng s\u00e1ng ch\u1ebf c\u1ee7a Head Rush r\u1ea5t \u0111\u00e1ng tin c\u1eady v\u00e0 mang l\u1ea1i chi ph\u00ed s\u1edf h\u1eefu th\u1ea5p. Kh\u00f4ng c\u00f3 b\u1ed9 ph\u1eadn ti\u1ebfp x\u00fac trong h\u1ec7 th\u1ed1ng phanh, v\u00e0 \u00edt hao m\u00f2n do phanh kh\u00f4ng li\u00ean quan \u0111\u1ebfn ma s\u00e1t.<\/p>\n<p><strong>Modular &amp; G\u1ecdn G\u00e0ng<\/strong><\/p>\n<p>Th\u00eam nh\u1eefng tr\u1ea3i nghi\u1ec7m th\u00fa v\u1ecb v\u00e0o kh\u00f4ng gian g\u1ecdn g\u00e0ng \u0111\u00e1ng kinh ng\u1ea1c. FlightLine y\u00eau c\u1ea7u m\u1ed9t n\u1ec1n t\u1ea3ng ho\u1eb7c th\u00e1p cao \u00edt nh\u1ea5t 18.5m (60 ft), nh\u01b0ng sau \u0111\u00f3 thi\u1ebft b\u1ecb c\u00f3 t\u00ednh n\u0103ng modular d\u1ec5 d\u00e0ng c\u00e0i \u0111\u1eb7t v\u00e0 v\u1eadn h\u00e0nh.<\/p>\n<p><strong>FLIGHTLINE V\u1edaI RIPCORD 4.5M<\/strong><\/p>\n<p><strong>TH\u00d4NG S\u1ed0 K\u1ef8 THU\u1eacT<\/strong><br \/>\nK\u00edch th\u01b0\u1edbc: 615 x 457 x 234 mm (24.2 x 18 x 9.2 in)<br \/>\nTr\u1ecdng l\u01b0\u1ee3ng thi\u1ebft b\u1ecb: 59 kg (130 lbs)<br \/>\nKh\u1ea3 n\u0103ng l\u00e0m vi\u1ec7c \u0111\u00e1nh gi\u00e1: 34 \u0111\u1ebfn 113 kg (75 \u0111\u1ebfn 250 lbs)<\/p>\n<p><strong>C\u1ea4U H\u00ccNH TI\u00caU CHU\u1ea8N<\/strong><br \/>\nChi\u1ec1u cao l\u1eafp t\u1ed1i thi\u1ec3u*: 18.5 m (60 ft)<br \/>\nChi\u1ec1u cao l\u1eafp t\u1ed1i \u0111a*: 23 m (75 ft)<br \/>\nKho\u1ea3ng c\u00e1ch t\u1ed1i thi\u1ec3u \u2013 \u0110\u1ea7u phun \u0111\u1ebfn N\u1ec1n t\u1ea3ng: 1.8 m (6 ft)<br \/>\nKho\u1ea3ng c\u00e1ch t\u1ed1i \u0111a \u2013 \u0110\u1ea7u phun \u0111\u1ebfn N\u1ec1n t\u1ea3ng: 2.1 m (7 ft)<\/p>\n<p><strong>C\u1ea4U H\u00ccNH NH\u1ea2Y QUA<\/strong><br \/>\nChi\u1ec1u cao l\u1eafp t\u1ed1i thi\u1ec3u*: 21 m (69 ft)<br \/>\nChi\u1ec1u cao l\u1eafp t\u1ed1i \u0111a*: 23 m (75 ft)<br \/>\nKho\u1ea3ng c\u00e1ch t\u1ed1i \u0111a \u2013 \u0110\u1ea7u phun \u0111\u1ebfn N\u1ec1n t\u1ea3ng: 1.2 m (4 ft)<\/p>\n<p>* Kho\u1ea3ng c\u00e1ch n\u00e0y t\u1eeb \u0111\u1ea7u phun thi\u1ebft b\u1ecb \u0111\u1ebfn khu v\u1ef1c \u0111\u1ed7 v\u00e0 ph\u1ee5 thu\u1ed9c v\u00e0o chi\u1ec1u d\u00e0i RipCord. Chi\u1ec1u cao l\u1eafp c\u00f3 th\u1ec3 thay \u0111\u1ed5i.<\/p>\n<p>FlightLine v\u1edbi RipCord 4.5m mang l\u1ea1i kho\u1ea3ng c\u00e1ch r\u01a1i t\u1ef1 do kho\u1ea3ng 4.5m (15 ft).<\/p>\n<p><strong>FLIGHTLINE V\u1edaI RIPCORD 6.0M<\/strong><\/p>\n<p><strong>TH\u00d4NG S\u1ed0 K\u1ef8 THU\u1eacT<\/strong><br \/>\nK\u00edch th\u01b0\u1edbc: 615 x 457 x 234 mm (24.2 x 18 x 9.2 in)<br \/>\nTr\u1ecdng l\u01b0\u1ee3ng thi\u1ebft b\u1ecb: 59 kg (130 lbs)<br \/>\nKh\u1ea3 n\u0103ng l\u00e0m vi\u1ec7c \u0111\u00e1nh gi\u00e1: 34 \u0111\u1ebfn 130 kg (75 \u0111\u1ebfn 285 lbs)<\/p>\n<p><strong>C\u1ea4U H\u00ccNH TI\u00caU CHU\u1ea8N<\/strong><br \/>\nChi\u1ec1u cao l\u1eafp t\u1ed1i thi\u1ec3u*: 20 m (65 ft)<br \/>\nChi\u1ec1u cao l\u1eafp t\u1ed1i \u0111a*: 24.5 m (80 ft)<br \/>\nKho\u1ea3ng c\u00e1ch t\u1ed1i thi\u1ec3u \u2013 \u0110\u1ea7u phun \u0111\u1ebfn N\u1ec1n t\u1ea3ng: 1.8 m (6 ft)<br \/>\nKho\u1ea3ng c\u00e1ch t\u1ed1i \u0111a \u2013 \u0110\u1ea7u phun \u0111\u1ebfn N\u1ec1n t\u1ea3ng: 2.1 m (7 ft)<\/p>\n<p><strong>C\u1ea4U H\u00ccNH NH\u1ea2Y QUA<\/strong><br \/>\nChi\u1ec1u cao l\u1eafp t\u1ed1i \u0111a*: 24.5 m (75 ft)<br \/>\nChi\u1ec1u cao l\u1eafp t\u1ed1i \u0111a*: 24.5 m (80 ft)<br \/>\nKho\u1ea3ng c\u00e1ch t\u1ed1i \u0111a \u2013 \u0110\u1ea7u phun \u0111\u1ebfn N\u1ec1n t\u1ea3ng: 1.2 m (4 ft)<\/p>\n<p>* Kho\u1ea3ng c\u00e1ch n\u00e0y t\u1eeb \u0111\u1ea7u phun thi\u1ebft b\u1ecb \u0111\u1ebfn khu v\u1ef1c \u0111\u1ed7 v\u00e0 ph\u1ee5 thu\u1ed9c v\u00e0o chi\u1ec1u d\u00e0i RipCord. Chi\u1ec1u cao l\u1eafp c\u00f3 th\u1ec3 thay \u0111\u1ed5i.<\/p>\n<p>FlightLine v\u1edbi RipCord 6.0m mang l\u1ea1i kho\u1ea3ng c\u00e1ch r\u01a1i t\u1ef1 do kho\u1ea3ng 8m (26 ft).<\/p>\n<\/div><\/div><\/div><\/div><\/div>","protected":false},"excerpt":{"rendered":"<p>https:\/\/www.youtube.com\/watch?v=mjABIB_VNE4&amp;list=PLOj0_5jSPUteCjhk5zT-mWSrd81u9Qv8E<\/p>\n<p><strong>LI\u00caN H\u1ec6 \u0110\u1eb6T H\u00c0NG NGAY!<\/strong><\/p>\n<p><a href=\"https:\/\/pushclimbing.vn\/wp-content\/uploads\/2023\/01\/EN-flightline-installation-and-operation-manual.pdf\">H\u01b0\u1edbng d\u1eabn l\u1eafp \u0111\u1eb7t v\u00e0 v\u1eadn h\u00e0nh EN-flightline.<\/a><\/p>\n<p>FlightLine l\u00e0 b\u01b0\u1edbc ti\u1ebfn m\u1edbi trong s\u1ef1 ph\u00e1t tri\u1ec3n c\u1ee7a c\u00e1c thi\u1ebft b\u1ecb t\u1ef1 do r\u01a1i. N\u00f3 mang l\u1ea1i c\u1ea3m gi\u00e1c r\u01a1i t\u1ef1 do th\u1ef1c s\u1ef1 k\u00e9o d\u00e0i v\u00e0 t\u00edch h\u1ee3p c\u00f4ng ngh\u1ec7 phanh t\u1eeb hi\u1ec7n \u0111\u1ea1i c\u1ee7a ch\u00fang t\u00f4i \u0111\u1ec3 \u0111\u1ea3m b\u1ea3o vi\u1ec7c d\u1eebng \u00eam d\u1ecbu, mang l\u1ea1i tr\u1ea3i nghi\u1ec7m \u0111\u1ed9c \u0111\u00e1o cho nh\u1eefng ng\u01b0\u1eddi t\u00ecm ki\u1ebfm c\u1ea3m gi\u00e1c m\u1ea1nh.<\/p>\n<p>\u0110\u01b0\u1ee3c thi\u1ebft k\u1ebf \u0111\u1ec3 c\u00f3 kh\u1ea3 n\u0103ng x\u1eed l\u00fd l\u01b0u l\u01b0\u1ee3ng l\u1edbn, FlightLine mang \u0111\u1ebfn c\u1ea3m gi\u00e1c r\u01a1i t\u1ef1 do th\u00fa v\u1ecb v\u1edbi c\u00e1ch d\u1eebng \u00eam d\u1ecbu v\u00e0 c\u00f4ng ngh\u1ec7 phanh t\u1eeb eddy current \u0111\u1ec3 \u0111\u1ea3m b\u1ea3o phanh m\u01b0\u1ee3t m\u00e0 v\u00e0 \u0111\u1ec1u \u0111\u1eb7n, c\u00f9ng v\u1edbi h\u1ec7 th\u1ed1ng phanh \u0111a d\u1ea1ng theo c\u00e2n n\u1eb7ng c\u1ee7a ng\u01b0\u1eddi d\u00f9ng.<\/p>\n<p><img decoding=\"async\" class=\"alignnone size-medium wp-image-27717\" src=\"https:\/\/pushclimbing.vn\/wp-content\/uploads\/2023\/01\/HRT_logo-300x166.png\" alt=\"\" width=\"300\" height=\"166\" srcset=\"https:\/\/pushclimbing.vn\/wp-content\/uploads\/2023\/01\/HRT_logo-18x10.png 18w, https:\/\/pushclimbing.vn\/wp-content\/uploads\/2023\/01\/HRT_logo-200x111.png 200w, https:\/\/pushclimbing.vn\/wp-content\/uploads\/2023\/01\/HRT_logo-300x166.png 300w, https:\/\/pushclimbing.vn\/wp-content\/uploads\/2023\/01\/HRT_logo-400x222.png 400w, https:\/\/pushclimbing.vn\/wp-content\/uploads\/2023\/01\/HRT_logo.png 451w\" sizes=\"(max-width: 300px) 100vw, 300px\" \/><\/p>","protected":false},"featured_media":25263,"comment_status":"open","ping_status":"closed","template":"","meta":{"_acf_changed":false},"product_brand":[1012],"product_cat":[966],"product_tag":[713,705,469,712],"class_list":{"0":"post-25247","1":"product","2":"type-product","3":"status-publish","4":"has-post-thumbnail","6":"product_brand-headrush","7":"product_cat-new-arrivals","8":"product_tag-free-fall","9":"product_tag-headrush","10":"product_tag-headrush-technology","11":"product_tag-jump","13":"first","14":"onbackorder","15":"taxable","16":"shipping-taxable","17":"product-type-variable"},"acf":[],"yoast_head":"<!-- This site is optimized with the Yoast SEO plugin v27.3 - https:\/\/yoast.com\/product\/yoast-seo-wordpress\/ -->\n<title>FlightLine Free Fall Device - Push Climbing<\/title>\n<meta name=\"robots\" content=\"index, follow, max-snippet:-1, max-image-preview:large, max-video-preview:-1\" \/>\n<link rel=\"canonical\" href=\"https:\/\/pushclimbing.vn\/vi\/san-pham\/flightline-free-fall-device-4-5m-ripcord\/\" \/>\n<meta property=\"og:locale\" content=\"vi_VN\" \/>\n<meta property=\"og:type\" content=\"article\" \/>\n<meta property=\"og:title\" content=\"FlightLine Free Fall Device - Push Climbing\" \/>\n<meta property=\"og:description\" content=\"https:\/\/www.youtube.com\/watch?v=mjABIB_VNE4&amp;list=PLOj0_5jSPUteCjhk5zT-mWSrd81u9Qv8E  CONTACT US TO GET IT NOW! \/ LI\u00caN H\u1ec6 \u0110\u1eb6T H\u00c0NG NGAY!  *EN-flightline-installation-and-operation-manual  FlightLine is the next step in the evolution of free fall devices. It provides an extended, true free fall sensation and incorporates our advanced magnetic braking technology for a smooth catch to offer thrill seekers a one-of-a-kind experience.  Designed for high throughput, FlightLine features an exhilarating, true free fall with a soft catch and eddy current magnetic braking for smooth and consistent braking, as well as staged universal braking system for a variety of user weights.\" \/>\n<meta property=\"og:url\" content=\"https:\/\/pushclimbing.vn\/vi\/san-pham\/flightline-free-fall-device-4-5m-ripcord\/\" \/>\n<meta property=\"og:site_name\" content=\"Push Climbing\" \/>\n<meta property=\"article:publisher\" content=\"https:\/\/www.facebook.com\/pushrockclimbing\" \/>\n<meta property=\"article:modified_time\" content=\"2025-03-19T02:51:26+00:00\" \/>\n<meta property=\"og:image\" content=\"https:\/\/pushclimbing.vn\/wp-content\/uploads\/2023\/01\/Picture12.png\" \/>\n\t<meta property=\"og:image:width\" content=\"472\" \/>\n\t<meta property=\"og:image:height\" content=\"389\" \/>\n\t<meta property=\"og:image:type\" content=\"image\/png\" \/>\n<meta name=\"twitter:card\" content=\"summary_large_image\" \/>\n<meta name=\"twitter:label1\" content=\"\u01af\u1edbc t\u00ednh th\u1eddi gian \u0111\u1ecdc\" \/>\n\t<meta name=\"twitter:data1\" content=\"3 ph\u00fat\" \/>\n<script type=\"application\/ld+json\" class=\"yoast-schema-graph\">{\"@context\":\"https:\\\/\\\/schema.org\",\"@graph\":[{\"@type\":\"WebPage\",\"@id\":\"https:\\\/\\\/pushclimbing.vn\\\/product\\\/flightline-free-fall-device-4-5m-ripcord\\\/\",\"url\":\"https:\\\/\\\/pushclimbing.vn\\\/product\\\/flightline-free-fall-device-4-5m-ripcord\\\/\",\"name\":\"FlightLine Free Fall Device - Push Climbing\",\"isPartOf\":{\"@id\":\"https:\\\/\\\/pushclimbing.vn\\\/#website\"},\"primaryImageOfPage\":{\"@id\":\"https:\\\/\\\/pushclimbing.vn\\\/product\\\/flightline-free-fall-device-4-5m-ripcord\\\/#primaryimage\"},\"image\":{\"@id\":\"https:\\\/\\\/pushclimbing.vn\\\/product\\\/flightline-free-fall-device-4-5m-ripcord\\\/#primaryimage\"},\"thumbnailUrl\":\"https:\\\/\\\/pushclimbing.vn\\\/wp-content\\\/uploads\\\/2023\\\/01\\\/Picture12.png\",\"datePublished\":\"2023-01-30T06:34:04+00:00\",\"dateModified\":\"2025-03-19T02:51:26+00:00\",\"breadcrumb\":{\"@id\":\"https:\\\/\\\/pushclimbing.vn\\\/product\\\/flightline-free-fall-device-4-5m-ripcord\\\/#breadcrumb\"},\"inLanguage\":\"vi\",\"potentialAction\":[{\"@type\":\"ReadAction\",\"target\":[\"https:\\\/\\\/pushclimbing.vn\\\/product\\\/flightline-free-fall-device-4-5m-ripcord\\\/\"]}]},{\"@type\":\"ImageObject\",\"inLanguage\":\"vi\",\"@id\":\"https:\\\/\\\/pushclimbing.vn\\\/product\\\/flightline-free-fall-device-4-5m-ripcord\\\/#primaryimage\",\"url\":\"https:\\\/\\\/pushclimbing.vn\\\/wp-content\\\/uploads\\\/2023\\\/01\\\/Picture12.png\",\"contentUrl\":\"https:\\\/\\\/pushclimbing.vn\\\/wp-content\\\/uploads\\\/2023\\\/01\\\/Picture12.png\",\"width\":472,\"height\":389},{\"@type\":\"BreadcrumbList\",\"@id\":\"https:\\\/\\\/pushclimbing.vn\\\/product\\\/flightline-free-fall-device-4-5m-ripcord\\\/#breadcrumb\",\"itemListElement\":[{\"@type\":\"ListItem\",\"position\":1,\"name\":\"Home\",\"item\":\"https:\\\/\\\/pushclimbing.vn\\\/\"},{\"@type\":\"ListItem\",\"position\":2,\"name\":\"Shop\",\"item\":\"https:\\\/\\\/pushclimbing.vn\\\/shop\\\/\"},{\"@type\":\"ListItem\",\"position\":3,\"name\":\"FlightLine Free Fall Device\"}]},{\"@type\":\"WebSite\",\"@id\":\"https:\\\/\\\/pushclimbing.vn\\\/#website\",\"url\":\"https:\\\/\\\/pushclimbing.vn\\\/\",\"name\":\"Push Climbing\",\"description\":\"Conquer Your Mountain\",\"publisher\":{\"@id\":\"https:\\\/\\\/pushclimbing.vn\\\/#organization\"},\"potentialAction\":[{\"@type\":\"SearchAction\",\"target\":{\"@type\":\"EntryPoint\",\"urlTemplate\":\"https:\\\/\\\/pushclimbing.vn\\\/?s={search_term_string}\"},\"query-input\":{\"@type\":\"PropertyValueSpecification\",\"valueRequired\":true,\"valueName\":\"search_term_string\"}}],\"inLanguage\":\"vi\"},{\"@type\":\"Organization\",\"@id\":\"https:\\\/\\\/pushclimbing.vn\\\/#organization\",\"name\":\"Push Climbing\",\"url\":\"https:\\\/\\\/pushclimbing.vn\\\/\",\"logo\":{\"@type\":\"ImageObject\",\"inLanguage\":\"vi\",\"@id\":\"https:\\\/\\\/pushclimbing.vn\\\/#\\\/schema\\\/logo\\\/image\\\/\",\"url\":\"https:\\\/\\\/pushclimbing.vn\\\/wp-content\\\/uploads\\\/2022\\\/07\\\/push-logo-canvas.png\",\"contentUrl\":\"https:\\\/\\\/pushclimbing.vn\\\/wp-content\\\/uploads\\\/2022\\\/07\\\/push-logo-canvas.png\",\"width\":400,\"height\":400,\"caption\":\"Push Climbing\"},\"image\":{\"@id\":\"https:\\\/\\\/pushclimbing.vn\\\/#\\\/schema\\\/logo\\\/image\\\/\"},\"sameAs\":[\"https:\\\/\\\/www.facebook.com\\\/pushrockclimbing\"]}]}<\/script>\n<!-- \/ Yoast SEO plugin. -->","yoast_head_json":{"title":"FlightLine Free Fall Device - Push Climbing","robots":{"index":"index","follow":"follow","max-snippet":"max-snippet:-1","max-image-preview":"max-image-preview:large","max-video-preview":"max-video-preview:-1"},"canonical":"https:\/\/pushclimbing.vn\/vi\/san-pham\/flightline-free-fall-device-4-5m-ripcord\/","og_locale":"vi_VN","og_type":"article","og_title":"FlightLine Free Fall Device - Push Climbing","og_description":"https:\/\/www.youtube.com\/watch?v=mjABIB_VNE4&amp;list=PLOj0_5jSPUteCjhk5zT-mWSrd81u9Qv8E  CONTACT US TO GET IT NOW! \/ LI\u00caN H\u1ec6 \u0110\u1eb6T H\u00c0NG NGAY!  *EN-flightline-installation-and-operation-manual  FlightLine is the next step in the evolution of free fall devices. It provides an extended, true free fall sensation and incorporates our advanced magnetic braking technology for a smooth catch to offer thrill seekers a one-of-a-kind experience.  Designed for high throughput, FlightLine features an exhilarating, true free fall with a soft catch and eddy current magnetic braking for smooth and consistent braking, as well as staged universal braking system for a variety of user weights.","og_url":"https:\/\/pushclimbing.vn\/vi\/san-pham\/flightline-free-fall-device-4-5m-ripcord\/","og_site_name":"Push Climbing","article_publisher":"https:\/\/www.facebook.com\/pushrockclimbing","article_modified_time":"2025-03-19T02:51:26+00:00","og_image":[{"width":472,"height":389,"url":"https:\/\/pushclimbing.vn\/wp-content\/uploads\/2023\/01\/Picture12.png","type":"image\/png"}],"twitter_card":"summary_large_image","twitter_misc":{"\u01af\u1edbc t\u00ednh th\u1eddi gian \u0111\u1ecdc":"3 ph\u00fat"},"schema":{"@context":"https:\/\/schema.org","@graph":[{"@type":"WebPage","@id":"https:\/\/pushclimbing.vn\/product\/flightline-free-fall-device-4-5m-ripcord\/","url":"https:\/\/pushclimbing.vn\/product\/flightline-free-fall-device-4-5m-ripcord\/","name":"FlightLine Free Fall Device - Push Climbing","isPartOf":{"@id":"https:\/\/pushclimbing.vn\/#website"},"primaryImageOfPage":{"@id":"https:\/\/pushclimbing.vn\/product\/flightline-free-fall-device-4-5m-ripcord\/#primaryimage"},"image":{"@id":"https:\/\/pushclimbing.vn\/product\/flightline-free-fall-device-4-5m-ripcord\/#primaryimage"},"thumbnailUrl":"https:\/\/pushclimbing.vn\/wp-content\/uploads\/2023\/01\/Picture12.png","datePublished":"2023-01-30T06:34:04+00:00","dateModified":"2025-03-19T02:51:26+00:00","breadcrumb":{"@id":"https:\/\/pushclimbing.vn\/product\/flightline-free-fall-device-4-5m-ripcord\/#breadcrumb"},"inLanguage":"vi","potentialAction":[{"@type":"ReadAction","target":["https:\/\/pushclimbing.vn\/product\/flightline-free-fall-device-4-5m-ripcord\/"]}]},{"@type":"ImageObject","inLanguage":"vi","@id":"https:\/\/pushclimbing.vn\/product\/flightline-free-fall-device-4-5m-ripcord\/#primaryimage","url":"https:\/\/pushclimbing.vn\/wp-content\/uploads\/2023\/01\/Picture12.png","contentUrl":"https:\/\/pushclimbing.vn\/wp-content\/uploads\/2023\/01\/Picture12.png","width":472,"height":389},{"@type":"BreadcrumbList","@id":"https:\/\/pushclimbing.vn\/product\/flightline-free-fall-device-4-5m-ripcord\/#breadcrumb","itemListElement":[{"@type":"ListItem","position":1,"name":"Home","item":"https:\/\/pushclimbing.vn\/"},{"@type":"ListItem","position":2,"name":"Shop","item":"https:\/\/pushclimbing.vn\/shop\/"},{"@type":"ListItem","position":3,"name":"FlightLine Free Fall Device"}]},{"@type":"WebSite","@id":"https:\/\/pushclimbing.vn\/#website","url":"https:\/\/pushclimbing.vn\/","name":"Push Climbing","description":"Conquer Your Mountain","publisher":{"@id":"https:\/\/pushclimbing.vn\/#organization"},"potentialAction":[{"@type":"SearchAction","target":{"@type":"EntryPoint","urlTemplate":"https:\/\/pushclimbing.vn\/?s={search_term_string}"},"query-input":{"@type":"PropertyValueSpecification","valueRequired":true,"valueName":"search_term_string"}}],"inLanguage":"vi"},{"@type":"Organization","@id":"https:\/\/pushclimbing.vn\/#organization","name":"Push Climbing","url":"https:\/\/pushclimbing.vn\/","logo":{"@type":"ImageObject","inLanguage":"vi","@id":"https:\/\/pushclimbing.vn\/#\/schema\/logo\/image\/","url":"https:\/\/pushclimbing.vn\/wp-content\/uploads\/2022\/07\/push-logo-canvas.png","contentUrl":"https:\/\/pushclimbing.vn\/wp-content\/uploads\/2022\/07\/push-logo-canvas.png","width":400,"height":400,"caption":"Push Climbing"},"image":{"@id":"https:\/\/pushclimbing.vn\/#\/schema\/logo\/image\/"},"sameAs":["https:\/\/www.facebook.com\/pushrockclimbing"]}]}},"_links":{"self":[{"href":"https:\/\/pushclimbing.vn\/vi\/wp-json\/wp\/v2\/product\/25247","targetHints":{"allow":["GET"]}}],"collection":[{"href":"https:\/\/pushclimbing.vn\/vi\/wp-json\/wp\/v2\/product"}],"about":[{"href":"https:\/\/pushclimbing.vn\/vi\/wp-json\/wp\/v2\/types\/product"}],"replies":[{"embeddable":true,"href":"https:\/\/pushclimbing.vn\/vi\/wp-json\/wp\/v2\/comments?post=25247"}],"wp:featuredmedia":[{"embeddable":true,"href":"https:\/\/pushclimbing.vn\/vi\/wp-json\/wp\/v2\/media\/25263"}],"wp:attachment":[{"href":"https:\/\/pushclimbing.vn\/vi\/wp-json\/wp\/v2\/media?parent=25247"}],"wp:term":[{"taxonomy":"product_brand","embeddable":true,"href":"https:\/\/pushclimbing.vn\/vi\/wp-json\/wp\/v2\/product_brand?post=25247"},{"taxonomy":"product_cat","embeddable":true,"href":"https:\/\/pushclimbing.vn\/vi\/wp-json\/wp\/v2\/product_cat?post=25247"},{"taxonomy":"product_tag","embeddable":true,"href":"https:\/\/pushclimbing.vn\/vi\/wp-json\/wp\/v2\/product_tag?post=25247"}],"curies":[{"name":"wp","href":"https:\/\/api.w.org\/{rel}","templated":true}]}}