{"id":25245,"date":"2023-01-30T13:17:46","date_gmt":"2023-01-30T06:17:46","guid":{"rendered":"https:\/\/pushclimbing.vn\/?post_type=product&#038;p=25245"},"modified":"2025-03-19T09:51:33","modified_gmt":"2025-03-19T02:51:33","slug":"quickflight-xl-free-fall-device-2m-ripcord-free-fall-upper-webbing","status":"publish","type":"product","link":"https:\/\/pushclimbing.vn\/vi\/san-pham\/quickflight-xl-free-fall-device-2m-ripcord-free-fall-upper-webbing\/","title":{"rendered":"Thi\u1ebft B\u1ecb R\u01a1i T\u1ef1 Do QuickFlight XL"},"content":{"rendered":"<div class=\"fusion-fullwidth fullwidth-box fusion-builder-row-1 fusion-flex-container nonhundred-percent-fullwidth non-hundred-percent-height-scrolling\" style=\"--awb-border-radius-top-left:0px;--awb-border-radius-top-right:0px;--awb-border-radius-bottom-right:0px;--awb-border-radius-bottom-left:0px;--awb-flex-wrap:wrap;\" ><div class=\"fusion-builder-row fusion-row fusion-flex-align-items-flex-start fusion-flex-content-wrap\" style=\"max-width:1216.8px;margin-left: calc(-4% \/ 2 );margin-right: calc(-4% \/ 2 );\"><div class=\"fusion-layout-column fusion_builder_column fusion-builder-column-0 fusion_builder_column_1_1 1_1 fusion-flex-column\" style=\"--awb-bg-size:cover;--awb-width-large:100%;--awb-margin-top-large:0px;--awb-spacing-right-large:1.92%;--awb-margin-bottom-large:0px;--awb-spacing-left-large:1.92%;--awb-width-medium:100%;--awb-spacing-right-medium:1.92%;--awb-spacing-left-medium:1.92%;--awb-width-small:100%;--awb-spacing-right-small:1.92%;--awb-spacing-left-small:1.92%;\"><div class=\"fusion-column-wrapper fusion-flex-justify-content-flex-start fusion-content-layout-column\"><div class=\"fusion-text fusion-text-1\"><div class=\"video-shortcode\"><iframe title=\"Our Eddy Current Magnetic Braking Technology\" width=\"1170\" height=\"658\" src=\"https:\/\/www.youtube.com\/embed\/2tsVuf9pLOE?list=PLOj0_5jSPUteCjhk5zT-mWSrd81u9Qv8E\" frameborder=\"0\" allow=\"accelerometer; autoplay; clipboard-write; encrypted-media; gyroscope; picture-in-picture; web-share\" referrerpolicy=\"strict-origin-when-cross-origin\" allowfullscreen><\/iframe><\/div>\n<p><strong>\u0110\u1eb7c \u0111i\u1ec3m:<\/strong><\/p>\n<ul>\n<li>Th\u1ea3 t\u1ef1 do th\u1ef1c s\u1ef1: C\u00f4ng ngh\u1ec7 phanh t\u1eeb h\u1ea5p d\u1eabn cho ph\u00e9p QuickFlight XL cung c\u1ea5p m\u1ed9t tr\u1ea3i nghi\u1ec7m \u201cth\u1ea3 t\u1ef1 do th\u1ef1c s\u1ef1\u201d<a href=\"https:\/\/headrushtech.com\/blog\/what-free-fall-quick-lesson-physics.html\">kh\u00f4ng gi\u1edbi h\u1ea1n<\/a>l\u00ean \u0111\u1ebfn 4m (13 ft). Th\u1ea3 t\u1ef1 do th\u1ef1c s\u1ef1 k\u1ebft h\u1ee3p v\u1edbi y\u1ebfu t\u1ed1 GPA cao (nh\u1eadn th\u1ee9c v\u1ec1 kho\u1ea3ng c\u00e1ch \u0111\u1ea5t) mang l\u1ea1i tr\u1ea3i nghi\u1ec7m t\u1ef1 do th\u1ea3 ho\u00e0n to\u00e0n kh\u00e1c bi\u1ec7t so v\u1edbi b\u1ea5t k\u1ef3 th\u1ee9 g\u00ec trong ng\u00e0nh.<\/li>\n<li>H\u1ec7 th\u1ed1ng hai d\u00e2y. H\u1ec7 th\u1ed1ng hai d\u00e2y d\u1ef1 ph\u00f2ng v\u00e0 c\u00e1c b\u1ed9 thi\u1ebft b\u1ecb b\u1ea3o v\u1ec7 qu\u00e1 t\u1ea3i t\u00edch h\u1ee3p gi\u00fap t\u1ed1i \u0111a h\u00f3a s\u1ef1 tho\u1ea3i m\u00e1i c\u1ee7a ng\u01b0\u1eddi tham gia v\u00e0 an t\u00e2m cho ng\u01b0\u1eddi \u0111i\u1ec1u h\u00e0nh.<\/li>\n<li>T\u01b0\u01a1ng th\u00edch v\u1eadn h\u00e0nh. L\u1eafp \u0111\u1eb7t QuickFlight XL trong nh\u00e0 ho\u1eb7c ngo\u00e0i tr\u1eddi \u0111\u1ebfn 23m (75 ft). M\u1ed9t lo\u1ea1t c\u00e1c tr\u1ecdng l\u01b0\u1ee3ng (20-130kg\/44-285lbs) v\u00e0 t\u00f9y ch\u1ecdn l\u1eafp \u0111\u1eb7t cho ph\u00e9p tr\u1ea3i nghi\u1ec7m t\u1ef1 do th\u1ea3 t\u00f9y ch\u1ec9nh ph\u00f9 h\u1ee3p v\u1edbi chi\u1ec1u cao c\u1ee7a c\u1ea5u tr\u00fac v\u00e0 m\u1ee9c tho\u1ea3i m\u00e1i c\u1ee7a kh\u00e1ch h\u00e0ng.<\/li>\n<li><a href=\"https:\/\/headrushtech.com\/about\/our-technology\">C\u00f4ng ngh\u1ec7 phanh t\u1eeb h\u1ea5p d\u1eabn.<\/a>C\u00f4ng ngh\u1ec7 t\u1eeb h\u1ea5p d\u1eabn cho ph\u00e9p thi\u1ebft k\u1ebf g\u1ecdn g\u00e0ng, d\u1ec5 d\u00e0ng l\u1eafp \u0111\u1eb7t, di chuy\u1ec3n v\u00e0 b\u1ea3o d\u01b0\u1ee1ng, l\u00e0m cho n\u00f3 ho\u00e0n h\u1ea3o cho vi\u1ec7c g\u1eafn tr\u00ean \u0111\u1ec9nh m\u1ed9t th\u00e1p ho\u1eb7c n\u1ec1n t\u1ea3ng hi\u1ec7n c\u00f3. C\u00f4ng ngh\u1ec7 phanh t\u1eeb h\u1ea5p d\u1eabn \u0111\u01b0\u1ee3c s\u1eed d\u1ee5ng trong th\u1ea3 t\u1ef1 do mang l\u1ea1i s\u1ef1 n\u00e2ng m\u1ec1m v\u00e0 l\u01b0\u1edbt nh\u1eb9, chu k\u1ef3 sau chu k\u1ef3.<\/li>\n<li>L\u01b0u l\u01b0\u1ee3ng cao: QuickFlight XL thu h\u1ed3i nhanh ch\u00f3ng v\u00e0 an to\u00e0n, cho ph\u00e9p nhi\u1ec1u l\u01b0u l\u01b0\u1ee3ng qua h\u01a1n c\u00e1c thi\u1ebft b\u1ecb th\u1ea3 t\u1ef1 do kh\u00e1c. C\u00e0i \u0111\u1eb7t d\u1ec5 d\u00e0ng, di \u0111\u1ed9ng v\u00e0 c\u00f3 th\u1ec3 thay th\u1ebf b\u1ed9 ph\u1eadn t\u1ea1i hi\u1ec7n tr\u01b0\u1eddng \u0111\u1ed3ng ngh\u0129a b\u1ea1n s\u1ebd ti\u1ebft ki\u1ec7m h\u01a1n theo th\u1eddi gian, khi b\u1ea1n theo d\u00f5i kh\u00e1ch h\u00e0ng th\u1ea3 t\u1ef1 do trong khi l\u1ee3i nhu\u1eadn t\u0103ng v\u1ecdt!<\/li>\n<\/ul>\n<p><strong>L\u01b0u \u00fd:<\/strong> S\u1ef1 kh\u00e1c bi\u1ec7t ch\u00ednh gi\u1eefa QuickFlight v\u00e0 QuickFlight XL l\u00e0 chi\u1ec1u cao l\u1eafp \u0111\u1eb7t.<\/p>\n<p>M\u1ecdi thi\u1ebft b\u1ecb QuickFlight XL \u0111\u1ec1u \u0111i k\u00e8m v\u1edbi t\u00f9y ch\u1ecdn d\u00e2y th\u1eebng tr\u00ean g\u1eafn v\u00e0o d\u00e2y RipCord v\u00e0 hai m\u00f3c carabiner (c\u00f3 ng\u0103n \u0111eo d\u00e2y) tr\u00ean d\u00e2y th\u1eebng. B\u1ea1n s\u1ebd c\u1ea7n thi\u1ebft b\u1ecb l\u1eafp \u0111\u1eb7t ri\u00eang bi\u1ec7t \u0111\u1ec3 l\u1eafp \u0111\u1eb7t thi\u1ebft b\u1ecb QuickFlight XL, KH\u00d4NG BAO G\u1ed2M. Ch\u00fang t\u00f4i \u0111\u1ec1 xu\u1ea5t mua\u00a0<a href=\"https:\/\/headrushtech.com\/quickflight-xl-free-fall-device\">B\u1ed9 l\u1eafp \u0111\u1eb7t QuickFlight \u0111\u1ec3 ti\u1ec7n l\u1ee3i.<\/a>.<\/p>\n<p><strong>TH\u00d4NG S\u1ed0 K\u1ef8 THU\u1eacT<\/strong><br \/>\nKh\u1ea3 n\u0103ng l\u00e0m vi\u1ec7c \u0111\u00e1nh gi\u00e1: 20 \u0111\u1ebfn 130 kg (44 \u0111\u1ebfn 285 lbs)<br \/>\nK\u00edch th\u01b0\u1edbc: 80 x 320 x 216 mm (15 x 12.6 x 8.5 in)<br \/>\nTr\u1ecdng l\u01b0\u1ee3ng thi\u1ebft b\u1ecb: QuickFlight XL: 25 kg (55 lbs)<br \/>\nB\u1ea3o h\u00e0nh (t\u1ea5t c\u1ea3 c\u00e1c thi\u1ebft b\u1ecb): 2 n\u0103m<br \/>\nASTM F2291-11: Ti\u00eau chu\u1ea9n th\u1ef1c h\u00e0nh thi\u1ebft k\u1ebf C\u00e1c thi\u1ebft b\u1ecb v\u00e0 Thi\u1ebft b\u1ecb Gi\u1ea3i tr\u00ed<\/p>\n<p><strong>*QuickFlight XL 1 m RipCord<\/strong><br \/>\nChi\u1ec1u cao l\u1eafp \u0111\u1eb7t t\u1ed1i thi\u1ec3u \u2013 12 m (39.4 ft)<br \/>\nChi\u1ec1u cao l\u1eafp \u0111\u1eb7t t\u1ed1i \u0111a \u2013 21.8 m (71.5 ft)<br \/>\n<strong>*QuickFlight XL 2 m RipCord<\/strong><br \/>\nChi\u1ec1u cao l\u1eafp \u0111\u1eb7t t\u1ed1i thi\u1ec3u \u2013 13 m (42.7 ft)<br \/>\nChi\u1ec1u cao l\u1eafp \u0111\u1eb7t t\u1ed1i \u0111a \u2013 23.0 m (75.4 ft)<\/p>\n<\/div><\/div><\/div><\/div><\/div>","protected":false},"excerpt":{"rendered":"<p>https:\/\/www.youtube.com\/watch?v=mjABIB_VNE4&amp;list=PLOj0_5jSPUteCjhk5zT-mWSrd81u9Qv8E<\/p>\n<p><strong>CONTACT US TO GET IT NOW!\u00a0<\/strong><\/p>\n<p><a href=\"https:\/\/pushclimbing.vn\/wp-content\/uploads\/2023\/01\/EN_quickflight-quickflight-xl-operation-manual-2022-04.pdf\">*EN_quickflight-quickflight-xl-operation-manual-2022-04<\/a><\/p>\n<p>Thi\u1ebft B\u1ecb R\u01a1i T\u1ef1 Do QuickFlight XL mang l\u1ea1i tr\u1ea3i nghi\u1ec7m r\u01a1i t\u1ef1 do th\u00fa v\u1ecb v\u1edbi l\u01b0u l\u01b0\u1ee3ng cao v\u00e0 chi ph\u00ed v\u1eadn h\u00e0nh th\u1ea5p cho c\u00e1c qu\u1ef9 \u0111\u1ea1o d\u00e2y, th\u00e1p zip line, trung t\u00e2m gi\u1ea3i tr\u00ed gia \u0111\u00ecnh v\u00e0 nhi\u1ec1u h\u01a1n n\u1eefa. B\u1ea1n c\u00f3 th\u1ec3 l\u1ef1a ch\u1ecdn thi\u1ebft b\u1ecb d\u1ef1a tr\u00ean t\u00f9y ch\u1ecdn chi\u1ec1u cao l\u1eafp \u0111\u1eb7t v\u00e0 c\u1ea5u h\u00ecnh RipCord \u0111\u1ec3 t\u0103ng kho\u1ea3ng c\u00e1ch r\u01a1i t\u1ef1 do. C\u00e1c kho\u1ea3ng c\u00e1ch chi\u1ec1u cao l\u1eafp \u0111\u01b0\u1ee3c cung c\u1ea5p trong *h\u01b0\u1edbng d\u1eabn l\u1ef1a ch\u1ecdn.<a href=\"https:\/\/headrushtech.com\/pub\/media\/wysiwyg\/selection_guides\/free-fall-selection-guide.pdf\" target=\"_blank\" rel=\"noopener\">h\u01b0\u1edbng d\u1eabn l\u1ef1a ch\u1ecdn.<\/a>.<\/p>\n<p>Mang tr\u1ea3i nghi\u1ec7m r\u01a1i t\u1ef1 do \u0111\u1ebfn doanh nghi\u1ec7p c\u1ee7a b\u1ea1n v\u1edbi QuickFlight XL \u2013 m\u1ed9t tr\u1ea3i nghi\u1ec7m \u0111\u1ea7y h\u1ee9ng th\u00fa, l\u01b0u l\u01b0\u1ee3ng cao d\u00e0nh cho t\u1ea5t c\u1ea3 m\u1ecdi l\u1ee9a tu\u1ed5i!<\/p>\n<p><img decoding=\"async\" class=\"alignnone size-medium wp-image-27717\" src=\"https:\/\/pushclimbing.vn\/wp-content\/uploads\/2023\/01\/HRT_logo-300x166.png\" alt=\"\" width=\"300\" height=\"166\" srcset=\"https:\/\/pushclimbing.vn\/wp-content\/uploads\/2023\/01\/HRT_logo-18x10.png 18w, https:\/\/pushclimbing.vn\/wp-content\/uploads\/2023\/01\/HRT_logo-200x111.png 200w, https:\/\/pushclimbing.vn\/wp-content\/uploads\/2023\/01\/HRT_logo-300x166.png 300w, https:\/\/pushclimbing.vn\/wp-content\/uploads\/2023\/01\/HRT_logo-400x222.png 400w, https:\/\/pushclimbing.vn\/wp-content\/uploads\/2023\/01\/HRT_logo.png 451w\" sizes=\"(max-width: 300px) 100vw, 300px\" \/><\/p>","protected":false},"featured_media":25246,"comment_status":"open","ping_status":"closed","template":"","meta":{"_acf_changed":false},"product_brand":[1012],"product_cat":[966],"product_tag":[713,705,469,714],"class_list":{"0":"post-25245","1":"product","2":"type-product","3":"status-publish","4":"has-post-thumbnail","6":"product_brand-headrush","7":"product_cat-new-arrivals","8":"product_tag-free-fall","9":"product_tag-headrush","10":"product_tag-headrush-technology","11":"product_tag-quickflight","13":"first","14":"onbackorder","15":"taxable","16":"shipping-taxable","17":"product-type-variable"},"acf":[],"yoast_head":"<!-- This site is optimized with the Yoast SEO plugin v27.3 - https:\/\/yoast.com\/product\/yoast-seo-wordpress\/ -->\n<title>QuickFlight XL Free Fall Device - Push Climbing<\/title>\n<meta name=\"robots\" content=\"index, follow, max-snippet:-1, max-image-preview:large, max-video-preview:-1\" \/>\n<link rel=\"canonical\" href=\"https:\/\/pushclimbing.vn\/vi\/san-pham\/quickflight-xl-free-fall-device-2m-ripcord-free-fall-upper-webbing\/\" \/>\n<meta property=\"og:locale\" content=\"vi_VN\" \/>\n<meta property=\"og:type\" content=\"article\" \/>\n<meta property=\"og:title\" content=\"QuickFlight XL Free Fall Device - Push Climbing\" \/>\n<meta property=\"og:description\" content=\"https:\/\/www.youtube.com\/watch?v=mjABIB_VNE4&amp;list=PLOj0_5jSPUteCjhk5zT-mWSrd81u9Qv8E  CONTACT US TO GET IT NOW!\u00a0  *EN_quickflight-quickflight-xl-operation-manual-2022-04  The QuickFlight XL Free Fall Device provides an exciting free fall experience with high throughput and low operational costs for ropes courses, zip line towers, family entertainment centers, and more. You can choose your device based on your mounting height options and RipCord configuration to increase the free fall distance. Mounting height distances provided in the *selection guide.  Bring free fall to your business with QuickFlight XL, an exhilarating, high throughput free fall thrill for all ages!\" \/>\n<meta property=\"og:url\" content=\"https:\/\/pushclimbing.vn\/vi\/san-pham\/quickflight-xl-free-fall-device-2m-ripcord-free-fall-upper-webbing\/\" \/>\n<meta property=\"og:site_name\" content=\"Push Climbing\" \/>\n<meta property=\"article:publisher\" content=\"https:\/\/www.facebook.com\/pushrockclimbing\" \/>\n<meta property=\"article:modified_time\" content=\"2025-03-19T02:51:33+00:00\" \/>\n<meta property=\"og:image\" content=\"https:\/\/pushclimbing.vn\/wp-content\/uploads\/2023\/01\/qfxl_1m_12087_1.jpg\" \/>\n\t<meta property=\"og:image:width\" content=\"1250\" \/>\n\t<meta property=\"og:image:height\" content=\"1000\" \/>\n\t<meta property=\"og:image:type\" content=\"image\/jpeg\" \/>\n<meta name=\"twitter:card\" content=\"summary_large_image\" \/>\n<meta name=\"twitter:label1\" content=\"\u01af\u1edbc t\u00ednh th\u1eddi gian \u0111\u1ecdc\" \/>\n\t<meta name=\"twitter:data1\" content=\"2 ph\u00fat\" \/>\n<script type=\"application\/ld+json\" class=\"yoast-schema-graph\">{\"@context\":\"https:\\\/\\\/schema.org\",\"@graph\":[{\"@type\":\"WebPage\",\"@id\":\"https:\\\/\\\/pushclimbing.vn\\\/product\\\/quickflight-xl-free-fall-device-2m-ripcord-free-fall-upper-webbing\\\/\",\"url\":\"https:\\\/\\\/pushclimbing.vn\\\/product\\\/quickflight-xl-free-fall-device-2m-ripcord-free-fall-upper-webbing\\\/\",\"name\":\"QuickFlight XL Free Fall Device - Push Climbing\",\"isPartOf\":{\"@id\":\"https:\\\/\\\/pushclimbing.vn\\\/#website\"},\"primaryImageOfPage\":{\"@id\":\"https:\\\/\\\/pushclimbing.vn\\\/product\\\/quickflight-xl-free-fall-device-2m-ripcord-free-fall-upper-webbing\\\/#primaryimage\"},\"image\":{\"@id\":\"https:\\\/\\\/pushclimbing.vn\\\/product\\\/quickflight-xl-free-fall-device-2m-ripcord-free-fall-upper-webbing\\\/#primaryimage\"},\"thumbnailUrl\":\"https:\\\/\\\/pushclimbing.vn\\\/wp-content\\\/uploads\\\/2023\\\/01\\\/qfxl_1m_12087_1.jpg\",\"datePublished\":\"2023-01-30T06:17:46+00:00\",\"dateModified\":\"2025-03-19T02:51:33+00:00\",\"breadcrumb\":{\"@id\":\"https:\\\/\\\/pushclimbing.vn\\\/product\\\/quickflight-xl-free-fall-device-2m-ripcord-free-fall-upper-webbing\\\/#breadcrumb\"},\"inLanguage\":\"vi\",\"potentialAction\":[{\"@type\":\"ReadAction\",\"target\":[\"https:\\\/\\\/pushclimbing.vn\\\/product\\\/quickflight-xl-free-fall-device-2m-ripcord-free-fall-upper-webbing\\\/\"]}]},{\"@type\":\"ImageObject\",\"inLanguage\":\"vi\",\"@id\":\"https:\\\/\\\/pushclimbing.vn\\\/product\\\/quickflight-xl-free-fall-device-2m-ripcord-free-fall-upper-webbing\\\/#primaryimage\",\"url\":\"https:\\\/\\\/pushclimbing.vn\\\/wp-content\\\/uploads\\\/2023\\\/01\\\/qfxl_1m_12087_1.jpg\",\"contentUrl\":\"https:\\\/\\\/pushclimbing.vn\\\/wp-content\\\/uploads\\\/2023\\\/01\\\/qfxl_1m_12087_1.jpg\",\"width\":1250,\"height\":1000},{\"@type\":\"BreadcrumbList\",\"@id\":\"https:\\\/\\\/pushclimbing.vn\\\/product\\\/quickflight-xl-free-fall-device-2m-ripcord-free-fall-upper-webbing\\\/#breadcrumb\",\"itemListElement\":[{\"@type\":\"ListItem\",\"position\":1,\"name\":\"Home\",\"item\":\"https:\\\/\\\/pushclimbing.vn\\\/\"},{\"@type\":\"ListItem\",\"position\":2,\"name\":\"Shop\",\"item\":\"https:\\\/\\\/pushclimbing.vn\\\/shop\\\/\"},{\"@type\":\"ListItem\",\"position\":3,\"name\":\"QuickFlight XL Free Fall Device\"}]},{\"@type\":\"WebSite\",\"@id\":\"https:\\\/\\\/pushclimbing.vn\\\/#website\",\"url\":\"https:\\\/\\\/pushclimbing.vn\\\/\",\"name\":\"Push Climbing\",\"description\":\"Conquer Your Mountain\",\"publisher\":{\"@id\":\"https:\\\/\\\/pushclimbing.vn\\\/#organization\"},\"potentialAction\":[{\"@type\":\"SearchAction\",\"target\":{\"@type\":\"EntryPoint\",\"urlTemplate\":\"https:\\\/\\\/pushclimbing.vn\\\/?s={search_term_string}\"},\"query-input\":{\"@type\":\"PropertyValueSpecification\",\"valueRequired\":true,\"valueName\":\"search_term_string\"}}],\"inLanguage\":\"vi\"},{\"@type\":\"Organization\",\"@id\":\"https:\\\/\\\/pushclimbing.vn\\\/#organization\",\"name\":\"Push Climbing\",\"url\":\"https:\\\/\\\/pushclimbing.vn\\\/\",\"logo\":{\"@type\":\"ImageObject\",\"inLanguage\":\"vi\",\"@id\":\"https:\\\/\\\/pushclimbing.vn\\\/#\\\/schema\\\/logo\\\/image\\\/\",\"url\":\"https:\\\/\\\/pushclimbing.vn\\\/wp-content\\\/uploads\\\/2022\\\/07\\\/push-logo-canvas.png\",\"contentUrl\":\"https:\\\/\\\/pushclimbing.vn\\\/wp-content\\\/uploads\\\/2022\\\/07\\\/push-logo-canvas.png\",\"width\":400,\"height\":400,\"caption\":\"Push Climbing\"},\"image\":{\"@id\":\"https:\\\/\\\/pushclimbing.vn\\\/#\\\/schema\\\/logo\\\/image\\\/\"},\"sameAs\":[\"https:\\\/\\\/www.facebook.com\\\/pushrockclimbing\"]}]}<\/script>\n<!-- \/ Yoast SEO plugin. -->","yoast_head_json":{"title":"QuickFlight XL Free Fall Device - Push Climbing","robots":{"index":"index","follow":"follow","max-snippet":"max-snippet:-1","max-image-preview":"max-image-preview:large","max-video-preview":"max-video-preview:-1"},"canonical":"https:\/\/pushclimbing.vn\/vi\/san-pham\/quickflight-xl-free-fall-device-2m-ripcord-free-fall-upper-webbing\/","og_locale":"vi_VN","og_type":"article","og_title":"QuickFlight XL Free Fall Device - Push Climbing","og_description":"https:\/\/www.youtube.com\/watch?v=mjABIB_VNE4&amp;list=PLOj0_5jSPUteCjhk5zT-mWSrd81u9Qv8E  CONTACT US TO GET IT NOW!\u00a0  *EN_quickflight-quickflight-xl-operation-manual-2022-04  The QuickFlight XL Free Fall Device provides an exciting free fall experience with high throughput and low operational costs for ropes courses, zip line towers, family entertainment centers, and more. You can choose your device based on your mounting height options and RipCord configuration to increase the free fall distance. Mounting height distances provided in the *selection guide.  Bring free fall to your business with QuickFlight XL, an exhilarating, high throughput free fall thrill for all ages!","og_url":"https:\/\/pushclimbing.vn\/vi\/san-pham\/quickflight-xl-free-fall-device-2m-ripcord-free-fall-upper-webbing\/","og_site_name":"Push Climbing","article_publisher":"https:\/\/www.facebook.com\/pushrockclimbing","article_modified_time":"2025-03-19T02:51:33+00:00","og_image":[{"width":1250,"height":1000,"url":"https:\/\/pushclimbing.vn\/wp-content\/uploads\/2023\/01\/qfxl_1m_12087_1.jpg","type":"image\/jpeg"}],"twitter_card":"summary_large_image","twitter_misc":{"\u01af\u1edbc t\u00ednh th\u1eddi gian \u0111\u1ecdc":"2 ph\u00fat"},"schema":{"@context":"https:\/\/schema.org","@graph":[{"@type":"WebPage","@id":"https:\/\/pushclimbing.vn\/product\/quickflight-xl-free-fall-device-2m-ripcord-free-fall-upper-webbing\/","url":"https:\/\/pushclimbing.vn\/product\/quickflight-xl-free-fall-device-2m-ripcord-free-fall-upper-webbing\/","name":"QuickFlight XL Free Fall Device - Push Climbing","isPartOf":{"@id":"https:\/\/pushclimbing.vn\/#website"},"primaryImageOfPage":{"@id":"https:\/\/pushclimbing.vn\/product\/quickflight-xl-free-fall-device-2m-ripcord-free-fall-upper-webbing\/#primaryimage"},"image":{"@id":"https:\/\/pushclimbing.vn\/product\/quickflight-xl-free-fall-device-2m-ripcord-free-fall-upper-webbing\/#primaryimage"},"thumbnailUrl":"https:\/\/pushclimbing.vn\/wp-content\/uploads\/2023\/01\/qfxl_1m_12087_1.jpg","datePublished":"2023-01-30T06:17:46+00:00","dateModified":"2025-03-19T02:51:33+00:00","breadcrumb":{"@id":"https:\/\/pushclimbing.vn\/product\/quickflight-xl-free-fall-device-2m-ripcord-free-fall-upper-webbing\/#breadcrumb"},"inLanguage":"vi","potentialAction":[{"@type":"ReadAction","target":["https:\/\/pushclimbing.vn\/product\/quickflight-xl-free-fall-device-2m-ripcord-free-fall-upper-webbing\/"]}]},{"@type":"ImageObject","inLanguage":"vi","@id":"https:\/\/pushclimbing.vn\/product\/quickflight-xl-free-fall-device-2m-ripcord-free-fall-upper-webbing\/#primaryimage","url":"https:\/\/pushclimbing.vn\/wp-content\/uploads\/2023\/01\/qfxl_1m_12087_1.jpg","contentUrl":"https:\/\/pushclimbing.vn\/wp-content\/uploads\/2023\/01\/qfxl_1m_12087_1.jpg","width":1250,"height":1000},{"@type":"BreadcrumbList","@id":"https:\/\/pushclimbing.vn\/product\/quickflight-xl-free-fall-device-2m-ripcord-free-fall-upper-webbing\/#breadcrumb","itemListElement":[{"@type":"ListItem","position":1,"name":"Home","item":"https:\/\/pushclimbing.vn\/"},{"@type":"ListItem","position":2,"name":"Shop","item":"https:\/\/pushclimbing.vn\/shop\/"},{"@type":"ListItem","position":3,"name":"QuickFlight XL Free Fall Device"}]},{"@type":"WebSite","@id":"https:\/\/pushclimbing.vn\/#website","url":"https:\/\/pushclimbing.vn\/","name":"Push Climbing","description":"Conquer Your Mountain","publisher":{"@id":"https:\/\/pushclimbing.vn\/#organization"},"potentialAction":[{"@type":"SearchAction","target":{"@type":"EntryPoint","urlTemplate":"https:\/\/pushclimbing.vn\/?s={search_term_string}"},"query-input":{"@type":"PropertyValueSpecification","valueRequired":true,"valueName":"search_term_string"}}],"inLanguage":"vi"},{"@type":"Organization","@id":"https:\/\/pushclimbing.vn\/#organization","name":"Push Climbing","url":"https:\/\/pushclimbing.vn\/","logo":{"@type":"ImageObject","inLanguage":"vi","@id":"https:\/\/pushclimbing.vn\/#\/schema\/logo\/image\/","url":"https:\/\/pushclimbing.vn\/wp-content\/uploads\/2022\/07\/push-logo-canvas.png","contentUrl":"https:\/\/pushclimbing.vn\/wp-content\/uploads\/2022\/07\/push-logo-canvas.png","width":400,"height":400,"caption":"Push Climbing"},"image":{"@id":"https:\/\/pushclimbing.vn\/#\/schema\/logo\/image\/"},"sameAs":["https:\/\/www.facebook.com\/pushrockclimbing"]}]}},"_links":{"self":[{"href":"https:\/\/pushclimbing.vn\/vi\/wp-json\/wp\/v2\/product\/25245","targetHints":{"allow":["GET"]}}],"collection":[{"href":"https:\/\/pushclimbing.vn\/vi\/wp-json\/wp\/v2\/product"}],"about":[{"href":"https:\/\/pushclimbing.vn\/vi\/wp-json\/wp\/v2\/types\/product"}],"replies":[{"embeddable":true,"href":"https:\/\/pushclimbing.vn\/vi\/wp-json\/wp\/v2\/comments?post=25245"}],"wp:featuredmedia":[{"embeddable":true,"href":"https:\/\/pushclimbing.vn\/vi\/wp-json\/wp\/v2\/media\/25246"}],"wp:attachment":[{"href":"https:\/\/pushclimbing.vn\/vi\/wp-json\/wp\/v2\/media?parent=25245"}],"wp:term":[{"taxonomy":"product_brand","embeddable":true,"href":"https:\/\/pushclimbing.vn\/vi\/wp-json\/wp\/v2\/product_brand?post=25245"},{"taxonomy":"product_cat","embeddable":true,"href":"https:\/\/pushclimbing.vn\/vi\/wp-json\/wp\/v2\/product_cat?post=25245"},{"taxonomy":"product_tag","embeddable":true,"href":"https:\/\/pushclimbing.vn\/vi\/wp-json\/wp\/v2\/product_tag?post=25245"}],"curies":[{"name":"wp","href":"https:\/\/api.w.org\/{rel}","templated":true}]}}