{"id":23351,"date":"2022-10-26T21:04:08","date_gmt":"2022-10-26T14:04:08","guid":{"rendered":"https:\/\/pushclimbing.vn\/?post_type=product&#038;p=23351"},"modified":"2025-03-20T11:02:51","modified_gmt":"2025-03-20T04:02:51","slug":"bolt-chalk-bag","status":"publish","type":"product","link":"https:\/\/pushclimbing.vn\/vi\/san-pham\/bolt-chalk-bag\/","title":{"rendered":"T\u00fai Ph\u1ea5n Mad Rock Bolt"},"content":{"rendered":"<div class=\"fusion-fullwidth fullwidth-box fusion-builder-row-1 fusion-flex-container nonhundred-percent-fullwidth non-hundred-percent-height-scrolling\" style=\"--awb-border-radius-top-left:0px;--awb-border-radius-top-right:0px;--awb-border-radius-bottom-right:0px;--awb-border-radius-bottom-left:0px;--awb-flex-wrap:wrap;\" ><div class=\"fusion-builder-row fusion-row fusion-flex-align-items-flex-start fusion-flex-content-wrap\" style=\"max-width:1216.8px;margin-left: calc(-4% \/ 2 );margin-right: calc(-4% \/ 2 );\"><div class=\"fusion-layout-column fusion_builder_column fusion-builder-column-0 fusion_builder_column_1_1 1_1 fusion-flex-column\" style=\"--awb-bg-size:cover;--awb-width-large:100%;--awb-margin-top-large:0px;--awb-spacing-right-large:1.92%;--awb-margin-bottom-large:0px;--awb-spacing-left-large:1.92%;--awb-width-medium:100%;--awb-spacing-right-medium:1.92%;--awb-spacing-left-medium:1.92%;--awb-width-small:100%;--awb-spacing-right-small:1.92%;--awb-spacing-left-small:1.92%;\"><div class=\"fusion-column-wrapper fusion-flex-justify-content-flex-start fusion-content-layout-column\"><div class=\"fusion-text fusion-text-1\"><p><strong>CHI TI\u1ebeT<\/strong><br \/>\nT\u00fai ph\u1ea5n v\u1edbi c\u1eeda m\u1edf r\u1ed9ng gi\u00fap d\u1ec5 d\u00e0ng ti\u1ebfp c\u1eadn ph\u1ea5n<br \/>\nL\u1edbp l\u00f3t m\u1ec1m m\u1ea1i gi\u00fap ph\u1ea5n \u0111\u01b0\u1ee3c ph\u00e2n b\u1ed1 \u0111\u1ec1u<br \/>\nT\u00fai l\u1edbn v\u1edbi kh\u00f3a k\u00e9o \u0111\u1ec3 l\u01b0u tr\u1eef v\u1eadt ph\u1ea9m c\u00e1 nh\u00e2n<br \/>\nGi\u00e1 \u0111\u1ee1 ch\u1ed5i v\u00e0 t\u00fai l\u01b0\u1edbi b\u1ed5 sung b\u00ean h\u00f4ng<\/p>\n<p><strong>TH\u00d4NG S\u1ed0 K\u1ef8 THU\u1eacT<\/strong><br \/>\nCh\u1ea5t li\u1ec7u:<br \/>\n600D Polyester, 16oz Waxed Canvas.<\/p>\n<\/div><\/div><\/div><\/div><\/div>","protected":false},"excerpt":{"rendered":"<p><strong><span style=\"vertical-align: inherit;\"><span style=\"vertical-align: inherit;\">\u0110\u01b0\u1ee3c thi\u1ebft k\u1ebf ch\u00fa tr\u1ecdng \u0111\u1ebfn kh\u1ea3 n\u0103ng ph\u1ee5c h\u1ed3i, Bolt l\u00e0 ch\u00fa ng\u1ef1a th\u1ed3 s\u1ebd \u0111\u1ed3ng h\u00e0nh c\u00f9ng b\u1ea1n cho \u0111\u1ebfn khi b\u1ea1n \u0111\u1ea1t \u0111\u01b0\u1ee3c n\u00f3.<\/span><\/span><\/strong><\/p>\n<p><span style=\"vertical-align: inherit;\"><span style=\"vertical-align: inherit;\">T\u00fai k\u1ebft h\u1ee3p v\u1edbi m\u1ed9t l\u1ed7 m\u1edf l\u1edbn v\u1edbi v\u00e0nh \u0111\u01b0\u1ee3c gia c\u1ed1 \u0111\u1ec3 \u0111\u1ea3m b\u1ea3o truy c\u1eadp li\u1ec1n m\u1ea1ch. N\u1ed9i th\u1ea5t m\u1ec1m m\u1ea1i gi\u00fap \u0111\u00e1nh ph\u1ea5n \u0111\u1ec1u v\u00e0 tho\u1ea3i m\u00e1i, \u0111ai th\u1eaft l\u01b0ng c\u00f3 th\u1ec3 \u0111i\u1ec1u ch\u1ec9nh h\u1ee9a h\u1eb9n s\u1ef1 an to\u00e0n v\u00e0 t\u00fai sau c\u00f3 kh\u00f3a k\u00e9o cho ph\u00e9p \u0111\u1ef1ng c\u00e1c ph\u1ee5 ki\u1ec7n. Bolt c\u0169ng bao g\u1ed3m m\u1ed9t h\u1ed9p \u0111\u1ef1ng b\u00e0n ch\u1ea3i \u0111\u00e0n h\u1ed3i v\u00e0 m\u1ed9t t\u00fai b\u00ean h\u00f4ng tho\u00e1ng kh\u00ed \u0111\u1ec3 t\u0103ng t\u00ednh linh ho\u1ea1t.<\/span><\/span><\/p>\n<p>&nbsp;<\/p>","protected":false},"featured_media":25681,"comment_status":"open","ping_status":"closed","template":"","meta":{"_acf_changed":false},"product_brand":[1007],"product_cat":[1027,1023],"product_tag":[659,454,95,658,22,96],"class_list":{"0":"post-23351","1":"product","2":"type-product","3":"status-publish","4":"has-post-thumbnail","6":"product_brand-madrock","7":"product_cat-chalk","8":"product_cat-climbing","9":"product_tag-bolt","10":"product_tag-chalk","11":"product_tag-chalk-bag","12":"product_tag-chalk-bolt","13":"product_tag-mad-rock","14":"product_tag-tui-phan","16":"first","17":"instock","18":"taxable","19":"shipping-taxable","20":"product-type-variable"},"acf":[],"yoast_head":"<!-- This site is optimized with the Yoast SEO plugin v27.3 - https:\/\/yoast.com\/product\/yoast-seo-wordpress\/ -->\n<title>Mad Rock Bolt Chalk Bag - Push Climbing<\/title>\n<meta name=\"robots\" content=\"index, follow, max-snippet:-1, max-image-preview:large, max-video-preview:-1\" \/>\n<link rel=\"canonical\" href=\"https:\/\/pushclimbing.vn\/vi\/san-pham\/bolt-chalk-bag\/\" \/>\n<meta property=\"og:locale\" content=\"vi_VN\" \/>\n<meta property=\"og:type\" content=\"article\" \/>\n<meta property=\"og:title\" content=\"Mad Rock Bolt Chalk Bag - Push Climbing\" \/>\n<meta property=\"og:description\" content=\"\u0110\u01b0\u1ee3c thi\u1ebft k\u1ebf ch\u00fa tr\u1ecdng \u0111\u1ebfn kh\u1ea3 n\u0103ng ph\u1ee5c h\u1ed3i, Bolt l\u00e0 ch\u00fa ng\u1ef1a th\u1ed3 s\u1ebd \u0111\u1ed3ng h\u00e0nh c\u00f9ng b\u1ea1n cho \u0111\u1ebfn khi b\u1ea1n \u0111\u1ea1t \u0111\u01b0\u1ee3c n\u00f3.  T\u00fai k\u1ebft h\u1ee3p v\u1edbi m\u1ed9t l\u1ed7 m\u1edf l\u1edbn v\u1edbi v\u00e0nh \u0111\u01b0\u1ee3c gia c\u1ed1 \u0111\u1ec3 \u0111\u1ea3m b\u1ea3o truy c\u1eadp li\u1ec1n m\u1ea1ch. N\u1ed9i th\u1ea5t m\u1ec1m m\u1ea1i gi\u00fap \u0111\u00e1nh ph\u1ea5n \u0111\u1ec1u v\u00e0 tho\u1ea3i m\u00e1i, \u0111ai th\u1eaft l\u01b0ng c\u00f3 th\u1ec3 \u0111i\u1ec1u ch\u1ec9nh h\u1ee9a h\u1eb9n s\u1ef1 an to\u00e0n v\u00e0 t\u00fai sau c\u00f3 kh\u00f3a k\u00e9o cho ph\u00e9p \u0111\u1ef1ng c\u00e1c ph\u1ee5 ki\u1ec7n. Bolt c\u0169ng bao g\u1ed3m m\u1ed9t h\u1ed9p \u0111\u1ef1ng b\u00e0n ch\u1ea3i \u0111\u00e0n h\u1ed3i v\u00e0 m\u1ed9t t\u00fai b\u00ean h\u00f4ng tho\u00e1ng kh\u00ed \u0111\u1ec3 t\u0103ng t\u00ednh linh ho\u1ea1t.  &nbsp;\" \/>\n<meta property=\"og:url\" content=\"https:\/\/pushclimbing.vn\/vi\/san-pham\/bolt-chalk-bag\/\" \/>\n<meta property=\"og:site_name\" content=\"Push Climbing\" \/>\n<meta property=\"article:publisher\" content=\"https:\/\/www.facebook.com\/pushrockclimbing\" \/>\n<meta property=\"article:modified_time\" content=\"2025-03-20T04:02:51+00:00\" \/>\n<meta property=\"og:image\" content=\"https:\/\/pushclimbing.vn\/wp-content\/uploads\/2022\/10\/b1.jpg\" \/>\n\t<meta property=\"og:image:width\" content=\"540\" \/>\n\t<meta property=\"og:image:height\" content=\"540\" \/>\n\t<meta property=\"og:image:type\" content=\"image\/jpeg\" \/>\n<meta name=\"twitter:card\" content=\"summary_large_image\" \/>\n<meta name=\"twitter:label1\" content=\"\u01af\u1edbc t\u00ednh th\u1eddi gian \u0111\u1ecdc\" \/>\n\t<meta name=\"twitter:data1\" content=\"1 ph\u00fat\" \/>\n<script type=\"application\/ld+json\" class=\"yoast-schema-graph\">{\"@context\":\"https:\\\/\\\/schema.org\",\"@graph\":[{\"@type\":\"WebPage\",\"@id\":\"https:\\\/\\\/pushclimbing.vn\\\/product\\\/bolt-chalk-bag\\\/\",\"url\":\"https:\\\/\\\/pushclimbing.vn\\\/product\\\/bolt-chalk-bag\\\/\",\"name\":\"Mad Rock Bolt Chalk Bag - Push Climbing\",\"isPartOf\":{\"@id\":\"https:\\\/\\\/pushclimbing.vn\\\/#website\"},\"primaryImageOfPage\":{\"@id\":\"https:\\\/\\\/pushclimbing.vn\\\/product\\\/bolt-chalk-bag\\\/#primaryimage\"},\"image\":{\"@id\":\"https:\\\/\\\/pushclimbing.vn\\\/product\\\/bolt-chalk-bag\\\/#primaryimage\"},\"thumbnailUrl\":\"https:\\\/\\\/pushclimbing.vn\\\/wp-content\\\/uploads\\\/2022\\\/10\\\/b1.jpg\",\"datePublished\":\"2022-10-26T14:04:08+00:00\",\"dateModified\":\"2025-03-20T04:02:51+00:00\",\"breadcrumb\":{\"@id\":\"https:\\\/\\\/pushclimbing.vn\\\/product\\\/bolt-chalk-bag\\\/#breadcrumb\"},\"inLanguage\":\"vi\",\"potentialAction\":[{\"@type\":\"ReadAction\",\"target\":[\"https:\\\/\\\/pushclimbing.vn\\\/product\\\/bolt-chalk-bag\\\/\"]}]},{\"@type\":\"ImageObject\",\"inLanguage\":\"vi\",\"@id\":\"https:\\\/\\\/pushclimbing.vn\\\/product\\\/bolt-chalk-bag\\\/#primaryimage\",\"url\":\"https:\\\/\\\/pushclimbing.vn\\\/wp-content\\\/uploads\\\/2022\\\/10\\\/b1.jpg\",\"contentUrl\":\"https:\\\/\\\/pushclimbing.vn\\\/wp-content\\\/uploads\\\/2022\\\/10\\\/b1.jpg\",\"width\":540,\"height\":540},{\"@type\":\"BreadcrumbList\",\"@id\":\"https:\\\/\\\/pushclimbing.vn\\\/product\\\/bolt-chalk-bag\\\/#breadcrumb\",\"itemListElement\":[{\"@type\":\"ListItem\",\"position\":1,\"name\":\"Home\",\"item\":\"https:\\\/\\\/pushclimbing.vn\\\/\"},{\"@type\":\"ListItem\",\"position\":2,\"name\":\"Shop\",\"item\":\"https:\\\/\\\/pushclimbing.vn\\\/shop\\\/\"},{\"@type\":\"ListItem\",\"position\":3,\"name\":\"Mad Rock Bolt Chalk Bag\"}]},{\"@type\":\"WebSite\",\"@id\":\"https:\\\/\\\/pushclimbing.vn\\\/#website\",\"url\":\"https:\\\/\\\/pushclimbing.vn\\\/\",\"name\":\"Push Climbing\",\"description\":\"Conquer Your Mountain\",\"publisher\":{\"@id\":\"https:\\\/\\\/pushclimbing.vn\\\/#organization\"},\"potentialAction\":[{\"@type\":\"SearchAction\",\"target\":{\"@type\":\"EntryPoint\",\"urlTemplate\":\"https:\\\/\\\/pushclimbing.vn\\\/?s={search_term_string}\"},\"query-input\":{\"@type\":\"PropertyValueSpecification\",\"valueRequired\":true,\"valueName\":\"search_term_string\"}}],\"inLanguage\":\"vi\"},{\"@type\":\"Organization\",\"@id\":\"https:\\\/\\\/pushclimbing.vn\\\/#organization\",\"name\":\"Push Climbing\",\"url\":\"https:\\\/\\\/pushclimbing.vn\\\/\",\"logo\":{\"@type\":\"ImageObject\",\"inLanguage\":\"vi\",\"@id\":\"https:\\\/\\\/pushclimbing.vn\\\/#\\\/schema\\\/logo\\\/image\\\/\",\"url\":\"https:\\\/\\\/pushclimbing.vn\\\/wp-content\\\/uploads\\\/2022\\\/07\\\/push-logo-canvas.png\",\"contentUrl\":\"https:\\\/\\\/pushclimbing.vn\\\/wp-content\\\/uploads\\\/2022\\\/07\\\/push-logo-canvas.png\",\"width\":400,\"height\":400,\"caption\":\"Push Climbing\"},\"image\":{\"@id\":\"https:\\\/\\\/pushclimbing.vn\\\/#\\\/schema\\\/logo\\\/image\\\/\"},\"sameAs\":[\"https:\\\/\\\/www.facebook.com\\\/pushrockclimbing\"]}]}<\/script>\n<!-- \/ Yoast SEO plugin. -->","yoast_head_json":{"title":"Mad Rock Bolt Chalk Bag - Push Climbing","robots":{"index":"index","follow":"follow","max-snippet":"max-snippet:-1","max-image-preview":"max-image-preview:large","max-video-preview":"max-video-preview:-1"},"canonical":"https:\/\/pushclimbing.vn\/vi\/san-pham\/bolt-chalk-bag\/","og_locale":"vi_VN","og_type":"article","og_title":"Mad Rock Bolt Chalk Bag - Push Climbing","og_description":"\u0110\u01b0\u1ee3c thi\u1ebft k\u1ebf ch\u00fa tr\u1ecdng \u0111\u1ebfn kh\u1ea3 n\u0103ng ph\u1ee5c h\u1ed3i, Bolt l\u00e0 ch\u00fa ng\u1ef1a th\u1ed3 s\u1ebd \u0111\u1ed3ng h\u00e0nh c\u00f9ng b\u1ea1n cho \u0111\u1ebfn khi b\u1ea1n \u0111\u1ea1t \u0111\u01b0\u1ee3c n\u00f3.  T\u00fai k\u1ebft h\u1ee3p v\u1edbi m\u1ed9t l\u1ed7 m\u1edf l\u1edbn v\u1edbi v\u00e0nh \u0111\u01b0\u1ee3c gia c\u1ed1 \u0111\u1ec3 \u0111\u1ea3m b\u1ea3o truy c\u1eadp li\u1ec1n m\u1ea1ch. N\u1ed9i th\u1ea5t m\u1ec1m m\u1ea1i gi\u00fap \u0111\u00e1nh ph\u1ea5n \u0111\u1ec1u v\u00e0 tho\u1ea3i m\u00e1i, \u0111ai th\u1eaft l\u01b0ng c\u00f3 th\u1ec3 \u0111i\u1ec1u ch\u1ec9nh h\u1ee9a h\u1eb9n s\u1ef1 an to\u00e0n v\u00e0 t\u00fai sau c\u00f3 kh\u00f3a k\u00e9o cho ph\u00e9p \u0111\u1ef1ng c\u00e1c ph\u1ee5 ki\u1ec7n. Bolt c\u0169ng bao g\u1ed3m m\u1ed9t h\u1ed9p \u0111\u1ef1ng b\u00e0n ch\u1ea3i \u0111\u00e0n h\u1ed3i v\u00e0 m\u1ed9t t\u00fai b\u00ean h\u00f4ng tho\u00e1ng kh\u00ed \u0111\u1ec3 t\u0103ng t\u00ednh linh ho\u1ea1t.  &nbsp;","og_url":"https:\/\/pushclimbing.vn\/vi\/san-pham\/bolt-chalk-bag\/","og_site_name":"Push Climbing","article_publisher":"https:\/\/www.facebook.com\/pushrockclimbing","article_modified_time":"2025-03-20T04:02:51+00:00","og_image":[{"width":540,"height":540,"url":"https:\/\/pushclimbing.vn\/wp-content\/uploads\/2022\/10\/b1.jpg","type":"image\/jpeg"}],"twitter_card":"summary_large_image","twitter_misc":{"\u01af\u1edbc t\u00ednh th\u1eddi gian \u0111\u1ecdc":"1 ph\u00fat"},"schema":{"@context":"https:\/\/schema.org","@graph":[{"@type":"WebPage","@id":"https:\/\/pushclimbing.vn\/product\/bolt-chalk-bag\/","url":"https:\/\/pushclimbing.vn\/product\/bolt-chalk-bag\/","name":"Mad Rock Bolt Chalk Bag - Push Climbing","isPartOf":{"@id":"https:\/\/pushclimbing.vn\/#website"},"primaryImageOfPage":{"@id":"https:\/\/pushclimbing.vn\/product\/bolt-chalk-bag\/#primaryimage"},"image":{"@id":"https:\/\/pushclimbing.vn\/product\/bolt-chalk-bag\/#primaryimage"},"thumbnailUrl":"https:\/\/pushclimbing.vn\/wp-content\/uploads\/2022\/10\/b1.jpg","datePublished":"2022-10-26T14:04:08+00:00","dateModified":"2025-03-20T04:02:51+00:00","breadcrumb":{"@id":"https:\/\/pushclimbing.vn\/product\/bolt-chalk-bag\/#breadcrumb"},"inLanguage":"vi","potentialAction":[{"@type":"ReadAction","target":["https:\/\/pushclimbing.vn\/product\/bolt-chalk-bag\/"]}]},{"@type":"ImageObject","inLanguage":"vi","@id":"https:\/\/pushclimbing.vn\/product\/bolt-chalk-bag\/#primaryimage","url":"https:\/\/pushclimbing.vn\/wp-content\/uploads\/2022\/10\/b1.jpg","contentUrl":"https:\/\/pushclimbing.vn\/wp-content\/uploads\/2022\/10\/b1.jpg","width":540,"height":540},{"@type":"BreadcrumbList","@id":"https:\/\/pushclimbing.vn\/product\/bolt-chalk-bag\/#breadcrumb","itemListElement":[{"@type":"ListItem","position":1,"name":"Home","item":"https:\/\/pushclimbing.vn\/"},{"@type":"ListItem","position":2,"name":"Shop","item":"https:\/\/pushclimbing.vn\/shop\/"},{"@type":"ListItem","position":3,"name":"Mad Rock Bolt Chalk Bag"}]},{"@type":"WebSite","@id":"https:\/\/pushclimbing.vn\/#website","url":"https:\/\/pushclimbing.vn\/","name":"Push Climbing","description":"Conquer Your Mountain","publisher":{"@id":"https:\/\/pushclimbing.vn\/#organization"},"potentialAction":[{"@type":"SearchAction","target":{"@type":"EntryPoint","urlTemplate":"https:\/\/pushclimbing.vn\/?s={search_term_string}"},"query-input":{"@type":"PropertyValueSpecification","valueRequired":true,"valueName":"search_term_string"}}],"inLanguage":"vi"},{"@type":"Organization","@id":"https:\/\/pushclimbing.vn\/#organization","name":"Push Climbing","url":"https:\/\/pushclimbing.vn\/","logo":{"@type":"ImageObject","inLanguage":"vi","@id":"https:\/\/pushclimbing.vn\/#\/schema\/logo\/image\/","url":"https:\/\/pushclimbing.vn\/wp-content\/uploads\/2022\/07\/push-logo-canvas.png","contentUrl":"https:\/\/pushclimbing.vn\/wp-content\/uploads\/2022\/07\/push-logo-canvas.png","width":400,"height":400,"caption":"Push Climbing"},"image":{"@id":"https:\/\/pushclimbing.vn\/#\/schema\/logo\/image\/"},"sameAs":["https:\/\/www.facebook.com\/pushrockclimbing"]}]}},"_links":{"self":[{"href":"https:\/\/pushclimbing.vn\/vi\/wp-json\/wp\/v2\/product\/23351","targetHints":{"allow":["GET"]}}],"collection":[{"href":"https:\/\/pushclimbing.vn\/vi\/wp-json\/wp\/v2\/product"}],"about":[{"href":"https:\/\/pushclimbing.vn\/vi\/wp-json\/wp\/v2\/types\/product"}],"replies":[{"embeddable":true,"href":"https:\/\/pushclimbing.vn\/vi\/wp-json\/wp\/v2\/comments?post=23351"}],"wp:featuredmedia":[{"embeddable":true,"href":"https:\/\/pushclimbing.vn\/vi\/wp-json\/wp\/v2\/media\/25681"}],"wp:attachment":[{"href":"https:\/\/pushclimbing.vn\/vi\/wp-json\/wp\/v2\/media?parent=23351"}],"wp:term":[{"taxonomy":"product_brand","embeddable":true,"href":"https:\/\/pushclimbing.vn\/vi\/wp-json\/wp\/v2\/product_brand?post=23351"},{"taxonomy":"product_cat","embeddable":true,"href":"https:\/\/pushclimbing.vn\/vi\/wp-json\/wp\/v2\/product_cat?post=23351"},{"taxonomy":"product_tag","embeddable":true,"href":"https:\/\/pushclimbing.vn\/vi\/wp-json\/wp\/v2\/product_tag?post=23351"}],"curies":[{"name":"wp","href":"https:\/\/api.w.org\/{rel}","templated":true}]}}