{"id":23159,"date":"2022-10-15T15:05:30","date_gmt":"2022-10-15T08:05:30","guid":{"rendered":"https:\/\/pushclimbing.vn\/?post_type=product&#038;p=23159"},"modified":"2025-03-20T11:03:09","modified_gmt":"2025-03-20T04:03:09","slug":"chalk-cartel-the-baller","status":"publish","type":"product","link":"https:\/\/pushclimbing.vn\/vi\/san-pham\/chalk-cartel-the-baller\/","title":{"rendered":"Banh Ph\u1ea5n Mad Rock \"The Baller\" (C\u00f3 Th\u1ec3 Ch\u00e2m L\u1ea1i)"},"content":{"rendered":"<div class=\"fusion-fullwidth fullwidth-box fusion-builder-row-1 fusion-flex-container nonhundred-percent-fullwidth non-hundred-percent-height-scrolling\" style=\"--awb-border-radius-top-left:0px;--awb-border-radius-top-right:0px;--awb-border-radius-bottom-right:0px;--awb-border-radius-bottom-left:0px;--awb-flex-wrap:wrap;\" ><div class=\"fusion-builder-row fusion-row fusion-flex-align-items-flex-start fusion-flex-content-wrap\" style=\"max-width:1216.8px;margin-left: calc(-4% \/ 2 );margin-right: calc(-4% \/ 2 );\"><div class=\"fusion-layout-column fusion_builder_column fusion-builder-column-0 fusion_builder_column_1_1 1_1 fusion-flex-column\" style=\"--awb-bg-size:cover;--awb-width-large:100%;--awb-margin-top-large:0px;--awb-spacing-right-large:1.92%;--awb-margin-bottom-large:0px;--awb-spacing-left-large:1.92%;--awb-width-medium:100%;--awb-spacing-right-medium:1.92%;--awb-spacing-left-medium:1.92%;--awb-width-small:100%;--awb-spacing-right-small:1.92%;--awb-spacing-left-small:1.92%;\"><div class=\"fusion-column-wrapper fusion-flex-justify-content-flex-start fusion-content-layout-column\"><div class=\"fusion-text fusion-text-1\"><p><strong>M\u00f4 t\u1ea3 s\u1ea3n ph\u1ea9m<\/strong><\/p>\n<ul>\n<li>T\u00fai v\u1ea3i c\u00f3 th\u1ec3 t\u00e1i s\u1eed d\u1ee5ng\/l\u00e0m \u0111\u1ea7y l\u1ea1i<\/li>\n<li>B\u1ed9t magi\u00ea ch\u1ea5t l\u01b0\u1ee3ng cao nh\u1ea5t<\/li>\n<li>Kh\u00f4ng ch\u1ee9a ch\u1ea5t l\u00e0m kh\u00f4, ch\u1ea5t \u0111\u1ed5, kim lo\u1ea1i n\u1eb7ng v\u00e0 nh\u1eefng l\u1eddi tuy\u00ean b\u1ed1 \u0111\u1ed9c quy\u1ec1n gi\u1ea3 m\u1ea1o<\/li>\n<li>C\u1ea3i thi\u1ec7n ma s\u00e1t b\u1eb1ng c\u00e1ch gi\u1ea3m m\u1ed3 h\u00f4i v\u00e0 \u1ea9m \u01b0\u1edbt<\/li>\n<li>\u0110\u01b0\u1ee3c ph\u00e1t tri\u1ec3n b\u1edfi ng\u01b0\u1eddi leo n\u00fai d\u00e0nh cho ng\u01b0\u1eddi leo n\u00fai<\/li>\n<li>Bao b\u00ec th\u00e2n thi\u1ec7n v\u1edbi m\u00f4i tr\u01b0\u1eddng<\/li>\n<li>Tr\u1ecdng l\u01b0\u1ee3ng t\u1ecbnh: 62.4g\/2.2oz<\/li>\n<\/ul>\n<\/div><\/div><\/div><\/div><\/div>","protected":false},"excerpt":{"rendered":"<p>\u201cThe Baller\u201d \u2013 62.4g c\u1ee7a \u201cth\u1ecbt xay\u201d ch\u1ea5t l\u01b0\u1ee3ng cao \u2013 b\u1ed9t xay c\u1ee7a ch\u00fang t\u00f4i \u0111\u01b0\u1ee3c l\u00e0m t\u1eeb b\u1ed9t magi\u00ea c\u00f9ng ch\u1ea5t l\u01b0\u1ee3ng cao nh\u01b0 trong c\u00e1c s\u1ea3n ph\u1ea9m kh\u00e1c c\u1ee7a ch\u00fang t\u00f4i. \u0110\u01b0\u1ee3c \u0111\u1ef1ng trong m\u1ed9t t\u00fai v\u1ea3i c\u00f3 th\u1ec3 t\u00e1i s\u1eed d\u1ee5ng v\u1edbi logo c\u1ee7a ch\u00fang t\u00f4i \u0111\u01b0\u1ee3c in tr\u00ean \u0111\u00f3. \u0110\u1ea3m b\u1ea3o gi\u00fap b\u1ea1n leo cao h\u01a1n. B\u00f3ng b\u1ed9t magi\u00ea The Baller \u0111\u01b0\u1ee3c \u0111\u00f3ng g\u00f3i trong m\u1ed9t t\u00fai gi\u1ea5y kraft v\u1edbi l\u1edbp l\u00f3t t\u1eeb th\u1ef1c v\u1eadt v\u00e0 ho\u00e0n to\u00e0n c\u00f3 th\u1ec3 ph\u00e2n h\u1ee7y.<\/p>\n<p>&nbsp;<\/p>","protected":false},"featured_media":23160,"comment_status":"open","ping_status":"closed","template":"","meta":{"_acf_changed":false},"product_brand":[1007],"product_cat":[1027,1023],"product_tag":[454,625,655],"class_list":{"0":"post-23159","1":"product","2":"type-product","3":"status-publish","4":"has-post-thumbnail","6":"product_brand-madrock","7":"product_cat-chalk","8":"product_cat-climbing","9":"product_tag-chalk","10":"product_tag-phan","11":"product_tag-refillable","13":"first","14":"outofstock","15":"taxable","16":"shipping-taxable","17":"purchasable","18":"product-type-simple"},"acf":[],"yoast_head":"<!-- This site is optimized with the Yoast SEO plugin v27.3 - https:\/\/yoast.com\/product\/yoast-seo-wordpress\/ -->\n<title>Mad Rock Chalk Carter - The Baller (Refillable) - Push Climbing<\/title>\n<meta name=\"robots\" content=\"index, follow, max-snippet:-1, max-image-preview:large, max-video-preview:-1\" \/>\n<link rel=\"canonical\" href=\"https:\/\/pushclimbing.vn\/vi\/san-pham\/chalk-cartel-the-baller\/\" \/>\n<meta property=\"og:locale\" content=\"vi_VN\" \/>\n<meta property=\"og:type\" content=\"article\" \/>\n<meta property=\"og:title\" content=\"Mad Rock Chalk Carter - The Baller (Refillable) - Push Climbing\" \/>\n<meta property=\"og:description\" content=\"&quot;The Baller&quot; 62.4g of pure &quot;meat grind&quot; - our powered grind made from the same high-quality chalk found in our other products. Comes in a reusable chalk sock with our logo printed on it. Guaranteed to help you climb higher. The Baller chalk ball comes packaged in a kraft paper bag with a plant-based liner and is 100% compostable.  &nbsp;\" \/>\n<meta property=\"og:url\" content=\"https:\/\/pushclimbing.vn\/vi\/san-pham\/chalk-cartel-the-baller\/\" \/>\n<meta property=\"og:site_name\" content=\"Push Climbing\" \/>\n<meta property=\"article:publisher\" content=\"https:\/\/www.facebook.com\/pushrockclimbing\" \/>\n<meta property=\"article:modified_time\" content=\"2025-03-20T04:03:09+00:00\" \/>\n<meta property=\"og:image\" content=\"https:\/\/pushclimbing.vn\/wp-content\/uploads\/2022\/10\/refill.png\" \/>\n\t<meta property=\"og:image:width\" content=\"330\" \/>\n\t<meta property=\"og:image:height\" content=\"316\" \/>\n\t<meta property=\"og:image:type\" content=\"image\/png\" \/>\n<meta name=\"twitter:card\" content=\"summary_large_image\" \/>\n<meta name=\"twitter:label1\" content=\"\u01af\u1edbc t\u00ednh th\u1eddi gian \u0111\u1ecdc\" \/>\n\t<meta name=\"twitter:data1\" content=\"1 ph\u00fat\" \/>\n<script type=\"application\/ld+json\" class=\"yoast-schema-graph\">{\"@context\":\"https:\\\/\\\/schema.org\",\"@graph\":[{\"@type\":\"WebPage\",\"@id\":\"https:\\\/\\\/pushclimbing.vn\\\/product\\\/chalk-cartel-the-baller\\\/\",\"url\":\"https:\\\/\\\/pushclimbing.vn\\\/product\\\/chalk-cartel-the-baller\\\/\",\"name\":\"Mad Rock Chalk Carter - The Baller (Refillable) - Push Climbing\",\"isPartOf\":{\"@id\":\"https:\\\/\\\/pushclimbing.vn\\\/#website\"},\"primaryImageOfPage\":{\"@id\":\"https:\\\/\\\/pushclimbing.vn\\\/product\\\/chalk-cartel-the-baller\\\/#primaryimage\"},\"image\":{\"@id\":\"https:\\\/\\\/pushclimbing.vn\\\/product\\\/chalk-cartel-the-baller\\\/#primaryimage\"},\"thumbnailUrl\":\"https:\\\/\\\/pushclimbing.vn\\\/wp-content\\\/uploads\\\/2022\\\/10\\\/refill.png\",\"datePublished\":\"2022-10-15T08:05:30+00:00\",\"dateModified\":\"2025-03-20T04:03:09+00:00\",\"breadcrumb\":{\"@id\":\"https:\\\/\\\/pushclimbing.vn\\\/product\\\/chalk-cartel-the-baller\\\/#breadcrumb\"},\"inLanguage\":\"vi\",\"potentialAction\":[{\"@type\":\"ReadAction\",\"target\":[\"https:\\\/\\\/pushclimbing.vn\\\/product\\\/chalk-cartel-the-baller\\\/\"]}]},{\"@type\":\"ImageObject\",\"inLanguage\":\"vi\",\"@id\":\"https:\\\/\\\/pushclimbing.vn\\\/product\\\/chalk-cartel-the-baller\\\/#primaryimage\",\"url\":\"https:\\\/\\\/pushclimbing.vn\\\/wp-content\\\/uploads\\\/2022\\\/10\\\/refill.png\",\"contentUrl\":\"https:\\\/\\\/pushclimbing.vn\\\/wp-content\\\/uploads\\\/2022\\\/10\\\/refill.png\",\"width\":330,\"height\":316},{\"@type\":\"BreadcrumbList\",\"@id\":\"https:\\\/\\\/pushclimbing.vn\\\/product\\\/chalk-cartel-the-baller\\\/#breadcrumb\",\"itemListElement\":[{\"@type\":\"ListItem\",\"position\":1,\"name\":\"Home\",\"item\":\"https:\\\/\\\/pushclimbing.vn\\\/\"},{\"@type\":\"ListItem\",\"position\":2,\"name\":\"Shop\",\"item\":\"https:\\\/\\\/pushclimbing.vn\\\/shop\\\/\"},{\"@type\":\"ListItem\",\"position\":3,\"name\":\"Mad Rock Chalk Carter &#8211; The Baller (Refillable)\"}]},{\"@type\":\"WebSite\",\"@id\":\"https:\\\/\\\/pushclimbing.vn\\\/#website\",\"url\":\"https:\\\/\\\/pushclimbing.vn\\\/\",\"name\":\"Push Climbing\",\"description\":\"Conquer Your Mountain\",\"publisher\":{\"@id\":\"https:\\\/\\\/pushclimbing.vn\\\/#organization\"},\"potentialAction\":[{\"@type\":\"SearchAction\",\"target\":{\"@type\":\"EntryPoint\",\"urlTemplate\":\"https:\\\/\\\/pushclimbing.vn\\\/?s={search_term_string}\"},\"query-input\":{\"@type\":\"PropertyValueSpecification\",\"valueRequired\":true,\"valueName\":\"search_term_string\"}}],\"inLanguage\":\"vi\"},{\"@type\":\"Organization\",\"@id\":\"https:\\\/\\\/pushclimbing.vn\\\/#organization\",\"name\":\"Push Climbing\",\"url\":\"https:\\\/\\\/pushclimbing.vn\\\/\",\"logo\":{\"@type\":\"ImageObject\",\"inLanguage\":\"vi\",\"@id\":\"https:\\\/\\\/pushclimbing.vn\\\/#\\\/schema\\\/logo\\\/image\\\/\",\"url\":\"https:\\\/\\\/pushclimbing.vn\\\/wp-content\\\/uploads\\\/2022\\\/07\\\/push-logo-canvas.png\",\"contentUrl\":\"https:\\\/\\\/pushclimbing.vn\\\/wp-content\\\/uploads\\\/2022\\\/07\\\/push-logo-canvas.png\",\"width\":400,\"height\":400,\"caption\":\"Push Climbing\"},\"image\":{\"@id\":\"https:\\\/\\\/pushclimbing.vn\\\/#\\\/schema\\\/logo\\\/image\\\/\"},\"sameAs\":[\"https:\\\/\\\/www.facebook.com\\\/pushrockclimbing\"]}]}<\/script>\n<!-- \/ Yoast SEO plugin. -->","yoast_head_json":{"title":"Mad Rock Chalk Carter - The Baller (Refillable) - Push Climbing","robots":{"index":"index","follow":"follow","max-snippet":"max-snippet:-1","max-image-preview":"max-image-preview:large","max-video-preview":"max-video-preview:-1"},"canonical":"https:\/\/pushclimbing.vn\/vi\/san-pham\/chalk-cartel-the-baller\/","og_locale":"vi_VN","og_type":"article","og_title":"Mad Rock Chalk Carter - The Baller (Refillable) - Push Climbing","og_description":"\"The Baller\" 62.4g of pure \"meat grind\" - our powered grind made from the same high-quality chalk found in our other products. Comes in a reusable chalk sock with our logo printed on it. Guaranteed to help you climb higher. The Baller chalk ball comes packaged in a kraft paper bag with a plant-based liner and is 100% compostable.  &nbsp;","og_url":"https:\/\/pushclimbing.vn\/vi\/san-pham\/chalk-cartel-the-baller\/","og_site_name":"Push Climbing","article_publisher":"https:\/\/www.facebook.com\/pushrockclimbing","article_modified_time":"2025-03-20T04:03:09+00:00","og_image":[{"width":330,"height":316,"url":"https:\/\/pushclimbing.vn\/wp-content\/uploads\/2022\/10\/refill.png","type":"image\/png"}],"twitter_card":"summary_large_image","twitter_misc":{"\u01af\u1edbc t\u00ednh th\u1eddi gian \u0111\u1ecdc":"1 ph\u00fat"},"schema":{"@context":"https:\/\/schema.org","@graph":[{"@type":"WebPage","@id":"https:\/\/pushclimbing.vn\/product\/chalk-cartel-the-baller\/","url":"https:\/\/pushclimbing.vn\/product\/chalk-cartel-the-baller\/","name":"Mad Rock Chalk Carter - The Baller (Refillable) - Push Climbing","isPartOf":{"@id":"https:\/\/pushclimbing.vn\/#website"},"primaryImageOfPage":{"@id":"https:\/\/pushclimbing.vn\/product\/chalk-cartel-the-baller\/#primaryimage"},"image":{"@id":"https:\/\/pushclimbing.vn\/product\/chalk-cartel-the-baller\/#primaryimage"},"thumbnailUrl":"https:\/\/pushclimbing.vn\/wp-content\/uploads\/2022\/10\/refill.png","datePublished":"2022-10-15T08:05:30+00:00","dateModified":"2025-03-20T04:03:09+00:00","breadcrumb":{"@id":"https:\/\/pushclimbing.vn\/product\/chalk-cartel-the-baller\/#breadcrumb"},"inLanguage":"vi","potentialAction":[{"@type":"ReadAction","target":["https:\/\/pushclimbing.vn\/product\/chalk-cartel-the-baller\/"]}]},{"@type":"ImageObject","inLanguage":"vi","@id":"https:\/\/pushclimbing.vn\/product\/chalk-cartel-the-baller\/#primaryimage","url":"https:\/\/pushclimbing.vn\/wp-content\/uploads\/2022\/10\/refill.png","contentUrl":"https:\/\/pushclimbing.vn\/wp-content\/uploads\/2022\/10\/refill.png","width":330,"height":316},{"@type":"BreadcrumbList","@id":"https:\/\/pushclimbing.vn\/product\/chalk-cartel-the-baller\/#breadcrumb","itemListElement":[{"@type":"ListItem","position":1,"name":"Home","item":"https:\/\/pushclimbing.vn\/"},{"@type":"ListItem","position":2,"name":"Shop","item":"https:\/\/pushclimbing.vn\/shop\/"},{"@type":"ListItem","position":3,"name":"Mad Rock Chalk Carter &#8211; The Baller (Refillable)"}]},{"@type":"WebSite","@id":"https:\/\/pushclimbing.vn\/#website","url":"https:\/\/pushclimbing.vn\/","name":"Push Climbing","description":"Conquer Your Mountain","publisher":{"@id":"https:\/\/pushclimbing.vn\/#organization"},"potentialAction":[{"@type":"SearchAction","target":{"@type":"EntryPoint","urlTemplate":"https:\/\/pushclimbing.vn\/?s={search_term_string}"},"query-input":{"@type":"PropertyValueSpecification","valueRequired":true,"valueName":"search_term_string"}}],"inLanguage":"vi"},{"@type":"Organization","@id":"https:\/\/pushclimbing.vn\/#organization","name":"Push Climbing","url":"https:\/\/pushclimbing.vn\/","logo":{"@type":"ImageObject","inLanguage":"vi","@id":"https:\/\/pushclimbing.vn\/#\/schema\/logo\/image\/","url":"https:\/\/pushclimbing.vn\/wp-content\/uploads\/2022\/07\/push-logo-canvas.png","contentUrl":"https:\/\/pushclimbing.vn\/wp-content\/uploads\/2022\/07\/push-logo-canvas.png","width":400,"height":400,"caption":"Push Climbing"},"image":{"@id":"https:\/\/pushclimbing.vn\/#\/schema\/logo\/image\/"},"sameAs":["https:\/\/www.facebook.com\/pushrockclimbing"]}]}},"_links":{"self":[{"href":"https:\/\/pushclimbing.vn\/vi\/wp-json\/wp\/v2\/product\/23159","targetHints":{"allow":["GET"]}}],"collection":[{"href":"https:\/\/pushclimbing.vn\/vi\/wp-json\/wp\/v2\/product"}],"about":[{"href":"https:\/\/pushclimbing.vn\/vi\/wp-json\/wp\/v2\/types\/product"}],"replies":[{"embeddable":true,"href":"https:\/\/pushclimbing.vn\/vi\/wp-json\/wp\/v2\/comments?post=23159"}],"wp:featuredmedia":[{"embeddable":true,"href":"https:\/\/pushclimbing.vn\/vi\/wp-json\/wp\/v2\/media\/23160"}],"wp:attachment":[{"href":"https:\/\/pushclimbing.vn\/vi\/wp-json\/wp\/v2\/media?parent=23159"}],"wp:term":[{"taxonomy":"product_brand","embeddable":true,"href":"https:\/\/pushclimbing.vn\/vi\/wp-json\/wp\/v2\/product_brand?post=23159"},{"taxonomy":"product_cat","embeddable":true,"href":"https:\/\/pushclimbing.vn\/vi\/wp-json\/wp\/v2\/product_cat?post=23159"},{"taxonomy":"product_tag","embeddable":true,"href":"https:\/\/pushclimbing.vn\/vi\/wp-json\/wp\/v2\/product_tag?post=23159"}],"curies":[{"name":"wp","href":"https:\/\/api.w.org\/{rel}","templated":true}]}}