{"id":23157,"date":"2022-10-15T15:04:41","date_gmt":"2022-10-15T08:04:41","guid":{"rendered":"https:\/\/pushclimbing.vn\/?post_type=product&#038;p=23157"},"modified":"2025-03-20T11:03:33","modified_gmt":"2025-03-20T04:03:33","slug":"addiction-chalk-loose-chalklate","status":"publish","type":"product","link":"https:\/\/pushclimbing.vn\/vi\/san-pham\/addiction-chalk-loose-chalklate\/","title":{"rendered":"Ph\u1ea5n Addiction Loose"},"content":{"rendered":"","protected":false},"excerpt":{"rendered":"<p><strong>B\u1ed9t ph\u1ea5n Mad Rock\u2019s Addiction Chalk \u2013 B\u1ed9t ph\u1ea5n \u0111\u01b0\u1ee3c gia c\u00f4ng th\u1eadt m\u1ecbn nh\u1eb1m gia t\u0103ng \u0111\u00e1ng k\u1ec3 \u0111\u1ed9 ma s\u00e1t. S\u1ef1 k\u1ebft h\u1ee3p gi\u1eefa kh\u1ea3 n\u0103ng h\u00fat \u1ea9m hi\u1ec7u qu\u1ea3 v\u00e0 c\u1ea5u tr\u00fac h\u1ea1t nh\u1ecf gi\u00fap n\u00f3 tr\u1edf th\u00e0nh m\u1ed9t ph\u1ea7n thi\u1ebft y\u1ebfu tr\u00ean tay c\u1ee7a b\u1ea1n m\u1ed7i khi leo n\u00fai v\u00e0 m\u1ed9t trang b\u1ecb \u0111\u1eafc l\u1ef1c c\u1ee7a b\u1ea1n. H\u00e3y t\u1eadn h\u01b0\u1edfng s\u1ef1 \u201cnghi\u1ec7n\u201d c\u1ee7a n\u00f3!<\/strong><\/p>\n<p>Tr\u1ecdng l\u01b0\u1ee3ng (nh\u1ecf): 3.25 ounce\/92g<br \/>\nTr\u1ecdng l\u01b0\u1ee3ng (v\u1eeba): 8.4 ounce\/238g<\/p>","protected":false},"featured_media":25682,"comment_status":"open","ping_status":"closed","template":"","meta":{"_acf_changed":false},"product_brand":[1012],"product_cat":[1027,1023],"product_tag":[454,60,525,22,625],"class_list":{"0":"post-23157","1":"product","2":"type-product","3":"status-publish","4":"has-post-thumbnail","6":"product_brand-headrush","7":"product_cat-chalk","8":"product_cat-climbing","9":"product_tag-chalk","10":"product_tag-climbing-chalk","11":"product_tag-loose-chalk","12":"product_tag-mad-rock","13":"product_tag-phan","15":"first","16":"onbackorder","17":"taxable","18":"shipping-taxable","19":"product-type-variable"},"acf":[],"yoast_head":"<!-- This site is optimized with the Yoast SEO plugin v27.3 - https:\/\/yoast.com\/product\/yoast-seo-wordpress\/ -->\n<title>Addiction Chalk Loose - Push Climbing<\/title>\n<meta name=\"robots\" content=\"index, follow, max-snippet:-1, max-image-preview:large, max-video-preview:-1\" \/>\n<link rel=\"canonical\" href=\"https:\/\/pushclimbing.vn\/vi\/san-pham\/addiction-chalk-loose-chalklate\/\" \/>\n<meta property=\"og:locale\" content=\"vi_VN\" \/>\n<meta property=\"og:type\" content=\"article\" \/>\n<meta property=\"og:title\" content=\"Addiction Chalk Loose - Push Climbing\" \/>\n<meta property=\"og:description\" content=\"Mad Rock&#039;s Addiction Chalk - Finely cut loose chalk greatly improves friction. The combination of active moisture absorbency and fine grain texture makes it an essential part of your climbing arsenal. Feed your addiction!  Weight (small): 3.25 oz\/92g Weight (medium): 8.4 oz\/238g\" \/>\n<meta property=\"og:url\" content=\"https:\/\/pushclimbing.vn\/vi\/san-pham\/addiction-chalk-loose-chalklate\/\" \/>\n<meta property=\"og:site_name\" content=\"Push Climbing\" \/>\n<meta property=\"article:publisher\" content=\"https:\/\/www.facebook.com\/pushrockclimbing\" \/>\n<meta property=\"article:modified_time\" content=\"2025-03-20T04:03:33+00:00\" \/>\n<meta property=\"og:image\" content=\"https:\/\/pushclimbing.vn\/wp-content\/uploads\/2022\/10\/Cl1.jpg\" \/>\n\t<meta property=\"og:image:width\" content=\"540\" \/>\n\t<meta property=\"og:image:height\" content=\"540\" \/>\n\t<meta property=\"og:image:type\" content=\"image\/jpeg\" \/>\n<meta name=\"twitter:card\" content=\"summary_large_image\" \/>\n<script type=\"application\/ld+json\" class=\"yoast-schema-graph\">{\"@context\":\"https:\\\/\\\/schema.org\",\"@graph\":[{\"@type\":\"WebPage\",\"@id\":\"https:\\\/\\\/pushclimbing.vn\\\/product\\\/addiction-chalk-loose-chalklate\\\/\",\"url\":\"https:\\\/\\\/pushclimbing.vn\\\/product\\\/addiction-chalk-loose-chalklate\\\/\",\"name\":\"Addiction Chalk Loose - Push Climbing\",\"isPartOf\":{\"@id\":\"https:\\\/\\\/pushclimbing.vn\\\/#website\"},\"primaryImageOfPage\":{\"@id\":\"https:\\\/\\\/pushclimbing.vn\\\/product\\\/addiction-chalk-loose-chalklate\\\/#primaryimage\"},\"image\":{\"@id\":\"https:\\\/\\\/pushclimbing.vn\\\/product\\\/addiction-chalk-loose-chalklate\\\/#primaryimage\"},\"thumbnailUrl\":\"https:\\\/\\\/pushclimbing.vn\\\/wp-content\\\/uploads\\\/2022\\\/10\\\/Cl1.jpg\",\"datePublished\":\"2022-10-15T08:04:41+00:00\",\"dateModified\":\"2025-03-20T04:03:33+00:00\",\"breadcrumb\":{\"@id\":\"https:\\\/\\\/pushclimbing.vn\\\/product\\\/addiction-chalk-loose-chalklate\\\/#breadcrumb\"},\"inLanguage\":\"vi\",\"potentialAction\":[{\"@type\":\"ReadAction\",\"target\":[\"https:\\\/\\\/pushclimbing.vn\\\/product\\\/addiction-chalk-loose-chalklate\\\/\"]}]},{\"@type\":\"ImageObject\",\"inLanguage\":\"vi\",\"@id\":\"https:\\\/\\\/pushclimbing.vn\\\/product\\\/addiction-chalk-loose-chalklate\\\/#primaryimage\",\"url\":\"https:\\\/\\\/pushclimbing.vn\\\/wp-content\\\/uploads\\\/2022\\\/10\\\/Cl1.jpg\",\"contentUrl\":\"https:\\\/\\\/pushclimbing.vn\\\/wp-content\\\/uploads\\\/2022\\\/10\\\/Cl1.jpg\",\"width\":540,\"height\":540},{\"@type\":\"BreadcrumbList\",\"@id\":\"https:\\\/\\\/pushclimbing.vn\\\/product\\\/addiction-chalk-loose-chalklate\\\/#breadcrumb\",\"itemListElement\":[{\"@type\":\"ListItem\",\"position\":1,\"name\":\"Home\",\"item\":\"https:\\\/\\\/pushclimbing.vn\\\/\"},{\"@type\":\"ListItem\",\"position\":2,\"name\":\"Shop\",\"item\":\"https:\\\/\\\/pushclimbing.vn\\\/shop\\\/\"},{\"@type\":\"ListItem\",\"position\":3,\"name\":\"Addiction Chalk Loose\"}]},{\"@type\":\"WebSite\",\"@id\":\"https:\\\/\\\/pushclimbing.vn\\\/#website\",\"url\":\"https:\\\/\\\/pushclimbing.vn\\\/\",\"name\":\"Push Climbing\",\"description\":\"Conquer Your Mountain\",\"publisher\":{\"@id\":\"https:\\\/\\\/pushclimbing.vn\\\/#organization\"},\"potentialAction\":[{\"@type\":\"SearchAction\",\"target\":{\"@type\":\"EntryPoint\",\"urlTemplate\":\"https:\\\/\\\/pushclimbing.vn\\\/?s={search_term_string}\"},\"query-input\":{\"@type\":\"PropertyValueSpecification\",\"valueRequired\":true,\"valueName\":\"search_term_string\"}}],\"inLanguage\":\"vi\"},{\"@type\":\"Organization\",\"@id\":\"https:\\\/\\\/pushclimbing.vn\\\/#organization\",\"name\":\"Push Climbing\",\"url\":\"https:\\\/\\\/pushclimbing.vn\\\/\",\"logo\":{\"@type\":\"ImageObject\",\"inLanguage\":\"vi\",\"@id\":\"https:\\\/\\\/pushclimbing.vn\\\/#\\\/schema\\\/logo\\\/image\\\/\",\"url\":\"https:\\\/\\\/pushclimbing.vn\\\/wp-content\\\/uploads\\\/2022\\\/07\\\/push-logo-canvas.png\",\"contentUrl\":\"https:\\\/\\\/pushclimbing.vn\\\/wp-content\\\/uploads\\\/2022\\\/07\\\/push-logo-canvas.png\",\"width\":400,\"height\":400,\"caption\":\"Push Climbing\"},\"image\":{\"@id\":\"https:\\\/\\\/pushclimbing.vn\\\/#\\\/schema\\\/logo\\\/image\\\/\"},\"sameAs\":[\"https:\\\/\\\/www.facebook.com\\\/pushrockclimbing\"]}]}<\/script>\n<!-- \/ Yoast SEO plugin. -->","yoast_head_json":{"title":"Addiction Chalk Loose - Push Climbing","robots":{"index":"index","follow":"follow","max-snippet":"max-snippet:-1","max-image-preview":"max-image-preview:large","max-video-preview":"max-video-preview:-1"},"canonical":"https:\/\/pushclimbing.vn\/vi\/san-pham\/addiction-chalk-loose-chalklate\/","og_locale":"vi_VN","og_type":"article","og_title":"Addiction Chalk Loose - Push Climbing","og_description":"Mad Rock's Addiction Chalk - Finely cut loose chalk greatly improves friction. The combination of active moisture absorbency and fine grain texture makes it an essential part of your climbing arsenal. Feed your addiction!  Weight (small): 3.25 oz\/92g Weight (medium): 8.4 oz\/238g","og_url":"https:\/\/pushclimbing.vn\/vi\/san-pham\/addiction-chalk-loose-chalklate\/","og_site_name":"Push Climbing","article_publisher":"https:\/\/www.facebook.com\/pushrockclimbing","article_modified_time":"2025-03-20T04:03:33+00:00","og_image":[{"width":540,"height":540,"url":"https:\/\/pushclimbing.vn\/wp-content\/uploads\/2022\/10\/Cl1.jpg","type":"image\/jpeg"}],"twitter_card":"summary_large_image","schema":{"@context":"https:\/\/schema.org","@graph":[{"@type":"WebPage","@id":"https:\/\/pushclimbing.vn\/product\/addiction-chalk-loose-chalklate\/","url":"https:\/\/pushclimbing.vn\/product\/addiction-chalk-loose-chalklate\/","name":"Addiction Chalk Loose - Push Climbing","isPartOf":{"@id":"https:\/\/pushclimbing.vn\/#website"},"primaryImageOfPage":{"@id":"https:\/\/pushclimbing.vn\/product\/addiction-chalk-loose-chalklate\/#primaryimage"},"image":{"@id":"https:\/\/pushclimbing.vn\/product\/addiction-chalk-loose-chalklate\/#primaryimage"},"thumbnailUrl":"https:\/\/pushclimbing.vn\/wp-content\/uploads\/2022\/10\/Cl1.jpg","datePublished":"2022-10-15T08:04:41+00:00","dateModified":"2025-03-20T04:03:33+00:00","breadcrumb":{"@id":"https:\/\/pushclimbing.vn\/product\/addiction-chalk-loose-chalklate\/#breadcrumb"},"inLanguage":"vi","potentialAction":[{"@type":"ReadAction","target":["https:\/\/pushclimbing.vn\/product\/addiction-chalk-loose-chalklate\/"]}]},{"@type":"ImageObject","inLanguage":"vi","@id":"https:\/\/pushclimbing.vn\/product\/addiction-chalk-loose-chalklate\/#primaryimage","url":"https:\/\/pushclimbing.vn\/wp-content\/uploads\/2022\/10\/Cl1.jpg","contentUrl":"https:\/\/pushclimbing.vn\/wp-content\/uploads\/2022\/10\/Cl1.jpg","width":540,"height":540},{"@type":"BreadcrumbList","@id":"https:\/\/pushclimbing.vn\/product\/addiction-chalk-loose-chalklate\/#breadcrumb","itemListElement":[{"@type":"ListItem","position":1,"name":"Home","item":"https:\/\/pushclimbing.vn\/"},{"@type":"ListItem","position":2,"name":"Shop","item":"https:\/\/pushclimbing.vn\/shop\/"},{"@type":"ListItem","position":3,"name":"Addiction Chalk Loose"}]},{"@type":"WebSite","@id":"https:\/\/pushclimbing.vn\/#website","url":"https:\/\/pushclimbing.vn\/","name":"Push Climbing","description":"Conquer Your Mountain","publisher":{"@id":"https:\/\/pushclimbing.vn\/#organization"},"potentialAction":[{"@type":"SearchAction","target":{"@type":"EntryPoint","urlTemplate":"https:\/\/pushclimbing.vn\/?s={search_term_string}"},"query-input":{"@type":"PropertyValueSpecification","valueRequired":true,"valueName":"search_term_string"}}],"inLanguage":"vi"},{"@type":"Organization","@id":"https:\/\/pushclimbing.vn\/#organization","name":"Push Climbing","url":"https:\/\/pushclimbing.vn\/","logo":{"@type":"ImageObject","inLanguage":"vi","@id":"https:\/\/pushclimbing.vn\/#\/schema\/logo\/image\/","url":"https:\/\/pushclimbing.vn\/wp-content\/uploads\/2022\/07\/push-logo-canvas.png","contentUrl":"https:\/\/pushclimbing.vn\/wp-content\/uploads\/2022\/07\/push-logo-canvas.png","width":400,"height":400,"caption":"Push Climbing"},"image":{"@id":"https:\/\/pushclimbing.vn\/#\/schema\/logo\/image\/"},"sameAs":["https:\/\/www.facebook.com\/pushrockclimbing"]}]}},"_links":{"self":[{"href":"https:\/\/pushclimbing.vn\/vi\/wp-json\/wp\/v2\/product\/23157","targetHints":{"allow":["GET"]}}],"collection":[{"href":"https:\/\/pushclimbing.vn\/vi\/wp-json\/wp\/v2\/product"}],"about":[{"href":"https:\/\/pushclimbing.vn\/vi\/wp-json\/wp\/v2\/types\/product"}],"replies":[{"embeddable":true,"href":"https:\/\/pushclimbing.vn\/vi\/wp-json\/wp\/v2\/comments?post=23157"}],"wp:featuredmedia":[{"embeddable":true,"href":"https:\/\/pushclimbing.vn\/vi\/wp-json\/wp\/v2\/media\/25682"}],"wp:attachment":[{"href":"https:\/\/pushclimbing.vn\/vi\/wp-json\/wp\/v2\/media?parent=23157"}],"wp:term":[{"taxonomy":"product_brand","embeddable":true,"href":"https:\/\/pushclimbing.vn\/vi\/wp-json\/wp\/v2\/product_brand?post=23157"},{"taxonomy":"product_cat","embeddable":true,"href":"https:\/\/pushclimbing.vn\/vi\/wp-json\/wp\/v2\/product_cat?post=23157"},{"taxonomy":"product_tag","embeddable":true,"href":"https:\/\/pushclimbing.vn\/vi\/wp-json\/wp\/v2\/product_tag?post=23157"}],"curies":[{"name":"wp","href":"https:\/\/api.w.org\/{rel}","templated":true}]}}